{"id":1369767,"date":"2025-06-12T05:35:25","date_gmt":"2025-06-12T03:35:25","guid":{"rendered":"https:\/\/www.vetorino.com\/boutique\/product\/advance-veterinary-diets-chien-weight-balance-medium-maxi\/"},"modified":"2025-11-03T11:59:04","modified_gmt":"2025-11-03T10:59:04","slug":"advance-veterinary-diets-chien-weight-balance-medium-maxi","status":"publish","type":"product","link":"https:\/\/www.vetorino.com\/veterinaire\/prunelli-di-fiumorbo-20243\/boutique\/product\/advance-veterinary-diets-chien-weight-balance-medium-maxi\/","title":{"rendered":"Chien Weight Balance Medium Maxi Poulet"},"content":{"rendered":"<p>ADVANCE VETERINARY DIETS Weight Balance Medium\/Maxi est un <strong>aliment di\u00e9t\u00e9tique complet pour chiens adultes de moyenne\/grande taille. <\/strong><\/p>\n<p>Formul\u00e9 pour <strong>r\u00e9duire l&#8217;exc\u00e8s de poids et r\u00e9guler le m\u00e9tabolisme<\/strong> des lipides en cas d&#8217;hyperlipid\u00e9mie, par un faible apport \u00e9nerg\u00e9tique, une faible teneur en mati\u00e8res grasses et une teneur \u00e9lev\u00e9e en acides gras essentiels.<\/p>\n<p>Sa formule vise \u00e9galement \u00e0 modifier le microbiote du chien, afin de l&#8217;enrichir et de le rendre similaire \u00e0 celui des chiens pr\u00e9sentant un poids id\u00e9al.<\/p>\n<p><strong>Utilisation :<\/strong><\/p>\n<p>\u2022 Surpoids et ob\u00e9sit\u00e9<br \/>\n\u2022 Diab\u00e8te sucr\u00e9 chez les chiens en surpoids<br \/>\n\u2022 Hyperlipid\u00e9mie chez les chiens en surpoids<br \/>\n\u2022 Colite sensible aux fibres<br \/>\n\u2022 Constipation<br \/>\n\u2022 Hypothyro\u00efdie<\/p>\n<p>Les r\u00e9sultats de la gamme ADVANCE VETERINARY DIETS Weight Balance Medium\/Maxi sont cliniquement prouv\u00e9s : <strong>94 % des chiens perdent du poids en 2 mois*.<\/strong><\/p>\n<p>Il s\u2019agit de croquettes sp\u00e9cifiquement adapt\u00e9es \u00e0 la taille et aux besoins de votre chien de moyenne ou grande taille (+ 10 kg).<\/p>\n<p><strong>Il est recommand\u00e9 de consulter un v\u00e9t\u00e9rinaire avant l&#8217;introduction d&#8217;un r\u00e9gime alimentaire v\u00e9t\u00e9rinaire.<\/strong><\/p>\n<p><em>*\u00c9tude clinique r\u00e9alis\u00e9e \u00e0 domicile chez des chiens de moyenne et grande taille. Donn\u00e9es internes.<\/em><\/p>\n","protected":false},"excerpt":{"rendered":"<p>ADVANCE VETERINARY DIETS Weight Balance Medium\/Maxi est un <strong>aliment di\u00e9t\u00e9tique complet pour chiens adultes de moyenne\/grande taille. <\/strong><\/p>\n<p>Formul\u00e9 pour <strong>r\u00e9duire l&#8217;exc\u00e8s de poids et r\u00e9guler le m\u00e9tabolisme<\/strong> des lipides en cas d&#8217;hyperlipid\u00e9mie, par un faible apport \u00e9nerg\u00e9tique, une faible teneur en mati\u00e8res grasses et une teneur \u00e9lev\u00e9e en acides gras essentiels.<\/p>\n<p>Sa formule vise \u00e9galement \u00e0 modifier le microbiote du chien, afin de l&#8217;enrichir et de le rendre similaire \u00e0 celui des chiens pr\u00e9sentant<strong> un<\/strong> <strong>poids id\u00e9al<\/strong>.<\/p>\n","protected":false},"featured_media":1312597,"template":"","meta":[],"product_cat":[12552,12582,2698],"product_tag":[],"class_list":{"0":"post-1369767","1":"product","2":"type-product","3":"status-publish","4":"has-post-thumbnail","6":"product_cat-alimentation-du-chien","7":"product_cat-alimentation-medicalisee-pour-chien","8":"product_cat-chien","9":"pa_marque-advance","11":"first","12":"instock","13":"taxable","14":"shipping-taxable","15":"purchasable","16":"product-type-variable"},"yoast_head":"<!-- This site is optimized with the Yoast SEO plugin v27.3 - https:\/\/yoast.com\/product\/yoast-seo-wordpress\/ -->\n<title>Veterinary Diets (Advance) Chien Weight Balance Medium Maxi Poulet Advance - V\u00e9torino<\/title>\n<meta name=\"description\" content=\"ADVANCE VETERINARY DIETS Weight Balance Medium\/Maxi est un aliment di\u00e9t\u00e9tique complet pour chiens adultes de moyenne\/grande taille.   Formul\u00e9 pour r\u00e9duire l&#039;exc\u00e8s de poids et r\u00e9guler le m\u00e9tabolisme des lipides en cas d&#039;hyperlipid\u00e9mie, par un faible apport \u00e9nerg\u00e9tique, une faible teneur en mati\u00e8res grasses et une teneur \u00e9lev\u00e9e en acides gras essentiels.  Sa formule vise \u00e9galement \u00e0 modifier le microbiote du chien, afin de l&#039;enrichir et de le rendre similaire \u00e0 celui des chiens pr\u00e9sentant un poids id\u00e9al.\" \/>\n<meta name=\"robots\" content=\"noindex, nofollow\" \/>\n<meta property=\"og:locale\" content=\"fr_FR\" \/>\n<meta property=\"og:type\" content=\"article\" \/>\n<meta property=\"og:title\" content=\"Veterinary Diets (Advance) Chien Weight Balance Medium Maxi Poulet Advance - V\u00e9torino\" \/>\n<meta property=\"og:description\" content=\"ADVANCE VETERINARY DIETS Weight Balance Medium\/Maxi est un aliment di\u00e9t\u00e9tique complet pour chiens adultes de moyenne\/grande taille.   Formul\u00e9 pour r\u00e9duire l&#039;exc\u00e8s de poids et r\u00e9guler le m\u00e9tabolisme des lipides en cas d&#039;hyperlipid\u00e9mie, par un faible apport \u00e9nerg\u00e9tique, une faible teneur en mati\u00e8res grasses et une teneur \u00e9lev\u00e9e en acides gras essentiels.  Sa formule vise \u00e9galement \u00e0 modifier le microbiote du chien, afin de l&#039;enrichir et de le rendre similaire \u00e0 celui des chiens pr\u00e9sentant un poids id\u00e9al.\" \/>\n<meta property=\"og:url\" content=\"https:\/\/www.vetorino.com\/veterinaire\/prunelli-di-fiumorbo-20243\/boutique\/product\/advance-veterinary-diets-chien-weight-balance-medium-maxi\/\" \/>\n<meta property=\"og:site_name\" content=\"V\u00e9torino\" \/>\n<meta property=\"article:publisher\" content=\"https:\/\/www.facebook.com\/Vetorino\/\" \/>\n<meta property=\"article:modified_time\" content=\"2025-11-03T10:59:04+00:00\" \/>\n<meta property=\"og:image\" content=\"https:\/\/www.vetorino.com\/boutique\/wp-content\/uploads\/2025\/05\/chien-weight-balance-advance-scaled.jpg\" \/>\n\t<meta property=\"og:image:width\" content=\"2417\" \/>\n\t<meta property=\"og:image:height\" content=\"2560\" \/>\n\t<meta property=\"og:image:type\" content=\"image\/jpeg\" \/>\n<meta name=\"twitter:card\" content=\"summary_large_image\" \/>\n<meta name=\"twitter:label1\" content=\"Disponibilit\u00e9\" \/>\n\t<meta name=\"twitter:data1\" content=\"En stock\" \/>\n<script type=\"application\/ld+json\" class=\"yoast-schema-graph\">{\"@context\":\"https:\\\/\\\/schema.org\",\"@graph\":[{\"@type\":\"WebPage\",\"@id\":\"https:\\\/\\\/www.vetorino.com\\\/veterinaire\\\/briancon-05100\\\/boutique\\\/product\\\/advance-veterinary-diets-chien-weight-balance-medium-maxi\\\/\",\"url\":\"https:\\\/\\\/www.vetorino.com\\\/veterinaire\\\/briancon-05100\\\/boutique\\\/product\\\/advance-veterinary-diets-chien-weight-balance-medium-maxi\\\/\",\"name\":\"Veterinary Diets (Advance) Chien Weight Balance Medium Maxi Poulet Advance - V\u00e9torino\",\"isPartOf\":{\"@id\":\"https:\\\/\\\/www.vetorino.com\\\/boutique\\\/#website\"},\"primaryImageOfPage\":{\"@id\":\"https:\\\/\\\/www.vetorino.com\\\/veterinaire\\\/briancon-05100\\\/boutique\\\/product\\\/advance-veterinary-diets-chien-weight-balance-medium-maxi\\\/#primaryimage\"},\"image\":{\"@id\":\"https:\\\/\\\/www.vetorino.com\\\/veterinaire\\\/briancon-05100\\\/boutique\\\/product\\\/advance-veterinary-diets-chien-weight-balance-medium-maxi\\\/#primaryimage\"},\"thumbnailUrl\":\"https:\\\/\\\/www.vetorino.com\\\/boutique\\\/wp-content\\\/uploads\\\/2025\\\/05\\\/chien-weight-balance-advance-scaled.jpg\",\"datePublished\":\"2025-06-12T03:35:25+00:00\",\"dateModified\":\"2025-11-03T10:59:04+00:00\",\"description\":\"ADVANCE VETERINARY DIETS Weight Balance Medium\\\/Maxi est un aliment di\u00e9t\u00e9tique complet pour chiens adultes de moyenne\\\/grande taille. Formul\u00e9 pour r\u00e9duire l'exc\u00e8s de poids et r\u00e9guler le m\u00e9tabolisme des lipides en cas d'hyperlipid\u00e9mie, par un faible apport \u00e9nerg\u00e9tique, une faible teneur en mati\u00e8res grasses et une teneur \u00e9lev\u00e9e en acides gras essentiels. Sa formule vise \u00e9galement \u00e0 modifier le microbiote du chien, afin de l'enrichir et de le rendre similaire \u00e0 celui des chiens pr\u00e9sentant un poids id\u00e9al.\",\"breadcrumb\":{\"@id\":\"https:\\\/\\\/www.vetorino.com\\\/veterinaire\\\/briancon-05100\\\/boutique\\\/product\\\/advance-veterinary-diets-chien-weight-balance-medium-maxi\\\/#breadcrumb\"},\"inLanguage\":\"fr-FR\",\"potentialAction\":[{\"@type\":\"ReadAction\",\"target\":[\"https:\\\/\\\/www.vetorino.com\\\/veterinaire\\\/briancon-05100\\\/boutique\\\/product\\\/advance-veterinary-diets-chien-weight-balance-medium-maxi\\\/\"]}]},{\"@type\":\"ImageObject\",\"inLanguage\":\"fr-FR\",\"@id\":\"https:\\\/\\\/www.vetorino.com\\\/veterinaire\\\/briancon-05100\\\/boutique\\\/product\\\/advance-veterinary-diets-chien-weight-balance-medium-maxi\\\/#primaryimage\",\"url\":\"https:\\\/\\\/www.vetorino.com\\\/boutique\\\/wp-content\\\/uploads\\\/2025\\\/05\\\/chien-weight-balance-advance-scaled.jpg\",\"contentUrl\":\"https:\\\/\\\/www.vetorino.com\\\/boutique\\\/wp-content\\\/uploads\\\/2025\\\/05\\\/chien-weight-balance-advance-scaled.jpg\",\"width\":2417,\"height\":2560},{\"@type\":\"BreadcrumbList\",\"@id\":\"https:\\\/\\\/www.vetorino.com\\\/veterinaire\\\/briancon-05100\\\/boutique\\\/product\\\/advance-veterinary-diets-chien-weight-balance-medium-maxi\\\/#breadcrumb\",\"itemListElement\":[{\"@type\":\"ListItem\",\"position\":1,\"name\":\"Accueil\",\"item\":\"https:\\\/\\\/www.vetorino.com\\\/boutique\\\/\"},{\"@type\":\"ListItem\",\"position\":2,\"name\":\"Produits\",\"item\":\"https:\\\/\\\/www.vetorino.com\\\/boutique\\\/\"},{\"@type\":\"ListItem\",\"position\":3,\"name\":\"Chien Weight Balance Medium Maxi Poulet\"}]},{\"@type\":\"WebSite\",\"@id\":\"https:\\\/\\\/www.vetorino.com\\\/boutique\\\/#website\",\"url\":\"https:\\\/\\\/www.vetorino.com\\\/boutique\\\/\",\"name\":\"V\u00e9torino\",\"description\":\"\",\"publisher\":{\"@id\":\"https:\\\/\\\/www.vetorino.com\\\/boutique\\\/#organization\"},\"potentialAction\":[{\"@type\":\"SearchAction\",\"target\":{\"@type\":\"EntryPoint\",\"urlTemplate\":\"https:\\\/\\\/www.vetorino.com\\\/boutique\\\/?s={search_term_string}\"},\"query-input\":{\"@type\":\"PropertyValueSpecification\",\"valueRequired\":true,\"valueName\":\"search_term_string\"}}],\"inLanguage\":\"fr-FR\"},{\"@type\":\"Organization\",\"@id\":\"https:\\\/\\\/www.vetorino.com\\\/boutique\\\/#organization\",\"name\":\"V\u00e9torino\",\"url\":\"https:\\\/\\\/www.vetorino.com\\\/boutique\\\/\",\"logo\":{\"@type\":\"ImageObject\",\"inLanguage\":\"fr-FR\",\"@id\":\"https:\\\/\\\/www.vetorino.com\\\/boutique\\\/#\\\/schema\\\/logo\\\/image\\\/\",\"url\":\"https:\\\/\\\/www.vetorino.com\\\/boutique\\\/wp-content\\\/uploads\\\/2024\\\/10\\\/logo.jpg\",\"contentUrl\":\"https:\\\/\\\/www.vetorino.com\\\/boutique\\\/wp-content\\\/uploads\\\/2024\\\/10\\\/logo.jpg\",\"width\":1200,\"height\":610,\"caption\":\"V\u00e9torino\"},\"image\":{\"@id\":\"https:\\\/\\\/www.vetorino.com\\\/boutique\\\/#\\\/schema\\\/logo\\\/image\\\/\"},\"sameAs\":[\"https:\\\/\\\/www.facebook.com\\\/Vetorino\\\/\",\"https:\\\/\\\/www.instagram.com\\\/vetorino_off\\\/\",\"https:\\\/\\\/www.linkedin.com\\\/company\\\/vtorino\\\/\"]}]}<\/script>\n<meta property=\"product:brand\" content=\"Advance\" \/>\n<meta property=\"og:availability\" content=\"instock\" \/>\n<meta property=\"product:availability\" content=\"instock\" \/>\n<meta property=\"product:condition\" content=\"new\" \/>\n<!-- \/ Yoast SEO plugin. -->","yoast_head_json":{"title":"Veterinary Diets (Advance) Chien Weight Balance Medium Maxi Poulet Advance - V\u00e9torino","description":"ADVANCE VETERINARY DIETS Weight Balance Medium\/Maxi est un aliment di\u00e9t\u00e9tique complet pour chiens adultes de moyenne\/grande taille.   Formul\u00e9 pour r\u00e9duire l'exc\u00e8s de poids et r\u00e9guler le m\u00e9tabolisme des lipides en cas d'hyperlipid\u00e9mie, par un faible apport \u00e9nerg\u00e9tique, une faible teneur en mati\u00e8res grasses et une teneur \u00e9lev\u00e9e en acides gras essentiels.  Sa formule vise \u00e9galement \u00e0 modifier le microbiote du chien, afin de l'enrichir et de le rendre similaire \u00e0 celui des chiens pr\u00e9sentant un poids id\u00e9al.","robots":{"index":"noindex","follow":"nofollow"},"og_locale":"fr_FR","og_type":"article","og_title":"Veterinary Diets (Advance) Chien Weight Balance Medium Maxi Poulet Advance - V\u00e9torino","og_description":"ADVANCE VETERINARY DIETS Weight Balance Medium\/Maxi est un aliment di\u00e9t\u00e9tique complet pour chiens adultes de moyenne\/grande taille.   Formul\u00e9 pour r\u00e9duire l'exc\u00e8s de poids et r\u00e9guler le m\u00e9tabolisme des lipides en cas d'hyperlipid\u00e9mie, par un faible apport \u00e9nerg\u00e9tique, une faible teneur en mati\u00e8res grasses et une teneur \u00e9lev\u00e9e en acides gras essentiels.  Sa formule vise \u00e9galement \u00e0 modifier le microbiote du chien, afin de l'enrichir et de le rendre similaire \u00e0 celui des chiens pr\u00e9sentant un poids id\u00e9al.","og_url":"https:\/\/www.vetorino.com\/veterinaire\/prunelli-di-fiumorbo-20243\/boutique\/product\/advance-veterinary-diets-chien-weight-balance-medium-maxi\/","og_site_name":"V\u00e9torino","article_publisher":"https:\/\/www.facebook.com\/Vetorino\/","article_modified_time":"2025-11-03T10:59:04+00:00","og_image":[{"width":2417,"height":2560,"url":"https:\/\/www.vetorino.com\/boutique\/wp-content\/uploads\/2025\/05\/chien-weight-balance-advance-scaled.jpg","type":"image\/jpeg"}],"twitter_card":"summary_large_image","twitter_misc":{"Disponibilit\u00e9":"En stock"},"schema":{"@context":"https:\/\/schema.org","@graph":[{"@type":"WebPage","@id":"https:\/\/www.vetorino.com\/veterinaire\/briancon-05100\/boutique\/product\/advance-veterinary-diets-chien-weight-balance-medium-maxi\/","url":"https:\/\/www.vetorino.com\/veterinaire\/briancon-05100\/boutique\/product\/advance-veterinary-diets-chien-weight-balance-medium-maxi\/","name":"Veterinary Diets (Advance) Chien Weight Balance Medium Maxi Poulet Advance - V\u00e9torino","isPartOf":{"@id":"https:\/\/www.vetorino.com\/boutique\/#website"},"primaryImageOfPage":{"@id":"https:\/\/www.vetorino.com\/veterinaire\/briancon-05100\/boutique\/product\/advance-veterinary-diets-chien-weight-balance-medium-maxi\/#primaryimage"},"image":{"@id":"https:\/\/www.vetorino.com\/veterinaire\/briancon-05100\/boutique\/product\/advance-veterinary-diets-chien-weight-balance-medium-maxi\/#primaryimage"},"thumbnailUrl":"https:\/\/www.vetorino.com\/boutique\/wp-content\/uploads\/2025\/05\/chien-weight-balance-advance-scaled.jpg","datePublished":"2025-06-12T03:35:25+00:00","dateModified":"2025-11-03T10:59:04+00:00","description":"ADVANCE VETERINARY DIETS Weight Balance Medium\/Maxi est un aliment di\u00e9t\u00e9tique complet pour chiens adultes de moyenne\/grande taille. Formul\u00e9 pour r\u00e9duire l'exc\u00e8s de poids et r\u00e9guler le m\u00e9tabolisme des lipides en cas d'hyperlipid\u00e9mie, par un faible apport \u00e9nerg\u00e9tique, une faible teneur en mati\u00e8res grasses et une teneur \u00e9lev\u00e9e en acides gras essentiels. Sa formule vise \u00e9galement \u00e0 modifier le microbiote du chien, afin de l'enrichir et de le rendre similaire \u00e0 celui des chiens pr\u00e9sentant un poids id\u00e9al.","breadcrumb":{"@id":"https:\/\/www.vetorino.com\/veterinaire\/briancon-05100\/boutique\/product\/advance-veterinary-diets-chien-weight-balance-medium-maxi\/#breadcrumb"},"inLanguage":"fr-FR","potentialAction":[{"@type":"ReadAction","target":["https:\/\/www.vetorino.com\/veterinaire\/briancon-05100\/boutique\/product\/advance-veterinary-diets-chien-weight-balance-medium-maxi\/"]}]},{"@type":"ImageObject","inLanguage":"fr-FR","@id":"https:\/\/www.vetorino.com\/veterinaire\/briancon-05100\/boutique\/product\/advance-veterinary-diets-chien-weight-balance-medium-maxi\/#primaryimage","url":"https:\/\/www.vetorino.com\/boutique\/wp-content\/uploads\/2025\/05\/chien-weight-balance-advance-scaled.jpg","contentUrl":"https:\/\/www.vetorino.com\/boutique\/wp-content\/uploads\/2025\/05\/chien-weight-balance-advance-scaled.jpg","width":2417,"height":2560},{"@type":"BreadcrumbList","@id":"https:\/\/www.vetorino.com\/veterinaire\/briancon-05100\/boutique\/product\/advance-veterinary-diets-chien-weight-balance-medium-maxi\/#breadcrumb","itemListElement":[{"@type":"ListItem","position":1,"name":"Accueil","item":"https:\/\/www.vetorino.com\/boutique\/"},{"@type":"ListItem","position":2,"name":"Produits","item":"https:\/\/www.vetorino.com\/boutique\/"},{"@type":"ListItem","position":3,"name":"Chien Weight Balance Medium Maxi Poulet"}]},{"@type":"WebSite","@id":"https:\/\/www.vetorino.com\/boutique\/#website","url":"https:\/\/www.vetorino.com\/boutique\/","name":"V\u00e9torino","description":"","publisher":{"@id":"https:\/\/www.vetorino.com\/boutique\/#organization"},"potentialAction":[{"@type":"SearchAction","target":{"@type":"EntryPoint","urlTemplate":"https:\/\/www.vetorino.com\/boutique\/?s={search_term_string}"},"query-input":{"@type":"PropertyValueSpecification","valueRequired":true,"valueName":"search_term_string"}}],"inLanguage":"fr-FR"},{"@type":"Organization","@id":"https:\/\/www.vetorino.com\/boutique\/#organization","name":"V\u00e9torino","url":"https:\/\/www.vetorino.com\/boutique\/","logo":{"@type":"ImageObject","inLanguage":"fr-FR","@id":"https:\/\/www.vetorino.com\/boutique\/#\/schema\/logo\/image\/","url":"https:\/\/www.vetorino.com\/boutique\/wp-content\/uploads\/2024\/10\/logo.jpg","contentUrl":"https:\/\/www.vetorino.com\/boutique\/wp-content\/uploads\/2024\/10\/logo.jpg","width":1200,"height":610,"caption":"V\u00e9torino"},"image":{"@id":"https:\/\/www.vetorino.com\/boutique\/#\/schema\/logo\/image\/"},"sameAs":["https:\/\/www.facebook.com\/Vetorino\/","https:\/\/www.instagram.com\/vetorino_off\/","https:\/\/www.linkedin.com\/company\/vtorino\/"]}]},"product_brand":"Advance","og_availability":"instock","product_availability":"instock","product_condition":"new"},"_links":{"self":[{"href":"https:\/\/www.vetorino.com\/veterinaire\/prunelli-di-fiumorbo-20243\/boutique\/wp-json\/wp\/v2\/product\/1369767","targetHints":{"allow":["GET"]}}],"collection":[{"href":"https:\/\/www.vetorino.com\/veterinaire\/prunelli-di-fiumorbo-20243\/boutique\/wp-json\/wp\/v2\/product"}],"about":[{"href":"https:\/\/www.vetorino.com\/veterinaire\/prunelli-di-fiumorbo-20243\/boutique\/wp-json\/wp\/v2\/types\/product"}],"wp:featuredmedia":[{"embeddable":true,"href":"https:\/\/www.vetorino.com\/veterinaire\/prunelli-di-fiumorbo-20243\/boutique\/wp-json\/wp\/v2\/media\/1312597"}],"wp:attachment":[{"href":"https:\/\/www.vetorino.com\/veterinaire\/prunelli-di-fiumorbo-20243\/boutique\/wp-json\/wp\/v2\/media?parent=1369767"}],"wp:term":[{"taxonomy":"product_cat","embeddable":true,"href":"https:\/\/www.vetorino.com\/veterinaire\/prunelli-di-fiumorbo-20243\/boutique\/wp-json\/wp\/v2\/product_cat?post=1369767"},{"taxonomy":"product_tag","embeddable":true,"href":"https:\/\/www.vetorino.com\/veterinaire\/prunelli-di-fiumorbo-20243\/boutique\/wp-json\/wp\/v2\/product_tag?post=1369767"}],"curies":[{"name":"wp","href":"https:\/\/api.w.org\/{rel}","templated":true}]}}