{"id":1369770,"date":"2025-06-12T05:35:26","date_gmt":"2025-06-12T03:35:26","guid":{"rendered":"https:\/\/www.vetorino.com\/boutique\/product\/advance-veterinary-diets-chien-articular-low-calorie\/"},"modified":"2025-09-30T14:26:00","modified_gmt":"2025-09-30T12:26:00","slug":"advance-veterinary-diets-chien-articular-low-calorie","status":"publish","type":"product","link":"https:\/\/www.vetorino.com\/veterinaire\/prunelli-di-fiumorbo-20243\/boutique\/product\/advance-veterinary-diets-chien-articular-low-calorie\/","title":{"rendered":"Chien Articular Low Calorie Poulet"},"content":{"rendered":"<p><strong>ADVANCE VETERINARY DIETS Articular Low Calorie<\/strong> est un aliment complet et \u00e9quilibr\u00e9, formul\u00e9 <strong>pour la r\u00e9cup\u00e9ration et le soutien nutritionnel<\/strong> pour prendre <strong>soin des articulations<\/strong> chez les chiens adultes pr\u00e9sentant une surcharge pond\u00e9rale.<\/p>\n<p>ADVANCE VETERINARY DIETS Articular Low Calorie offre des r\u00e9sultats visibles : sa formule unique faible en calories et \u00e0 base d&#8217;acide hyaluronique, de collag\u00e8ne hydrolys\u00e9, de chondro\u00eftine, de glucosamine et d&#8217;om\u00e9ga-3 <strong>aide \u00e0 perdre du poids et \u00e0 pr\u00e9server la sant\u00e9 et la mobilit\u00e9 des articulations<\/strong>.<\/p>\n<p>ADVANCE VETERINARY DIETS Articular Low Calorie contient des probiotiques, des pr\u00e9biotiques, des fibres et des immunoglobulines actives qui <strong>favorisent le d\u00e9veloppement d&#8217;un microbiote intestinal sain<\/strong>, facteur cl\u00e9 de bonnes d\u00e9fenses.<\/p>\n<p><strong>Utilisation :<\/strong><\/p>\n<p>\u2022 Soutien nutritionnel en cas d\u2019ost\u00e9oarthrite.<br \/>\n\u2022 Soutien nutritionnel pour les chiens en surpoids atteints de pathologies li\u00e9es \u00e0 l\u2019inflammation et \u00e0 la douleur articulaire.<br \/>\n\u2022 Soutient la sant\u00e9 des articulations apr\u00e8s une intervention chirurgicale ou un traumatisme.<\/p>\n<p><strong>Il est recommand\u00e9 de consulter un v\u00e9t\u00e9rinaire avant l&#8217;introduction de cet aliment.<\/strong><\/p>\n","protected":false},"excerpt":{"rendered":"<p><strong>ADVANCE VETERINARY DIETS Articular Low Calorie<\/strong> est un aliment complet et \u00e9quilibr\u00e9, formul\u00e9 <strong>pour la r\u00e9cup\u00e9ration et le soutien nutritionnel<\/strong> pour prendre <strong>soin des articulations<\/strong> chez les chiens adultes pr\u00e9sentant une surcharge pond\u00e9rale.<\/p>\n<p><strong>Utilisation :<\/strong><\/p>\n<p>\u2022 Soutien nutritionnel en cas d\u2019ost\u00e9oarthrite.<br \/>\n\u2022 Soutien nutritionnel pour les chiens en surpoids atteints de pathologies li\u00e9es \u00e0 l\u2019inflammation et \u00e0 la douleur articulaire.<br \/>\n\u2022 Soutient la sant\u00e9 des articulations apr\u00e8s une intervention chirurgicale ou un traumatisme.<\/p>\n","protected":false},"featured_media":1312558,"template":"","meta":[],"product_cat":[12552,12582,2698],"product_tag":[],"class_list":{"0":"post-1369770","1":"product","2":"type-product","3":"status-publish","4":"has-post-thumbnail","6":"product_cat-alimentation-du-chien","7":"product_cat-alimentation-medicalisee-pour-chien","8":"product_cat-chien","9":"pa_marque-advance","11":"first","12":"instock","13":"taxable","14":"shipping-taxable","15":"purchasable","16":"product-type-variable"},"yoast_head":"<!-- This site is optimized with the Yoast SEO plugin v27.3 - https:\/\/yoast.com\/product\/yoast-seo-wordpress\/ -->\n<title>Veterinary Diets (Advance) Chien Articular Low Calorie Poulet Advance - V\u00e9torino<\/title>\n<meta name=\"description\" content=\"ADVANCE VETERINARY DIETS Articular Low Calorie est un aliment complet et \u00e9quilibr\u00e9, formul\u00e9 pour la r\u00e9cup\u00e9ration et le soutien nutritionnel pour prendre soin des articulations chez les chiens adultes pr\u00e9sentant une surcharge pond\u00e9rale.  Utilisation :  \u2022 Soutien nutritionnel en cas d\u2019ost\u00e9oarthrite. \u2022 Soutien nutritionnel pour les chiens en surpoids atteints de pathologies li\u00e9es \u00e0 l\u2019inflammation et \u00e0 la douleur articulaire. \u2022 Soutient la sant\u00e9 des articulations apr\u00e8s une intervention chirurgicale ou un traumatisme.\" \/>\n<meta name=\"robots\" content=\"noindex, nofollow\" \/>\n<meta property=\"og:locale\" content=\"fr_FR\" \/>\n<meta property=\"og:type\" content=\"article\" \/>\n<meta property=\"og:title\" content=\"Veterinary Diets (Advance) Chien Articular Low Calorie Poulet Advance - V\u00e9torino\" \/>\n<meta property=\"og:description\" content=\"ADVANCE VETERINARY DIETS Articular Low Calorie est un aliment complet et \u00e9quilibr\u00e9, formul\u00e9 pour la r\u00e9cup\u00e9ration et le soutien nutritionnel pour prendre soin des articulations chez les chiens adultes pr\u00e9sentant une surcharge pond\u00e9rale.  Utilisation :  \u2022 Soutien nutritionnel en cas d\u2019ost\u00e9oarthrite. \u2022 Soutien nutritionnel pour les chiens en surpoids atteints de pathologies li\u00e9es \u00e0 l\u2019inflammation et \u00e0 la douleur articulaire. \u2022 Soutient la sant\u00e9 des articulations apr\u00e8s une intervention chirurgicale ou un traumatisme.\" \/>\n<meta property=\"og:url\" content=\"https:\/\/www.vetorino.com\/veterinaire\/prunelli-di-fiumorbo-20243\/boutique\/product\/advance-veterinary-diets-chien-articular-low-calorie\/\" \/>\n<meta property=\"og:site_name\" content=\"V\u00e9torino\" \/>\n<meta property=\"article:publisher\" content=\"https:\/\/www.facebook.com\/Vetorino\/\" \/>\n<meta property=\"article:modified_time\" content=\"2025-09-30T12:26:00+00:00\" \/>\n<meta property=\"og:image\" content=\"https:\/\/www.vetorino.com\/boutique\/wp-content\/uploads\/2025\/05\/articular-low-calorie-chien-advance-scaled.jpg\" \/>\n\t<meta property=\"og:image:width\" content=\"2417\" \/>\n\t<meta property=\"og:image:height\" content=\"2560\" \/>\n\t<meta property=\"og:image:type\" content=\"image\/jpeg\" \/>\n<meta name=\"twitter:card\" content=\"summary_large_image\" \/>\n<meta name=\"twitter:label1\" content=\"Disponibilit\u00e9\" \/>\n\t<meta name=\"twitter:data1\" content=\"En stock\" \/>\n<script type=\"application\/ld+json\" class=\"yoast-schema-graph\">{\"@context\":\"https:\\\/\\\/schema.org\",\"@graph\":[{\"@type\":\"WebPage\",\"@id\":\"https:\\\/\\\/www.vetorino.com\\\/veterinaire\\\/briancon-05100\\\/boutique\\\/product\\\/advance-veterinary-diets-chien-articular-low-calorie\\\/\",\"url\":\"https:\\\/\\\/www.vetorino.com\\\/veterinaire\\\/briancon-05100\\\/boutique\\\/product\\\/advance-veterinary-diets-chien-articular-low-calorie\\\/\",\"name\":\"Veterinary Diets (Advance) Chien Articular Low Calorie Poulet Advance - V\u00e9torino\",\"isPartOf\":{\"@id\":\"https:\\\/\\\/www.vetorino.com\\\/boutique\\\/#website\"},\"primaryImageOfPage\":{\"@id\":\"https:\\\/\\\/www.vetorino.com\\\/veterinaire\\\/briancon-05100\\\/boutique\\\/product\\\/advance-veterinary-diets-chien-articular-low-calorie\\\/#primaryimage\"},\"image\":{\"@id\":\"https:\\\/\\\/www.vetorino.com\\\/veterinaire\\\/briancon-05100\\\/boutique\\\/product\\\/advance-veterinary-diets-chien-articular-low-calorie\\\/#primaryimage\"},\"thumbnailUrl\":\"https:\\\/\\\/www.vetorino.com\\\/boutique\\\/wp-content\\\/uploads\\\/2025\\\/05\\\/articular-low-calorie-chien-advance-scaled.jpg\",\"datePublished\":\"2025-06-12T03:35:26+00:00\",\"dateModified\":\"2025-09-30T12:26:00+00:00\",\"description\":\"ADVANCE VETERINARY DIETS Articular Low Calorie est un aliment complet et \u00e9quilibr\u00e9, formul\u00e9 pour la r\u00e9cup\u00e9ration et le soutien nutritionnel pour prendre soin des articulations chez les chiens adultes pr\u00e9sentant une surcharge pond\u00e9rale. Utilisation : \u2022 Soutien nutritionnel en cas d\u2019ost\u00e9oarthrite. \u2022 Soutien nutritionnel pour les chiens en surpoids atteints de pathologies li\u00e9es \u00e0 l\u2019inflammation et \u00e0 la douleur articulaire. \u2022 Soutient la sant\u00e9 des articulations apr\u00e8s une intervention chirurgicale ou un traumatisme.\",\"breadcrumb\":{\"@id\":\"https:\\\/\\\/www.vetorino.com\\\/veterinaire\\\/briancon-05100\\\/boutique\\\/product\\\/advance-veterinary-diets-chien-articular-low-calorie\\\/#breadcrumb\"},\"inLanguage\":\"fr-FR\",\"potentialAction\":[{\"@type\":\"ReadAction\",\"target\":[\"https:\\\/\\\/www.vetorino.com\\\/veterinaire\\\/briancon-05100\\\/boutique\\\/product\\\/advance-veterinary-diets-chien-articular-low-calorie\\\/\"]}]},{\"@type\":\"ImageObject\",\"inLanguage\":\"fr-FR\",\"@id\":\"https:\\\/\\\/www.vetorino.com\\\/veterinaire\\\/briancon-05100\\\/boutique\\\/product\\\/advance-veterinary-diets-chien-articular-low-calorie\\\/#primaryimage\",\"url\":\"https:\\\/\\\/www.vetorino.com\\\/boutique\\\/wp-content\\\/uploads\\\/2025\\\/05\\\/articular-low-calorie-chien-advance-scaled.jpg\",\"contentUrl\":\"https:\\\/\\\/www.vetorino.com\\\/boutique\\\/wp-content\\\/uploads\\\/2025\\\/05\\\/articular-low-calorie-chien-advance-scaled.jpg\",\"width\":2417,\"height\":2560},{\"@type\":\"BreadcrumbList\",\"@id\":\"https:\\\/\\\/www.vetorino.com\\\/veterinaire\\\/briancon-05100\\\/boutique\\\/product\\\/advance-veterinary-diets-chien-articular-low-calorie\\\/#breadcrumb\",\"itemListElement\":[{\"@type\":\"ListItem\",\"position\":1,\"name\":\"Accueil\",\"item\":\"https:\\\/\\\/www.vetorino.com\\\/boutique\\\/\"},{\"@type\":\"ListItem\",\"position\":2,\"name\":\"Produits\",\"item\":\"https:\\\/\\\/www.vetorino.com\\\/boutique\\\/\"},{\"@type\":\"ListItem\",\"position\":3,\"name\":\"Chien Articular Low Calorie Poulet\"}]},{\"@type\":\"WebSite\",\"@id\":\"https:\\\/\\\/www.vetorino.com\\\/boutique\\\/#website\",\"url\":\"https:\\\/\\\/www.vetorino.com\\\/boutique\\\/\",\"name\":\"V\u00e9torino\",\"description\":\"\",\"publisher\":{\"@id\":\"https:\\\/\\\/www.vetorino.com\\\/boutique\\\/#organization\"},\"potentialAction\":[{\"@type\":\"SearchAction\",\"target\":{\"@type\":\"EntryPoint\",\"urlTemplate\":\"https:\\\/\\\/www.vetorino.com\\\/boutique\\\/?s={search_term_string}\"},\"query-input\":{\"@type\":\"PropertyValueSpecification\",\"valueRequired\":true,\"valueName\":\"search_term_string\"}}],\"inLanguage\":\"fr-FR\"},{\"@type\":\"Organization\",\"@id\":\"https:\\\/\\\/www.vetorino.com\\\/boutique\\\/#organization\",\"name\":\"V\u00e9torino\",\"url\":\"https:\\\/\\\/www.vetorino.com\\\/boutique\\\/\",\"logo\":{\"@type\":\"ImageObject\",\"inLanguage\":\"fr-FR\",\"@id\":\"https:\\\/\\\/www.vetorino.com\\\/boutique\\\/#\\\/schema\\\/logo\\\/image\\\/\",\"url\":\"https:\\\/\\\/www.vetorino.com\\\/boutique\\\/wp-content\\\/uploads\\\/2024\\\/10\\\/logo.jpg\",\"contentUrl\":\"https:\\\/\\\/www.vetorino.com\\\/boutique\\\/wp-content\\\/uploads\\\/2024\\\/10\\\/logo.jpg\",\"width\":1200,\"height\":610,\"caption\":\"V\u00e9torino\"},\"image\":{\"@id\":\"https:\\\/\\\/www.vetorino.com\\\/boutique\\\/#\\\/schema\\\/logo\\\/image\\\/\"},\"sameAs\":[\"https:\\\/\\\/www.facebook.com\\\/Vetorino\\\/\",\"https:\\\/\\\/www.instagram.com\\\/vetorino_off\\\/\",\"https:\\\/\\\/www.linkedin.com\\\/company\\\/vtorino\\\/\"]}]}<\/script>\n<meta property=\"product:brand\" content=\"Advance\" \/>\n<meta property=\"og:availability\" content=\"instock\" \/>\n<meta property=\"product:availability\" content=\"instock\" \/>\n<meta property=\"product:condition\" content=\"new\" \/>\n<!-- \/ Yoast SEO plugin. -->","yoast_head_json":{"title":"Veterinary Diets (Advance) Chien Articular Low Calorie Poulet Advance - V\u00e9torino","description":"ADVANCE VETERINARY DIETS Articular Low Calorie est un aliment complet et \u00e9quilibr\u00e9, formul\u00e9 pour la r\u00e9cup\u00e9ration et le soutien nutritionnel pour prendre soin des articulations chez les chiens adultes pr\u00e9sentant une surcharge pond\u00e9rale.  Utilisation :  \u2022 Soutien nutritionnel en cas d\u2019ost\u00e9oarthrite. \u2022 Soutien nutritionnel pour les chiens en surpoids atteints de pathologies li\u00e9es \u00e0 l\u2019inflammation et \u00e0 la douleur articulaire. \u2022 Soutient la sant\u00e9 des articulations apr\u00e8s une intervention chirurgicale ou un traumatisme.","robots":{"index":"noindex","follow":"nofollow"},"og_locale":"fr_FR","og_type":"article","og_title":"Veterinary Diets (Advance) Chien Articular Low Calorie Poulet Advance - V\u00e9torino","og_description":"ADVANCE VETERINARY DIETS Articular Low Calorie est un aliment complet et \u00e9quilibr\u00e9, formul\u00e9 pour la r\u00e9cup\u00e9ration et le soutien nutritionnel pour prendre soin des articulations chez les chiens adultes pr\u00e9sentant une surcharge pond\u00e9rale.  Utilisation :  \u2022 Soutien nutritionnel en cas d\u2019ost\u00e9oarthrite. \u2022 Soutien nutritionnel pour les chiens en surpoids atteints de pathologies li\u00e9es \u00e0 l\u2019inflammation et \u00e0 la douleur articulaire. \u2022 Soutient la sant\u00e9 des articulations apr\u00e8s une intervention chirurgicale ou un traumatisme.","og_url":"https:\/\/www.vetorino.com\/veterinaire\/prunelli-di-fiumorbo-20243\/boutique\/product\/advance-veterinary-diets-chien-articular-low-calorie\/","og_site_name":"V\u00e9torino","article_publisher":"https:\/\/www.facebook.com\/Vetorino\/","article_modified_time":"2025-09-30T12:26:00+00:00","og_image":[{"width":2417,"height":2560,"url":"https:\/\/www.vetorino.com\/boutique\/wp-content\/uploads\/2025\/05\/articular-low-calorie-chien-advance-scaled.jpg","type":"image\/jpeg"}],"twitter_card":"summary_large_image","twitter_misc":{"Disponibilit\u00e9":"En stock"},"schema":{"@context":"https:\/\/schema.org","@graph":[{"@type":"WebPage","@id":"https:\/\/www.vetorino.com\/veterinaire\/briancon-05100\/boutique\/product\/advance-veterinary-diets-chien-articular-low-calorie\/","url":"https:\/\/www.vetorino.com\/veterinaire\/briancon-05100\/boutique\/product\/advance-veterinary-diets-chien-articular-low-calorie\/","name":"Veterinary Diets (Advance) Chien Articular Low Calorie Poulet Advance - V\u00e9torino","isPartOf":{"@id":"https:\/\/www.vetorino.com\/boutique\/#website"},"primaryImageOfPage":{"@id":"https:\/\/www.vetorino.com\/veterinaire\/briancon-05100\/boutique\/product\/advance-veterinary-diets-chien-articular-low-calorie\/#primaryimage"},"image":{"@id":"https:\/\/www.vetorino.com\/veterinaire\/briancon-05100\/boutique\/product\/advance-veterinary-diets-chien-articular-low-calorie\/#primaryimage"},"thumbnailUrl":"https:\/\/www.vetorino.com\/boutique\/wp-content\/uploads\/2025\/05\/articular-low-calorie-chien-advance-scaled.jpg","datePublished":"2025-06-12T03:35:26+00:00","dateModified":"2025-09-30T12:26:00+00:00","description":"ADVANCE VETERINARY DIETS Articular Low Calorie est un aliment complet et \u00e9quilibr\u00e9, formul\u00e9 pour la r\u00e9cup\u00e9ration et le soutien nutritionnel pour prendre soin des articulations chez les chiens adultes pr\u00e9sentant une surcharge pond\u00e9rale. Utilisation : \u2022 Soutien nutritionnel en cas d\u2019ost\u00e9oarthrite. \u2022 Soutien nutritionnel pour les chiens en surpoids atteints de pathologies li\u00e9es \u00e0 l\u2019inflammation et \u00e0 la douleur articulaire. \u2022 Soutient la sant\u00e9 des articulations apr\u00e8s une intervention chirurgicale ou un traumatisme.","breadcrumb":{"@id":"https:\/\/www.vetorino.com\/veterinaire\/briancon-05100\/boutique\/product\/advance-veterinary-diets-chien-articular-low-calorie\/#breadcrumb"},"inLanguage":"fr-FR","potentialAction":[{"@type":"ReadAction","target":["https:\/\/www.vetorino.com\/veterinaire\/briancon-05100\/boutique\/product\/advance-veterinary-diets-chien-articular-low-calorie\/"]}]},{"@type":"ImageObject","inLanguage":"fr-FR","@id":"https:\/\/www.vetorino.com\/veterinaire\/briancon-05100\/boutique\/product\/advance-veterinary-diets-chien-articular-low-calorie\/#primaryimage","url":"https:\/\/www.vetorino.com\/boutique\/wp-content\/uploads\/2025\/05\/articular-low-calorie-chien-advance-scaled.jpg","contentUrl":"https:\/\/www.vetorino.com\/boutique\/wp-content\/uploads\/2025\/05\/articular-low-calorie-chien-advance-scaled.jpg","width":2417,"height":2560},{"@type":"BreadcrumbList","@id":"https:\/\/www.vetorino.com\/veterinaire\/briancon-05100\/boutique\/product\/advance-veterinary-diets-chien-articular-low-calorie\/#breadcrumb","itemListElement":[{"@type":"ListItem","position":1,"name":"Accueil","item":"https:\/\/www.vetorino.com\/boutique\/"},{"@type":"ListItem","position":2,"name":"Produits","item":"https:\/\/www.vetorino.com\/boutique\/"},{"@type":"ListItem","position":3,"name":"Chien Articular Low Calorie Poulet"}]},{"@type":"WebSite","@id":"https:\/\/www.vetorino.com\/boutique\/#website","url":"https:\/\/www.vetorino.com\/boutique\/","name":"V\u00e9torino","description":"","publisher":{"@id":"https:\/\/www.vetorino.com\/boutique\/#organization"},"potentialAction":[{"@type":"SearchAction","target":{"@type":"EntryPoint","urlTemplate":"https:\/\/www.vetorino.com\/boutique\/?s={search_term_string}"},"query-input":{"@type":"PropertyValueSpecification","valueRequired":true,"valueName":"search_term_string"}}],"inLanguage":"fr-FR"},{"@type":"Organization","@id":"https:\/\/www.vetorino.com\/boutique\/#organization","name":"V\u00e9torino","url":"https:\/\/www.vetorino.com\/boutique\/","logo":{"@type":"ImageObject","inLanguage":"fr-FR","@id":"https:\/\/www.vetorino.com\/boutique\/#\/schema\/logo\/image\/","url":"https:\/\/www.vetorino.com\/boutique\/wp-content\/uploads\/2024\/10\/logo.jpg","contentUrl":"https:\/\/www.vetorino.com\/boutique\/wp-content\/uploads\/2024\/10\/logo.jpg","width":1200,"height":610,"caption":"V\u00e9torino"},"image":{"@id":"https:\/\/www.vetorino.com\/boutique\/#\/schema\/logo\/image\/"},"sameAs":["https:\/\/www.facebook.com\/Vetorino\/","https:\/\/www.instagram.com\/vetorino_off\/","https:\/\/www.linkedin.com\/company\/vtorino\/"]}]},"product_brand":"Advance","og_availability":"instock","product_availability":"instock","product_condition":"new"},"_links":{"self":[{"href":"https:\/\/www.vetorino.com\/veterinaire\/prunelli-di-fiumorbo-20243\/boutique\/wp-json\/wp\/v2\/product\/1369770","targetHints":{"allow":["GET"]}}],"collection":[{"href":"https:\/\/www.vetorino.com\/veterinaire\/prunelli-di-fiumorbo-20243\/boutique\/wp-json\/wp\/v2\/product"}],"about":[{"href":"https:\/\/www.vetorino.com\/veterinaire\/prunelli-di-fiumorbo-20243\/boutique\/wp-json\/wp\/v2\/types\/product"}],"wp:featuredmedia":[{"embeddable":true,"href":"https:\/\/www.vetorino.com\/veterinaire\/prunelli-di-fiumorbo-20243\/boutique\/wp-json\/wp\/v2\/media\/1312558"}],"wp:attachment":[{"href":"https:\/\/www.vetorino.com\/veterinaire\/prunelli-di-fiumorbo-20243\/boutique\/wp-json\/wp\/v2\/media?parent=1369770"}],"wp:term":[{"taxonomy":"product_cat","embeddable":true,"href":"https:\/\/www.vetorino.com\/veterinaire\/prunelli-di-fiumorbo-20243\/boutique\/wp-json\/wp\/v2\/product_cat?post=1369770"},{"taxonomy":"product_tag","embeddable":true,"href":"https:\/\/www.vetorino.com\/veterinaire\/prunelli-di-fiumorbo-20243\/boutique\/wp-json\/wp\/v2\/product_tag?post=1369770"}],"curies":[{"name":"wp","href":"https:\/\/api.w.org\/{rel}","templated":true}]}}