{"id":1400754,"date":"2025-07-03T12:03:44","date_gmt":"2025-07-03T10:03:44","guid":{"rendered":"https:\/\/www.vetorino.com\/boutique\/product\/catney-one-powder\/"},"modified":"2025-07-04T14:09:57","modified_gmt":"2025-07-04T12:09:57","slug":"catney-one-powder","status":"publish","type":"product","link":"https:\/\/www.vetorino.com\/veterinaire\/prunelli-di-fiumorbo-20243\/boutique\/product\/catney-one-powder\/","title":{"rendered":"Catney One Powder"},"content":{"rendered":"<p>Catney\u00ae One est un\u00a0<strong>aliment compl\u00e9mentaire di\u00e9t\u00e9tique qui permet de soutenir la fonction r\u00e9nale chez les chats souffrant de maladie r\u00e9nale chronique en r\u00e9duisant l\u2019absorption intestinale du phosphore<\/strong>.<\/p>\n<p>Il se pr\u00e9sente sous forme de poudre contenant du\u00a0<strong>carbonate de lanthane<\/strong>. Chaque boite contient\u00a0<strong>30 sachets<\/strong>\u00a0de 520 mg.<\/p>\n<p>Il est initialement recommand\u00e9 de donner\u00a0<strong>1 sachet de Catney\u00ae One par jour et par chat, quel que soit son poids<\/strong>. L&#8217;administration peut \u00eatre donn\u00e9e\u00a0<strong>en 1 prise<\/strong>\u00a0lors du repas principal ou en 2 prises par jour. Le contenu du sachet doit \u00eatre\u00a0<strong>m\u00e9lang\u00e9 \u00e0 la nourriture de l\u2019animal ou \u00e0 un sachet de friandise Add\u00ae One<\/strong>.<\/p>\n<p>La dur\u00e9e initiale de prise est de 6 mois. Durant cette p\u00e9riode, \u00e9viter de donner au chat des aliments riches en phosphore. Laisser de l\u2019eau fraiche en permanence \u00e0 disposition. Il est recommand\u00e9 de demander l\u2019avis d\u2019un v\u00e9t\u00e9rinaire avant de commencer Catney\u00ae One ou de poursuivre son utilisation pendant une p\u00e9riode prolong\u00e9e.<\/p>\n","protected":false},"excerpt":{"rendered":"<p><strong>Catney\u00ae One \u2013 Soutien r\u00e9nal pour chats.<\/strong><\/p>\n<p>Catney\u00ae One est un aliment compl\u00e9mentaire di\u00e9t\u00e9tique destin\u00e9 aux chats atteints de maladie r\u00e9nale chronique. Contient\u00a0<strong>30 sachets<\/strong>\u00a0<strong>de 520 mg.<\/strong><\/p>\n","protected":false},"featured_media":1400972,"template":"","meta":[],"product_cat":[12551,2730,2697],"product_tag":[],"class_list":{"0":"post-1400754","1":"product","2":"type-product","3":"status-publish","4":"has-post-thumbnail","6":"product_cat-alimentation-du-chat","7":"product_cat-aliments-complementaires-pour-chat","8":"product_cat-chat","9":"pa_marque-dechra","11":"first","12":"instock","13":"taxable","14":"shipping-taxable","15":"purchasable","16":"product-type-simple"},"yoast_head":"<!-- This site is optimized with the Yoast SEO plugin v27.3 - https:\/\/yoast.com\/product\/yoast-seo-wordpress\/ -->\n<title>Catney One Powder Dechra - V\u00e9torino<\/title>\n<meta name=\"description\" content=\"Catney\u00ae One \u2013 Soutien r\u00e9nal pour chats.  Catney\u00ae One est un aliment compl\u00e9mentaire di\u00e9t\u00e9tique destin\u00e9 aux chats atteints de maladie r\u00e9nale chronique. Contient\u00a030 sachets\u00a0de 520 mg.\" \/>\n<meta name=\"robots\" content=\"noindex, nofollow\" \/>\n<meta property=\"og:locale\" content=\"fr_FR\" \/>\n<meta property=\"og:type\" content=\"article\" \/>\n<meta property=\"og:title\" content=\"Catney One Powder Dechra - V\u00e9torino\" \/>\n<meta property=\"og:description\" content=\"Catney\u00ae One \u2013 Soutien r\u00e9nal pour chats.  Catney\u00ae One est un aliment compl\u00e9mentaire di\u00e9t\u00e9tique destin\u00e9 aux chats atteints de maladie r\u00e9nale chronique. Contient\u00a030 sachets\u00a0de 520 mg.\" \/>\n<meta property=\"og:url\" content=\"https:\/\/www.vetorino.com\/veterinaire\/prunelli-di-fiumorbo-20243\/boutique\/product\/catney-one-powder\/\" \/>\n<meta property=\"og:site_name\" content=\"V\u00e9torino\" \/>\n<meta property=\"article:publisher\" content=\"https:\/\/www.facebook.com\/Vetorino\/\" \/>\n<meta property=\"article:modified_time\" content=\"2025-07-04T12:09:57+00:00\" \/>\n<meta property=\"og:image\" content=\"https:\/\/www.vetorino.com\/boutique\/wp-content\/uploads\/2025\/07\/catney-one.webp\" \/>\n\t<meta property=\"og:image:width\" content=\"800\" \/>\n\t<meta property=\"og:image:height\" content=\"800\" \/>\n\t<meta property=\"og:image:type\" content=\"image\/webp\" \/>\n<meta name=\"twitter:card\" content=\"summary_large_image\" \/>\n<meta name=\"twitter:label1\" content=\"Prix\" \/>\n\t<meta name=\"twitter:data1\" content=\"20,72&euro;\" \/>\n\t<meta name=\"twitter:label2\" content=\"Disponibilit\u00e9\" \/>\n\t<meta name=\"twitter:data2\" content=\"En stock\" \/>\n<script type=\"application\/ld+json\" class=\"yoast-schema-graph\">{\"@context\":\"https:\\\/\\\/schema.org\",\"@graph\":[{\"@type\":\"WebPage\",\"@id\":\"https:\\\/\\\/www.vetorino.com\\\/boutique\\\/product\\\/catney-one-powder\\\/\",\"url\":\"https:\\\/\\\/www.vetorino.com\\\/boutique\\\/product\\\/catney-one-powder\\\/\",\"name\":\"Catney One Powder Dechra - V\u00e9torino\",\"isPartOf\":{\"@id\":\"https:\\\/\\\/www.vetorino.com\\\/boutique\\\/#website\"},\"primaryImageOfPage\":{\"@id\":\"https:\\\/\\\/www.vetorino.com\\\/boutique\\\/product\\\/catney-one-powder\\\/#primaryimage\"},\"image\":{\"@id\":\"https:\\\/\\\/www.vetorino.com\\\/boutique\\\/product\\\/catney-one-powder\\\/#primaryimage\"},\"thumbnailUrl\":\"https:\\\/\\\/www.vetorino.com\\\/boutique\\\/wp-content\\\/uploads\\\/2025\\\/07\\\/catney-one.webp\",\"datePublished\":\"2025-07-03T10:03:44+00:00\",\"dateModified\":\"2025-07-04T12:09:57+00:00\",\"description\":\"Catney\u00ae One \u2013 Soutien r\u00e9nal pour chats. Catney\u00ae One est un aliment compl\u00e9mentaire di\u00e9t\u00e9tique destin\u00e9 aux chats atteints de maladie r\u00e9nale chronique. Contient\u00a030 sachets\u00a0de 520 mg.\",\"breadcrumb\":{\"@id\":\"https:\\\/\\\/www.vetorino.com\\\/boutique\\\/product\\\/catney-one-powder\\\/#breadcrumb\"},\"inLanguage\":\"fr-FR\",\"potentialAction\":[{\"@type\":\"ReadAction\",\"target\":[\"https:\\\/\\\/www.vetorino.com\\\/boutique\\\/product\\\/catney-one-powder\\\/\"]}]},{\"@type\":\"ImageObject\",\"inLanguage\":\"fr-FR\",\"@id\":\"https:\\\/\\\/www.vetorino.com\\\/boutique\\\/product\\\/catney-one-powder\\\/#primaryimage\",\"url\":\"https:\\\/\\\/www.vetorino.com\\\/boutique\\\/wp-content\\\/uploads\\\/2025\\\/07\\\/catney-one.webp\",\"contentUrl\":\"https:\\\/\\\/www.vetorino.com\\\/boutique\\\/wp-content\\\/uploads\\\/2025\\\/07\\\/catney-one.webp\",\"width\":800,\"height\":800},{\"@type\":\"BreadcrumbList\",\"@id\":\"https:\\\/\\\/www.vetorino.com\\\/boutique\\\/product\\\/catney-one-powder\\\/#breadcrumb\",\"itemListElement\":[{\"@type\":\"ListItem\",\"position\":1,\"name\":\"Accueil\",\"item\":\"https:\\\/\\\/www.vetorino.com\\\/boutique\\\/\"},{\"@type\":\"ListItem\",\"position\":2,\"name\":\"Produits\",\"item\":\"https:\\\/\\\/www.vetorino.com\\\/boutique\\\/\"},{\"@type\":\"ListItem\",\"position\":3,\"name\":\"Catney One Powder\"}]},{\"@type\":\"WebSite\",\"@id\":\"https:\\\/\\\/www.vetorino.com\\\/boutique\\\/#website\",\"url\":\"https:\\\/\\\/www.vetorino.com\\\/boutique\\\/\",\"name\":\"V\u00e9torino\",\"description\":\"\",\"publisher\":{\"@id\":\"https:\\\/\\\/www.vetorino.com\\\/boutique\\\/#organization\"},\"potentialAction\":[{\"@type\":\"SearchAction\",\"target\":{\"@type\":\"EntryPoint\",\"urlTemplate\":\"https:\\\/\\\/www.vetorino.com\\\/boutique\\\/?s={search_term_string}\"},\"query-input\":{\"@type\":\"PropertyValueSpecification\",\"valueRequired\":true,\"valueName\":\"search_term_string\"}}],\"inLanguage\":\"fr-FR\"},{\"@type\":\"Organization\",\"@id\":\"https:\\\/\\\/www.vetorino.com\\\/boutique\\\/#organization\",\"name\":\"V\u00e9torino\",\"url\":\"https:\\\/\\\/www.vetorino.com\\\/boutique\\\/\",\"logo\":{\"@type\":\"ImageObject\",\"inLanguage\":\"fr-FR\",\"@id\":\"https:\\\/\\\/www.vetorino.com\\\/boutique\\\/#\\\/schema\\\/logo\\\/image\\\/\",\"url\":\"https:\\\/\\\/www.vetorino.com\\\/boutique\\\/wp-content\\\/uploads\\\/2024\\\/10\\\/logo.jpg\",\"contentUrl\":\"https:\\\/\\\/www.vetorino.com\\\/boutique\\\/wp-content\\\/uploads\\\/2024\\\/10\\\/logo.jpg\",\"width\":1200,\"height\":610,\"caption\":\"V\u00e9torino\"},\"image\":{\"@id\":\"https:\\\/\\\/www.vetorino.com\\\/boutique\\\/#\\\/schema\\\/logo\\\/image\\\/\"},\"sameAs\":[\"https:\\\/\\\/www.facebook.com\\\/Vetorino\\\/\",\"https:\\\/\\\/www.instagram.com\\\/vetorino_off\\\/\",\"https:\\\/\\\/www.linkedin.com\\\/company\\\/vtorino\\\/\"]}]}<\/script>\n<meta property=\"product:brand\" content=\"Dechra\" \/>\n<meta property=\"product:price:amount\" content=\"20.72\" \/>\n<meta property=\"product:price:currency\" content=\"EUR\" \/>\n<meta property=\"og:availability\" content=\"instock\" \/>\n<meta property=\"product:availability\" content=\"instock\" \/>\n<meta property=\"product:retailer_item_id\" content=\"A-1890460\" \/>\n<meta property=\"product:condition\" content=\"new\" \/>\n<!-- \/ Yoast SEO plugin. -->","yoast_head_json":{"title":"Catney One Powder Dechra - V\u00e9torino","description":"Catney\u00ae One \u2013 Soutien r\u00e9nal pour chats.  Catney\u00ae One est un aliment compl\u00e9mentaire di\u00e9t\u00e9tique destin\u00e9 aux chats atteints de maladie r\u00e9nale chronique. Contient\u00a030 sachets\u00a0de 520 mg.","robots":{"index":"noindex","follow":"nofollow"},"og_locale":"fr_FR","og_type":"article","og_title":"Catney One Powder Dechra - V\u00e9torino","og_description":"Catney\u00ae One \u2013 Soutien r\u00e9nal pour chats.  Catney\u00ae One est un aliment compl\u00e9mentaire di\u00e9t\u00e9tique destin\u00e9 aux chats atteints de maladie r\u00e9nale chronique. Contient\u00a030 sachets\u00a0de 520 mg.","og_url":"https:\/\/www.vetorino.com\/veterinaire\/prunelli-di-fiumorbo-20243\/boutique\/product\/catney-one-powder\/","og_site_name":"V\u00e9torino","article_publisher":"https:\/\/www.facebook.com\/Vetorino\/","article_modified_time":"2025-07-04T12:09:57+00:00","og_image":[{"width":800,"height":800,"url":"https:\/\/www.vetorino.com\/boutique\/wp-content\/uploads\/2025\/07\/catney-one.webp","type":"image\/webp"}],"twitter_card":"summary_large_image","twitter_misc":{"Prix":"20,72&euro;","Disponibilit\u00e9":"En stock"},"schema":{"@context":"https:\/\/schema.org","@graph":[{"@type":"WebPage","@id":"https:\/\/www.vetorino.com\/boutique\/product\/catney-one-powder\/","url":"https:\/\/www.vetorino.com\/boutique\/product\/catney-one-powder\/","name":"Catney One Powder Dechra - V\u00e9torino","isPartOf":{"@id":"https:\/\/www.vetorino.com\/boutique\/#website"},"primaryImageOfPage":{"@id":"https:\/\/www.vetorino.com\/boutique\/product\/catney-one-powder\/#primaryimage"},"image":{"@id":"https:\/\/www.vetorino.com\/boutique\/product\/catney-one-powder\/#primaryimage"},"thumbnailUrl":"https:\/\/www.vetorino.com\/boutique\/wp-content\/uploads\/2025\/07\/catney-one.webp","datePublished":"2025-07-03T10:03:44+00:00","dateModified":"2025-07-04T12:09:57+00:00","description":"Catney\u00ae One \u2013 Soutien r\u00e9nal pour chats. Catney\u00ae One est un aliment compl\u00e9mentaire di\u00e9t\u00e9tique destin\u00e9 aux chats atteints de maladie r\u00e9nale chronique. Contient\u00a030 sachets\u00a0de 520 mg.","breadcrumb":{"@id":"https:\/\/www.vetorino.com\/boutique\/product\/catney-one-powder\/#breadcrumb"},"inLanguage":"fr-FR","potentialAction":[{"@type":"ReadAction","target":["https:\/\/www.vetorino.com\/boutique\/product\/catney-one-powder\/"]}]},{"@type":"ImageObject","inLanguage":"fr-FR","@id":"https:\/\/www.vetorino.com\/boutique\/product\/catney-one-powder\/#primaryimage","url":"https:\/\/www.vetorino.com\/boutique\/wp-content\/uploads\/2025\/07\/catney-one.webp","contentUrl":"https:\/\/www.vetorino.com\/boutique\/wp-content\/uploads\/2025\/07\/catney-one.webp","width":800,"height":800},{"@type":"BreadcrumbList","@id":"https:\/\/www.vetorino.com\/boutique\/product\/catney-one-powder\/#breadcrumb","itemListElement":[{"@type":"ListItem","position":1,"name":"Accueil","item":"https:\/\/www.vetorino.com\/boutique\/"},{"@type":"ListItem","position":2,"name":"Produits","item":"https:\/\/www.vetorino.com\/boutique\/"},{"@type":"ListItem","position":3,"name":"Catney One Powder"}]},{"@type":"WebSite","@id":"https:\/\/www.vetorino.com\/boutique\/#website","url":"https:\/\/www.vetorino.com\/boutique\/","name":"V\u00e9torino","description":"","publisher":{"@id":"https:\/\/www.vetorino.com\/boutique\/#organization"},"potentialAction":[{"@type":"SearchAction","target":{"@type":"EntryPoint","urlTemplate":"https:\/\/www.vetorino.com\/boutique\/?s={search_term_string}"},"query-input":{"@type":"PropertyValueSpecification","valueRequired":true,"valueName":"search_term_string"}}],"inLanguage":"fr-FR"},{"@type":"Organization","@id":"https:\/\/www.vetorino.com\/boutique\/#organization","name":"V\u00e9torino","url":"https:\/\/www.vetorino.com\/boutique\/","logo":{"@type":"ImageObject","inLanguage":"fr-FR","@id":"https:\/\/www.vetorino.com\/boutique\/#\/schema\/logo\/image\/","url":"https:\/\/www.vetorino.com\/boutique\/wp-content\/uploads\/2024\/10\/logo.jpg","contentUrl":"https:\/\/www.vetorino.com\/boutique\/wp-content\/uploads\/2024\/10\/logo.jpg","width":1200,"height":610,"caption":"V\u00e9torino"},"image":{"@id":"https:\/\/www.vetorino.com\/boutique\/#\/schema\/logo\/image\/"},"sameAs":["https:\/\/www.facebook.com\/Vetorino\/","https:\/\/www.instagram.com\/vetorino_off\/","https:\/\/www.linkedin.com\/company\/vtorino\/"]}]},"product_brand":"Dechra","product_price_amount":"20.72","product_price_currency":"EUR","og_availability":"instock","product_availability":"instock","product_retailer_item_id":"A-1890460","product_condition":"new"},"_links":{"self":[{"href":"https:\/\/www.vetorino.com\/veterinaire\/prunelli-di-fiumorbo-20243\/boutique\/wp-json\/wp\/v2\/product\/1400754","targetHints":{"allow":["GET"]}}],"collection":[{"href":"https:\/\/www.vetorino.com\/veterinaire\/prunelli-di-fiumorbo-20243\/boutique\/wp-json\/wp\/v2\/product"}],"about":[{"href":"https:\/\/www.vetorino.com\/veterinaire\/prunelli-di-fiumorbo-20243\/boutique\/wp-json\/wp\/v2\/types\/product"}],"wp:featuredmedia":[{"embeddable":true,"href":"https:\/\/www.vetorino.com\/veterinaire\/prunelli-di-fiumorbo-20243\/boutique\/wp-json\/wp\/v2\/media\/1400972"}],"wp:attachment":[{"href":"https:\/\/www.vetorino.com\/veterinaire\/prunelli-di-fiumorbo-20243\/boutique\/wp-json\/wp\/v2\/media?parent=1400754"}],"wp:term":[{"taxonomy":"product_cat","embeddable":true,"href":"https:\/\/www.vetorino.com\/veterinaire\/prunelli-di-fiumorbo-20243\/boutique\/wp-json\/wp\/v2\/product_cat?post=1400754"},{"taxonomy":"product_tag","embeddable":true,"href":"https:\/\/www.vetorino.com\/veterinaire\/prunelli-di-fiumorbo-20243\/boutique\/wp-json\/wp\/v2\/product_tag?post=1400754"}],"curies":[{"name":"wp","href":"https:\/\/api.w.org\/{rel}","templated":true}]}}