{"id":1409381,"date":"2025-07-10T10:41:21","date_gmt":"2025-07-10T08:41:21","guid":{"rendered":"https:\/\/www.vetorino.com\/boutique\/product\/auri-3\/"},"modified":"2025-07-16T17:11:00","modified_gmt":"2025-07-16T15:11:00","slug":"auri-3","status":"publish","type":"product","link":"https:\/\/www.vetorino.com\/veterinaire\/prunelli-di-fiumorbo-20243\/boutique\/product\/auri-3\/","title":{"rendered":"Auri + &#8211; chien chat"},"content":{"rendered":"<p><strong>AURI+ Soin auriculaire<\/strong>\u00a0est un produit indiqu\u00e9 chez le chat et le chien <strong>pour l\u2019entretien des oreilles<\/strong> principalement <strong>chez les animaux sujets aux otites externes \u00e0 r\u00e9p\u00e9tition. <\/strong><\/p>\n<p>Il contribue \u00e0<strong> apaiser les d\u00e9mangeaisons<\/strong> et <strong>pr\u00e9vient l\u2019aggravation<\/strong> gr\u00e2ce aux huiles essentielles aux propri\u00e9t\u00e9s antimicrobiennes.<\/p>\n<p><strong><u>Administration facile<\/u>\u00a0:\u00a0<\/strong>Flacon compte-goutte<\/p>\n<ul>\n<li>Incliner la t\u00eate de votre animal sur le c\u00f4t\u00e9 en maintenant l&#8217;oreille \u00e0 nettoyer vers le haut.<\/li>\n<li>Instiller de 2 \u00e0 4 gouttes (suivant la taille de l\u2019animal) dans le conduit auditif sans mettre en contact l&#8217;embout du flacon avec l&#8217;oreille.<\/li>\n<li>Masser doucement la base de l\u2019oreille afin de r\u00e9partir la solution utilis\u00e9e.<\/li>\n<\/ul>\n<p><i>Il est \u00e9galement conseill\u00e9 de laisser l\u2019animal s\u2019\u00e9brouer afin de favoriser l\u2019application du produit dans le canal auditif.<\/i><\/p>\n<p><strong>Demandez conseils \u00e0 votre v\u00e9t\u00e9rinaire avant utilisation.<\/strong><\/p>\n","protected":false},"excerpt":{"rendered":"<p><strong>AURI+ Soin auriculaire<\/strong>\u00a0est un produit indiqu\u00e9 chez le chat et le chien <strong>pour l\u2019entretien des oreilles<\/strong> principalement <strong>chez les animaux sujets aux otites externes \u00e0 r\u00e9p\u00e9tition. <\/strong><\/p>\n<p>Il contribue \u00e0<strong> apaiser les d\u00e9mangeaisons<\/strong> et <strong>pr\u00e9vient l\u2019aggravation<\/strong> gr\u00e2ce aux huiles essentielles aux propri\u00e9t\u00e9s antimicrobiennes.<\/p>\n","protected":false},"featured_media":1409380,"template":"","meta":[],"product_cat":[2697,2698,12567,12613,12614,12560,12561,12568],"product_tag":[],"class_list":{"0":"post-1409381","1":"product","2":"type-product","3":"status-publish","4":"has-post-thumbnail","6":"product_cat-chat","7":"product_cat-chien","8":"product_cat-produit-veterinaire-du-chat","9":"product_cat-hygiene-des-oreilles-du-chat","10":"product_cat-hygiene-des-oreilles-du-chien","11":"product_cat-hygiene-du-chat","12":"product_cat-hygiene-du-chien","13":"product_cat-produit-veterinaire-du-chien","14":"pa_marque-greenvet","16":"first","17":"instock","18":"taxable","19":"shipping-taxable","20":"purchasable","21":"product-type-simple"},"yoast_head":"<!-- This site is optimized with the Yoast SEO plugin v27.3 - https:\/\/yoast.com\/product\/yoast-seo-wordpress\/ -->\n<title>Auri + - chien chat Greenvet - V\u00e9torino<\/title>\n<meta name=\"description\" content=\"AURI+ Soin auriculaire\u00a0est un produit indiqu\u00e9 chez le chat et le chien pour l\u2019entretien des oreilles principalement chez les animaux sujets aux otites externes \u00e0 r\u00e9p\u00e9tition.   Il contribue \u00e0 apaiser les d\u00e9mangeaisons et pr\u00e9vient l\u2019aggravation gr\u00e2ce aux huiles essentielles aux propri\u00e9t\u00e9s antimicrobiennes.\" \/>\n<meta name=\"robots\" content=\"noindex, nofollow\" \/>\n<meta property=\"og:locale\" content=\"fr_FR\" \/>\n<meta property=\"og:type\" content=\"article\" \/>\n<meta property=\"og:title\" content=\"Auri + - chien chat Greenvet - V\u00e9torino\" \/>\n<meta property=\"og:description\" content=\"AURI+ Soin auriculaire\u00a0est un produit indiqu\u00e9 chez le chat et le chien pour l\u2019entretien des oreilles principalement chez les animaux sujets aux otites externes \u00e0 r\u00e9p\u00e9tition.   Il contribue \u00e0 apaiser les d\u00e9mangeaisons et pr\u00e9vient l\u2019aggravation gr\u00e2ce aux huiles essentielles aux propri\u00e9t\u00e9s antimicrobiennes.\" \/>\n<meta property=\"og:url\" content=\"https:\/\/www.vetorino.com\/veterinaire\/prunelli-di-fiumorbo-20243\/boutique\/product\/auri-3\/\" \/>\n<meta property=\"og:site_name\" content=\"V\u00e9torino\" \/>\n<meta property=\"article:publisher\" content=\"https:\/\/www.facebook.com\/Vetorino\/\" \/>\n<meta property=\"article:modified_time\" content=\"2025-07-16T15:11:00+00:00\" \/>\n<meta property=\"og:image\" content=\"https:\/\/www.vetorino.com\/boutique\/wp-content\/uploads\/2025\/07\/GREENVET-1882920.png\" \/>\n\t<meta property=\"og:image:width\" content=\"875\" \/>\n\t<meta property=\"og:image:height\" content=\"875\" \/>\n\t<meta property=\"og:image:type\" content=\"image\/png\" \/>\n<meta name=\"twitter:card\" content=\"summary_large_image\" \/>\n<meta name=\"twitter:label1\" content=\"Prix\" \/>\n\t<meta name=\"twitter:data1\" content=\"17,10&euro;\" \/>\n\t<meta name=\"twitter:label2\" content=\"Disponibilit\u00e9\" \/>\n\t<meta name=\"twitter:data2\" content=\"En stock\" \/>\n<script type=\"application\/ld+json\" class=\"yoast-schema-graph\">{\"@context\":\"https:\\\/\\\/schema.org\",\"@graph\":[{\"@type\":\"WebPage\",\"@id\":\"https:\\\/\\\/www.vetorino.com\\\/boutique\\\/product\\\/auri-3\\\/\",\"url\":\"https:\\\/\\\/www.vetorino.com\\\/boutique\\\/product\\\/auri-3\\\/\",\"name\":\"Auri + - chien chat Greenvet - V\u00e9torino\",\"isPartOf\":{\"@id\":\"https:\\\/\\\/www.vetorino.com\\\/boutique\\\/#website\"},\"primaryImageOfPage\":{\"@id\":\"https:\\\/\\\/www.vetorino.com\\\/boutique\\\/product\\\/auri-3\\\/#primaryimage\"},\"image\":{\"@id\":\"https:\\\/\\\/www.vetorino.com\\\/boutique\\\/product\\\/auri-3\\\/#primaryimage\"},\"thumbnailUrl\":\"https:\\\/\\\/www.vetorino.com\\\/boutique\\\/wp-content\\\/uploads\\\/2025\\\/07\\\/GREENVET-1882920.png\",\"datePublished\":\"2025-07-10T08:41:21+00:00\",\"dateModified\":\"2025-07-16T15:11:00+00:00\",\"description\":\"AURI+ Soin auriculaire\u00a0est un produit indiqu\u00e9 chez le chat et le chien pour l\u2019entretien des oreilles principalement chez les animaux sujets aux otites externes \u00e0 r\u00e9p\u00e9tition. Il contribue \u00e0 apaiser les d\u00e9mangeaisons et pr\u00e9vient l\u2019aggravation gr\u00e2ce aux huiles essentielles aux propri\u00e9t\u00e9s antimicrobiennes.\",\"breadcrumb\":{\"@id\":\"https:\\\/\\\/www.vetorino.com\\\/boutique\\\/product\\\/auri-3\\\/#breadcrumb\"},\"inLanguage\":\"fr-FR\",\"potentialAction\":[{\"@type\":\"ReadAction\",\"target\":[\"https:\\\/\\\/www.vetorino.com\\\/boutique\\\/product\\\/auri-3\\\/\"]}]},{\"@type\":\"ImageObject\",\"inLanguage\":\"fr-FR\",\"@id\":\"https:\\\/\\\/www.vetorino.com\\\/boutique\\\/product\\\/auri-3\\\/#primaryimage\",\"url\":\"https:\\\/\\\/www.vetorino.com\\\/boutique\\\/wp-content\\\/uploads\\\/2025\\\/07\\\/GREENVET-1882920.png\",\"contentUrl\":\"https:\\\/\\\/www.vetorino.com\\\/boutique\\\/wp-content\\\/uploads\\\/2025\\\/07\\\/GREENVET-1882920.png\",\"width\":875,\"height\":875},{\"@type\":\"BreadcrumbList\",\"@id\":\"https:\\\/\\\/www.vetorino.com\\\/boutique\\\/product\\\/auri-3\\\/#breadcrumb\",\"itemListElement\":[{\"@type\":\"ListItem\",\"position\":1,\"name\":\"Accueil\",\"item\":\"https:\\\/\\\/www.vetorino.com\\\/boutique\\\/\"},{\"@type\":\"ListItem\",\"position\":2,\"name\":\"Produits\",\"item\":\"https:\\\/\\\/www.vetorino.com\\\/boutique\\\/\"},{\"@type\":\"ListItem\",\"position\":3,\"name\":\"Auri + &#8211; chien chat\"}]},{\"@type\":\"WebSite\",\"@id\":\"https:\\\/\\\/www.vetorino.com\\\/boutique\\\/#website\",\"url\":\"https:\\\/\\\/www.vetorino.com\\\/boutique\\\/\",\"name\":\"V\u00e9torino\",\"description\":\"\",\"publisher\":{\"@id\":\"https:\\\/\\\/www.vetorino.com\\\/boutique\\\/#organization\"},\"potentialAction\":[{\"@type\":\"SearchAction\",\"target\":{\"@type\":\"EntryPoint\",\"urlTemplate\":\"https:\\\/\\\/www.vetorino.com\\\/boutique\\\/?s={search_term_string}\"},\"query-input\":{\"@type\":\"PropertyValueSpecification\",\"valueRequired\":true,\"valueName\":\"search_term_string\"}}],\"inLanguage\":\"fr-FR\"},{\"@type\":\"Organization\",\"@id\":\"https:\\\/\\\/www.vetorino.com\\\/boutique\\\/#organization\",\"name\":\"V\u00e9torino\",\"url\":\"https:\\\/\\\/www.vetorino.com\\\/boutique\\\/\",\"logo\":{\"@type\":\"ImageObject\",\"inLanguage\":\"fr-FR\",\"@id\":\"https:\\\/\\\/www.vetorino.com\\\/boutique\\\/#\\\/schema\\\/logo\\\/image\\\/\",\"url\":\"https:\\\/\\\/www.vetorino.com\\\/boutique\\\/wp-content\\\/uploads\\\/2024\\\/10\\\/logo.jpg\",\"contentUrl\":\"https:\\\/\\\/www.vetorino.com\\\/boutique\\\/wp-content\\\/uploads\\\/2024\\\/10\\\/logo.jpg\",\"width\":1200,\"height\":610,\"caption\":\"V\u00e9torino\"},\"image\":{\"@id\":\"https:\\\/\\\/www.vetorino.com\\\/boutique\\\/#\\\/schema\\\/logo\\\/image\\\/\"},\"sameAs\":[\"https:\\\/\\\/www.facebook.com\\\/Vetorino\\\/\",\"https:\\\/\\\/www.instagram.com\\\/vetorino_off\\\/\",\"https:\\\/\\\/www.linkedin.com\\\/company\\\/vtorino\\\/\"]}]}<\/script>\n<meta property=\"product:brand\" content=\"Greenvet\" \/>\n<meta property=\"product:price:amount\" content=\"17.10\" \/>\n<meta property=\"product:price:currency\" content=\"EUR\" \/>\n<meta property=\"og:availability\" content=\"instock\" \/>\n<meta property=\"product:availability\" content=\"instock\" \/>\n<meta property=\"product:retailer_item_id\" content=\"A-1882920\" \/>\n<meta property=\"product:condition\" content=\"new\" \/>\n<!-- \/ Yoast SEO plugin. -->","yoast_head_json":{"title":"Auri + - chien chat Greenvet - V\u00e9torino","description":"AURI+ Soin auriculaire\u00a0est un produit indiqu\u00e9 chez le chat et le chien pour l\u2019entretien des oreilles principalement chez les animaux sujets aux otites externes \u00e0 r\u00e9p\u00e9tition.   Il contribue \u00e0 apaiser les d\u00e9mangeaisons et pr\u00e9vient l\u2019aggravation gr\u00e2ce aux huiles essentielles aux propri\u00e9t\u00e9s antimicrobiennes.","robots":{"index":"noindex","follow":"nofollow"},"og_locale":"fr_FR","og_type":"article","og_title":"Auri + - chien chat Greenvet - V\u00e9torino","og_description":"AURI+ Soin auriculaire\u00a0est un produit indiqu\u00e9 chez le chat et le chien pour l\u2019entretien des oreilles principalement chez les animaux sujets aux otites externes \u00e0 r\u00e9p\u00e9tition.   Il contribue \u00e0 apaiser les d\u00e9mangeaisons et pr\u00e9vient l\u2019aggravation gr\u00e2ce aux huiles essentielles aux propri\u00e9t\u00e9s antimicrobiennes.","og_url":"https:\/\/www.vetorino.com\/veterinaire\/prunelli-di-fiumorbo-20243\/boutique\/product\/auri-3\/","og_site_name":"V\u00e9torino","article_publisher":"https:\/\/www.facebook.com\/Vetorino\/","article_modified_time":"2025-07-16T15:11:00+00:00","og_image":[{"width":875,"height":875,"url":"https:\/\/www.vetorino.com\/boutique\/wp-content\/uploads\/2025\/07\/GREENVET-1882920.png","type":"image\/png"}],"twitter_card":"summary_large_image","twitter_misc":{"Prix":"17,10&euro;","Disponibilit\u00e9":"En stock"},"schema":{"@context":"https:\/\/schema.org","@graph":[{"@type":"WebPage","@id":"https:\/\/www.vetorino.com\/boutique\/product\/auri-3\/","url":"https:\/\/www.vetorino.com\/boutique\/product\/auri-3\/","name":"Auri + - chien chat Greenvet - V\u00e9torino","isPartOf":{"@id":"https:\/\/www.vetorino.com\/boutique\/#website"},"primaryImageOfPage":{"@id":"https:\/\/www.vetorino.com\/boutique\/product\/auri-3\/#primaryimage"},"image":{"@id":"https:\/\/www.vetorino.com\/boutique\/product\/auri-3\/#primaryimage"},"thumbnailUrl":"https:\/\/www.vetorino.com\/boutique\/wp-content\/uploads\/2025\/07\/GREENVET-1882920.png","datePublished":"2025-07-10T08:41:21+00:00","dateModified":"2025-07-16T15:11:00+00:00","description":"AURI+ Soin auriculaire\u00a0est un produit indiqu\u00e9 chez le chat et le chien pour l\u2019entretien des oreilles principalement chez les animaux sujets aux otites externes \u00e0 r\u00e9p\u00e9tition. Il contribue \u00e0 apaiser les d\u00e9mangeaisons et pr\u00e9vient l\u2019aggravation gr\u00e2ce aux huiles essentielles aux propri\u00e9t\u00e9s antimicrobiennes.","breadcrumb":{"@id":"https:\/\/www.vetorino.com\/boutique\/product\/auri-3\/#breadcrumb"},"inLanguage":"fr-FR","potentialAction":[{"@type":"ReadAction","target":["https:\/\/www.vetorino.com\/boutique\/product\/auri-3\/"]}]},{"@type":"ImageObject","inLanguage":"fr-FR","@id":"https:\/\/www.vetorino.com\/boutique\/product\/auri-3\/#primaryimage","url":"https:\/\/www.vetorino.com\/boutique\/wp-content\/uploads\/2025\/07\/GREENVET-1882920.png","contentUrl":"https:\/\/www.vetorino.com\/boutique\/wp-content\/uploads\/2025\/07\/GREENVET-1882920.png","width":875,"height":875},{"@type":"BreadcrumbList","@id":"https:\/\/www.vetorino.com\/boutique\/product\/auri-3\/#breadcrumb","itemListElement":[{"@type":"ListItem","position":1,"name":"Accueil","item":"https:\/\/www.vetorino.com\/boutique\/"},{"@type":"ListItem","position":2,"name":"Produits","item":"https:\/\/www.vetorino.com\/boutique\/"},{"@type":"ListItem","position":3,"name":"Auri + &#8211; chien chat"}]},{"@type":"WebSite","@id":"https:\/\/www.vetorino.com\/boutique\/#website","url":"https:\/\/www.vetorino.com\/boutique\/","name":"V\u00e9torino","description":"","publisher":{"@id":"https:\/\/www.vetorino.com\/boutique\/#organization"},"potentialAction":[{"@type":"SearchAction","target":{"@type":"EntryPoint","urlTemplate":"https:\/\/www.vetorino.com\/boutique\/?s={search_term_string}"},"query-input":{"@type":"PropertyValueSpecification","valueRequired":true,"valueName":"search_term_string"}}],"inLanguage":"fr-FR"},{"@type":"Organization","@id":"https:\/\/www.vetorino.com\/boutique\/#organization","name":"V\u00e9torino","url":"https:\/\/www.vetorino.com\/boutique\/","logo":{"@type":"ImageObject","inLanguage":"fr-FR","@id":"https:\/\/www.vetorino.com\/boutique\/#\/schema\/logo\/image\/","url":"https:\/\/www.vetorino.com\/boutique\/wp-content\/uploads\/2024\/10\/logo.jpg","contentUrl":"https:\/\/www.vetorino.com\/boutique\/wp-content\/uploads\/2024\/10\/logo.jpg","width":1200,"height":610,"caption":"V\u00e9torino"},"image":{"@id":"https:\/\/www.vetorino.com\/boutique\/#\/schema\/logo\/image\/"},"sameAs":["https:\/\/www.facebook.com\/Vetorino\/","https:\/\/www.instagram.com\/vetorino_off\/","https:\/\/www.linkedin.com\/company\/vtorino\/"]}]},"product_brand":"Greenvet","product_price_amount":"17.10","product_price_currency":"EUR","og_availability":"instock","product_availability":"instock","product_retailer_item_id":"A-1882920","product_condition":"new"},"_links":{"self":[{"href":"https:\/\/www.vetorino.com\/veterinaire\/prunelli-di-fiumorbo-20243\/boutique\/wp-json\/wp\/v2\/product\/1409381","targetHints":{"allow":["GET"]}}],"collection":[{"href":"https:\/\/www.vetorino.com\/veterinaire\/prunelli-di-fiumorbo-20243\/boutique\/wp-json\/wp\/v2\/product"}],"about":[{"href":"https:\/\/www.vetorino.com\/veterinaire\/prunelli-di-fiumorbo-20243\/boutique\/wp-json\/wp\/v2\/types\/product"}],"wp:featuredmedia":[{"embeddable":true,"href":"https:\/\/www.vetorino.com\/veterinaire\/prunelli-di-fiumorbo-20243\/boutique\/wp-json\/wp\/v2\/media\/1409380"}],"wp:attachment":[{"href":"https:\/\/www.vetorino.com\/veterinaire\/prunelli-di-fiumorbo-20243\/boutique\/wp-json\/wp\/v2\/media?parent=1409381"}],"wp:term":[{"taxonomy":"product_cat","embeddable":true,"href":"https:\/\/www.vetorino.com\/veterinaire\/prunelli-di-fiumorbo-20243\/boutique\/wp-json\/wp\/v2\/product_cat?post=1409381"},{"taxonomy":"product_tag","embeddable":true,"href":"https:\/\/www.vetorino.com\/veterinaire\/prunelli-di-fiumorbo-20243\/boutique\/wp-json\/wp\/v2\/product_tag?post=1409381"}],"curies":[{"name":"wp","href":"https:\/\/api.w.org\/{rel}","templated":true}]}}