{"id":1423981,"date":"2025-07-22T17:57:03","date_gmt":"2025-07-22T15:57:03","guid":{"rendered":"https:\/\/www.vetorino.com\/boutique\/product\/flexadin-young-dog-mini-bouchees\/"},"modified":"2025-07-23T11:30:50","modified_gmt":"2025-07-23T09:30:50","slug":"flexadin-young-dog-mini-bouchees","status":"publish","type":"product","link":"https:\/\/www.vetorino.com\/veterinaire\/prunelli-di-fiumorbo-20243\/boutique\/product\/flexadin-young-dog-mini-bouchees\/","title":{"rendered":"Flexadin Young Dog Mini &#8211; chiot"},"content":{"rendered":"<p><strong>Flexadin Essential Young Dog Mini<\/strong>\u00a0est un aliment compl\u00e9mentaire sous forme de<strong> bouch\u00e9es app\u00e9tentes,<\/strong> \u00e0 donner une fois par jour, directement dans la gueule de l&#8217;animal ou m\u00e9lang\u00e9es \u00e0 la nourriture.<\/p>\n<p>Il est formul\u00e9 gr\u00e2ce \u00e0 une combinaison d\u2019ingr\u00e9dients d&#8217;origine naturelle made in France<strong> pour soutenir les articulations<\/strong> des jeunes chiens de petite race, \u00e2g\u00e9s de 6 mois \u00e0 2 ans et pesant jusqu\u2019\u00e0 10 kg.<\/p>\n<p>Pris r\u00e9guli\u00e8rement, d\u00e8s le plus jeune \u00e2ge, l\u2019aliment compl\u00e9mentaire Flexadin Essential Young Dog Mini aidera \u00e0 garder votre animal actif au fil des ann\u00e9es, <strong>\u00e9vitant ainsi les probl\u00e8mes de mobilit\u00e9<\/strong> qui peuvent se manifester plus tard dans la vie.<\/p>\n<p><strong>Avantages<\/strong>\u00a0:<\/p>\n<ul>\n<li>Bouch\u00e9e savoureuse : pratique \u00e0 donner<\/li>\n<li>Soutient les articulations des chiots de petite taille en pleine croissance<\/li>\n<li>Glucosamine et sulfate de chondro\u00eftine : deux composants du cartilage pour soutenir la mobilit\u00e9<\/li>\n<li>Om\u00e9ga-3 : Acides gras qui aident \u00e0 maintenir des articulations saines au fil du temps<\/li>\n<li>Vitamine E : propri\u00e9tes anti-oxydantes<\/li>\n<li>Harpagophytum procumbens : plante reconnue pour am\u00e9liorer le confort articulaire<\/li>\n<\/ul>\n<p><strong>Utilisation :<\/strong><\/p>\n<ul>\n<li>Petits chiens pesant jusqu\u2019\u00e0 6 kg : 1 bouch\u00e9e par jour.<\/li>\n<li>Petits chiens de 6 \u00e0 10 kg : 2 bouch\u00e9es \u00e0 m\u00e2cher par jour.<\/li>\n<\/ul>\n","protected":false},"excerpt":{"rendered":"<p><strong>Flexadin Essential Young Dog Mini<\/strong>\u00a0est un aliment compl\u00e9mentaire sous forme de bouch\u00e9e, pour soutenir les articulations des jeunes chiots de petite race, \u00e2g\u00e9s de 6 mois \u00e0 2 ans et pesant moins de 10 kg.<\/p>\n<p><strong>Utilisation :<\/strong><\/p>\n<ul>\n<li>Petits chiens pesant jusqu\u2019\u00e0 6 kg : 1 bouch\u00e9e par jour.<\/li>\n<li>Petits chiens de 6 \u00e0 10 kg : 2 bouch\u00e9es \u00e0 m\u00e2cher par jour.<\/li>\n<\/ul>\n","protected":false},"featured_media":1425024,"template":"","meta":[],"product_cat":[12552,2738,2698],"product_tag":[],"class_list":{"0":"post-1423981","1":"product","2":"type-product","3":"status-publish","4":"has-post-thumbnail","6":"product_cat-alimentation-du-chien","7":"product_cat-aliments-complementaires-pour-chien","8":"product_cat-chien","9":"pa_marque-vetoquinol","11":"first","12":"instock","13":"taxable","14":"shipping-taxable","15":"purchasable","16":"product-type-variable"},"yoast_head":"<!-- This site is optimized with the Yoast SEO plugin v27.3 - https:\/\/yoast.com\/product\/yoast-seo-wordpress\/ -->\n<title>Flexadin Young Dog Mini - chiot V\u00e9toquinol - V\u00e9torino<\/title>\n<meta name=\"description\" content=\"Flexadin Essential Young Dog Mini\u00a0est un aliment compl\u00e9mentaire sous forme de bouch\u00e9e, pour soutenir les articulations des jeunes chiots de petite race, \u00e2g\u00e9s de 6 mois \u00e0 2 ans et pesant moins de 10 kg.  Utilisation :   Petits chiens pesant jusqu\u2019\u00e0 6 kg : 1 bouch\u00e9e par jour.  Petits chiens de 6 \u00e0 10 kg : 2 bouch\u00e9es \u00e0 m\u00e2cher par jour.\" \/>\n<meta name=\"robots\" content=\"noindex, nofollow\" \/>\n<meta property=\"og:locale\" content=\"fr_FR\" \/>\n<meta property=\"og:type\" content=\"article\" \/>\n<meta property=\"og:title\" content=\"Flexadin Young Dog Mini - chiot V\u00e9toquinol - V\u00e9torino\" \/>\n<meta property=\"og:description\" content=\"Flexadin Essential Young Dog Mini\u00a0est un aliment compl\u00e9mentaire sous forme de bouch\u00e9e, pour soutenir les articulations des jeunes chiots de petite race, \u00e2g\u00e9s de 6 mois \u00e0 2 ans et pesant moins de 10 kg.  Utilisation :   Petits chiens pesant jusqu\u2019\u00e0 6 kg : 1 bouch\u00e9e par jour.  Petits chiens de 6 \u00e0 10 kg : 2 bouch\u00e9es \u00e0 m\u00e2cher par jour.\" \/>\n<meta property=\"og:url\" content=\"https:\/\/www.vetorino.com\/veterinaire\/prunelli-di-fiumorbo-20243\/boutique\/product\/flexadin-young-dog-mini-bouchees\/\" \/>\n<meta property=\"og:site_name\" content=\"V\u00e9torino\" \/>\n<meta property=\"article:publisher\" content=\"https:\/\/www.facebook.com\/Vetorino\/\" \/>\n<meta property=\"article:modified_time\" content=\"2025-07-23T09:30:50+00:00\" \/>\n<meta property=\"og:image\" content=\"https:\/\/www.vetorino.com\/boutique\/wp-content\/uploads\/2025\/07\/flexadin-young-dog-mini.webp\" \/>\n\t<meta property=\"og:image:width\" content=\"800\" \/>\n\t<meta property=\"og:image:height\" content=\"800\" \/>\n\t<meta property=\"og:image:type\" content=\"image\/webp\" \/>\n<meta name=\"twitter:card\" content=\"summary_large_image\" \/>\n<meta name=\"twitter:label1\" content=\"Disponibilit\u00e9\" \/>\n\t<meta name=\"twitter:data1\" content=\"En stock\" \/>\n<script type=\"application\/ld+json\" class=\"yoast-schema-graph\">{\"@context\":\"https:\\\/\\\/schema.org\",\"@graph\":[{\"@type\":\"WebPage\",\"@id\":\"https:\\\/\\\/www.vetorino.com\\\/boutique\\\/product\\\/flexadin-young-dog-mini-bouchees\\\/\",\"url\":\"https:\\\/\\\/www.vetorino.com\\\/boutique\\\/product\\\/flexadin-young-dog-mini-bouchees\\\/\",\"name\":\"Flexadin Young Dog Mini - chiot V\u00e9toquinol - V\u00e9torino\",\"isPartOf\":{\"@id\":\"https:\\\/\\\/www.vetorino.com\\\/boutique\\\/#website\"},\"primaryImageOfPage\":{\"@id\":\"https:\\\/\\\/www.vetorino.com\\\/boutique\\\/product\\\/flexadin-young-dog-mini-bouchees\\\/#primaryimage\"},\"image\":{\"@id\":\"https:\\\/\\\/www.vetorino.com\\\/boutique\\\/product\\\/flexadin-young-dog-mini-bouchees\\\/#primaryimage\"},\"thumbnailUrl\":\"https:\\\/\\\/www.vetorino.com\\\/boutique\\\/wp-content\\\/uploads\\\/2025\\\/07\\\/flexadin-young-dog-mini.webp\",\"datePublished\":\"2025-07-22T15:57:03+00:00\",\"dateModified\":\"2025-07-23T09:30:50+00:00\",\"description\":\"Flexadin Essential Young Dog Mini\u00a0est un aliment compl\u00e9mentaire sous forme de bouch\u00e9e, pour soutenir les articulations des jeunes chiots de petite race, \u00e2g\u00e9s de 6 mois \u00e0 2 ans et pesant moins de 10 kg. Utilisation : Petits chiens pesant jusqu\u2019\u00e0 6 kg : 1 bouch\u00e9e par jour. Petits chiens de 6 \u00e0 10 kg : 2 bouch\u00e9es \u00e0 m\u00e2cher par jour.\",\"breadcrumb\":{\"@id\":\"https:\\\/\\\/www.vetorino.com\\\/boutique\\\/product\\\/flexadin-young-dog-mini-bouchees\\\/#breadcrumb\"},\"inLanguage\":\"fr-FR\",\"potentialAction\":[{\"@type\":\"ReadAction\",\"target\":[\"https:\\\/\\\/www.vetorino.com\\\/boutique\\\/product\\\/flexadin-young-dog-mini-bouchees\\\/\"]}]},{\"@type\":\"ImageObject\",\"inLanguage\":\"fr-FR\",\"@id\":\"https:\\\/\\\/www.vetorino.com\\\/boutique\\\/product\\\/flexadin-young-dog-mini-bouchees\\\/#primaryimage\",\"url\":\"https:\\\/\\\/www.vetorino.com\\\/boutique\\\/wp-content\\\/uploads\\\/2025\\\/07\\\/flexadin-young-dog-mini.webp\",\"contentUrl\":\"https:\\\/\\\/www.vetorino.com\\\/boutique\\\/wp-content\\\/uploads\\\/2025\\\/07\\\/flexadin-young-dog-mini.webp\",\"width\":800,\"height\":800},{\"@type\":\"BreadcrumbList\",\"@id\":\"https:\\\/\\\/www.vetorino.com\\\/boutique\\\/product\\\/flexadin-young-dog-mini-bouchees\\\/#breadcrumb\",\"itemListElement\":[{\"@type\":\"ListItem\",\"position\":1,\"name\":\"Accueil\",\"item\":\"https:\\\/\\\/www.vetorino.com\\\/boutique\\\/\"},{\"@type\":\"ListItem\",\"position\":2,\"name\":\"Produits\",\"item\":\"https:\\\/\\\/www.vetorino.com\\\/boutique\\\/\"},{\"@type\":\"ListItem\",\"position\":3,\"name\":\"Flexadin Young Dog Mini &#8211; chiot\"}]},{\"@type\":\"WebSite\",\"@id\":\"https:\\\/\\\/www.vetorino.com\\\/boutique\\\/#website\",\"url\":\"https:\\\/\\\/www.vetorino.com\\\/boutique\\\/\",\"name\":\"V\u00e9torino\",\"description\":\"\",\"publisher\":{\"@id\":\"https:\\\/\\\/www.vetorino.com\\\/boutique\\\/#organization\"},\"potentialAction\":[{\"@type\":\"SearchAction\",\"target\":{\"@type\":\"EntryPoint\",\"urlTemplate\":\"https:\\\/\\\/www.vetorino.com\\\/boutique\\\/?s={search_term_string}\"},\"query-input\":{\"@type\":\"PropertyValueSpecification\",\"valueRequired\":true,\"valueName\":\"search_term_string\"}}],\"inLanguage\":\"fr-FR\"},{\"@type\":\"Organization\",\"@id\":\"https:\\\/\\\/www.vetorino.com\\\/boutique\\\/#organization\",\"name\":\"V\u00e9torino\",\"url\":\"https:\\\/\\\/www.vetorino.com\\\/boutique\\\/\",\"logo\":{\"@type\":\"ImageObject\",\"inLanguage\":\"fr-FR\",\"@id\":\"https:\\\/\\\/www.vetorino.com\\\/boutique\\\/#\\\/schema\\\/logo\\\/image\\\/\",\"url\":\"https:\\\/\\\/www.vetorino.com\\\/boutique\\\/wp-content\\\/uploads\\\/2024\\\/10\\\/logo.jpg\",\"contentUrl\":\"https:\\\/\\\/www.vetorino.com\\\/boutique\\\/wp-content\\\/uploads\\\/2024\\\/10\\\/logo.jpg\",\"width\":1200,\"height\":610,\"caption\":\"V\u00e9torino\"},\"image\":{\"@id\":\"https:\\\/\\\/www.vetorino.com\\\/boutique\\\/#\\\/schema\\\/logo\\\/image\\\/\"},\"sameAs\":[\"https:\\\/\\\/www.facebook.com\\\/Vetorino\\\/\",\"https:\\\/\\\/www.instagram.com\\\/vetorino_off\\\/\",\"https:\\\/\\\/www.linkedin.com\\\/company\\\/vtorino\\\/\"]}]}<\/script>\n<meta property=\"product:brand\" content=\"V\u00e9toquinol\" \/>\n<meta property=\"og:availability\" content=\"instock\" \/>\n<meta property=\"product:availability\" content=\"instock\" \/>\n<meta property=\"product:condition\" content=\"new\" \/>\n<!-- \/ Yoast SEO plugin. -->","yoast_head_json":{"title":"Flexadin Young Dog Mini - chiot V\u00e9toquinol - V\u00e9torino","description":"Flexadin Essential Young Dog Mini\u00a0est un aliment compl\u00e9mentaire sous forme de bouch\u00e9e, pour soutenir les articulations des jeunes chiots de petite race, \u00e2g\u00e9s de 6 mois \u00e0 2 ans et pesant moins de 10 kg.  Utilisation :   Petits chiens pesant jusqu\u2019\u00e0 6 kg : 1 bouch\u00e9e par jour.  Petits chiens de 6 \u00e0 10 kg : 2 bouch\u00e9es \u00e0 m\u00e2cher par jour.","robots":{"index":"noindex","follow":"nofollow"},"og_locale":"fr_FR","og_type":"article","og_title":"Flexadin Young Dog Mini - chiot V\u00e9toquinol - V\u00e9torino","og_description":"Flexadin Essential Young Dog Mini\u00a0est un aliment compl\u00e9mentaire sous forme de bouch\u00e9e, pour soutenir les articulations des jeunes chiots de petite race, \u00e2g\u00e9s de 6 mois \u00e0 2 ans et pesant moins de 10 kg.  Utilisation :   Petits chiens pesant jusqu\u2019\u00e0 6 kg : 1 bouch\u00e9e par jour.  Petits chiens de 6 \u00e0 10 kg : 2 bouch\u00e9es \u00e0 m\u00e2cher par jour.","og_url":"https:\/\/www.vetorino.com\/veterinaire\/prunelli-di-fiumorbo-20243\/boutique\/product\/flexadin-young-dog-mini-bouchees\/","og_site_name":"V\u00e9torino","article_publisher":"https:\/\/www.facebook.com\/Vetorino\/","article_modified_time":"2025-07-23T09:30:50+00:00","og_image":[{"width":800,"height":800,"url":"https:\/\/www.vetorino.com\/boutique\/wp-content\/uploads\/2025\/07\/flexadin-young-dog-mini.webp","type":"image\/webp"}],"twitter_card":"summary_large_image","twitter_misc":{"Disponibilit\u00e9":"En stock"},"schema":{"@context":"https:\/\/schema.org","@graph":[{"@type":"WebPage","@id":"https:\/\/www.vetorino.com\/boutique\/product\/flexadin-young-dog-mini-bouchees\/","url":"https:\/\/www.vetorino.com\/boutique\/product\/flexadin-young-dog-mini-bouchees\/","name":"Flexadin Young Dog Mini - chiot V\u00e9toquinol - V\u00e9torino","isPartOf":{"@id":"https:\/\/www.vetorino.com\/boutique\/#website"},"primaryImageOfPage":{"@id":"https:\/\/www.vetorino.com\/boutique\/product\/flexadin-young-dog-mini-bouchees\/#primaryimage"},"image":{"@id":"https:\/\/www.vetorino.com\/boutique\/product\/flexadin-young-dog-mini-bouchees\/#primaryimage"},"thumbnailUrl":"https:\/\/www.vetorino.com\/boutique\/wp-content\/uploads\/2025\/07\/flexadin-young-dog-mini.webp","datePublished":"2025-07-22T15:57:03+00:00","dateModified":"2025-07-23T09:30:50+00:00","description":"Flexadin Essential Young Dog Mini\u00a0est un aliment compl\u00e9mentaire sous forme de bouch\u00e9e, pour soutenir les articulations des jeunes chiots de petite race, \u00e2g\u00e9s de 6 mois \u00e0 2 ans et pesant moins de 10 kg. Utilisation : Petits chiens pesant jusqu\u2019\u00e0 6 kg : 1 bouch\u00e9e par jour. Petits chiens de 6 \u00e0 10 kg : 2 bouch\u00e9es \u00e0 m\u00e2cher par jour.","breadcrumb":{"@id":"https:\/\/www.vetorino.com\/boutique\/product\/flexadin-young-dog-mini-bouchees\/#breadcrumb"},"inLanguage":"fr-FR","potentialAction":[{"@type":"ReadAction","target":["https:\/\/www.vetorino.com\/boutique\/product\/flexadin-young-dog-mini-bouchees\/"]}]},{"@type":"ImageObject","inLanguage":"fr-FR","@id":"https:\/\/www.vetorino.com\/boutique\/product\/flexadin-young-dog-mini-bouchees\/#primaryimage","url":"https:\/\/www.vetorino.com\/boutique\/wp-content\/uploads\/2025\/07\/flexadin-young-dog-mini.webp","contentUrl":"https:\/\/www.vetorino.com\/boutique\/wp-content\/uploads\/2025\/07\/flexadin-young-dog-mini.webp","width":800,"height":800},{"@type":"BreadcrumbList","@id":"https:\/\/www.vetorino.com\/boutique\/product\/flexadin-young-dog-mini-bouchees\/#breadcrumb","itemListElement":[{"@type":"ListItem","position":1,"name":"Accueil","item":"https:\/\/www.vetorino.com\/boutique\/"},{"@type":"ListItem","position":2,"name":"Produits","item":"https:\/\/www.vetorino.com\/boutique\/"},{"@type":"ListItem","position":3,"name":"Flexadin Young Dog Mini &#8211; chiot"}]},{"@type":"WebSite","@id":"https:\/\/www.vetorino.com\/boutique\/#website","url":"https:\/\/www.vetorino.com\/boutique\/","name":"V\u00e9torino","description":"","publisher":{"@id":"https:\/\/www.vetorino.com\/boutique\/#organization"},"potentialAction":[{"@type":"SearchAction","target":{"@type":"EntryPoint","urlTemplate":"https:\/\/www.vetorino.com\/boutique\/?s={search_term_string}"},"query-input":{"@type":"PropertyValueSpecification","valueRequired":true,"valueName":"search_term_string"}}],"inLanguage":"fr-FR"},{"@type":"Organization","@id":"https:\/\/www.vetorino.com\/boutique\/#organization","name":"V\u00e9torino","url":"https:\/\/www.vetorino.com\/boutique\/","logo":{"@type":"ImageObject","inLanguage":"fr-FR","@id":"https:\/\/www.vetorino.com\/boutique\/#\/schema\/logo\/image\/","url":"https:\/\/www.vetorino.com\/boutique\/wp-content\/uploads\/2024\/10\/logo.jpg","contentUrl":"https:\/\/www.vetorino.com\/boutique\/wp-content\/uploads\/2024\/10\/logo.jpg","width":1200,"height":610,"caption":"V\u00e9torino"},"image":{"@id":"https:\/\/www.vetorino.com\/boutique\/#\/schema\/logo\/image\/"},"sameAs":["https:\/\/www.facebook.com\/Vetorino\/","https:\/\/www.instagram.com\/vetorino_off\/","https:\/\/www.linkedin.com\/company\/vtorino\/"]}]},"product_brand":"V\u00e9toquinol","og_availability":"instock","product_availability":"instock","product_condition":"new"},"_links":{"self":[{"href":"https:\/\/www.vetorino.com\/veterinaire\/prunelli-di-fiumorbo-20243\/boutique\/wp-json\/wp\/v2\/product\/1423981","targetHints":{"allow":["GET"]}}],"collection":[{"href":"https:\/\/www.vetorino.com\/veterinaire\/prunelli-di-fiumorbo-20243\/boutique\/wp-json\/wp\/v2\/product"}],"about":[{"href":"https:\/\/www.vetorino.com\/veterinaire\/prunelli-di-fiumorbo-20243\/boutique\/wp-json\/wp\/v2\/types\/product"}],"wp:featuredmedia":[{"embeddable":true,"href":"https:\/\/www.vetorino.com\/veterinaire\/prunelli-di-fiumorbo-20243\/boutique\/wp-json\/wp\/v2\/media\/1425024"}],"wp:attachment":[{"href":"https:\/\/www.vetorino.com\/veterinaire\/prunelli-di-fiumorbo-20243\/boutique\/wp-json\/wp\/v2\/media?parent=1423981"}],"wp:term":[{"taxonomy":"product_cat","embeddable":true,"href":"https:\/\/www.vetorino.com\/veterinaire\/prunelli-di-fiumorbo-20243\/boutique\/wp-json\/wp\/v2\/product_cat?post=1423981"},{"taxonomy":"product_tag","embeddable":true,"href":"https:\/\/www.vetorino.com\/veterinaire\/prunelli-di-fiumorbo-20243\/boutique\/wp-json\/wp\/v2\/product_tag?post=1423981"}],"curies":[{"name":"wp","href":"https:\/\/api.w.org\/{rel}","templated":true}]}}