{"id":1437261,"date":"2025-08-02T05:35:04","date_gmt":"2025-08-02T03:35:04","guid":{"rendered":"https:\/\/www.vetorino.com\/boutique\/product\/vetessentials-canine-multi-benefit-senior-health-small-mini\/"},"modified":"2025-08-05T12:13:43","modified_gmt":"2025-08-05T10:13:43","slug":"vetessentials-canine-multi-benefit-senior-health-small-mini","status":"publish","type":"product","link":"https:\/\/www.vetorino.com\/veterinaire\/prunelli-di-fiumorbo-20243\/boutique\/product\/vetessentials-canine-multi-benefit-senior-health-small-mini\/","title":{"rendered":"Chien Multi-Benefit + Senior Health Small &amp; Mini"},"content":{"rendered":"<p><b>Chien Multi-Benefit + Senior Health Small &amp; Mini est un a<\/b><strong>liment complet aux multi-b\u00e9n\u00e9fices con\u00e7u pour soutenir le cerveau et le corps des chiens vieillissants (plus de 7 ans) de\u00a0petite et tr\u00e8s petite race<\/strong><\/p>\n<p><strong>Utilisation :<\/strong><\/p>\n<ul>\n<li>Chiens de plus de 7 ans de petite et tr\u00e8s petite race (moins de 10kg)<\/li>\n<\/ul>\n<p><strong>Contre-indications :<\/strong><\/p>\n<ul>\n<li>Chiots de moins de 1 an.<\/li>\n<li>Chiennes gestantes ou allaitantes. Pendant la gestation et l&#8217;allaitement, les chiennes doivent \u00eatre nourries avec une formule Vet Essentials Multi-Benefit Puppy (autre que Vet Essentials Multi-Benefit Puppy pour grande race).<\/li>\n<li>Chiens adultes (1-6 ans)<\/li>\n<\/ul>\n<p><strong>Bienfaits essentiels :<br \/>\n<\/strong><\/p>\n<ul>\n<li><strong>Soutien anti-vieillissement :<\/strong> soutient la sant\u00e9 du cerveau et fournit de l&#8217;\u00e9nergie pour l&#8217;activit\u00e9 quotidienne gr\u00e2ce \u00e0 un m\u00e9lange anti-\u00e2ge unique\u00a0 <strong>Soutien des os et des articulations<\/strong> : con\u00e7u pour favoriser la mobilit\u00e9 et faciliter les mouvements<\/li>\n<li>Aide au soutien de leur <strong>syst\u00e8me immunitaire<\/strong>\u00a0avec un m\u00e9lange exclusif <strong>d&#8217;antioxydants<\/strong> cliniquement prouv\u00e9s (vitamines C et E) et d&#8217;antioxydants provenant de fruits et l\u00e9gumes<\/li>\n<li>Aide au soutient de la <strong>fonction r\u00e9nale<\/strong> et favorise la <strong>sant\u00e9 des autres organes vitaux<\/strong><\/li>\n<li>Aide \u00e0 la sant\u00e9 digestive :\u00a0fournit aux chiens \u00e2g\u00e9s la nutrition vitale dont ils ont besoin dans une recette hautement digestible, incluant des prot\u00e9ines d&#8217;\u0153uf<\/li>\n<\/ul>\n","protected":false},"excerpt":{"rendered":"<div id=\"product-description-short-5561\">\n<p><strong>Aliment complet aux multi-b\u00e9n\u00e9fices con\u00e7u pour soutenir le cerveau et le corps des chiens vieillissants (plus de 7 ans) de\u00a0petite et tr\u00e8s petite race<\/strong><\/p>\n<p><strong>Utilisation :<\/strong><\/p>\n<ul>\n<li>Chiens de plus de 7 ans de petite et tr\u00e8s petite race (moins de 10kg)<\/li>\n<\/ul>\n<\/div>\n","protected":false},"featured_media":634577,"template":"","meta":[],"product_cat":[12552,12584,2698],"product_tag":[],"class_list":{"0":"post-1437261","1":"product","2":"type-product","3":"status-publish","4":"has-post-thumbnail","6":"product_cat-alimentation-du-chien","7":"product_cat-alimentation-premium-pour-chien","8":"product_cat-chien","9":"pa_marque-hills-pet-nutrition","11":"first","12":"instock","13":"taxable","14":"shipping-taxable","15":"purchasable","16":"product-type-simple"},"yoast_head":"<!-- This site is optimized with the Yoast SEO plugin v27.3 - https:\/\/yoast.com\/product\/yoast-seo-wordpress\/ -->\n<title>Vetessentials (Hill&#039;s) Chien Multi-Benefit + Senior Health Small &amp; Mini Hill&#039;s - V\u00e9torino<\/title>\n<meta name=\"description\" content=\"Aliment complet aux multi-b\u00e9n\u00e9fices con\u00e7u pour soutenir le cerveau et le corps des chiens vieillissants (plus de 7 ans) de\u00a0petite et tr\u00e8s petite race  Utilisation :   Chiens de plus de 7 ans de petite et tr\u00e8s petite race (moins de 10kg)\" \/>\n<meta name=\"robots\" content=\"noindex, nofollow\" \/>\n<meta property=\"og:locale\" content=\"fr_FR\" \/>\n<meta property=\"og:type\" content=\"article\" \/>\n<meta property=\"og:title\" content=\"Vetessentials (Hill&#039;s) Chien Multi-Benefit + Senior Health Small &amp; Mini Hill&#039;s - V\u00e9torino\" \/>\n<meta property=\"og:description\" content=\"Aliment complet aux multi-b\u00e9n\u00e9fices con\u00e7u pour soutenir le cerveau et le corps des chiens vieillissants (plus de 7 ans) de\u00a0petite et tr\u00e8s petite race  Utilisation :   Chiens de plus de 7 ans de petite et tr\u00e8s petite race (moins de 10kg)\" \/>\n<meta property=\"og:url\" content=\"https:\/\/www.vetorino.com\/veterinaire\/prunelli-di-fiumorbo-20243\/boutique\/product\/vetessentials-canine-multi-benefit-senior-health-small-mini\/\" \/>\n<meta property=\"og:site_name\" content=\"V\u00e9torino\" \/>\n<meta property=\"article:publisher\" content=\"https:\/\/www.facebook.com\/Vetorino\/\" \/>\n<meta property=\"article:modified_time\" content=\"2025-08-05T10:13:43+00:00\" \/>\n<meta property=\"og:image\" content=\"https:\/\/www.vetorino.com\/boutique\/wp-content\/uploads\/2023\/06\/ve-canine-vetessentials-senior-mature-adult-small-mini-dog-food-chicken-dry-productShot_zoom.jpg\" \/>\n\t<meta property=\"og:image:width\" content=\"1500\" \/>\n\t<meta property=\"og:image:height\" content=\"1500\" \/>\n\t<meta property=\"og:image:type\" content=\"image\/jpeg\" \/>\n<meta name=\"twitter:card\" content=\"summary_large_image\" \/>\n<meta name=\"twitter:label1\" content=\"Prix\" \/>\n\t<meta name=\"twitter:data1\" content=\"61,70&euro;\" \/>\n\t<meta name=\"twitter:label2\" content=\"Disponibilit\u00e9\" \/>\n\t<meta name=\"twitter:data2\" content=\"En stock\" \/>\n<script type=\"application\/ld+json\" class=\"yoast-schema-graph\">{\"@context\":\"https:\\\/\\\/schema.org\",\"@graph\":[{\"@type\":\"WebPage\",\"@id\":\"https:\\\/\\\/www.vetorino.com\\\/veterinaire\\\/briancon-05100\\\/boutique\\\/product\\\/vetessentials-canine-multi-benefit-senior-health-small-mini\\\/\",\"url\":\"https:\\\/\\\/www.vetorino.com\\\/veterinaire\\\/briancon-05100\\\/boutique\\\/product\\\/vetessentials-canine-multi-benefit-senior-health-small-mini\\\/\",\"name\":\"Vetessentials (Hill's) Chien Multi-Benefit + Senior Health Small &amp; Mini Hill's - V\u00e9torino\",\"isPartOf\":{\"@id\":\"https:\\\/\\\/www.vetorino.com\\\/boutique\\\/#website\"},\"primaryImageOfPage\":{\"@id\":\"https:\\\/\\\/www.vetorino.com\\\/veterinaire\\\/briancon-05100\\\/boutique\\\/product\\\/vetessentials-canine-multi-benefit-senior-health-small-mini\\\/#primaryimage\"},\"image\":{\"@id\":\"https:\\\/\\\/www.vetorino.com\\\/veterinaire\\\/briancon-05100\\\/boutique\\\/product\\\/vetessentials-canine-multi-benefit-senior-health-small-mini\\\/#primaryimage\"},\"thumbnailUrl\":\"https:\\\/\\\/www.vetorino.com\\\/boutique\\\/wp-content\\\/uploads\\\/2023\\\/06\\\/ve-canine-vetessentials-senior-mature-adult-small-mini-dog-food-chicken-dry-productShot_zoom.jpg\",\"datePublished\":\"2025-08-02T03:35:04+00:00\",\"dateModified\":\"2025-08-05T10:13:43+00:00\",\"description\":\"Aliment complet aux multi-b\u00e9n\u00e9fices con\u00e7u pour soutenir le cerveau et le corps des chiens vieillissants (plus de 7 ans) de\u00a0petite et tr\u00e8s petite race Utilisation : Chiens de plus de 7 ans de petite et tr\u00e8s petite race (moins de 10kg)\",\"breadcrumb\":{\"@id\":\"https:\\\/\\\/www.vetorino.com\\\/veterinaire\\\/briancon-05100\\\/boutique\\\/product\\\/vetessentials-canine-multi-benefit-senior-health-small-mini\\\/#breadcrumb\"},\"inLanguage\":\"fr-FR\",\"potentialAction\":[{\"@type\":\"ReadAction\",\"target\":[\"https:\\\/\\\/www.vetorino.com\\\/veterinaire\\\/briancon-05100\\\/boutique\\\/product\\\/vetessentials-canine-multi-benefit-senior-health-small-mini\\\/\"]}]},{\"@type\":\"ImageObject\",\"inLanguage\":\"fr-FR\",\"@id\":\"https:\\\/\\\/www.vetorino.com\\\/veterinaire\\\/briancon-05100\\\/boutique\\\/product\\\/vetessentials-canine-multi-benefit-senior-health-small-mini\\\/#primaryimage\",\"url\":\"https:\\\/\\\/www.vetorino.com\\\/boutique\\\/wp-content\\\/uploads\\\/2023\\\/06\\\/ve-canine-vetessentials-senior-mature-adult-small-mini-dog-food-chicken-dry-productShot_zoom.jpg\",\"contentUrl\":\"https:\\\/\\\/www.vetorino.com\\\/boutique\\\/wp-content\\\/uploads\\\/2023\\\/06\\\/ve-canine-vetessentials-senior-mature-adult-small-mini-dog-food-chicken-dry-productShot_zoom.jpg\",\"width\":1500,\"height\":1500},{\"@type\":\"BreadcrumbList\",\"@id\":\"https:\\\/\\\/www.vetorino.com\\\/veterinaire\\\/briancon-05100\\\/boutique\\\/product\\\/vetessentials-canine-multi-benefit-senior-health-small-mini\\\/#breadcrumb\",\"itemListElement\":[{\"@type\":\"ListItem\",\"position\":1,\"name\":\"Accueil\",\"item\":\"https:\\\/\\\/www.vetorino.com\\\/boutique\\\/\"},{\"@type\":\"ListItem\",\"position\":2,\"name\":\"Produits\",\"item\":\"https:\\\/\\\/www.vetorino.com\\\/boutique\\\/\"},{\"@type\":\"ListItem\",\"position\":3,\"name\":\"Chien Multi-Benefit + Senior Health Small &amp; Mini\"}]},{\"@type\":\"WebSite\",\"@id\":\"https:\\\/\\\/www.vetorino.com\\\/boutique\\\/#website\",\"url\":\"https:\\\/\\\/www.vetorino.com\\\/boutique\\\/\",\"name\":\"V\u00e9torino\",\"description\":\"\",\"publisher\":{\"@id\":\"https:\\\/\\\/www.vetorino.com\\\/boutique\\\/#organization\"},\"potentialAction\":[{\"@type\":\"SearchAction\",\"target\":{\"@type\":\"EntryPoint\",\"urlTemplate\":\"https:\\\/\\\/www.vetorino.com\\\/boutique\\\/?s={search_term_string}\"},\"query-input\":{\"@type\":\"PropertyValueSpecification\",\"valueRequired\":true,\"valueName\":\"search_term_string\"}}],\"inLanguage\":\"fr-FR\"},{\"@type\":\"Organization\",\"@id\":\"https:\\\/\\\/www.vetorino.com\\\/boutique\\\/#organization\",\"name\":\"V\u00e9torino\",\"url\":\"https:\\\/\\\/www.vetorino.com\\\/boutique\\\/\",\"logo\":{\"@type\":\"ImageObject\",\"inLanguage\":\"fr-FR\",\"@id\":\"https:\\\/\\\/www.vetorino.com\\\/boutique\\\/#\\\/schema\\\/logo\\\/image\\\/\",\"url\":\"https:\\\/\\\/www.vetorino.com\\\/boutique\\\/wp-content\\\/uploads\\\/2024\\\/10\\\/logo.jpg\",\"contentUrl\":\"https:\\\/\\\/www.vetorino.com\\\/boutique\\\/wp-content\\\/uploads\\\/2024\\\/10\\\/logo.jpg\",\"width\":1200,\"height\":610,\"caption\":\"V\u00e9torino\"},\"image\":{\"@id\":\"https:\\\/\\\/www.vetorino.com\\\/boutique\\\/#\\\/schema\\\/logo\\\/image\\\/\"},\"sameAs\":[\"https:\\\/\\\/www.facebook.com\\\/Vetorino\\\/\",\"https:\\\/\\\/www.instagram.com\\\/vetorino_off\\\/\",\"https:\\\/\\\/www.linkedin.com\\\/company\\\/vtorino\\\/\"]}]}<\/script>\n<meta property=\"product:brand\" content=\"Hill&#039;s\" \/>\n<meta property=\"product:price:amount\" content=\"61.70\" \/>\n<meta property=\"product:price:currency\" content=\"EUR\" \/>\n<meta property=\"og:availability\" content=\"instock\" \/>\n<meta property=\"product:availability\" content=\"instock\" \/>\n<meta property=\"product:retailer_item_id\" content=\"A-1893790\" \/>\n<meta property=\"product:condition\" content=\"new\" \/>\n<!-- \/ Yoast SEO plugin. -->","yoast_head_json":{"title":"Vetessentials (Hill's) Chien Multi-Benefit + Senior Health Small &amp; Mini Hill's - V\u00e9torino","description":"Aliment complet aux multi-b\u00e9n\u00e9fices con\u00e7u pour soutenir le cerveau et le corps des chiens vieillissants (plus de 7 ans) de\u00a0petite et tr\u00e8s petite race  Utilisation :   Chiens de plus de 7 ans de petite et tr\u00e8s petite race (moins de 10kg)","robots":{"index":"noindex","follow":"nofollow"},"og_locale":"fr_FR","og_type":"article","og_title":"Vetessentials (Hill's) Chien Multi-Benefit + Senior Health Small &amp; Mini Hill's - V\u00e9torino","og_description":"Aliment complet aux multi-b\u00e9n\u00e9fices con\u00e7u pour soutenir le cerveau et le corps des chiens vieillissants (plus de 7 ans) de\u00a0petite et tr\u00e8s petite race  Utilisation :   Chiens de plus de 7 ans de petite et tr\u00e8s petite race (moins de 10kg)","og_url":"https:\/\/www.vetorino.com\/veterinaire\/prunelli-di-fiumorbo-20243\/boutique\/product\/vetessentials-canine-multi-benefit-senior-health-small-mini\/","og_site_name":"V\u00e9torino","article_publisher":"https:\/\/www.facebook.com\/Vetorino\/","article_modified_time":"2025-08-05T10:13:43+00:00","og_image":[{"width":1500,"height":1500,"url":"https:\/\/www.vetorino.com\/boutique\/wp-content\/uploads\/2023\/06\/ve-canine-vetessentials-senior-mature-adult-small-mini-dog-food-chicken-dry-productShot_zoom.jpg","type":"image\/jpeg"}],"twitter_card":"summary_large_image","twitter_misc":{"Prix":"61,70&euro;","Disponibilit\u00e9":"En stock"},"schema":{"@context":"https:\/\/schema.org","@graph":[{"@type":"WebPage","@id":"https:\/\/www.vetorino.com\/veterinaire\/briancon-05100\/boutique\/product\/vetessentials-canine-multi-benefit-senior-health-small-mini\/","url":"https:\/\/www.vetorino.com\/veterinaire\/briancon-05100\/boutique\/product\/vetessentials-canine-multi-benefit-senior-health-small-mini\/","name":"Vetessentials (Hill's) Chien Multi-Benefit + Senior Health Small &amp; Mini Hill's - V\u00e9torino","isPartOf":{"@id":"https:\/\/www.vetorino.com\/boutique\/#website"},"primaryImageOfPage":{"@id":"https:\/\/www.vetorino.com\/veterinaire\/briancon-05100\/boutique\/product\/vetessentials-canine-multi-benefit-senior-health-small-mini\/#primaryimage"},"image":{"@id":"https:\/\/www.vetorino.com\/veterinaire\/briancon-05100\/boutique\/product\/vetessentials-canine-multi-benefit-senior-health-small-mini\/#primaryimage"},"thumbnailUrl":"https:\/\/www.vetorino.com\/boutique\/wp-content\/uploads\/2023\/06\/ve-canine-vetessentials-senior-mature-adult-small-mini-dog-food-chicken-dry-productShot_zoom.jpg","datePublished":"2025-08-02T03:35:04+00:00","dateModified":"2025-08-05T10:13:43+00:00","description":"Aliment complet aux multi-b\u00e9n\u00e9fices con\u00e7u pour soutenir le cerveau et le corps des chiens vieillissants (plus de 7 ans) de\u00a0petite et tr\u00e8s petite race Utilisation : Chiens de plus de 7 ans de petite et tr\u00e8s petite race (moins de 10kg)","breadcrumb":{"@id":"https:\/\/www.vetorino.com\/veterinaire\/briancon-05100\/boutique\/product\/vetessentials-canine-multi-benefit-senior-health-small-mini\/#breadcrumb"},"inLanguage":"fr-FR","potentialAction":[{"@type":"ReadAction","target":["https:\/\/www.vetorino.com\/veterinaire\/briancon-05100\/boutique\/product\/vetessentials-canine-multi-benefit-senior-health-small-mini\/"]}]},{"@type":"ImageObject","inLanguage":"fr-FR","@id":"https:\/\/www.vetorino.com\/veterinaire\/briancon-05100\/boutique\/product\/vetessentials-canine-multi-benefit-senior-health-small-mini\/#primaryimage","url":"https:\/\/www.vetorino.com\/boutique\/wp-content\/uploads\/2023\/06\/ve-canine-vetessentials-senior-mature-adult-small-mini-dog-food-chicken-dry-productShot_zoom.jpg","contentUrl":"https:\/\/www.vetorino.com\/boutique\/wp-content\/uploads\/2023\/06\/ve-canine-vetessentials-senior-mature-adult-small-mini-dog-food-chicken-dry-productShot_zoom.jpg","width":1500,"height":1500},{"@type":"BreadcrumbList","@id":"https:\/\/www.vetorino.com\/veterinaire\/briancon-05100\/boutique\/product\/vetessentials-canine-multi-benefit-senior-health-small-mini\/#breadcrumb","itemListElement":[{"@type":"ListItem","position":1,"name":"Accueil","item":"https:\/\/www.vetorino.com\/boutique\/"},{"@type":"ListItem","position":2,"name":"Produits","item":"https:\/\/www.vetorino.com\/boutique\/"},{"@type":"ListItem","position":3,"name":"Chien Multi-Benefit + Senior Health Small &amp; Mini"}]},{"@type":"WebSite","@id":"https:\/\/www.vetorino.com\/boutique\/#website","url":"https:\/\/www.vetorino.com\/boutique\/","name":"V\u00e9torino","description":"","publisher":{"@id":"https:\/\/www.vetorino.com\/boutique\/#organization"},"potentialAction":[{"@type":"SearchAction","target":{"@type":"EntryPoint","urlTemplate":"https:\/\/www.vetorino.com\/boutique\/?s={search_term_string}"},"query-input":{"@type":"PropertyValueSpecification","valueRequired":true,"valueName":"search_term_string"}}],"inLanguage":"fr-FR"},{"@type":"Organization","@id":"https:\/\/www.vetorino.com\/boutique\/#organization","name":"V\u00e9torino","url":"https:\/\/www.vetorino.com\/boutique\/","logo":{"@type":"ImageObject","inLanguage":"fr-FR","@id":"https:\/\/www.vetorino.com\/boutique\/#\/schema\/logo\/image\/","url":"https:\/\/www.vetorino.com\/boutique\/wp-content\/uploads\/2024\/10\/logo.jpg","contentUrl":"https:\/\/www.vetorino.com\/boutique\/wp-content\/uploads\/2024\/10\/logo.jpg","width":1200,"height":610,"caption":"V\u00e9torino"},"image":{"@id":"https:\/\/www.vetorino.com\/boutique\/#\/schema\/logo\/image\/"},"sameAs":["https:\/\/www.facebook.com\/Vetorino\/","https:\/\/www.instagram.com\/vetorino_off\/","https:\/\/www.linkedin.com\/company\/vtorino\/"]}]},"product_brand":"Hill's","product_price_amount":"61.70","product_price_currency":"EUR","og_availability":"instock","product_availability":"instock","product_retailer_item_id":"A-1893790","product_condition":"new"},"_links":{"self":[{"href":"https:\/\/www.vetorino.com\/veterinaire\/prunelli-di-fiumorbo-20243\/boutique\/wp-json\/wp\/v2\/product\/1437261","targetHints":{"allow":["GET"]}}],"collection":[{"href":"https:\/\/www.vetorino.com\/veterinaire\/prunelli-di-fiumorbo-20243\/boutique\/wp-json\/wp\/v2\/product"}],"about":[{"href":"https:\/\/www.vetorino.com\/veterinaire\/prunelli-di-fiumorbo-20243\/boutique\/wp-json\/wp\/v2\/types\/product"}],"wp:featuredmedia":[{"embeddable":true,"href":"https:\/\/www.vetorino.com\/veterinaire\/prunelli-di-fiumorbo-20243\/boutique\/wp-json\/wp\/v2\/media\/634577"}],"wp:attachment":[{"href":"https:\/\/www.vetorino.com\/veterinaire\/prunelli-di-fiumorbo-20243\/boutique\/wp-json\/wp\/v2\/media?parent=1437261"}],"wp:term":[{"taxonomy":"product_cat","embeddable":true,"href":"https:\/\/www.vetorino.com\/veterinaire\/prunelli-di-fiumorbo-20243\/boutique\/wp-json\/wp\/v2\/product_cat?post=1437261"},{"taxonomy":"product_tag","embeddable":true,"href":"https:\/\/www.vetorino.com\/veterinaire\/prunelli-di-fiumorbo-20243\/boutique\/wp-json\/wp\/v2\/product_tag?post=1437261"}],"curies":[{"name":"wp","href":"https:\/\/api.w.org\/{rel}","templated":true}]}}