{"id":1529447,"date":"2025-10-15T12:35:43","date_gmt":"2025-10-15T10:35:43","guid":{"rendered":"https:\/\/www.vetorino.com\/boutique\/product\/ppvd-canine-en-gastrointestinal-low-fat\/"},"modified":"2025-10-29T11:48:59","modified_gmt":"2025-10-29T10:48:59","slug":"ppvd-canine-en-gastrointestinal-low-fat","status":"publish","type":"product","link":"https:\/\/www.vetorino.com\/veterinaire\/prunelli-di-fiumorbo-20243\/boutique\/product\/ppvd-canine-en-gastrointestinal-low-fat\/","title":{"rendered":"EN Gastrointestinal Low Fat &#8211;  chien"},"content":{"rendered":"<p>Aliment di\u00e9t\u00e9tique complet pour chiens adultes pour le soutien du m\u00e9tabolisme des lipides en cas d\u2019hyperlipid\u00e9mie.<\/p>\n<p>Il est hautement digestible et formul\u00e9 avec une\u00a0<strong>faible teneur en mati\u00e8res grasses<\/strong>.<\/p>\n<p>Il contient une source de mati\u00e8res grasses sp\u00e9ciale riche en triglyc\u00e9rides \u00e0 cha\u00eene moyenne (TCM), qui est\u00a0<strong>facilement dig\u00e9r\u00e9e et absorb\u00e9e\u00a0<\/strong>(par rapport \u00e0 d&#8217;autres types de graisse) pour fournir de l&#8217;\u00e9nergie facilement disponible.<\/p>\n<p><strong>Il est recommand\u00e9 de demander l\u2019avis d\u2019un v\u00e9t\u00e9rinaire avant utilisation ou prolongation de la p\u00e9riode d\u2019utilisation.<\/strong><\/p>\n","protected":false},"excerpt":{"rendered":"<p><strong>Croquettes\u00a0pour\u00a0chiens adultes\u00a0pour le soutien du m\u00e9tabolisme des lipides en cas de\u00a0troubles digestifs\u00a0dus \u00e0 d\u2019hyperlipid\u00e9mie.<\/strong><\/p>\n<p><strong>Caract\u00e9ristiques :<\/strong><\/p>\n<ul>\n<li>Teneur r\u00e9duite en mati\u00e8res grasses pour aider \u00e0 minimiser la maldigestion des graisses.<\/li>\n<li>Teneur \u00e9lev\u00e9e en AGCM (Acides Gras \u00e0 Chaines Moyenne) avec une source sp\u00e9ciale de mati\u00e8res grasses (huile de noix de coco), riche en AGCM pour une absorption intestinale facilit\u00e9e.<\/li>\n<li>Ingr\u00e9dients faciles \u00e0 dig\u00e9rer pour aider \u00e0 soulager l\u2019intestin.<\/li>\n<li>Bonne qualit\u00e9 des selles.<\/li>\n<\/ul>\n<p><strong>Il est recommand\u00e9 de demander l\u2019avis d\u2019un v\u00e9t\u00e9rinaire avant utilisation ou prolongation de la p\u00e9riode d\u2019utilisation.<\/strong><\/p>\n","protected":false},"featured_media":1547282,"template":"","meta":[],"product_cat":[12552,12582,2698],"product_tag":[],"class_list":{"0":"post-1529447","1":"product","2":"type-product","3":"status-publish","4":"has-post-thumbnail","6":"product_cat-alimentation-du-chien","7":"product_cat-alimentation-medicalisee-pour-chien","8":"product_cat-chien","9":"pa_marque-purina","11":"first","12":"instock","13":"taxable","14":"shipping-taxable","15":"purchasable","16":"product-type-variable"},"yoast_head":"<!-- This site is optimized with the Yoast SEO plugin v27.3 - https:\/\/yoast.com\/product\/yoast-seo-wordpress\/ -->\n<title>Proplan EN Gastrointestinal Low Fat - chien Purina Pro Plan - V\u00e9torino<\/title>\n<meta name=\"description\" content=\"Croquettes\u00a0pour\u00a0chiens adultes\u00a0pour le soutien du m\u00e9tabolisme des lipides en cas de\u00a0troubles digestifs\u00a0dus \u00e0 d\u2019hyperlipid\u00e9mie.  Caract\u00e9ristiques :   Teneur r\u00e9duite en mati\u00e8res grasses pour aider \u00e0 minimiser la maldigestion des graisses.  Teneur \u00e9lev\u00e9e en AGCM (Acides Gras \u00e0 Chaines Moyenne) avec une source sp\u00e9ciale de mati\u00e8res grasses (huile de noix de coco), riche en AGCM pour une absorption intestinale facilit\u00e9e.  Ingr\u00e9dients faciles \u00e0 dig\u00e9rer pour aider \u00e0 soulager l\u2019intestin.  Bonne qualit\u00e9 des selles.  Il est recommand\u00e9 de demander l\u2019avis d\u2019un v\u00e9t\u00e9rinaire avant utilisation ou prolongation de la p\u00e9riode d\u2019utilisation.\" \/>\n<meta name=\"robots\" content=\"noindex, nofollow\" \/>\n<meta property=\"og:locale\" content=\"fr_FR\" \/>\n<meta property=\"og:type\" content=\"article\" \/>\n<meta property=\"og:title\" content=\"Proplan EN Gastrointestinal Low Fat - chien Purina Pro Plan - V\u00e9torino\" \/>\n<meta property=\"og:description\" content=\"Croquettes\u00a0pour\u00a0chiens adultes\u00a0pour le soutien du m\u00e9tabolisme des lipides en cas de\u00a0troubles digestifs\u00a0dus \u00e0 d\u2019hyperlipid\u00e9mie.  Caract\u00e9ristiques :   Teneur r\u00e9duite en mati\u00e8res grasses pour aider \u00e0 minimiser la maldigestion des graisses.  Teneur \u00e9lev\u00e9e en AGCM (Acides Gras \u00e0 Chaines Moyenne) avec une source sp\u00e9ciale de mati\u00e8res grasses (huile de noix de coco), riche en AGCM pour une absorption intestinale facilit\u00e9e.  Ingr\u00e9dients faciles \u00e0 dig\u00e9rer pour aider \u00e0 soulager l\u2019intestin.  Bonne qualit\u00e9 des selles.  Il est recommand\u00e9 de demander l\u2019avis d\u2019un v\u00e9t\u00e9rinaire avant utilisation ou prolongation de la p\u00e9riode d\u2019utilisation.\" \/>\n<meta property=\"og:url\" content=\"https:\/\/www.vetorino.com\/veterinaire\/prunelli-di-fiumorbo-20243\/boutique\/product\/ppvd-canine-en-gastrointestinal-low-fat\/\" \/>\n<meta property=\"og:site_name\" content=\"V\u00e9torino\" \/>\n<meta property=\"article:publisher\" content=\"https:\/\/www.facebook.com\/Vetorino\/\" \/>\n<meta property=\"article:modified_time\" content=\"2025-10-29T10:48:59+00:00\" \/>\n<meta property=\"og:image\" content=\"https:\/\/www.vetorino.com\/boutique\/wp-content\/uploads\/2025\/10\/purina-gatsrointestinal-chien-croquette3.jpg.webp\" \/>\n\t<meta property=\"og:image:width\" content=\"680\" \/>\n\t<meta property=\"og:image:height\" content=\"680\" \/>\n\t<meta property=\"og:image:type\" content=\"image\/webp\" \/>\n<meta name=\"twitter:card\" content=\"summary_large_image\" \/>\n<meta name=\"twitter:label1\" content=\"Disponibilit\u00e9\" \/>\n\t<meta name=\"twitter:data1\" content=\"En stock\" \/>\n<script type=\"application\/ld+json\" class=\"yoast-schema-graph\">{\"@context\":\"https:\\\/\\\/schema.org\",\"@graph\":[{\"@type\":\"WebPage\",\"@id\":\"https:\\\/\\\/www.vetorino.com\\\/veterinaire\\\/briancon-05100\\\/boutique\\\/product\\\/ppvd-canine-en-gastrointestinal-low-fat\\\/\",\"url\":\"https:\\\/\\\/www.vetorino.com\\\/veterinaire\\\/briancon-05100\\\/boutique\\\/product\\\/ppvd-canine-en-gastrointestinal-low-fat\\\/\",\"name\":\"Proplan EN Gastrointestinal Low Fat - chien Purina Pro Plan - V\u00e9torino\",\"isPartOf\":{\"@id\":\"https:\\\/\\\/www.vetorino.com\\\/boutique\\\/#website\"},\"primaryImageOfPage\":{\"@id\":\"https:\\\/\\\/www.vetorino.com\\\/veterinaire\\\/briancon-05100\\\/boutique\\\/product\\\/ppvd-canine-en-gastrointestinal-low-fat\\\/#primaryimage\"},\"image\":{\"@id\":\"https:\\\/\\\/www.vetorino.com\\\/veterinaire\\\/briancon-05100\\\/boutique\\\/product\\\/ppvd-canine-en-gastrointestinal-low-fat\\\/#primaryimage\"},\"thumbnailUrl\":\"https:\\\/\\\/www.vetorino.com\\\/boutique\\\/wp-content\\\/uploads\\\/2025\\\/10\\\/purina-gatsrointestinal-chien-croquette3.jpg.webp\",\"datePublished\":\"2025-10-15T10:35:43+00:00\",\"dateModified\":\"2025-10-29T10:48:59+00:00\",\"description\":\"Croquettes\u00a0pour\u00a0chiens adultes\u00a0pour le soutien du m\u00e9tabolisme des lipides en cas de\u00a0troubles digestifs\u00a0dus \u00e0 d\u2019hyperlipid\u00e9mie. Caract\u00e9ristiques : Teneur r\u00e9duite en mati\u00e8res grasses pour aider \u00e0 minimiser la maldigestion des graisses. Teneur \u00e9lev\u00e9e en AGCM (Acides Gras \u00e0 Chaines Moyenne) avec une source sp\u00e9ciale de mati\u00e8res grasses (huile de noix de coco), riche en AGCM pour une absorption intestinale facilit\u00e9e. Ingr\u00e9dients faciles \u00e0 dig\u00e9rer pour aider \u00e0 soulager l\u2019intestin. Bonne qualit\u00e9 des selles. Il est recommand\u00e9 de demander l\u2019avis d\u2019un v\u00e9t\u00e9rinaire avant utilisation ou prolongation de la p\u00e9riode d\u2019utilisation.\",\"breadcrumb\":{\"@id\":\"https:\\\/\\\/www.vetorino.com\\\/veterinaire\\\/briancon-05100\\\/boutique\\\/product\\\/ppvd-canine-en-gastrointestinal-low-fat\\\/#breadcrumb\"},\"inLanguage\":\"fr-FR\",\"potentialAction\":[{\"@type\":\"ReadAction\",\"target\":[\"https:\\\/\\\/www.vetorino.com\\\/veterinaire\\\/briancon-05100\\\/boutique\\\/product\\\/ppvd-canine-en-gastrointestinal-low-fat\\\/\"]}]},{\"@type\":\"ImageObject\",\"inLanguage\":\"fr-FR\",\"@id\":\"https:\\\/\\\/www.vetorino.com\\\/veterinaire\\\/briancon-05100\\\/boutique\\\/product\\\/ppvd-canine-en-gastrointestinal-low-fat\\\/#primaryimage\",\"url\":\"https:\\\/\\\/www.vetorino.com\\\/boutique\\\/wp-content\\\/uploads\\\/2025\\\/10\\\/purina-gatsrointestinal-chien-croquette3.jpg.webp\",\"contentUrl\":\"https:\\\/\\\/www.vetorino.com\\\/boutique\\\/wp-content\\\/uploads\\\/2025\\\/10\\\/purina-gatsrointestinal-chien-croquette3.jpg.webp\",\"width\":680,\"height\":680},{\"@type\":\"BreadcrumbList\",\"@id\":\"https:\\\/\\\/www.vetorino.com\\\/veterinaire\\\/briancon-05100\\\/boutique\\\/product\\\/ppvd-canine-en-gastrointestinal-low-fat\\\/#breadcrumb\",\"itemListElement\":[{\"@type\":\"ListItem\",\"position\":1,\"name\":\"Accueil\",\"item\":\"https:\\\/\\\/www.vetorino.com\\\/boutique\\\/\"},{\"@type\":\"ListItem\",\"position\":2,\"name\":\"Produits\",\"item\":\"https:\\\/\\\/www.vetorino.com\\\/boutique\\\/\"},{\"@type\":\"ListItem\",\"position\":3,\"name\":\"EN Gastrointestinal Low Fat &#8211; chien\"}]},{\"@type\":\"WebSite\",\"@id\":\"https:\\\/\\\/www.vetorino.com\\\/boutique\\\/#website\",\"url\":\"https:\\\/\\\/www.vetorino.com\\\/boutique\\\/\",\"name\":\"V\u00e9torino\",\"description\":\"\",\"publisher\":{\"@id\":\"https:\\\/\\\/www.vetorino.com\\\/boutique\\\/#organization\"},\"potentialAction\":[{\"@type\":\"SearchAction\",\"target\":{\"@type\":\"EntryPoint\",\"urlTemplate\":\"https:\\\/\\\/www.vetorino.com\\\/boutique\\\/?s={search_term_string}\"},\"query-input\":{\"@type\":\"PropertyValueSpecification\",\"valueRequired\":true,\"valueName\":\"search_term_string\"}}],\"inLanguage\":\"fr-FR\"},{\"@type\":\"Organization\",\"@id\":\"https:\\\/\\\/www.vetorino.com\\\/boutique\\\/#organization\",\"name\":\"V\u00e9torino\",\"url\":\"https:\\\/\\\/www.vetorino.com\\\/boutique\\\/\",\"logo\":{\"@type\":\"ImageObject\",\"inLanguage\":\"fr-FR\",\"@id\":\"https:\\\/\\\/www.vetorino.com\\\/boutique\\\/#\\\/schema\\\/logo\\\/image\\\/\",\"url\":\"https:\\\/\\\/www.vetorino.com\\\/boutique\\\/wp-content\\\/uploads\\\/2024\\\/10\\\/logo.jpg\",\"contentUrl\":\"https:\\\/\\\/www.vetorino.com\\\/boutique\\\/wp-content\\\/uploads\\\/2024\\\/10\\\/logo.jpg\",\"width\":1200,\"height\":610,\"caption\":\"V\u00e9torino\"},\"image\":{\"@id\":\"https:\\\/\\\/www.vetorino.com\\\/boutique\\\/#\\\/schema\\\/logo\\\/image\\\/\"},\"sameAs\":[\"https:\\\/\\\/www.facebook.com\\\/Vetorino\\\/\",\"https:\\\/\\\/www.instagram.com\\\/vetorino_off\\\/\",\"https:\\\/\\\/www.linkedin.com\\\/company\\\/vtorino\\\/\"]}]}<\/script>\n<meta property=\"product:brand\" content=\"Purina Pro Plan\" \/>\n<meta property=\"og:availability\" content=\"instock\" \/>\n<meta property=\"product:availability\" content=\"instock\" \/>\n<meta property=\"product:condition\" content=\"new\" \/>\n<!-- \/ Yoast SEO plugin. -->","yoast_head_json":{"title":"Proplan EN Gastrointestinal Low Fat - chien Purina Pro Plan - V\u00e9torino","description":"Croquettes\u00a0pour\u00a0chiens adultes\u00a0pour le soutien du m\u00e9tabolisme des lipides en cas de\u00a0troubles digestifs\u00a0dus \u00e0 d\u2019hyperlipid\u00e9mie.  Caract\u00e9ristiques :   Teneur r\u00e9duite en mati\u00e8res grasses pour aider \u00e0 minimiser la maldigestion des graisses.  Teneur \u00e9lev\u00e9e en AGCM (Acides Gras \u00e0 Chaines Moyenne) avec une source sp\u00e9ciale de mati\u00e8res grasses (huile de noix de coco), riche en AGCM pour une absorption intestinale facilit\u00e9e.  Ingr\u00e9dients faciles \u00e0 dig\u00e9rer pour aider \u00e0 soulager l\u2019intestin.  Bonne qualit\u00e9 des selles.  Il est recommand\u00e9 de demander l\u2019avis d\u2019un v\u00e9t\u00e9rinaire avant utilisation ou prolongation de la p\u00e9riode d\u2019utilisation.","robots":{"index":"noindex","follow":"nofollow"},"og_locale":"fr_FR","og_type":"article","og_title":"Proplan EN Gastrointestinal Low Fat - chien Purina Pro Plan - V\u00e9torino","og_description":"Croquettes\u00a0pour\u00a0chiens adultes\u00a0pour le soutien du m\u00e9tabolisme des lipides en cas de\u00a0troubles digestifs\u00a0dus \u00e0 d\u2019hyperlipid\u00e9mie.  Caract\u00e9ristiques :   Teneur r\u00e9duite en mati\u00e8res grasses pour aider \u00e0 minimiser la maldigestion des graisses.  Teneur \u00e9lev\u00e9e en AGCM (Acides Gras \u00e0 Chaines Moyenne) avec une source sp\u00e9ciale de mati\u00e8res grasses (huile de noix de coco), riche en AGCM pour une absorption intestinale facilit\u00e9e.  Ingr\u00e9dients faciles \u00e0 dig\u00e9rer pour aider \u00e0 soulager l\u2019intestin.  Bonne qualit\u00e9 des selles.  Il est recommand\u00e9 de demander l\u2019avis d\u2019un v\u00e9t\u00e9rinaire avant utilisation ou prolongation de la p\u00e9riode d\u2019utilisation.","og_url":"https:\/\/www.vetorino.com\/veterinaire\/prunelli-di-fiumorbo-20243\/boutique\/product\/ppvd-canine-en-gastrointestinal-low-fat\/","og_site_name":"V\u00e9torino","article_publisher":"https:\/\/www.facebook.com\/Vetorino\/","article_modified_time":"2025-10-29T10:48:59+00:00","og_image":[{"width":680,"height":680,"url":"https:\/\/www.vetorino.com\/boutique\/wp-content\/uploads\/2025\/10\/purina-gatsrointestinal-chien-croquette3.jpg.webp","type":"image\/webp"}],"twitter_card":"summary_large_image","twitter_misc":{"Disponibilit\u00e9":"En stock"},"schema":{"@context":"https:\/\/schema.org","@graph":[{"@type":"WebPage","@id":"https:\/\/www.vetorino.com\/veterinaire\/briancon-05100\/boutique\/product\/ppvd-canine-en-gastrointestinal-low-fat\/","url":"https:\/\/www.vetorino.com\/veterinaire\/briancon-05100\/boutique\/product\/ppvd-canine-en-gastrointestinal-low-fat\/","name":"Proplan EN Gastrointestinal Low Fat - chien Purina Pro Plan - V\u00e9torino","isPartOf":{"@id":"https:\/\/www.vetorino.com\/boutique\/#website"},"primaryImageOfPage":{"@id":"https:\/\/www.vetorino.com\/veterinaire\/briancon-05100\/boutique\/product\/ppvd-canine-en-gastrointestinal-low-fat\/#primaryimage"},"image":{"@id":"https:\/\/www.vetorino.com\/veterinaire\/briancon-05100\/boutique\/product\/ppvd-canine-en-gastrointestinal-low-fat\/#primaryimage"},"thumbnailUrl":"https:\/\/www.vetorino.com\/boutique\/wp-content\/uploads\/2025\/10\/purina-gatsrointestinal-chien-croquette3.jpg.webp","datePublished":"2025-10-15T10:35:43+00:00","dateModified":"2025-10-29T10:48:59+00:00","description":"Croquettes\u00a0pour\u00a0chiens adultes\u00a0pour le soutien du m\u00e9tabolisme des lipides en cas de\u00a0troubles digestifs\u00a0dus \u00e0 d\u2019hyperlipid\u00e9mie. Caract\u00e9ristiques : Teneur r\u00e9duite en mati\u00e8res grasses pour aider \u00e0 minimiser la maldigestion des graisses. Teneur \u00e9lev\u00e9e en AGCM (Acides Gras \u00e0 Chaines Moyenne) avec une source sp\u00e9ciale de mati\u00e8res grasses (huile de noix de coco), riche en AGCM pour une absorption intestinale facilit\u00e9e. Ingr\u00e9dients faciles \u00e0 dig\u00e9rer pour aider \u00e0 soulager l\u2019intestin. Bonne qualit\u00e9 des selles. Il est recommand\u00e9 de demander l\u2019avis d\u2019un v\u00e9t\u00e9rinaire avant utilisation ou prolongation de la p\u00e9riode d\u2019utilisation.","breadcrumb":{"@id":"https:\/\/www.vetorino.com\/veterinaire\/briancon-05100\/boutique\/product\/ppvd-canine-en-gastrointestinal-low-fat\/#breadcrumb"},"inLanguage":"fr-FR","potentialAction":[{"@type":"ReadAction","target":["https:\/\/www.vetorino.com\/veterinaire\/briancon-05100\/boutique\/product\/ppvd-canine-en-gastrointestinal-low-fat\/"]}]},{"@type":"ImageObject","inLanguage":"fr-FR","@id":"https:\/\/www.vetorino.com\/veterinaire\/briancon-05100\/boutique\/product\/ppvd-canine-en-gastrointestinal-low-fat\/#primaryimage","url":"https:\/\/www.vetorino.com\/boutique\/wp-content\/uploads\/2025\/10\/purina-gatsrointestinal-chien-croquette3.jpg.webp","contentUrl":"https:\/\/www.vetorino.com\/boutique\/wp-content\/uploads\/2025\/10\/purina-gatsrointestinal-chien-croquette3.jpg.webp","width":680,"height":680},{"@type":"BreadcrumbList","@id":"https:\/\/www.vetorino.com\/veterinaire\/briancon-05100\/boutique\/product\/ppvd-canine-en-gastrointestinal-low-fat\/#breadcrumb","itemListElement":[{"@type":"ListItem","position":1,"name":"Accueil","item":"https:\/\/www.vetorino.com\/boutique\/"},{"@type":"ListItem","position":2,"name":"Produits","item":"https:\/\/www.vetorino.com\/boutique\/"},{"@type":"ListItem","position":3,"name":"EN Gastrointestinal Low Fat &#8211; chien"}]},{"@type":"WebSite","@id":"https:\/\/www.vetorino.com\/boutique\/#website","url":"https:\/\/www.vetorino.com\/boutique\/","name":"V\u00e9torino","description":"","publisher":{"@id":"https:\/\/www.vetorino.com\/boutique\/#organization"},"potentialAction":[{"@type":"SearchAction","target":{"@type":"EntryPoint","urlTemplate":"https:\/\/www.vetorino.com\/boutique\/?s={search_term_string}"},"query-input":{"@type":"PropertyValueSpecification","valueRequired":true,"valueName":"search_term_string"}}],"inLanguage":"fr-FR"},{"@type":"Organization","@id":"https:\/\/www.vetorino.com\/boutique\/#organization","name":"V\u00e9torino","url":"https:\/\/www.vetorino.com\/boutique\/","logo":{"@type":"ImageObject","inLanguage":"fr-FR","@id":"https:\/\/www.vetorino.com\/boutique\/#\/schema\/logo\/image\/","url":"https:\/\/www.vetorino.com\/boutique\/wp-content\/uploads\/2024\/10\/logo.jpg","contentUrl":"https:\/\/www.vetorino.com\/boutique\/wp-content\/uploads\/2024\/10\/logo.jpg","width":1200,"height":610,"caption":"V\u00e9torino"},"image":{"@id":"https:\/\/www.vetorino.com\/boutique\/#\/schema\/logo\/image\/"},"sameAs":["https:\/\/www.facebook.com\/Vetorino\/","https:\/\/www.instagram.com\/vetorino_off\/","https:\/\/www.linkedin.com\/company\/vtorino\/"]}]},"product_brand":"Purina Pro Plan","og_availability":"instock","product_availability":"instock","product_condition":"new"},"_links":{"self":[{"href":"https:\/\/www.vetorino.com\/veterinaire\/prunelli-di-fiumorbo-20243\/boutique\/wp-json\/wp\/v2\/product\/1529447","targetHints":{"allow":["GET"]}}],"collection":[{"href":"https:\/\/www.vetorino.com\/veterinaire\/prunelli-di-fiumorbo-20243\/boutique\/wp-json\/wp\/v2\/product"}],"about":[{"href":"https:\/\/www.vetorino.com\/veterinaire\/prunelli-di-fiumorbo-20243\/boutique\/wp-json\/wp\/v2\/types\/product"}],"wp:featuredmedia":[{"embeddable":true,"href":"https:\/\/www.vetorino.com\/veterinaire\/prunelli-di-fiumorbo-20243\/boutique\/wp-json\/wp\/v2\/media\/1547282"}],"wp:attachment":[{"href":"https:\/\/www.vetorino.com\/veterinaire\/prunelli-di-fiumorbo-20243\/boutique\/wp-json\/wp\/v2\/media?parent=1529447"}],"wp:term":[{"taxonomy":"product_cat","embeddable":true,"href":"https:\/\/www.vetorino.com\/veterinaire\/prunelli-di-fiumorbo-20243\/boutique\/wp-json\/wp\/v2\/product_cat?post=1529447"},{"taxonomy":"product_tag","embeddable":true,"href":"https:\/\/www.vetorino.com\/veterinaire\/prunelli-di-fiumorbo-20243\/boutique\/wp-json\/wp\/v2\/product_tag?post=1529447"}],"curies":[{"name":"wp","href":"https:\/\/api.w.org\/{rel}","templated":true}]}}