{"id":1689032,"date":"2026-02-05T10:48:09","date_gmt":"2026-02-05T09:48:09","guid":{"rendered":"https:\/\/www.vetorino.com\/boutique\/product\/flexadin-advanced-muscle-support-2\/"},"modified":"2026-02-09T10:27:13","modified_gmt":"2026-02-09T09:27:13","slug":"flexadin-advanced-muscle-support-2","status":"publish","type":"product","link":"https:\/\/www.vetorino.com\/veterinaire\/prunelli-di-fiumorbo-20243\/boutique\/product\/flexadin-advanced-muscle-support-2\/","title":{"rendered":"Flexadin Advanced Muscle Support &#8211; chien"},"content":{"rendered":"<p>Flexadin Advanced Muscle Support est un bio-modulateur articulaire fabriqu\u00e9 en France et \u00e0 la <strong>formule unique qui contribue \u00e0 la force musculaire et \u00e0 la flexibilit\u00e9 des articulations.<\/strong><\/p>\n<p>Il est tr\u00e8s facile \u00e0 donner, 1 bouch\u00e9e par jour quel que soit le poids de l&#8217;animal.<\/p>\n<p>Il est tr\u00e8s app\u00e9tant avec 97 % de prise spontan\u00e9e*. Il se pr\u00e9sente sous la forme d&#8217;un sachet fraicheur de 30 bouch\u00e9es refermable. C&#8217;est un aliment compl\u00e9mentaire avec une association unique pour contribuer \u00e0 la force musculaire et \u00e0 la flexibilit\u00e9 des articulations.<\/p>\n<p>Recommand\u00e9 pour :<\/p>\n<ul>\n<li>La pr\u00e9vention et prise en charge de la fonte musculaire.<\/li>\n<li>La r\u00e9cup\u00e9ration post-op\u00e9ratoire et chirurgies orthop\u00e9diques.<\/li>\n<li>La pr\u00e9paration et maintien de la fonction articulaire et musculaire chez le chien actif.<\/li>\n<\/ul>\n<p>Il reste \u00e0 mettre en place dans le cadre d\u2019une prise en charge pluridisciplinaire des probl\u00e8mes de mobilit\u00e9.<\/p>\n<p><em>*Rapport d&#8217;app\u00e9tence.<\/em><\/p>\n<p><strong>Utilisation : <\/strong><br \/>\nBouch\u00e9es app\u00e9tantes pour une administration facile 1 fois par jour.<br \/>\nL&#8217;administration d&#8217;une bouch\u00e9e unique est ind\u00e9pendante du poids de l&#8217;animal ainsi que de son \u00e2ge.<\/p>\n<p><strong>Contre indication :\u00a0<\/strong><\/p>\n<p>Il est d\u00e9conseill\u00e9 d&#8217;administrer Flexadin Advanced Muscle Support aux chiennes gestantes \/ allaitantes.<\/p>\n<p><strong>Indication m\u00e9dicale ;<\/strong><\/p>\n<p>Aliment senior<br \/>\nArthrose &amp; articulations<br \/>\nConvalescence &amp; r\u00e9cup\u00e9ration<br \/>\nMuscles &amp; tendons<br \/>\nOb\u00e9sit\u00e9 &amp; surpoids<br \/>\nPr\u00e9paration \u00e0 l&#8217;effort &amp; performance<\/p>\n<p><strong>Demander conseil \u00e0 un v\u00e9t\u00e9rinaire avant utilisation.<\/strong><\/p>\n","protected":false},"excerpt":{"rendered":"<p>Aliment compl\u00e9mentaire pour <strong>chiens <\/strong>en <strong>bouch\u00e9es<\/strong>, fabriqu\u00e9 en France.<\/p>\n<p>Formule unique qui contribue \u00e0 la<strong> force musculaire et \u00e0 la flexibilit\u00e9 des articulations<\/strong>.<\/p>\n<p><strong>Demander conseil \u00e0 un v\u00e9t\u00e9rinaire avant utilisation.<\/strong><\/p>\n","protected":false},"featured_media":1689036,"template":"","meta":[],"product_cat":[2738,2698,12568,12633],"product_tag":[],"class_list":{"0":"post-1689032","1":"product","2":"type-product","3":"status-publish","4":"has-post-thumbnail","6":"product_cat-aliments-complementaires-pour-chien","7":"product_cat-chien","8":"product_cat-produit-veterinaire-du-chien","9":"product_cat-soutien-articulaire-du-chien","10":"pa_marque-vetoquinol","12":"first","13":"instock","14":"taxable","15":"shipping-taxable","16":"purchasable","17":"product-type-simple"},"yoast_head":"<!-- This site is optimized with the Yoast SEO plugin v27.3 - https:\/\/yoast.com\/product\/yoast-seo-wordpress\/ -->\n<title>Flexadin Advanced Muscle Support - chien V\u00e9toquinol - V\u00e9torino<\/title>\n<meta name=\"description\" content=\"Aliment compl\u00e9mentaire pour chiens en bouch\u00e9es, fabriqu\u00e9 en France.  Formule unique qui contribue \u00e0 la force musculaire et \u00e0 la flexibilit\u00e9 des articulations.  Demander conseil \u00e0 un v\u00e9t\u00e9rinaire avant utilisation.\" \/>\n<meta name=\"robots\" content=\"noindex, nofollow\" \/>\n<meta property=\"og:locale\" content=\"fr_FR\" \/>\n<meta property=\"og:type\" content=\"article\" \/>\n<meta property=\"og:title\" content=\"Flexadin Advanced Muscle Support - chien V\u00e9toquinol - V\u00e9torino\" \/>\n<meta property=\"og:description\" content=\"Aliment compl\u00e9mentaire pour chiens en bouch\u00e9es, fabriqu\u00e9 en France.  Formule unique qui contribue \u00e0 la force musculaire et \u00e0 la flexibilit\u00e9 des articulations.  Demander conseil \u00e0 un v\u00e9t\u00e9rinaire avant utilisation.\" \/>\n<meta property=\"og:url\" content=\"https:\/\/www.vetorino.com\/veterinaire\/prunelli-di-fiumorbo-20243\/boutique\/product\/flexadin-advanced-muscle-support-2\/\" \/>\n<meta property=\"og:site_name\" content=\"V\u00e9torino\" \/>\n<meta property=\"article:publisher\" content=\"https:\/\/www.facebook.com\/Vetorino\/\" \/>\n<meta property=\"article:modified_time\" content=\"2026-02-09T09:27:13+00:00\" \/>\n<meta property=\"og:image\" content=\"https:\/\/www.vetorino.com\/boutique\/wp-content\/uploads\/2026\/02\/vetoquinol-flexadin-advanced-muscle-support-bouchees-mobilite-chien.jpg-2.png\" \/>\n\t<meta property=\"og:image:width\" content=\"800\" \/>\n\t<meta property=\"og:image:height\" content=\"800\" \/>\n\t<meta property=\"og:image:type\" content=\"image\/png\" \/>\n<meta name=\"twitter:card\" content=\"summary_large_image\" \/>\n<meta name=\"twitter:label1\" content=\"Prix\" \/>\n\t<meta name=\"twitter:data1\" content=\"40,92&euro;\" \/>\n\t<meta name=\"twitter:label2\" content=\"Disponibilit\u00e9\" \/>\n\t<meta name=\"twitter:data2\" content=\"En stock\" \/>\n<script type=\"application\/ld+json\" class=\"yoast-schema-graph\">{\"@context\":\"https:\\\/\\\/schema.org\",\"@graph\":[{\"@type\":\"WebPage\",\"@id\":\"https:\\\/\\\/www.vetorino.com\\\/boutique\\\/product\\\/flexadin-advanced-muscle-support-2\\\/\",\"url\":\"https:\\\/\\\/www.vetorino.com\\\/boutique\\\/product\\\/flexadin-advanced-muscle-support-2\\\/\",\"name\":\"Flexadin Advanced Muscle Support - chien V\u00e9toquinol - V\u00e9torino\",\"isPartOf\":{\"@id\":\"https:\\\/\\\/www.vetorino.com\\\/boutique\\\/#website\"},\"primaryImageOfPage\":{\"@id\":\"https:\\\/\\\/www.vetorino.com\\\/boutique\\\/product\\\/flexadin-advanced-muscle-support-2\\\/#primaryimage\"},\"image\":{\"@id\":\"https:\\\/\\\/www.vetorino.com\\\/boutique\\\/product\\\/flexadin-advanced-muscle-support-2\\\/#primaryimage\"},\"thumbnailUrl\":\"https:\\\/\\\/www.vetorino.com\\\/boutique\\\/wp-content\\\/uploads\\\/2026\\\/02\\\/vetoquinol-flexadin-advanced-muscle-support-bouchees-mobilite-chien.jpg-2.png\",\"datePublished\":\"2026-02-05T09:48:09+00:00\",\"dateModified\":\"2026-02-09T09:27:13+00:00\",\"description\":\"Aliment compl\u00e9mentaire pour chiens en bouch\u00e9es, fabriqu\u00e9 en France. Formule unique qui contribue \u00e0 la force musculaire et \u00e0 la flexibilit\u00e9 des articulations. Demander conseil \u00e0 un v\u00e9t\u00e9rinaire avant utilisation.\",\"breadcrumb\":{\"@id\":\"https:\\\/\\\/www.vetorino.com\\\/boutique\\\/product\\\/flexadin-advanced-muscle-support-2\\\/#breadcrumb\"},\"inLanguage\":\"fr-FR\",\"potentialAction\":[{\"@type\":\"ReadAction\",\"target\":[\"https:\\\/\\\/www.vetorino.com\\\/boutique\\\/product\\\/flexadin-advanced-muscle-support-2\\\/\"]}]},{\"@type\":\"ImageObject\",\"inLanguage\":\"fr-FR\",\"@id\":\"https:\\\/\\\/www.vetorino.com\\\/boutique\\\/product\\\/flexadin-advanced-muscle-support-2\\\/#primaryimage\",\"url\":\"https:\\\/\\\/www.vetorino.com\\\/boutique\\\/wp-content\\\/uploads\\\/2026\\\/02\\\/vetoquinol-flexadin-advanced-muscle-support-bouchees-mobilite-chien.jpg-2.png\",\"contentUrl\":\"https:\\\/\\\/www.vetorino.com\\\/boutique\\\/wp-content\\\/uploads\\\/2026\\\/02\\\/vetoquinol-flexadin-advanced-muscle-support-bouchees-mobilite-chien.jpg-2.png\",\"width\":800,\"height\":800},{\"@type\":\"BreadcrumbList\",\"@id\":\"https:\\\/\\\/www.vetorino.com\\\/boutique\\\/product\\\/flexadin-advanced-muscle-support-2\\\/#breadcrumb\",\"itemListElement\":[{\"@type\":\"ListItem\",\"position\":1,\"name\":\"Accueil\",\"item\":\"https:\\\/\\\/www.vetorino.com\\\/boutique\\\/\"},{\"@type\":\"ListItem\",\"position\":2,\"name\":\"Produits\",\"item\":\"https:\\\/\\\/www.vetorino.com\\\/boutique\\\/\"},{\"@type\":\"ListItem\",\"position\":3,\"name\":\"Flexadin Advanced Muscle Support &#8211; chien\"}]},{\"@type\":\"WebSite\",\"@id\":\"https:\\\/\\\/www.vetorino.com\\\/boutique\\\/#website\",\"url\":\"https:\\\/\\\/www.vetorino.com\\\/boutique\\\/\",\"name\":\"V\u00e9torino\",\"description\":\"\",\"publisher\":{\"@id\":\"https:\\\/\\\/www.vetorino.com\\\/boutique\\\/#organization\"},\"potentialAction\":[{\"@type\":\"SearchAction\",\"target\":{\"@type\":\"EntryPoint\",\"urlTemplate\":\"https:\\\/\\\/www.vetorino.com\\\/boutique\\\/?s={search_term_string}\"},\"query-input\":{\"@type\":\"PropertyValueSpecification\",\"valueRequired\":true,\"valueName\":\"search_term_string\"}}],\"inLanguage\":\"fr-FR\"},{\"@type\":\"Organization\",\"@id\":\"https:\\\/\\\/www.vetorino.com\\\/boutique\\\/#organization\",\"name\":\"V\u00e9torino\",\"url\":\"https:\\\/\\\/www.vetorino.com\\\/boutique\\\/\",\"logo\":{\"@type\":\"ImageObject\",\"inLanguage\":\"fr-FR\",\"@id\":\"https:\\\/\\\/www.vetorino.com\\\/boutique\\\/#\\\/schema\\\/logo\\\/image\\\/\",\"url\":\"https:\\\/\\\/www.vetorino.com\\\/boutique\\\/wp-content\\\/uploads\\\/2024\\\/10\\\/logo.jpg\",\"contentUrl\":\"https:\\\/\\\/www.vetorino.com\\\/boutique\\\/wp-content\\\/uploads\\\/2024\\\/10\\\/logo.jpg\",\"width\":1200,\"height\":610,\"caption\":\"V\u00e9torino\"},\"image\":{\"@id\":\"https:\\\/\\\/www.vetorino.com\\\/boutique\\\/#\\\/schema\\\/logo\\\/image\\\/\"},\"sameAs\":[\"https:\\\/\\\/www.facebook.com\\\/Vetorino\\\/\",\"https:\\\/\\\/www.instagram.com\\\/vetorino_off\\\/\",\"https:\\\/\\\/www.linkedin.com\\\/company\\\/vtorino\\\/\"]}]}<\/script>\n<meta property=\"product:brand\" content=\"V\u00e9toquinol\" \/>\n<meta property=\"product:price:amount\" content=\"40.92\" \/>\n<meta property=\"product:price:currency\" content=\"EUR\" \/>\n<meta property=\"og:availability\" content=\"instock\" \/>\n<meta property=\"product:availability\" content=\"instock\" \/>\n<meta property=\"product:retailer_item_id\" content=\"A-1899650\" \/>\n<meta property=\"product:condition\" content=\"new\" \/>\n<!-- \/ Yoast SEO plugin. -->","yoast_head_json":{"title":"Flexadin Advanced Muscle Support - chien V\u00e9toquinol - V\u00e9torino","description":"Aliment compl\u00e9mentaire pour chiens en bouch\u00e9es, fabriqu\u00e9 en France.  Formule unique qui contribue \u00e0 la force musculaire et \u00e0 la flexibilit\u00e9 des articulations.  Demander conseil \u00e0 un v\u00e9t\u00e9rinaire avant utilisation.","robots":{"index":"noindex","follow":"nofollow"},"og_locale":"fr_FR","og_type":"article","og_title":"Flexadin Advanced Muscle Support - chien V\u00e9toquinol - V\u00e9torino","og_description":"Aliment compl\u00e9mentaire pour chiens en bouch\u00e9es, fabriqu\u00e9 en France.  Formule unique qui contribue \u00e0 la force musculaire et \u00e0 la flexibilit\u00e9 des articulations.  Demander conseil \u00e0 un v\u00e9t\u00e9rinaire avant utilisation.","og_url":"https:\/\/www.vetorino.com\/veterinaire\/prunelli-di-fiumorbo-20243\/boutique\/product\/flexadin-advanced-muscle-support-2\/","og_site_name":"V\u00e9torino","article_publisher":"https:\/\/www.facebook.com\/Vetorino\/","article_modified_time":"2026-02-09T09:27:13+00:00","og_image":[{"width":800,"height":800,"url":"https:\/\/www.vetorino.com\/boutique\/wp-content\/uploads\/2026\/02\/vetoquinol-flexadin-advanced-muscle-support-bouchees-mobilite-chien.jpg-2.png","type":"image\/png"}],"twitter_card":"summary_large_image","twitter_misc":{"Prix":"40,92&euro;","Disponibilit\u00e9":"En stock"},"schema":{"@context":"https:\/\/schema.org","@graph":[{"@type":"WebPage","@id":"https:\/\/www.vetorino.com\/boutique\/product\/flexadin-advanced-muscle-support-2\/","url":"https:\/\/www.vetorino.com\/boutique\/product\/flexadin-advanced-muscle-support-2\/","name":"Flexadin Advanced Muscle Support - chien V\u00e9toquinol - V\u00e9torino","isPartOf":{"@id":"https:\/\/www.vetorino.com\/boutique\/#website"},"primaryImageOfPage":{"@id":"https:\/\/www.vetorino.com\/boutique\/product\/flexadin-advanced-muscle-support-2\/#primaryimage"},"image":{"@id":"https:\/\/www.vetorino.com\/boutique\/product\/flexadin-advanced-muscle-support-2\/#primaryimage"},"thumbnailUrl":"https:\/\/www.vetorino.com\/boutique\/wp-content\/uploads\/2026\/02\/vetoquinol-flexadin-advanced-muscle-support-bouchees-mobilite-chien.jpg-2.png","datePublished":"2026-02-05T09:48:09+00:00","dateModified":"2026-02-09T09:27:13+00:00","description":"Aliment compl\u00e9mentaire pour chiens en bouch\u00e9es, fabriqu\u00e9 en France. Formule unique qui contribue \u00e0 la force musculaire et \u00e0 la flexibilit\u00e9 des articulations. Demander conseil \u00e0 un v\u00e9t\u00e9rinaire avant utilisation.","breadcrumb":{"@id":"https:\/\/www.vetorino.com\/boutique\/product\/flexadin-advanced-muscle-support-2\/#breadcrumb"},"inLanguage":"fr-FR","potentialAction":[{"@type":"ReadAction","target":["https:\/\/www.vetorino.com\/boutique\/product\/flexadin-advanced-muscle-support-2\/"]}]},{"@type":"ImageObject","inLanguage":"fr-FR","@id":"https:\/\/www.vetorino.com\/boutique\/product\/flexadin-advanced-muscle-support-2\/#primaryimage","url":"https:\/\/www.vetorino.com\/boutique\/wp-content\/uploads\/2026\/02\/vetoquinol-flexadin-advanced-muscle-support-bouchees-mobilite-chien.jpg-2.png","contentUrl":"https:\/\/www.vetorino.com\/boutique\/wp-content\/uploads\/2026\/02\/vetoquinol-flexadin-advanced-muscle-support-bouchees-mobilite-chien.jpg-2.png","width":800,"height":800},{"@type":"BreadcrumbList","@id":"https:\/\/www.vetorino.com\/boutique\/product\/flexadin-advanced-muscle-support-2\/#breadcrumb","itemListElement":[{"@type":"ListItem","position":1,"name":"Accueil","item":"https:\/\/www.vetorino.com\/boutique\/"},{"@type":"ListItem","position":2,"name":"Produits","item":"https:\/\/www.vetorino.com\/boutique\/"},{"@type":"ListItem","position":3,"name":"Flexadin Advanced Muscle Support &#8211; chien"}]},{"@type":"WebSite","@id":"https:\/\/www.vetorino.com\/boutique\/#website","url":"https:\/\/www.vetorino.com\/boutique\/","name":"V\u00e9torino","description":"","publisher":{"@id":"https:\/\/www.vetorino.com\/boutique\/#organization"},"potentialAction":[{"@type":"SearchAction","target":{"@type":"EntryPoint","urlTemplate":"https:\/\/www.vetorino.com\/boutique\/?s={search_term_string}"},"query-input":{"@type":"PropertyValueSpecification","valueRequired":true,"valueName":"search_term_string"}}],"inLanguage":"fr-FR"},{"@type":"Organization","@id":"https:\/\/www.vetorino.com\/boutique\/#organization","name":"V\u00e9torino","url":"https:\/\/www.vetorino.com\/boutique\/","logo":{"@type":"ImageObject","inLanguage":"fr-FR","@id":"https:\/\/www.vetorino.com\/boutique\/#\/schema\/logo\/image\/","url":"https:\/\/www.vetorino.com\/boutique\/wp-content\/uploads\/2024\/10\/logo.jpg","contentUrl":"https:\/\/www.vetorino.com\/boutique\/wp-content\/uploads\/2024\/10\/logo.jpg","width":1200,"height":610,"caption":"V\u00e9torino"},"image":{"@id":"https:\/\/www.vetorino.com\/boutique\/#\/schema\/logo\/image\/"},"sameAs":["https:\/\/www.facebook.com\/Vetorino\/","https:\/\/www.instagram.com\/vetorino_off\/","https:\/\/www.linkedin.com\/company\/vtorino\/"]}]},"product_brand":"V\u00e9toquinol","product_price_amount":"40.92","product_price_currency":"EUR","og_availability":"instock","product_availability":"instock","product_retailer_item_id":"A-1899650","product_condition":"new"},"_links":{"self":[{"href":"https:\/\/www.vetorino.com\/veterinaire\/prunelli-di-fiumorbo-20243\/boutique\/wp-json\/wp\/v2\/product\/1689032","targetHints":{"allow":["GET"]}}],"collection":[{"href":"https:\/\/www.vetorino.com\/veterinaire\/prunelli-di-fiumorbo-20243\/boutique\/wp-json\/wp\/v2\/product"}],"about":[{"href":"https:\/\/www.vetorino.com\/veterinaire\/prunelli-di-fiumorbo-20243\/boutique\/wp-json\/wp\/v2\/types\/product"}],"wp:featuredmedia":[{"embeddable":true,"href":"https:\/\/www.vetorino.com\/veterinaire\/prunelli-di-fiumorbo-20243\/boutique\/wp-json\/wp\/v2\/media\/1689036"}],"wp:attachment":[{"href":"https:\/\/www.vetorino.com\/veterinaire\/prunelli-di-fiumorbo-20243\/boutique\/wp-json\/wp\/v2\/media?parent=1689032"}],"wp:term":[{"taxonomy":"product_cat","embeddable":true,"href":"https:\/\/www.vetorino.com\/veterinaire\/prunelli-di-fiumorbo-20243\/boutique\/wp-json\/wp\/v2\/product_cat?post=1689032"},{"taxonomy":"product_tag","embeddable":true,"href":"https:\/\/www.vetorino.com\/veterinaire\/prunelli-di-fiumorbo-20243\/boutique\/wp-json\/wp\/v2\/product_tag?post=1689032"}],"curies":[{"name":"wp","href":"https:\/\/api.w.org\/{rel}","templated":true}]}}