{"id":171520,"date":"2021-04-19T11:00:25","date_gmt":"2021-04-19T09:00:25","guid":{"rendered":"https:\/\/www.vetorino.com\/boutique\/?post_type=product&#038;p=171520"},"modified":"2024-07-17T15:06:51","modified_gmt":"2024-07-17T13:06:51","slug":"cage-chien-chat-gulliver","status":"publish","type":"product","link":"https:\/\/www.vetorino.com\/veterinaire\/prunelli-di-fiumorbo-20243\/boutique\/product\/cage-chien-chat-gulliver\/","title":{"rendered":"Cage de transport Gulliver"},"content":{"rendered":"<p><b>Tableau des tailles des cages de transport Gulliver :<\/b><\/p>\n<table border=\"\" width=\"90%\">\n<colgroup>\n<col width=\"5%\" \/>\n<col width=\"15%\" \/>\n<col width=\"25%\" \/>\n<col width=\"10%\" \/>\n<col width=\"10%\" \/>\n<col width=\"25%\" \/><\/colgroup>\n<tbody>\n<tr>\n<td align=\"center\"><small><b>Taille<\/b><\/small><\/td>\n<td align=\"center\"><small><b>Dimensions ext\u00e9rieures :<br \/>\nl x P x H<\/b><\/small><\/td>\n<td align=\"center\"><small><b>Dimensions int\u00e9rieures<br \/>\nl x P (maxi\/mini) x H (maxi\/mini)<\/b><\/small><\/td>\n<td align=\"center\"><small><b>Poids de la cage \u00e0 vide<\/b><\/small><\/td>\n<td align=\"center\"><small><b>Poids maximal du chien<\/b><\/small><\/td>\n<td align=\"center\"><small><b>Convient par ex. aux races suivantes :<\/b><\/small><\/td>\n<\/tr>\n<tr>\n<td align=\"center\"><small>4<\/small><\/td>\n<td align=\"center\"><small>52 x 72 x 51 cm<\/small><\/td>\n<td align=\"center\"><small>46\/43 x 64 x 47\/41 cm<\/small><\/td>\n<td align=\"center\"><small>4,7 kg<\/small><\/td>\n<td align=\"center\"><small>jusqu&#8217;\u00e0 18 kg<\/small><\/td>\n<td align=\"center\"><small>beagle, cocker spaniel, west Highland<br \/>\nterrier, caniche<\/small><\/td>\n<\/tr>\n<tr>\n<td align=\"center\"><small>5<\/small><\/td>\n<td align=\"center\"><small>58 x 79 x 60 cm<\/small><\/td>\n<td align=\"center\"><small>54\/49 x 71 x 57\/51 cm<\/small><\/td>\n<td align=\"center\"><small>7,1 kg<\/small><\/td>\n<td align=\"center\"><small>jusqu&#8217;\u00e0 25 kg<\/small><\/td>\n<td align=\"center\"><small>caniche, basset, bearded collie, border collie,<br \/>\nchow chow, collie<\/small><\/td>\n<\/tr>\n<tr>\n<td align=\"center\"><small>6<\/small><\/td>\n<td align=\"center\"><small>64 x 92 x 64 cm<\/small><\/td>\n<td align=\"center\"><small>60\/54 x 83 x 62\/56 cm<\/small><\/td>\n<td align=\"center\"><small>8,9 kg<\/small><\/td>\n<td align=\"center\"><small>jusqu&#8217;\u00e0 38 kg<\/small><\/td>\n<td align=\"center\"><small>barzo\u00ef, bobtail, \u00e9pagneul,<br \/>\nairdale terrier, dalmatien, labrador<\/small><\/td>\n<\/tr>\n<tr>\n<td align=\"center\"><small>7<\/small><\/td>\n<td align=\"center\"><small>73 x 104 x 75 cm<\/small><\/td>\n<td align=\"center\"><small>67\/61 x 94 x 73\/66 cm<\/small><\/td>\n<td align=\"center\"><small>11,3 kg<\/small><\/td>\n<td align=\"center\"><small>jusqu&#8217;\u00e0 50 kg<\/small><\/td>\n<td align=\"center\"><small>airdale terrier, boxer, doberman,<br \/>\nberger allemand, Labrador, Retriever, bouvier bernois<\/small><\/td>\n<\/tr>\n<\/tbody>\n<\/table>\n<p>Les indications concernant les tailles des races de chien ne sont donn\u00e9es qu&#8217;\u00e0 titre indicatif et se basent sur la taille moyenne de chaque race. Vous devez imp\u00e9rativement prendre en compte la taille de votre animal avant de choisir une cage de transport.<\/p>\n<p><b>Choisir la bonne taille pour prendre l&#8217;avion :<\/b>\u00a0selon la r\u00e9glementation de l&#8217;IATA (association internationale du transport a\u00e9rien), les dimensions de la cage doivent permettre \u00e0 l&#8217;animal de se tenir debout, sans que sa t\u00eate ou ses oreilles ne touchent le haut de la cage. Il doit pouvoir se retourner et se coucher dans une position naturelle pour lui.<\/p>\n<p><img decoding=\"async\" src=\"https:\/\/www.media.mediazs.com\/bilder\/1\/45785_Gulliver_Box_neueFarbe_IATA_022013_1.jpg\" height=\"200px\" align=\"left\" \/><img decoding=\"async\" src=\"https:\/\/www.media.mediazs.com\/bilder\/1\/45785_Massskizze_Hund_IATA_befpfeilt_inkl_Breite_SfW200_112012_1.jpg\" height=\"200px\" align=\"left\" \/><\/p>\n<p>La bonne longueur (A + 1\/2B) : mesurez la longueur de votre animal depuis le museau jusqu&#8217;\u00e0 la naissance de la queue, et ajoutez la demi-longueur des pattes avant.<\/p>\n<p>La bonne largeur (C x 2) : mesurez la largeur entre les omoplates et multipliez par 2.<\/p>\n<p>La bonne hauteur (D) : mesurez la hauteur de votre animal depuis les pattes jusqu&#8217;au cr\u00e2ne\/haut des oreilles.<\/p>\n<p><b>Attention : la poign\u00e9e n&#8217;est pas adapt\u00e9e au transport d&#8217;un animal \u00e0 l&#8217;int\u00e9rieur de la cage. Ceci n&#8217;est possible que si l&#8217;animal p\u00e8se moins de 8 kg.<\/b><\/p>\n","protected":false},"excerpt":{"rendered":"<p>Cage de transport pour chien\u00a0et chat, sp\u00e9cialement con\u00e7ue pour transporter votre compagnon en toute s\u00e9curit\u00e9.<\/p>\n","protected":false},"featured_media":171532,"template":"","meta":[],"product_cat":[12548,12550,2749,2776,2697,2698,2777,2747,12631],"product_tag":[],"class_list":{"0":"post-171520","1":"product","2":"type-product","3":"status-publish","4":"has-post-thumbnail","6":"product_cat-accessoire-du-chat","7":"product_cat-accessoires-du-chien","8":"product_cat-cages-transport-pour-chat","9":"product_cat-cages-et-transport-pour-chien","10":"product_cat-chat","11":"product_cat-chien","12":"product_cat-colliers-laisses-et-harnais-pour-chien","13":"product_cat-reptile","14":"product_cat-sortie-du-chat","15":"pa_marque-trixie","17":"first","18":"instock","19":"taxable","20":"shipping-taxable","21":"purchasable","22":"product-type-variable"},"yoast_head":"<!-- This site is optimized with the Yoast SEO plugin v27.3 - https:\/\/yoast.com\/product\/yoast-seo-wordpress\/ -->\n<title>Cage de transport Gulliver Trixie - V\u00e9torino<\/title>\n<meta name=\"description\" content=\"Cage de transport pour chien\u00a0et chat, sp\u00e9cialement con\u00e7ue pour transporter votre compagnon en toute s\u00e9curit\u00e9.\" \/>\n<meta name=\"robots\" content=\"noindex, nofollow\" \/>\n<meta property=\"og:locale\" content=\"fr_FR\" \/>\n<meta property=\"og:type\" content=\"article\" \/>\n<meta property=\"og:title\" content=\"Cage de transport Gulliver Trixie - V\u00e9torino\" \/>\n<meta property=\"og:description\" content=\"Cage de transport pour chien\u00a0et chat, sp\u00e9cialement con\u00e7ue pour transporter votre compagnon en toute s\u00e9curit\u00e9.\" \/>\n<meta property=\"og:url\" content=\"https:\/\/www.vetorino.com\/veterinaire\/prunelli-di-fiumorbo-20243\/boutique\/product\/cage-chien-chat-gulliver\/\" \/>\n<meta property=\"og:site_name\" content=\"V\u00e9torino\" \/>\n<meta property=\"article:publisher\" content=\"https:\/\/www.facebook.com\/Vetorino\/\" \/>\n<meta property=\"article:modified_time\" content=\"2024-07-17T13:06:51+00:00\" \/>\n<meta property=\"og:image\" content=\"https:\/\/www.vetorino.com\/boutique\/wp-content\/uploads\/2021\/04\/Gulliver_Transportbox_chien_Chat.jpg\" \/>\n\t<meta property=\"og:image:width\" content=\"800\" \/>\n\t<meta property=\"og:image:height\" content=\"800\" \/>\n\t<meta property=\"og:image:type\" content=\"image\/jpeg\" \/>\n<meta name=\"twitter:card\" content=\"summary_large_image\" \/>\n<meta name=\"twitter:label1\" content=\"Disponibilit\u00e9\" \/>\n\t<meta name=\"twitter:data1\" content=\"En stock\" \/>\n<script type=\"application\/ld+json\" class=\"yoast-schema-graph\">{\"@context\":\"https:\\\/\\\/schema.org\",\"@graph\":[{\"@type\":\"WebPage\",\"@id\":\"https:\\\/\\\/www.vetorino.com\\\/boutique\\\/product\\\/cage-chien-chat-gulliver\\\/\",\"url\":\"https:\\\/\\\/www.vetorino.com\\\/boutique\\\/product\\\/cage-chien-chat-gulliver\\\/\",\"name\":\"Cage de transport Gulliver Trixie - V\u00e9torino\",\"isPartOf\":{\"@id\":\"https:\\\/\\\/www.vetorino.com\\\/boutique\\\/#website\"},\"primaryImageOfPage\":{\"@id\":\"https:\\\/\\\/www.vetorino.com\\\/boutique\\\/product\\\/cage-chien-chat-gulliver\\\/#primaryimage\"},\"image\":{\"@id\":\"https:\\\/\\\/www.vetorino.com\\\/boutique\\\/product\\\/cage-chien-chat-gulliver\\\/#primaryimage\"},\"thumbnailUrl\":\"https:\\\/\\\/www.vetorino.com\\\/boutique\\\/wp-content\\\/uploads\\\/2021\\\/04\\\/Gulliver_Transportbox_chien_Chat.jpg\",\"datePublished\":\"2021-04-19T09:00:25+00:00\",\"dateModified\":\"2024-07-17T13:06:51+00:00\",\"description\":\"Cage de transport pour chien\u00a0et chat, sp\u00e9cialement con\u00e7ue pour transporter votre compagnon en toute s\u00e9curit\u00e9.\",\"breadcrumb\":{\"@id\":\"https:\\\/\\\/www.vetorino.com\\\/boutique\\\/product\\\/cage-chien-chat-gulliver\\\/#breadcrumb\"},\"inLanguage\":\"fr-FR\",\"potentialAction\":[{\"@type\":\"ReadAction\",\"target\":[\"https:\\\/\\\/www.vetorino.com\\\/boutique\\\/product\\\/cage-chien-chat-gulliver\\\/\"]}]},{\"@type\":\"ImageObject\",\"inLanguage\":\"fr-FR\",\"@id\":\"https:\\\/\\\/www.vetorino.com\\\/boutique\\\/product\\\/cage-chien-chat-gulliver\\\/#primaryimage\",\"url\":\"https:\\\/\\\/www.vetorino.com\\\/boutique\\\/wp-content\\\/uploads\\\/2021\\\/04\\\/Gulliver_Transportbox_chien_Chat.jpg\",\"contentUrl\":\"https:\\\/\\\/www.vetorino.com\\\/boutique\\\/wp-content\\\/uploads\\\/2021\\\/04\\\/Gulliver_Transportbox_chien_Chat.jpg\",\"width\":800,\"height\":800},{\"@type\":\"BreadcrumbList\",\"@id\":\"https:\\\/\\\/www.vetorino.com\\\/boutique\\\/product\\\/cage-chien-chat-gulliver\\\/#breadcrumb\",\"itemListElement\":[{\"@type\":\"ListItem\",\"position\":1,\"name\":\"Accueil\",\"item\":\"https:\\\/\\\/www.vetorino.com\\\/boutique\\\/\"},{\"@type\":\"ListItem\",\"position\":2,\"name\":\"Produits\",\"item\":\"https:\\\/\\\/www.vetorino.com\\\/boutique\\\/\"},{\"@type\":\"ListItem\",\"position\":3,\"name\":\"Cage de transport Gulliver\"}]},{\"@type\":\"WebSite\",\"@id\":\"https:\\\/\\\/www.vetorino.com\\\/boutique\\\/#website\",\"url\":\"https:\\\/\\\/www.vetorino.com\\\/boutique\\\/\",\"name\":\"V\u00e9torino\",\"description\":\"\",\"publisher\":{\"@id\":\"https:\\\/\\\/www.vetorino.com\\\/boutique\\\/#organization\"},\"potentialAction\":[{\"@type\":\"SearchAction\",\"target\":{\"@type\":\"EntryPoint\",\"urlTemplate\":\"https:\\\/\\\/www.vetorino.com\\\/boutique\\\/?s={search_term_string}\"},\"query-input\":{\"@type\":\"PropertyValueSpecification\",\"valueRequired\":true,\"valueName\":\"search_term_string\"}}],\"inLanguage\":\"fr-FR\"},{\"@type\":\"Organization\",\"@id\":\"https:\\\/\\\/www.vetorino.com\\\/boutique\\\/#organization\",\"name\":\"V\u00e9torino\",\"url\":\"https:\\\/\\\/www.vetorino.com\\\/boutique\\\/\",\"logo\":{\"@type\":\"ImageObject\",\"inLanguage\":\"fr-FR\",\"@id\":\"https:\\\/\\\/www.vetorino.com\\\/boutique\\\/#\\\/schema\\\/logo\\\/image\\\/\",\"url\":\"https:\\\/\\\/www.vetorino.com\\\/boutique\\\/wp-content\\\/uploads\\\/2024\\\/10\\\/logo.jpg\",\"contentUrl\":\"https:\\\/\\\/www.vetorino.com\\\/boutique\\\/wp-content\\\/uploads\\\/2024\\\/10\\\/logo.jpg\",\"width\":1200,\"height\":610,\"caption\":\"V\u00e9torino\"},\"image\":{\"@id\":\"https:\\\/\\\/www.vetorino.com\\\/boutique\\\/#\\\/schema\\\/logo\\\/image\\\/\"},\"sameAs\":[\"https:\\\/\\\/www.facebook.com\\\/Vetorino\\\/\",\"https:\\\/\\\/www.instagram.com\\\/vetorino_off\\\/\",\"https:\\\/\\\/www.linkedin.com\\\/company\\\/vtorino\\\/\"]}]}<\/script>\n<meta property=\"product:brand\" content=\"Trixie\" \/>\n<meta property=\"og:availability\" content=\"instock\" \/>\n<meta property=\"product:availability\" content=\"instock\" \/>\n<meta property=\"product:condition\" content=\"new\" \/>\n<!-- \/ Yoast SEO plugin. -->","yoast_head_json":{"title":"Cage de transport Gulliver Trixie - V\u00e9torino","description":"Cage de transport pour chien\u00a0et chat, sp\u00e9cialement con\u00e7ue pour transporter votre compagnon en toute s\u00e9curit\u00e9.","robots":{"index":"noindex","follow":"nofollow"},"og_locale":"fr_FR","og_type":"article","og_title":"Cage de transport Gulliver Trixie - V\u00e9torino","og_description":"Cage de transport pour chien\u00a0et chat, sp\u00e9cialement con\u00e7ue pour transporter votre compagnon en toute s\u00e9curit\u00e9.","og_url":"https:\/\/www.vetorino.com\/veterinaire\/prunelli-di-fiumorbo-20243\/boutique\/product\/cage-chien-chat-gulliver\/","og_site_name":"V\u00e9torino","article_publisher":"https:\/\/www.facebook.com\/Vetorino\/","article_modified_time":"2024-07-17T13:06:51+00:00","og_image":[{"width":800,"height":800,"url":"https:\/\/www.vetorino.com\/boutique\/wp-content\/uploads\/2021\/04\/Gulliver_Transportbox_chien_Chat.jpg","type":"image\/jpeg"}],"twitter_card":"summary_large_image","twitter_misc":{"Disponibilit\u00e9":"En stock"},"schema":{"@context":"https:\/\/schema.org","@graph":[{"@type":"WebPage","@id":"https:\/\/www.vetorino.com\/boutique\/product\/cage-chien-chat-gulliver\/","url":"https:\/\/www.vetorino.com\/boutique\/product\/cage-chien-chat-gulliver\/","name":"Cage de transport Gulliver Trixie - V\u00e9torino","isPartOf":{"@id":"https:\/\/www.vetorino.com\/boutique\/#website"},"primaryImageOfPage":{"@id":"https:\/\/www.vetorino.com\/boutique\/product\/cage-chien-chat-gulliver\/#primaryimage"},"image":{"@id":"https:\/\/www.vetorino.com\/boutique\/product\/cage-chien-chat-gulliver\/#primaryimage"},"thumbnailUrl":"https:\/\/www.vetorino.com\/boutique\/wp-content\/uploads\/2021\/04\/Gulliver_Transportbox_chien_Chat.jpg","datePublished":"2021-04-19T09:00:25+00:00","dateModified":"2024-07-17T13:06:51+00:00","description":"Cage de transport pour chien\u00a0et chat, sp\u00e9cialement con\u00e7ue pour transporter votre compagnon en toute s\u00e9curit\u00e9.","breadcrumb":{"@id":"https:\/\/www.vetorino.com\/boutique\/product\/cage-chien-chat-gulliver\/#breadcrumb"},"inLanguage":"fr-FR","potentialAction":[{"@type":"ReadAction","target":["https:\/\/www.vetorino.com\/boutique\/product\/cage-chien-chat-gulliver\/"]}]},{"@type":"ImageObject","inLanguage":"fr-FR","@id":"https:\/\/www.vetorino.com\/boutique\/product\/cage-chien-chat-gulliver\/#primaryimage","url":"https:\/\/www.vetorino.com\/boutique\/wp-content\/uploads\/2021\/04\/Gulliver_Transportbox_chien_Chat.jpg","contentUrl":"https:\/\/www.vetorino.com\/boutique\/wp-content\/uploads\/2021\/04\/Gulliver_Transportbox_chien_Chat.jpg","width":800,"height":800},{"@type":"BreadcrumbList","@id":"https:\/\/www.vetorino.com\/boutique\/product\/cage-chien-chat-gulliver\/#breadcrumb","itemListElement":[{"@type":"ListItem","position":1,"name":"Accueil","item":"https:\/\/www.vetorino.com\/boutique\/"},{"@type":"ListItem","position":2,"name":"Produits","item":"https:\/\/www.vetorino.com\/boutique\/"},{"@type":"ListItem","position":3,"name":"Cage de transport Gulliver"}]},{"@type":"WebSite","@id":"https:\/\/www.vetorino.com\/boutique\/#website","url":"https:\/\/www.vetorino.com\/boutique\/","name":"V\u00e9torino","description":"","publisher":{"@id":"https:\/\/www.vetorino.com\/boutique\/#organization"},"potentialAction":[{"@type":"SearchAction","target":{"@type":"EntryPoint","urlTemplate":"https:\/\/www.vetorino.com\/boutique\/?s={search_term_string}"},"query-input":{"@type":"PropertyValueSpecification","valueRequired":true,"valueName":"search_term_string"}}],"inLanguage":"fr-FR"},{"@type":"Organization","@id":"https:\/\/www.vetorino.com\/boutique\/#organization","name":"V\u00e9torino","url":"https:\/\/www.vetorino.com\/boutique\/","logo":{"@type":"ImageObject","inLanguage":"fr-FR","@id":"https:\/\/www.vetorino.com\/boutique\/#\/schema\/logo\/image\/","url":"https:\/\/www.vetorino.com\/boutique\/wp-content\/uploads\/2024\/10\/logo.jpg","contentUrl":"https:\/\/www.vetorino.com\/boutique\/wp-content\/uploads\/2024\/10\/logo.jpg","width":1200,"height":610,"caption":"V\u00e9torino"},"image":{"@id":"https:\/\/www.vetorino.com\/boutique\/#\/schema\/logo\/image\/"},"sameAs":["https:\/\/www.facebook.com\/Vetorino\/","https:\/\/www.instagram.com\/vetorino_off\/","https:\/\/www.linkedin.com\/company\/vtorino\/"]}]},"product_brand":"Trixie","og_availability":"instock","product_availability":"instock","product_condition":"new"},"_links":{"self":[{"href":"https:\/\/www.vetorino.com\/veterinaire\/prunelli-di-fiumorbo-20243\/boutique\/wp-json\/wp\/v2\/product\/171520","targetHints":{"allow":["GET"]}}],"collection":[{"href":"https:\/\/www.vetorino.com\/veterinaire\/prunelli-di-fiumorbo-20243\/boutique\/wp-json\/wp\/v2\/product"}],"about":[{"href":"https:\/\/www.vetorino.com\/veterinaire\/prunelli-di-fiumorbo-20243\/boutique\/wp-json\/wp\/v2\/types\/product"}],"wp:featuredmedia":[{"embeddable":true,"href":"https:\/\/www.vetorino.com\/veterinaire\/prunelli-di-fiumorbo-20243\/boutique\/wp-json\/wp\/v2\/media\/171532"}],"wp:attachment":[{"href":"https:\/\/www.vetorino.com\/veterinaire\/prunelli-di-fiumorbo-20243\/boutique\/wp-json\/wp\/v2\/media?parent=171520"}],"wp:term":[{"taxonomy":"product_cat","embeddable":true,"href":"https:\/\/www.vetorino.com\/veterinaire\/prunelli-di-fiumorbo-20243\/boutique\/wp-json\/wp\/v2\/product_cat?post=171520"},{"taxonomy":"product_tag","embeddable":true,"href":"https:\/\/www.vetorino.com\/veterinaire\/prunelli-di-fiumorbo-20243\/boutique\/wp-json\/wp\/v2\/product_tag?post=171520"}],"curies":[{"name":"wp","href":"https:\/\/api.w.org\/{rel}","templated":true}]}}