{"id":174474,"date":"2021-04-29T17:24:32","date_gmt":"2021-04-29T15:24:32","guid":{"rendered":"https:\/\/www.vetorino.com\/boutique\/product\/keriox-shampoing-seborrhee-2\/"},"modified":"2024-04-23T15:37:26","modified_gmt":"2024-04-23T13:37:26","slug":"keriox-shampoing-seborrhee-2","status":"publish","type":"product","link":"https:\/\/www.vetorino.com\/veterinaire\/prunelli-di-fiumorbo-20243\/boutique\/product\/keriox-shampoing-seborrhee-2\/","title":{"rendered":"Keriox Shampoing S\u00e9borrh\u00e9e"},"content":{"rendered":"<p><strong>Shampoing aux propri\u00e9t\u00e9s anti-s\u00e9borrh\u00e9iques et antipelliculaires qui contribue \u00e0 apaiser, restructurer et r\u00e9tablir l&#8217;\u00e9cosyst\u00e8me cutan\u00e9.<\/strong><\/p>\n<p><strong>Utilisation :<\/strong><\/p>\n<ul>\n<li>chien, le chat, le furet et les petits rongeurs<\/li>\n<li>Shampoing actif sur la s\u00e9borrh\u00e9e et les pellicules<\/li>\n<\/ul>\n<p><strong>Avantages :<\/strong><\/p>\n<ul>\n<li>Le complexe HaAg+ contribue \u00e0 apaiser, restructurer et r\u00e9tablir l&#8217;\u00e9cosyst\u00e8me cutan\u00e9.<\/li>\n<li>Il contient des tensio-actifs ultra doux sp\u00e9cialement s\u00e9lectionn\u00e9s pour les peaux tr\u00e8s sensibles.<\/li>\n<li>La pr\u00e9sence d\u2019un d\u00e9riv\u00e9 de la piroctone olamine et d\u2019un complexe de vitamines B et de zinc, associ\u00e9s \u00e0 un extrait de Romarin, lui conf\u00e8rent des propri\u00e9t\u00e9s antis\u00e9borrh\u00e9iques et antipelliculaires.<\/li>\n<li>Son utilisation est particuli\u00e8rement recommand\u00e9e dans le cadre de la prise en charge d\u2019un \u00e9tat k\u00e9rato-s\u00e9borrh\u00e9ique.<\/li>\n<\/ul>\n<p><strong>Mode d&#8217;emploi :<\/strong><\/p>\n<ul>\n<li>Agiter avant emploi<\/li>\n<li>Appliquer sur poil mouill\u00e9<\/li>\n<li>Faire mousser en massant du bout des doigts, en ajoutant un peu d\u2019eau si n\u00e9cessaire<\/li>\n<li>Laisser agir\u00a0tout en massant 3 \u00e0 5 minutes<\/li>\n<li>Bien rincer<\/li>\n<\/ul>\n","protected":false},"excerpt":{"rendered":"<p><strong>Shampoing aux propri\u00e9t\u00e9s anti-s\u00e9borrh\u00e9iques et antipelliculaires qui contribue \u00e0 apaiser, restructurer et r\u00e9tablir l&#8217;\u00e9cosyst\u00e8me cutan\u00e9.<\/strong><\/p>\n<p><strong>Utilisation :<\/strong><\/p>\n<ul>\n<li>Chien, le chat, le furet et les petits rongeurs<\/li>\n<li>Shampoing actif sur la s\u00e9borrh\u00e9e et les pellicules<\/li>\n<\/ul>\n","protected":false},"featured_media":903480,"template":"","meta":[],"product_cat":[2697,2698,2744,12611,12612,12560,12561,12617,12618,12619,2727],"product_tag":[],"class_list":{"0":"post-174474","1":"product","2":"type-product","3":"status-publish","4":"has-post-thumbnail","6":"product_cat-chat","7":"product_cat-chien","8":"product_cat-furet","9":"product_cat-hygiene-de-la-peau-et-du-pelage-du-chat","10":"product_cat-hygiene-de-la-peau-et-du-pelage-du-chien","11":"product_cat-hygiene-du-chat","12":"product_cat-hygiene-du-chien","13":"product_cat-hygiene-du-furet","14":"product_cat-hygiene-du-lapin","15":"product_cat-hygiene-du-rongeur","16":"product_cat-nac","17":"pa_marque-osalia","19":"first","20":"instock","21":"taxable","22":"shipping-taxable","23":"purchasable","24":"product-type-variable"},"yoast_head":"<!-- This site is optimized with the Yoast SEO plugin v27.3 - https:\/\/yoast.com\/product\/yoast-seo-wordpress\/ -->\n<title>Keriox Shampoing S\u00e9borrh\u00e9e Osalia - V\u00e9torino<\/title>\n<meta name=\"description\" content=\"Shampoing aux propri\u00e9t\u00e9s anti-s\u00e9borrh\u00e9iques et antipelliculaires qui contribue \u00e0 apaiser, restructurer et r\u00e9tablir l&#039;\u00e9cosyst\u00e8me cutan\u00e9.  Utilisation :   Chien, le chat, le furet et les petits rongeurs  Shampoing actif sur la s\u00e9borrh\u00e9e et les pellicules\" \/>\n<meta name=\"robots\" content=\"noindex, nofollow\" \/>\n<meta property=\"og:locale\" content=\"fr_FR\" \/>\n<meta property=\"og:type\" content=\"article\" \/>\n<meta property=\"og:title\" content=\"Keriox Shampoing S\u00e9borrh\u00e9e Osalia - V\u00e9torino\" \/>\n<meta property=\"og:description\" content=\"Shampoing aux propri\u00e9t\u00e9s anti-s\u00e9borrh\u00e9iques et antipelliculaires qui contribue \u00e0 apaiser, restructurer et r\u00e9tablir l&#039;\u00e9cosyst\u00e8me cutan\u00e9.  Utilisation :   Chien, le chat, le furet et les petits rongeurs  Shampoing actif sur la s\u00e9borrh\u00e9e et les pellicules\" \/>\n<meta property=\"og:url\" content=\"https:\/\/www.vetorino.com\/veterinaire\/prunelli-di-fiumorbo-20243\/boutique\/product\/keriox-shampoing-seborrhee-2\/\" \/>\n<meta property=\"og:site_name\" content=\"V\u00e9torino\" \/>\n<meta property=\"article:publisher\" content=\"https:\/\/www.facebook.com\/Vetorino\/\" \/>\n<meta property=\"article:modified_time\" content=\"2024-04-23T13:37:26+00:00\" \/>\n<meta property=\"og:image\" content=\"https:\/\/www.vetorino.com\/boutique\/wp-content\/uploads\/2021\/04\/keriox-shampoing-seborrhee.png\" \/>\n\t<meta property=\"og:image:width\" content=\"540\" \/>\n\t<meta property=\"og:image:height\" content=\"540\" \/>\n\t<meta property=\"og:image:type\" content=\"image\/png\" \/>\n<meta name=\"twitter:card\" content=\"summary_large_image\" \/>\n<meta name=\"twitter:label1\" content=\"Disponibilit\u00e9\" \/>\n\t<meta name=\"twitter:data1\" content=\"En stock\" \/>\n<script type=\"application\/ld+json\" class=\"yoast-schema-graph\">{\"@context\":\"https:\\\/\\\/schema.org\",\"@graph\":[{\"@type\":\"WebPage\",\"@id\":\"https:\\\/\\\/www.vetorino.com\\\/boutique\\\/product\\\/keriox-shampoing-seborrhee-2\\\/\",\"url\":\"https:\\\/\\\/www.vetorino.com\\\/boutique\\\/product\\\/keriox-shampoing-seborrhee-2\\\/\",\"name\":\"Keriox Shampoing S\u00e9borrh\u00e9e Osalia - V\u00e9torino\",\"isPartOf\":{\"@id\":\"https:\\\/\\\/www.vetorino.com\\\/boutique\\\/#website\"},\"primaryImageOfPage\":{\"@id\":\"https:\\\/\\\/www.vetorino.com\\\/boutique\\\/product\\\/keriox-shampoing-seborrhee-2\\\/#primaryimage\"},\"image\":{\"@id\":\"https:\\\/\\\/www.vetorino.com\\\/boutique\\\/product\\\/keriox-shampoing-seborrhee-2\\\/#primaryimage\"},\"thumbnailUrl\":\"https:\\\/\\\/www.vetorino.com\\\/boutique\\\/wp-content\\\/uploads\\\/2021\\\/04\\\/keriox-shampoing-seborrhee.png\",\"datePublished\":\"2021-04-29T15:24:32+00:00\",\"dateModified\":\"2024-04-23T13:37:26+00:00\",\"description\":\"Shampoing aux propri\u00e9t\u00e9s anti-s\u00e9borrh\u00e9iques et antipelliculaires qui contribue \u00e0 apaiser, restructurer et r\u00e9tablir l'\u00e9cosyst\u00e8me cutan\u00e9. Utilisation : Chien, le chat, le furet et les petits rongeurs Shampoing actif sur la s\u00e9borrh\u00e9e et les pellicules\",\"breadcrumb\":{\"@id\":\"https:\\\/\\\/www.vetorino.com\\\/boutique\\\/product\\\/keriox-shampoing-seborrhee-2\\\/#breadcrumb\"},\"inLanguage\":\"fr-FR\",\"potentialAction\":[{\"@type\":\"ReadAction\",\"target\":[\"https:\\\/\\\/www.vetorino.com\\\/boutique\\\/product\\\/keriox-shampoing-seborrhee-2\\\/\"]}]},{\"@type\":\"ImageObject\",\"inLanguage\":\"fr-FR\",\"@id\":\"https:\\\/\\\/www.vetorino.com\\\/boutique\\\/product\\\/keriox-shampoing-seborrhee-2\\\/#primaryimage\",\"url\":\"https:\\\/\\\/www.vetorino.com\\\/boutique\\\/wp-content\\\/uploads\\\/2021\\\/04\\\/keriox-shampoing-seborrhee.png\",\"contentUrl\":\"https:\\\/\\\/www.vetorino.com\\\/boutique\\\/wp-content\\\/uploads\\\/2021\\\/04\\\/keriox-shampoing-seborrhee.png\",\"width\":540,\"height\":540},{\"@type\":\"BreadcrumbList\",\"@id\":\"https:\\\/\\\/www.vetorino.com\\\/boutique\\\/product\\\/keriox-shampoing-seborrhee-2\\\/#breadcrumb\",\"itemListElement\":[{\"@type\":\"ListItem\",\"position\":1,\"name\":\"Accueil\",\"item\":\"https:\\\/\\\/www.vetorino.com\\\/boutique\\\/\"},{\"@type\":\"ListItem\",\"position\":2,\"name\":\"Produits\",\"item\":\"https:\\\/\\\/www.vetorino.com\\\/boutique\\\/\"},{\"@type\":\"ListItem\",\"position\":3,\"name\":\"Keriox Shampoing S\u00e9borrh\u00e9e\"}]},{\"@type\":\"WebSite\",\"@id\":\"https:\\\/\\\/www.vetorino.com\\\/boutique\\\/#website\",\"url\":\"https:\\\/\\\/www.vetorino.com\\\/boutique\\\/\",\"name\":\"V\u00e9torino\",\"description\":\"\",\"publisher\":{\"@id\":\"https:\\\/\\\/www.vetorino.com\\\/boutique\\\/#organization\"},\"potentialAction\":[{\"@type\":\"SearchAction\",\"target\":{\"@type\":\"EntryPoint\",\"urlTemplate\":\"https:\\\/\\\/www.vetorino.com\\\/boutique\\\/?s={search_term_string}\"},\"query-input\":{\"@type\":\"PropertyValueSpecification\",\"valueRequired\":true,\"valueName\":\"search_term_string\"}}],\"inLanguage\":\"fr-FR\"},{\"@type\":\"Organization\",\"@id\":\"https:\\\/\\\/www.vetorino.com\\\/boutique\\\/#organization\",\"name\":\"V\u00e9torino\",\"url\":\"https:\\\/\\\/www.vetorino.com\\\/boutique\\\/\",\"logo\":{\"@type\":\"ImageObject\",\"inLanguage\":\"fr-FR\",\"@id\":\"https:\\\/\\\/www.vetorino.com\\\/boutique\\\/#\\\/schema\\\/logo\\\/image\\\/\",\"url\":\"https:\\\/\\\/www.vetorino.com\\\/boutique\\\/wp-content\\\/uploads\\\/2024\\\/10\\\/logo.jpg\",\"contentUrl\":\"https:\\\/\\\/www.vetorino.com\\\/boutique\\\/wp-content\\\/uploads\\\/2024\\\/10\\\/logo.jpg\",\"width\":1200,\"height\":610,\"caption\":\"V\u00e9torino\"},\"image\":{\"@id\":\"https:\\\/\\\/www.vetorino.com\\\/boutique\\\/#\\\/schema\\\/logo\\\/image\\\/\"},\"sameAs\":[\"https:\\\/\\\/www.facebook.com\\\/Vetorino\\\/\",\"https:\\\/\\\/www.instagram.com\\\/vetorino_off\\\/\",\"https:\\\/\\\/www.linkedin.com\\\/company\\\/vtorino\\\/\"]}]}<\/script>\n<meta property=\"product:brand\" content=\"Osalia\" \/>\n<meta property=\"og:availability\" content=\"instock\" \/>\n<meta property=\"product:availability\" content=\"instock\" \/>\n<meta property=\"product:condition\" content=\"new\" \/>\n<!-- \/ Yoast SEO plugin. -->","yoast_head_json":{"title":"Keriox Shampoing S\u00e9borrh\u00e9e Osalia - V\u00e9torino","description":"Shampoing aux propri\u00e9t\u00e9s anti-s\u00e9borrh\u00e9iques et antipelliculaires qui contribue \u00e0 apaiser, restructurer et r\u00e9tablir l'\u00e9cosyst\u00e8me cutan\u00e9.  Utilisation :   Chien, le chat, le furet et les petits rongeurs  Shampoing actif sur la s\u00e9borrh\u00e9e et les pellicules","robots":{"index":"noindex","follow":"nofollow"},"og_locale":"fr_FR","og_type":"article","og_title":"Keriox Shampoing S\u00e9borrh\u00e9e Osalia - V\u00e9torino","og_description":"Shampoing aux propri\u00e9t\u00e9s anti-s\u00e9borrh\u00e9iques et antipelliculaires qui contribue \u00e0 apaiser, restructurer et r\u00e9tablir l'\u00e9cosyst\u00e8me cutan\u00e9.  Utilisation :   Chien, le chat, le furet et les petits rongeurs  Shampoing actif sur la s\u00e9borrh\u00e9e et les pellicules","og_url":"https:\/\/www.vetorino.com\/veterinaire\/prunelli-di-fiumorbo-20243\/boutique\/product\/keriox-shampoing-seborrhee-2\/","og_site_name":"V\u00e9torino","article_publisher":"https:\/\/www.facebook.com\/Vetorino\/","article_modified_time":"2024-04-23T13:37:26+00:00","og_image":[{"width":540,"height":540,"url":"https:\/\/www.vetorino.com\/boutique\/wp-content\/uploads\/2021\/04\/keriox-shampoing-seborrhee.png","type":"image\/png"}],"twitter_card":"summary_large_image","twitter_misc":{"Disponibilit\u00e9":"En stock"},"schema":{"@context":"https:\/\/schema.org","@graph":[{"@type":"WebPage","@id":"https:\/\/www.vetorino.com\/boutique\/product\/keriox-shampoing-seborrhee-2\/","url":"https:\/\/www.vetorino.com\/boutique\/product\/keriox-shampoing-seborrhee-2\/","name":"Keriox Shampoing S\u00e9borrh\u00e9e Osalia - V\u00e9torino","isPartOf":{"@id":"https:\/\/www.vetorino.com\/boutique\/#website"},"primaryImageOfPage":{"@id":"https:\/\/www.vetorino.com\/boutique\/product\/keriox-shampoing-seborrhee-2\/#primaryimage"},"image":{"@id":"https:\/\/www.vetorino.com\/boutique\/product\/keriox-shampoing-seborrhee-2\/#primaryimage"},"thumbnailUrl":"https:\/\/www.vetorino.com\/boutique\/wp-content\/uploads\/2021\/04\/keriox-shampoing-seborrhee.png","datePublished":"2021-04-29T15:24:32+00:00","dateModified":"2024-04-23T13:37:26+00:00","description":"Shampoing aux propri\u00e9t\u00e9s anti-s\u00e9borrh\u00e9iques et antipelliculaires qui contribue \u00e0 apaiser, restructurer et r\u00e9tablir l'\u00e9cosyst\u00e8me cutan\u00e9. Utilisation : Chien, le chat, le furet et les petits rongeurs Shampoing actif sur la s\u00e9borrh\u00e9e et les pellicules","breadcrumb":{"@id":"https:\/\/www.vetorino.com\/boutique\/product\/keriox-shampoing-seborrhee-2\/#breadcrumb"},"inLanguage":"fr-FR","potentialAction":[{"@type":"ReadAction","target":["https:\/\/www.vetorino.com\/boutique\/product\/keriox-shampoing-seborrhee-2\/"]}]},{"@type":"ImageObject","inLanguage":"fr-FR","@id":"https:\/\/www.vetorino.com\/boutique\/product\/keriox-shampoing-seborrhee-2\/#primaryimage","url":"https:\/\/www.vetorino.com\/boutique\/wp-content\/uploads\/2021\/04\/keriox-shampoing-seborrhee.png","contentUrl":"https:\/\/www.vetorino.com\/boutique\/wp-content\/uploads\/2021\/04\/keriox-shampoing-seborrhee.png","width":540,"height":540},{"@type":"BreadcrumbList","@id":"https:\/\/www.vetorino.com\/boutique\/product\/keriox-shampoing-seborrhee-2\/#breadcrumb","itemListElement":[{"@type":"ListItem","position":1,"name":"Accueil","item":"https:\/\/www.vetorino.com\/boutique\/"},{"@type":"ListItem","position":2,"name":"Produits","item":"https:\/\/www.vetorino.com\/boutique\/"},{"@type":"ListItem","position":3,"name":"Keriox Shampoing S\u00e9borrh\u00e9e"}]},{"@type":"WebSite","@id":"https:\/\/www.vetorino.com\/boutique\/#website","url":"https:\/\/www.vetorino.com\/boutique\/","name":"V\u00e9torino","description":"","publisher":{"@id":"https:\/\/www.vetorino.com\/boutique\/#organization"},"potentialAction":[{"@type":"SearchAction","target":{"@type":"EntryPoint","urlTemplate":"https:\/\/www.vetorino.com\/boutique\/?s={search_term_string}"},"query-input":{"@type":"PropertyValueSpecification","valueRequired":true,"valueName":"search_term_string"}}],"inLanguage":"fr-FR"},{"@type":"Organization","@id":"https:\/\/www.vetorino.com\/boutique\/#organization","name":"V\u00e9torino","url":"https:\/\/www.vetorino.com\/boutique\/","logo":{"@type":"ImageObject","inLanguage":"fr-FR","@id":"https:\/\/www.vetorino.com\/boutique\/#\/schema\/logo\/image\/","url":"https:\/\/www.vetorino.com\/boutique\/wp-content\/uploads\/2024\/10\/logo.jpg","contentUrl":"https:\/\/www.vetorino.com\/boutique\/wp-content\/uploads\/2024\/10\/logo.jpg","width":1200,"height":610,"caption":"V\u00e9torino"},"image":{"@id":"https:\/\/www.vetorino.com\/boutique\/#\/schema\/logo\/image\/"},"sameAs":["https:\/\/www.facebook.com\/Vetorino\/","https:\/\/www.instagram.com\/vetorino_off\/","https:\/\/www.linkedin.com\/company\/vtorino\/"]}]},"product_brand":"Osalia","og_availability":"instock","product_availability":"instock","product_condition":"new"},"_links":{"self":[{"href":"https:\/\/www.vetorino.com\/veterinaire\/prunelli-di-fiumorbo-20243\/boutique\/wp-json\/wp\/v2\/product\/174474","targetHints":{"allow":["GET"]}}],"collection":[{"href":"https:\/\/www.vetorino.com\/veterinaire\/prunelli-di-fiumorbo-20243\/boutique\/wp-json\/wp\/v2\/product"}],"about":[{"href":"https:\/\/www.vetorino.com\/veterinaire\/prunelli-di-fiumorbo-20243\/boutique\/wp-json\/wp\/v2\/types\/product"}],"wp:featuredmedia":[{"embeddable":true,"href":"https:\/\/www.vetorino.com\/veterinaire\/prunelli-di-fiumorbo-20243\/boutique\/wp-json\/wp\/v2\/media\/903480"}],"wp:attachment":[{"href":"https:\/\/www.vetorino.com\/veterinaire\/prunelli-di-fiumorbo-20243\/boutique\/wp-json\/wp\/v2\/media?parent=174474"}],"wp:term":[{"taxonomy":"product_cat","embeddable":true,"href":"https:\/\/www.vetorino.com\/veterinaire\/prunelli-di-fiumorbo-20243\/boutique\/wp-json\/wp\/v2\/product_cat?post=174474"},{"taxonomy":"product_tag","embeddable":true,"href":"https:\/\/www.vetorino.com\/veterinaire\/prunelli-di-fiumorbo-20243\/boutique\/wp-json\/wp\/v2\/product_tag?post=174474"}],"curies":[{"name":"wp","href":"https:\/\/api.w.org\/{rel}","templated":true}]}}