{"id":174478,"date":"2021-04-29T17:25:39","date_gmt":"2021-04-29T15:25:39","guid":{"rendered":"https:\/\/www.vetorino.com\/boutique\/product\/keriox-shampoing-entretien-2\/"},"modified":"2024-04-23T15:13:42","modified_gmt":"2024-04-23T13:13:42","slug":"keriox-shampoing-entretien-2","status":"publish","type":"product","link":"https:\/\/www.vetorino.com\/veterinaire\/prunelli-di-fiumorbo-20243\/boutique\/product\/keriox-shampoing-entretien-2\/","title":{"rendered":"Keriox Shampoing entretien"},"content":{"rendered":"<p><strong>Shampoing \u00e0 usage fr\u00e9quent pour tous les types de pelages, \u00e0 l&#8217;odeur agr\u00e9able.<\/strong><\/p>\n<p><strong>Utilisation :<\/strong><\/p>\n<ul>\n<li>Entretien r\u00e9gulier de la peau et du poil<\/li>\n<li>Pour chien, chat, cheval, furet, lapin et petits rongeurs<\/li>\n<\/ul>\n<p><strong>Avantages :<\/strong><\/p>\n<ul>\n<li>Nettoie la peau et les poils efficacement et en douceur gr\u00e2ce \u00e0 une s\u00e9lection de tensio-actifs ultra doux.<\/li>\n<li>Diminue \u00e9galement les irritations avec l\u2019aide du complexe HaAg+ (acide hyaluronique + argent micronis\u00e9) qui r\u00e9gule la flore commensale.<\/li>\n<li>Rend le poil brillant et renforce la fonction barri\u00e8re de l\u2019\u00e9piderme en optimisant le taux d\u2019hydratation cutan\u00e9e.<\/li>\n<\/ul>\n<p><strong>Mode d&#8217;emploi :<\/strong><\/p>\n<ul>\n<li style=\"list-style-type: none\">\n<ul>\n<li>Agiter avant emploi<\/li>\n<li>Appliquer sur poil mouill\u00e9<\/li>\n<li>Faire mousser en massant du bout des doigts, en ajoutant un peu d\u2019eau si n\u00e9cessaire<\/li>\n<li>Laisser agir tout en massant 3 \u00e0 5 minutes<\/li>\n<\/ul>\n<\/li>\n<\/ul>\n<ul>\n<li>Bien rince<\/li>\n<\/ul>\n","protected":false},"excerpt":{"rendered":"<p><strong>Shampoing \u00e0 usage fr\u00e9quent pour tous les types de pelages, \u00e0 l&#8217;odeur agr\u00e9able.<\/strong><\/p>\n<p><strong>Utilisation :<\/strong><\/p>\n<ul>\n<li>Entretien r\u00e9gulier de la peau et du poil<\/li>\n<li>Pour chien, chat, cheval, furet, lapin et petits rongeurs<\/li>\n<\/ul>\n","protected":false},"featured_media":903459,"template":"","meta":[],"product_cat":[2697,12547,2698,2744,12611,12612,12560,12617,12618,12619,12563,12570,12565],"product_tag":[],"class_list":{"0":"post-174478","1":"product","2":"type-product","3":"status-publish","4":"has-post-thumbnail","6":"product_cat-chat","7":"product_cat-cheval","8":"product_cat-chien","9":"product_cat-furet","10":"product_cat-hygiene-de-la-peau-et-du-pelage-du-chat","11":"product_cat-hygiene-de-la-peau-et-du-pelage-du-chien","12":"product_cat-hygiene-du-chat","13":"product_cat-hygiene-du-furet","14":"product_cat-hygiene-du-lapin","15":"product_cat-hygiene-du-rongeur","16":"product_cat-lapin","17":"product_cat-rongeur","18":"product_cat-peau-corne-crin-du-cheval","19":"pa_marque-osalia","21":"first","22":"instock","23":"taxable","24":"shipping-taxable","25":"purchasable","26":"product-type-variable"},"yoast_head":"<!-- This site is optimized with the Yoast SEO plugin v27.3 - https:\/\/yoast.com\/product\/yoast-seo-wordpress\/ -->\n<title>Keriox Shampoing entretien Osalia - V\u00e9torino<\/title>\n<meta name=\"description\" content=\"Shampoing \u00e0 usage fr\u00e9quent pour tous les types de pelages, \u00e0 l&#039;odeur agr\u00e9able.  Utilisation :   Entretien r\u00e9gulier de la peau et du poil  Pour chien, chat, cheval, furet, lapin et petits rongeurs\" \/>\n<meta name=\"robots\" content=\"noindex, nofollow\" \/>\n<meta property=\"og:locale\" content=\"fr_FR\" \/>\n<meta property=\"og:type\" content=\"article\" \/>\n<meta property=\"og:title\" content=\"Keriox Shampoing entretien Osalia - V\u00e9torino\" \/>\n<meta property=\"og:description\" content=\"Shampoing \u00e0 usage fr\u00e9quent pour tous les types de pelages, \u00e0 l&#039;odeur agr\u00e9able.  Utilisation :   Entretien r\u00e9gulier de la peau et du poil  Pour chien, chat, cheval, furet, lapin et petits rongeurs\" \/>\n<meta property=\"og:url\" content=\"https:\/\/www.vetorino.com\/veterinaire\/prunelli-di-fiumorbo-20243\/boutique\/product\/keriox-shampoing-entretien-2\/\" \/>\n<meta property=\"og:site_name\" content=\"V\u00e9torino\" \/>\n<meta property=\"article:publisher\" content=\"https:\/\/www.facebook.com\/Vetorino\/\" \/>\n<meta property=\"article:modified_time\" content=\"2024-04-23T13:13:42+00:00\" \/>\n<meta property=\"og:image\" content=\"https:\/\/www.vetorino.com\/boutique\/wp-content\/uploads\/2021\/04\/keriox-shampoing-entretien.png\" \/>\n\t<meta property=\"og:image:width\" content=\"540\" \/>\n\t<meta property=\"og:image:height\" content=\"540\" \/>\n\t<meta property=\"og:image:type\" content=\"image\/png\" \/>\n<meta name=\"twitter:card\" content=\"summary_large_image\" \/>\n<meta name=\"twitter:label1\" content=\"Disponibilit\u00e9\" \/>\n\t<meta name=\"twitter:data1\" content=\"En stock\" \/>\n<script type=\"application\/ld+json\" class=\"yoast-schema-graph\">{\"@context\":\"https:\\\/\\\/schema.org\",\"@graph\":[{\"@type\":\"WebPage\",\"@id\":\"https:\\\/\\\/www.vetorino.com\\\/boutique\\\/product\\\/keriox-shampoing-entretien-2\\\/\",\"url\":\"https:\\\/\\\/www.vetorino.com\\\/boutique\\\/product\\\/keriox-shampoing-entretien-2\\\/\",\"name\":\"Keriox Shampoing entretien Osalia - V\u00e9torino\",\"isPartOf\":{\"@id\":\"https:\\\/\\\/www.vetorino.com\\\/boutique\\\/#website\"},\"primaryImageOfPage\":{\"@id\":\"https:\\\/\\\/www.vetorino.com\\\/boutique\\\/product\\\/keriox-shampoing-entretien-2\\\/#primaryimage\"},\"image\":{\"@id\":\"https:\\\/\\\/www.vetorino.com\\\/boutique\\\/product\\\/keriox-shampoing-entretien-2\\\/#primaryimage\"},\"thumbnailUrl\":\"https:\\\/\\\/www.vetorino.com\\\/boutique\\\/wp-content\\\/uploads\\\/2021\\\/04\\\/keriox-shampoing-entretien.png\",\"datePublished\":\"2021-04-29T15:25:39+00:00\",\"dateModified\":\"2024-04-23T13:13:42+00:00\",\"description\":\"Shampoing \u00e0 usage fr\u00e9quent pour tous les types de pelages, \u00e0 l'odeur agr\u00e9able. Utilisation : Entretien r\u00e9gulier de la peau et du poil Pour chien, chat, cheval, furet, lapin et petits rongeurs\",\"breadcrumb\":{\"@id\":\"https:\\\/\\\/www.vetorino.com\\\/boutique\\\/product\\\/keriox-shampoing-entretien-2\\\/#breadcrumb\"},\"inLanguage\":\"fr-FR\",\"potentialAction\":[{\"@type\":\"ReadAction\",\"target\":[\"https:\\\/\\\/www.vetorino.com\\\/boutique\\\/product\\\/keriox-shampoing-entretien-2\\\/\"]}]},{\"@type\":\"ImageObject\",\"inLanguage\":\"fr-FR\",\"@id\":\"https:\\\/\\\/www.vetorino.com\\\/boutique\\\/product\\\/keriox-shampoing-entretien-2\\\/#primaryimage\",\"url\":\"https:\\\/\\\/www.vetorino.com\\\/boutique\\\/wp-content\\\/uploads\\\/2021\\\/04\\\/keriox-shampoing-entretien.png\",\"contentUrl\":\"https:\\\/\\\/www.vetorino.com\\\/boutique\\\/wp-content\\\/uploads\\\/2021\\\/04\\\/keriox-shampoing-entretien.png\",\"width\":540,\"height\":540},{\"@type\":\"BreadcrumbList\",\"@id\":\"https:\\\/\\\/www.vetorino.com\\\/boutique\\\/product\\\/keriox-shampoing-entretien-2\\\/#breadcrumb\",\"itemListElement\":[{\"@type\":\"ListItem\",\"position\":1,\"name\":\"Accueil\",\"item\":\"https:\\\/\\\/www.vetorino.com\\\/boutique\\\/\"},{\"@type\":\"ListItem\",\"position\":2,\"name\":\"Produits\",\"item\":\"https:\\\/\\\/www.vetorino.com\\\/boutique\\\/\"},{\"@type\":\"ListItem\",\"position\":3,\"name\":\"Keriox Shampoing entretien\"}]},{\"@type\":\"WebSite\",\"@id\":\"https:\\\/\\\/www.vetorino.com\\\/boutique\\\/#website\",\"url\":\"https:\\\/\\\/www.vetorino.com\\\/boutique\\\/\",\"name\":\"V\u00e9torino\",\"description\":\"\",\"publisher\":{\"@id\":\"https:\\\/\\\/www.vetorino.com\\\/boutique\\\/#organization\"},\"potentialAction\":[{\"@type\":\"SearchAction\",\"target\":{\"@type\":\"EntryPoint\",\"urlTemplate\":\"https:\\\/\\\/www.vetorino.com\\\/boutique\\\/?s={search_term_string}\"},\"query-input\":{\"@type\":\"PropertyValueSpecification\",\"valueRequired\":true,\"valueName\":\"search_term_string\"}}],\"inLanguage\":\"fr-FR\"},{\"@type\":\"Organization\",\"@id\":\"https:\\\/\\\/www.vetorino.com\\\/boutique\\\/#organization\",\"name\":\"V\u00e9torino\",\"url\":\"https:\\\/\\\/www.vetorino.com\\\/boutique\\\/\",\"logo\":{\"@type\":\"ImageObject\",\"inLanguage\":\"fr-FR\",\"@id\":\"https:\\\/\\\/www.vetorino.com\\\/boutique\\\/#\\\/schema\\\/logo\\\/image\\\/\",\"url\":\"https:\\\/\\\/www.vetorino.com\\\/boutique\\\/wp-content\\\/uploads\\\/2024\\\/10\\\/logo.jpg\",\"contentUrl\":\"https:\\\/\\\/www.vetorino.com\\\/boutique\\\/wp-content\\\/uploads\\\/2024\\\/10\\\/logo.jpg\",\"width\":1200,\"height\":610,\"caption\":\"V\u00e9torino\"},\"image\":{\"@id\":\"https:\\\/\\\/www.vetorino.com\\\/boutique\\\/#\\\/schema\\\/logo\\\/image\\\/\"},\"sameAs\":[\"https:\\\/\\\/www.facebook.com\\\/Vetorino\\\/\",\"https:\\\/\\\/www.instagram.com\\\/vetorino_off\\\/\",\"https:\\\/\\\/www.linkedin.com\\\/company\\\/vtorino\\\/\"]}]}<\/script>\n<meta property=\"product:brand\" content=\"Osalia\" \/>\n<meta property=\"og:availability\" content=\"instock\" \/>\n<meta property=\"product:availability\" content=\"instock\" \/>\n<meta property=\"product:condition\" content=\"new\" \/>\n<!-- \/ Yoast SEO plugin. -->","yoast_head_json":{"title":"Keriox Shampoing entretien Osalia - V\u00e9torino","description":"Shampoing \u00e0 usage fr\u00e9quent pour tous les types de pelages, \u00e0 l'odeur agr\u00e9able.  Utilisation :   Entretien r\u00e9gulier de la peau et du poil  Pour chien, chat, cheval, furet, lapin et petits rongeurs","robots":{"index":"noindex","follow":"nofollow"},"og_locale":"fr_FR","og_type":"article","og_title":"Keriox Shampoing entretien Osalia - V\u00e9torino","og_description":"Shampoing \u00e0 usage fr\u00e9quent pour tous les types de pelages, \u00e0 l'odeur agr\u00e9able.  Utilisation :   Entretien r\u00e9gulier de la peau et du poil  Pour chien, chat, cheval, furet, lapin et petits rongeurs","og_url":"https:\/\/www.vetorino.com\/veterinaire\/prunelli-di-fiumorbo-20243\/boutique\/product\/keriox-shampoing-entretien-2\/","og_site_name":"V\u00e9torino","article_publisher":"https:\/\/www.facebook.com\/Vetorino\/","article_modified_time":"2024-04-23T13:13:42+00:00","og_image":[{"width":540,"height":540,"url":"https:\/\/www.vetorino.com\/boutique\/wp-content\/uploads\/2021\/04\/keriox-shampoing-entretien.png","type":"image\/png"}],"twitter_card":"summary_large_image","twitter_misc":{"Disponibilit\u00e9":"En stock"},"schema":{"@context":"https:\/\/schema.org","@graph":[{"@type":"WebPage","@id":"https:\/\/www.vetorino.com\/boutique\/product\/keriox-shampoing-entretien-2\/","url":"https:\/\/www.vetorino.com\/boutique\/product\/keriox-shampoing-entretien-2\/","name":"Keriox Shampoing entretien Osalia - V\u00e9torino","isPartOf":{"@id":"https:\/\/www.vetorino.com\/boutique\/#website"},"primaryImageOfPage":{"@id":"https:\/\/www.vetorino.com\/boutique\/product\/keriox-shampoing-entretien-2\/#primaryimage"},"image":{"@id":"https:\/\/www.vetorino.com\/boutique\/product\/keriox-shampoing-entretien-2\/#primaryimage"},"thumbnailUrl":"https:\/\/www.vetorino.com\/boutique\/wp-content\/uploads\/2021\/04\/keriox-shampoing-entretien.png","datePublished":"2021-04-29T15:25:39+00:00","dateModified":"2024-04-23T13:13:42+00:00","description":"Shampoing \u00e0 usage fr\u00e9quent pour tous les types de pelages, \u00e0 l'odeur agr\u00e9able. Utilisation : Entretien r\u00e9gulier de la peau et du poil Pour chien, chat, cheval, furet, lapin et petits rongeurs","breadcrumb":{"@id":"https:\/\/www.vetorino.com\/boutique\/product\/keriox-shampoing-entretien-2\/#breadcrumb"},"inLanguage":"fr-FR","potentialAction":[{"@type":"ReadAction","target":["https:\/\/www.vetorino.com\/boutique\/product\/keriox-shampoing-entretien-2\/"]}]},{"@type":"ImageObject","inLanguage":"fr-FR","@id":"https:\/\/www.vetorino.com\/boutique\/product\/keriox-shampoing-entretien-2\/#primaryimage","url":"https:\/\/www.vetorino.com\/boutique\/wp-content\/uploads\/2021\/04\/keriox-shampoing-entretien.png","contentUrl":"https:\/\/www.vetorino.com\/boutique\/wp-content\/uploads\/2021\/04\/keriox-shampoing-entretien.png","width":540,"height":540},{"@type":"BreadcrumbList","@id":"https:\/\/www.vetorino.com\/boutique\/product\/keriox-shampoing-entretien-2\/#breadcrumb","itemListElement":[{"@type":"ListItem","position":1,"name":"Accueil","item":"https:\/\/www.vetorino.com\/boutique\/"},{"@type":"ListItem","position":2,"name":"Produits","item":"https:\/\/www.vetorino.com\/boutique\/"},{"@type":"ListItem","position":3,"name":"Keriox Shampoing entretien"}]},{"@type":"WebSite","@id":"https:\/\/www.vetorino.com\/boutique\/#website","url":"https:\/\/www.vetorino.com\/boutique\/","name":"V\u00e9torino","description":"","publisher":{"@id":"https:\/\/www.vetorino.com\/boutique\/#organization"},"potentialAction":[{"@type":"SearchAction","target":{"@type":"EntryPoint","urlTemplate":"https:\/\/www.vetorino.com\/boutique\/?s={search_term_string}"},"query-input":{"@type":"PropertyValueSpecification","valueRequired":true,"valueName":"search_term_string"}}],"inLanguage":"fr-FR"},{"@type":"Organization","@id":"https:\/\/www.vetorino.com\/boutique\/#organization","name":"V\u00e9torino","url":"https:\/\/www.vetorino.com\/boutique\/","logo":{"@type":"ImageObject","inLanguage":"fr-FR","@id":"https:\/\/www.vetorino.com\/boutique\/#\/schema\/logo\/image\/","url":"https:\/\/www.vetorino.com\/boutique\/wp-content\/uploads\/2024\/10\/logo.jpg","contentUrl":"https:\/\/www.vetorino.com\/boutique\/wp-content\/uploads\/2024\/10\/logo.jpg","width":1200,"height":610,"caption":"V\u00e9torino"},"image":{"@id":"https:\/\/www.vetorino.com\/boutique\/#\/schema\/logo\/image\/"},"sameAs":["https:\/\/www.facebook.com\/Vetorino\/","https:\/\/www.instagram.com\/vetorino_off\/","https:\/\/www.linkedin.com\/company\/vtorino\/"]}]},"product_brand":"Osalia","og_availability":"instock","product_availability":"instock","product_condition":"new"},"_links":{"self":[{"href":"https:\/\/www.vetorino.com\/veterinaire\/prunelli-di-fiumorbo-20243\/boutique\/wp-json\/wp\/v2\/product\/174478","targetHints":{"allow":["GET"]}}],"collection":[{"href":"https:\/\/www.vetorino.com\/veterinaire\/prunelli-di-fiumorbo-20243\/boutique\/wp-json\/wp\/v2\/product"}],"about":[{"href":"https:\/\/www.vetorino.com\/veterinaire\/prunelli-di-fiumorbo-20243\/boutique\/wp-json\/wp\/v2\/types\/product"}],"wp:featuredmedia":[{"embeddable":true,"href":"https:\/\/www.vetorino.com\/veterinaire\/prunelli-di-fiumorbo-20243\/boutique\/wp-json\/wp\/v2\/media\/903459"}],"wp:attachment":[{"href":"https:\/\/www.vetorino.com\/veterinaire\/prunelli-di-fiumorbo-20243\/boutique\/wp-json\/wp\/v2\/media?parent=174478"}],"wp:term":[{"taxonomy":"product_cat","embeddable":true,"href":"https:\/\/www.vetorino.com\/veterinaire\/prunelli-di-fiumorbo-20243\/boutique\/wp-json\/wp\/v2\/product_cat?post=174478"},{"taxonomy":"product_tag","embeddable":true,"href":"https:\/\/www.vetorino.com\/veterinaire\/prunelli-di-fiumorbo-20243\/boutique\/wp-json\/wp\/v2\/product_tag?post=174478"}],"curies":[{"name":"wp","href":"https:\/\/api.w.org\/{rel}","templated":true}]}}