{"id":174529,"date":"2021-04-29T17:29:09","date_gmt":"2021-04-29T15:29:09","guid":{"rendered":"https:\/\/www.vetorino.com\/boutique\/product\/viti5-bleu-poudre\/"},"modified":"2026-02-09T14:38:19","modified_gmt":"2026-02-09T13:38:19","slug":"viti5-bleu-poudre","status":"publish","type":"product","link":"https:\/\/www.vetorino.com\/veterinaire\/prunelli-di-fiumorbo-20243\/boutique\/product\/viti5-bleu-poudre\/","title":{"rendered":"ViT&#8217;i5 Bleu Poudre"},"content":{"rendered":"<p><strong id=\"m_-6246574913870994421yui_3_16_0_ym19_1_1512131151592_5638\"><strong id=\"m_-6246574913870994421yui_3_16_0_ym19_1_1512131151592_5639\">Compl\u00e9ment alimentaire en poudre pour\u00a0<span id=\"m_-6246574913870994421yui_3_16_0_ym19_1_1512131151592_5728\">chats et chiens<\/span>\u00a0destin\u00e9 \u00e0 apporter min\u00e9raux et vitamines pour\u00a0<\/strong><strong id=\"m_-6246574913870994421yui_3_16_0_ym19_1_1512131151592_5640\">\u00e9quilibrer une alimentation maison (viande\/poisson + Vit&#8217;i5 + huile + l\u00e9gumes +\/-riz).<\/strong><\/strong><\/p>\n<p><strong><br \/>\nUtilisation :<br \/>\n<\/strong><\/p>\n<ul>\n<li>Chien \u00e2g\u00e9 de plus de 7 ans et chat\u00a0\u00e2g\u00e9 de plus de 8 ans : dans le cas d&#8217;une alimentation maison<\/li>\n<li>\n<div id=\"m_-1959684120442364074yui_3_16_0_ym19_1_1512066971972_5347\"><span id=\"m_-1959684120442364074yui_3_16_0_ym19_1_1512066971972_5348\"><span id=\"m_-1959684120442364074yui_3_16_0_ym19_1_1512066971972_5349\">Chien ou chat avec insuffisance r\u00e9nale\u00a0ou\u00a0cardiaque, urolithiase, \u00e0 tout \u00e2ge<\/span><\/span><\/div>\n<\/li>\n<\/ul>\n<p><strong>Bienfaits essentiels :<\/strong><\/p>\n<ul>\n<li>En poudre,\u00a0<strong>facile \u00e0 doser<\/strong>.<\/li>\n<li>Tr\u00e8s\u00a0<strong>app\u00e9tant<\/strong>.<\/li>\n<li>Compl\u00e9ment\u00a0pour<strong>\u00a0\u00e9quilibrer la ration m\u00e9nag\u00e8re<\/strong>\u00a0(viande+Vit&#8217;i5+huile+l\u00e9gumes+\/-f\u00e9culent) ou la\u00a0<strong>ration mixte<\/strong>\u00a0(<span class=\"s1\">viande\/poisson\/crevettes + croquettes\/p\u00e2t\u00e9e).<\/span><\/li>\n<li>Produit formul\u00e9 par le Dr G.Blanchard,\u00a0<strong>v\u00e9t\u00e9rinaire sp\u00e9cialis\u00e9 en nutrition<\/strong>.<\/li>\n<\/ul>\n","protected":false},"excerpt":{"rendered":"<p><strong id=\"m_-6246574913870994421yui_3_16_0_ym19_1_1512131151592_5638\"><strong id=\"m_-6246574913870994421yui_3_16_0_ym19_1_1512131151592_5639\">Compl\u00e9ment alimentaire en poudre pour\u00a0<span id=\"m_-6246574913870994421yui_3_16_0_ym19_1_1512131151592_5728\">chats et chiens<\/span>\u00a0destin\u00e9 \u00e0 apporter min\u00e9raux et vitamines pour\u00a0<\/strong><strong id=\"m_-6246574913870994421yui_3_16_0_ym19_1_1512131151592_5640\">\u00e9quilibrer une alimentation maison (viande\/poisson + Vit&#8217;i5 + huile + l\u00e9gumes +\/-riz).<\/strong><\/strong><\/p>\n<p>Dur\u00e9e moyenne d&#8217;un pot : environ 2 mois pour un chien ou un chat de 5 kg nourri exclusivement avec une alimentation maison<strong><br \/>\n<\/strong><\/p>\n<ul>\n<li>Chien \u00e2g\u00e9 de plus de 7 ans et chat\u00a0\u00e2g\u00e9 de plus de 8 ans : dans le cas d&#8217;une alimentation maison<\/li>\n<li>\n<div id=\"m_-1959684120442364074yui_3_16_0_ym19_1_1512066971972_5347\"><span id=\"m_-1959684120442364074yui_3_16_0_ym19_1_1512066971972_5348\"><span id=\"m_-1959684120442364074yui_3_16_0_ym19_1_1512066971972_5349\">Chien ou chat avec insuffisance r\u00e9nale\u00a0ou\u00a0cardiaque, urolithiase, \u00e0 tout \u00e2ge<\/span><\/span><\/div>\n<\/li>\n<\/ul>\n","protected":false},"featured_media":830628,"template":"","meta":[],"product_cat":[12551,12552,2730,2738,2697,2698,12568],"product_tag":[],"class_list":{"0":"post-174529","1":"product","2":"type-product","3":"status-publish","4":"has-post-thumbnail","6":"product_cat-alimentation-du-chat","7":"product_cat-alimentation-du-chien","8":"product_cat-aliments-complementaires-pour-chat","9":"product_cat-aliments-complementaires-pour-chien","10":"product_cat-chat","11":"product_cat-chien","12":"product_cat-produit-veterinaire-du-chien","13":"pa_marque-osalia","15":"first","16":"instock","17":"taxable","18":"shipping-taxable","19":"purchasable","20":"product-type-variable"},"yoast_head":"<!-- This site is optimized with the Yoast SEO plugin v27.3 - https:\/\/yoast.com\/product\/yoast-seo-wordpress\/ -->\n<title>Animal Nutrition Expertise ViT&#039;i5 Bleu Poudre Osalia - V\u00e9torino<\/title>\n<meta name=\"description\" content=\"Compl\u00e9ment alimentaire en poudre pour\u00a0chats et chiens\u00a0destin\u00e9 \u00e0 apporter min\u00e9raux et vitamines pour\u00a0\u00e9quilibrer une alimentation maison (viande\/poisson + Vit&#039;i5 + huile + l\u00e9gumes +\/-riz).  Dur\u00e9e moyenne d&#039;un pot : environ 2 mois pour un chien ou un chat de 5 kg nourri exclusivement avec une alimentation maison    Chien \u00e2g\u00e9 de plus de 7 ans et chat\u00a0\u00e2g\u00e9 de plus de 8 ans : dans le cas d&#039;une alimentation maison   Chien ou chat avec insuffisance r\u00e9nale\u00a0ou\u00a0cardiaque, urolithiase, \u00e0 tout \u00e2ge\" \/>\n<meta name=\"robots\" content=\"noindex, nofollow\" \/>\n<meta property=\"og:locale\" content=\"fr_FR\" \/>\n<meta property=\"og:type\" content=\"article\" \/>\n<meta property=\"og:title\" content=\"Animal Nutrition Expertise ViT&#039;i5 Bleu Poudre Osalia - V\u00e9torino\" \/>\n<meta property=\"og:description\" content=\"Compl\u00e9ment alimentaire en poudre pour\u00a0chats et chiens\u00a0destin\u00e9 \u00e0 apporter min\u00e9raux et vitamines pour\u00a0\u00e9quilibrer une alimentation maison (viande\/poisson + Vit&#039;i5 + huile + l\u00e9gumes +\/-riz).  Dur\u00e9e moyenne d&#039;un pot : environ 2 mois pour un chien ou un chat de 5 kg nourri exclusivement avec une alimentation maison    Chien \u00e2g\u00e9 de plus de 7 ans et chat\u00a0\u00e2g\u00e9 de plus de 8 ans : dans le cas d&#039;une alimentation maison   Chien ou chat avec insuffisance r\u00e9nale\u00a0ou\u00a0cardiaque, urolithiase, \u00e0 tout \u00e2ge\" \/>\n<meta property=\"og:url\" content=\"https:\/\/www.vetorino.com\/veterinaire\/prunelli-di-fiumorbo-20243\/boutique\/product\/viti5-bleu-poudre\/\" \/>\n<meta property=\"og:site_name\" content=\"V\u00e9torino\" \/>\n<meta property=\"article:publisher\" content=\"https:\/\/www.facebook.com\/Vetorino\/\" \/>\n<meta property=\"article:modified_time\" content=\"2026-02-09T13:38:19+00:00\" \/>\n<meta property=\"og:image\" content=\"https:\/\/www.vetorino.com\/boutique\/wp-content\/uploads\/2021\/04\/vit-i5-bleu4.jpg\" \/>\n\t<meta property=\"og:image:width\" content=\"800\" \/>\n\t<meta property=\"og:image:height\" content=\"800\" \/>\n\t<meta property=\"og:image:type\" content=\"image\/jpeg\" \/>\n<meta name=\"twitter:card\" content=\"summary_large_image\" \/>\n<meta name=\"twitter:label1\" content=\"Disponibilit\u00e9\" \/>\n\t<meta name=\"twitter:data1\" content=\"En stock\" \/>\n<script type=\"application\/ld+json\" class=\"yoast-schema-graph\">{\"@context\":\"https:\\\/\\\/schema.org\",\"@graph\":[{\"@type\":\"WebPage\",\"@id\":\"https:\\\/\\\/www.vetorino.com\\\/boutique\\\/product\\\/viti5-bleu-poudre\\\/\",\"url\":\"https:\\\/\\\/www.vetorino.com\\\/boutique\\\/product\\\/viti5-bleu-poudre\\\/\",\"name\":\"Animal Nutrition Expertise ViT'i5 Bleu Poudre Osalia - V\u00e9torino\",\"isPartOf\":{\"@id\":\"https:\\\/\\\/www.vetorino.com\\\/boutique\\\/#website\"},\"primaryImageOfPage\":{\"@id\":\"https:\\\/\\\/www.vetorino.com\\\/boutique\\\/product\\\/viti5-bleu-poudre\\\/#primaryimage\"},\"image\":{\"@id\":\"https:\\\/\\\/www.vetorino.com\\\/boutique\\\/product\\\/viti5-bleu-poudre\\\/#primaryimage\"},\"thumbnailUrl\":\"https:\\\/\\\/www.vetorino.com\\\/boutique\\\/wp-content\\\/uploads\\\/2021\\\/04\\\/vit-i5-bleu4.jpg\",\"datePublished\":\"2021-04-29T15:29:09+00:00\",\"dateModified\":\"2026-02-09T13:38:19+00:00\",\"description\":\"Compl\u00e9ment alimentaire en poudre pour\u00a0chats et chiens\u00a0destin\u00e9 \u00e0 apporter min\u00e9raux et vitamines pour\u00a0\u00e9quilibrer une alimentation maison (viande\\\/poisson + Vit'i5 + huile + l\u00e9gumes +\\\/-riz). Dur\u00e9e moyenne d'un pot : environ 2 mois pour un chien ou un chat de 5 kg nourri exclusivement avec une alimentation maison Chien \u00e2g\u00e9 de plus de 7 ans et chat\u00a0\u00e2g\u00e9 de plus de 8 ans : dans le cas d'une alimentation maison Chien ou chat avec insuffisance r\u00e9nale\u00a0ou\u00a0cardiaque, urolithiase, \u00e0 tout \u00e2ge\",\"breadcrumb\":{\"@id\":\"https:\\\/\\\/www.vetorino.com\\\/boutique\\\/product\\\/viti5-bleu-poudre\\\/#breadcrumb\"},\"inLanguage\":\"fr-FR\",\"potentialAction\":[{\"@type\":\"ReadAction\",\"target\":[\"https:\\\/\\\/www.vetorino.com\\\/boutique\\\/product\\\/viti5-bleu-poudre\\\/\"]}]},{\"@type\":\"ImageObject\",\"inLanguage\":\"fr-FR\",\"@id\":\"https:\\\/\\\/www.vetorino.com\\\/boutique\\\/product\\\/viti5-bleu-poudre\\\/#primaryimage\",\"url\":\"https:\\\/\\\/www.vetorino.com\\\/boutique\\\/wp-content\\\/uploads\\\/2021\\\/04\\\/vit-i5-bleu4.jpg\",\"contentUrl\":\"https:\\\/\\\/www.vetorino.com\\\/boutique\\\/wp-content\\\/uploads\\\/2021\\\/04\\\/vit-i5-bleu4.jpg\",\"width\":800,\"height\":800},{\"@type\":\"BreadcrumbList\",\"@id\":\"https:\\\/\\\/www.vetorino.com\\\/boutique\\\/product\\\/viti5-bleu-poudre\\\/#breadcrumb\",\"itemListElement\":[{\"@type\":\"ListItem\",\"position\":1,\"name\":\"Accueil\",\"item\":\"https:\\\/\\\/www.vetorino.com\\\/boutique\\\/\"},{\"@type\":\"ListItem\",\"position\":2,\"name\":\"Produits\",\"item\":\"https:\\\/\\\/www.vetorino.com\\\/boutique\\\/\"},{\"@type\":\"ListItem\",\"position\":3,\"name\":\"ViT&#8217;i5 Bleu Poudre\"}]},{\"@type\":\"WebSite\",\"@id\":\"https:\\\/\\\/www.vetorino.com\\\/boutique\\\/#website\",\"url\":\"https:\\\/\\\/www.vetorino.com\\\/boutique\\\/\",\"name\":\"V\u00e9torino\",\"description\":\"\",\"publisher\":{\"@id\":\"https:\\\/\\\/www.vetorino.com\\\/boutique\\\/#organization\"},\"potentialAction\":[{\"@type\":\"SearchAction\",\"target\":{\"@type\":\"EntryPoint\",\"urlTemplate\":\"https:\\\/\\\/www.vetorino.com\\\/boutique\\\/?s={search_term_string}\"},\"query-input\":{\"@type\":\"PropertyValueSpecification\",\"valueRequired\":true,\"valueName\":\"search_term_string\"}}],\"inLanguage\":\"fr-FR\"},{\"@type\":\"Organization\",\"@id\":\"https:\\\/\\\/www.vetorino.com\\\/boutique\\\/#organization\",\"name\":\"V\u00e9torino\",\"url\":\"https:\\\/\\\/www.vetorino.com\\\/boutique\\\/\",\"logo\":{\"@type\":\"ImageObject\",\"inLanguage\":\"fr-FR\",\"@id\":\"https:\\\/\\\/www.vetorino.com\\\/boutique\\\/#\\\/schema\\\/logo\\\/image\\\/\",\"url\":\"https:\\\/\\\/www.vetorino.com\\\/boutique\\\/wp-content\\\/uploads\\\/2024\\\/10\\\/logo.jpg\",\"contentUrl\":\"https:\\\/\\\/www.vetorino.com\\\/boutique\\\/wp-content\\\/uploads\\\/2024\\\/10\\\/logo.jpg\",\"width\":1200,\"height\":610,\"caption\":\"V\u00e9torino\"},\"image\":{\"@id\":\"https:\\\/\\\/www.vetorino.com\\\/boutique\\\/#\\\/schema\\\/logo\\\/image\\\/\"},\"sameAs\":[\"https:\\\/\\\/www.facebook.com\\\/Vetorino\\\/\",\"https:\\\/\\\/www.instagram.com\\\/vetorino_off\\\/\",\"https:\\\/\\\/www.linkedin.com\\\/company\\\/vtorino\\\/\"]}]}<\/script>\n<meta property=\"product:brand\" content=\"Osalia\" \/>\n<meta property=\"og:availability\" content=\"instock\" \/>\n<meta property=\"product:availability\" content=\"instock\" \/>\n<meta property=\"product:condition\" content=\"new\" \/>\n<!-- \/ Yoast SEO plugin. -->","yoast_head_json":{"title":"Animal Nutrition Expertise ViT'i5 Bleu Poudre Osalia - V\u00e9torino","description":"Compl\u00e9ment alimentaire en poudre pour\u00a0chats et chiens\u00a0destin\u00e9 \u00e0 apporter min\u00e9raux et vitamines pour\u00a0\u00e9quilibrer une alimentation maison (viande\/poisson + Vit'i5 + huile + l\u00e9gumes +\/-riz).  Dur\u00e9e moyenne d'un pot : environ 2 mois pour un chien ou un chat de 5 kg nourri exclusivement avec une alimentation maison    Chien \u00e2g\u00e9 de plus de 7 ans et chat\u00a0\u00e2g\u00e9 de plus de 8 ans : dans le cas d'une alimentation maison   Chien ou chat avec insuffisance r\u00e9nale\u00a0ou\u00a0cardiaque, urolithiase, \u00e0 tout \u00e2ge","robots":{"index":"noindex","follow":"nofollow"},"og_locale":"fr_FR","og_type":"article","og_title":"Animal Nutrition Expertise ViT'i5 Bleu Poudre Osalia - V\u00e9torino","og_description":"Compl\u00e9ment alimentaire en poudre pour\u00a0chats et chiens\u00a0destin\u00e9 \u00e0 apporter min\u00e9raux et vitamines pour\u00a0\u00e9quilibrer une alimentation maison (viande\/poisson + Vit'i5 + huile + l\u00e9gumes +\/-riz).  Dur\u00e9e moyenne d'un pot : environ 2 mois pour un chien ou un chat de 5 kg nourri exclusivement avec une alimentation maison    Chien \u00e2g\u00e9 de plus de 7 ans et chat\u00a0\u00e2g\u00e9 de plus de 8 ans : dans le cas d'une alimentation maison   Chien ou chat avec insuffisance r\u00e9nale\u00a0ou\u00a0cardiaque, urolithiase, \u00e0 tout \u00e2ge","og_url":"https:\/\/www.vetorino.com\/veterinaire\/prunelli-di-fiumorbo-20243\/boutique\/product\/viti5-bleu-poudre\/","og_site_name":"V\u00e9torino","article_publisher":"https:\/\/www.facebook.com\/Vetorino\/","article_modified_time":"2026-02-09T13:38:19+00:00","og_image":[{"width":800,"height":800,"url":"https:\/\/www.vetorino.com\/boutique\/wp-content\/uploads\/2021\/04\/vit-i5-bleu4.jpg","type":"image\/jpeg"}],"twitter_card":"summary_large_image","twitter_misc":{"Disponibilit\u00e9":"En stock"},"schema":{"@context":"https:\/\/schema.org","@graph":[{"@type":"WebPage","@id":"https:\/\/www.vetorino.com\/boutique\/product\/viti5-bleu-poudre\/","url":"https:\/\/www.vetorino.com\/boutique\/product\/viti5-bleu-poudre\/","name":"Animal Nutrition Expertise ViT'i5 Bleu Poudre Osalia - V\u00e9torino","isPartOf":{"@id":"https:\/\/www.vetorino.com\/boutique\/#website"},"primaryImageOfPage":{"@id":"https:\/\/www.vetorino.com\/boutique\/product\/viti5-bleu-poudre\/#primaryimage"},"image":{"@id":"https:\/\/www.vetorino.com\/boutique\/product\/viti5-bleu-poudre\/#primaryimage"},"thumbnailUrl":"https:\/\/www.vetorino.com\/boutique\/wp-content\/uploads\/2021\/04\/vit-i5-bleu4.jpg","datePublished":"2021-04-29T15:29:09+00:00","dateModified":"2026-02-09T13:38:19+00:00","description":"Compl\u00e9ment alimentaire en poudre pour\u00a0chats et chiens\u00a0destin\u00e9 \u00e0 apporter min\u00e9raux et vitamines pour\u00a0\u00e9quilibrer une alimentation maison (viande\/poisson + Vit'i5 + huile + l\u00e9gumes +\/-riz). Dur\u00e9e moyenne d'un pot : environ 2 mois pour un chien ou un chat de 5 kg nourri exclusivement avec une alimentation maison Chien \u00e2g\u00e9 de plus de 7 ans et chat\u00a0\u00e2g\u00e9 de plus de 8 ans : dans le cas d'une alimentation maison Chien ou chat avec insuffisance r\u00e9nale\u00a0ou\u00a0cardiaque, urolithiase, \u00e0 tout \u00e2ge","breadcrumb":{"@id":"https:\/\/www.vetorino.com\/boutique\/product\/viti5-bleu-poudre\/#breadcrumb"},"inLanguage":"fr-FR","potentialAction":[{"@type":"ReadAction","target":["https:\/\/www.vetorino.com\/boutique\/product\/viti5-bleu-poudre\/"]}]},{"@type":"ImageObject","inLanguage":"fr-FR","@id":"https:\/\/www.vetorino.com\/boutique\/product\/viti5-bleu-poudre\/#primaryimage","url":"https:\/\/www.vetorino.com\/boutique\/wp-content\/uploads\/2021\/04\/vit-i5-bleu4.jpg","contentUrl":"https:\/\/www.vetorino.com\/boutique\/wp-content\/uploads\/2021\/04\/vit-i5-bleu4.jpg","width":800,"height":800},{"@type":"BreadcrumbList","@id":"https:\/\/www.vetorino.com\/boutique\/product\/viti5-bleu-poudre\/#breadcrumb","itemListElement":[{"@type":"ListItem","position":1,"name":"Accueil","item":"https:\/\/www.vetorino.com\/boutique\/"},{"@type":"ListItem","position":2,"name":"Produits","item":"https:\/\/www.vetorino.com\/boutique\/"},{"@type":"ListItem","position":3,"name":"ViT&#8217;i5 Bleu Poudre"}]},{"@type":"WebSite","@id":"https:\/\/www.vetorino.com\/boutique\/#website","url":"https:\/\/www.vetorino.com\/boutique\/","name":"V\u00e9torino","description":"","publisher":{"@id":"https:\/\/www.vetorino.com\/boutique\/#organization"},"potentialAction":[{"@type":"SearchAction","target":{"@type":"EntryPoint","urlTemplate":"https:\/\/www.vetorino.com\/boutique\/?s={search_term_string}"},"query-input":{"@type":"PropertyValueSpecification","valueRequired":true,"valueName":"search_term_string"}}],"inLanguage":"fr-FR"},{"@type":"Organization","@id":"https:\/\/www.vetorino.com\/boutique\/#organization","name":"V\u00e9torino","url":"https:\/\/www.vetorino.com\/boutique\/","logo":{"@type":"ImageObject","inLanguage":"fr-FR","@id":"https:\/\/www.vetorino.com\/boutique\/#\/schema\/logo\/image\/","url":"https:\/\/www.vetorino.com\/boutique\/wp-content\/uploads\/2024\/10\/logo.jpg","contentUrl":"https:\/\/www.vetorino.com\/boutique\/wp-content\/uploads\/2024\/10\/logo.jpg","width":1200,"height":610,"caption":"V\u00e9torino"},"image":{"@id":"https:\/\/www.vetorino.com\/boutique\/#\/schema\/logo\/image\/"},"sameAs":["https:\/\/www.facebook.com\/Vetorino\/","https:\/\/www.instagram.com\/vetorino_off\/","https:\/\/www.linkedin.com\/company\/vtorino\/"]}]},"product_brand":"Osalia","og_availability":"instock","product_availability":"instock","product_condition":"new"},"_links":{"self":[{"href":"https:\/\/www.vetorino.com\/veterinaire\/prunelli-di-fiumorbo-20243\/boutique\/wp-json\/wp\/v2\/product\/174529","targetHints":{"allow":["GET"]}}],"collection":[{"href":"https:\/\/www.vetorino.com\/veterinaire\/prunelli-di-fiumorbo-20243\/boutique\/wp-json\/wp\/v2\/product"}],"about":[{"href":"https:\/\/www.vetorino.com\/veterinaire\/prunelli-di-fiumorbo-20243\/boutique\/wp-json\/wp\/v2\/types\/product"}],"wp:featuredmedia":[{"embeddable":true,"href":"https:\/\/www.vetorino.com\/veterinaire\/prunelli-di-fiumorbo-20243\/boutique\/wp-json\/wp\/v2\/media\/830628"}],"wp:attachment":[{"href":"https:\/\/www.vetorino.com\/veterinaire\/prunelli-di-fiumorbo-20243\/boutique\/wp-json\/wp\/v2\/media?parent=174529"}],"wp:term":[{"taxonomy":"product_cat","embeddable":true,"href":"https:\/\/www.vetorino.com\/veterinaire\/prunelli-di-fiumorbo-20243\/boutique\/wp-json\/wp\/v2\/product_cat?post=174529"},{"taxonomy":"product_tag","embeddable":true,"href":"https:\/\/www.vetorino.com\/veterinaire\/prunelli-di-fiumorbo-20243\/boutique\/wp-json\/wp\/v2\/product_tag?post=174529"}],"curies":[{"name":"wp","href":"https:\/\/api.w.org\/{rel}","templated":true}]}}