{"id":174591,"date":"2021-04-29T20:22:28","date_gmt":"2021-04-29T18:22:28","guid":{"rendered":"https:\/\/www.vetorino.com\/boutique\/product\/effitix-spot-on-268-mg-2400-mg-grand-chien\/"},"modified":"2025-04-04T15:33:41","modified_gmt":"2025-04-04T13:33:41","slug":"effitix-spot-on-268-mg-2400-mg-grand-chien","status":"publish","type":"product","link":"https:\/\/www.vetorino.com\/veterinaire\/prunelli-di-fiumorbo-20243\/boutique\/product\/effitix-spot-on-268-mg-2400-mg-grand-chien\/","title":{"rendered":"Effitix Spot On Grand Chien 20-40 kg"},"content":{"rendered":"<p><strong>Pourquoi utiliser Effitix Spot On ?<\/strong><\/p>\n<p>Chez les chiens :<br \/>\n&#8211; Utilisation lors d&#8217;infestations par les puces et\/ou les tiques, lorsqu&#8217;une activit\u00e9 r\u00e9pulsive (anti-gorgement) contre les phl\u00e9botomes et\/ou les moustiques est \u00e9galement n\u00e9cessaire.<\/p>\n<p>Puces :<br \/>\nTraitement et pr\u00e9vention des infestations par les puces (Ctenocephalides felis).<br \/>\nLes puces sur le chien sont tu\u00e9es dans les 24 heures qui suivent le traitement.<br \/>\nUn seul traitement a une efficacit\u00e9 persistante contre de nouvelles infestations par des puces adultes pendant quatre semaines.<br \/>\nLe produit peut \u00eatre int\u00e9gr\u00e9 \u00e0 une strat\u00e9gie de traitement de la Dermatite par Allergie aux Piq\u00fbres de Puces (DAPP) lorsque cette affection a pr\u00e9alablement fait l&#8217;objet d&#8217;un diagnostic par un v\u00e9t\u00e9rinaire.<\/p>\n<p>Tiques :<br \/>\nUne seule application procure une efficacit\u00e9 acaricide persistante contre les infestations par les tiques (Ixodes ricinus, Dermacentor reticulatus et Rhipicephalus sanguineus) pendant quatre semaines.<br \/>\nSi des tiques sont pr\u00e9sentes au moment de l&#8217;application, elles peuvent ne pas \u00eatre toutes tu\u00e9es dans les 48 heures mais l&#8217;\u00eatre au cours de la semaine.<\/p>\n<p>Phl\u00e9botomes et moustiques :<br \/>\nUn seul traitement assure une activit\u00e9 r\u00e9pulsive (anti-gorgement) contre les phl\u00e9botomes (Phlebotomus perniciosus) et contre les moustiques (Culex pipiens, Aedes aegypti) pendant quatre semaines.<\/p>\n","protected":false},"excerpt":{"rendered":"<p>Effitix Spot On est un antiparasitaire externe \u00e0 usage topique, contenant du fipronil et de la perm\u00e9thrine. Cette association pr\u00e9sente une activit\u00e9 insecticide, acaricide et r\u00e9pulsive \u00e0 l&#8217;\u00e9gard des phl\u00e9botomes et des moustiques.<\/p>\n","protected":false},"featured_media":1087138,"template":"","meta":[],"product_cat":[12554,2698],"product_tag":[],"class_list":{"0":"post-174591","1":"product","2":"type-product","3":"status-publish","4":"has-post-thumbnail","6":"product_cat-antiparasitaire-du-chien","7":"product_cat-chien","8":"pa_marque-virbac","10":"first","11":"instock","12":"taxable","13":"shipping-taxable","14":"purchasable","15":"product-type-variable"},"yoast_head":"<!-- This site is optimized with the Yoast SEO plugin v27.3 - https:\/\/yoast.com\/product\/yoast-seo-wordpress\/ -->\n<title>Effitix Spot On Grand Chien 20-40 kg Virbac - V\u00e9torino<\/title>\n<meta name=\"description\" content=\"Effitix Spot On est un antiparasitaire externe \u00e0 usage topique, contenant du fipronil et de la perm\u00e9thrine. Cette association pr\u00e9sente une activit\u00e9 insecticide, acaricide et r\u00e9pulsive \u00e0 l&#039;\u00e9gard des phl\u00e9botomes et des moustiques.\" \/>\n<meta name=\"robots\" content=\"noindex, nofollow\" \/>\n<meta property=\"og:locale\" content=\"fr_FR\" \/>\n<meta property=\"og:type\" content=\"article\" \/>\n<meta property=\"og:title\" content=\"Effitix Spot On Grand Chien 20-40 kg Virbac - V\u00e9torino\" \/>\n<meta property=\"og:description\" content=\"Effitix Spot On est un antiparasitaire externe \u00e0 usage topique, contenant du fipronil et de la perm\u00e9thrine. Cette association pr\u00e9sente une activit\u00e9 insecticide, acaricide et r\u00e9pulsive \u00e0 l&#039;\u00e9gard des phl\u00e9botomes et des moustiques.\" \/>\n<meta property=\"og:url\" content=\"https:\/\/www.vetorino.com\/veterinaire\/prunelli-di-fiumorbo-20243\/boutique\/product\/effitix-spot-on-268-mg-2400-mg-grand-chien\/\" \/>\n<meta property=\"og:site_name\" content=\"V\u00e9torino\" \/>\n<meta property=\"article:publisher\" content=\"https:\/\/www.facebook.com\/Vetorino\/\" \/>\n<meta property=\"article:modified_time\" content=\"2025-04-04T13:33:41+00:00\" \/>\n<meta property=\"og:image\" content=\"https:\/\/www.vetorino.com\/boutique\/wp-content\/uploads\/2021\/04\/effitix_20-40x4france_1.jpg\" \/>\n\t<meta property=\"og:image:width\" content=\"939\" \/>\n\t<meta property=\"og:image:height\" content=\"600\" \/>\n\t<meta property=\"og:image:type\" content=\"image\/jpeg\" \/>\n<meta name=\"twitter:card\" content=\"summary_large_image\" \/>\n<meta name=\"twitter:label1\" content=\"Disponibilit\u00e9\" \/>\n\t<meta name=\"twitter:data1\" content=\"En stock\" \/>\n<script type=\"application\/ld+json\" class=\"yoast-schema-graph\">{\"@context\":\"https:\\\/\\\/schema.org\",\"@graph\":[{\"@type\":\"WebPage\",\"@id\":\"https:\\\/\\\/www.vetorino.com\\\/veterinaire\\\/pontarlier-25300\\\/boutique\\\/product\\\/effitix-spot-on-268-mg-2400-mg-grand-chien\\\/\",\"url\":\"https:\\\/\\\/www.vetorino.com\\\/veterinaire\\\/pontarlier-25300\\\/boutique\\\/product\\\/effitix-spot-on-268-mg-2400-mg-grand-chien\\\/\",\"name\":\"Effitix Spot On Grand Chien 20-40 kg Virbac - V\u00e9torino\",\"isPartOf\":{\"@id\":\"https:\\\/\\\/www.vetorino.com\\\/boutique\\\/#website\"},\"primaryImageOfPage\":{\"@id\":\"https:\\\/\\\/www.vetorino.com\\\/veterinaire\\\/pontarlier-25300\\\/boutique\\\/product\\\/effitix-spot-on-268-mg-2400-mg-grand-chien\\\/#primaryimage\"},\"image\":{\"@id\":\"https:\\\/\\\/www.vetorino.com\\\/veterinaire\\\/pontarlier-25300\\\/boutique\\\/product\\\/effitix-spot-on-268-mg-2400-mg-grand-chien\\\/#primaryimage\"},\"thumbnailUrl\":\"https:\\\/\\\/www.vetorino.com\\\/boutique\\\/wp-content\\\/uploads\\\/2021\\\/04\\\/effitix_20-40x4france_1.jpg\",\"datePublished\":\"2021-04-29T18:22:28+00:00\",\"dateModified\":\"2025-04-04T13:33:41+00:00\",\"description\":\"Effitix Spot On est un antiparasitaire externe \u00e0 usage topique, contenant du fipronil et de la perm\u00e9thrine. Cette association pr\u00e9sente une activit\u00e9 insecticide, acaricide et r\u00e9pulsive \u00e0 l'\u00e9gard des phl\u00e9botomes et des moustiques.\",\"breadcrumb\":{\"@id\":\"https:\\\/\\\/www.vetorino.com\\\/veterinaire\\\/pontarlier-25300\\\/boutique\\\/product\\\/effitix-spot-on-268-mg-2400-mg-grand-chien\\\/#breadcrumb\"},\"inLanguage\":\"fr-FR\",\"potentialAction\":[{\"@type\":\"ReadAction\",\"target\":[\"https:\\\/\\\/www.vetorino.com\\\/veterinaire\\\/pontarlier-25300\\\/boutique\\\/product\\\/effitix-spot-on-268-mg-2400-mg-grand-chien\\\/\"]}]},{\"@type\":\"ImageObject\",\"inLanguage\":\"fr-FR\",\"@id\":\"https:\\\/\\\/www.vetorino.com\\\/veterinaire\\\/pontarlier-25300\\\/boutique\\\/product\\\/effitix-spot-on-268-mg-2400-mg-grand-chien\\\/#primaryimage\",\"url\":\"https:\\\/\\\/www.vetorino.com\\\/boutique\\\/wp-content\\\/uploads\\\/2021\\\/04\\\/effitix_20-40x4france_1.jpg\",\"contentUrl\":\"https:\\\/\\\/www.vetorino.com\\\/boutique\\\/wp-content\\\/uploads\\\/2021\\\/04\\\/effitix_20-40x4france_1.jpg\",\"width\":939,\"height\":600},{\"@type\":\"BreadcrumbList\",\"@id\":\"https:\\\/\\\/www.vetorino.com\\\/veterinaire\\\/pontarlier-25300\\\/boutique\\\/product\\\/effitix-spot-on-268-mg-2400-mg-grand-chien\\\/#breadcrumb\",\"itemListElement\":[{\"@type\":\"ListItem\",\"position\":1,\"name\":\"Accueil\",\"item\":\"https:\\\/\\\/www.vetorino.com\\\/boutique\\\/\"},{\"@type\":\"ListItem\",\"position\":2,\"name\":\"Produits\",\"item\":\"https:\\\/\\\/www.vetorino.com\\\/boutique\\\/\"},{\"@type\":\"ListItem\",\"position\":3,\"name\":\"Effitix Spot On Grand Chien 20-40 kg\"}]},{\"@type\":\"WebSite\",\"@id\":\"https:\\\/\\\/www.vetorino.com\\\/boutique\\\/#website\",\"url\":\"https:\\\/\\\/www.vetorino.com\\\/boutique\\\/\",\"name\":\"V\u00e9torino\",\"description\":\"\",\"publisher\":{\"@id\":\"https:\\\/\\\/www.vetorino.com\\\/boutique\\\/#organization\"},\"potentialAction\":[{\"@type\":\"SearchAction\",\"target\":{\"@type\":\"EntryPoint\",\"urlTemplate\":\"https:\\\/\\\/www.vetorino.com\\\/boutique\\\/?s={search_term_string}\"},\"query-input\":{\"@type\":\"PropertyValueSpecification\",\"valueRequired\":true,\"valueName\":\"search_term_string\"}}],\"inLanguage\":\"fr-FR\"},{\"@type\":\"Organization\",\"@id\":\"https:\\\/\\\/www.vetorino.com\\\/boutique\\\/#organization\",\"name\":\"V\u00e9torino\",\"url\":\"https:\\\/\\\/www.vetorino.com\\\/boutique\\\/\",\"logo\":{\"@type\":\"ImageObject\",\"inLanguage\":\"fr-FR\",\"@id\":\"https:\\\/\\\/www.vetorino.com\\\/boutique\\\/#\\\/schema\\\/logo\\\/image\\\/\",\"url\":\"https:\\\/\\\/www.vetorino.com\\\/boutique\\\/wp-content\\\/uploads\\\/2024\\\/10\\\/logo.jpg\",\"contentUrl\":\"https:\\\/\\\/www.vetorino.com\\\/boutique\\\/wp-content\\\/uploads\\\/2024\\\/10\\\/logo.jpg\",\"width\":1200,\"height\":610,\"caption\":\"V\u00e9torino\"},\"image\":{\"@id\":\"https:\\\/\\\/www.vetorino.com\\\/boutique\\\/#\\\/schema\\\/logo\\\/image\\\/\"},\"sameAs\":[\"https:\\\/\\\/www.facebook.com\\\/Vetorino\\\/\",\"https:\\\/\\\/www.instagram.com\\\/vetorino_off\\\/\",\"https:\\\/\\\/www.linkedin.com\\\/company\\\/vtorino\\\/\"]}]}<\/script>\n<meta property=\"product:brand\" content=\"Virbac\" \/>\n<meta property=\"og:availability\" content=\"instock\" \/>\n<meta property=\"product:availability\" content=\"instock\" \/>\n<meta property=\"product:condition\" content=\"new\" \/>\n<!-- \/ Yoast SEO plugin. -->","yoast_head_json":{"title":"Effitix Spot On Grand Chien 20-40 kg Virbac - V\u00e9torino","description":"Effitix Spot On est un antiparasitaire externe \u00e0 usage topique, contenant du fipronil et de la perm\u00e9thrine. Cette association pr\u00e9sente une activit\u00e9 insecticide, acaricide et r\u00e9pulsive \u00e0 l'\u00e9gard des phl\u00e9botomes et des moustiques.","robots":{"index":"noindex","follow":"nofollow"},"og_locale":"fr_FR","og_type":"article","og_title":"Effitix Spot On Grand Chien 20-40 kg Virbac - V\u00e9torino","og_description":"Effitix Spot On est un antiparasitaire externe \u00e0 usage topique, contenant du fipronil et de la perm\u00e9thrine. Cette association pr\u00e9sente une activit\u00e9 insecticide, acaricide et r\u00e9pulsive \u00e0 l'\u00e9gard des phl\u00e9botomes et des moustiques.","og_url":"https:\/\/www.vetorino.com\/veterinaire\/prunelli-di-fiumorbo-20243\/boutique\/product\/effitix-spot-on-268-mg-2400-mg-grand-chien\/","og_site_name":"V\u00e9torino","article_publisher":"https:\/\/www.facebook.com\/Vetorino\/","article_modified_time":"2025-04-04T13:33:41+00:00","og_image":[{"width":939,"height":600,"url":"https:\/\/www.vetorino.com\/boutique\/wp-content\/uploads\/2021\/04\/effitix_20-40x4france_1.jpg","type":"image\/jpeg"}],"twitter_card":"summary_large_image","twitter_misc":{"Disponibilit\u00e9":"En stock"},"schema":{"@context":"https:\/\/schema.org","@graph":[{"@type":"WebPage","@id":"https:\/\/www.vetorino.com\/veterinaire\/pontarlier-25300\/boutique\/product\/effitix-spot-on-268-mg-2400-mg-grand-chien\/","url":"https:\/\/www.vetorino.com\/veterinaire\/pontarlier-25300\/boutique\/product\/effitix-spot-on-268-mg-2400-mg-grand-chien\/","name":"Effitix Spot On Grand Chien 20-40 kg Virbac - V\u00e9torino","isPartOf":{"@id":"https:\/\/www.vetorino.com\/boutique\/#website"},"primaryImageOfPage":{"@id":"https:\/\/www.vetorino.com\/veterinaire\/pontarlier-25300\/boutique\/product\/effitix-spot-on-268-mg-2400-mg-grand-chien\/#primaryimage"},"image":{"@id":"https:\/\/www.vetorino.com\/veterinaire\/pontarlier-25300\/boutique\/product\/effitix-spot-on-268-mg-2400-mg-grand-chien\/#primaryimage"},"thumbnailUrl":"https:\/\/www.vetorino.com\/boutique\/wp-content\/uploads\/2021\/04\/effitix_20-40x4france_1.jpg","datePublished":"2021-04-29T18:22:28+00:00","dateModified":"2025-04-04T13:33:41+00:00","description":"Effitix Spot On est un antiparasitaire externe \u00e0 usage topique, contenant du fipronil et de la perm\u00e9thrine. Cette association pr\u00e9sente une activit\u00e9 insecticide, acaricide et r\u00e9pulsive \u00e0 l'\u00e9gard des phl\u00e9botomes et des moustiques.","breadcrumb":{"@id":"https:\/\/www.vetorino.com\/veterinaire\/pontarlier-25300\/boutique\/product\/effitix-spot-on-268-mg-2400-mg-grand-chien\/#breadcrumb"},"inLanguage":"fr-FR","potentialAction":[{"@type":"ReadAction","target":["https:\/\/www.vetorino.com\/veterinaire\/pontarlier-25300\/boutique\/product\/effitix-spot-on-268-mg-2400-mg-grand-chien\/"]}]},{"@type":"ImageObject","inLanguage":"fr-FR","@id":"https:\/\/www.vetorino.com\/veterinaire\/pontarlier-25300\/boutique\/product\/effitix-spot-on-268-mg-2400-mg-grand-chien\/#primaryimage","url":"https:\/\/www.vetorino.com\/boutique\/wp-content\/uploads\/2021\/04\/effitix_20-40x4france_1.jpg","contentUrl":"https:\/\/www.vetorino.com\/boutique\/wp-content\/uploads\/2021\/04\/effitix_20-40x4france_1.jpg","width":939,"height":600},{"@type":"BreadcrumbList","@id":"https:\/\/www.vetorino.com\/veterinaire\/pontarlier-25300\/boutique\/product\/effitix-spot-on-268-mg-2400-mg-grand-chien\/#breadcrumb","itemListElement":[{"@type":"ListItem","position":1,"name":"Accueil","item":"https:\/\/www.vetorino.com\/boutique\/"},{"@type":"ListItem","position":2,"name":"Produits","item":"https:\/\/www.vetorino.com\/boutique\/"},{"@type":"ListItem","position":3,"name":"Effitix Spot On Grand Chien 20-40 kg"}]},{"@type":"WebSite","@id":"https:\/\/www.vetorino.com\/boutique\/#website","url":"https:\/\/www.vetorino.com\/boutique\/","name":"V\u00e9torino","description":"","publisher":{"@id":"https:\/\/www.vetorino.com\/boutique\/#organization"},"potentialAction":[{"@type":"SearchAction","target":{"@type":"EntryPoint","urlTemplate":"https:\/\/www.vetorino.com\/boutique\/?s={search_term_string}"},"query-input":{"@type":"PropertyValueSpecification","valueRequired":true,"valueName":"search_term_string"}}],"inLanguage":"fr-FR"},{"@type":"Organization","@id":"https:\/\/www.vetorino.com\/boutique\/#organization","name":"V\u00e9torino","url":"https:\/\/www.vetorino.com\/boutique\/","logo":{"@type":"ImageObject","inLanguage":"fr-FR","@id":"https:\/\/www.vetorino.com\/boutique\/#\/schema\/logo\/image\/","url":"https:\/\/www.vetorino.com\/boutique\/wp-content\/uploads\/2024\/10\/logo.jpg","contentUrl":"https:\/\/www.vetorino.com\/boutique\/wp-content\/uploads\/2024\/10\/logo.jpg","width":1200,"height":610,"caption":"V\u00e9torino"},"image":{"@id":"https:\/\/www.vetorino.com\/boutique\/#\/schema\/logo\/image\/"},"sameAs":["https:\/\/www.facebook.com\/Vetorino\/","https:\/\/www.instagram.com\/vetorino_off\/","https:\/\/www.linkedin.com\/company\/vtorino\/"]}]},"product_brand":"Virbac","og_availability":"instock","product_availability":"instock","product_condition":"new"},"_links":{"self":[{"href":"https:\/\/www.vetorino.com\/veterinaire\/prunelli-di-fiumorbo-20243\/boutique\/wp-json\/wp\/v2\/product\/174591","targetHints":{"allow":["GET"]}}],"collection":[{"href":"https:\/\/www.vetorino.com\/veterinaire\/prunelli-di-fiumorbo-20243\/boutique\/wp-json\/wp\/v2\/product"}],"about":[{"href":"https:\/\/www.vetorino.com\/veterinaire\/prunelli-di-fiumorbo-20243\/boutique\/wp-json\/wp\/v2\/types\/product"}],"wp:featuredmedia":[{"embeddable":true,"href":"https:\/\/www.vetorino.com\/veterinaire\/prunelli-di-fiumorbo-20243\/boutique\/wp-json\/wp\/v2\/media\/1087138"}],"wp:attachment":[{"href":"https:\/\/www.vetorino.com\/veterinaire\/prunelli-di-fiumorbo-20243\/boutique\/wp-json\/wp\/v2\/media?parent=174591"}],"wp:term":[{"taxonomy":"product_cat","embeddable":true,"href":"https:\/\/www.vetorino.com\/veterinaire\/prunelli-di-fiumorbo-20243\/boutique\/wp-json\/wp\/v2\/product_cat?post=174591"},{"taxonomy":"product_tag","embeddable":true,"href":"https:\/\/www.vetorino.com\/veterinaire\/prunelli-di-fiumorbo-20243\/boutique\/wp-json\/wp\/v2\/product_tag?post=174591"}],"curies":[{"name":"wp","href":"https:\/\/api.w.org\/{rel}","templated":true}]}}