{"id":174978,"date":"2021-04-30T20:23:07","date_gmt":"2021-04-30T18:23:07","guid":{"rendered":"https:\/\/www.vetorino.com\/boutique\/product\/ermidra-spray-3\/"},"modified":"2026-02-24T15:31:39","modified_gmt":"2026-02-24T14:31:39","slug":"ermidra-spray-3","status":"publish","type":"product","link":"https:\/\/www.vetorino.com\/veterinaire\/prunelli-di-fiumorbo-20243\/boutique\/product\/ermidra-spray-3\/","title":{"rendered":"Ermidra Spray Hydratant &#8211; chien &#038; chat"},"content":{"rendered":"<p><strong>Spray hydratant longue dur\u00e9e pour chiens et chats \u00e0 base de liposomes.<\/strong><\/p>\n<p><strong>Utilisation :<\/strong><\/p>\n<p>Ermidr\u00e0\u00ae Spray contient du propyl\u00e8ne glycol, du D-panth\u00e9nol et de la glyc\u00e9rine pour hydrater la peau.<\/p>\n<p>Pour toutes les situations de s\u00e9cheresse cutan\u00e9e :<\/p>\n<ul>\n<li>En compl\u00e9ment du traitement des s\u00e9borrh\u00e9es s\u00e8ches et de l&#8217;atopie.<\/li>\n<li>Apr\u00e8s chaque shampoing.<\/li>\n<li>En \u00e9t\u00e9 ou lors de confinement en atmosph\u00e8re surchauff\u00e9e.<\/li>\n<\/ul>\n<p><strong>Mode d&#8217;emploi :<\/strong><\/p>\n<p><em>1. Agiter le flacon avant utilisation.<\/em><\/p>\n<p><em>2. Appliquer le produit g\u00e9n\u00e9reusement sur l&#8217;ensemble du pelage jusqu&#8217;\u00e0 ce que la peau soit humide.<\/em><\/p>\n<p><em>3. Pour les animaux \u00e0 poils longs, vaporiser \u00e0 rebrousse-poil.<\/em><\/p>\n<p><em>4. Ne pas rincer.<\/em><\/p>\n<p><em>5. Appliquer 1 \u00e0 2 fois par jour (ou selon les instructions du v\u00e9t\u00e9rinaire).<\/em><\/p>\n<p><em>\u00c9viter tout contact avec les yeux. Tenir hors de port\u00e9e des enfants.<\/em><\/p>\n<p><strong>Avantages :<\/strong><\/p>\n<p>L&#8217;extrait d&#8217;\u00e9pilobium et le gluconate de zinc aide \u00e0 r\u00e9guler la production de s\u00e9bum et procure un effet rafra\u00eechissant. Les liposomes (microcapsules) transportent les substances actives dans les couches plus profondes de l&#8217;\u00e9piderme et prolongent ainsi leur efficacit\u00e9<\/p>\n","protected":false},"excerpt":{"rendered":"<p><strong>Spray hydratant longue dur\u00e9e pour chiens et chats \u00e0 base de liposomes.<\/strong><\/p>\n<p><strong>Utilisation :<\/strong><\/p>\n<ul>\n<li>Ermidr\u00e0\u00ae Spray contient du propyl\u00e8ne glycol, du D-panth\u00e9nol et de la glyc\u00e9rine pour hydrater la peau.<\/li>\n<\/ul>\n","protected":false},"featured_media":904114,"template":"","meta":[],"product_cat":[2697,2698,12611,12612,12560,12561],"product_tag":[],"class_list":{"0":"post-174978","1":"product","2":"type-product","3":"status-publish","4":"has-post-thumbnail","6":"product_cat-chat","7":"product_cat-chien","8":"product_cat-hygiene-de-la-peau-et-du-pelage-du-chat","9":"product_cat-hygiene-de-la-peau-et-du-pelage-du-chien","10":"product_cat-hygiene-du-chat","11":"product_cat-hygiene-du-chien","12":"pa_marque-nextmune","14":"first","15":"instock","16":"taxable","17":"shipping-taxable","18":"purchasable","19":"product-type-simple"},"yoast_head":"<!-- This site is optimized with the Yoast SEO plugin v27.3 - https:\/\/yoast.com\/product\/yoast-seo-wordpress\/ -->\n<title>Ermidra Spray Hydratant - chien &amp; chat NEXTMUNE - V\u00e9torino<\/title>\n<meta name=\"description\" content=\"Spray hydratant longue dur\u00e9e pour chiens et chats \u00e0 base de liposomes.  Utilisation :   Ermidr\u00e0\u00ae Spray contient du propyl\u00e8ne glycol, du D-panth\u00e9nol et de la glyc\u00e9rine pour hydrater la peau.\" \/>\n<meta name=\"robots\" content=\"noindex, nofollow\" \/>\n<meta property=\"og:locale\" content=\"fr_FR\" \/>\n<meta property=\"og:type\" content=\"article\" \/>\n<meta property=\"og:title\" content=\"Ermidra Spray Hydratant - chien &amp; chat NEXTMUNE - V\u00e9torino\" \/>\n<meta property=\"og:description\" content=\"Spray hydratant longue dur\u00e9e pour chiens et chats \u00e0 base de liposomes.  Utilisation :   Ermidr\u00e0\u00ae Spray contient du propyl\u00e8ne glycol, du D-panth\u00e9nol et de la glyc\u00e9rine pour hydrater la peau.\" \/>\n<meta property=\"og:url\" content=\"https:\/\/www.vetorino.com\/veterinaire\/prunelli-di-fiumorbo-20243\/boutique\/product\/ermidra-spray-3\/\" \/>\n<meta property=\"og:site_name\" content=\"V\u00e9torino\" \/>\n<meta property=\"article:publisher\" content=\"https:\/\/www.facebook.com\/Vetorino\/\" \/>\n<meta property=\"article:modified_time\" content=\"2026-02-24T14:31:39+00:00\" \/>\n<meta property=\"og:image\" content=\"https:\/\/www.vetorino.com\/boutique\/wp-content\/uploads\/2021\/04\/MPLAB-1821370.jpg\" \/>\n\t<meta property=\"og:image:width\" content=\"400\" \/>\n\t<meta property=\"og:image:height\" content=\"400\" \/>\n\t<meta property=\"og:image:type\" content=\"image\/jpeg\" \/>\n<meta name=\"twitter:card\" content=\"summary_large_image\" \/>\n<meta name=\"twitter:label1\" content=\"Prix\" \/>\n\t<meta name=\"twitter:data1\" content=\"25,79&euro;\" \/>\n\t<meta name=\"twitter:label2\" content=\"Disponibilit\u00e9\" \/>\n\t<meta name=\"twitter:data2\" content=\"En stock\" \/>\n<script type=\"application\/ld+json\" class=\"yoast-schema-graph\">{\"@context\":\"https:\\\/\\\/schema.org\",\"@graph\":[{\"@type\":\"WebPage\",\"@id\":\"https:\\\/\\\/www.vetorino.com\\\/boutique\\\/product\\\/ermidra-spray-3\\\/\",\"url\":\"https:\\\/\\\/www.vetorino.com\\\/boutique\\\/product\\\/ermidra-spray-3\\\/\",\"name\":\"Ermidra Spray Hydratant - chien & chat NEXTMUNE - V\u00e9torino\",\"isPartOf\":{\"@id\":\"https:\\\/\\\/www.vetorino.com\\\/boutique\\\/#website\"},\"primaryImageOfPage\":{\"@id\":\"https:\\\/\\\/www.vetorino.com\\\/boutique\\\/product\\\/ermidra-spray-3\\\/#primaryimage\"},\"image\":{\"@id\":\"https:\\\/\\\/www.vetorino.com\\\/boutique\\\/product\\\/ermidra-spray-3\\\/#primaryimage\"},\"thumbnailUrl\":\"https:\\\/\\\/www.vetorino.com\\\/boutique\\\/wp-content\\\/uploads\\\/2021\\\/04\\\/MPLAB-1821370.jpg\",\"datePublished\":\"2021-04-30T18:23:07+00:00\",\"dateModified\":\"2026-02-24T14:31:39+00:00\",\"description\":\"Spray hydratant longue dur\u00e9e pour chiens et chats \u00e0 base de liposomes. Utilisation : Ermidr\u00e0\u00ae Spray contient du propyl\u00e8ne glycol, du D-panth\u00e9nol et de la glyc\u00e9rine pour hydrater la peau.\",\"breadcrumb\":{\"@id\":\"https:\\\/\\\/www.vetorino.com\\\/boutique\\\/product\\\/ermidra-spray-3\\\/#breadcrumb\"},\"inLanguage\":\"fr-FR\",\"potentialAction\":[{\"@type\":\"ReadAction\",\"target\":[\"https:\\\/\\\/www.vetorino.com\\\/boutique\\\/product\\\/ermidra-spray-3\\\/\"]}]},{\"@type\":\"ImageObject\",\"inLanguage\":\"fr-FR\",\"@id\":\"https:\\\/\\\/www.vetorino.com\\\/boutique\\\/product\\\/ermidra-spray-3\\\/#primaryimage\",\"url\":\"https:\\\/\\\/www.vetorino.com\\\/boutique\\\/wp-content\\\/uploads\\\/2021\\\/04\\\/MPLAB-1821370.jpg\",\"contentUrl\":\"https:\\\/\\\/www.vetorino.com\\\/boutique\\\/wp-content\\\/uploads\\\/2021\\\/04\\\/MPLAB-1821370.jpg\",\"width\":400,\"height\":400},{\"@type\":\"BreadcrumbList\",\"@id\":\"https:\\\/\\\/www.vetorino.com\\\/boutique\\\/product\\\/ermidra-spray-3\\\/#breadcrumb\",\"itemListElement\":[{\"@type\":\"ListItem\",\"position\":1,\"name\":\"Accueil\",\"item\":\"https:\\\/\\\/www.vetorino.com\\\/boutique\\\/\"},{\"@type\":\"ListItem\",\"position\":2,\"name\":\"Produits\",\"item\":\"https:\\\/\\\/www.vetorino.com\\\/boutique\\\/\"},{\"@type\":\"ListItem\",\"position\":3,\"name\":\"Ermidra Spray Hydratant &#8211; chien &#038; chat\"}]},{\"@type\":\"WebSite\",\"@id\":\"https:\\\/\\\/www.vetorino.com\\\/boutique\\\/#website\",\"url\":\"https:\\\/\\\/www.vetorino.com\\\/boutique\\\/\",\"name\":\"V\u00e9torino\",\"description\":\"\",\"publisher\":{\"@id\":\"https:\\\/\\\/www.vetorino.com\\\/boutique\\\/#organization\"},\"potentialAction\":[{\"@type\":\"SearchAction\",\"target\":{\"@type\":\"EntryPoint\",\"urlTemplate\":\"https:\\\/\\\/www.vetorino.com\\\/boutique\\\/?s={search_term_string}\"},\"query-input\":{\"@type\":\"PropertyValueSpecification\",\"valueRequired\":true,\"valueName\":\"search_term_string\"}}],\"inLanguage\":\"fr-FR\"},{\"@type\":\"Organization\",\"@id\":\"https:\\\/\\\/www.vetorino.com\\\/boutique\\\/#organization\",\"name\":\"V\u00e9torino\",\"url\":\"https:\\\/\\\/www.vetorino.com\\\/boutique\\\/\",\"logo\":{\"@type\":\"ImageObject\",\"inLanguage\":\"fr-FR\",\"@id\":\"https:\\\/\\\/www.vetorino.com\\\/boutique\\\/#\\\/schema\\\/logo\\\/image\\\/\",\"url\":\"https:\\\/\\\/www.vetorino.com\\\/boutique\\\/wp-content\\\/uploads\\\/2024\\\/10\\\/logo.jpg\",\"contentUrl\":\"https:\\\/\\\/www.vetorino.com\\\/boutique\\\/wp-content\\\/uploads\\\/2024\\\/10\\\/logo.jpg\",\"width\":1200,\"height\":610,\"caption\":\"V\u00e9torino\"},\"image\":{\"@id\":\"https:\\\/\\\/www.vetorino.com\\\/boutique\\\/#\\\/schema\\\/logo\\\/image\\\/\"},\"sameAs\":[\"https:\\\/\\\/www.facebook.com\\\/Vetorino\\\/\",\"https:\\\/\\\/www.instagram.com\\\/vetorino_off\\\/\",\"https:\\\/\\\/www.linkedin.com\\\/company\\\/vtorino\\\/\"]}]}<\/script>\n<meta property=\"product:brand\" content=\"NEXTMUNE\" \/>\n<meta property=\"product:price:amount\" content=\"25.79\" \/>\n<meta property=\"product:price:currency\" content=\"EUR\" \/>\n<meta property=\"og:availability\" content=\"instock\" \/>\n<meta property=\"product:availability\" content=\"instock\" \/>\n<meta property=\"product:retailer_item_id\" content=\"A-1821370\" \/>\n<meta property=\"product:condition\" content=\"new\" \/>\n<!-- \/ Yoast SEO plugin. -->","yoast_head_json":{"title":"Ermidra Spray Hydratant - chien & chat NEXTMUNE - V\u00e9torino","description":"Spray hydratant longue dur\u00e9e pour chiens et chats \u00e0 base de liposomes.  Utilisation :   Ermidr\u00e0\u00ae Spray contient du propyl\u00e8ne glycol, du D-panth\u00e9nol et de la glyc\u00e9rine pour hydrater la peau.","robots":{"index":"noindex","follow":"nofollow"},"og_locale":"fr_FR","og_type":"article","og_title":"Ermidra Spray Hydratant - chien & chat NEXTMUNE - V\u00e9torino","og_description":"Spray hydratant longue dur\u00e9e pour chiens et chats \u00e0 base de liposomes.  Utilisation :   Ermidr\u00e0\u00ae Spray contient du propyl\u00e8ne glycol, du D-panth\u00e9nol et de la glyc\u00e9rine pour hydrater la peau.","og_url":"https:\/\/www.vetorino.com\/veterinaire\/prunelli-di-fiumorbo-20243\/boutique\/product\/ermidra-spray-3\/","og_site_name":"V\u00e9torino","article_publisher":"https:\/\/www.facebook.com\/Vetorino\/","article_modified_time":"2026-02-24T14:31:39+00:00","og_image":[{"width":400,"height":400,"url":"https:\/\/www.vetorino.com\/boutique\/wp-content\/uploads\/2021\/04\/MPLAB-1821370.jpg","type":"image\/jpeg"}],"twitter_card":"summary_large_image","twitter_misc":{"Prix":"25,79&euro;","Disponibilit\u00e9":"En stock"},"schema":{"@context":"https:\/\/schema.org","@graph":[{"@type":"WebPage","@id":"https:\/\/www.vetorino.com\/boutique\/product\/ermidra-spray-3\/","url":"https:\/\/www.vetorino.com\/boutique\/product\/ermidra-spray-3\/","name":"Ermidra Spray Hydratant - chien & chat NEXTMUNE - V\u00e9torino","isPartOf":{"@id":"https:\/\/www.vetorino.com\/boutique\/#website"},"primaryImageOfPage":{"@id":"https:\/\/www.vetorino.com\/boutique\/product\/ermidra-spray-3\/#primaryimage"},"image":{"@id":"https:\/\/www.vetorino.com\/boutique\/product\/ermidra-spray-3\/#primaryimage"},"thumbnailUrl":"https:\/\/www.vetorino.com\/boutique\/wp-content\/uploads\/2021\/04\/MPLAB-1821370.jpg","datePublished":"2021-04-30T18:23:07+00:00","dateModified":"2026-02-24T14:31:39+00:00","description":"Spray hydratant longue dur\u00e9e pour chiens et chats \u00e0 base de liposomes. Utilisation : Ermidr\u00e0\u00ae Spray contient du propyl\u00e8ne glycol, du D-panth\u00e9nol et de la glyc\u00e9rine pour hydrater la peau.","breadcrumb":{"@id":"https:\/\/www.vetorino.com\/boutique\/product\/ermidra-spray-3\/#breadcrumb"},"inLanguage":"fr-FR","potentialAction":[{"@type":"ReadAction","target":["https:\/\/www.vetorino.com\/boutique\/product\/ermidra-spray-3\/"]}]},{"@type":"ImageObject","inLanguage":"fr-FR","@id":"https:\/\/www.vetorino.com\/boutique\/product\/ermidra-spray-3\/#primaryimage","url":"https:\/\/www.vetorino.com\/boutique\/wp-content\/uploads\/2021\/04\/MPLAB-1821370.jpg","contentUrl":"https:\/\/www.vetorino.com\/boutique\/wp-content\/uploads\/2021\/04\/MPLAB-1821370.jpg","width":400,"height":400},{"@type":"BreadcrumbList","@id":"https:\/\/www.vetorino.com\/boutique\/product\/ermidra-spray-3\/#breadcrumb","itemListElement":[{"@type":"ListItem","position":1,"name":"Accueil","item":"https:\/\/www.vetorino.com\/boutique\/"},{"@type":"ListItem","position":2,"name":"Produits","item":"https:\/\/www.vetorino.com\/boutique\/"},{"@type":"ListItem","position":3,"name":"Ermidra Spray Hydratant &#8211; chien &#038; chat"}]},{"@type":"WebSite","@id":"https:\/\/www.vetorino.com\/boutique\/#website","url":"https:\/\/www.vetorino.com\/boutique\/","name":"V\u00e9torino","description":"","publisher":{"@id":"https:\/\/www.vetorino.com\/boutique\/#organization"},"potentialAction":[{"@type":"SearchAction","target":{"@type":"EntryPoint","urlTemplate":"https:\/\/www.vetorino.com\/boutique\/?s={search_term_string}"},"query-input":{"@type":"PropertyValueSpecification","valueRequired":true,"valueName":"search_term_string"}}],"inLanguage":"fr-FR"},{"@type":"Organization","@id":"https:\/\/www.vetorino.com\/boutique\/#organization","name":"V\u00e9torino","url":"https:\/\/www.vetorino.com\/boutique\/","logo":{"@type":"ImageObject","inLanguage":"fr-FR","@id":"https:\/\/www.vetorino.com\/boutique\/#\/schema\/logo\/image\/","url":"https:\/\/www.vetorino.com\/boutique\/wp-content\/uploads\/2024\/10\/logo.jpg","contentUrl":"https:\/\/www.vetorino.com\/boutique\/wp-content\/uploads\/2024\/10\/logo.jpg","width":1200,"height":610,"caption":"V\u00e9torino"},"image":{"@id":"https:\/\/www.vetorino.com\/boutique\/#\/schema\/logo\/image\/"},"sameAs":["https:\/\/www.facebook.com\/Vetorino\/","https:\/\/www.instagram.com\/vetorino_off\/","https:\/\/www.linkedin.com\/company\/vtorino\/"]}]},"product_brand":"NEXTMUNE","product_price_amount":"25.79","product_price_currency":"EUR","og_availability":"instock","product_availability":"instock","product_retailer_item_id":"A-1821370","product_condition":"new"},"_links":{"self":[{"href":"https:\/\/www.vetorino.com\/veterinaire\/prunelli-di-fiumorbo-20243\/boutique\/wp-json\/wp\/v2\/product\/174978","targetHints":{"allow":["GET"]}}],"collection":[{"href":"https:\/\/www.vetorino.com\/veterinaire\/prunelli-di-fiumorbo-20243\/boutique\/wp-json\/wp\/v2\/product"}],"about":[{"href":"https:\/\/www.vetorino.com\/veterinaire\/prunelli-di-fiumorbo-20243\/boutique\/wp-json\/wp\/v2\/types\/product"}],"wp:featuredmedia":[{"embeddable":true,"href":"https:\/\/www.vetorino.com\/veterinaire\/prunelli-di-fiumorbo-20243\/boutique\/wp-json\/wp\/v2\/media\/904114"}],"wp:attachment":[{"href":"https:\/\/www.vetorino.com\/veterinaire\/prunelli-di-fiumorbo-20243\/boutique\/wp-json\/wp\/v2\/media?parent=174978"}],"wp:term":[{"taxonomy":"product_cat","embeddable":true,"href":"https:\/\/www.vetorino.com\/veterinaire\/prunelli-di-fiumorbo-20243\/boutique\/wp-json\/wp\/v2\/product_cat?post=174978"},{"taxonomy":"product_tag","embeddable":true,"href":"https:\/\/www.vetorino.com\/veterinaire\/prunelli-di-fiumorbo-20243\/boutique\/wp-json\/wp\/v2\/product_tag?post=174978"}],"curies":[{"name":"wp","href":"https:\/\/api.w.org\/{rel}","templated":true}]}}