{"id":1754973,"date":"2026-03-21T05:35:02","date_gmt":"2026-03-21T04:35:02","guid":{"rendered":"https:\/\/www.vetorino.com\/boutique\/product\/dog-glycobalance-boites\/"},"modified":"2026-03-31T11:27:47","modified_gmt":"2026-03-31T09:27:47","slug":"dog-glycobalance-boites","status":"publish","type":"product","link":"https:\/\/www.vetorino.com\/veterinaire\/prunelli-di-fiumorbo-20243\/boutique\/product\/dog-glycobalance-boites\/","title":{"rendered":"Glycobalance Mousse \u2013 chien"},"content":{"rendered":"<p><strong>Les aliments di\u00e9t\u00e9tiques ROYAL CANIN\u00ae<\/strong>\u00a0ont \u00e9t\u00e9 con\u00e7us en se basant sur des\u00a0<strong>connaissances nutritionnelles prouv\u00e9es<\/strong>\u00a0et en\u00a0<strong>partenariat avec des v\u00e9t\u00e9rinaires<\/strong>, afin d\u2019offrir une nutrition adapt\u00e9e qui r\u00e9pond aux\u00a0<strong>besoins sp\u00e9cifiques<\/strong>\u00a0de votre animal de compagnie.<\/p>\n<p>ROYAL CANIN\u00ae Glycobalance est un aliment di\u00e9t\u00e9tique complet\u00a0<strong>pour chiens adultes<\/strong>.<\/p>\n<p>Cet aliment humide a \u00e9t\u00e9 sp\u00e9cialement con\u00e7u pour soutenir la\u00a0<strong>r\u00e9gulation de l\u2019apport en glucose<\/strong>\u00a0(diab\u00e8te sucr\u00e9).<\/p>\n<p><strong>Glucomodulation :<\/strong><\/p>\n<p>ROYAL CANIN\u00ae Glycobalance a \u00e9t\u00e9 con\u00e7u pour aider \u00e0 contr\u00f4ler l\u2019hyperglyc\u00e9mie postprandiale chez les chiens diab\u00e9tiques.<\/p>\n<p><strong>Teneur \u00e9lev\u00e9e en prot\u00e9ines :<\/strong><\/p>\n<p>ROYAL CANIN\u00ae Glycobalance contient une teneur \u00e9lev\u00e9e en prot\u00e9ines pour aider \u00e0 maintenir la masse musculaire.<\/p>\n<p><strong>Moins de 1 % d\u2019amidon ajout\u00e9 :<\/strong><\/p>\n<p>Sa formule est faible en glucides digestibles, avec moins de 1 % d\u2019amidon ajout\u00e9.<\/p>\n<p><strong>Une nutrition adapt\u00e9e bas\u00e9e sur la science :<\/strong><\/p>\n<p>ROYAL CANIN\u00ae Glycobalance a \u00e9t\u00e9 con\u00e7u avec une teneur r\u00e9duite en glucides digestibles, une teneur \u00e9lev\u00e9e en prot\u00e9ines et des nutriments essentiels pour aider \u00e0 soutenir la vitalit\u00e9. Cette approche nutritionnelle bas\u00e9e sur la science<strong>\u00a0aide \u00e0 contr\u00f4ler le diab\u00e8te chez les chiens<\/strong>.<\/p>\n<p><strong>Demander conseil \u00e0 un v\u00e9t\u00e9rinaire avant utilisation.<\/strong><\/p>\n","protected":false},"excerpt":{"rendered":"<p><strong>Aliment di\u00e9t\u00e9tique humide complet pour chiens adultes<\/strong>\u00a0pour soutenir la\u00a0<strong>r\u00e9gulation de l\u2019apport en glucose<\/strong>\u00a0(diab\u00e8te sucr\u00e9).<\/p>\n<p><strong>Caract\u00e9ristiques :\u00a0<\/strong><\/p>\n<ul>\n<li>Con\u00e7u pour aider \u00e0 contr\u00f4ler l\u2019hyperglyc\u00e9mie postprandiale chez les chiens diab\u00e9tiques.<\/li>\n<li>Teneur \u00e9lev\u00e9e en prot\u00e9ines pour aider \u00e0 maintenir la masse musculaire.<\/li>\n<li>Formule est faible en glucides digestibles, avec moins de 1 % d\u2019amidon ajout\u00e9.<\/li>\n<li>Formule a une teneur mod\u00e9r\u00e9e en mati\u00e8res grasses pour aider \u00e0 maintenir un poids id\u00e9al.<\/li>\n<li>Contient des utriments essentiels pour aider \u00e0 soutenir la vitalit\u00e9.<\/li>\n<\/ul>\n<p><strong>Demander conseil \u00e0 un v\u00e9t\u00e9rinaire avant utilisation.<\/strong><\/p>\n","protected":false},"featured_media":1770262,"template":"","meta":[],"product_cat":[12552,12582,2698],"product_tag":[],"class_list":{"0":"post-1754973","1":"product","2":"type-product","3":"status-publish","4":"has-post-thumbnail","6":"product_cat-alimentation-du-chien","7":"product_cat-alimentation-medicalisee-pour-chien","8":"product_cat-chien","9":"pa_marque-royal-canin","11":"first","12":"instock","13":"taxable","14":"shipping-taxable","15":"purchasable","16":"product-type-simple"},"yoast_head":"<!-- This site is optimized with the Yoast SEO plugin v27.3 - https:\/\/yoast.com\/product\/yoast-seo-wordpress\/ -->\n<title>Veterinary Diet (Royal Canin) Glycobalance Mousse \u2013 chien Royal Canin - V\u00e9torino<\/title>\n<meta name=\"description\" content=\"Aliment di\u00e9t\u00e9tique humide complet pour chiens adultes\u00a0pour soutenir la\u00a0r\u00e9gulation de l\u2019apport en glucose\u00a0(diab\u00e8te sucr\u00e9).  Caract\u00e9ristiques :\u00a0   Con\u00e7u pour aider \u00e0 contr\u00f4ler l\u2019hyperglyc\u00e9mie postprandiale chez les chiens diab\u00e9tiques.  Teneur \u00e9lev\u00e9e en prot\u00e9ines pour aider \u00e0 maintenir la masse musculaire.  Formule est faible en glucides digestibles, avec moins de 1 % d\u2019amidon ajout\u00e9.  Formule a une teneur mod\u00e9r\u00e9e en mati\u00e8res grasses pour aider \u00e0 maintenir un poids id\u00e9al.  Contient des utriments essentiels pour aider \u00e0 soutenir la vitalit\u00e9.  Demander conseil \u00e0 un v\u00e9t\u00e9rinaire avant utilisation.\" \/>\n<meta name=\"robots\" content=\"noindex, nofollow\" \/>\n<meta property=\"og:locale\" content=\"fr_FR\" \/>\n<meta property=\"og:type\" content=\"article\" \/>\n<meta property=\"og:title\" content=\"Veterinary Diet (Royal Canin) Glycobalance Mousse \u2013 chien Royal Canin - V\u00e9torino\" \/>\n<meta property=\"og:description\" content=\"Aliment di\u00e9t\u00e9tique humide complet pour chiens adultes\u00a0pour soutenir la\u00a0r\u00e9gulation de l\u2019apport en glucose\u00a0(diab\u00e8te sucr\u00e9).  Caract\u00e9ristiques :\u00a0   Con\u00e7u pour aider \u00e0 contr\u00f4ler l\u2019hyperglyc\u00e9mie postprandiale chez les chiens diab\u00e9tiques.  Teneur \u00e9lev\u00e9e en prot\u00e9ines pour aider \u00e0 maintenir la masse musculaire.  Formule est faible en glucides digestibles, avec moins de 1 % d\u2019amidon ajout\u00e9.  Formule a une teneur mod\u00e9r\u00e9e en mati\u00e8res grasses pour aider \u00e0 maintenir un poids id\u00e9al.  Contient des utriments essentiels pour aider \u00e0 soutenir la vitalit\u00e9.  Demander conseil \u00e0 un v\u00e9t\u00e9rinaire avant utilisation.\" \/>\n<meta property=\"og:url\" content=\"https:\/\/www.vetorino.com\/veterinaire\/prunelli-di-fiumorbo-20243\/boutique\/product\/dog-glycobalance-boites\/\" \/>\n<meta property=\"og:site_name\" content=\"V\u00e9torino\" \/>\n<meta property=\"article:publisher\" content=\"https:\/\/www.facebook.com\/Vetorino\/\" \/>\n<meta property=\"article:modified_time\" content=\"2026-03-31T09:27:47+00:00\" \/>\n<meta property=\"og:image\" content=\"https:\/\/www.vetorino.com\/boutique\/wp-content\/uploads\/2026\/03\/RC-VHN-DiabeticSpecial-MV-2-fr_FR.pdf-1.jpg\" \/>\n\t<meta property=\"og:image:width\" content=\"900\" \/>\n\t<meta property=\"og:image:height\" content=\"900\" \/>\n\t<meta property=\"og:image:type\" content=\"image\/jpeg\" \/>\n<meta name=\"twitter:card\" content=\"summary_large_image\" \/>\n<meta name=\"twitter:label1\" content=\"Prix\" \/>\n\t<meta name=\"twitter:data1\" content=\"29,64&euro;\" \/>\n\t<meta name=\"twitter:label2\" content=\"Disponibilit\u00e9\" \/>\n\t<meta name=\"twitter:data2\" content=\"En stock\" \/>\n<script type=\"application\/ld+json\" class=\"yoast-schema-graph\">{\"@context\":\"https:\\\/\\\/schema.org\",\"@graph\":[{\"@type\":\"WebPage\",\"@id\":\"https:\\\/\\\/www.vetorino.com\\\/veterinaire\\\/briancon-05100\\\/boutique\\\/product\\\/dog-glycobalance-boites\\\/\",\"url\":\"https:\\\/\\\/www.vetorino.com\\\/veterinaire\\\/briancon-05100\\\/boutique\\\/product\\\/dog-glycobalance-boites\\\/\",\"name\":\"Veterinary Diet (Royal Canin) Glycobalance Mousse \u2013 chien Royal Canin - V\u00e9torino\",\"isPartOf\":{\"@id\":\"https:\\\/\\\/www.vetorino.com\\\/boutique\\\/#website\"},\"primaryImageOfPage\":{\"@id\":\"https:\\\/\\\/www.vetorino.com\\\/veterinaire\\\/briancon-05100\\\/boutique\\\/product\\\/dog-glycobalance-boites\\\/#primaryimage\"},\"image\":{\"@id\":\"https:\\\/\\\/www.vetorino.com\\\/veterinaire\\\/briancon-05100\\\/boutique\\\/product\\\/dog-glycobalance-boites\\\/#primaryimage\"},\"thumbnailUrl\":\"https:\\\/\\\/www.vetorino.com\\\/boutique\\\/wp-content\\\/uploads\\\/2026\\\/03\\\/RC-VHN-DiabeticSpecial-MV-2-fr_FR.pdf-1.jpg\",\"datePublished\":\"2026-03-21T04:35:02+00:00\",\"dateModified\":\"2026-03-31T09:27:47+00:00\",\"description\":\"Aliment di\u00e9t\u00e9tique humide complet pour chiens adultes\u00a0pour soutenir la\u00a0r\u00e9gulation de l\u2019apport en glucose\u00a0(diab\u00e8te sucr\u00e9). Caract\u00e9ristiques :\u00a0 Con\u00e7u pour aider \u00e0 contr\u00f4ler l\u2019hyperglyc\u00e9mie postprandiale chez les chiens diab\u00e9tiques. Teneur \u00e9lev\u00e9e en prot\u00e9ines pour aider \u00e0 maintenir la masse musculaire. Formule est faible en glucides digestibles, avec moins de 1 % d\u2019amidon ajout\u00e9. Formule a une teneur mod\u00e9r\u00e9e en mati\u00e8res grasses pour aider \u00e0 maintenir un poids id\u00e9al. Contient des utriments essentiels pour aider \u00e0 soutenir la vitalit\u00e9. Demander conseil \u00e0 un v\u00e9t\u00e9rinaire avant utilisation.\",\"breadcrumb\":{\"@id\":\"https:\\\/\\\/www.vetorino.com\\\/veterinaire\\\/briancon-05100\\\/boutique\\\/product\\\/dog-glycobalance-boites\\\/#breadcrumb\"},\"inLanguage\":\"fr-FR\",\"potentialAction\":[{\"@type\":\"ReadAction\",\"target\":[\"https:\\\/\\\/www.vetorino.com\\\/veterinaire\\\/briancon-05100\\\/boutique\\\/product\\\/dog-glycobalance-boites\\\/\"]}]},{\"@type\":\"ImageObject\",\"inLanguage\":\"fr-FR\",\"@id\":\"https:\\\/\\\/www.vetorino.com\\\/veterinaire\\\/briancon-05100\\\/boutique\\\/product\\\/dog-glycobalance-boites\\\/#primaryimage\",\"url\":\"https:\\\/\\\/www.vetorino.com\\\/boutique\\\/wp-content\\\/uploads\\\/2026\\\/03\\\/RC-VHN-DiabeticSpecial-MV-2-fr_FR.pdf-1.jpg\",\"contentUrl\":\"https:\\\/\\\/www.vetorino.com\\\/boutique\\\/wp-content\\\/uploads\\\/2026\\\/03\\\/RC-VHN-DiabeticSpecial-MV-2-fr_FR.pdf-1.jpg\",\"width\":900,\"height\":900},{\"@type\":\"BreadcrumbList\",\"@id\":\"https:\\\/\\\/www.vetorino.com\\\/veterinaire\\\/briancon-05100\\\/boutique\\\/product\\\/dog-glycobalance-boites\\\/#breadcrumb\",\"itemListElement\":[{\"@type\":\"ListItem\",\"position\":1,\"name\":\"Accueil\",\"item\":\"https:\\\/\\\/www.vetorino.com\\\/boutique\\\/\"},{\"@type\":\"ListItem\",\"position\":2,\"name\":\"Produits\",\"item\":\"https:\\\/\\\/www.vetorino.com\\\/boutique\\\/\"},{\"@type\":\"ListItem\",\"position\":3,\"name\":\"Glycobalance Mousse \u2013 chien\"}]},{\"@type\":\"WebSite\",\"@id\":\"https:\\\/\\\/www.vetorino.com\\\/boutique\\\/#website\",\"url\":\"https:\\\/\\\/www.vetorino.com\\\/boutique\\\/\",\"name\":\"V\u00e9torino\",\"description\":\"\",\"publisher\":{\"@id\":\"https:\\\/\\\/www.vetorino.com\\\/boutique\\\/#organization\"},\"potentialAction\":[{\"@type\":\"SearchAction\",\"target\":{\"@type\":\"EntryPoint\",\"urlTemplate\":\"https:\\\/\\\/www.vetorino.com\\\/boutique\\\/?s={search_term_string}\"},\"query-input\":{\"@type\":\"PropertyValueSpecification\",\"valueRequired\":true,\"valueName\":\"search_term_string\"}}],\"inLanguage\":\"fr-FR\"},{\"@type\":\"Organization\",\"@id\":\"https:\\\/\\\/www.vetorino.com\\\/boutique\\\/#organization\",\"name\":\"V\u00e9torino\",\"url\":\"https:\\\/\\\/www.vetorino.com\\\/boutique\\\/\",\"logo\":{\"@type\":\"ImageObject\",\"inLanguage\":\"fr-FR\",\"@id\":\"https:\\\/\\\/www.vetorino.com\\\/boutique\\\/#\\\/schema\\\/logo\\\/image\\\/\",\"url\":\"https:\\\/\\\/www.vetorino.com\\\/boutique\\\/wp-content\\\/uploads\\\/2024\\\/10\\\/logo.jpg\",\"contentUrl\":\"https:\\\/\\\/www.vetorino.com\\\/boutique\\\/wp-content\\\/uploads\\\/2024\\\/10\\\/logo.jpg\",\"width\":1200,\"height\":610,\"caption\":\"V\u00e9torino\"},\"image\":{\"@id\":\"https:\\\/\\\/www.vetorino.com\\\/boutique\\\/#\\\/schema\\\/logo\\\/image\\\/\"},\"sameAs\":[\"https:\\\/\\\/www.facebook.com\\\/Vetorino\\\/\",\"https:\\\/\\\/www.instagram.com\\\/vetorino_off\\\/\",\"https:\\\/\\\/www.linkedin.com\\\/company\\\/vtorino\\\/\"]}]}<\/script>\n<meta property=\"product:brand\" content=\"Royal Canin\" \/>\n<meta property=\"product:price:amount\" content=\"29.64\" \/>\n<meta property=\"product:price:currency\" content=\"EUR\" \/>\n<meta property=\"og:availability\" content=\"instock\" \/>\n<meta property=\"product:availability\" content=\"instock\" \/>\n<meta property=\"product:retailer_item_id\" content=\"A-1900200\" \/>\n<meta property=\"product:condition\" content=\"new\" \/>\n<!-- \/ Yoast SEO plugin. -->","yoast_head_json":{"title":"Veterinary Diet (Royal Canin) Glycobalance Mousse \u2013 chien Royal Canin - V\u00e9torino","description":"Aliment di\u00e9t\u00e9tique humide complet pour chiens adultes\u00a0pour soutenir la\u00a0r\u00e9gulation de l\u2019apport en glucose\u00a0(diab\u00e8te sucr\u00e9).  Caract\u00e9ristiques :\u00a0   Con\u00e7u pour aider \u00e0 contr\u00f4ler l\u2019hyperglyc\u00e9mie postprandiale chez les chiens diab\u00e9tiques.  Teneur \u00e9lev\u00e9e en prot\u00e9ines pour aider \u00e0 maintenir la masse musculaire.  Formule est faible en glucides digestibles, avec moins de 1 % d\u2019amidon ajout\u00e9.  Formule a une teneur mod\u00e9r\u00e9e en mati\u00e8res grasses pour aider \u00e0 maintenir un poids id\u00e9al.  Contient des utriments essentiels pour aider \u00e0 soutenir la vitalit\u00e9.  Demander conseil \u00e0 un v\u00e9t\u00e9rinaire avant utilisation.","robots":{"index":"noindex","follow":"nofollow"},"og_locale":"fr_FR","og_type":"article","og_title":"Veterinary Diet (Royal Canin) Glycobalance Mousse \u2013 chien Royal Canin - V\u00e9torino","og_description":"Aliment di\u00e9t\u00e9tique humide complet pour chiens adultes\u00a0pour soutenir la\u00a0r\u00e9gulation de l\u2019apport en glucose\u00a0(diab\u00e8te sucr\u00e9).  Caract\u00e9ristiques :\u00a0   Con\u00e7u pour aider \u00e0 contr\u00f4ler l\u2019hyperglyc\u00e9mie postprandiale chez les chiens diab\u00e9tiques.  Teneur \u00e9lev\u00e9e en prot\u00e9ines pour aider \u00e0 maintenir la masse musculaire.  Formule est faible en glucides digestibles, avec moins de 1 % d\u2019amidon ajout\u00e9.  Formule a une teneur mod\u00e9r\u00e9e en mati\u00e8res grasses pour aider \u00e0 maintenir un poids id\u00e9al.  Contient des utriments essentiels pour aider \u00e0 soutenir la vitalit\u00e9.  Demander conseil \u00e0 un v\u00e9t\u00e9rinaire avant utilisation.","og_url":"https:\/\/www.vetorino.com\/veterinaire\/prunelli-di-fiumorbo-20243\/boutique\/product\/dog-glycobalance-boites\/","og_site_name":"V\u00e9torino","article_publisher":"https:\/\/www.facebook.com\/Vetorino\/","article_modified_time":"2026-03-31T09:27:47+00:00","og_image":[{"width":900,"height":900,"url":"https:\/\/www.vetorino.com\/boutique\/wp-content\/uploads\/2026\/03\/RC-VHN-DiabeticSpecial-MV-2-fr_FR.pdf-1.jpg","type":"image\/jpeg"}],"twitter_card":"summary_large_image","twitter_misc":{"Prix":"29,64&euro;","Disponibilit\u00e9":"En stock"},"schema":{"@context":"https:\/\/schema.org","@graph":[{"@type":"WebPage","@id":"https:\/\/www.vetorino.com\/veterinaire\/briancon-05100\/boutique\/product\/dog-glycobalance-boites\/","url":"https:\/\/www.vetorino.com\/veterinaire\/briancon-05100\/boutique\/product\/dog-glycobalance-boites\/","name":"Veterinary Diet (Royal Canin) Glycobalance Mousse \u2013 chien Royal Canin - V\u00e9torino","isPartOf":{"@id":"https:\/\/www.vetorino.com\/boutique\/#website"},"primaryImageOfPage":{"@id":"https:\/\/www.vetorino.com\/veterinaire\/briancon-05100\/boutique\/product\/dog-glycobalance-boites\/#primaryimage"},"image":{"@id":"https:\/\/www.vetorino.com\/veterinaire\/briancon-05100\/boutique\/product\/dog-glycobalance-boites\/#primaryimage"},"thumbnailUrl":"https:\/\/www.vetorino.com\/boutique\/wp-content\/uploads\/2026\/03\/RC-VHN-DiabeticSpecial-MV-2-fr_FR.pdf-1.jpg","datePublished":"2026-03-21T04:35:02+00:00","dateModified":"2026-03-31T09:27:47+00:00","description":"Aliment di\u00e9t\u00e9tique humide complet pour chiens adultes\u00a0pour soutenir la\u00a0r\u00e9gulation de l\u2019apport en glucose\u00a0(diab\u00e8te sucr\u00e9). Caract\u00e9ristiques :\u00a0 Con\u00e7u pour aider \u00e0 contr\u00f4ler l\u2019hyperglyc\u00e9mie postprandiale chez les chiens diab\u00e9tiques. Teneur \u00e9lev\u00e9e en prot\u00e9ines pour aider \u00e0 maintenir la masse musculaire. Formule est faible en glucides digestibles, avec moins de 1 % d\u2019amidon ajout\u00e9. Formule a une teneur mod\u00e9r\u00e9e en mati\u00e8res grasses pour aider \u00e0 maintenir un poids id\u00e9al. Contient des utriments essentiels pour aider \u00e0 soutenir la vitalit\u00e9. Demander conseil \u00e0 un v\u00e9t\u00e9rinaire avant utilisation.","breadcrumb":{"@id":"https:\/\/www.vetorino.com\/veterinaire\/briancon-05100\/boutique\/product\/dog-glycobalance-boites\/#breadcrumb"},"inLanguage":"fr-FR","potentialAction":[{"@type":"ReadAction","target":["https:\/\/www.vetorino.com\/veterinaire\/briancon-05100\/boutique\/product\/dog-glycobalance-boites\/"]}]},{"@type":"ImageObject","inLanguage":"fr-FR","@id":"https:\/\/www.vetorino.com\/veterinaire\/briancon-05100\/boutique\/product\/dog-glycobalance-boites\/#primaryimage","url":"https:\/\/www.vetorino.com\/boutique\/wp-content\/uploads\/2026\/03\/RC-VHN-DiabeticSpecial-MV-2-fr_FR.pdf-1.jpg","contentUrl":"https:\/\/www.vetorino.com\/boutique\/wp-content\/uploads\/2026\/03\/RC-VHN-DiabeticSpecial-MV-2-fr_FR.pdf-1.jpg","width":900,"height":900},{"@type":"BreadcrumbList","@id":"https:\/\/www.vetorino.com\/veterinaire\/briancon-05100\/boutique\/product\/dog-glycobalance-boites\/#breadcrumb","itemListElement":[{"@type":"ListItem","position":1,"name":"Accueil","item":"https:\/\/www.vetorino.com\/boutique\/"},{"@type":"ListItem","position":2,"name":"Produits","item":"https:\/\/www.vetorino.com\/boutique\/"},{"@type":"ListItem","position":3,"name":"Glycobalance Mousse \u2013 chien"}]},{"@type":"WebSite","@id":"https:\/\/www.vetorino.com\/boutique\/#website","url":"https:\/\/www.vetorino.com\/boutique\/","name":"V\u00e9torino","description":"","publisher":{"@id":"https:\/\/www.vetorino.com\/boutique\/#organization"},"potentialAction":[{"@type":"SearchAction","target":{"@type":"EntryPoint","urlTemplate":"https:\/\/www.vetorino.com\/boutique\/?s={search_term_string}"},"query-input":{"@type":"PropertyValueSpecification","valueRequired":true,"valueName":"search_term_string"}}],"inLanguage":"fr-FR"},{"@type":"Organization","@id":"https:\/\/www.vetorino.com\/boutique\/#organization","name":"V\u00e9torino","url":"https:\/\/www.vetorino.com\/boutique\/","logo":{"@type":"ImageObject","inLanguage":"fr-FR","@id":"https:\/\/www.vetorino.com\/boutique\/#\/schema\/logo\/image\/","url":"https:\/\/www.vetorino.com\/boutique\/wp-content\/uploads\/2024\/10\/logo.jpg","contentUrl":"https:\/\/www.vetorino.com\/boutique\/wp-content\/uploads\/2024\/10\/logo.jpg","width":1200,"height":610,"caption":"V\u00e9torino"},"image":{"@id":"https:\/\/www.vetorino.com\/boutique\/#\/schema\/logo\/image\/"},"sameAs":["https:\/\/www.facebook.com\/Vetorino\/","https:\/\/www.instagram.com\/vetorino_off\/","https:\/\/www.linkedin.com\/company\/vtorino\/"]}]},"product_brand":"Royal Canin","product_price_amount":"29.64","product_price_currency":"EUR","og_availability":"instock","product_availability":"instock","product_retailer_item_id":"A-1900200","product_condition":"new"},"_links":{"self":[{"href":"https:\/\/www.vetorino.com\/veterinaire\/prunelli-di-fiumorbo-20243\/boutique\/wp-json\/wp\/v2\/product\/1754973","targetHints":{"allow":["GET"]}}],"collection":[{"href":"https:\/\/www.vetorino.com\/veterinaire\/prunelli-di-fiumorbo-20243\/boutique\/wp-json\/wp\/v2\/product"}],"about":[{"href":"https:\/\/www.vetorino.com\/veterinaire\/prunelli-di-fiumorbo-20243\/boutique\/wp-json\/wp\/v2\/types\/product"}],"wp:featuredmedia":[{"embeddable":true,"href":"https:\/\/www.vetorino.com\/veterinaire\/prunelli-di-fiumorbo-20243\/boutique\/wp-json\/wp\/v2\/media\/1770262"}],"wp:attachment":[{"href":"https:\/\/www.vetorino.com\/veterinaire\/prunelli-di-fiumorbo-20243\/boutique\/wp-json\/wp\/v2\/media?parent=1754973"}],"wp:term":[{"taxonomy":"product_cat","embeddable":true,"href":"https:\/\/www.vetorino.com\/veterinaire\/prunelli-di-fiumorbo-20243\/boutique\/wp-json\/wp\/v2\/product_cat?post=1754973"},{"taxonomy":"product_tag","embeddable":true,"href":"https:\/\/www.vetorino.com\/veterinaire\/prunelli-di-fiumorbo-20243\/boutique\/wp-json\/wp\/v2\/product_tag?post=1754973"}],"curies":[{"name":"wp","href":"https:\/\/api.w.org\/{rel}","templated":true}]}}