{"id":176191,"date":"2021-05-04T17:29:18","date_gmt":"2021-05-04T15:29:18","guid":{"rendered":"https:\/\/www.vetorino.com\/boutique\/product\/ekylaxyl-creme-externe\/"},"modified":"2025-02-19T12:22:55","modified_gmt":"2025-02-19T11:22:55","slug":"ekylaxyl-creme-externe","status":"publish","type":"product","link":"https:\/\/www.vetorino.com\/veterinaire\/prunelli-di-fiumorbo-20243\/boutique\/product\/ekylaxyl-creme-externe\/","title":{"rendered":"Ekylaxyl"},"content":{"rendered":"<p><strong>Ekylaxyl<\/strong>\u00a0<strong>est un baume fluide \u00e0 base d&#8217;arnica, non gras, qui d\u00e9tend et soulage localement les muscles, tendons et articulations du cheval.<\/strong><\/p>\n<p><strong>Utilisation<\/strong>:<\/p>\n<ul>\n<li>Pour la d\u00e9tente lors des raideurs musculaires avant ou apr\u00e8s l&#8217;effort.<\/li>\n<li>Tr\u00e8s efficace dans les cas de gestion de la douleur et des stress tissulaires li\u00e9s \u00e0 l&#8217;effort ou aux contusions.<\/li>\n<li>Avant l&#8217;effort, il contribue \u00e0 chauffer les muscles du dos de la croupe et des membres ainsi que leurs tendons.<\/li>\n<li>Apr\u00e8s l&#8217;effort, il facilite la r\u00e9cup\u00e9ration musculaire des chevaux.<\/li>\n<li>Est aussi particuli\u00e8rement indiqu\u00e9 sur les coups et contusions.<\/li>\n<\/ul>\n<p><strong>Mode d\u2019emploi :<\/strong><\/p>\n<ul>\n<li>En pr\u00e9paration de l\u2019effort : masser la zone \u00e0 d\u00e9tendre.<\/li>\n<li>En r\u00e9cup\u00e9ration : masser la zone douloureuse, chaude ou tum\u00e9fi\u00e9e, \u00e0 rebrousse-poils jusqu\u2019\u00e0 p\u00e9n\u00e9tration du produit.<\/li>\n<\/ul>\n<p><strong>Appliquer cette pommade \u00e0 l&#8217;arnica 1 \u00e0 2 fois par jour tant que la douleur ou la raideur persiste. En g\u00e9n\u00e9ral, une am\u00e9lioration est observ\u00e9e apr\u00e8s 3 \u00e0 10 jours d&#8217;application. Si les sympt\u00f4mes persistent, n&#8217;h\u00e9sitez pas \u00e0 demander conseil \u00e0 votre v\u00e9t\u00e9rinaire.<\/strong><\/p>\n","protected":false},"excerpt":{"rendered":"<p><strong>Ekylaxyl\u00a0est un baume fluide \u00e0 base d&#8217;arnica, non gras, qui d\u00e9tend et soulage localement les muscles, tendons et articulations du cheval.<\/strong><\/p>\n<p><strong>Utilisation<\/strong>:<\/p>\n<ul>\n<li>Pour la d\u00e9tente lors des raideurs musculaires avant ou apr\u00e8s l&#8217;effort.<\/li>\n<li>Tr\u00e8s efficace dans les cas de gestion de la douleur et des stress tissulaires li\u00e9s \u00e0 l&#8217;effort ou aux contusions.<\/li>\n<li>Avant l&#8217;effort, il contribue \u00e0 chauffer les muscles du dos de la croupe et des membres ainsi que leurs tendons.<\/li>\n<li>Apr\u00e8s l&#8217;effort, il facilite la r\u00e9cup\u00e9ration musculaire des chevaux.<\/li>\n<li>Est aussi particuli\u00e8rement indiqu\u00e9 sur les coups et contusions.<\/li>\n<\/ul>\n<p>&nbsp;<\/p>\n","protected":false},"featured_media":1219540,"template":"","meta":[],"product_cat":[12547,13093,12754],"product_tag":[],"class_list":{"0":"post-176191","1":"product","2":"type-product","3":"status-publish","4":"has-post-thumbnail","6":"product_cat-cheval","7":"product_cat-soin-musculaire-du-cheval","8":"product_cat-soins-au-quotidien-du-cheval","9":"pa_marque-audevard","11":"first","12":"instock","13":"taxable","14":"shipping-taxable","15":"purchasable","16":"product-type-simple"},"yoast_head":"<!-- This site is optimized with the Yoast SEO plugin v27.3 - https:\/\/yoast.com\/product\/yoast-seo-wordpress\/ -->\n<title>Ekylaxyl Audevard - V\u00e9torino<\/title>\n<meta name=\"description\" content=\"Ekylaxyl\u00a0est un baume fluide \u00e0 base d&#039;arnica, non gras, qui d\u00e9tend et soulage localement les muscles, tendons et articulations du cheval.  Utilisation:   Pour la d\u00e9tente lors des raideurs musculaires avant ou apr\u00e8s l&#039;effort.  Tr\u00e8s efficace dans les cas de gestion de la douleur et des stress tissulaires li\u00e9s \u00e0 l&#039;effort ou aux contusions.  Avant l&#039;effort, il contribue \u00e0 chauffer les muscles du dos de la croupe et des membres ainsi que leurs tendons.  Apr\u00e8s l&#039;effort, il facilite la r\u00e9cup\u00e9ration musculaire des chevaux.  Est aussi particuli\u00e8rement indiqu\u00e9 sur les coups et contusions.  &nbsp;\" \/>\n<meta name=\"robots\" content=\"noindex, nofollow\" \/>\n<meta property=\"og:locale\" content=\"fr_FR\" \/>\n<meta property=\"og:type\" content=\"article\" \/>\n<meta property=\"og:title\" content=\"Ekylaxyl Audevard - V\u00e9torino\" \/>\n<meta property=\"og:description\" content=\"Ekylaxyl\u00a0est un baume fluide \u00e0 base d&#039;arnica, non gras, qui d\u00e9tend et soulage localement les muscles, tendons et articulations du cheval.  Utilisation:   Pour la d\u00e9tente lors des raideurs musculaires avant ou apr\u00e8s l&#039;effort.  Tr\u00e8s efficace dans les cas de gestion de la douleur et des stress tissulaires li\u00e9s \u00e0 l&#039;effort ou aux contusions.  Avant l&#039;effort, il contribue \u00e0 chauffer les muscles du dos de la croupe et des membres ainsi que leurs tendons.  Apr\u00e8s l&#039;effort, il facilite la r\u00e9cup\u00e9ration musculaire des chevaux.  Est aussi particuli\u00e8rement indiqu\u00e9 sur les coups et contusions.  &nbsp;\" \/>\n<meta property=\"og:url\" content=\"https:\/\/www.vetorino.com\/veterinaire\/prunelli-di-fiumorbo-20243\/boutique\/product\/ekylaxyl-creme-externe\/\" \/>\n<meta property=\"og:site_name\" content=\"V\u00e9torino\" \/>\n<meta property=\"article:publisher\" content=\"https:\/\/www.facebook.com\/Vetorino\/\" \/>\n<meta property=\"article:modified_time\" content=\"2025-02-19T11:22:55+00:00\" \/>\n<meta property=\"og:image\" content=\"https:\/\/www.vetorino.com\/boutique\/wp-content\/uploads\/2021\/05\/ekylaxyl.webp\" \/>\n\t<meta property=\"og:image:width\" content=\"800\" \/>\n\t<meta property=\"og:image:height\" content=\"800\" \/>\n\t<meta property=\"og:image:type\" content=\"image\/webp\" \/>\n<meta name=\"twitter:card\" content=\"summary_large_image\" \/>\n<meta name=\"twitter:label1\" content=\"Prix\" \/>\n\t<meta name=\"twitter:data1\" content=\"45,18&euro;\" \/>\n\t<meta name=\"twitter:label2\" content=\"Disponibilit\u00e9\" \/>\n\t<meta name=\"twitter:data2\" content=\"En stock\" \/>\n<script type=\"application\/ld+json\" class=\"yoast-schema-graph\">{\"@context\":\"https:\\\/\\\/schema.org\",\"@graph\":[{\"@type\":\"WebPage\",\"@id\":\"https:\\\/\\\/www.vetorino.com\\\/boutique\\\/product\\\/ekylaxyl-creme-externe\\\/\",\"url\":\"https:\\\/\\\/www.vetorino.com\\\/boutique\\\/product\\\/ekylaxyl-creme-externe\\\/\",\"name\":\"Ekylaxyl Audevard - V\u00e9torino\",\"isPartOf\":{\"@id\":\"https:\\\/\\\/www.vetorino.com\\\/boutique\\\/#website\"},\"primaryImageOfPage\":{\"@id\":\"https:\\\/\\\/www.vetorino.com\\\/boutique\\\/product\\\/ekylaxyl-creme-externe\\\/#primaryimage\"},\"image\":{\"@id\":\"https:\\\/\\\/www.vetorino.com\\\/boutique\\\/product\\\/ekylaxyl-creme-externe\\\/#primaryimage\"},\"thumbnailUrl\":\"https:\\\/\\\/www.vetorino.com\\\/boutique\\\/wp-content\\\/uploads\\\/2021\\\/05\\\/ekylaxyl.webp\",\"datePublished\":\"2021-05-04T15:29:18+00:00\",\"dateModified\":\"2025-02-19T11:22:55+00:00\",\"description\":\"Ekylaxyl\u00a0est un baume fluide \u00e0 base d'arnica, non gras, qui d\u00e9tend et soulage localement les muscles, tendons et articulations du cheval. Utilisation: Pour la d\u00e9tente lors des raideurs musculaires avant ou apr\u00e8s l'effort. Tr\u00e8s efficace dans les cas de gestion de la douleur et des stress tissulaires li\u00e9s \u00e0 l'effort ou aux contusions. Avant l'effort, il contribue \u00e0 chauffer les muscles du dos de la croupe et des membres ainsi que leurs tendons. Apr\u00e8s l'effort, il facilite la r\u00e9cup\u00e9ration musculaire des chevaux. Est aussi particuli\u00e8rement indiqu\u00e9 sur les coups et contusions. &nbsp;\",\"breadcrumb\":{\"@id\":\"https:\\\/\\\/www.vetorino.com\\\/boutique\\\/product\\\/ekylaxyl-creme-externe\\\/#breadcrumb\"},\"inLanguage\":\"fr-FR\",\"potentialAction\":[{\"@type\":\"ReadAction\",\"target\":[\"https:\\\/\\\/www.vetorino.com\\\/boutique\\\/product\\\/ekylaxyl-creme-externe\\\/\"]}]},{\"@type\":\"ImageObject\",\"inLanguage\":\"fr-FR\",\"@id\":\"https:\\\/\\\/www.vetorino.com\\\/boutique\\\/product\\\/ekylaxyl-creme-externe\\\/#primaryimage\",\"url\":\"https:\\\/\\\/www.vetorino.com\\\/boutique\\\/wp-content\\\/uploads\\\/2021\\\/05\\\/ekylaxyl.webp\",\"contentUrl\":\"https:\\\/\\\/www.vetorino.com\\\/boutique\\\/wp-content\\\/uploads\\\/2021\\\/05\\\/ekylaxyl.webp\",\"width\":800,\"height\":800},{\"@type\":\"BreadcrumbList\",\"@id\":\"https:\\\/\\\/www.vetorino.com\\\/boutique\\\/product\\\/ekylaxyl-creme-externe\\\/#breadcrumb\",\"itemListElement\":[{\"@type\":\"ListItem\",\"position\":1,\"name\":\"Accueil\",\"item\":\"https:\\\/\\\/www.vetorino.com\\\/boutique\\\/\"},{\"@type\":\"ListItem\",\"position\":2,\"name\":\"Produits\",\"item\":\"https:\\\/\\\/www.vetorino.com\\\/boutique\\\/\"},{\"@type\":\"ListItem\",\"position\":3,\"name\":\"Ekylaxyl\"}]},{\"@type\":\"WebSite\",\"@id\":\"https:\\\/\\\/www.vetorino.com\\\/boutique\\\/#website\",\"url\":\"https:\\\/\\\/www.vetorino.com\\\/boutique\\\/\",\"name\":\"V\u00e9torino\",\"description\":\"\",\"publisher\":{\"@id\":\"https:\\\/\\\/www.vetorino.com\\\/boutique\\\/#organization\"},\"potentialAction\":[{\"@type\":\"SearchAction\",\"target\":{\"@type\":\"EntryPoint\",\"urlTemplate\":\"https:\\\/\\\/www.vetorino.com\\\/boutique\\\/?s={search_term_string}\"},\"query-input\":{\"@type\":\"PropertyValueSpecification\",\"valueRequired\":true,\"valueName\":\"search_term_string\"}}],\"inLanguage\":\"fr-FR\"},{\"@type\":\"Organization\",\"@id\":\"https:\\\/\\\/www.vetorino.com\\\/boutique\\\/#organization\",\"name\":\"V\u00e9torino\",\"url\":\"https:\\\/\\\/www.vetorino.com\\\/boutique\\\/\",\"logo\":{\"@type\":\"ImageObject\",\"inLanguage\":\"fr-FR\",\"@id\":\"https:\\\/\\\/www.vetorino.com\\\/boutique\\\/#\\\/schema\\\/logo\\\/image\\\/\",\"url\":\"https:\\\/\\\/www.vetorino.com\\\/boutique\\\/wp-content\\\/uploads\\\/2024\\\/10\\\/logo.jpg\",\"contentUrl\":\"https:\\\/\\\/www.vetorino.com\\\/boutique\\\/wp-content\\\/uploads\\\/2024\\\/10\\\/logo.jpg\",\"width\":1200,\"height\":610,\"caption\":\"V\u00e9torino\"},\"image\":{\"@id\":\"https:\\\/\\\/www.vetorino.com\\\/boutique\\\/#\\\/schema\\\/logo\\\/image\\\/\"},\"sameAs\":[\"https:\\\/\\\/www.facebook.com\\\/Vetorino\\\/\",\"https:\\\/\\\/www.instagram.com\\\/vetorino_off\\\/\",\"https:\\\/\\\/www.linkedin.com\\\/company\\\/vtorino\\\/\"]}]}<\/script>\n<meta property=\"product:brand\" content=\"Audevard\" \/>\n<meta property=\"product:price:amount\" content=\"45.18\" \/>\n<meta property=\"product:price:currency\" content=\"EUR\" \/>\n<meta property=\"og:availability\" content=\"instock\" \/>\n<meta property=\"product:availability\" content=\"instock\" \/>\n<meta property=\"product:retailer_item_id\" content=\"A-4696760\" \/>\n<meta property=\"product:condition\" content=\"new\" \/>\n<!-- \/ Yoast SEO plugin. -->","yoast_head_json":{"title":"Ekylaxyl Audevard - V\u00e9torino","description":"Ekylaxyl\u00a0est un baume fluide \u00e0 base d'arnica, non gras, qui d\u00e9tend et soulage localement les muscles, tendons et articulations du cheval.  Utilisation:   Pour la d\u00e9tente lors des raideurs musculaires avant ou apr\u00e8s l'effort.  Tr\u00e8s efficace dans les cas de gestion de la douleur et des stress tissulaires li\u00e9s \u00e0 l'effort ou aux contusions.  Avant l'effort, il contribue \u00e0 chauffer les muscles du dos de la croupe et des membres ainsi que leurs tendons.  Apr\u00e8s l'effort, il facilite la r\u00e9cup\u00e9ration musculaire des chevaux.  Est aussi particuli\u00e8rement indiqu\u00e9 sur les coups et contusions.  &nbsp;","robots":{"index":"noindex","follow":"nofollow"},"og_locale":"fr_FR","og_type":"article","og_title":"Ekylaxyl Audevard - V\u00e9torino","og_description":"Ekylaxyl\u00a0est un baume fluide \u00e0 base d'arnica, non gras, qui d\u00e9tend et soulage localement les muscles, tendons et articulations du cheval.  Utilisation:   Pour la d\u00e9tente lors des raideurs musculaires avant ou apr\u00e8s l'effort.  Tr\u00e8s efficace dans les cas de gestion de la douleur et des stress tissulaires li\u00e9s \u00e0 l'effort ou aux contusions.  Avant l'effort, il contribue \u00e0 chauffer les muscles du dos de la croupe et des membres ainsi que leurs tendons.  Apr\u00e8s l'effort, il facilite la r\u00e9cup\u00e9ration musculaire des chevaux.  Est aussi particuli\u00e8rement indiqu\u00e9 sur les coups et contusions.  &nbsp;","og_url":"https:\/\/www.vetorino.com\/veterinaire\/prunelli-di-fiumorbo-20243\/boutique\/product\/ekylaxyl-creme-externe\/","og_site_name":"V\u00e9torino","article_publisher":"https:\/\/www.facebook.com\/Vetorino\/","article_modified_time":"2025-02-19T11:22:55+00:00","og_image":[{"width":800,"height":800,"url":"https:\/\/www.vetorino.com\/boutique\/wp-content\/uploads\/2021\/05\/ekylaxyl.webp","type":"image\/webp"}],"twitter_card":"summary_large_image","twitter_misc":{"Prix":"45,18&euro;","Disponibilit\u00e9":"En stock"},"schema":{"@context":"https:\/\/schema.org","@graph":[{"@type":"WebPage","@id":"https:\/\/www.vetorino.com\/boutique\/product\/ekylaxyl-creme-externe\/","url":"https:\/\/www.vetorino.com\/boutique\/product\/ekylaxyl-creme-externe\/","name":"Ekylaxyl Audevard - V\u00e9torino","isPartOf":{"@id":"https:\/\/www.vetorino.com\/boutique\/#website"},"primaryImageOfPage":{"@id":"https:\/\/www.vetorino.com\/boutique\/product\/ekylaxyl-creme-externe\/#primaryimage"},"image":{"@id":"https:\/\/www.vetorino.com\/boutique\/product\/ekylaxyl-creme-externe\/#primaryimage"},"thumbnailUrl":"https:\/\/www.vetorino.com\/boutique\/wp-content\/uploads\/2021\/05\/ekylaxyl.webp","datePublished":"2021-05-04T15:29:18+00:00","dateModified":"2025-02-19T11:22:55+00:00","description":"Ekylaxyl\u00a0est un baume fluide \u00e0 base d'arnica, non gras, qui d\u00e9tend et soulage localement les muscles, tendons et articulations du cheval. Utilisation: Pour la d\u00e9tente lors des raideurs musculaires avant ou apr\u00e8s l'effort. Tr\u00e8s efficace dans les cas de gestion de la douleur et des stress tissulaires li\u00e9s \u00e0 l'effort ou aux contusions. Avant l'effort, il contribue \u00e0 chauffer les muscles du dos de la croupe et des membres ainsi que leurs tendons. Apr\u00e8s l'effort, il facilite la r\u00e9cup\u00e9ration musculaire des chevaux. Est aussi particuli\u00e8rement indiqu\u00e9 sur les coups et contusions. &nbsp;","breadcrumb":{"@id":"https:\/\/www.vetorino.com\/boutique\/product\/ekylaxyl-creme-externe\/#breadcrumb"},"inLanguage":"fr-FR","potentialAction":[{"@type":"ReadAction","target":["https:\/\/www.vetorino.com\/boutique\/product\/ekylaxyl-creme-externe\/"]}]},{"@type":"ImageObject","inLanguage":"fr-FR","@id":"https:\/\/www.vetorino.com\/boutique\/product\/ekylaxyl-creme-externe\/#primaryimage","url":"https:\/\/www.vetorino.com\/boutique\/wp-content\/uploads\/2021\/05\/ekylaxyl.webp","contentUrl":"https:\/\/www.vetorino.com\/boutique\/wp-content\/uploads\/2021\/05\/ekylaxyl.webp","width":800,"height":800},{"@type":"BreadcrumbList","@id":"https:\/\/www.vetorino.com\/boutique\/product\/ekylaxyl-creme-externe\/#breadcrumb","itemListElement":[{"@type":"ListItem","position":1,"name":"Accueil","item":"https:\/\/www.vetorino.com\/boutique\/"},{"@type":"ListItem","position":2,"name":"Produits","item":"https:\/\/www.vetorino.com\/boutique\/"},{"@type":"ListItem","position":3,"name":"Ekylaxyl"}]},{"@type":"WebSite","@id":"https:\/\/www.vetorino.com\/boutique\/#website","url":"https:\/\/www.vetorino.com\/boutique\/","name":"V\u00e9torino","description":"","publisher":{"@id":"https:\/\/www.vetorino.com\/boutique\/#organization"},"potentialAction":[{"@type":"SearchAction","target":{"@type":"EntryPoint","urlTemplate":"https:\/\/www.vetorino.com\/boutique\/?s={search_term_string}"},"query-input":{"@type":"PropertyValueSpecification","valueRequired":true,"valueName":"search_term_string"}}],"inLanguage":"fr-FR"},{"@type":"Organization","@id":"https:\/\/www.vetorino.com\/boutique\/#organization","name":"V\u00e9torino","url":"https:\/\/www.vetorino.com\/boutique\/","logo":{"@type":"ImageObject","inLanguage":"fr-FR","@id":"https:\/\/www.vetorino.com\/boutique\/#\/schema\/logo\/image\/","url":"https:\/\/www.vetorino.com\/boutique\/wp-content\/uploads\/2024\/10\/logo.jpg","contentUrl":"https:\/\/www.vetorino.com\/boutique\/wp-content\/uploads\/2024\/10\/logo.jpg","width":1200,"height":610,"caption":"V\u00e9torino"},"image":{"@id":"https:\/\/www.vetorino.com\/boutique\/#\/schema\/logo\/image\/"},"sameAs":["https:\/\/www.facebook.com\/Vetorino\/","https:\/\/www.instagram.com\/vetorino_off\/","https:\/\/www.linkedin.com\/company\/vtorino\/"]}]},"product_brand":"Audevard","product_price_amount":"45.18","product_price_currency":"EUR","og_availability":"instock","product_availability":"instock","product_retailer_item_id":"A-4696760","product_condition":"new"},"_links":{"self":[{"href":"https:\/\/www.vetorino.com\/veterinaire\/prunelli-di-fiumorbo-20243\/boutique\/wp-json\/wp\/v2\/product\/176191","targetHints":{"allow":["GET"]}}],"collection":[{"href":"https:\/\/www.vetorino.com\/veterinaire\/prunelli-di-fiumorbo-20243\/boutique\/wp-json\/wp\/v2\/product"}],"about":[{"href":"https:\/\/www.vetorino.com\/veterinaire\/prunelli-di-fiumorbo-20243\/boutique\/wp-json\/wp\/v2\/types\/product"}],"wp:featuredmedia":[{"embeddable":true,"href":"https:\/\/www.vetorino.com\/veterinaire\/prunelli-di-fiumorbo-20243\/boutique\/wp-json\/wp\/v2\/media\/1219540"}],"wp:attachment":[{"href":"https:\/\/www.vetorino.com\/veterinaire\/prunelli-di-fiumorbo-20243\/boutique\/wp-json\/wp\/v2\/media?parent=176191"}],"wp:term":[{"taxonomy":"product_cat","embeddable":true,"href":"https:\/\/www.vetorino.com\/veterinaire\/prunelli-di-fiumorbo-20243\/boutique\/wp-json\/wp\/v2\/product_cat?post=176191"},{"taxonomy":"product_tag","embeddable":true,"href":"https:\/\/www.vetorino.com\/veterinaire\/prunelli-di-fiumorbo-20243\/boutique\/wp-json\/wp\/v2\/product_tag?post=176191"}],"curies":[{"name":"wp","href":"https:\/\/api.w.org\/{rel}","templated":true}]}}