{"id":176211,"date":"2021-05-04T17:31:32","date_gmt":"2021-05-04T15:31:32","guid":{"rendered":"https:\/\/www.vetorino.com\/boutique\/product\/harpagyl-granules\/"},"modified":"2025-02-18T11:05:49","modified_gmt":"2025-02-18T10:05:49","slug":"harpagyl-granules","status":"publish","type":"product","link":"https:\/\/www.vetorino.com\/veterinaire\/prunelli-di-fiumorbo-20243\/boutique\/product\/harpagyl-granules\/","title":{"rendered":"Harpagyl"},"content":{"rendered":"<p><strong>HARPAGYL est un aliment con\u00e7u pour apporter un soutien nutritionnel adapt\u00e9 \u00e0 l&#8217;augmentation des besoins locomoteurs chez les chevaux en activit\u00e9 ou \u00e2g\u00e9s.<\/strong><\/p>\n<p><strong>Utilisation :<\/strong><\/p>\n<ul>\n<li>Chevaux pr\u00e9sentant r\u00e9guli\u00e8rement ou occasionnellement des signes de raideur ou de g\u00eane locomotrice<\/li>\n<li>Chevaux \u00e2g\u00e9s<\/li>\n<\/ul>\n<p><strong>Avantages\u00a0:<\/strong><\/p>\n<ul>\n<li>La formule HARPAGYL se distingue par une\u00a0<strong>concentration maximale<\/strong>\u00a0(50 % d&#8217;harpagophytum) ainsi qu&#8217;une\u00a0<strong>teneur garantie<\/strong>\u00a0en harpagoside et est renforc\u00e9e par un apport en om\u00e9ga-3.<\/li>\n<li>Les utilisateurs appr\u00e9cient les engagements qualit\u00e9 pris sur la s\u00e9lection des racines d&#8217;harpagophytum. Leur teneur en harpagoside est \u00e9lev\u00e9e et constante afin d&#8217;\u00e9viter les variations significatives de composition.<\/li>\n<li>les Laboratoires AUDEVARD s&#8217;engagent pour le respect d&#8217;une approche\u00a0<strong>eco-responsable<\/strong>\u00a0face aux ressources naturellement limit\u00e9es de cette plante sauvage qui provient exclusivement des r\u00e9gions semi-d\u00e9sertiques Sud-Africaines.<\/li>\n<li>L&#8217;utilisation d&#8217;HARPAGYL peut se faire \u00e0\u00a0<strong>court terme et \u00e0 moyen terme<\/strong>. Si le cheval fait de la comp\u00e9tition, il est pr\u00e9f\u00e9rable d&#8217;utiliser EKYFLEX NODOLOX qui ne contient pas d&#8217;Harpagophytum.<\/li>\n<li>Il est recommand\u00e9\u00a0 d&#8217;utiliser EKYFLEX ARTHRO en alternance avec HARPAGYL pour optimiser l&#8217;int\u00e9grit\u00e9 des articulations au long terme.<\/li>\n<\/ul>\n<p><strong>Pour le contr\u00f4le antidopage, il est recommand\u00e9 d\u2019arr\u00eater l\u2019administration de produits \u00e0 base d&#8217;Harpagophytum 48h au\u00a0moins avant une comp\u00e9tition.\u00a0Si le cheval fait de la comp\u00e9tition, il est pr\u00e9f\u00e9rable d&#8217;utiliser EKYFLEX NODOLOX qui ne contient pas d&#8217;Harpagophytum.<\/strong><\/p>\n<p><strong>D\u00e9conseill\u00e9 chez la jument gestante.<\/strong><\/p>\n","protected":false},"excerpt":{"rendered":"<p><strong>HARPAGYL est un aliment\u00a0con\u00e7u pour apporter un soutien nutritionnel adapt\u00e9 \u00e0 l&#8217;augmentation des besoins locomoteurs chez les chevaux en activit\u00e9 ou \u00e2g\u00e9s.<\/strong><\/p>\n<p><strong>Utilisation :<\/strong><\/p>\n<ul>\n<li>Chevaux pr\u00e9sentant r\u00e9guli\u00e8rement ou occasionnellement des signes de raideur ou de g\u00eane locomotrice<\/li>\n<li>Chevaux \u00e2g\u00e9s<\/li>\n<\/ul>\n<p><strong>Pour le contr\u00f4le antidopage, il est recommand\u00e9 d\u2019arr\u00eater l\u2019administration d&#8217;Harpagyl 48h au\u00a0moins avant une comp\u00e9tition.\u00a0Si le cheval fait de la comp\u00e9tition, il est pr\u00e9f\u00e9rable d&#8217;utiliser EKYFLEX NODOLOX qui ne contient pas d&#8217;Harpagophytum.<\/strong><\/p>\n<p><strong>D\u00e9conseill\u00e9 chez la jument gestante.<\/strong><\/p>\n","protected":false},"featured_media":1218099,"template":"","meta":[],"product_cat":[12564,12547,14072,12566,13093,12754],"product_tag":[],"class_list":{"0":"post-176211","1":"product","2":"type-product","3":"status-publish","4":"has-post-thumbnail","6":"product_cat-locomotion-du-cheval","7":"product_cat-cheval","8":"product_cat-dietetique-et-complements-alimentaires-du-cheval","9":"product_cat-performance-du-cheval","10":"product_cat-soin-musculaire-du-cheval","11":"product_cat-soins-au-quotidien-du-cheval","12":"pa_marque-audevard","14":"first","15":"instock","16":"taxable","17":"shipping-taxable","18":"purchasable","19":"product-type-variable"},"yoast_head":"<!-- This site is optimized with the Yoast SEO plugin v27.3 - https:\/\/yoast.com\/product\/yoast-seo-wordpress\/ -->\n<title>Harpagyl Audevard - V\u00e9torino<\/title>\n<meta name=\"description\" content=\"HARPAGYL est un aliment\u00a0con\u00e7u pour apporter un soutien nutritionnel adapt\u00e9 \u00e0 l&#039;augmentation des besoins locomoteurs chez les chevaux en activit\u00e9 ou \u00e2g\u00e9s.  Utilisation :   Chevaux pr\u00e9sentant r\u00e9guli\u00e8rement ou occasionnellement des signes de raideur ou de g\u00eane locomotrice  Chevaux \u00e2g\u00e9s  Pour le contr\u00f4le antidopage, il est recommand\u00e9 d\u2019arr\u00eater l\u2019administration d&#039;Harpagyl 48h au\u00a0moins avant une comp\u00e9tition.\u00a0Si le cheval fait de la comp\u00e9tition, il est pr\u00e9f\u00e9rable d&#039;utiliser EKYFLEX NODOLOX qui ne contient pas d&#039;Harpagophytum.  D\u00e9conseill\u00e9 chez la jument gestante.\" \/>\n<meta name=\"robots\" content=\"noindex, nofollow\" \/>\n<meta property=\"og:locale\" content=\"fr_FR\" \/>\n<meta property=\"og:type\" content=\"article\" \/>\n<meta property=\"og:title\" content=\"Harpagyl Audevard - V\u00e9torino\" \/>\n<meta property=\"og:description\" content=\"HARPAGYL est un aliment\u00a0con\u00e7u pour apporter un soutien nutritionnel adapt\u00e9 \u00e0 l&#039;augmentation des besoins locomoteurs chez les chevaux en activit\u00e9 ou \u00e2g\u00e9s.  Utilisation :   Chevaux pr\u00e9sentant r\u00e9guli\u00e8rement ou occasionnellement des signes de raideur ou de g\u00eane locomotrice  Chevaux \u00e2g\u00e9s  Pour le contr\u00f4le antidopage, il est recommand\u00e9 d\u2019arr\u00eater l\u2019administration d&#039;Harpagyl 48h au\u00a0moins avant une comp\u00e9tition.\u00a0Si le cheval fait de la comp\u00e9tition, il est pr\u00e9f\u00e9rable d&#039;utiliser EKYFLEX NODOLOX qui ne contient pas d&#039;Harpagophytum.  D\u00e9conseill\u00e9 chez la jument gestante.\" \/>\n<meta property=\"og:url\" content=\"https:\/\/www.vetorino.com\/veterinaire\/prunelli-di-fiumorbo-20243\/boutique\/product\/harpagyl-granules\/\" \/>\n<meta property=\"og:site_name\" content=\"V\u00e9torino\" \/>\n<meta property=\"article:publisher\" content=\"https:\/\/www.facebook.com\/Vetorino\/\" \/>\n<meta property=\"article:modified_time\" content=\"2025-02-18T10:05:49+00:00\" \/>\n<meta property=\"og:image\" content=\"https:\/\/www.vetorino.com\/boutique\/wp-content\/uploads\/2021\/05\/harpagyl-1.webp\" \/>\n\t<meta property=\"og:image:width\" content=\"458\" \/>\n\t<meta property=\"og:image:height\" content=\"458\" \/>\n\t<meta property=\"og:image:type\" content=\"image\/webp\" \/>\n<meta name=\"twitter:card\" content=\"summary_large_image\" \/>\n<meta name=\"twitter:label1\" content=\"Disponibilit\u00e9\" \/>\n\t<meta name=\"twitter:data1\" content=\"En stock\" \/>\n<script type=\"application\/ld+json\" class=\"yoast-schema-graph\">{\"@context\":\"https:\\\/\\\/schema.org\",\"@graph\":[{\"@type\":\"WebPage\",\"@id\":\"https:\\\/\\\/www.vetorino.com\\\/boutique\\\/product\\\/harpagyl-granules\\\/\",\"url\":\"https:\\\/\\\/www.vetorino.com\\\/boutique\\\/product\\\/harpagyl-granules\\\/\",\"name\":\"Harpagyl Audevard - V\u00e9torino\",\"isPartOf\":{\"@id\":\"https:\\\/\\\/www.vetorino.com\\\/boutique\\\/#website\"},\"primaryImageOfPage\":{\"@id\":\"https:\\\/\\\/www.vetorino.com\\\/boutique\\\/product\\\/harpagyl-granules\\\/#primaryimage\"},\"image\":{\"@id\":\"https:\\\/\\\/www.vetorino.com\\\/boutique\\\/product\\\/harpagyl-granules\\\/#primaryimage\"},\"thumbnailUrl\":\"https:\\\/\\\/www.vetorino.com\\\/boutique\\\/wp-content\\\/uploads\\\/2021\\\/05\\\/harpagyl-1.webp\",\"datePublished\":\"2021-05-04T15:31:32+00:00\",\"dateModified\":\"2025-02-18T10:05:49+00:00\",\"description\":\"HARPAGYL est un aliment\u00a0con\u00e7u pour apporter un soutien nutritionnel adapt\u00e9 \u00e0 l'augmentation des besoins locomoteurs chez les chevaux en activit\u00e9 ou \u00e2g\u00e9s. Utilisation : Chevaux pr\u00e9sentant r\u00e9guli\u00e8rement ou occasionnellement des signes de raideur ou de g\u00eane locomotrice Chevaux \u00e2g\u00e9s Pour le contr\u00f4le antidopage, il est recommand\u00e9 d\u2019arr\u00eater l\u2019administration d'Harpagyl 48h au\u00a0moins avant une comp\u00e9tition.\u00a0Si le cheval fait de la comp\u00e9tition, il est pr\u00e9f\u00e9rable d'utiliser EKYFLEX NODOLOX qui ne contient pas d'Harpagophytum. D\u00e9conseill\u00e9 chez la jument gestante.\",\"breadcrumb\":{\"@id\":\"https:\\\/\\\/www.vetorino.com\\\/boutique\\\/product\\\/harpagyl-granules\\\/#breadcrumb\"},\"inLanguage\":\"fr-FR\",\"potentialAction\":[{\"@type\":\"ReadAction\",\"target\":[\"https:\\\/\\\/www.vetorino.com\\\/boutique\\\/product\\\/harpagyl-granules\\\/\"]}]},{\"@type\":\"ImageObject\",\"inLanguage\":\"fr-FR\",\"@id\":\"https:\\\/\\\/www.vetorino.com\\\/boutique\\\/product\\\/harpagyl-granules\\\/#primaryimage\",\"url\":\"https:\\\/\\\/www.vetorino.com\\\/boutique\\\/wp-content\\\/uploads\\\/2021\\\/05\\\/harpagyl-1.webp\",\"contentUrl\":\"https:\\\/\\\/www.vetorino.com\\\/boutique\\\/wp-content\\\/uploads\\\/2021\\\/05\\\/harpagyl-1.webp\",\"width\":458,\"height\":458},{\"@type\":\"BreadcrumbList\",\"@id\":\"https:\\\/\\\/www.vetorino.com\\\/boutique\\\/product\\\/harpagyl-granules\\\/#breadcrumb\",\"itemListElement\":[{\"@type\":\"ListItem\",\"position\":1,\"name\":\"Accueil\",\"item\":\"https:\\\/\\\/www.vetorino.com\\\/boutique\\\/\"},{\"@type\":\"ListItem\",\"position\":2,\"name\":\"Produits\",\"item\":\"https:\\\/\\\/www.vetorino.com\\\/boutique\\\/\"},{\"@type\":\"ListItem\",\"position\":3,\"name\":\"Harpagyl\"}]},{\"@type\":\"WebSite\",\"@id\":\"https:\\\/\\\/www.vetorino.com\\\/boutique\\\/#website\",\"url\":\"https:\\\/\\\/www.vetorino.com\\\/boutique\\\/\",\"name\":\"V\u00e9torino\",\"description\":\"\",\"publisher\":{\"@id\":\"https:\\\/\\\/www.vetorino.com\\\/boutique\\\/#organization\"},\"potentialAction\":[{\"@type\":\"SearchAction\",\"target\":{\"@type\":\"EntryPoint\",\"urlTemplate\":\"https:\\\/\\\/www.vetorino.com\\\/boutique\\\/?s={search_term_string}\"},\"query-input\":{\"@type\":\"PropertyValueSpecification\",\"valueRequired\":true,\"valueName\":\"search_term_string\"}}],\"inLanguage\":\"fr-FR\"},{\"@type\":\"Organization\",\"@id\":\"https:\\\/\\\/www.vetorino.com\\\/boutique\\\/#organization\",\"name\":\"V\u00e9torino\",\"url\":\"https:\\\/\\\/www.vetorino.com\\\/boutique\\\/\",\"logo\":{\"@type\":\"ImageObject\",\"inLanguage\":\"fr-FR\",\"@id\":\"https:\\\/\\\/www.vetorino.com\\\/boutique\\\/#\\\/schema\\\/logo\\\/image\\\/\",\"url\":\"https:\\\/\\\/www.vetorino.com\\\/boutique\\\/wp-content\\\/uploads\\\/2024\\\/10\\\/logo.jpg\",\"contentUrl\":\"https:\\\/\\\/www.vetorino.com\\\/boutique\\\/wp-content\\\/uploads\\\/2024\\\/10\\\/logo.jpg\",\"width\":1200,\"height\":610,\"caption\":\"V\u00e9torino\"},\"image\":{\"@id\":\"https:\\\/\\\/www.vetorino.com\\\/boutique\\\/#\\\/schema\\\/logo\\\/image\\\/\"},\"sameAs\":[\"https:\\\/\\\/www.facebook.com\\\/Vetorino\\\/\",\"https:\\\/\\\/www.instagram.com\\\/vetorino_off\\\/\",\"https:\\\/\\\/www.linkedin.com\\\/company\\\/vtorino\\\/\"]}]}<\/script>\n<meta property=\"product:brand\" content=\"Audevard\" \/>\n<meta property=\"og:availability\" content=\"instock\" \/>\n<meta property=\"product:availability\" content=\"instock\" \/>\n<meta property=\"product:condition\" content=\"new\" \/>\n<!-- \/ Yoast SEO plugin. -->","yoast_head_json":{"title":"Harpagyl Audevard - V\u00e9torino","description":"HARPAGYL est un aliment\u00a0con\u00e7u pour apporter un soutien nutritionnel adapt\u00e9 \u00e0 l'augmentation des besoins locomoteurs chez les chevaux en activit\u00e9 ou \u00e2g\u00e9s.  Utilisation :   Chevaux pr\u00e9sentant r\u00e9guli\u00e8rement ou occasionnellement des signes de raideur ou de g\u00eane locomotrice  Chevaux \u00e2g\u00e9s  Pour le contr\u00f4le antidopage, il est recommand\u00e9 d\u2019arr\u00eater l\u2019administration d'Harpagyl 48h au\u00a0moins avant une comp\u00e9tition.\u00a0Si le cheval fait de la comp\u00e9tition, il est pr\u00e9f\u00e9rable d'utiliser EKYFLEX NODOLOX qui ne contient pas d'Harpagophytum.  D\u00e9conseill\u00e9 chez la jument gestante.","robots":{"index":"noindex","follow":"nofollow"},"og_locale":"fr_FR","og_type":"article","og_title":"Harpagyl Audevard - V\u00e9torino","og_description":"HARPAGYL est un aliment\u00a0con\u00e7u pour apporter un soutien nutritionnel adapt\u00e9 \u00e0 l'augmentation des besoins locomoteurs chez les chevaux en activit\u00e9 ou \u00e2g\u00e9s.  Utilisation :   Chevaux pr\u00e9sentant r\u00e9guli\u00e8rement ou occasionnellement des signes de raideur ou de g\u00eane locomotrice  Chevaux \u00e2g\u00e9s  Pour le contr\u00f4le antidopage, il est recommand\u00e9 d\u2019arr\u00eater l\u2019administration d'Harpagyl 48h au\u00a0moins avant une comp\u00e9tition.\u00a0Si le cheval fait de la comp\u00e9tition, il est pr\u00e9f\u00e9rable d'utiliser EKYFLEX NODOLOX qui ne contient pas d'Harpagophytum.  D\u00e9conseill\u00e9 chez la jument gestante.","og_url":"https:\/\/www.vetorino.com\/veterinaire\/prunelli-di-fiumorbo-20243\/boutique\/product\/harpagyl-granules\/","og_site_name":"V\u00e9torino","article_publisher":"https:\/\/www.facebook.com\/Vetorino\/","article_modified_time":"2025-02-18T10:05:49+00:00","og_image":[{"width":458,"height":458,"url":"https:\/\/www.vetorino.com\/boutique\/wp-content\/uploads\/2021\/05\/harpagyl-1.webp","type":"image\/webp"}],"twitter_card":"summary_large_image","twitter_misc":{"Disponibilit\u00e9":"En stock"},"schema":{"@context":"https:\/\/schema.org","@graph":[{"@type":"WebPage","@id":"https:\/\/www.vetorino.com\/boutique\/product\/harpagyl-granules\/","url":"https:\/\/www.vetorino.com\/boutique\/product\/harpagyl-granules\/","name":"Harpagyl Audevard - V\u00e9torino","isPartOf":{"@id":"https:\/\/www.vetorino.com\/boutique\/#website"},"primaryImageOfPage":{"@id":"https:\/\/www.vetorino.com\/boutique\/product\/harpagyl-granules\/#primaryimage"},"image":{"@id":"https:\/\/www.vetorino.com\/boutique\/product\/harpagyl-granules\/#primaryimage"},"thumbnailUrl":"https:\/\/www.vetorino.com\/boutique\/wp-content\/uploads\/2021\/05\/harpagyl-1.webp","datePublished":"2021-05-04T15:31:32+00:00","dateModified":"2025-02-18T10:05:49+00:00","description":"HARPAGYL est un aliment\u00a0con\u00e7u pour apporter un soutien nutritionnel adapt\u00e9 \u00e0 l'augmentation des besoins locomoteurs chez les chevaux en activit\u00e9 ou \u00e2g\u00e9s. Utilisation : Chevaux pr\u00e9sentant r\u00e9guli\u00e8rement ou occasionnellement des signes de raideur ou de g\u00eane locomotrice Chevaux \u00e2g\u00e9s Pour le contr\u00f4le antidopage, il est recommand\u00e9 d\u2019arr\u00eater l\u2019administration d'Harpagyl 48h au\u00a0moins avant une comp\u00e9tition.\u00a0Si le cheval fait de la comp\u00e9tition, il est pr\u00e9f\u00e9rable d'utiliser EKYFLEX NODOLOX qui ne contient pas d'Harpagophytum. D\u00e9conseill\u00e9 chez la jument gestante.","breadcrumb":{"@id":"https:\/\/www.vetorino.com\/boutique\/product\/harpagyl-granules\/#breadcrumb"},"inLanguage":"fr-FR","potentialAction":[{"@type":"ReadAction","target":["https:\/\/www.vetorino.com\/boutique\/product\/harpagyl-granules\/"]}]},{"@type":"ImageObject","inLanguage":"fr-FR","@id":"https:\/\/www.vetorino.com\/boutique\/product\/harpagyl-granules\/#primaryimage","url":"https:\/\/www.vetorino.com\/boutique\/wp-content\/uploads\/2021\/05\/harpagyl-1.webp","contentUrl":"https:\/\/www.vetorino.com\/boutique\/wp-content\/uploads\/2021\/05\/harpagyl-1.webp","width":458,"height":458},{"@type":"BreadcrumbList","@id":"https:\/\/www.vetorino.com\/boutique\/product\/harpagyl-granules\/#breadcrumb","itemListElement":[{"@type":"ListItem","position":1,"name":"Accueil","item":"https:\/\/www.vetorino.com\/boutique\/"},{"@type":"ListItem","position":2,"name":"Produits","item":"https:\/\/www.vetorino.com\/boutique\/"},{"@type":"ListItem","position":3,"name":"Harpagyl"}]},{"@type":"WebSite","@id":"https:\/\/www.vetorino.com\/boutique\/#website","url":"https:\/\/www.vetorino.com\/boutique\/","name":"V\u00e9torino","description":"","publisher":{"@id":"https:\/\/www.vetorino.com\/boutique\/#organization"},"potentialAction":[{"@type":"SearchAction","target":{"@type":"EntryPoint","urlTemplate":"https:\/\/www.vetorino.com\/boutique\/?s={search_term_string}"},"query-input":{"@type":"PropertyValueSpecification","valueRequired":true,"valueName":"search_term_string"}}],"inLanguage":"fr-FR"},{"@type":"Organization","@id":"https:\/\/www.vetorino.com\/boutique\/#organization","name":"V\u00e9torino","url":"https:\/\/www.vetorino.com\/boutique\/","logo":{"@type":"ImageObject","inLanguage":"fr-FR","@id":"https:\/\/www.vetorino.com\/boutique\/#\/schema\/logo\/image\/","url":"https:\/\/www.vetorino.com\/boutique\/wp-content\/uploads\/2024\/10\/logo.jpg","contentUrl":"https:\/\/www.vetorino.com\/boutique\/wp-content\/uploads\/2024\/10\/logo.jpg","width":1200,"height":610,"caption":"V\u00e9torino"},"image":{"@id":"https:\/\/www.vetorino.com\/boutique\/#\/schema\/logo\/image\/"},"sameAs":["https:\/\/www.facebook.com\/Vetorino\/","https:\/\/www.instagram.com\/vetorino_off\/","https:\/\/www.linkedin.com\/company\/vtorino\/"]}]},"product_brand":"Audevard","og_availability":"instock","product_availability":"instock","product_condition":"new"},"_links":{"self":[{"href":"https:\/\/www.vetorino.com\/veterinaire\/prunelli-di-fiumorbo-20243\/boutique\/wp-json\/wp\/v2\/product\/176211","targetHints":{"allow":["GET"]}}],"collection":[{"href":"https:\/\/www.vetorino.com\/veterinaire\/prunelli-di-fiumorbo-20243\/boutique\/wp-json\/wp\/v2\/product"}],"about":[{"href":"https:\/\/www.vetorino.com\/veterinaire\/prunelli-di-fiumorbo-20243\/boutique\/wp-json\/wp\/v2\/types\/product"}],"wp:featuredmedia":[{"embeddable":true,"href":"https:\/\/www.vetorino.com\/veterinaire\/prunelli-di-fiumorbo-20243\/boutique\/wp-json\/wp\/v2\/media\/1218099"}],"wp:attachment":[{"href":"https:\/\/www.vetorino.com\/veterinaire\/prunelli-di-fiumorbo-20243\/boutique\/wp-json\/wp\/v2\/media?parent=176211"}],"wp:term":[{"taxonomy":"product_cat","embeddable":true,"href":"https:\/\/www.vetorino.com\/veterinaire\/prunelli-di-fiumorbo-20243\/boutique\/wp-json\/wp\/v2\/product_cat?post=176211"},{"taxonomy":"product_tag","embeddable":true,"href":"https:\/\/www.vetorino.com\/veterinaire\/prunelli-di-fiumorbo-20243\/boutique\/wp-json\/wp\/v2\/product_tag?post=176211"}],"curies":[{"name":"wp","href":"https:\/\/api.w.org\/{rel}","templated":true}]}}