{"id":176873,"date":"2021-05-04T17:34:47","date_gmt":"2021-05-04T15:34:47","guid":{"rendered":"https:\/\/www.vetorino.com\/boutique\/product\/myostem-mass-granules\/"},"modified":"2025-02-18T14:07:59","modified_gmt":"2025-02-18T13:07:59","slug":"myostem-mass-granules","status":"publish","type":"product","link":"https:\/\/www.vetorino.com\/veterinaire\/prunelli-di-fiumorbo-20243\/boutique\/product\/myostem-mass-granules\/","title":{"rendered":"Myostem Mass"},"content":{"rendered":"<p><strong>MYOSTEM MASS\u00a0 est enrichi en acides amin\u00e9s essentiels et limitants, il a \u00e9t\u00e9 con\u00e7u pour le d\u00e9veloppement de la r\u00e9sistance musculaire du cheval athl\u00e8te et la protection de la cellule musculaire.<\/strong><\/p>\n<p><strong>Utilisation :<\/strong><\/p>\n<ul>\n<li>Chevaux \u00e0 l&#8217;entra\u00eenement.<\/li>\n<li>Chevaux \u00e2g\u00e9s ou manquant d&#8217;\u00e9tat.<\/li>\n<li>Poulain en croissance.<\/li>\n<\/ul>\n<p><strong>Avantages :<\/strong><\/p>\n<ul>\n<li>Les utilisateurs appr\u00e9cient cette formule concentr\u00e9e qui apporte environ <strong>60 g d&#8217;acides amin\u00e9s par jour<\/strong>.<\/li>\n<li>Pour optimiser les r\u00e9sultats de MYOSTEM MASS, il est important d&#8217;avoir une ration riche en glucides et de donner le produit dans les heures suivant l&#8217;effort afin qu&#8217;il ait \u00e9t\u00e9 assimil\u00e9 au moment de la synth\u00e8se prot\u00e9ique. <strong>Si le cheval ne travaille pas ou peu<\/strong>, pr\u00e9f\u00e9rez plut\u00f4t BO YEA SACC pour les besoins intensifs, MYOSTEM MASS et BO YEA SACC pouvant \u00eatre associ\u00e9s.<\/li>\n<li>Pour une utilisation optimale, distribuer <strong>dans les heures suivant l\u2019effort<\/strong> en assurant un apport suffisant de glucides (c\u00e9r\u00e9ales&#8230;).<\/li>\n<li>Apport calcul\u00e9 et concentr\u00e9 d&#8217;acides amin\u00e9s dits &#8220;limitants&#8221; car ils sont souvent apport\u00e9s en quantit\u00e9s insuffisantes par l&#8217;alimentation. Le fenugrec <strong>am\u00e9liore la prise alimentaire des chevaux <\/strong>et les pr\u00e9biotiques<strong> aident \u00e0 la digestion<\/strong>.<\/li>\n<li>Apport d\u2019enzymes anti-radicalaires essentielles pour<strong> renforcer les d\u00e9fenses musculaires<\/strong> contre les radicaux libres produits pendant l\u2019effort.<\/li>\n<li>Permet au cheval d&#8217;aller au bout de son effort et de <strong>r\u00e9cup\u00e9rer plus rapidement<\/strong>.<\/li>\n<\/ul>\n","protected":false},"excerpt":{"rendered":"<p><strong>MYOSTEM MASS\u00a0 est enrichi en acides amin\u00e9s essentiels et limitants, il a \u00e9t\u00e9 con\u00e7u pour le d\u00e9veloppement de la r\u00e9sistance musculaire du cheval athl\u00e8te et la protection de la cellule musculaire.<\/strong><\/p>\n<p><strong>Utilisation :<\/strong><\/p>\n<ul>\n<li>Chevaux \u00e0 l&#8217;entra\u00eenement<\/li>\n<li>Chevaux \u00e2g\u00e9s ou manquant d&#8217;\u00e9tat<\/li>\n<li>Poulain en croissance<\/li>\n<\/ul>\n","protected":false},"featured_media":178118,"template":"","meta":[],"product_cat":[12757,12547,14072,12752,12753,12566,13093,12754],"product_tag":[],"class_list":{"0":"post-176873","1":"product","2":"type-product","3":"status-publish","4":"has-post-thumbnail","6":"product_cat-alimentation-du-cheval","7":"product_cat-cheval","8":"product_cat-dietetique-et-complements-alimentaires-du-cheval","9":"product_cat-gestion-de-leffort-du-cheval","10":"product_cat-muscle-du-cheval","11":"product_cat-performance-du-cheval","12":"product_cat-soin-musculaire-du-cheval","13":"product_cat-soins-au-quotidien-du-cheval","14":"pa_marque-audevard","16":"first","17":"outofstock","18":"taxable","19":"shipping-taxable","20":"purchasable","21":"product-type-simple"},"yoast_head":"<!-- This site is optimized with the Yoast SEO plugin v27.3 - https:\/\/yoast.com\/product\/yoast-seo-wordpress\/ -->\n<title>Myostem Mass Audevard - V\u00e9torino<\/title>\n<meta name=\"description\" content=\"MYOSTEM MASS\u00a0 est enrichi en acides amin\u00e9s essentiels et limitants, il a \u00e9t\u00e9 con\u00e7u pour le d\u00e9veloppement de la r\u00e9sistance musculaire du cheval athl\u00e8te et la protection de la cellule musculaire.  Utilisation :   Chevaux \u00e0 l&#039;entra\u00eenement  Chevaux \u00e2g\u00e9s ou manquant d&#039;\u00e9tat  Poulain en croissance\" \/>\n<meta name=\"robots\" content=\"noindex, nofollow\" \/>\n<meta property=\"og:locale\" content=\"fr_FR\" \/>\n<meta property=\"og:type\" content=\"article\" \/>\n<meta property=\"og:title\" content=\"Myostem Mass Audevard - V\u00e9torino\" \/>\n<meta property=\"og:description\" content=\"MYOSTEM MASS\u00a0 est enrichi en acides amin\u00e9s essentiels et limitants, il a \u00e9t\u00e9 con\u00e7u pour le d\u00e9veloppement de la r\u00e9sistance musculaire du cheval athl\u00e8te et la protection de la cellule musculaire.  Utilisation :   Chevaux \u00e0 l&#039;entra\u00eenement  Chevaux \u00e2g\u00e9s ou manquant d&#039;\u00e9tat  Poulain en croissance\" \/>\n<meta property=\"og:url\" content=\"https:\/\/www.vetorino.com\/veterinaire\/prunelli-di-fiumorbo-20243\/boutique\/product\/myostem-mass-granules\/\" \/>\n<meta property=\"og:site_name\" content=\"V\u00e9torino\" \/>\n<meta property=\"article:publisher\" content=\"https:\/\/www.facebook.com\/Vetorino\/\" \/>\n<meta property=\"article:modified_time\" content=\"2025-02-18T13:07:59+00:00\" \/>\n<meta property=\"og:image\" content=\"https:\/\/www.vetorino.com\/boutique\/wp-content\/uploads\/2020\/06\/myostem-mass.png\" \/>\n\t<meta property=\"og:image:width\" content=\"500\" \/>\n\t<meta property=\"og:image:height\" content=\"500\" \/>\n\t<meta property=\"og:image:type\" content=\"image\/png\" \/>\n<meta name=\"twitter:card\" content=\"summary_large_image\" \/>\n<meta name=\"twitter:label1\" content=\"Prix\" \/>\n\t<meta name=\"twitter:data1\" content=\"173,03&euro;\" \/>\n\t<meta name=\"twitter:label2\" content=\"Disponibilit\u00e9\" \/>\n\t<meta name=\"twitter:data2\" content=\"Rupture de stock\" \/>\n<script type=\"application\/ld+json\" class=\"yoast-schema-graph\">{\"@context\":\"https:\\\/\\\/schema.org\",\"@graph\":[{\"@type\":\"WebPage\",\"@id\":\"https:\\\/\\\/www.vetorino.com\\\/boutique\\\/product\\\/myostem-mass-granules\\\/\",\"url\":\"https:\\\/\\\/www.vetorino.com\\\/boutique\\\/product\\\/myostem-mass-granules\\\/\",\"name\":\"Myostem Mass Audevard - V\u00e9torino\",\"isPartOf\":{\"@id\":\"https:\\\/\\\/www.vetorino.com\\\/boutique\\\/#website\"},\"primaryImageOfPage\":{\"@id\":\"https:\\\/\\\/www.vetorino.com\\\/boutique\\\/product\\\/myostem-mass-granules\\\/#primaryimage\"},\"image\":{\"@id\":\"https:\\\/\\\/www.vetorino.com\\\/boutique\\\/product\\\/myostem-mass-granules\\\/#primaryimage\"},\"thumbnailUrl\":\"https:\\\/\\\/www.vetorino.com\\\/boutique\\\/wp-content\\\/uploads\\\/2020\\\/06\\\/myostem-mass.png\",\"datePublished\":\"2021-05-04T15:34:47+00:00\",\"dateModified\":\"2025-02-18T13:07:59+00:00\",\"description\":\"MYOSTEM MASS\u00a0 est enrichi en acides amin\u00e9s essentiels et limitants, il a \u00e9t\u00e9 con\u00e7u pour le d\u00e9veloppement de la r\u00e9sistance musculaire du cheval athl\u00e8te et la protection de la cellule musculaire. Utilisation : Chevaux \u00e0 l'entra\u00eenement Chevaux \u00e2g\u00e9s ou manquant d'\u00e9tat Poulain en croissance\",\"breadcrumb\":{\"@id\":\"https:\\\/\\\/www.vetorino.com\\\/boutique\\\/product\\\/myostem-mass-granules\\\/#breadcrumb\"},\"inLanguage\":\"fr-FR\",\"potentialAction\":[{\"@type\":\"ReadAction\",\"target\":[\"https:\\\/\\\/www.vetorino.com\\\/boutique\\\/product\\\/myostem-mass-granules\\\/\"]}]},{\"@type\":\"ImageObject\",\"inLanguage\":\"fr-FR\",\"@id\":\"https:\\\/\\\/www.vetorino.com\\\/boutique\\\/product\\\/myostem-mass-granules\\\/#primaryimage\",\"url\":\"https:\\\/\\\/www.vetorino.com\\\/boutique\\\/wp-content\\\/uploads\\\/2020\\\/06\\\/myostem-mass.png\",\"contentUrl\":\"https:\\\/\\\/www.vetorino.com\\\/boutique\\\/wp-content\\\/uploads\\\/2020\\\/06\\\/myostem-mass.png\",\"width\":500,\"height\":500},{\"@type\":\"BreadcrumbList\",\"@id\":\"https:\\\/\\\/www.vetorino.com\\\/boutique\\\/product\\\/myostem-mass-granules\\\/#breadcrumb\",\"itemListElement\":[{\"@type\":\"ListItem\",\"position\":1,\"name\":\"Accueil\",\"item\":\"https:\\\/\\\/www.vetorino.com\\\/boutique\\\/\"},{\"@type\":\"ListItem\",\"position\":2,\"name\":\"Produits\",\"item\":\"https:\\\/\\\/www.vetorino.com\\\/boutique\\\/\"},{\"@type\":\"ListItem\",\"position\":3,\"name\":\"Myostem Mass\"}]},{\"@type\":\"WebSite\",\"@id\":\"https:\\\/\\\/www.vetorino.com\\\/boutique\\\/#website\",\"url\":\"https:\\\/\\\/www.vetorino.com\\\/boutique\\\/\",\"name\":\"V\u00e9torino\",\"description\":\"\",\"publisher\":{\"@id\":\"https:\\\/\\\/www.vetorino.com\\\/boutique\\\/#organization\"},\"potentialAction\":[{\"@type\":\"SearchAction\",\"target\":{\"@type\":\"EntryPoint\",\"urlTemplate\":\"https:\\\/\\\/www.vetorino.com\\\/boutique\\\/?s={search_term_string}\"},\"query-input\":{\"@type\":\"PropertyValueSpecification\",\"valueRequired\":true,\"valueName\":\"search_term_string\"}}],\"inLanguage\":\"fr-FR\"},{\"@type\":\"Organization\",\"@id\":\"https:\\\/\\\/www.vetorino.com\\\/boutique\\\/#organization\",\"name\":\"V\u00e9torino\",\"url\":\"https:\\\/\\\/www.vetorino.com\\\/boutique\\\/\",\"logo\":{\"@type\":\"ImageObject\",\"inLanguage\":\"fr-FR\",\"@id\":\"https:\\\/\\\/www.vetorino.com\\\/boutique\\\/#\\\/schema\\\/logo\\\/image\\\/\",\"url\":\"https:\\\/\\\/www.vetorino.com\\\/boutique\\\/wp-content\\\/uploads\\\/2024\\\/10\\\/logo.jpg\",\"contentUrl\":\"https:\\\/\\\/www.vetorino.com\\\/boutique\\\/wp-content\\\/uploads\\\/2024\\\/10\\\/logo.jpg\",\"width\":1200,\"height\":610,\"caption\":\"V\u00e9torino\"},\"image\":{\"@id\":\"https:\\\/\\\/www.vetorino.com\\\/boutique\\\/#\\\/schema\\\/logo\\\/image\\\/\"},\"sameAs\":[\"https:\\\/\\\/www.facebook.com\\\/Vetorino\\\/\",\"https:\\\/\\\/www.instagram.com\\\/vetorino_off\\\/\",\"https:\\\/\\\/www.linkedin.com\\\/company\\\/vtorino\\\/\"]}]}<\/script>\n<meta property=\"product:brand\" content=\"Audevard\" \/>\n<meta property=\"product:price:amount\" content=\"173.03\" \/>\n<meta property=\"product:price:currency\" content=\"EUR\" \/>\n<meta property=\"og:availability\" content=\"out of stock\" \/>\n<meta property=\"product:availability\" content=\"out of stock\" \/>\n<meta property=\"product:retailer_item_id\" content=\"A-9501100\" \/>\n<meta property=\"product:condition\" content=\"new\" \/>\n<!-- \/ Yoast SEO plugin. -->","yoast_head_json":{"title":"Myostem Mass Audevard - V\u00e9torino","description":"MYOSTEM MASS\u00a0 est enrichi en acides amin\u00e9s essentiels et limitants, il a \u00e9t\u00e9 con\u00e7u pour le d\u00e9veloppement de la r\u00e9sistance musculaire du cheval athl\u00e8te et la protection de la cellule musculaire.  Utilisation :   Chevaux \u00e0 l'entra\u00eenement  Chevaux \u00e2g\u00e9s ou manquant d'\u00e9tat  Poulain en croissance","robots":{"index":"noindex","follow":"nofollow"},"og_locale":"fr_FR","og_type":"article","og_title":"Myostem Mass Audevard - V\u00e9torino","og_description":"MYOSTEM MASS\u00a0 est enrichi en acides amin\u00e9s essentiels et limitants, il a \u00e9t\u00e9 con\u00e7u pour le d\u00e9veloppement de la r\u00e9sistance musculaire du cheval athl\u00e8te et la protection de la cellule musculaire.  Utilisation :   Chevaux \u00e0 l'entra\u00eenement  Chevaux \u00e2g\u00e9s ou manquant d'\u00e9tat  Poulain en croissance","og_url":"https:\/\/www.vetorino.com\/veterinaire\/prunelli-di-fiumorbo-20243\/boutique\/product\/myostem-mass-granules\/","og_site_name":"V\u00e9torino","article_publisher":"https:\/\/www.facebook.com\/Vetorino\/","article_modified_time":"2025-02-18T13:07:59+00:00","og_image":[{"width":500,"height":500,"url":"https:\/\/www.vetorino.com\/boutique\/wp-content\/uploads\/2020\/06\/myostem-mass.png","type":"image\/png"}],"twitter_card":"summary_large_image","twitter_misc":{"Prix":"173,03&euro;","Disponibilit\u00e9":"Rupture de stock"},"schema":{"@context":"https:\/\/schema.org","@graph":[{"@type":"WebPage","@id":"https:\/\/www.vetorino.com\/boutique\/product\/myostem-mass-granules\/","url":"https:\/\/www.vetorino.com\/boutique\/product\/myostem-mass-granules\/","name":"Myostem Mass Audevard - V\u00e9torino","isPartOf":{"@id":"https:\/\/www.vetorino.com\/boutique\/#website"},"primaryImageOfPage":{"@id":"https:\/\/www.vetorino.com\/boutique\/product\/myostem-mass-granules\/#primaryimage"},"image":{"@id":"https:\/\/www.vetorino.com\/boutique\/product\/myostem-mass-granules\/#primaryimage"},"thumbnailUrl":"https:\/\/www.vetorino.com\/boutique\/wp-content\/uploads\/2020\/06\/myostem-mass.png","datePublished":"2021-05-04T15:34:47+00:00","dateModified":"2025-02-18T13:07:59+00:00","description":"MYOSTEM MASS\u00a0 est enrichi en acides amin\u00e9s essentiels et limitants, il a \u00e9t\u00e9 con\u00e7u pour le d\u00e9veloppement de la r\u00e9sistance musculaire du cheval athl\u00e8te et la protection de la cellule musculaire. Utilisation : Chevaux \u00e0 l'entra\u00eenement Chevaux \u00e2g\u00e9s ou manquant d'\u00e9tat Poulain en croissance","breadcrumb":{"@id":"https:\/\/www.vetorino.com\/boutique\/product\/myostem-mass-granules\/#breadcrumb"},"inLanguage":"fr-FR","potentialAction":[{"@type":"ReadAction","target":["https:\/\/www.vetorino.com\/boutique\/product\/myostem-mass-granules\/"]}]},{"@type":"ImageObject","inLanguage":"fr-FR","@id":"https:\/\/www.vetorino.com\/boutique\/product\/myostem-mass-granules\/#primaryimage","url":"https:\/\/www.vetorino.com\/boutique\/wp-content\/uploads\/2020\/06\/myostem-mass.png","contentUrl":"https:\/\/www.vetorino.com\/boutique\/wp-content\/uploads\/2020\/06\/myostem-mass.png","width":500,"height":500},{"@type":"BreadcrumbList","@id":"https:\/\/www.vetorino.com\/boutique\/product\/myostem-mass-granules\/#breadcrumb","itemListElement":[{"@type":"ListItem","position":1,"name":"Accueil","item":"https:\/\/www.vetorino.com\/boutique\/"},{"@type":"ListItem","position":2,"name":"Produits","item":"https:\/\/www.vetorino.com\/boutique\/"},{"@type":"ListItem","position":3,"name":"Myostem Mass"}]},{"@type":"WebSite","@id":"https:\/\/www.vetorino.com\/boutique\/#website","url":"https:\/\/www.vetorino.com\/boutique\/","name":"V\u00e9torino","description":"","publisher":{"@id":"https:\/\/www.vetorino.com\/boutique\/#organization"},"potentialAction":[{"@type":"SearchAction","target":{"@type":"EntryPoint","urlTemplate":"https:\/\/www.vetorino.com\/boutique\/?s={search_term_string}"},"query-input":{"@type":"PropertyValueSpecification","valueRequired":true,"valueName":"search_term_string"}}],"inLanguage":"fr-FR"},{"@type":"Organization","@id":"https:\/\/www.vetorino.com\/boutique\/#organization","name":"V\u00e9torino","url":"https:\/\/www.vetorino.com\/boutique\/","logo":{"@type":"ImageObject","inLanguage":"fr-FR","@id":"https:\/\/www.vetorino.com\/boutique\/#\/schema\/logo\/image\/","url":"https:\/\/www.vetorino.com\/boutique\/wp-content\/uploads\/2024\/10\/logo.jpg","contentUrl":"https:\/\/www.vetorino.com\/boutique\/wp-content\/uploads\/2024\/10\/logo.jpg","width":1200,"height":610,"caption":"V\u00e9torino"},"image":{"@id":"https:\/\/www.vetorino.com\/boutique\/#\/schema\/logo\/image\/"},"sameAs":["https:\/\/www.facebook.com\/Vetorino\/","https:\/\/www.instagram.com\/vetorino_off\/","https:\/\/www.linkedin.com\/company\/vtorino\/"]}]},"product_brand":"Audevard","product_price_amount":"173.03","product_price_currency":"EUR","og_availability":"out of stock","product_availability":"out of stock","product_retailer_item_id":"A-9501100","product_condition":"new"},"_links":{"self":[{"href":"https:\/\/www.vetorino.com\/veterinaire\/prunelli-di-fiumorbo-20243\/boutique\/wp-json\/wp\/v2\/product\/176873","targetHints":{"allow":["GET"]}}],"collection":[{"href":"https:\/\/www.vetorino.com\/veterinaire\/prunelli-di-fiumorbo-20243\/boutique\/wp-json\/wp\/v2\/product"}],"about":[{"href":"https:\/\/www.vetorino.com\/veterinaire\/prunelli-di-fiumorbo-20243\/boutique\/wp-json\/wp\/v2\/types\/product"}],"wp:featuredmedia":[{"embeddable":true,"href":"https:\/\/www.vetorino.com\/veterinaire\/prunelli-di-fiumorbo-20243\/boutique\/wp-json\/wp\/v2\/media\/178118"}],"wp:attachment":[{"href":"https:\/\/www.vetorino.com\/veterinaire\/prunelli-di-fiumorbo-20243\/boutique\/wp-json\/wp\/v2\/media?parent=176873"}],"wp:term":[{"taxonomy":"product_cat","embeddable":true,"href":"https:\/\/www.vetorino.com\/veterinaire\/prunelli-di-fiumorbo-20243\/boutique\/wp-json\/wp\/v2\/product_cat?post=176873"},{"taxonomy":"product_tag","embeddable":true,"href":"https:\/\/www.vetorino.com\/veterinaire\/prunelli-di-fiumorbo-20243\/boutique\/wp-json\/wp\/v2\/product_tag?post=176873"}],"curies":[{"name":"wp","href":"https:\/\/api.w.org\/{rel}","templated":true}]}}