{"id":176918,"date":"2021-05-04T18:34:56","date_gmt":"2021-05-04T16:34:56","guid":{"rendered":"https:\/\/www.vetorino.com\/boutique\/product\/recovery-petit-herbivore\/"},"modified":"2024-06-18T17:32:50","modified_gmt":"2024-06-18T15:32:50","slug":"recovery-petit-herbivore","status":"publish","type":"product","link":"https:\/\/www.vetorino.com\/veterinaire\/prunelli-di-fiumorbo-20243\/boutique\/product\/recovery-petit-herbivore\/","title":{"rendered":"Selective Recovery Liquide"},"content":{"rendered":"<p><strong>Recovery est un r\u00e9gime nutritionnel complet et r\u00e9hydratable, destin\u00e9 aux petits herbivores malades ou en convalescence.<br \/>\n<\/strong><\/p>\n<p>Il convient \u00e0 une alimentation liquide \u00e0 long terme et est id\u00e9al pour l\u2019alimentation par seringue ou l\u2019auto-alimentation dans un bol.<\/p>\n<p><strong>Utilisation :\u00a0<\/strong><\/p>\n<ul>\n<li>Petits herbivores malades ou convalescents.<\/li>\n<\/ul>\n<p><strong>Bienfaits essentiels :<\/strong><\/p>\n<ul>\n<li>R\u00e9hydratable, permet de reconstituer un aliment complet liquide pour les petits animaux malades ou convalescents.<\/li>\n<li>Convient pour un nourrissage \u00e0 la seringue &#8211; une seringue est offerte dans chaque boite.<\/li>\n<li>Sans sucres ajout\u00e9s ni colorants artificiels.<\/li>\n<li>Riche en fibres.<\/li>\n<li>Une fois pr\u00e9par\u00e9, peut se conserver 12 heures au r\u00e9frig\u00e9rateur.<\/li>\n<\/ul>\n","protected":false},"excerpt":{"rendered":"<p><strong>Recovery est un r\u00e9gime nutritionnel complet et r\u00e9hydratable, destin\u00e9 aux petits herbivores malades ou en convalescence.<br \/>\n<\/strong><strong>Utilisation :\u00a0<\/strong><\/p>\n<ul>\n<li>Petits herbivores malades ou convalescents.<\/li>\n<\/ul>\n","protected":false},"featured_media":950905,"template":"","meta":[],"product_cat":[12577,12578,12580,12658,12659,12661,2812,2813,12662,2744,12563,2727,12570],"product_tag":[],"class_list":{"0":"post-176918","1":"product","2":"type-product","3":"status-publish","4":"has-post-thumbnail","6":"product_cat-alimentation-du-furet","7":"product_cat-alimentation-du-lapin","8":"product_cat-alimentation-du-rongeur","9":"product_cat-alimentation-medicalisee-pour-furet","10":"product_cat-alimentation-medicalisee-pour-lapin","11":"product_cat-alimentation-medicalisee-pour-rongeur","12":"product_cat-alimentation-pour-lapin-rongeur","13":"product_cat-aliments-complementaires-pour-lapin-rongeur","14":"product_cat-complement-alimentaire-pour-furet","15":"product_cat-furet","16":"product_cat-lapin","17":"product_cat-nac","18":"product_cat-rongeur","19":"pa_marque-supreme-petfoods","21":"first","22":"instock","23":"taxable","24":"shipping-taxable","25":"purchasable","26":"product-type-variable"},"yoast_head":"<!-- This site is optimized with the Yoast SEO plugin v27.3 - https:\/\/yoast.com\/product\/yoast-seo-wordpress\/ -->\n<title>Selective Recovery Liquide Supreme Petfoods - V\u00e9torino<\/title>\n<meta name=\"description\" content=\"Recovery est un r\u00e9gime nutritionnel complet et r\u00e9hydratable, destin\u00e9 aux petits herbivores malades ou en convalescence. Utilisation :\u00a0   Petits herbivores malades ou convalescents.\" \/>\n<meta name=\"robots\" content=\"noindex, nofollow\" \/>\n<meta property=\"og:locale\" content=\"fr_FR\" \/>\n<meta property=\"og:type\" content=\"article\" \/>\n<meta property=\"og:title\" content=\"Selective Recovery Liquide Supreme Petfoods - V\u00e9torino\" \/>\n<meta property=\"og:description\" content=\"Recovery est un r\u00e9gime nutritionnel complet et r\u00e9hydratable, destin\u00e9 aux petits herbivores malades ou en convalescence. Utilisation :\u00a0   Petits herbivores malades ou convalescents.\" \/>\n<meta property=\"og:url\" content=\"https:\/\/www.vetorino.com\/veterinaire\/prunelli-di-fiumorbo-20243\/boutique\/product\/recovery-petit-herbivore\/\" \/>\n<meta property=\"og:site_name\" content=\"V\u00e9torino\" \/>\n<meta property=\"article:publisher\" content=\"https:\/\/www.facebook.com\/Vetorino\/\" \/>\n<meta property=\"article:modified_time\" content=\"2024-06-18T15:32:50+00:00\" \/>\n<meta property=\"og:image\" content=\"https:\/\/www.vetorino.com\/boutique\/wp-content\/uploads\/2021\/05\/selective-recovery-liquide.webp\" \/>\n\t<meta property=\"og:image:width\" content=\"540\" \/>\n\t<meta property=\"og:image:height\" content=\"540\" \/>\n\t<meta property=\"og:image:type\" content=\"image\/webp\" \/>\n<meta name=\"twitter:card\" content=\"summary_large_image\" \/>\n<meta name=\"twitter:label1\" content=\"Disponibilit\u00e9\" \/>\n\t<meta name=\"twitter:data1\" content=\"En stock\" \/>\n<script type=\"application\/ld+json\" class=\"yoast-schema-graph\">{\"@context\":\"https:\\\/\\\/schema.org\",\"@graph\":[{\"@type\":\"WebPage\",\"@id\":\"https:\\\/\\\/www.vetorino.com\\\/boutique\\\/product\\\/recovery-petit-herbivore\\\/\",\"url\":\"https:\\\/\\\/www.vetorino.com\\\/boutique\\\/product\\\/recovery-petit-herbivore\\\/\",\"name\":\"Selective Recovery Liquide Supreme Petfoods - V\u00e9torino\",\"isPartOf\":{\"@id\":\"https:\\\/\\\/www.vetorino.com\\\/boutique\\\/#website\"},\"primaryImageOfPage\":{\"@id\":\"https:\\\/\\\/www.vetorino.com\\\/boutique\\\/product\\\/recovery-petit-herbivore\\\/#primaryimage\"},\"image\":{\"@id\":\"https:\\\/\\\/www.vetorino.com\\\/boutique\\\/product\\\/recovery-petit-herbivore\\\/#primaryimage\"},\"thumbnailUrl\":\"https:\\\/\\\/www.vetorino.com\\\/boutique\\\/wp-content\\\/uploads\\\/2021\\\/05\\\/selective-recovery-liquide.webp\",\"datePublished\":\"2021-05-04T16:34:56+00:00\",\"dateModified\":\"2024-06-18T15:32:50+00:00\",\"description\":\"Recovery est un r\u00e9gime nutritionnel complet et r\u00e9hydratable, destin\u00e9 aux petits herbivores malades ou en convalescence. Utilisation :\u00a0 Petits herbivores malades ou convalescents.\",\"breadcrumb\":{\"@id\":\"https:\\\/\\\/www.vetorino.com\\\/boutique\\\/product\\\/recovery-petit-herbivore\\\/#breadcrumb\"},\"inLanguage\":\"fr-FR\",\"potentialAction\":[{\"@type\":\"ReadAction\",\"target\":[\"https:\\\/\\\/www.vetorino.com\\\/boutique\\\/product\\\/recovery-petit-herbivore\\\/\"]}]},{\"@type\":\"ImageObject\",\"inLanguage\":\"fr-FR\",\"@id\":\"https:\\\/\\\/www.vetorino.com\\\/boutique\\\/product\\\/recovery-petit-herbivore\\\/#primaryimage\",\"url\":\"https:\\\/\\\/www.vetorino.com\\\/boutique\\\/wp-content\\\/uploads\\\/2021\\\/05\\\/selective-recovery-liquide.webp\",\"contentUrl\":\"https:\\\/\\\/www.vetorino.com\\\/boutique\\\/wp-content\\\/uploads\\\/2021\\\/05\\\/selective-recovery-liquide.webp\",\"width\":540,\"height\":540},{\"@type\":\"BreadcrumbList\",\"@id\":\"https:\\\/\\\/www.vetorino.com\\\/boutique\\\/product\\\/recovery-petit-herbivore\\\/#breadcrumb\",\"itemListElement\":[{\"@type\":\"ListItem\",\"position\":1,\"name\":\"Accueil\",\"item\":\"https:\\\/\\\/www.vetorino.com\\\/boutique\\\/\"},{\"@type\":\"ListItem\",\"position\":2,\"name\":\"Produits\",\"item\":\"https:\\\/\\\/www.vetorino.com\\\/boutique\\\/\"},{\"@type\":\"ListItem\",\"position\":3,\"name\":\"Selective Recovery Liquide\"}]},{\"@type\":\"WebSite\",\"@id\":\"https:\\\/\\\/www.vetorino.com\\\/boutique\\\/#website\",\"url\":\"https:\\\/\\\/www.vetorino.com\\\/boutique\\\/\",\"name\":\"V\u00e9torino\",\"description\":\"\",\"publisher\":{\"@id\":\"https:\\\/\\\/www.vetorino.com\\\/boutique\\\/#organization\"},\"potentialAction\":[{\"@type\":\"SearchAction\",\"target\":{\"@type\":\"EntryPoint\",\"urlTemplate\":\"https:\\\/\\\/www.vetorino.com\\\/boutique\\\/?s={search_term_string}\"},\"query-input\":{\"@type\":\"PropertyValueSpecification\",\"valueRequired\":true,\"valueName\":\"search_term_string\"}}],\"inLanguage\":\"fr-FR\"},{\"@type\":\"Organization\",\"@id\":\"https:\\\/\\\/www.vetorino.com\\\/boutique\\\/#organization\",\"name\":\"V\u00e9torino\",\"url\":\"https:\\\/\\\/www.vetorino.com\\\/boutique\\\/\",\"logo\":{\"@type\":\"ImageObject\",\"inLanguage\":\"fr-FR\",\"@id\":\"https:\\\/\\\/www.vetorino.com\\\/boutique\\\/#\\\/schema\\\/logo\\\/image\\\/\",\"url\":\"https:\\\/\\\/www.vetorino.com\\\/boutique\\\/wp-content\\\/uploads\\\/2024\\\/10\\\/logo.jpg\",\"contentUrl\":\"https:\\\/\\\/www.vetorino.com\\\/boutique\\\/wp-content\\\/uploads\\\/2024\\\/10\\\/logo.jpg\",\"width\":1200,\"height\":610,\"caption\":\"V\u00e9torino\"},\"image\":{\"@id\":\"https:\\\/\\\/www.vetorino.com\\\/boutique\\\/#\\\/schema\\\/logo\\\/image\\\/\"},\"sameAs\":[\"https:\\\/\\\/www.facebook.com\\\/Vetorino\\\/\",\"https:\\\/\\\/www.instagram.com\\\/vetorino_off\\\/\",\"https:\\\/\\\/www.linkedin.com\\\/company\\\/vtorino\\\/\"]}]}<\/script>\n<meta property=\"product:brand\" content=\"Supreme Petfoods\" \/>\n<meta property=\"og:availability\" content=\"instock\" \/>\n<meta property=\"product:availability\" content=\"instock\" \/>\n<meta property=\"product:condition\" content=\"new\" \/>\n<!-- \/ Yoast SEO plugin. -->","yoast_head_json":{"title":"Selective Recovery Liquide Supreme Petfoods - V\u00e9torino","description":"Recovery est un r\u00e9gime nutritionnel complet et r\u00e9hydratable, destin\u00e9 aux petits herbivores malades ou en convalescence. Utilisation :\u00a0   Petits herbivores malades ou convalescents.","robots":{"index":"noindex","follow":"nofollow"},"og_locale":"fr_FR","og_type":"article","og_title":"Selective Recovery Liquide Supreme Petfoods - V\u00e9torino","og_description":"Recovery est un r\u00e9gime nutritionnel complet et r\u00e9hydratable, destin\u00e9 aux petits herbivores malades ou en convalescence. Utilisation :\u00a0   Petits herbivores malades ou convalescents.","og_url":"https:\/\/www.vetorino.com\/veterinaire\/prunelli-di-fiumorbo-20243\/boutique\/product\/recovery-petit-herbivore\/","og_site_name":"V\u00e9torino","article_publisher":"https:\/\/www.facebook.com\/Vetorino\/","article_modified_time":"2024-06-18T15:32:50+00:00","og_image":[{"width":540,"height":540,"url":"https:\/\/www.vetorino.com\/boutique\/wp-content\/uploads\/2021\/05\/selective-recovery-liquide.webp","type":"image\/webp"}],"twitter_card":"summary_large_image","twitter_misc":{"Disponibilit\u00e9":"En stock"},"schema":{"@context":"https:\/\/schema.org","@graph":[{"@type":"WebPage","@id":"https:\/\/www.vetorino.com\/boutique\/product\/recovery-petit-herbivore\/","url":"https:\/\/www.vetorino.com\/boutique\/product\/recovery-petit-herbivore\/","name":"Selective Recovery Liquide Supreme Petfoods - V\u00e9torino","isPartOf":{"@id":"https:\/\/www.vetorino.com\/boutique\/#website"},"primaryImageOfPage":{"@id":"https:\/\/www.vetorino.com\/boutique\/product\/recovery-petit-herbivore\/#primaryimage"},"image":{"@id":"https:\/\/www.vetorino.com\/boutique\/product\/recovery-petit-herbivore\/#primaryimage"},"thumbnailUrl":"https:\/\/www.vetorino.com\/boutique\/wp-content\/uploads\/2021\/05\/selective-recovery-liquide.webp","datePublished":"2021-05-04T16:34:56+00:00","dateModified":"2024-06-18T15:32:50+00:00","description":"Recovery est un r\u00e9gime nutritionnel complet et r\u00e9hydratable, destin\u00e9 aux petits herbivores malades ou en convalescence. Utilisation :\u00a0 Petits herbivores malades ou convalescents.","breadcrumb":{"@id":"https:\/\/www.vetorino.com\/boutique\/product\/recovery-petit-herbivore\/#breadcrumb"},"inLanguage":"fr-FR","potentialAction":[{"@type":"ReadAction","target":["https:\/\/www.vetorino.com\/boutique\/product\/recovery-petit-herbivore\/"]}]},{"@type":"ImageObject","inLanguage":"fr-FR","@id":"https:\/\/www.vetorino.com\/boutique\/product\/recovery-petit-herbivore\/#primaryimage","url":"https:\/\/www.vetorino.com\/boutique\/wp-content\/uploads\/2021\/05\/selective-recovery-liquide.webp","contentUrl":"https:\/\/www.vetorino.com\/boutique\/wp-content\/uploads\/2021\/05\/selective-recovery-liquide.webp","width":540,"height":540},{"@type":"BreadcrumbList","@id":"https:\/\/www.vetorino.com\/boutique\/product\/recovery-petit-herbivore\/#breadcrumb","itemListElement":[{"@type":"ListItem","position":1,"name":"Accueil","item":"https:\/\/www.vetorino.com\/boutique\/"},{"@type":"ListItem","position":2,"name":"Produits","item":"https:\/\/www.vetorino.com\/boutique\/"},{"@type":"ListItem","position":3,"name":"Selective Recovery Liquide"}]},{"@type":"WebSite","@id":"https:\/\/www.vetorino.com\/boutique\/#website","url":"https:\/\/www.vetorino.com\/boutique\/","name":"V\u00e9torino","description":"","publisher":{"@id":"https:\/\/www.vetorino.com\/boutique\/#organization"},"potentialAction":[{"@type":"SearchAction","target":{"@type":"EntryPoint","urlTemplate":"https:\/\/www.vetorino.com\/boutique\/?s={search_term_string}"},"query-input":{"@type":"PropertyValueSpecification","valueRequired":true,"valueName":"search_term_string"}}],"inLanguage":"fr-FR"},{"@type":"Organization","@id":"https:\/\/www.vetorino.com\/boutique\/#organization","name":"V\u00e9torino","url":"https:\/\/www.vetorino.com\/boutique\/","logo":{"@type":"ImageObject","inLanguage":"fr-FR","@id":"https:\/\/www.vetorino.com\/boutique\/#\/schema\/logo\/image\/","url":"https:\/\/www.vetorino.com\/boutique\/wp-content\/uploads\/2024\/10\/logo.jpg","contentUrl":"https:\/\/www.vetorino.com\/boutique\/wp-content\/uploads\/2024\/10\/logo.jpg","width":1200,"height":610,"caption":"V\u00e9torino"},"image":{"@id":"https:\/\/www.vetorino.com\/boutique\/#\/schema\/logo\/image\/"},"sameAs":["https:\/\/www.facebook.com\/Vetorino\/","https:\/\/www.instagram.com\/vetorino_off\/","https:\/\/www.linkedin.com\/company\/vtorino\/"]}]},"product_brand":"Supreme Petfoods","og_availability":"instock","product_availability":"instock","product_condition":"new"},"_links":{"self":[{"href":"https:\/\/www.vetorino.com\/veterinaire\/prunelli-di-fiumorbo-20243\/boutique\/wp-json\/wp\/v2\/product\/176918","targetHints":{"allow":["GET"]}}],"collection":[{"href":"https:\/\/www.vetorino.com\/veterinaire\/prunelli-di-fiumorbo-20243\/boutique\/wp-json\/wp\/v2\/product"}],"about":[{"href":"https:\/\/www.vetorino.com\/veterinaire\/prunelli-di-fiumorbo-20243\/boutique\/wp-json\/wp\/v2\/types\/product"}],"wp:featuredmedia":[{"embeddable":true,"href":"https:\/\/www.vetorino.com\/veterinaire\/prunelli-di-fiumorbo-20243\/boutique\/wp-json\/wp\/v2\/media\/950905"}],"wp:attachment":[{"href":"https:\/\/www.vetorino.com\/veterinaire\/prunelli-di-fiumorbo-20243\/boutique\/wp-json\/wp\/v2\/media?parent=176918"}],"wp:term":[{"taxonomy":"product_cat","embeddable":true,"href":"https:\/\/www.vetorino.com\/veterinaire\/prunelli-di-fiumorbo-20243\/boutique\/wp-json\/wp\/v2\/product_cat?post=176918"},{"taxonomy":"product_tag","embeddable":true,"href":"https:\/\/www.vetorino.com\/veterinaire\/prunelli-di-fiumorbo-20243\/boutique\/wp-json\/wp\/v2\/product_tag?post=176918"}],"curies":[{"name":"wp","href":"https:\/\/api.w.org\/{rel}","templated":true}]}}