{"id":176935,"date":"2021-05-04T18:35:12","date_gmt":"2021-05-04T16:35:12","guid":{"rendered":"https:\/\/www.vetorino.com\/boutique\/product\/immuno-rs-granules\/"},"modified":"2025-02-18T15:46:28","modified_gmt":"2025-02-18T14:46:28","slug":"immuno-rs-granules","status":"publish","type":"product","link":"https:\/\/www.vetorino.com\/veterinaire\/prunelli-di-fiumorbo-20243\/boutique\/product\/immuno-rs-granules\/","title":{"rendered":"Immuno RS"},"content":{"rendered":"<p><strong>IMMUNO RS est con\u00e7u pour apporter un soutien\u00a0du syst\u00e8me immunitaire adapt\u00e9 aux poulains et aux chevaux dont la vie quotidienne est irr\u00e9guli\u00e8re ou perturb\u00e9e (entra\u00eenement, comp\u00e9titions, d\u00e9placements), ainsi que pour les chevaux fragiles.<\/strong><\/p>\n<p><strong><br \/>\nUtilisation :<br \/>\n<\/strong><\/p>\n<ul>\n<li>Cheval soumis \u00e0 un stress : entra\u00eenements, comp\u00e9titions, d\u00e9placements\u2026<\/li>\n<li>Cheval convalescent, affaibli.<\/li>\n<li>Particuli\u00e8rement recommand\u00e9 avant les p\u00e9riodes \u00e0 risque (hiver, entra\u00eenement intensif, changement de lieu de vie\u2026.).<\/li>\n<\/ul>\n<p><strong><br \/>\nMode d&#8217;emploi :<\/strong><\/p>\n<ul>\n<li>Apports journaliers<strong>\u00a0:<\/strong>\u00a0 1 mesure de 50 g matin et soir pendant une p\u00e9riode de 3 semaines \u00e0 3 mois en fonction des besoins.<\/li>\n<li>Peut aussi s&#8217;utiliser en permanence si n\u00e9cessaire.<\/li>\n<\/ul>\n<p><strong><br \/>\nAvantages :<\/strong><\/p>\n<ul>\n<li>Particuli\u00e8rement appr\u00e9ci\u00e9 par les professionnels qui avaient l&#8217;habitude de faire une cure de vitamine C au d\u00e9but de l&#8217;hiver. Avec sa formule innovante, IMMUNO RS\u00a0<strong>aide les chevaux \u00e0 \u00eatre plus r\u00e9sistants pendant les p\u00e9riodes \u00e0 risques.<\/strong><\/li>\n<li>Aide \u00e0\u00a0<strong>anticiper<\/strong>\u00a0les p\u00e9riodes \u00e0 risques pour les jeunes poulains, les chevaux sur-entrain\u00e9s, les chevaux changeant d\u2019environnement.<\/li>\n<li><strong>Soutien<\/strong>\u00a0du syst\u00e8me immunitaire du cheval.<\/li>\n<li>Stimulation des 2 m\u00e9canismes de l\u2019immunit\u00e9 :<strong>\u00a0inn\u00e9e et acquise.<\/strong><\/li>\n<li>Pr\u00e9servation de\u00a0<strong>l\u2019int\u00e9grit\u00e9 des barri\u00e8res de d\u00e9fense<\/strong>\u00a0comme la muqueuse intestinale.<\/li>\n<\/ul>\n","protected":false},"excerpt":{"rendered":"<p><strong>IMMUNO RS est con\u00e7u pour apporter un soutien\u00a0du syst\u00e8me immunitaire adapt\u00e9 aux poulains et aux chevaux dont la vie quotidienne est irr\u00e9guli\u00e8re ou perturb\u00e9e (entra\u00eenement, comp\u00e9titions, d\u00e9placements), ainsi que pour les chevaux fragiles.<\/strong><\/p>\n<p><strong>Utilisation :<br \/>\n<\/strong><\/p>\n<ul>\n<li>Cheval soumis \u00e0 un stress : entra\u00eenements, comp\u00e9titions, d\u00e9placements\u2026<\/li>\n<li>Cheval convalescent, affaibli.<\/li>\n<li>Particuli\u00e8rement recommand\u00e9 avant les p\u00e9riodes \u00e0 risque (hiver, entra\u00eenement intensif, changement de lieu de vie\u2026.).<\/li>\n<\/ul>\n","protected":false},"featured_media":208125,"template":"","meta":[],"product_cat":[12757,12547,14072,12571],"product_tag":[],"class_list":{"0":"post-176935","1":"product","2":"type-product","3":"status-publish","4":"has-post-thumbnail","6":"product_cat-alimentation-du-cheval","7":"product_cat-cheval","8":"product_cat-dietetique-et-complements-alimentaires-du-cheval","9":"product_cat-tonus-vitalite-du-cheval","10":"pa_marque-audevard","12":"first","13":"outofstock","14":"taxable","15":"shipping-taxable","16":"product-type-variable"},"yoast_head":"<!-- This site is optimized with the Yoast SEO plugin v27.3 - https:\/\/yoast.com\/product\/yoast-seo-wordpress\/ -->\n<title>Immuno RS Audevard - V\u00e9torino<\/title>\n<meta name=\"description\" content=\"IMMUNO RS est con\u00e7u pour apporter un soutien\u00a0du syst\u00e8me immunitaire adapt\u00e9 aux poulains et aux chevaux dont la vie quotidienne est irr\u00e9guli\u00e8re ou perturb\u00e9e (entra\u00eenement, comp\u00e9titions, d\u00e9placements), ainsi que pour les chevaux fragiles.  Utilisation :    Cheval soumis \u00e0 un stress : entra\u00eenements, comp\u00e9titions, d\u00e9placements\u2026  Cheval convalescent, affaibli.  Particuli\u00e8rement recommand\u00e9 avant les p\u00e9riodes \u00e0 risque (hiver, entra\u00eenement intensif, changement de lieu de vie\u2026.).\" \/>\n<meta name=\"robots\" content=\"noindex, nofollow\" \/>\n<meta property=\"og:locale\" content=\"fr_FR\" \/>\n<meta property=\"og:type\" content=\"article\" \/>\n<meta property=\"og:title\" content=\"Immuno RS Audevard - V\u00e9torino\" \/>\n<meta property=\"og:description\" content=\"IMMUNO RS est con\u00e7u pour apporter un soutien\u00a0du syst\u00e8me immunitaire adapt\u00e9 aux poulains et aux chevaux dont la vie quotidienne est irr\u00e9guli\u00e8re ou perturb\u00e9e (entra\u00eenement, comp\u00e9titions, d\u00e9placements), ainsi que pour les chevaux fragiles.  Utilisation :    Cheval soumis \u00e0 un stress : entra\u00eenements, comp\u00e9titions, d\u00e9placements\u2026  Cheval convalescent, affaibli.  Particuli\u00e8rement recommand\u00e9 avant les p\u00e9riodes \u00e0 risque (hiver, entra\u00eenement intensif, changement de lieu de vie\u2026.).\" \/>\n<meta property=\"og:url\" content=\"https:\/\/www.vetorino.com\/veterinaire\/prunelli-di-fiumorbo-20243\/boutique\/product\/immuno-rs-granules\/\" \/>\n<meta property=\"og:site_name\" content=\"V\u00e9torino\" \/>\n<meta property=\"article:publisher\" content=\"https:\/\/www.facebook.com\/Vetorino\/\" \/>\n<meta property=\"article:modified_time\" content=\"2025-02-18T14:46:28+00:00\" \/>\n<meta property=\"og:image\" content=\"https:\/\/www.vetorino.com\/boutique\/wp-content\/uploads\/2021\/05\/immuno-rs.png\" \/>\n\t<meta property=\"og:image:width\" content=\"800\" \/>\n\t<meta property=\"og:image:height\" content=\"800\" \/>\n\t<meta property=\"og:image:type\" content=\"image\/png\" \/>\n<meta name=\"twitter:card\" content=\"summary_large_image\" \/>\n<meta name=\"twitter:label1\" content=\"Disponibilit\u00e9\" \/>\n\t<meta name=\"twitter:data1\" content=\"Rupture de stock\" \/>\n<script type=\"application\/ld+json\" class=\"yoast-schema-graph\">{\"@context\":\"https:\\\/\\\/schema.org\",\"@graph\":[{\"@type\":\"WebPage\",\"@id\":\"https:\\\/\\\/www.vetorino.com\\\/boutique\\\/product\\\/immuno-rs-granules\\\/\",\"url\":\"https:\\\/\\\/www.vetorino.com\\\/boutique\\\/product\\\/immuno-rs-granules\\\/\",\"name\":\"Immuno RS Audevard - V\u00e9torino\",\"isPartOf\":{\"@id\":\"https:\\\/\\\/www.vetorino.com\\\/boutique\\\/#website\"},\"primaryImageOfPage\":{\"@id\":\"https:\\\/\\\/www.vetorino.com\\\/boutique\\\/product\\\/immuno-rs-granules\\\/#primaryimage\"},\"image\":{\"@id\":\"https:\\\/\\\/www.vetorino.com\\\/boutique\\\/product\\\/immuno-rs-granules\\\/#primaryimage\"},\"thumbnailUrl\":\"https:\\\/\\\/www.vetorino.com\\\/boutique\\\/wp-content\\\/uploads\\\/2021\\\/05\\\/immuno-rs.png\",\"datePublished\":\"2021-05-04T16:35:12+00:00\",\"dateModified\":\"2025-02-18T14:46:28+00:00\",\"description\":\"IMMUNO RS est con\u00e7u pour apporter un soutien\u00a0du syst\u00e8me immunitaire adapt\u00e9 aux poulains et aux chevaux dont la vie quotidienne est irr\u00e9guli\u00e8re ou perturb\u00e9e (entra\u00eenement, comp\u00e9titions, d\u00e9placements), ainsi que pour les chevaux fragiles. Utilisation : Cheval soumis \u00e0 un stress : entra\u00eenements, comp\u00e9titions, d\u00e9placements\u2026 Cheval convalescent, affaibli. Particuli\u00e8rement recommand\u00e9 avant les p\u00e9riodes \u00e0 risque (hiver, entra\u00eenement intensif, changement de lieu de vie\u2026.).\",\"breadcrumb\":{\"@id\":\"https:\\\/\\\/www.vetorino.com\\\/boutique\\\/product\\\/immuno-rs-granules\\\/#breadcrumb\"},\"inLanguage\":\"fr-FR\",\"potentialAction\":[{\"@type\":\"ReadAction\",\"target\":[\"https:\\\/\\\/www.vetorino.com\\\/boutique\\\/product\\\/immuno-rs-granules\\\/\"]}]},{\"@type\":\"ImageObject\",\"inLanguage\":\"fr-FR\",\"@id\":\"https:\\\/\\\/www.vetorino.com\\\/boutique\\\/product\\\/immuno-rs-granules\\\/#primaryimage\",\"url\":\"https:\\\/\\\/www.vetorino.com\\\/boutique\\\/wp-content\\\/uploads\\\/2021\\\/05\\\/immuno-rs.png\",\"contentUrl\":\"https:\\\/\\\/www.vetorino.com\\\/boutique\\\/wp-content\\\/uploads\\\/2021\\\/05\\\/immuno-rs.png\",\"width\":800,\"height\":800},{\"@type\":\"BreadcrumbList\",\"@id\":\"https:\\\/\\\/www.vetorino.com\\\/boutique\\\/product\\\/immuno-rs-granules\\\/#breadcrumb\",\"itemListElement\":[{\"@type\":\"ListItem\",\"position\":1,\"name\":\"Accueil\",\"item\":\"https:\\\/\\\/www.vetorino.com\\\/boutique\\\/\"},{\"@type\":\"ListItem\",\"position\":2,\"name\":\"Produits\",\"item\":\"https:\\\/\\\/www.vetorino.com\\\/boutique\\\/\"},{\"@type\":\"ListItem\",\"position\":3,\"name\":\"Immuno RS\"}]},{\"@type\":\"WebSite\",\"@id\":\"https:\\\/\\\/www.vetorino.com\\\/boutique\\\/#website\",\"url\":\"https:\\\/\\\/www.vetorino.com\\\/boutique\\\/\",\"name\":\"V\u00e9torino\",\"description\":\"\",\"publisher\":{\"@id\":\"https:\\\/\\\/www.vetorino.com\\\/boutique\\\/#organization\"},\"potentialAction\":[{\"@type\":\"SearchAction\",\"target\":{\"@type\":\"EntryPoint\",\"urlTemplate\":\"https:\\\/\\\/www.vetorino.com\\\/boutique\\\/?s={search_term_string}\"},\"query-input\":{\"@type\":\"PropertyValueSpecification\",\"valueRequired\":true,\"valueName\":\"search_term_string\"}}],\"inLanguage\":\"fr-FR\"},{\"@type\":\"Organization\",\"@id\":\"https:\\\/\\\/www.vetorino.com\\\/boutique\\\/#organization\",\"name\":\"V\u00e9torino\",\"url\":\"https:\\\/\\\/www.vetorino.com\\\/boutique\\\/\",\"logo\":{\"@type\":\"ImageObject\",\"inLanguage\":\"fr-FR\",\"@id\":\"https:\\\/\\\/www.vetorino.com\\\/boutique\\\/#\\\/schema\\\/logo\\\/image\\\/\",\"url\":\"https:\\\/\\\/www.vetorino.com\\\/boutique\\\/wp-content\\\/uploads\\\/2024\\\/10\\\/logo.jpg\",\"contentUrl\":\"https:\\\/\\\/www.vetorino.com\\\/boutique\\\/wp-content\\\/uploads\\\/2024\\\/10\\\/logo.jpg\",\"width\":1200,\"height\":610,\"caption\":\"V\u00e9torino\"},\"image\":{\"@id\":\"https:\\\/\\\/www.vetorino.com\\\/boutique\\\/#\\\/schema\\\/logo\\\/image\\\/\"},\"sameAs\":[\"https:\\\/\\\/www.facebook.com\\\/Vetorino\\\/\",\"https:\\\/\\\/www.instagram.com\\\/vetorino_off\\\/\",\"https:\\\/\\\/www.linkedin.com\\\/company\\\/vtorino\\\/\"]}]}<\/script>\n<meta property=\"product:brand\" content=\"Audevard\" \/>\n<meta property=\"og:availability\" content=\"out of stock\" \/>\n<meta property=\"product:availability\" content=\"out of stock\" \/>\n<meta property=\"product:condition\" content=\"new\" \/>\n<!-- \/ Yoast SEO plugin. -->","yoast_head_json":{"title":"Immuno RS Audevard - V\u00e9torino","description":"IMMUNO RS est con\u00e7u pour apporter un soutien\u00a0du syst\u00e8me immunitaire adapt\u00e9 aux poulains et aux chevaux dont la vie quotidienne est irr\u00e9guli\u00e8re ou perturb\u00e9e (entra\u00eenement, comp\u00e9titions, d\u00e9placements), ainsi que pour les chevaux fragiles.  Utilisation :    Cheval soumis \u00e0 un stress : entra\u00eenements, comp\u00e9titions, d\u00e9placements\u2026  Cheval convalescent, affaibli.  Particuli\u00e8rement recommand\u00e9 avant les p\u00e9riodes \u00e0 risque (hiver, entra\u00eenement intensif, changement de lieu de vie\u2026.).","robots":{"index":"noindex","follow":"nofollow"},"og_locale":"fr_FR","og_type":"article","og_title":"Immuno RS Audevard - V\u00e9torino","og_description":"IMMUNO RS est con\u00e7u pour apporter un soutien\u00a0du syst\u00e8me immunitaire adapt\u00e9 aux poulains et aux chevaux dont la vie quotidienne est irr\u00e9guli\u00e8re ou perturb\u00e9e (entra\u00eenement, comp\u00e9titions, d\u00e9placements), ainsi que pour les chevaux fragiles.  Utilisation :    Cheval soumis \u00e0 un stress : entra\u00eenements, comp\u00e9titions, d\u00e9placements\u2026  Cheval convalescent, affaibli.  Particuli\u00e8rement recommand\u00e9 avant les p\u00e9riodes \u00e0 risque (hiver, entra\u00eenement intensif, changement de lieu de vie\u2026.).","og_url":"https:\/\/www.vetorino.com\/veterinaire\/prunelli-di-fiumorbo-20243\/boutique\/product\/immuno-rs-granules\/","og_site_name":"V\u00e9torino","article_publisher":"https:\/\/www.facebook.com\/Vetorino\/","article_modified_time":"2025-02-18T14:46:28+00:00","og_image":[{"width":800,"height":800,"url":"https:\/\/www.vetorino.com\/boutique\/wp-content\/uploads\/2021\/05\/immuno-rs.png","type":"image\/png"}],"twitter_card":"summary_large_image","twitter_misc":{"Disponibilit\u00e9":"Rupture de stock"},"schema":{"@context":"https:\/\/schema.org","@graph":[{"@type":"WebPage","@id":"https:\/\/www.vetorino.com\/boutique\/product\/immuno-rs-granules\/","url":"https:\/\/www.vetorino.com\/boutique\/product\/immuno-rs-granules\/","name":"Immuno RS Audevard - V\u00e9torino","isPartOf":{"@id":"https:\/\/www.vetorino.com\/boutique\/#website"},"primaryImageOfPage":{"@id":"https:\/\/www.vetorino.com\/boutique\/product\/immuno-rs-granules\/#primaryimage"},"image":{"@id":"https:\/\/www.vetorino.com\/boutique\/product\/immuno-rs-granules\/#primaryimage"},"thumbnailUrl":"https:\/\/www.vetorino.com\/boutique\/wp-content\/uploads\/2021\/05\/immuno-rs.png","datePublished":"2021-05-04T16:35:12+00:00","dateModified":"2025-02-18T14:46:28+00:00","description":"IMMUNO RS est con\u00e7u pour apporter un soutien\u00a0du syst\u00e8me immunitaire adapt\u00e9 aux poulains et aux chevaux dont la vie quotidienne est irr\u00e9guli\u00e8re ou perturb\u00e9e (entra\u00eenement, comp\u00e9titions, d\u00e9placements), ainsi que pour les chevaux fragiles. Utilisation : Cheval soumis \u00e0 un stress : entra\u00eenements, comp\u00e9titions, d\u00e9placements\u2026 Cheval convalescent, affaibli. Particuli\u00e8rement recommand\u00e9 avant les p\u00e9riodes \u00e0 risque (hiver, entra\u00eenement intensif, changement de lieu de vie\u2026.).","breadcrumb":{"@id":"https:\/\/www.vetorino.com\/boutique\/product\/immuno-rs-granules\/#breadcrumb"},"inLanguage":"fr-FR","potentialAction":[{"@type":"ReadAction","target":["https:\/\/www.vetorino.com\/boutique\/product\/immuno-rs-granules\/"]}]},{"@type":"ImageObject","inLanguage":"fr-FR","@id":"https:\/\/www.vetorino.com\/boutique\/product\/immuno-rs-granules\/#primaryimage","url":"https:\/\/www.vetorino.com\/boutique\/wp-content\/uploads\/2021\/05\/immuno-rs.png","contentUrl":"https:\/\/www.vetorino.com\/boutique\/wp-content\/uploads\/2021\/05\/immuno-rs.png","width":800,"height":800},{"@type":"BreadcrumbList","@id":"https:\/\/www.vetorino.com\/boutique\/product\/immuno-rs-granules\/#breadcrumb","itemListElement":[{"@type":"ListItem","position":1,"name":"Accueil","item":"https:\/\/www.vetorino.com\/boutique\/"},{"@type":"ListItem","position":2,"name":"Produits","item":"https:\/\/www.vetorino.com\/boutique\/"},{"@type":"ListItem","position":3,"name":"Immuno RS"}]},{"@type":"WebSite","@id":"https:\/\/www.vetorino.com\/boutique\/#website","url":"https:\/\/www.vetorino.com\/boutique\/","name":"V\u00e9torino","description":"","publisher":{"@id":"https:\/\/www.vetorino.com\/boutique\/#organization"},"potentialAction":[{"@type":"SearchAction","target":{"@type":"EntryPoint","urlTemplate":"https:\/\/www.vetorino.com\/boutique\/?s={search_term_string}"},"query-input":{"@type":"PropertyValueSpecification","valueRequired":true,"valueName":"search_term_string"}}],"inLanguage":"fr-FR"},{"@type":"Organization","@id":"https:\/\/www.vetorino.com\/boutique\/#organization","name":"V\u00e9torino","url":"https:\/\/www.vetorino.com\/boutique\/","logo":{"@type":"ImageObject","inLanguage":"fr-FR","@id":"https:\/\/www.vetorino.com\/boutique\/#\/schema\/logo\/image\/","url":"https:\/\/www.vetorino.com\/boutique\/wp-content\/uploads\/2024\/10\/logo.jpg","contentUrl":"https:\/\/www.vetorino.com\/boutique\/wp-content\/uploads\/2024\/10\/logo.jpg","width":1200,"height":610,"caption":"V\u00e9torino"},"image":{"@id":"https:\/\/www.vetorino.com\/boutique\/#\/schema\/logo\/image\/"},"sameAs":["https:\/\/www.facebook.com\/Vetorino\/","https:\/\/www.instagram.com\/vetorino_off\/","https:\/\/www.linkedin.com\/company\/vtorino\/"]}]},"product_brand":"Audevard","og_availability":"out of stock","product_availability":"out of stock","product_condition":"new"},"_links":{"self":[{"href":"https:\/\/www.vetorino.com\/veterinaire\/prunelli-di-fiumorbo-20243\/boutique\/wp-json\/wp\/v2\/product\/176935","targetHints":{"allow":["GET"]}}],"collection":[{"href":"https:\/\/www.vetorino.com\/veterinaire\/prunelli-di-fiumorbo-20243\/boutique\/wp-json\/wp\/v2\/product"}],"about":[{"href":"https:\/\/www.vetorino.com\/veterinaire\/prunelli-di-fiumorbo-20243\/boutique\/wp-json\/wp\/v2\/types\/product"}],"wp:featuredmedia":[{"embeddable":true,"href":"https:\/\/www.vetorino.com\/veterinaire\/prunelli-di-fiumorbo-20243\/boutique\/wp-json\/wp\/v2\/media\/208125"}],"wp:attachment":[{"href":"https:\/\/www.vetorino.com\/veterinaire\/prunelli-di-fiumorbo-20243\/boutique\/wp-json\/wp\/v2\/media?parent=176935"}],"wp:term":[{"taxonomy":"product_cat","embeddable":true,"href":"https:\/\/www.vetorino.com\/veterinaire\/prunelli-di-fiumorbo-20243\/boutique\/wp-json\/wp\/v2\/product_cat?post=176935"},{"taxonomy":"product_tag","embeddable":true,"href":"https:\/\/www.vetorino.com\/veterinaire\/prunelli-di-fiumorbo-20243\/boutique\/wp-json\/wp\/v2\/product_tag?post=176935"}],"curies":[{"name":"wp","href":"https:\/\/api.w.org\/{rel}","templated":true}]}}