{"id":177015,"date":"2021-05-04T18:37:22","date_gmt":"2021-05-04T16:37:22","guid":{"rendered":"https:\/\/www.vetorino.com\/boutique\/product\/balsamic-control-2\/"},"modified":"2025-02-19T16:34:52","modified_gmt":"2025-02-19T15:34:52","slug":"balsamic-control-2","status":"publish","type":"product","link":"https:\/\/www.vetorino.com\/veterinaire\/prunelli-di-fiumorbo-20243\/boutique\/product\/balsamic-control-2\/","title":{"rendered":"Balsamic Control"},"content":{"rendered":"<p><strong>Pour le confort respiratoire des chevaux qui vivent dans un environnement poussi\u00e9reux (pollens, moisissures&#8230;) et des jeunes chevaux de courses.<\/strong><\/p>\n<p><strong>Utilisation :<\/strong><\/p>\n<ul>\n<li>Jeune cheval de course pendant l&#8217;entrainement<\/li>\n<li>Cheval vivant en environnement poussi\u00e8reux (pr\u00e9sence de poussi\u00e8res, moisissures ou pollens)<\/li>\n<\/ul>\n<p><strong>Mode d&#8217;emploi :<\/strong><\/p>\n<ul>\n<li>Apports journaliers : 1 mesure matin et soir.<\/li>\n<li>Bo\u00eete de 1 kg : permet une dur\u00e9e d&#8217;utilisation jusqu&#8217;\u00e0 33 jours.<\/li>\n<\/ul>\n<p><strong>Avantages :<\/strong><\/p>\n<ul>\n<li>Cette nouvelle formule sp\u00e9cialement formul\u00e9e pour le management respiratoire int\u00e8gre une association originale de 4 ingr\u00e9dients (Nigelle, Citron, eucalyptus et ail)\u00a0<strong>s\u00e9lectionn\u00e9s par nos experts<\/strong>.<\/li>\n<li>Les utilisateurs appr\u00e9cient cette formule \u00e0 base de plantes, d\u00e9pourvue d\u2019ingr\u00e9dients susceptibles de rendre positif le contr\u00f4le anti-dopage et qui\u00a0<strong>permet une utilisation sur le long terme<\/strong>\u00a0et pratique chez les chevaux qui vivent dans un environnement poussi\u00e9reux (pollens, moisissures&#8230;).<\/li>\n<li>Si n\u00e9cessaire BALSAMIC Control peut \u00eatre donn\u00e9 pendant<strong>\u00a0toute la dur\u00e9e<\/strong> o\u00f9 le cheval est expos\u00e9 \u00e0 son environnement poussi\u00e9reux.<\/li>\n<\/ul>\n","protected":false},"excerpt":{"rendered":"<p><strong>Pour le confort respiratoire des chevaux qui vivent dans un environnement poussi\u00e9reux (pollens, moisissures&#8230;) et des jeunes chevaux de courses.<\/strong><\/p>\n<p><strong>Utilisation :<\/strong><\/p>\n<ul>\n<li>Jeune cheval de course pendant l&#8217;entrainement.<\/li>\n<li>Cheval vivant en environnement poussi\u00e9reux (pr\u00e9sence de poussi\u00e8res, moisissures ou pollens).<\/li>\n<\/ul>\n","protected":false},"featured_media":213454,"template":"","meta":[],"product_cat":[12569,12547,14072,12566,12754],"product_tag":[],"class_list":{"0":"post-177015","1":"product","2":"type-product","3":"status-publish","4":"has-post-thumbnail","6":"product_cat-respiration-du-cheval","7":"product_cat-cheval","8":"product_cat-dietetique-et-complements-alimentaires-du-cheval","9":"product_cat-performance-du-cheval","10":"product_cat-soins-au-quotidien-du-cheval","11":"pa_marque-audevard","13":"first","14":"instock","15":"taxable","16":"shipping-taxable","17":"purchasable","18":"product-type-variable"},"yoast_head":"<!-- This site is optimized with the Yoast SEO plugin v27.3 - https:\/\/yoast.com\/product\/yoast-seo-wordpress\/ -->\n<title>Balsamic Control Audevard - V\u00e9torino<\/title>\n<meta name=\"description\" content=\"Pour le confort respiratoire des chevaux qui vivent dans un environnement poussi\u00e9reux (pollens, moisissures...) et des jeunes chevaux de courses.  Utilisation :   Jeune cheval de course pendant l&#039;entrainement.  Cheval vivant en environnement poussi\u00e9reux (pr\u00e9sence de poussi\u00e8res, moisissures ou pollens).\" \/>\n<meta name=\"robots\" content=\"noindex, nofollow\" \/>\n<meta property=\"og:locale\" content=\"fr_FR\" \/>\n<meta property=\"og:type\" content=\"article\" \/>\n<meta property=\"og:title\" content=\"Balsamic Control Audevard - V\u00e9torino\" \/>\n<meta property=\"og:description\" content=\"Pour le confort respiratoire des chevaux qui vivent dans un environnement poussi\u00e9reux (pollens, moisissures...) et des jeunes chevaux de courses.  Utilisation :   Jeune cheval de course pendant l&#039;entrainement.  Cheval vivant en environnement poussi\u00e9reux (pr\u00e9sence de poussi\u00e8res, moisissures ou pollens).\" \/>\n<meta property=\"og:url\" content=\"https:\/\/www.vetorino.com\/veterinaire\/prunelli-di-fiumorbo-20243\/boutique\/product\/balsamic-control-2\/\" \/>\n<meta property=\"og:site_name\" content=\"V\u00e9torino\" \/>\n<meta property=\"article:publisher\" content=\"https:\/\/www.facebook.com\/Vetorino\/\" \/>\n<meta property=\"article:modified_time\" content=\"2025-02-19T15:34:52+00:00\" \/>\n<meta property=\"og:image\" content=\"https:\/\/www.vetorino.com\/boutique\/wp-content\/uploads\/2021\/05\/balsamic-control-1kg.png\" \/>\n\t<meta property=\"og:image:width\" content=\"458\" \/>\n\t<meta property=\"og:image:height\" content=\"458\" \/>\n\t<meta property=\"og:image:type\" content=\"image\/png\" \/>\n<meta name=\"twitter:card\" content=\"summary_large_image\" \/>\n<meta name=\"twitter:label1\" content=\"Disponibilit\u00e9\" \/>\n\t<meta name=\"twitter:data1\" content=\"En stock\" \/>\n<script type=\"application\/ld+json\" class=\"yoast-schema-graph\">{\"@context\":\"https:\\\/\\\/schema.org\",\"@graph\":[{\"@type\":\"WebPage\",\"@id\":\"https:\\\/\\\/www.vetorino.com\\\/boutique\\\/product\\\/balsamic-control-2\\\/\",\"url\":\"https:\\\/\\\/www.vetorino.com\\\/boutique\\\/product\\\/balsamic-control-2\\\/\",\"name\":\"Balsamic Control Audevard - V\u00e9torino\",\"isPartOf\":{\"@id\":\"https:\\\/\\\/www.vetorino.com\\\/boutique\\\/#website\"},\"primaryImageOfPage\":{\"@id\":\"https:\\\/\\\/www.vetorino.com\\\/boutique\\\/product\\\/balsamic-control-2\\\/#primaryimage\"},\"image\":{\"@id\":\"https:\\\/\\\/www.vetorino.com\\\/boutique\\\/product\\\/balsamic-control-2\\\/#primaryimage\"},\"thumbnailUrl\":\"https:\\\/\\\/www.vetorino.com\\\/boutique\\\/wp-content\\\/uploads\\\/2021\\\/05\\\/balsamic-control-1kg.png\",\"datePublished\":\"2021-05-04T16:37:22+00:00\",\"dateModified\":\"2025-02-19T15:34:52+00:00\",\"description\":\"Pour le confort respiratoire des chevaux qui vivent dans un environnement poussi\u00e9reux (pollens, moisissures...) et des jeunes chevaux de courses. Utilisation : Jeune cheval de course pendant l'entrainement. Cheval vivant en environnement poussi\u00e9reux (pr\u00e9sence de poussi\u00e8res, moisissures ou pollens).\",\"breadcrumb\":{\"@id\":\"https:\\\/\\\/www.vetorino.com\\\/boutique\\\/product\\\/balsamic-control-2\\\/#breadcrumb\"},\"inLanguage\":\"fr-FR\",\"potentialAction\":[{\"@type\":\"ReadAction\",\"target\":[\"https:\\\/\\\/www.vetorino.com\\\/boutique\\\/product\\\/balsamic-control-2\\\/\"]}]},{\"@type\":\"ImageObject\",\"inLanguage\":\"fr-FR\",\"@id\":\"https:\\\/\\\/www.vetorino.com\\\/boutique\\\/product\\\/balsamic-control-2\\\/#primaryimage\",\"url\":\"https:\\\/\\\/www.vetorino.com\\\/boutique\\\/wp-content\\\/uploads\\\/2021\\\/05\\\/balsamic-control-1kg.png\",\"contentUrl\":\"https:\\\/\\\/www.vetorino.com\\\/boutique\\\/wp-content\\\/uploads\\\/2021\\\/05\\\/balsamic-control-1kg.png\",\"width\":458,\"height\":458},{\"@type\":\"BreadcrumbList\",\"@id\":\"https:\\\/\\\/www.vetorino.com\\\/boutique\\\/product\\\/balsamic-control-2\\\/#breadcrumb\",\"itemListElement\":[{\"@type\":\"ListItem\",\"position\":1,\"name\":\"Accueil\",\"item\":\"https:\\\/\\\/www.vetorino.com\\\/boutique\\\/\"},{\"@type\":\"ListItem\",\"position\":2,\"name\":\"Produits\",\"item\":\"https:\\\/\\\/www.vetorino.com\\\/boutique\\\/\"},{\"@type\":\"ListItem\",\"position\":3,\"name\":\"Balsamic Control\"}]},{\"@type\":\"WebSite\",\"@id\":\"https:\\\/\\\/www.vetorino.com\\\/boutique\\\/#website\",\"url\":\"https:\\\/\\\/www.vetorino.com\\\/boutique\\\/\",\"name\":\"V\u00e9torino\",\"description\":\"\",\"publisher\":{\"@id\":\"https:\\\/\\\/www.vetorino.com\\\/boutique\\\/#organization\"},\"potentialAction\":[{\"@type\":\"SearchAction\",\"target\":{\"@type\":\"EntryPoint\",\"urlTemplate\":\"https:\\\/\\\/www.vetorino.com\\\/boutique\\\/?s={search_term_string}\"},\"query-input\":{\"@type\":\"PropertyValueSpecification\",\"valueRequired\":true,\"valueName\":\"search_term_string\"}}],\"inLanguage\":\"fr-FR\"},{\"@type\":\"Organization\",\"@id\":\"https:\\\/\\\/www.vetorino.com\\\/boutique\\\/#organization\",\"name\":\"V\u00e9torino\",\"url\":\"https:\\\/\\\/www.vetorino.com\\\/boutique\\\/\",\"logo\":{\"@type\":\"ImageObject\",\"inLanguage\":\"fr-FR\",\"@id\":\"https:\\\/\\\/www.vetorino.com\\\/boutique\\\/#\\\/schema\\\/logo\\\/image\\\/\",\"url\":\"https:\\\/\\\/www.vetorino.com\\\/boutique\\\/wp-content\\\/uploads\\\/2024\\\/10\\\/logo.jpg\",\"contentUrl\":\"https:\\\/\\\/www.vetorino.com\\\/boutique\\\/wp-content\\\/uploads\\\/2024\\\/10\\\/logo.jpg\",\"width\":1200,\"height\":610,\"caption\":\"V\u00e9torino\"},\"image\":{\"@id\":\"https:\\\/\\\/www.vetorino.com\\\/boutique\\\/#\\\/schema\\\/logo\\\/image\\\/\"},\"sameAs\":[\"https:\\\/\\\/www.facebook.com\\\/Vetorino\\\/\",\"https:\\\/\\\/www.instagram.com\\\/vetorino_off\\\/\",\"https:\\\/\\\/www.linkedin.com\\\/company\\\/vtorino\\\/\"]}]}<\/script>\n<meta property=\"product:brand\" content=\"Audevard\" \/>\n<meta property=\"og:availability\" content=\"instock\" \/>\n<meta property=\"product:availability\" content=\"instock\" \/>\n<meta property=\"product:condition\" content=\"new\" \/>\n<!-- \/ Yoast SEO plugin. -->","yoast_head_json":{"title":"Balsamic Control Audevard - V\u00e9torino","description":"Pour le confort respiratoire des chevaux qui vivent dans un environnement poussi\u00e9reux (pollens, moisissures...) et des jeunes chevaux de courses.  Utilisation :   Jeune cheval de course pendant l'entrainement.  Cheval vivant en environnement poussi\u00e9reux (pr\u00e9sence de poussi\u00e8res, moisissures ou pollens).","robots":{"index":"noindex","follow":"nofollow"},"og_locale":"fr_FR","og_type":"article","og_title":"Balsamic Control Audevard - V\u00e9torino","og_description":"Pour le confort respiratoire des chevaux qui vivent dans un environnement poussi\u00e9reux (pollens, moisissures...) et des jeunes chevaux de courses.  Utilisation :   Jeune cheval de course pendant l'entrainement.  Cheval vivant en environnement poussi\u00e9reux (pr\u00e9sence de poussi\u00e8res, moisissures ou pollens).","og_url":"https:\/\/www.vetorino.com\/veterinaire\/prunelli-di-fiumorbo-20243\/boutique\/product\/balsamic-control-2\/","og_site_name":"V\u00e9torino","article_publisher":"https:\/\/www.facebook.com\/Vetorino\/","article_modified_time":"2025-02-19T15:34:52+00:00","og_image":[{"width":458,"height":458,"url":"https:\/\/www.vetorino.com\/boutique\/wp-content\/uploads\/2021\/05\/balsamic-control-1kg.png","type":"image\/png"}],"twitter_card":"summary_large_image","twitter_misc":{"Disponibilit\u00e9":"En stock"},"schema":{"@context":"https:\/\/schema.org","@graph":[{"@type":"WebPage","@id":"https:\/\/www.vetorino.com\/boutique\/product\/balsamic-control-2\/","url":"https:\/\/www.vetorino.com\/boutique\/product\/balsamic-control-2\/","name":"Balsamic Control Audevard - V\u00e9torino","isPartOf":{"@id":"https:\/\/www.vetorino.com\/boutique\/#website"},"primaryImageOfPage":{"@id":"https:\/\/www.vetorino.com\/boutique\/product\/balsamic-control-2\/#primaryimage"},"image":{"@id":"https:\/\/www.vetorino.com\/boutique\/product\/balsamic-control-2\/#primaryimage"},"thumbnailUrl":"https:\/\/www.vetorino.com\/boutique\/wp-content\/uploads\/2021\/05\/balsamic-control-1kg.png","datePublished":"2021-05-04T16:37:22+00:00","dateModified":"2025-02-19T15:34:52+00:00","description":"Pour le confort respiratoire des chevaux qui vivent dans un environnement poussi\u00e9reux (pollens, moisissures...) et des jeunes chevaux de courses. Utilisation : Jeune cheval de course pendant l'entrainement. Cheval vivant en environnement poussi\u00e9reux (pr\u00e9sence de poussi\u00e8res, moisissures ou pollens).","breadcrumb":{"@id":"https:\/\/www.vetorino.com\/boutique\/product\/balsamic-control-2\/#breadcrumb"},"inLanguage":"fr-FR","potentialAction":[{"@type":"ReadAction","target":["https:\/\/www.vetorino.com\/boutique\/product\/balsamic-control-2\/"]}]},{"@type":"ImageObject","inLanguage":"fr-FR","@id":"https:\/\/www.vetorino.com\/boutique\/product\/balsamic-control-2\/#primaryimage","url":"https:\/\/www.vetorino.com\/boutique\/wp-content\/uploads\/2021\/05\/balsamic-control-1kg.png","contentUrl":"https:\/\/www.vetorino.com\/boutique\/wp-content\/uploads\/2021\/05\/balsamic-control-1kg.png","width":458,"height":458},{"@type":"BreadcrumbList","@id":"https:\/\/www.vetorino.com\/boutique\/product\/balsamic-control-2\/#breadcrumb","itemListElement":[{"@type":"ListItem","position":1,"name":"Accueil","item":"https:\/\/www.vetorino.com\/boutique\/"},{"@type":"ListItem","position":2,"name":"Produits","item":"https:\/\/www.vetorino.com\/boutique\/"},{"@type":"ListItem","position":3,"name":"Balsamic Control"}]},{"@type":"WebSite","@id":"https:\/\/www.vetorino.com\/boutique\/#website","url":"https:\/\/www.vetorino.com\/boutique\/","name":"V\u00e9torino","description":"","publisher":{"@id":"https:\/\/www.vetorino.com\/boutique\/#organization"},"potentialAction":[{"@type":"SearchAction","target":{"@type":"EntryPoint","urlTemplate":"https:\/\/www.vetorino.com\/boutique\/?s={search_term_string}"},"query-input":{"@type":"PropertyValueSpecification","valueRequired":true,"valueName":"search_term_string"}}],"inLanguage":"fr-FR"},{"@type":"Organization","@id":"https:\/\/www.vetorino.com\/boutique\/#organization","name":"V\u00e9torino","url":"https:\/\/www.vetorino.com\/boutique\/","logo":{"@type":"ImageObject","inLanguage":"fr-FR","@id":"https:\/\/www.vetorino.com\/boutique\/#\/schema\/logo\/image\/","url":"https:\/\/www.vetorino.com\/boutique\/wp-content\/uploads\/2024\/10\/logo.jpg","contentUrl":"https:\/\/www.vetorino.com\/boutique\/wp-content\/uploads\/2024\/10\/logo.jpg","width":1200,"height":610,"caption":"V\u00e9torino"},"image":{"@id":"https:\/\/www.vetorino.com\/boutique\/#\/schema\/logo\/image\/"},"sameAs":["https:\/\/www.facebook.com\/Vetorino\/","https:\/\/www.instagram.com\/vetorino_off\/","https:\/\/www.linkedin.com\/company\/vtorino\/"]}]},"product_brand":"Audevard","og_availability":"instock","product_availability":"instock","product_condition":"new"},"_links":{"self":[{"href":"https:\/\/www.vetorino.com\/veterinaire\/prunelli-di-fiumorbo-20243\/boutique\/wp-json\/wp\/v2\/product\/177015","targetHints":{"allow":["GET"]}}],"collection":[{"href":"https:\/\/www.vetorino.com\/veterinaire\/prunelli-di-fiumorbo-20243\/boutique\/wp-json\/wp\/v2\/product"}],"about":[{"href":"https:\/\/www.vetorino.com\/veterinaire\/prunelli-di-fiumorbo-20243\/boutique\/wp-json\/wp\/v2\/types\/product"}],"wp:featuredmedia":[{"embeddable":true,"href":"https:\/\/www.vetorino.com\/veterinaire\/prunelli-di-fiumorbo-20243\/boutique\/wp-json\/wp\/v2\/media\/213454"}],"wp:attachment":[{"href":"https:\/\/www.vetorino.com\/veterinaire\/prunelli-di-fiumorbo-20243\/boutique\/wp-json\/wp\/v2\/media?parent=177015"}],"wp:term":[{"taxonomy":"product_cat","embeddable":true,"href":"https:\/\/www.vetorino.com\/veterinaire\/prunelli-di-fiumorbo-20243\/boutique\/wp-json\/wp\/v2\/product_cat?post=177015"},{"taxonomy":"product_tag","embeddable":true,"href":"https:\/\/www.vetorino.com\/veterinaire\/prunelli-di-fiumorbo-20243\/boutique\/wp-json\/wp\/v2\/product_tag?post=177015"}],"curies":[{"name":"wp","href":"https:\/\/api.w.org\/{rel}","templated":true}]}}