{"id":177078,"date":"2021-05-04T18:38:25","date_gmt":"2021-05-04T16:38:25","guid":{"rendered":"https:\/\/www.vetorino.com\/boutique\/product\/lactofoal-2\/"},"modified":"2025-02-18T15:57:18","modified_gmt":"2025-02-18T14:57:18","slug":"lactofoal-2","status":"publish","type":"product","link":"https:\/\/www.vetorino.com\/veterinaire\/prunelli-di-fiumorbo-20243\/boutique\/product\/lactofoal-2\/","title":{"rendered":"Lactofoal"},"content":{"rendered":"<p><strong>LACTOFOAL a \u00e9t\u00e9 formul\u00e9 pour reproduire pr\u00e9cis\u00e9ment les caract\u00e9ristiques du lait de jument.\u00a0Contient une t\u00e9tine sp\u00e9cialement adapt\u00e9e aux poulains et facilement adaptable sur une bouteille.<\/strong><\/p>\n<p><strong><br \/>\nUtilisation :<\/strong><\/p>\n<ul>\n<li>Poulain orphelin.<\/li>\n<li>Insuffisance de lactation de la jument.<\/li>\n<li>Besoin d&#8217;un aliment post-sevrage.<\/li>\n<\/ul>\n<p><strong>Mode d&#8217;emploi :<\/strong><\/p>\n<ul>\n<li>Diluer 2 mesures du produit dans 1 litre d\u2019eau ti\u00e8de. Bien agiter pour obtenir un m\u00e9lange fluide.<\/li>\n<li>Donner le lait au poulain \u00e0 35\u00b0C environ.<\/li>\n<li>Le lait pr\u00e9par\u00e9 \u00e0 l\u2019avance peut se conserver 24 heures au r\u00e9frig\u00e9rateur.<\/li>\n<li>Les quantit\u00e9s \u00e0 donner sont \u00e0 adapter en fonction de la race et de l\u2019\u00e9tat de sant\u00e9 du poulain.<\/li>\n<li>Adapter progressivement les quantit\u00e9s et la fr\u00e9quence\u00a0: Jour 1 : 8 litres de lait par jour (1 litre toutes les 3 heures)\u00a0;Jour 10 : 12 litres de lait par jour (2 litres toutes les 4 heures ou 25 % du poids vif en lait reconstitu\u00e9 par jour) ; 1 mois : 15 litres de lait par jour (3 litres toutes les 5 heures).<\/li>\n<li>Entre le 3\u00e8me et le 4\u00e8me mois, passer progressivement \u00e0 l\u2019alimentation s\u00e8che et sevrer le poulain.<\/li>\n<li>Compl\u00e9ment d\u2019alimentation en post-sevrage du poulain : verser sur la ration 10 mesures de LACTOFOAL par jour et diminuer progressivement les quantit\u00e9s.<\/li>\n<\/ul>\n<p><strong>Avantages :<\/strong><\/p>\n<ul>\n<li>Formule compl\u00e8te qui\u00a0<strong>nourrit de fa\u00e7on cibl\u00e9e<\/strong>\u00a0le poulain en respectant ses besoins sp\u00e9cifiques.<\/li>\n<li>Chaque boite est\u00a0<strong>livr\u00e9e avec une t\u00e9tine<\/strong>\u00a0qui peut s&#8217;adapter sur une bouteille classique.<\/li>\n<li>Ne contient ni c\u00e9r\u00e9ales ni huile de palme.<\/li>\n<li>Adapt\u00e9e aux besoins sp\u00e9cifiques du poulain : taux prot\u00e9iques et de mati\u00e8res grasses sp\u00e9cifiques \u00e0 l\u2019esp\u00e8ce \u00e9quine; qualit\u00e9 prot\u00e9ique optimale; apport de pro- et pr\u00e9biotiques. Elle se pr\u00e9sente sous forme de poudre dont<strong>\u00a0la dissolution dans l&#8217;eau est optimale<\/strong>.<\/li>\n<\/ul>\n","protected":false},"excerpt":{"rendered":"<p><strong>LACTOFOAL a \u00e9t\u00e9 formul\u00e9 pour reproduire pr\u00e9cis\u00e9ment les caract\u00e9ristiques du lait de jument.\u00a0Contient une t\u00e9tine sp\u00e9cialement adapt\u00e9e aux poulains et facilement adaptable sur une bouteille.<\/strong><\/p>\n<p><strong>Utilisation :<\/strong><\/p>\n<ul>\n<li>Poulain orphelin.<\/li>\n<li>Insuffisance de lactation de la jument.<\/li>\n<li>Besoin d&#8217;un aliment post-sevrage.<\/li>\n<\/ul>\n","protected":false},"featured_media":1218334,"template":"","meta":[],"product_cat":[12757,12547,12758],"product_tag":[],"class_list":{"0":"post-177078","1":"product","2":"type-product","3":"status-publish","4":"has-post-thumbnail","6":"product_cat-alimentation-du-cheval","7":"product_cat-cheval","8":"product_cat-elevage-et-lait-maternise-pour-cheval","9":"pa_marque-audevard","11":"first","12":"instock","13":"taxable","14":"shipping-taxable","15":"purchasable","16":"product-type-variable"},"yoast_head":"<!-- This site is optimized with the Yoast SEO plugin v27.3 - https:\/\/yoast.com\/product\/yoast-seo-wordpress\/ -->\n<title>Lactofoal Audevard - V\u00e9torino<\/title>\n<meta name=\"description\" content=\"LACTOFOAL a \u00e9t\u00e9 formul\u00e9 pour reproduire pr\u00e9cis\u00e9ment les caract\u00e9ristiques du lait de jument.\u00a0Contient une t\u00e9tine sp\u00e9cialement adapt\u00e9e aux poulains et facilement adaptable sur une bouteille.  Utilisation :   Poulain orphelin.  Insuffisance de lactation de la jument.  Besoin d&#039;un aliment post-sevrage.\" \/>\n<meta name=\"robots\" content=\"noindex, nofollow\" \/>\n<meta property=\"og:locale\" content=\"fr_FR\" \/>\n<meta property=\"og:type\" content=\"article\" \/>\n<meta property=\"og:title\" content=\"Lactofoal Audevard - V\u00e9torino\" \/>\n<meta property=\"og:description\" content=\"LACTOFOAL a \u00e9t\u00e9 formul\u00e9 pour reproduire pr\u00e9cis\u00e9ment les caract\u00e9ristiques du lait de jument.\u00a0Contient une t\u00e9tine sp\u00e9cialement adapt\u00e9e aux poulains et facilement adaptable sur une bouteille.  Utilisation :   Poulain orphelin.  Insuffisance de lactation de la jument.  Besoin d&#039;un aliment post-sevrage.\" \/>\n<meta property=\"og:url\" content=\"https:\/\/www.vetorino.com\/veterinaire\/prunelli-di-fiumorbo-20243\/boutique\/product\/lactofoal-2\/\" \/>\n<meta property=\"og:site_name\" content=\"V\u00e9torino\" \/>\n<meta property=\"article:publisher\" content=\"https:\/\/www.facebook.com\/Vetorino\/\" \/>\n<meta property=\"article:modified_time\" content=\"2025-02-18T14:57:18+00:00\" \/>\n<meta property=\"og:image\" content=\"https:\/\/www.vetorino.com\/boutique\/wp-content\/uploads\/2021\/05\/lactofoal-1.webp\" \/>\n\t<meta property=\"og:image:width\" content=\"458\" \/>\n\t<meta property=\"og:image:height\" content=\"458\" \/>\n\t<meta property=\"og:image:type\" content=\"image\/webp\" \/>\n<meta name=\"twitter:card\" content=\"summary_large_image\" \/>\n<meta name=\"twitter:label1\" content=\"Disponibilit\u00e9\" \/>\n\t<meta name=\"twitter:data1\" content=\"En stock\" \/>\n<script type=\"application\/ld+json\" class=\"yoast-schema-graph\">{\"@context\":\"https:\\\/\\\/schema.org\",\"@graph\":[{\"@type\":\"WebPage\",\"@id\":\"https:\\\/\\\/www.vetorino.com\\\/boutique\\\/product\\\/lactofoal-2\\\/\",\"url\":\"https:\\\/\\\/www.vetorino.com\\\/boutique\\\/product\\\/lactofoal-2\\\/\",\"name\":\"Lactofoal Audevard - V\u00e9torino\",\"isPartOf\":{\"@id\":\"https:\\\/\\\/www.vetorino.com\\\/boutique\\\/#website\"},\"primaryImageOfPage\":{\"@id\":\"https:\\\/\\\/www.vetorino.com\\\/boutique\\\/product\\\/lactofoal-2\\\/#primaryimage\"},\"image\":{\"@id\":\"https:\\\/\\\/www.vetorino.com\\\/boutique\\\/product\\\/lactofoal-2\\\/#primaryimage\"},\"thumbnailUrl\":\"https:\\\/\\\/www.vetorino.com\\\/boutique\\\/wp-content\\\/uploads\\\/2021\\\/05\\\/lactofoal-1.webp\",\"datePublished\":\"2021-05-04T16:38:25+00:00\",\"dateModified\":\"2025-02-18T14:57:18+00:00\",\"description\":\"LACTOFOAL a \u00e9t\u00e9 formul\u00e9 pour reproduire pr\u00e9cis\u00e9ment les caract\u00e9ristiques du lait de jument.\u00a0Contient une t\u00e9tine sp\u00e9cialement adapt\u00e9e aux poulains et facilement adaptable sur une bouteille. Utilisation : Poulain orphelin. Insuffisance de lactation de la jument. Besoin d'un aliment post-sevrage.\",\"breadcrumb\":{\"@id\":\"https:\\\/\\\/www.vetorino.com\\\/boutique\\\/product\\\/lactofoal-2\\\/#breadcrumb\"},\"inLanguage\":\"fr-FR\",\"potentialAction\":[{\"@type\":\"ReadAction\",\"target\":[\"https:\\\/\\\/www.vetorino.com\\\/boutique\\\/product\\\/lactofoal-2\\\/\"]}]},{\"@type\":\"ImageObject\",\"inLanguage\":\"fr-FR\",\"@id\":\"https:\\\/\\\/www.vetorino.com\\\/boutique\\\/product\\\/lactofoal-2\\\/#primaryimage\",\"url\":\"https:\\\/\\\/www.vetorino.com\\\/boutique\\\/wp-content\\\/uploads\\\/2021\\\/05\\\/lactofoal-1.webp\",\"contentUrl\":\"https:\\\/\\\/www.vetorino.com\\\/boutique\\\/wp-content\\\/uploads\\\/2021\\\/05\\\/lactofoal-1.webp\",\"width\":458,\"height\":458},{\"@type\":\"BreadcrumbList\",\"@id\":\"https:\\\/\\\/www.vetorino.com\\\/boutique\\\/product\\\/lactofoal-2\\\/#breadcrumb\",\"itemListElement\":[{\"@type\":\"ListItem\",\"position\":1,\"name\":\"Accueil\",\"item\":\"https:\\\/\\\/www.vetorino.com\\\/boutique\\\/\"},{\"@type\":\"ListItem\",\"position\":2,\"name\":\"Produits\",\"item\":\"https:\\\/\\\/www.vetorino.com\\\/boutique\\\/\"},{\"@type\":\"ListItem\",\"position\":3,\"name\":\"Lactofoal\"}]},{\"@type\":\"WebSite\",\"@id\":\"https:\\\/\\\/www.vetorino.com\\\/boutique\\\/#website\",\"url\":\"https:\\\/\\\/www.vetorino.com\\\/boutique\\\/\",\"name\":\"V\u00e9torino\",\"description\":\"\",\"publisher\":{\"@id\":\"https:\\\/\\\/www.vetorino.com\\\/boutique\\\/#organization\"},\"potentialAction\":[{\"@type\":\"SearchAction\",\"target\":{\"@type\":\"EntryPoint\",\"urlTemplate\":\"https:\\\/\\\/www.vetorino.com\\\/boutique\\\/?s={search_term_string}\"},\"query-input\":{\"@type\":\"PropertyValueSpecification\",\"valueRequired\":true,\"valueName\":\"search_term_string\"}}],\"inLanguage\":\"fr-FR\"},{\"@type\":\"Organization\",\"@id\":\"https:\\\/\\\/www.vetorino.com\\\/boutique\\\/#organization\",\"name\":\"V\u00e9torino\",\"url\":\"https:\\\/\\\/www.vetorino.com\\\/boutique\\\/\",\"logo\":{\"@type\":\"ImageObject\",\"inLanguage\":\"fr-FR\",\"@id\":\"https:\\\/\\\/www.vetorino.com\\\/boutique\\\/#\\\/schema\\\/logo\\\/image\\\/\",\"url\":\"https:\\\/\\\/www.vetorino.com\\\/boutique\\\/wp-content\\\/uploads\\\/2024\\\/10\\\/logo.jpg\",\"contentUrl\":\"https:\\\/\\\/www.vetorino.com\\\/boutique\\\/wp-content\\\/uploads\\\/2024\\\/10\\\/logo.jpg\",\"width\":1200,\"height\":610,\"caption\":\"V\u00e9torino\"},\"image\":{\"@id\":\"https:\\\/\\\/www.vetorino.com\\\/boutique\\\/#\\\/schema\\\/logo\\\/image\\\/\"},\"sameAs\":[\"https:\\\/\\\/www.facebook.com\\\/Vetorino\\\/\",\"https:\\\/\\\/www.instagram.com\\\/vetorino_off\\\/\",\"https:\\\/\\\/www.linkedin.com\\\/company\\\/vtorino\\\/\"]}]}<\/script>\n<meta property=\"product:brand\" content=\"Audevard\" \/>\n<meta property=\"og:availability\" content=\"instock\" \/>\n<meta property=\"product:availability\" content=\"instock\" \/>\n<meta property=\"product:condition\" content=\"new\" \/>\n<!-- \/ Yoast SEO plugin. -->","yoast_head_json":{"title":"Lactofoal Audevard - V\u00e9torino","description":"LACTOFOAL a \u00e9t\u00e9 formul\u00e9 pour reproduire pr\u00e9cis\u00e9ment les caract\u00e9ristiques du lait de jument.\u00a0Contient une t\u00e9tine sp\u00e9cialement adapt\u00e9e aux poulains et facilement adaptable sur une bouteille.  Utilisation :   Poulain orphelin.  Insuffisance de lactation de la jument.  Besoin d'un aliment post-sevrage.","robots":{"index":"noindex","follow":"nofollow"},"og_locale":"fr_FR","og_type":"article","og_title":"Lactofoal Audevard - V\u00e9torino","og_description":"LACTOFOAL a \u00e9t\u00e9 formul\u00e9 pour reproduire pr\u00e9cis\u00e9ment les caract\u00e9ristiques du lait de jument.\u00a0Contient une t\u00e9tine sp\u00e9cialement adapt\u00e9e aux poulains et facilement adaptable sur une bouteille.  Utilisation :   Poulain orphelin.  Insuffisance de lactation de la jument.  Besoin d'un aliment post-sevrage.","og_url":"https:\/\/www.vetorino.com\/veterinaire\/prunelli-di-fiumorbo-20243\/boutique\/product\/lactofoal-2\/","og_site_name":"V\u00e9torino","article_publisher":"https:\/\/www.facebook.com\/Vetorino\/","article_modified_time":"2025-02-18T14:57:18+00:00","og_image":[{"width":458,"height":458,"url":"https:\/\/www.vetorino.com\/boutique\/wp-content\/uploads\/2021\/05\/lactofoal-1.webp","type":"image\/webp"}],"twitter_card":"summary_large_image","twitter_misc":{"Disponibilit\u00e9":"En stock"},"schema":{"@context":"https:\/\/schema.org","@graph":[{"@type":"WebPage","@id":"https:\/\/www.vetorino.com\/boutique\/product\/lactofoal-2\/","url":"https:\/\/www.vetorino.com\/boutique\/product\/lactofoal-2\/","name":"Lactofoal Audevard - V\u00e9torino","isPartOf":{"@id":"https:\/\/www.vetorino.com\/boutique\/#website"},"primaryImageOfPage":{"@id":"https:\/\/www.vetorino.com\/boutique\/product\/lactofoal-2\/#primaryimage"},"image":{"@id":"https:\/\/www.vetorino.com\/boutique\/product\/lactofoal-2\/#primaryimage"},"thumbnailUrl":"https:\/\/www.vetorino.com\/boutique\/wp-content\/uploads\/2021\/05\/lactofoal-1.webp","datePublished":"2021-05-04T16:38:25+00:00","dateModified":"2025-02-18T14:57:18+00:00","description":"LACTOFOAL a \u00e9t\u00e9 formul\u00e9 pour reproduire pr\u00e9cis\u00e9ment les caract\u00e9ristiques du lait de jument.\u00a0Contient une t\u00e9tine sp\u00e9cialement adapt\u00e9e aux poulains et facilement adaptable sur une bouteille. Utilisation : Poulain orphelin. Insuffisance de lactation de la jument. Besoin d'un aliment post-sevrage.","breadcrumb":{"@id":"https:\/\/www.vetorino.com\/boutique\/product\/lactofoal-2\/#breadcrumb"},"inLanguage":"fr-FR","potentialAction":[{"@type":"ReadAction","target":["https:\/\/www.vetorino.com\/boutique\/product\/lactofoal-2\/"]}]},{"@type":"ImageObject","inLanguage":"fr-FR","@id":"https:\/\/www.vetorino.com\/boutique\/product\/lactofoal-2\/#primaryimage","url":"https:\/\/www.vetorino.com\/boutique\/wp-content\/uploads\/2021\/05\/lactofoal-1.webp","contentUrl":"https:\/\/www.vetorino.com\/boutique\/wp-content\/uploads\/2021\/05\/lactofoal-1.webp","width":458,"height":458},{"@type":"BreadcrumbList","@id":"https:\/\/www.vetorino.com\/boutique\/product\/lactofoal-2\/#breadcrumb","itemListElement":[{"@type":"ListItem","position":1,"name":"Accueil","item":"https:\/\/www.vetorino.com\/boutique\/"},{"@type":"ListItem","position":2,"name":"Produits","item":"https:\/\/www.vetorino.com\/boutique\/"},{"@type":"ListItem","position":3,"name":"Lactofoal"}]},{"@type":"WebSite","@id":"https:\/\/www.vetorino.com\/boutique\/#website","url":"https:\/\/www.vetorino.com\/boutique\/","name":"V\u00e9torino","description":"","publisher":{"@id":"https:\/\/www.vetorino.com\/boutique\/#organization"},"potentialAction":[{"@type":"SearchAction","target":{"@type":"EntryPoint","urlTemplate":"https:\/\/www.vetorino.com\/boutique\/?s={search_term_string}"},"query-input":{"@type":"PropertyValueSpecification","valueRequired":true,"valueName":"search_term_string"}}],"inLanguage":"fr-FR"},{"@type":"Organization","@id":"https:\/\/www.vetorino.com\/boutique\/#organization","name":"V\u00e9torino","url":"https:\/\/www.vetorino.com\/boutique\/","logo":{"@type":"ImageObject","inLanguage":"fr-FR","@id":"https:\/\/www.vetorino.com\/boutique\/#\/schema\/logo\/image\/","url":"https:\/\/www.vetorino.com\/boutique\/wp-content\/uploads\/2024\/10\/logo.jpg","contentUrl":"https:\/\/www.vetorino.com\/boutique\/wp-content\/uploads\/2024\/10\/logo.jpg","width":1200,"height":610,"caption":"V\u00e9torino"},"image":{"@id":"https:\/\/www.vetorino.com\/boutique\/#\/schema\/logo\/image\/"},"sameAs":["https:\/\/www.facebook.com\/Vetorino\/","https:\/\/www.instagram.com\/vetorino_off\/","https:\/\/www.linkedin.com\/company\/vtorino\/"]}]},"product_brand":"Audevard","og_availability":"instock","product_availability":"instock","product_condition":"new"},"_links":{"self":[{"href":"https:\/\/www.vetorino.com\/veterinaire\/prunelli-di-fiumorbo-20243\/boutique\/wp-json\/wp\/v2\/product\/177078","targetHints":{"allow":["GET"]}}],"collection":[{"href":"https:\/\/www.vetorino.com\/veterinaire\/prunelli-di-fiumorbo-20243\/boutique\/wp-json\/wp\/v2\/product"}],"about":[{"href":"https:\/\/www.vetorino.com\/veterinaire\/prunelli-di-fiumorbo-20243\/boutique\/wp-json\/wp\/v2\/types\/product"}],"wp:featuredmedia":[{"embeddable":true,"href":"https:\/\/www.vetorino.com\/veterinaire\/prunelli-di-fiumorbo-20243\/boutique\/wp-json\/wp\/v2\/media\/1218334"}],"wp:attachment":[{"href":"https:\/\/www.vetorino.com\/veterinaire\/prunelli-di-fiumorbo-20243\/boutique\/wp-json\/wp\/v2\/media?parent=177078"}],"wp:term":[{"taxonomy":"product_cat","embeddable":true,"href":"https:\/\/www.vetorino.com\/veterinaire\/prunelli-di-fiumorbo-20243\/boutique\/wp-json\/wp\/v2\/product_cat?post=177078"},{"taxonomy":"product_tag","embeddable":true,"href":"https:\/\/www.vetorino.com\/veterinaire\/prunelli-di-fiumorbo-20243\/boutique\/wp-json\/wp\/v2\/product_tag?post=177078"}],"curies":[{"name":"wp","href":"https:\/\/api.w.org\/{rel}","templated":true}]}}