{"id":177149,"date":"2021-05-04T18:41:21","date_gmt":"2021-05-04T16:41:21","guid":{"rendered":"https:\/\/www.vetorino.com\/boutique\/product\/balsamic-air-2\/"},"modified":"2025-02-18T11:47:01","modified_gmt":"2025-02-18T10:47:01","slug":"balsamic-air-2","status":"publish","type":"product","link":"https:\/\/www.vetorino.com\/veterinaire\/prunelli-di-fiumorbo-20243\/boutique\/product\/balsamic-air-2\/","title":{"rendered":"Balsamic Air"},"content":{"rendered":"<p><strong>BALSAMIC AIR est un aliment con\u00e7u pour apporter aux chevaux un soutien nutritionnel adapt\u00e9 \u00e0 l&#8217;augmentation de leurs besoins respiratoires lors des baisses de temp\u00e9rature.<\/strong><\/p>\n<p><strong>Utilisation :<\/strong><\/p>\n<ul>\n<li>Hygi\u00e8ne des muqueuses par temps froid, changements d&#8217;environnement ou promiscuit\u00e9 avec d&#8217;autres chevaux.<\/li>\n<li>Chevaux suivis pour sensibilit\u00e9 respiratoire.<\/li>\n<\/ul>\n<p><strong>Mode d&#8217;emploi :<\/strong><\/p>\n<ul>\n<li>Bien agiter avant l&#8217;emploi.<\/li>\n<li>Apports journaliers : 10 ml, 2 \u00e0 3 fois par jour pendant 8 jours.<\/li>\n<li>Verser sur l\u2019aliment ou donner directement dans la bouche du cheval. Peut \u00e9galement \u00eatre n\u00e9bulis\u00e9 dans l\u2019environnement.<\/li>\n<\/ul>\n<p><strong>Avantages :<\/strong><\/p>\n<ul>\n<li>L&#8217;association originale de 4 huiles essentielles s\u00e9lectionn\u00e9es fait le succ\u00e8s de BALSAMIC AIR depuis plus de 20 ans. Sa texture permet soit de le donner dans la bouche du cheval, soit de le n\u00e9buliser dans l&#8217;environnement.<\/li>\n<li>Formule d\u00e9pourvue d\u2019ingr\u00e9dients susceptibles de rendre positif le contr\u00f4le anti-dopage et qui s&#8217;utilise <strong>sans risque<\/strong> et en toutes circonstances (comp\u00e9tition, \u00e9curies).<\/li>\n<li>Les chevaux l&#8217;adorent sur la ration.<\/li>\n<\/ul>\n","protected":false},"excerpt":{"rendered":"<p><strong>BALSAMIC AIR est un aliment\u00a0con\u00e7u pour apporter aux chevaux un soutien nutritionnel adapt\u00e9 \u00e0 l&#8217;augmentation de leurs besoins respiratoires lors des baisses de temp\u00e9rature.<\/strong><\/p>\n<p><strong>Utilisation :<\/strong><\/p>\n<ul>\n<li>Hygi\u00e8ne des muqueuses par temps froid, changements d&#8217;environnement ou promiscuit\u00e9 avec d&#8217;autres chevaux.<\/li>\n<li>Chevaux suivis pour sensibilit\u00e9 respiratoire.<\/li>\n<\/ul>\n","protected":false},"featured_media":213441,"template":"","meta":[],"product_cat":[12569,12547,14072],"product_tag":[],"class_list":{"0":"post-177149","1":"product","2":"type-product","3":"status-publish","4":"has-post-thumbnail","6":"product_cat-respiration-du-cheval","7":"product_cat-cheval","8":"product_cat-dietetique-et-complements-alimentaires-du-cheval","9":"pa_marque-audevard","11":"first","12":"instock","13":"taxable","14":"shipping-taxable","15":"purchasable","16":"product-type-variable"},"yoast_head":"<!-- This site is optimized with the Yoast SEO plugin v27.3 - https:\/\/yoast.com\/product\/yoast-seo-wordpress\/ -->\n<title>Balsamic Air Audevard - V\u00e9torino<\/title>\n<meta name=\"description\" content=\"BALSAMIC AIR est un aliment\u00a0con\u00e7u pour apporter aux chevaux un soutien nutritionnel adapt\u00e9 \u00e0 l&#039;augmentation de leurs besoins respiratoires lors des baisses de temp\u00e9rature.  Utilisation :   Hygi\u00e8ne des muqueuses par temps froid, changements d&#039;environnement ou promiscuit\u00e9 avec d&#039;autres chevaux.  Chevaux suivis pour sensibilit\u00e9 respiratoire.\" \/>\n<meta name=\"robots\" content=\"noindex, nofollow\" \/>\n<meta property=\"og:locale\" content=\"fr_FR\" \/>\n<meta property=\"og:type\" content=\"article\" \/>\n<meta property=\"og:title\" content=\"Balsamic Air Audevard - V\u00e9torino\" \/>\n<meta property=\"og:description\" content=\"BALSAMIC AIR est un aliment\u00a0con\u00e7u pour apporter aux chevaux un soutien nutritionnel adapt\u00e9 \u00e0 l&#039;augmentation de leurs besoins respiratoires lors des baisses de temp\u00e9rature.  Utilisation :   Hygi\u00e8ne des muqueuses par temps froid, changements d&#039;environnement ou promiscuit\u00e9 avec d&#039;autres chevaux.  Chevaux suivis pour sensibilit\u00e9 respiratoire.\" \/>\n<meta property=\"og:url\" content=\"https:\/\/www.vetorino.com\/veterinaire\/prunelli-di-fiumorbo-20243\/boutique\/product\/balsamic-air-2\/\" \/>\n<meta property=\"og:site_name\" content=\"V\u00e9torino\" \/>\n<meta property=\"article:publisher\" content=\"https:\/\/www.facebook.com\/Vetorino\/\" \/>\n<meta property=\"article:modified_time\" content=\"2025-02-18T10:47:01+00:00\" \/>\n<meta property=\"og:image\" content=\"https:\/\/www.vetorino.com\/boutique\/wp-content\/uploads\/2021\/05\/balsamic-air-.png\" \/>\n\t<meta property=\"og:image:width\" content=\"800\" \/>\n\t<meta property=\"og:image:height\" content=\"800\" \/>\n\t<meta property=\"og:image:type\" content=\"image\/png\" \/>\n<meta name=\"twitter:card\" content=\"summary_large_image\" \/>\n<meta name=\"twitter:label1\" content=\"Disponibilit\u00e9\" \/>\n\t<meta name=\"twitter:data1\" content=\"En stock\" \/>\n<script type=\"application\/ld+json\" class=\"yoast-schema-graph\">{\"@context\":\"https:\\\/\\\/schema.org\",\"@graph\":[{\"@type\":\"WebPage\",\"@id\":\"https:\\\/\\\/www.vetorino.com\\\/boutique\\\/product\\\/balsamic-air-2\\\/\",\"url\":\"https:\\\/\\\/www.vetorino.com\\\/boutique\\\/product\\\/balsamic-air-2\\\/\",\"name\":\"Balsamic Air Audevard - V\u00e9torino\",\"isPartOf\":{\"@id\":\"https:\\\/\\\/www.vetorino.com\\\/boutique\\\/#website\"},\"primaryImageOfPage\":{\"@id\":\"https:\\\/\\\/www.vetorino.com\\\/boutique\\\/product\\\/balsamic-air-2\\\/#primaryimage\"},\"image\":{\"@id\":\"https:\\\/\\\/www.vetorino.com\\\/boutique\\\/product\\\/balsamic-air-2\\\/#primaryimage\"},\"thumbnailUrl\":\"https:\\\/\\\/www.vetorino.com\\\/boutique\\\/wp-content\\\/uploads\\\/2021\\\/05\\\/balsamic-air-.png\",\"datePublished\":\"2021-05-04T16:41:21+00:00\",\"dateModified\":\"2025-02-18T10:47:01+00:00\",\"description\":\"BALSAMIC AIR est un aliment\u00a0con\u00e7u pour apporter aux chevaux un soutien nutritionnel adapt\u00e9 \u00e0 l'augmentation de leurs besoins respiratoires lors des baisses de temp\u00e9rature. Utilisation : Hygi\u00e8ne des muqueuses par temps froid, changements d'environnement ou promiscuit\u00e9 avec d'autres chevaux. Chevaux suivis pour sensibilit\u00e9 respiratoire.\",\"breadcrumb\":{\"@id\":\"https:\\\/\\\/www.vetorino.com\\\/boutique\\\/product\\\/balsamic-air-2\\\/#breadcrumb\"},\"inLanguage\":\"fr-FR\",\"potentialAction\":[{\"@type\":\"ReadAction\",\"target\":[\"https:\\\/\\\/www.vetorino.com\\\/boutique\\\/product\\\/balsamic-air-2\\\/\"]}]},{\"@type\":\"ImageObject\",\"inLanguage\":\"fr-FR\",\"@id\":\"https:\\\/\\\/www.vetorino.com\\\/boutique\\\/product\\\/balsamic-air-2\\\/#primaryimage\",\"url\":\"https:\\\/\\\/www.vetorino.com\\\/boutique\\\/wp-content\\\/uploads\\\/2021\\\/05\\\/balsamic-air-.png\",\"contentUrl\":\"https:\\\/\\\/www.vetorino.com\\\/boutique\\\/wp-content\\\/uploads\\\/2021\\\/05\\\/balsamic-air-.png\",\"width\":800,\"height\":800},{\"@type\":\"BreadcrumbList\",\"@id\":\"https:\\\/\\\/www.vetorino.com\\\/boutique\\\/product\\\/balsamic-air-2\\\/#breadcrumb\",\"itemListElement\":[{\"@type\":\"ListItem\",\"position\":1,\"name\":\"Accueil\",\"item\":\"https:\\\/\\\/www.vetorino.com\\\/boutique\\\/\"},{\"@type\":\"ListItem\",\"position\":2,\"name\":\"Produits\",\"item\":\"https:\\\/\\\/www.vetorino.com\\\/boutique\\\/\"},{\"@type\":\"ListItem\",\"position\":3,\"name\":\"Balsamic Air\"}]},{\"@type\":\"WebSite\",\"@id\":\"https:\\\/\\\/www.vetorino.com\\\/boutique\\\/#website\",\"url\":\"https:\\\/\\\/www.vetorino.com\\\/boutique\\\/\",\"name\":\"V\u00e9torino\",\"description\":\"\",\"publisher\":{\"@id\":\"https:\\\/\\\/www.vetorino.com\\\/boutique\\\/#organization\"},\"potentialAction\":[{\"@type\":\"SearchAction\",\"target\":{\"@type\":\"EntryPoint\",\"urlTemplate\":\"https:\\\/\\\/www.vetorino.com\\\/boutique\\\/?s={search_term_string}\"},\"query-input\":{\"@type\":\"PropertyValueSpecification\",\"valueRequired\":true,\"valueName\":\"search_term_string\"}}],\"inLanguage\":\"fr-FR\"},{\"@type\":\"Organization\",\"@id\":\"https:\\\/\\\/www.vetorino.com\\\/boutique\\\/#organization\",\"name\":\"V\u00e9torino\",\"url\":\"https:\\\/\\\/www.vetorino.com\\\/boutique\\\/\",\"logo\":{\"@type\":\"ImageObject\",\"inLanguage\":\"fr-FR\",\"@id\":\"https:\\\/\\\/www.vetorino.com\\\/boutique\\\/#\\\/schema\\\/logo\\\/image\\\/\",\"url\":\"https:\\\/\\\/www.vetorino.com\\\/boutique\\\/wp-content\\\/uploads\\\/2024\\\/10\\\/logo.jpg\",\"contentUrl\":\"https:\\\/\\\/www.vetorino.com\\\/boutique\\\/wp-content\\\/uploads\\\/2024\\\/10\\\/logo.jpg\",\"width\":1200,\"height\":610,\"caption\":\"V\u00e9torino\"},\"image\":{\"@id\":\"https:\\\/\\\/www.vetorino.com\\\/boutique\\\/#\\\/schema\\\/logo\\\/image\\\/\"},\"sameAs\":[\"https:\\\/\\\/www.facebook.com\\\/Vetorino\\\/\",\"https:\\\/\\\/www.instagram.com\\\/vetorino_off\\\/\",\"https:\\\/\\\/www.linkedin.com\\\/company\\\/vtorino\\\/\"]}]}<\/script>\n<meta property=\"product:brand\" content=\"Audevard\" \/>\n<meta property=\"og:availability\" content=\"instock\" \/>\n<meta property=\"product:availability\" content=\"instock\" \/>\n<meta property=\"product:condition\" content=\"new\" \/>\n<!-- \/ Yoast SEO plugin. -->","yoast_head_json":{"title":"Balsamic Air Audevard - V\u00e9torino","description":"BALSAMIC AIR est un aliment\u00a0con\u00e7u pour apporter aux chevaux un soutien nutritionnel adapt\u00e9 \u00e0 l'augmentation de leurs besoins respiratoires lors des baisses de temp\u00e9rature.  Utilisation :   Hygi\u00e8ne des muqueuses par temps froid, changements d'environnement ou promiscuit\u00e9 avec d'autres chevaux.  Chevaux suivis pour sensibilit\u00e9 respiratoire.","robots":{"index":"noindex","follow":"nofollow"},"og_locale":"fr_FR","og_type":"article","og_title":"Balsamic Air Audevard - V\u00e9torino","og_description":"BALSAMIC AIR est un aliment\u00a0con\u00e7u pour apporter aux chevaux un soutien nutritionnel adapt\u00e9 \u00e0 l'augmentation de leurs besoins respiratoires lors des baisses de temp\u00e9rature.  Utilisation :   Hygi\u00e8ne des muqueuses par temps froid, changements d'environnement ou promiscuit\u00e9 avec d'autres chevaux.  Chevaux suivis pour sensibilit\u00e9 respiratoire.","og_url":"https:\/\/www.vetorino.com\/veterinaire\/prunelli-di-fiumorbo-20243\/boutique\/product\/balsamic-air-2\/","og_site_name":"V\u00e9torino","article_publisher":"https:\/\/www.facebook.com\/Vetorino\/","article_modified_time":"2025-02-18T10:47:01+00:00","og_image":[{"width":800,"height":800,"url":"https:\/\/www.vetorino.com\/boutique\/wp-content\/uploads\/2021\/05\/balsamic-air-.png","type":"image\/png"}],"twitter_card":"summary_large_image","twitter_misc":{"Disponibilit\u00e9":"En stock"},"schema":{"@context":"https:\/\/schema.org","@graph":[{"@type":"WebPage","@id":"https:\/\/www.vetorino.com\/boutique\/product\/balsamic-air-2\/","url":"https:\/\/www.vetorino.com\/boutique\/product\/balsamic-air-2\/","name":"Balsamic Air Audevard - V\u00e9torino","isPartOf":{"@id":"https:\/\/www.vetorino.com\/boutique\/#website"},"primaryImageOfPage":{"@id":"https:\/\/www.vetorino.com\/boutique\/product\/balsamic-air-2\/#primaryimage"},"image":{"@id":"https:\/\/www.vetorino.com\/boutique\/product\/balsamic-air-2\/#primaryimage"},"thumbnailUrl":"https:\/\/www.vetorino.com\/boutique\/wp-content\/uploads\/2021\/05\/balsamic-air-.png","datePublished":"2021-05-04T16:41:21+00:00","dateModified":"2025-02-18T10:47:01+00:00","description":"BALSAMIC AIR est un aliment\u00a0con\u00e7u pour apporter aux chevaux un soutien nutritionnel adapt\u00e9 \u00e0 l'augmentation de leurs besoins respiratoires lors des baisses de temp\u00e9rature. Utilisation : Hygi\u00e8ne des muqueuses par temps froid, changements d'environnement ou promiscuit\u00e9 avec d'autres chevaux. Chevaux suivis pour sensibilit\u00e9 respiratoire.","breadcrumb":{"@id":"https:\/\/www.vetorino.com\/boutique\/product\/balsamic-air-2\/#breadcrumb"},"inLanguage":"fr-FR","potentialAction":[{"@type":"ReadAction","target":["https:\/\/www.vetorino.com\/boutique\/product\/balsamic-air-2\/"]}]},{"@type":"ImageObject","inLanguage":"fr-FR","@id":"https:\/\/www.vetorino.com\/boutique\/product\/balsamic-air-2\/#primaryimage","url":"https:\/\/www.vetorino.com\/boutique\/wp-content\/uploads\/2021\/05\/balsamic-air-.png","contentUrl":"https:\/\/www.vetorino.com\/boutique\/wp-content\/uploads\/2021\/05\/balsamic-air-.png","width":800,"height":800},{"@type":"BreadcrumbList","@id":"https:\/\/www.vetorino.com\/boutique\/product\/balsamic-air-2\/#breadcrumb","itemListElement":[{"@type":"ListItem","position":1,"name":"Accueil","item":"https:\/\/www.vetorino.com\/boutique\/"},{"@type":"ListItem","position":2,"name":"Produits","item":"https:\/\/www.vetorino.com\/boutique\/"},{"@type":"ListItem","position":3,"name":"Balsamic Air"}]},{"@type":"WebSite","@id":"https:\/\/www.vetorino.com\/boutique\/#website","url":"https:\/\/www.vetorino.com\/boutique\/","name":"V\u00e9torino","description":"","publisher":{"@id":"https:\/\/www.vetorino.com\/boutique\/#organization"},"potentialAction":[{"@type":"SearchAction","target":{"@type":"EntryPoint","urlTemplate":"https:\/\/www.vetorino.com\/boutique\/?s={search_term_string}"},"query-input":{"@type":"PropertyValueSpecification","valueRequired":true,"valueName":"search_term_string"}}],"inLanguage":"fr-FR"},{"@type":"Organization","@id":"https:\/\/www.vetorino.com\/boutique\/#organization","name":"V\u00e9torino","url":"https:\/\/www.vetorino.com\/boutique\/","logo":{"@type":"ImageObject","inLanguage":"fr-FR","@id":"https:\/\/www.vetorino.com\/boutique\/#\/schema\/logo\/image\/","url":"https:\/\/www.vetorino.com\/boutique\/wp-content\/uploads\/2024\/10\/logo.jpg","contentUrl":"https:\/\/www.vetorino.com\/boutique\/wp-content\/uploads\/2024\/10\/logo.jpg","width":1200,"height":610,"caption":"V\u00e9torino"},"image":{"@id":"https:\/\/www.vetorino.com\/boutique\/#\/schema\/logo\/image\/"},"sameAs":["https:\/\/www.facebook.com\/Vetorino\/","https:\/\/www.instagram.com\/vetorino_off\/","https:\/\/www.linkedin.com\/company\/vtorino\/"]}]},"product_brand":"Audevard","og_availability":"instock","product_availability":"instock","product_condition":"new"},"_links":{"self":[{"href":"https:\/\/www.vetorino.com\/veterinaire\/prunelli-di-fiumorbo-20243\/boutique\/wp-json\/wp\/v2\/product\/177149","targetHints":{"allow":["GET"]}}],"collection":[{"href":"https:\/\/www.vetorino.com\/veterinaire\/prunelli-di-fiumorbo-20243\/boutique\/wp-json\/wp\/v2\/product"}],"about":[{"href":"https:\/\/www.vetorino.com\/veterinaire\/prunelli-di-fiumorbo-20243\/boutique\/wp-json\/wp\/v2\/types\/product"}],"wp:featuredmedia":[{"embeddable":true,"href":"https:\/\/www.vetorino.com\/veterinaire\/prunelli-di-fiumorbo-20243\/boutique\/wp-json\/wp\/v2\/media\/213441"}],"wp:attachment":[{"href":"https:\/\/www.vetorino.com\/veterinaire\/prunelli-di-fiumorbo-20243\/boutique\/wp-json\/wp\/v2\/media?parent=177149"}],"wp:term":[{"taxonomy":"product_cat","embeddable":true,"href":"https:\/\/www.vetorino.com\/veterinaire\/prunelli-di-fiumorbo-20243\/boutique\/wp-json\/wp\/v2\/product_cat?post=177149"},{"taxonomy":"product_tag","embeddable":true,"href":"https:\/\/www.vetorino.com\/veterinaire\/prunelli-di-fiumorbo-20243\/boutique\/wp-json\/wp\/v2\/product_tag?post=177149"}],"curies":[{"name":"wp","href":"https:\/\/api.w.org\/{rel}","templated":true}]}}