{"id":177251,"date":"2021-05-04T18:45:29","date_gmt":"2021-05-04T16:45:29","guid":{"rendered":"https:\/\/www.vetorino.com\/boutique\/product\/twydil-4legs\/"},"modified":"2022-01-04T15:32:32","modified_gmt":"2022-01-04T14:32:32","slug":"twydil-4legs","status":"publish","type":"product","link":"https:\/\/www.vetorino.com\/veterinaire\/prunelli-di-fiumorbo-20243\/boutique\/product\/twydil-4legs\/","title":{"rendered":"Twydil 4Legs"},"content":{"rendered":"<p>Cr\u00e8me apaisante et relaxante \u00e0 appliquer quotidiennement sur les jambes fatigu\u00e9es par l&#8217;effort.<\/p>\n<ul>\n<li>Produit particuli\u00e8rement recommand\u00e9 en cas de gonflement articulaire.<\/li>\n<li>Pr\u00e9sence d\u2019\u00e9rosion cutan\u00e9e ou d\u2019irritation au niveau des jambes ou d\u2019autres parties du corps.<\/li>\n<li>Rougeurs du pli du paturon.<\/li>\n<li>Cr\u00e8me d&#8217;entretien \u00e0 usage journalier.<\/li>\n<\/ul>\n<p><strong>Comment utiliser Twydil 4 Legs ?<\/strong><\/p>\n<p>Apr\u00e8s le travail, laver les jambes, les s\u00e9cher puis appliquer la cr\u00e8me en fine couche. Ne placer ni coton ni bandage.<br \/>\nDans la mesure du possible, laisser agir jusqu&#8217;au lendemain matin puis brosser avant le travail.\u00a0<strong>Pour les cas s\u00e9v\u00e8res<\/strong>, appliquer, laisser agir pendant 2 heures seulement, laver, s\u00e9cher et renouveler l&#8217;application.<\/p>\n<p>Utilisable m\u00eame en cas d\u2019\u00e9rosion cutan\u00e9e.<\/p>\n<p>Excellents r\u00e9sultats sur des gales de boues, assainit les jambes en quelques jours.<\/p>\n<p>A utiliser en fines couches.<\/p>\n","protected":false},"excerpt":{"rendered":"<p>Cr\u00e8me apaisante et relaxante \u00e0 appliquer quotidiennement sur les jambes fatigu\u00e9es par l&#8217;effort.<\/p>\n<ul>\n<li>Produit particuli\u00e8rement recommand\u00e9 en cas de gonflement articulaire.<\/li>\n<li>Pr\u00e9sence d\u2019\u00e9rosion cutan\u00e9e ou d\u2019irritation au niveau des jambes ou d\u2019autres parties du corps.<\/li>\n<li>Rougeurs du pli du paturon.<\/li>\n<li>Cr\u00e8me d&#8217;entretien \u00e0 usage journalier.<\/li>\n<\/ul>\n","protected":false},"featured_media":178179,"template":"","meta":[],"product_cat":[12547,13093,12565,12754],"product_tag":[],"class_list":{"0":"post-177251","1":"product","2":"type-product","3":"status-publish","4":"has-post-thumbnail","6":"product_cat-cheval","7":"product_cat-soin-musculaire-du-cheval","8":"product_cat-peau-corne-crin-du-cheval","9":"product_cat-soins-au-quotidien-du-cheval","10":"pa_marque-twydil","12":"first","13":"outofstock","14":"taxable","15":"shipping-taxable","16":"purchasable","17":"product-type-simple"},"yoast_head":"<!-- This site is optimized with the Yoast SEO plugin v27.3 - https:\/\/yoast.com\/product\/yoast-seo-wordpress\/ -->\n<title>Twydil 4Legs Twydil - V\u00e9torino<\/title>\n<meta name=\"description\" content=\"Cr\u00e8me apaisante et relaxante \u00e0 appliquer quotidiennement sur les jambes fatigu\u00e9es par l&#039;effort.   Produit particuli\u00e8rement recommand\u00e9 en cas de gonflement articulaire.  Pr\u00e9sence d\u2019\u00e9rosion cutan\u00e9e ou d\u2019irritation au niveau des jambes ou d\u2019autres parties du corps.  Rougeurs du pli du paturon.  Cr\u00e8me d&#039;entretien \u00e0 usage journalier.\" \/>\n<meta name=\"robots\" content=\"noindex, nofollow\" \/>\n<meta property=\"og:locale\" content=\"fr_FR\" \/>\n<meta property=\"og:type\" content=\"article\" \/>\n<meta property=\"og:title\" content=\"Twydil 4Legs Twydil - V\u00e9torino\" \/>\n<meta property=\"og:description\" content=\"Cr\u00e8me apaisante et relaxante \u00e0 appliquer quotidiennement sur les jambes fatigu\u00e9es par l&#039;effort.   Produit particuli\u00e8rement recommand\u00e9 en cas de gonflement articulaire.  Pr\u00e9sence d\u2019\u00e9rosion cutan\u00e9e ou d\u2019irritation au niveau des jambes ou d\u2019autres parties du corps.  Rougeurs du pli du paturon.  Cr\u00e8me d&#039;entretien \u00e0 usage journalier.\" \/>\n<meta property=\"og:url\" content=\"https:\/\/www.vetorino.com\/veterinaire\/prunelli-di-fiumorbo-20243\/boutique\/product\/twydil-4legs\/\" \/>\n<meta property=\"og:site_name\" content=\"V\u00e9torino\" \/>\n<meta property=\"article:publisher\" content=\"https:\/\/www.facebook.com\/Vetorino\/\" \/>\n<meta property=\"article:modified_time\" content=\"2022-01-04T14:32:32+00:00\" \/>\n<meta property=\"og:image\" content=\"https:\/\/www.vetorino.com\/boutique\/wp-content\/uploads\/2021\/05\/Eimer_4Legs_2kg_01.png\" \/>\n\t<meta property=\"og:image:width\" content=\"867\" \/>\n\t<meta property=\"og:image:height\" content=\"600\" \/>\n\t<meta property=\"og:image:type\" content=\"image\/png\" \/>\n<meta name=\"twitter:card\" content=\"summary_large_image\" \/>\n<meta name=\"twitter:label1\" content=\"Prix\" \/>\n\t<meta name=\"twitter:data1\" content=\"64,34&euro;\" \/>\n\t<meta name=\"twitter:label2\" content=\"Disponibilit\u00e9\" \/>\n\t<meta name=\"twitter:data2\" content=\"Rupture de stock\" \/>\n<script type=\"application\/ld+json\" class=\"yoast-schema-graph\">{\"@context\":\"https:\\\/\\\/schema.org\",\"@graph\":[{\"@type\":\"WebPage\",\"@id\":\"https:\\\/\\\/www.vetorino.com\\\/boutique\\\/product\\\/twydil-4legs\\\/\",\"url\":\"https:\\\/\\\/www.vetorino.com\\\/boutique\\\/product\\\/twydil-4legs\\\/\",\"name\":\"Twydil 4Legs Twydil - V\u00e9torino\",\"isPartOf\":{\"@id\":\"https:\\\/\\\/www.vetorino.com\\\/boutique\\\/#website\"},\"primaryImageOfPage\":{\"@id\":\"https:\\\/\\\/www.vetorino.com\\\/boutique\\\/product\\\/twydil-4legs\\\/#primaryimage\"},\"image\":{\"@id\":\"https:\\\/\\\/www.vetorino.com\\\/boutique\\\/product\\\/twydil-4legs\\\/#primaryimage\"},\"thumbnailUrl\":\"https:\\\/\\\/www.vetorino.com\\\/boutique\\\/wp-content\\\/uploads\\\/2021\\\/05\\\/Eimer_4Legs_2kg_01.png\",\"datePublished\":\"2021-05-04T16:45:29+00:00\",\"dateModified\":\"2022-01-04T14:32:32+00:00\",\"description\":\"Cr\u00e8me apaisante et relaxante \u00e0 appliquer quotidiennement sur les jambes fatigu\u00e9es par l'effort. Produit particuli\u00e8rement recommand\u00e9 en cas de gonflement articulaire. Pr\u00e9sence d\u2019\u00e9rosion cutan\u00e9e ou d\u2019irritation au niveau des jambes ou d\u2019autres parties du corps. Rougeurs du pli du paturon. Cr\u00e8me d'entretien \u00e0 usage journalier.\",\"breadcrumb\":{\"@id\":\"https:\\\/\\\/www.vetorino.com\\\/boutique\\\/product\\\/twydil-4legs\\\/#breadcrumb\"},\"inLanguage\":\"fr-FR\",\"potentialAction\":[{\"@type\":\"ReadAction\",\"target\":[\"https:\\\/\\\/www.vetorino.com\\\/boutique\\\/product\\\/twydil-4legs\\\/\"]}]},{\"@type\":\"ImageObject\",\"inLanguage\":\"fr-FR\",\"@id\":\"https:\\\/\\\/www.vetorino.com\\\/boutique\\\/product\\\/twydil-4legs\\\/#primaryimage\",\"url\":\"https:\\\/\\\/www.vetorino.com\\\/boutique\\\/wp-content\\\/uploads\\\/2021\\\/05\\\/Eimer_4Legs_2kg_01.png\",\"contentUrl\":\"https:\\\/\\\/www.vetorino.com\\\/boutique\\\/wp-content\\\/uploads\\\/2021\\\/05\\\/Eimer_4Legs_2kg_01.png\",\"width\":867,\"height\":600},{\"@type\":\"BreadcrumbList\",\"@id\":\"https:\\\/\\\/www.vetorino.com\\\/boutique\\\/product\\\/twydil-4legs\\\/#breadcrumb\",\"itemListElement\":[{\"@type\":\"ListItem\",\"position\":1,\"name\":\"Accueil\",\"item\":\"https:\\\/\\\/www.vetorino.com\\\/boutique\\\/\"},{\"@type\":\"ListItem\",\"position\":2,\"name\":\"Produits\",\"item\":\"https:\\\/\\\/www.vetorino.com\\\/boutique\\\/\"},{\"@type\":\"ListItem\",\"position\":3,\"name\":\"Twydil 4Legs\"}]},{\"@type\":\"WebSite\",\"@id\":\"https:\\\/\\\/www.vetorino.com\\\/boutique\\\/#website\",\"url\":\"https:\\\/\\\/www.vetorino.com\\\/boutique\\\/\",\"name\":\"V\u00e9torino\",\"description\":\"\",\"publisher\":{\"@id\":\"https:\\\/\\\/www.vetorino.com\\\/boutique\\\/#organization\"},\"potentialAction\":[{\"@type\":\"SearchAction\",\"target\":{\"@type\":\"EntryPoint\",\"urlTemplate\":\"https:\\\/\\\/www.vetorino.com\\\/boutique\\\/?s={search_term_string}\"},\"query-input\":{\"@type\":\"PropertyValueSpecification\",\"valueRequired\":true,\"valueName\":\"search_term_string\"}}],\"inLanguage\":\"fr-FR\"},{\"@type\":\"Organization\",\"@id\":\"https:\\\/\\\/www.vetorino.com\\\/boutique\\\/#organization\",\"name\":\"V\u00e9torino\",\"url\":\"https:\\\/\\\/www.vetorino.com\\\/boutique\\\/\",\"logo\":{\"@type\":\"ImageObject\",\"inLanguage\":\"fr-FR\",\"@id\":\"https:\\\/\\\/www.vetorino.com\\\/boutique\\\/#\\\/schema\\\/logo\\\/image\\\/\",\"url\":\"https:\\\/\\\/www.vetorino.com\\\/boutique\\\/wp-content\\\/uploads\\\/2024\\\/10\\\/logo.jpg\",\"contentUrl\":\"https:\\\/\\\/www.vetorino.com\\\/boutique\\\/wp-content\\\/uploads\\\/2024\\\/10\\\/logo.jpg\",\"width\":1200,\"height\":610,\"caption\":\"V\u00e9torino\"},\"image\":{\"@id\":\"https:\\\/\\\/www.vetorino.com\\\/boutique\\\/#\\\/schema\\\/logo\\\/image\\\/\"},\"sameAs\":[\"https:\\\/\\\/www.facebook.com\\\/Vetorino\\\/\",\"https:\\\/\\\/www.instagram.com\\\/vetorino_off\\\/\",\"https:\\\/\\\/www.linkedin.com\\\/company\\\/vtorino\\\/\"]}]}<\/script>\n<meta property=\"product:brand\" content=\"Twydil\" \/>\n<meta property=\"product:price:amount\" content=\"64.34\" \/>\n<meta property=\"product:price:currency\" content=\"EUR\" \/>\n<meta property=\"og:availability\" content=\"out of stock\" \/>\n<meta property=\"product:availability\" content=\"out of stock\" \/>\n<meta property=\"product:retailer_item_id\" content=\"A-4634173\" \/>\n<meta property=\"product:condition\" content=\"new\" \/>\n<!-- \/ Yoast SEO plugin. -->","yoast_head_json":{"title":"Twydil 4Legs Twydil - V\u00e9torino","description":"Cr\u00e8me apaisante et relaxante \u00e0 appliquer quotidiennement sur les jambes fatigu\u00e9es par l'effort.   Produit particuli\u00e8rement recommand\u00e9 en cas de gonflement articulaire.  Pr\u00e9sence d\u2019\u00e9rosion cutan\u00e9e ou d\u2019irritation au niveau des jambes ou d\u2019autres parties du corps.  Rougeurs du pli du paturon.  Cr\u00e8me d'entretien \u00e0 usage journalier.","robots":{"index":"noindex","follow":"nofollow"},"og_locale":"fr_FR","og_type":"article","og_title":"Twydil 4Legs Twydil - V\u00e9torino","og_description":"Cr\u00e8me apaisante et relaxante \u00e0 appliquer quotidiennement sur les jambes fatigu\u00e9es par l'effort.   Produit particuli\u00e8rement recommand\u00e9 en cas de gonflement articulaire.  Pr\u00e9sence d\u2019\u00e9rosion cutan\u00e9e ou d\u2019irritation au niveau des jambes ou d\u2019autres parties du corps.  Rougeurs du pli du paturon.  Cr\u00e8me d'entretien \u00e0 usage journalier.","og_url":"https:\/\/www.vetorino.com\/veterinaire\/prunelli-di-fiumorbo-20243\/boutique\/product\/twydil-4legs\/","og_site_name":"V\u00e9torino","article_publisher":"https:\/\/www.facebook.com\/Vetorino\/","article_modified_time":"2022-01-04T14:32:32+00:00","og_image":[{"width":867,"height":600,"url":"https:\/\/www.vetorino.com\/boutique\/wp-content\/uploads\/2021\/05\/Eimer_4Legs_2kg_01.png","type":"image\/png"}],"twitter_card":"summary_large_image","twitter_misc":{"Prix":"64,34&euro;","Disponibilit\u00e9":"Rupture de stock"},"schema":{"@context":"https:\/\/schema.org","@graph":[{"@type":"WebPage","@id":"https:\/\/www.vetorino.com\/boutique\/product\/twydil-4legs\/","url":"https:\/\/www.vetorino.com\/boutique\/product\/twydil-4legs\/","name":"Twydil 4Legs Twydil - V\u00e9torino","isPartOf":{"@id":"https:\/\/www.vetorino.com\/boutique\/#website"},"primaryImageOfPage":{"@id":"https:\/\/www.vetorino.com\/boutique\/product\/twydil-4legs\/#primaryimage"},"image":{"@id":"https:\/\/www.vetorino.com\/boutique\/product\/twydil-4legs\/#primaryimage"},"thumbnailUrl":"https:\/\/www.vetorino.com\/boutique\/wp-content\/uploads\/2021\/05\/Eimer_4Legs_2kg_01.png","datePublished":"2021-05-04T16:45:29+00:00","dateModified":"2022-01-04T14:32:32+00:00","description":"Cr\u00e8me apaisante et relaxante \u00e0 appliquer quotidiennement sur les jambes fatigu\u00e9es par l'effort. Produit particuli\u00e8rement recommand\u00e9 en cas de gonflement articulaire. Pr\u00e9sence d\u2019\u00e9rosion cutan\u00e9e ou d\u2019irritation au niveau des jambes ou d\u2019autres parties du corps. Rougeurs du pli du paturon. Cr\u00e8me d'entretien \u00e0 usage journalier.","breadcrumb":{"@id":"https:\/\/www.vetorino.com\/boutique\/product\/twydil-4legs\/#breadcrumb"},"inLanguage":"fr-FR","potentialAction":[{"@type":"ReadAction","target":["https:\/\/www.vetorino.com\/boutique\/product\/twydil-4legs\/"]}]},{"@type":"ImageObject","inLanguage":"fr-FR","@id":"https:\/\/www.vetorino.com\/boutique\/product\/twydil-4legs\/#primaryimage","url":"https:\/\/www.vetorino.com\/boutique\/wp-content\/uploads\/2021\/05\/Eimer_4Legs_2kg_01.png","contentUrl":"https:\/\/www.vetorino.com\/boutique\/wp-content\/uploads\/2021\/05\/Eimer_4Legs_2kg_01.png","width":867,"height":600},{"@type":"BreadcrumbList","@id":"https:\/\/www.vetorino.com\/boutique\/product\/twydil-4legs\/#breadcrumb","itemListElement":[{"@type":"ListItem","position":1,"name":"Accueil","item":"https:\/\/www.vetorino.com\/boutique\/"},{"@type":"ListItem","position":2,"name":"Produits","item":"https:\/\/www.vetorino.com\/boutique\/"},{"@type":"ListItem","position":3,"name":"Twydil 4Legs"}]},{"@type":"WebSite","@id":"https:\/\/www.vetorino.com\/boutique\/#website","url":"https:\/\/www.vetorino.com\/boutique\/","name":"V\u00e9torino","description":"","publisher":{"@id":"https:\/\/www.vetorino.com\/boutique\/#organization"},"potentialAction":[{"@type":"SearchAction","target":{"@type":"EntryPoint","urlTemplate":"https:\/\/www.vetorino.com\/boutique\/?s={search_term_string}"},"query-input":{"@type":"PropertyValueSpecification","valueRequired":true,"valueName":"search_term_string"}}],"inLanguage":"fr-FR"},{"@type":"Organization","@id":"https:\/\/www.vetorino.com\/boutique\/#organization","name":"V\u00e9torino","url":"https:\/\/www.vetorino.com\/boutique\/","logo":{"@type":"ImageObject","inLanguage":"fr-FR","@id":"https:\/\/www.vetorino.com\/boutique\/#\/schema\/logo\/image\/","url":"https:\/\/www.vetorino.com\/boutique\/wp-content\/uploads\/2024\/10\/logo.jpg","contentUrl":"https:\/\/www.vetorino.com\/boutique\/wp-content\/uploads\/2024\/10\/logo.jpg","width":1200,"height":610,"caption":"V\u00e9torino"},"image":{"@id":"https:\/\/www.vetorino.com\/boutique\/#\/schema\/logo\/image\/"},"sameAs":["https:\/\/www.facebook.com\/Vetorino\/","https:\/\/www.instagram.com\/vetorino_off\/","https:\/\/www.linkedin.com\/company\/vtorino\/"]}]},"product_brand":"Twydil","product_price_amount":"64.34","product_price_currency":"EUR","og_availability":"out of stock","product_availability":"out of stock","product_retailer_item_id":"A-4634173","product_condition":"new"},"_links":{"self":[{"href":"https:\/\/www.vetorino.com\/veterinaire\/prunelli-di-fiumorbo-20243\/boutique\/wp-json\/wp\/v2\/product\/177251","targetHints":{"allow":["GET"]}}],"collection":[{"href":"https:\/\/www.vetorino.com\/veterinaire\/prunelli-di-fiumorbo-20243\/boutique\/wp-json\/wp\/v2\/product"}],"about":[{"href":"https:\/\/www.vetorino.com\/veterinaire\/prunelli-di-fiumorbo-20243\/boutique\/wp-json\/wp\/v2\/types\/product"}],"wp:featuredmedia":[{"embeddable":true,"href":"https:\/\/www.vetorino.com\/veterinaire\/prunelli-di-fiumorbo-20243\/boutique\/wp-json\/wp\/v2\/media\/178179"}],"wp:attachment":[{"href":"https:\/\/www.vetorino.com\/veterinaire\/prunelli-di-fiumorbo-20243\/boutique\/wp-json\/wp\/v2\/media?parent=177251"}],"wp:term":[{"taxonomy":"product_cat","embeddable":true,"href":"https:\/\/www.vetorino.com\/veterinaire\/prunelli-di-fiumorbo-20243\/boutique\/wp-json\/wp\/v2\/product_cat?post=177251"},{"taxonomy":"product_tag","embeddable":true,"href":"https:\/\/www.vetorino.com\/veterinaire\/prunelli-di-fiumorbo-20243\/boutique\/wp-json\/wp\/v2\/product_tag?post=177251"}],"curies":[{"name":"wp","href":"https:\/\/api.w.org\/{rel}","templated":true}]}}