{"id":177301,"date":"2021-05-04T18:46:54","date_gmt":"2021-05-04T16:46:54","guid":{"rendered":"https:\/\/www.vetorino.com\/boutique\/product\/harpago-2\/"},"modified":"2022-01-04T16:54:02","modified_gmt":"2022-01-04T15:54:02","slug":"harpago-2","status":"publish","type":"product","link":"https:\/\/www.vetorino.com\/veterinaire\/prunelli-di-fiumorbo-20243\/boutique\/product\/harpago-2\/","title":{"rendered":"Harpago +"},"content":{"rendered":"<p>Harpago +\u00a0 Greenpex permet d&#8217;am\u00e9liorer le confort articulaire chez le cheval. Support nutritionnel pour l&#8217;appareil locomoteur du cheval de sport.<\/p>\n<ul>\n<li>Am\u00e9liore la mobilit\u00e9 et la souplesse articulaires et aide au maintien de l&#8217;int\u00e9grit\u00e9 des surfaces articulaires.<\/li>\n<li>Convient aux chevaux de sport et aux chevaux d&#8217;\u00e2ge.<\/li>\n<\/ul>\n<p><em>Mode d&#8217;emploi :<\/em><\/p>\n<ul>\n<li><em>Ajouter \u00e0 la ration journali\u00e8re une mesurette.<\/em><\/li>\n<li><em>Soit 15 g par cheval.<\/em><\/li>\n<\/ul>\n","protected":false},"excerpt":{"rendered":"<p><strong>Harpago +\u00a0 Greenpex<\/strong> permet d&#8217;am\u00e9liorer le confort articulaire chez le cheval. Support nutritionnel pour l&#8217;appareil locomoteur du cheval de sport.<\/p>\n<ul>\n<li>Am\u00e9liore la mobilit\u00e9 et la souplesse articulaires et aide au maintien de l&#8217;int\u00e9grit\u00e9 des surfaces articulaires.<\/li>\n<li>Convient aux chevaux de sport et aux chevaux d&#8217;\u00e2ge.<\/li>\n<\/ul>\n","protected":false},"featured_media":208422,"template":"","meta":[],"product_cat":[12564,12547,14072,12566,13093,12754],"product_tag":[],"class_list":{"0":"post-177301","1":"product","2":"type-product","3":"status-publish","4":"has-post-thumbnail","6":"product_cat-locomotion-du-cheval","7":"product_cat-cheval","8":"product_cat-dietetique-et-complements-alimentaires-du-cheval","9":"product_cat-performance-du-cheval","10":"product_cat-soin-musculaire-du-cheval","11":"product_cat-soins-au-quotidien-du-cheval","12":"pa_marque-greenpex","14":"first","15":"instock","16":"taxable","17":"shipping-taxable","18":"purchasable","19":"product-type-variable"},"yoast_head":"<!-- This site is optimized with the Yoast SEO plugin v27.3 - https:\/\/yoast.com\/product\/yoast-seo-wordpress\/ -->\n<title>Harpago + Greenpex - V\u00e9torino<\/title>\n<meta name=\"description\" content=\"Harpago +\u00a0 Greenpex permet d&#039;am\u00e9liorer le confort articulaire chez le cheval. Support nutritionnel pour l&#039;appareil locomoteur du cheval de sport.   Am\u00e9liore la mobilit\u00e9 et la souplesse articulaires et aide au maintien de l&#039;int\u00e9grit\u00e9 des surfaces articulaires.  Convient aux chevaux de sport et aux chevaux d&#039;\u00e2ge.\" \/>\n<meta name=\"robots\" content=\"noindex, nofollow\" \/>\n<meta property=\"og:locale\" content=\"fr_FR\" \/>\n<meta property=\"og:type\" content=\"article\" \/>\n<meta property=\"og:title\" content=\"Harpago + Greenpex - V\u00e9torino\" \/>\n<meta property=\"og:description\" content=\"Harpago +\u00a0 Greenpex permet d&#039;am\u00e9liorer le confort articulaire chez le cheval. Support nutritionnel pour l&#039;appareil locomoteur du cheval de sport.   Am\u00e9liore la mobilit\u00e9 et la souplesse articulaires et aide au maintien de l&#039;int\u00e9grit\u00e9 des surfaces articulaires.  Convient aux chevaux de sport et aux chevaux d&#039;\u00e2ge.\" \/>\n<meta property=\"og:url\" content=\"https:\/\/www.vetorino.com\/veterinaire\/prunelli-di-fiumorbo-20243\/boutique\/product\/harpago-2\/\" \/>\n<meta property=\"og:site_name\" content=\"V\u00e9torino\" \/>\n<meta property=\"article:publisher\" content=\"https:\/\/www.facebook.com\/Vetorino\/\" \/>\n<meta property=\"article:modified_time\" content=\"2022-01-04T15:54:02+00:00\" \/>\n<meta property=\"og:image\" content=\"https:\/\/www.vetorino.com\/boutique\/wp-content\/uploads\/2020\/06\/harpago-greenpex.jpg\" \/>\n\t<meta property=\"og:image:width\" content=\"458\" \/>\n\t<meta property=\"og:image:height\" content=\"458\" \/>\n\t<meta property=\"og:image:type\" content=\"image\/jpeg\" \/>\n<meta name=\"twitter:card\" content=\"summary_large_image\" \/>\n<meta name=\"twitter:label1\" content=\"Disponibilit\u00e9\" \/>\n\t<meta name=\"twitter:data1\" content=\"En stock\" \/>\n<script type=\"application\/ld+json\" class=\"yoast-schema-graph\">{\"@context\":\"https:\\\/\\\/schema.org\",\"@graph\":[{\"@type\":\"WebPage\",\"@id\":\"https:\\\/\\\/www.vetorino.com\\\/boutique\\\/product\\\/harpago-2\\\/\",\"url\":\"https:\\\/\\\/www.vetorino.com\\\/boutique\\\/product\\\/harpago-2\\\/\",\"name\":\"Harpago + Greenpex - V\u00e9torino\",\"isPartOf\":{\"@id\":\"https:\\\/\\\/www.vetorino.com\\\/boutique\\\/#website\"},\"primaryImageOfPage\":{\"@id\":\"https:\\\/\\\/www.vetorino.com\\\/boutique\\\/product\\\/harpago-2\\\/#primaryimage\"},\"image\":{\"@id\":\"https:\\\/\\\/www.vetorino.com\\\/boutique\\\/product\\\/harpago-2\\\/#primaryimage\"},\"thumbnailUrl\":\"https:\\\/\\\/www.vetorino.com\\\/boutique\\\/wp-content\\\/uploads\\\/2020\\\/06\\\/harpago-greenpex.jpg\",\"datePublished\":\"2021-05-04T16:46:54+00:00\",\"dateModified\":\"2022-01-04T15:54:02+00:00\",\"description\":\"Harpago +\u00a0 Greenpex permet d'am\u00e9liorer le confort articulaire chez le cheval. Support nutritionnel pour l'appareil locomoteur du cheval de sport. Am\u00e9liore la mobilit\u00e9 et la souplesse articulaires et aide au maintien de l'int\u00e9grit\u00e9 des surfaces articulaires. Convient aux chevaux de sport et aux chevaux d'\u00e2ge.\",\"breadcrumb\":{\"@id\":\"https:\\\/\\\/www.vetorino.com\\\/boutique\\\/product\\\/harpago-2\\\/#breadcrumb\"},\"inLanguage\":\"fr-FR\",\"potentialAction\":[{\"@type\":\"ReadAction\",\"target\":[\"https:\\\/\\\/www.vetorino.com\\\/boutique\\\/product\\\/harpago-2\\\/\"]}]},{\"@type\":\"ImageObject\",\"inLanguage\":\"fr-FR\",\"@id\":\"https:\\\/\\\/www.vetorino.com\\\/boutique\\\/product\\\/harpago-2\\\/#primaryimage\",\"url\":\"https:\\\/\\\/www.vetorino.com\\\/boutique\\\/wp-content\\\/uploads\\\/2020\\\/06\\\/harpago-greenpex.jpg\",\"contentUrl\":\"https:\\\/\\\/www.vetorino.com\\\/boutique\\\/wp-content\\\/uploads\\\/2020\\\/06\\\/harpago-greenpex.jpg\",\"width\":458,\"height\":458},{\"@type\":\"BreadcrumbList\",\"@id\":\"https:\\\/\\\/www.vetorino.com\\\/boutique\\\/product\\\/harpago-2\\\/#breadcrumb\",\"itemListElement\":[{\"@type\":\"ListItem\",\"position\":1,\"name\":\"Accueil\",\"item\":\"https:\\\/\\\/www.vetorino.com\\\/boutique\\\/\"},{\"@type\":\"ListItem\",\"position\":2,\"name\":\"Produits\",\"item\":\"https:\\\/\\\/www.vetorino.com\\\/boutique\\\/\"},{\"@type\":\"ListItem\",\"position\":3,\"name\":\"Harpago +\"}]},{\"@type\":\"WebSite\",\"@id\":\"https:\\\/\\\/www.vetorino.com\\\/boutique\\\/#website\",\"url\":\"https:\\\/\\\/www.vetorino.com\\\/boutique\\\/\",\"name\":\"V\u00e9torino\",\"description\":\"\",\"publisher\":{\"@id\":\"https:\\\/\\\/www.vetorino.com\\\/boutique\\\/#organization\"},\"potentialAction\":[{\"@type\":\"SearchAction\",\"target\":{\"@type\":\"EntryPoint\",\"urlTemplate\":\"https:\\\/\\\/www.vetorino.com\\\/boutique\\\/?s={search_term_string}\"},\"query-input\":{\"@type\":\"PropertyValueSpecification\",\"valueRequired\":true,\"valueName\":\"search_term_string\"}}],\"inLanguage\":\"fr-FR\"},{\"@type\":\"Organization\",\"@id\":\"https:\\\/\\\/www.vetorino.com\\\/boutique\\\/#organization\",\"name\":\"V\u00e9torino\",\"url\":\"https:\\\/\\\/www.vetorino.com\\\/boutique\\\/\",\"logo\":{\"@type\":\"ImageObject\",\"inLanguage\":\"fr-FR\",\"@id\":\"https:\\\/\\\/www.vetorino.com\\\/boutique\\\/#\\\/schema\\\/logo\\\/image\\\/\",\"url\":\"https:\\\/\\\/www.vetorino.com\\\/boutique\\\/wp-content\\\/uploads\\\/2024\\\/10\\\/logo.jpg\",\"contentUrl\":\"https:\\\/\\\/www.vetorino.com\\\/boutique\\\/wp-content\\\/uploads\\\/2024\\\/10\\\/logo.jpg\",\"width\":1200,\"height\":610,\"caption\":\"V\u00e9torino\"},\"image\":{\"@id\":\"https:\\\/\\\/www.vetorino.com\\\/boutique\\\/#\\\/schema\\\/logo\\\/image\\\/\"},\"sameAs\":[\"https:\\\/\\\/www.facebook.com\\\/Vetorino\\\/\",\"https:\\\/\\\/www.instagram.com\\\/vetorino_off\\\/\",\"https:\\\/\\\/www.linkedin.com\\\/company\\\/vtorino\\\/\"]}]}<\/script>\n<meta property=\"product:brand\" content=\"Greenpex\" \/>\n<meta property=\"og:availability\" content=\"instock\" \/>\n<meta property=\"product:availability\" content=\"instock\" \/>\n<meta property=\"product:condition\" content=\"new\" \/>\n<!-- \/ Yoast SEO plugin. -->","yoast_head_json":{"title":"Harpago + Greenpex - V\u00e9torino","description":"Harpago +\u00a0 Greenpex permet d'am\u00e9liorer le confort articulaire chez le cheval. Support nutritionnel pour l'appareil locomoteur du cheval de sport.   Am\u00e9liore la mobilit\u00e9 et la souplesse articulaires et aide au maintien de l'int\u00e9grit\u00e9 des surfaces articulaires.  Convient aux chevaux de sport et aux chevaux d'\u00e2ge.","robots":{"index":"noindex","follow":"nofollow"},"og_locale":"fr_FR","og_type":"article","og_title":"Harpago + Greenpex - V\u00e9torino","og_description":"Harpago +\u00a0 Greenpex permet d'am\u00e9liorer le confort articulaire chez le cheval. Support nutritionnel pour l'appareil locomoteur du cheval de sport.   Am\u00e9liore la mobilit\u00e9 et la souplesse articulaires et aide au maintien de l'int\u00e9grit\u00e9 des surfaces articulaires.  Convient aux chevaux de sport et aux chevaux d'\u00e2ge.","og_url":"https:\/\/www.vetorino.com\/veterinaire\/prunelli-di-fiumorbo-20243\/boutique\/product\/harpago-2\/","og_site_name":"V\u00e9torino","article_publisher":"https:\/\/www.facebook.com\/Vetorino\/","article_modified_time":"2022-01-04T15:54:02+00:00","og_image":[{"width":458,"height":458,"url":"https:\/\/www.vetorino.com\/boutique\/wp-content\/uploads\/2020\/06\/harpago-greenpex.jpg","type":"image\/jpeg"}],"twitter_card":"summary_large_image","twitter_misc":{"Disponibilit\u00e9":"En stock"},"schema":{"@context":"https:\/\/schema.org","@graph":[{"@type":"WebPage","@id":"https:\/\/www.vetorino.com\/boutique\/product\/harpago-2\/","url":"https:\/\/www.vetorino.com\/boutique\/product\/harpago-2\/","name":"Harpago + Greenpex - V\u00e9torino","isPartOf":{"@id":"https:\/\/www.vetorino.com\/boutique\/#website"},"primaryImageOfPage":{"@id":"https:\/\/www.vetorino.com\/boutique\/product\/harpago-2\/#primaryimage"},"image":{"@id":"https:\/\/www.vetorino.com\/boutique\/product\/harpago-2\/#primaryimage"},"thumbnailUrl":"https:\/\/www.vetorino.com\/boutique\/wp-content\/uploads\/2020\/06\/harpago-greenpex.jpg","datePublished":"2021-05-04T16:46:54+00:00","dateModified":"2022-01-04T15:54:02+00:00","description":"Harpago +\u00a0 Greenpex permet d'am\u00e9liorer le confort articulaire chez le cheval. Support nutritionnel pour l'appareil locomoteur du cheval de sport. Am\u00e9liore la mobilit\u00e9 et la souplesse articulaires et aide au maintien de l'int\u00e9grit\u00e9 des surfaces articulaires. Convient aux chevaux de sport et aux chevaux d'\u00e2ge.","breadcrumb":{"@id":"https:\/\/www.vetorino.com\/boutique\/product\/harpago-2\/#breadcrumb"},"inLanguage":"fr-FR","potentialAction":[{"@type":"ReadAction","target":["https:\/\/www.vetorino.com\/boutique\/product\/harpago-2\/"]}]},{"@type":"ImageObject","inLanguage":"fr-FR","@id":"https:\/\/www.vetorino.com\/boutique\/product\/harpago-2\/#primaryimage","url":"https:\/\/www.vetorino.com\/boutique\/wp-content\/uploads\/2020\/06\/harpago-greenpex.jpg","contentUrl":"https:\/\/www.vetorino.com\/boutique\/wp-content\/uploads\/2020\/06\/harpago-greenpex.jpg","width":458,"height":458},{"@type":"BreadcrumbList","@id":"https:\/\/www.vetorino.com\/boutique\/product\/harpago-2\/#breadcrumb","itemListElement":[{"@type":"ListItem","position":1,"name":"Accueil","item":"https:\/\/www.vetorino.com\/boutique\/"},{"@type":"ListItem","position":2,"name":"Produits","item":"https:\/\/www.vetorino.com\/boutique\/"},{"@type":"ListItem","position":3,"name":"Harpago +"}]},{"@type":"WebSite","@id":"https:\/\/www.vetorino.com\/boutique\/#website","url":"https:\/\/www.vetorino.com\/boutique\/","name":"V\u00e9torino","description":"","publisher":{"@id":"https:\/\/www.vetorino.com\/boutique\/#organization"},"potentialAction":[{"@type":"SearchAction","target":{"@type":"EntryPoint","urlTemplate":"https:\/\/www.vetorino.com\/boutique\/?s={search_term_string}"},"query-input":{"@type":"PropertyValueSpecification","valueRequired":true,"valueName":"search_term_string"}}],"inLanguage":"fr-FR"},{"@type":"Organization","@id":"https:\/\/www.vetorino.com\/boutique\/#organization","name":"V\u00e9torino","url":"https:\/\/www.vetorino.com\/boutique\/","logo":{"@type":"ImageObject","inLanguage":"fr-FR","@id":"https:\/\/www.vetorino.com\/boutique\/#\/schema\/logo\/image\/","url":"https:\/\/www.vetorino.com\/boutique\/wp-content\/uploads\/2024\/10\/logo.jpg","contentUrl":"https:\/\/www.vetorino.com\/boutique\/wp-content\/uploads\/2024\/10\/logo.jpg","width":1200,"height":610,"caption":"V\u00e9torino"},"image":{"@id":"https:\/\/www.vetorino.com\/boutique\/#\/schema\/logo\/image\/"},"sameAs":["https:\/\/www.facebook.com\/Vetorino\/","https:\/\/www.instagram.com\/vetorino_off\/","https:\/\/www.linkedin.com\/company\/vtorino\/"]}]},"product_brand":"Greenpex","og_availability":"instock","product_availability":"instock","product_condition":"new"},"_links":{"self":[{"href":"https:\/\/www.vetorino.com\/veterinaire\/prunelli-di-fiumorbo-20243\/boutique\/wp-json\/wp\/v2\/product\/177301","targetHints":{"allow":["GET"]}}],"collection":[{"href":"https:\/\/www.vetorino.com\/veterinaire\/prunelli-di-fiumorbo-20243\/boutique\/wp-json\/wp\/v2\/product"}],"about":[{"href":"https:\/\/www.vetorino.com\/veterinaire\/prunelli-di-fiumorbo-20243\/boutique\/wp-json\/wp\/v2\/types\/product"}],"wp:featuredmedia":[{"embeddable":true,"href":"https:\/\/www.vetorino.com\/veterinaire\/prunelli-di-fiumorbo-20243\/boutique\/wp-json\/wp\/v2\/media\/208422"}],"wp:attachment":[{"href":"https:\/\/www.vetorino.com\/veterinaire\/prunelli-di-fiumorbo-20243\/boutique\/wp-json\/wp\/v2\/media?parent=177301"}],"wp:term":[{"taxonomy":"product_cat","embeddable":true,"href":"https:\/\/www.vetorino.com\/veterinaire\/prunelli-di-fiumorbo-20243\/boutique\/wp-json\/wp\/v2\/product_cat?post=177301"},{"taxonomy":"product_tag","embeddable":true,"href":"https:\/\/www.vetorino.com\/veterinaire\/prunelli-di-fiumorbo-20243\/boutique\/wp-json\/wp\/v2\/product_tag?post=177301"}],"curies":[{"name":"wp","href":"https:\/\/api.w.org\/{rel}","templated":true}]}}