{"id":177384,"date":"2021-05-04T19:03:32","date_gmt":"2021-05-04T17:03:32","guid":{"rendered":"https:\/\/www.vetorino.com\/boutique\/product\/bonutron-stud-g1-l6\/"},"modified":"2025-02-19T17:39:30","modified_gmt":"2025-02-19T16:39:30","slug":"bonutron-stud-g1-l6","status":"publish","type":"product","link":"https:\/\/www.vetorino.com\/veterinaire\/prunelli-di-fiumorbo-20243\/boutique\/product\/bonutron-stud-g1-l6\/","title":{"rendered":"Bonutron Stud G1-L6"},"content":{"rendered":"<p><strong>BONUTRON STUD G1 &#8211; L6 est un apport nutritionnel compl\u00e9mentaire adapt\u00e9 aux besoins des juments en gestation et allaitantes.<\/strong><\/p>\n<p><strong>Utilisation:<br \/>\n<\/strong><\/p>\n<ul>\n<li>Juments en gestation et allaitantes.<\/li>\n<li>Poulain sous la m\u00e8re jusqu&#8217;\u00e0 6 mois.<\/li>\n<li>En compl\u00e9ment de l&#8217;alimentation quotidienne.<\/li>\n<\/ul>\n<p><strong>Avantages :<\/strong><\/p>\n<ul>\n<li><strong>Adapt\u00e9 aux juments en gestation et allaitantes<\/strong>\u00a0: Apporte les \u00e9l\u00e9ments se trouvant en quantit\u00e9 insuffisante dans l&#8217;alimentation quotidienne: Min\u00e9raux + 14 vitamines + 45 oligo-\u00e9l\u00e9ments +1 acides amin\u00e9s + 2 \u00e9l\u00e9ments &#8220;bonus&#8221;<\/li>\n<li>Sp\u00e9cialement d\u00e9velopp\u00e9e pour les rations riches en fourrage et con\u00e7ue pour\u00a0<strong>s&#8217;adapter \u00e0 tous les types de rations usuelles<\/strong>\u00a0chez les poulini\u00e8res (fourrage + orge\/avoine, avec ou sans concentr\u00e9 industriel).<\/li>\n<li><strong>S\u00e9curisation de la ration<\/strong>\u00a0:\u00a0contient un capteur de mycotoxines.<\/li>\n<li>Une cible : la\u00a0<strong>croissance harmonieuse<\/strong>\u00a0du poulain !<\/li>\n<\/ul>\n","protected":false},"excerpt":{"rendered":"<p><strong>BONUTRON STUD G1 &#8211; L6 est un apport nutritionnel compl\u00e9mentaire adapt\u00e9 aux besoins des juments en gestation et allaitantes.<\/strong><\/p>\n<p><strong>Utilisation:<br \/>\n<\/strong><\/p>\n<ul>\n<li>Juments en gestation et allaitantes.<\/li>\n<li>Poulain sous la m\u00e8re jusqu&#8217;\u00e0 6 mois.<\/li>\n<li>En compl\u00e9ment de l&#8217;alimentation quotidienne.<\/li>\n<\/ul>\n","protected":false},"featured_media":213212,"template":"","meta":[],"product_cat":[12757,12547,12758],"product_tag":[],"class_list":{"0":"post-177384","1":"product","2":"type-product","3":"status-publish","4":"has-post-thumbnail","6":"product_cat-alimentation-du-cheval","7":"product_cat-cheval","8":"product_cat-elevage-et-lait-maternise-pour-cheval","9":"pa_marque-audevard","11":"first","12":"outofstock","13":"taxable","14":"shipping-taxable","15":"product-type-variable"},"yoast_head":"<!-- This site is optimized with the Yoast SEO plugin v27.3 - https:\/\/yoast.com\/product\/yoast-seo-wordpress\/ -->\n<title>Bonutron Stud G1-L6 Audevard - V\u00e9torino<\/title>\n<meta name=\"description\" content=\"BONUTRON STUD G1 - L6 est un apport nutritionnel compl\u00e9mentaire adapt\u00e9 aux besoins des juments en gestation et allaitantes.  Utilisation:    Juments en gestation et allaitantes.  Poulain sous la m\u00e8re jusqu&#039;\u00e0 6 mois.  En compl\u00e9ment de l&#039;alimentation quotidienne.\" \/>\n<meta name=\"robots\" content=\"noindex, nofollow\" \/>\n<meta property=\"og:locale\" content=\"fr_FR\" \/>\n<meta property=\"og:type\" content=\"article\" \/>\n<meta property=\"og:title\" content=\"Bonutron Stud G1-L6 Audevard - V\u00e9torino\" \/>\n<meta property=\"og:description\" content=\"BONUTRON STUD G1 - L6 est un apport nutritionnel compl\u00e9mentaire adapt\u00e9 aux besoins des juments en gestation et allaitantes.  Utilisation:    Juments en gestation et allaitantes.  Poulain sous la m\u00e8re jusqu&#039;\u00e0 6 mois.  En compl\u00e9ment de l&#039;alimentation quotidienne.\" \/>\n<meta property=\"og:url\" content=\"https:\/\/www.vetorino.com\/veterinaire\/prunelli-di-fiumorbo-20243\/boutique\/product\/bonutron-stud-g1-l6\/\" \/>\n<meta property=\"og:site_name\" content=\"V\u00e9torino\" \/>\n<meta property=\"article:publisher\" content=\"https:\/\/www.facebook.com\/Vetorino\/\" \/>\n<meta property=\"article:modified_time\" content=\"2025-02-19T16:39:30+00:00\" \/>\n<meta property=\"og:image\" content=\"https:\/\/www.vetorino.com\/boutique\/wp-content\/uploads\/2021\/05\/bonutron-stud-g1-l6-1.png\" \/>\n\t<meta property=\"og:image:width\" content=\"800\" \/>\n\t<meta property=\"og:image:height\" content=\"800\" \/>\n\t<meta property=\"og:image:type\" content=\"image\/png\" \/>\n<meta name=\"twitter:card\" content=\"summary_large_image\" \/>\n<meta name=\"twitter:label1\" content=\"Disponibilit\u00e9\" \/>\n\t<meta name=\"twitter:data1\" content=\"Rupture de stock\" \/>\n<script type=\"application\/ld+json\" class=\"yoast-schema-graph\">{\"@context\":\"https:\\\/\\\/schema.org\",\"@graph\":[{\"@type\":\"WebPage\",\"@id\":\"https:\\\/\\\/www.vetorino.com\\\/boutique\\\/product\\\/bonutron-stud-g1-l6\\\/\",\"url\":\"https:\\\/\\\/www.vetorino.com\\\/boutique\\\/product\\\/bonutron-stud-g1-l6\\\/\",\"name\":\"Bonutron Stud G1-L6 Audevard - V\u00e9torino\",\"isPartOf\":{\"@id\":\"https:\\\/\\\/www.vetorino.com\\\/boutique\\\/#website\"},\"primaryImageOfPage\":{\"@id\":\"https:\\\/\\\/www.vetorino.com\\\/boutique\\\/product\\\/bonutron-stud-g1-l6\\\/#primaryimage\"},\"image\":{\"@id\":\"https:\\\/\\\/www.vetorino.com\\\/boutique\\\/product\\\/bonutron-stud-g1-l6\\\/#primaryimage\"},\"thumbnailUrl\":\"https:\\\/\\\/www.vetorino.com\\\/boutique\\\/wp-content\\\/uploads\\\/2021\\\/05\\\/bonutron-stud-g1-l6-1.png\",\"datePublished\":\"2021-05-04T17:03:32+00:00\",\"dateModified\":\"2025-02-19T16:39:30+00:00\",\"description\":\"BONUTRON STUD G1 - L6 est un apport nutritionnel compl\u00e9mentaire adapt\u00e9 aux besoins des juments en gestation et allaitantes. Utilisation: Juments en gestation et allaitantes. Poulain sous la m\u00e8re jusqu'\u00e0 6 mois. En compl\u00e9ment de l'alimentation quotidienne.\",\"breadcrumb\":{\"@id\":\"https:\\\/\\\/www.vetorino.com\\\/boutique\\\/product\\\/bonutron-stud-g1-l6\\\/#breadcrumb\"},\"inLanguage\":\"fr-FR\",\"potentialAction\":[{\"@type\":\"ReadAction\",\"target\":[\"https:\\\/\\\/www.vetorino.com\\\/boutique\\\/product\\\/bonutron-stud-g1-l6\\\/\"]}]},{\"@type\":\"ImageObject\",\"inLanguage\":\"fr-FR\",\"@id\":\"https:\\\/\\\/www.vetorino.com\\\/boutique\\\/product\\\/bonutron-stud-g1-l6\\\/#primaryimage\",\"url\":\"https:\\\/\\\/www.vetorino.com\\\/boutique\\\/wp-content\\\/uploads\\\/2021\\\/05\\\/bonutron-stud-g1-l6-1.png\",\"contentUrl\":\"https:\\\/\\\/www.vetorino.com\\\/boutique\\\/wp-content\\\/uploads\\\/2021\\\/05\\\/bonutron-stud-g1-l6-1.png\",\"width\":800,\"height\":800},{\"@type\":\"BreadcrumbList\",\"@id\":\"https:\\\/\\\/www.vetorino.com\\\/boutique\\\/product\\\/bonutron-stud-g1-l6\\\/#breadcrumb\",\"itemListElement\":[{\"@type\":\"ListItem\",\"position\":1,\"name\":\"Accueil\",\"item\":\"https:\\\/\\\/www.vetorino.com\\\/boutique\\\/\"},{\"@type\":\"ListItem\",\"position\":2,\"name\":\"Produits\",\"item\":\"https:\\\/\\\/www.vetorino.com\\\/boutique\\\/\"},{\"@type\":\"ListItem\",\"position\":3,\"name\":\"Bonutron Stud G1-L6\"}]},{\"@type\":\"WebSite\",\"@id\":\"https:\\\/\\\/www.vetorino.com\\\/boutique\\\/#website\",\"url\":\"https:\\\/\\\/www.vetorino.com\\\/boutique\\\/\",\"name\":\"V\u00e9torino\",\"description\":\"\",\"publisher\":{\"@id\":\"https:\\\/\\\/www.vetorino.com\\\/boutique\\\/#organization\"},\"potentialAction\":[{\"@type\":\"SearchAction\",\"target\":{\"@type\":\"EntryPoint\",\"urlTemplate\":\"https:\\\/\\\/www.vetorino.com\\\/boutique\\\/?s={search_term_string}\"},\"query-input\":{\"@type\":\"PropertyValueSpecification\",\"valueRequired\":true,\"valueName\":\"search_term_string\"}}],\"inLanguage\":\"fr-FR\"},{\"@type\":\"Organization\",\"@id\":\"https:\\\/\\\/www.vetorino.com\\\/boutique\\\/#organization\",\"name\":\"V\u00e9torino\",\"url\":\"https:\\\/\\\/www.vetorino.com\\\/boutique\\\/\",\"logo\":{\"@type\":\"ImageObject\",\"inLanguage\":\"fr-FR\",\"@id\":\"https:\\\/\\\/www.vetorino.com\\\/boutique\\\/#\\\/schema\\\/logo\\\/image\\\/\",\"url\":\"https:\\\/\\\/www.vetorino.com\\\/boutique\\\/wp-content\\\/uploads\\\/2024\\\/10\\\/logo.jpg\",\"contentUrl\":\"https:\\\/\\\/www.vetorino.com\\\/boutique\\\/wp-content\\\/uploads\\\/2024\\\/10\\\/logo.jpg\",\"width\":1200,\"height\":610,\"caption\":\"V\u00e9torino\"},\"image\":{\"@id\":\"https:\\\/\\\/www.vetorino.com\\\/boutique\\\/#\\\/schema\\\/logo\\\/image\\\/\"},\"sameAs\":[\"https:\\\/\\\/www.facebook.com\\\/Vetorino\\\/\",\"https:\\\/\\\/www.instagram.com\\\/vetorino_off\\\/\",\"https:\\\/\\\/www.linkedin.com\\\/company\\\/vtorino\\\/\"]}]}<\/script>\n<meta property=\"product:brand\" content=\"Audevard\" \/>\n<meta property=\"og:availability\" content=\"out of stock\" \/>\n<meta property=\"product:availability\" content=\"out of stock\" \/>\n<meta property=\"product:condition\" content=\"new\" \/>\n<!-- \/ Yoast SEO plugin. -->","yoast_head_json":{"title":"Bonutron Stud G1-L6 Audevard - V\u00e9torino","description":"BONUTRON STUD G1 - L6 est un apport nutritionnel compl\u00e9mentaire adapt\u00e9 aux besoins des juments en gestation et allaitantes.  Utilisation:    Juments en gestation et allaitantes.  Poulain sous la m\u00e8re jusqu'\u00e0 6 mois.  En compl\u00e9ment de l'alimentation quotidienne.","robots":{"index":"noindex","follow":"nofollow"},"og_locale":"fr_FR","og_type":"article","og_title":"Bonutron Stud G1-L6 Audevard - V\u00e9torino","og_description":"BONUTRON STUD G1 - L6 est un apport nutritionnel compl\u00e9mentaire adapt\u00e9 aux besoins des juments en gestation et allaitantes.  Utilisation:    Juments en gestation et allaitantes.  Poulain sous la m\u00e8re jusqu'\u00e0 6 mois.  En compl\u00e9ment de l'alimentation quotidienne.","og_url":"https:\/\/www.vetorino.com\/veterinaire\/prunelli-di-fiumorbo-20243\/boutique\/product\/bonutron-stud-g1-l6\/","og_site_name":"V\u00e9torino","article_publisher":"https:\/\/www.facebook.com\/Vetorino\/","article_modified_time":"2025-02-19T16:39:30+00:00","og_image":[{"width":800,"height":800,"url":"https:\/\/www.vetorino.com\/boutique\/wp-content\/uploads\/2021\/05\/bonutron-stud-g1-l6-1.png","type":"image\/png"}],"twitter_card":"summary_large_image","twitter_misc":{"Disponibilit\u00e9":"Rupture de stock"},"schema":{"@context":"https:\/\/schema.org","@graph":[{"@type":"WebPage","@id":"https:\/\/www.vetorino.com\/boutique\/product\/bonutron-stud-g1-l6\/","url":"https:\/\/www.vetorino.com\/boutique\/product\/bonutron-stud-g1-l6\/","name":"Bonutron Stud G1-L6 Audevard - V\u00e9torino","isPartOf":{"@id":"https:\/\/www.vetorino.com\/boutique\/#website"},"primaryImageOfPage":{"@id":"https:\/\/www.vetorino.com\/boutique\/product\/bonutron-stud-g1-l6\/#primaryimage"},"image":{"@id":"https:\/\/www.vetorino.com\/boutique\/product\/bonutron-stud-g1-l6\/#primaryimage"},"thumbnailUrl":"https:\/\/www.vetorino.com\/boutique\/wp-content\/uploads\/2021\/05\/bonutron-stud-g1-l6-1.png","datePublished":"2021-05-04T17:03:32+00:00","dateModified":"2025-02-19T16:39:30+00:00","description":"BONUTRON STUD G1 - L6 est un apport nutritionnel compl\u00e9mentaire adapt\u00e9 aux besoins des juments en gestation et allaitantes. Utilisation: Juments en gestation et allaitantes. Poulain sous la m\u00e8re jusqu'\u00e0 6 mois. En compl\u00e9ment de l'alimentation quotidienne.","breadcrumb":{"@id":"https:\/\/www.vetorino.com\/boutique\/product\/bonutron-stud-g1-l6\/#breadcrumb"},"inLanguage":"fr-FR","potentialAction":[{"@type":"ReadAction","target":["https:\/\/www.vetorino.com\/boutique\/product\/bonutron-stud-g1-l6\/"]}]},{"@type":"ImageObject","inLanguage":"fr-FR","@id":"https:\/\/www.vetorino.com\/boutique\/product\/bonutron-stud-g1-l6\/#primaryimage","url":"https:\/\/www.vetorino.com\/boutique\/wp-content\/uploads\/2021\/05\/bonutron-stud-g1-l6-1.png","contentUrl":"https:\/\/www.vetorino.com\/boutique\/wp-content\/uploads\/2021\/05\/bonutron-stud-g1-l6-1.png","width":800,"height":800},{"@type":"BreadcrumbList","@id":"https:\/\/www.vetorino.com\/boutique\/product\/bonutron-stud-g1-l6\/#breadcrumb","itemListElement":[{"@type":"ListItem","position":1,"name":"Accueil","item":"https:\/\/www.vetorino.com\/boutique\/"},{"@type":"ListItem","position":2,"name":"Produits","item":"https:\/\/www.vetorino.com\/boutique\/"},{"@type":"ListItem","position":3,"name":"Bonutron Stud G1-L6"}]},{"@type":"WebSite","@id":"https:\/\/www.vetorino.com\/boutique\/#website","url":"https:\/\/www.vetorino.com\/boutique\/","name":"V\u00e9torino","description":"","publisher":{"@id":"https:\/\/www.vetorino.com\/boutique\/#organization"},"potentialAction":[{"@type":"SearchAction","target":{"@type":"EntryPoint","urlTemplate":"https:\/\/www.vetorino.com\/boutique\/?s={search_term_string}"},"query-input":{"@type":"PropertyValueSpecification","valueRequired":true,"valueName":"search_term_string"}}],"inLanguage":"fr-FR"},{"@type":"Organization","@id":"https:\/\/www.vetorino.com\/boutique\/#organization","name":"V\u00e9torino","url":"https:\/\/www.vetorino.com\/boutique\/","logo":{"@type":"ImageObject","inLanguage":"fr-FR","@id":"https:\/\/www.vetorino.com\/boutique\/#\/schema\/logo\/image\/","url":"https:\/\/www.vetorino.com\/boutique\/wp-content\/uploads\/2024\/10\/logo.jpg","contentUrl":"https:\/\/www.vetorino.com\/boutique\/wp-content\/uploads\/2024\/10\/logo.jpg","width":1200,"height":610,"caption":"V\u00e9torino"},"image":{"@id":"https:\/\/www.vetorino.com\/boutique\/#\/schema\/logo\/image\/"},"sameAs":["https:\/\/www.facebook.com\/Vetorino\/","https:\/\/www.instagram.com\/vetorino_off\/","https:\/\/www.linkedin.com\/company\/vtorino\/"]}]},"product_brand":"Audevard","og_availability":"out of stock","product_availability":"out of stock","product_condition":"new"},"_links":{"self":[{"href":"https:\/\/www.vetorino.com\/veterinaire\/prunelli-di-fiumorbo-20243\/boutique\/wp-json\/wp\/v2\/product\/177384","targetHints":{"allow":["GET"]}}],"collection":[{"href":"https:\/\/www.vetorino.com\/veterinaire\/prunelli-di-fiumorbo-20243\/boutique\/wp-json\/wp\/v2\/product"}],"about":[{"href":"https:\/\/www.vetorino.com\/veterinaire\/prunelli-di-fiumorbo-20243\/boutique\/wp-json\/wp\/v2\/types\/product"}],"wp:featuredmedia":[{"embeddable":true,"href":"https:\/\/www.vetorino.com\/veterinaire\/prunelli-di-fiumorbo-20243\/boutique\/wp-json\/wp\/v2\/media\/213212"}],"wp:attachment":[{"href":"https:\/\/www.vetorino.com\/veterinaire\/prunelli-di-fiumorbo-20243\/boutique\/wp-json\/wp\/v2\/media?parent=177384"}],"wp:term":[{"taxonomy":"product_cat","embeddable":true,"href":"https:\/\/www.vetorino.com\/veterinaire\/prunelli-di-fiumorbo-20243\/boutique\/wp-json\/wp\/v2\/product_cat?post=177384"},{"taxonomy":"product_tag","embeddable":true,"href":"https:\/\/www.vetorino.com\/veterinaire\/prunelli-di-fiumorbo-20243\/boutique\/wp-json\/wp\/v2\/product_tag?post=177384"}],"curies":[{"name":"wp","href":"https:\/\/api.w.org\/{rel}","templated":true}]}}