{"id":177407,"date":"2021-05-04T19:03:49","date_gmt":"2021-05-04T17:03:49","guid":{"rendered":"https:\/\/www.vetorino.com\/boutique\/product\/zzen-flash-2\/"},"modified":"2024-03-14T14:54:55","modified_gmt":"2024-03-14T13:54:55","slug":"zzen-flash-2","status":"publish","type":"product","link":"https:\/\/www.vetorino.com\/veterinaire\/prunelli-di-fiumorbo-20243\/boutique\/product\/zzen-flash-2\/","title":{"rendered":"Zzen Flash"},"content":{"rendered":"<p><strong>ZZEN a \u00e9t\u00e9 formul\u00e9 par les Laboratoires AUDEVARD pour apporter un soutien nutritionnel compl\u00e9mentaire pour la pr\u00e9paration \u00e0 une situation inhabituelle (transport, comp\u00e9tition\u2026).<br \/>\n<\/strong><\/p>\n<p><strong>Utilisation :<\/strong><\/p>\n<ul>\n<li>R\u00e9duction du stress chez le cheval (lors du transport, d&#8217;un changement d&#8217;environnement etc&#8230;).<\/li>\n<\/ul>\n<p><strong>Mode d&#8217;emploi :<\/strong><\/p>\n<ul>\n<li>Vider le contenu de la seringue dans la bouche du cheval. Le produit devra \u00eatre donn\u00e9 une heure avant le moment cibl\u00e9 et l&#8217;appr\u00e9ciation du produit dure entre 3 et 8h (ceci peut varier en fonctions des individus).<\/li>\n<li>Si n\u00e9cessaire administrer \u00e9galement la veille au soir.<\/li>\n<\/ul>\n<p><strong>Avantages\u00a0:<\/strong><\/p>\n<ul>\n<li>La formule de Zzen Flash contient du Tryptophane techniquement pur et du magn\u00e9sium qui sont consomm\u00e9s de fa\u00e7on accrue par le cheval anxieux. La pr\u00e9sence de l\u2019Angelica archangelica vient compl\u00e9ter cette formule ar\u00f4matis\u00e9e \u00e0 l\u2019abricot\/ p\u00eache.<\/li>\n<li>Les utilisateurs appr\u00e9cient Zzen Flash car il apporte un soutien aux chevaux nerveux <strong>sans affecter leur disponibilit\u00e9 au travail<\/strong>.<\/li>\n<li>Et pour les chevaux nerveux sur des longues p\u00e9riodes, pensez \u00e0 utiliser <strong>Zzen Solution<\/strong>. Les deux formules peuvent \u00eatre associ\u00e9es ponctuellement pour des chevaux qui pr\u00e9sentent fr\u00e9quemment des signes de nervosit\u00e9, et elles n\u2019affectent pas les performances sportives du cheval.<\/li>\n<\/ul>\n","protected":false},"excerpt":{"rendered":"<p><strong>ZZEN a \u00e9t\u00e9 formul\u00e9 par les Laboratoires AUDEVARD pour apporter un soutien nutritionnel compl\u00e9mentaire pour la pr\u00e9paration \u00e0 une situation inhabituelle (transport, comp\u00e9tition\u2026).<\/strong><\/p>\n","protected":false},"featured_media":867203,"template":"","meta":[],"product_cat":[12547,12555,14072],"product_tag":[],"class_list":{"0":"post-177407","1":"product","2":"type-product","3":"status-publish","4":"has-post-thumbnail","6":"product_cat-cheval","7":"product_cat-comportement-du-cheval","8":"product_cat-dietetique-et-complements-alimentaires-du-cheval","9":"pa_marque-audevard","11":"first","12":"outofstock","13":"taxable","14":"shipping-taxable","15":"purchasable","16":"product-type-simple"},"yoast_head":"<!-- This site is optimized with the Yoast SEO plugin v27.3 - https:\/\/yoast.com\/product\/yoast-seo-wordpress\/ -->\n<title>Zzen Flash Audevard - V\u00e9torino<\/title>\n<meta name=\"description\" content=\"ZZEN a \u00e9t\u00e9 formul\u00e9 par les Laboratoires AUDEVARD pour apporter un soutien nutritionnel compl\u00e9mentaire pour la pr\u00e9paration \u00e0 une situation inhabituelle (transport, comp\u00e9tition\u2026).\" \/>\n<meta name=\"robots\" content=\"noindex, nofollow\" \/>\n<meta property=\"og:locale\" content=\"fr_FR\" \/>\n<meta property=\"og:type\" content=\"article\" \/>\n<meta property=\"og:title\" content=\"Zzen Flash Audevard - V\u00e9torino\" \/>\n<meta property=\"og:description\" content=\"ZZEN a \u00e9t\u00e9 formul\u00e9 par les Laboratoires AUDEVARD pour apporter un soutien nutritionnel compl\u00e9mentaire pour la pr\u00e9paration \u00e0 une situation inhabituelle (transport, comp\u00e9tition\u2026).\" \/>\n<meta property=\"og:url\" content=\"https:\/\/www.vetorino.com\/veterinaire\/prunelli-di-fiumorbo-20243\/boutique\/product\/zzen-flash-2\/\" \/>\n<meta property=\"og:site_name\" content=\"V\u00e9torino\" \/>\n<meta property=\"article:publisher\" content=\"https:\/\/www.facebook.com\/Vetorino\/\" \/>\n<meta property=\"article:modified_time\" content=\"2024-03-14T13:54:55+00:00\" \/>\n<meta property=\"og:image\" content=\"https:\/\/www.vetorino.com\/boutique\/wp-content\/uploads\/2021\/05\/zzen-flash.webp\" \/>\n\t<meta property=\"og:image:width\" content=\"458\" \/>\n\t<meta property=\"og:image:height\" content=\"458\" \/>\n\t<meta property=\"og:image:type\" content=\"image\/webp\" \/>\n<meta name=\"twitter:card\" content=\"summary_large_image\" \/>\n<meta name=\"twitter:label1\" content=\"Prix\" \/>\n\t<meta name=\"twitter:data1\" content=\"17,35&euro;\" \/>\n\t<meta name=\"twitter:label2\" content=\"Disponibilit\u00e9\" \/>\n\t<meta name=\"twitter:data2\" content=\"Rupture de stock\" \/>\n<script type=\"application\/ld+json\" class=\"yoast-schema-graph\">{\"@context\":\"https:\\\/\\\/schema.org\",\"@graph\":[{\"@type\":\"WebPage\",\"@id\":\"https:\\\/\\\/www.vetorino.com\\\/boutique\\\/product\\\/zzen-flash-2\\\/\",\"url\":\"https:\\\/\\\/www.vetorino.com\\\/boutique\\\/product\\\/zzen-flash-2\\\/\",\"name\":\"Zzen Flash Audevard - V\u00e9torino\",\"isPartOf\":{\"@id\":\"https:\\\/\\\/www.vetorino.com\\\/boutique\\\/#website\"},\"primaryImageOfPage\":{\"@id\":\"https:\\\/\\\/www.vetorino.com\\\/boutique\\\/product\\\/zzen-flash-2\\\/#primaryimage\"},\"image\":{\"@id\":\"https:\\\/\\\/www.vetorino.com\\\/boutique\\\/product\\\/zzen-flash-2\\\/#primaryimage\"},\"thumbnailUrl\":\"https:\\\/\\\/www.vetorino.com\\\/boutique\\\/wp-content\\\/uploads\\\/2021\\\/05\\\/zzen-flash.webp\",\"datePublished\":\"2021-05-04T17:03:49+00:00\",\"dateModified\":\"2024-03-14T13:54:55+00:00\",\"description\":\"ZZEN a \u00e9t\u00e9 formul\u00e9 par les Laboratoires AUDEVARD pour apporter un soutien nutritionnel compl\u00e9mentaire pour la pr\u00e9paration \u00e0 une situation inhabituelle (transport, comp\u00e9tition\u2026).\",\"breadcrumb\":{\"@id\":\"https:\\\/\\\/www.vetorino.com\\\/boutique\\\/product\\\/zzen-flash-2\\\/#breadcrumb\"},\"inLanguage\":\"fr-FR\",\"potentialAction\":[{\"@type\":\"ReadAction\",\"target\":[\"https:\\\/\\\/www.vetorino.com\\\/boutique\\\/product\\\/zzen-flash-2\\\/\"]}]},{\"@type\":\"ImageObject\",\"inLanguage\":\"fr-FR\",\"@id\":\"https:\\\/\\\/www.vetorino.com\\\/boutique\\\/product\\\/zzen-flash-2\\\/#primaryimage\",\"url\":\"https:\\\/\\\/www.vetorino.com\\\/boutique\\\/wp-content\\\/uploads\\\/2021\\\/05\\\/zzen-flash.webp\",\"contentUrl\":\"https:\\\/\\\/www.vetorino.com\\\/boutique\\\/wp-content\\\/uploads\\\/2021\\\/05\\\/zzen-flash.webp\",\"width\":458,\"height\":458},{\"@type\":\"BreadcrumbList\",\"@id\":\"https:\\\/\\\/www.vetorino.com\\\/boutique\\\/product\\\/zzen-flash-2\\\/#breadcrumb\",\"itemListElement\":[{\"@type\":\"ListItem\",\"position\":1,\"name\":\"Accueil\",\"item\":\"https:\\\/\\\/www.vetorino.com\\\/boutique\\\/\"},{\"@type\":\"ListItem\",\"position\":2,\"name\":\"Produits\",\"item\":\"https:\\\/\\\/www.vetorino.com\\\/boutique\\\/\"},{\"@type\":\"ListItem\",\"position\":3,\"name\":\"Zzen Flash\"}]},{\"@type\":\"WebSite\",\"@id\":\"https:\\\/\\\/www.vetorino.com\\\/boutique\\\/#website\",\"url\":\"https:\\\/\\\/www.vetorino.com\\\/boutique\\\/\",\"name\":\"V\u00e9torino\",\"description\":\"\",\"publisher\":{\"@id\":\"https:\\\/\\\/www.vetorino.com\\\/boutique\\\/#organization\"},\"potentialAction\":[{\"@type\":\"SearchAction\",\"target\":{\"@type\":\"EntryPoint\",\"urlTemplate\":\"https:\\\/\\\/www.vetorino.com\\\/boutique\\\/?s={search_term_string}\"},\"query-input\":{\"@type\":\"PropertyValueSpecification\",\"valueRequired\":true,\"valueName\":\"search_term_string\"}}],\"inLanguage\":\"fr-FR\"},{\"@type\":\"Organization\",\"@id\":\"https:\\\/\\\/www.vetorino.com\\\/boutique\\\/#organization\",\"name\":\"V\u00e9torino\",\"url\":\"https:\\\/\\\/www.vetorino.com\\\/boutique\\\/\",\"logo\":{\"@type\":\"ImageObject\",\"inLanguage\":\"fr-FR\",\"@id\":\"https:\\\/\\\/www.vetorino.com\\\/boutique\\\/#\\\/schema\\\/logo\\\/image\\\/\",\"url\":\"https:\\\/\\\/www.vetorino.com\\\/boutique\\\/wp-content\\\/uploads\\\/2024\\\/10\\\/logo.jpg\",\"contentUrl\":\"https:\\\/\\\/www.vetorino.com\\\/boutique\\\/wp-content\\\/uploads\\\/2024\\\/10\\\/logo.jpg\",\"width\":1200,\"height\":610,\"caption\":\"V\u00e9torino\"},\"image\":{\"@id\":\"https:\\\/\\\/www.vetorino.com\\\/boutique\\\/#\\\/schema\\\/logo\\\/image\\\/\"},\"sameAs\":[\"https:\\\/\\\/www.facebook.com\\\/Vetorino\\\/\",\"https:\\\/\\\/www.instagram.com\\\/vetorino_off\\\/\",\"https:\\\/\\\/www.linkedin.com\\\/company\\\/vtorino\\\/\"]}]}<\/script>\n<meta property=\"product:brand\" content=\"Audevard\" \/>\n<meta property=\"product:price:amount\" content=\"17.35\" \/>\n<meta property=\"product:price:currency\" content=\"EUR\" \/>\n<meta property=\"og:availability\" content=\"out of stock\" \/>\n<meta property=\"product:availability\" content=\"out of stock\" \/>\n<meta property=\"product:retailer_item_id\" content=\"A-1802160\" \/>\n<meta property=\"product:condition\" content=\"new\" \/>\n<!-- \/ Yoast SEO plugin. -->","yoast_head_json":{"title":"Zzen Flash Audevard - V\u00e9torino","description":"ZZEN a \u00e9t\u00e9 formul\u00e9 par les Laboratoires AUDEVARD pour apporter un soutien nutritionnel compl\u00e9mentaire pour la pr\u00e9paration \u00e0 une situation inhabituelle (transport, comp\u00e9tition\u2026).","robots":{"index":"noindex","follow":"nofollow"},"og_locale":"fr_FR","og_type":"article","og_title":"Zzen Flash Audevard - V\u00e9torino","og_description":"ZZEN a \u00e9t\u00e9 formul\u00e9 par les Laboratoires AUDEVARD pour apporter un soutien nutritionnel compl\u00e9mentaire pour la pr\u00e9paration \u00e0 une situation inhabituelle (transport, comp\u00e9tition\u2026).","og_url":"https:\/\/www.vetorino.com\/veterinaire\/prunelli-di-fiumorbo-20243\/boutique\/product\/zzen-flash-2\/","og_site_name":"V\u00e9torino","article_publisher":"https:\/\/www.facebook.com\/Vetorino\/","article_modified_time":"2024-03-14T13:54:55+00:00","og_image":[{"width":458,"height":458,"url":"https:\/\/www.vetorino.com\/boutique\/wp-content\/uploads\/2021\/05\/zzen-flash.webp","type":"image\/webp"}],"twitter_card":"summary_large_image","twitter_misc":{"Prix":"17,35&euro;","Disponibilit\u00e9":"Rupture de stock"},"schema":{"@context":"https:\/\/schema.org","@graph":[{"@type":"WebPage","@id":"https:\/\/www.vetorino.com\/boutique\/product\/zzen-flash-2\/","url":"https:\/\/www.vetorino.com\/boutique\/product\/zzen-flash-2\/","name":"Zzen Flash Audevard - V\u00e9torino","isPartOf":{"@id":"https:\/\/www.vetorino.com\/boutique\/#website"},"primaryImageOfPage":{"@id":"https:\/\/www.vetorino.com\/boutique\/product\/zzen-flash-2\/#primaryimage"},"image":{"@id":"https:\/\/www.vetorino.com\/boutique\/product\/zzen-flash-2\/#primaryimage"},"thumbnailUrl":"https:\/\/www.vetorino.com\/boutique\/wp-content\/uploads\/2021\/05\/zzen-flash.webp","datePublished":"2021-05-04T17:03:49+00:00","dateModified":"2024-03-14T13:54:55+00:00","description":"ZZEN a \u00e9t\u00e9 formul\u00e9 par les Laboratoires AUDEVARD pour apporter un soutien nutritionnel compl\u00e9mentaire pour la pr\u00e9paration \u00e0 une situation inhabituelle (transport, comp\u00e9tition\u2026).","breadcrumb":{"@id":"https:\/\/www.vetorino.com\/boutique\/product\/zzen-flash-2\/#breadcrumb"},"inLanguage":"fr-FR","potentialAction":[{"@type":"ReadAction","target":["https:\/\/www.vetorino.com\/boutique\/product\/zzen-flash-2\/"]}]},{"@type":"ImageObject","inLanguage":"fr-FR","@id":"https:\/\/www.vetorino.com\/boutique\/product\/zzen-flash-2\/#primaryimage","url":"https:\/\/www.vetorino.com\/boutique\/wp-content\/uploads\/2021\/05\/zzen-flash.webp","contentUrl":"https:\/\/www.vetorino.com\/boutique\/wp-content\/uploads\/2021\/05\/zzen-flash.webp","width":458,"height":458},{"@type":"BreadcrumbList","@id":"https:\/\/www.vetorino.com\/boutique\/product\/zzen-flash-2\/#breadcrumb","itemListElement":[{"@type":"ListItem","position":1,"name":"Accueil","item":"https:\/\/www.vetorino.com\/boutique\/"},{"@type":"ListItem","position":2,"name":"Produits","item":"https:\/\/www.vetorino.com\/boutique\/"},{"@type":"ListItem","position":3,"name":"Zzen Flash"}]},{"@type":"WebSite","@id":"https:\/\/www.vetorino.com\/boutique\/#website","url":"https:\/\/www.vetorino.com\/boutique\/","name":"V\u00e9torino","description":"","publisher":{"@id":"https:\/\/www.vetorino.com\/boutique\/#organization"},"potentialAction":[{"@type":"SearchAction","target":{"@type":"EntryPoint","urlTemplate":"https:\/\/www.vetorino.com\/boutique\/?s={search_term_string}"},"query-input":{"@type":"PropertyValueSpecification","valueRequired":true,"valueName":"search_term_string"}}],"inLanguage":"fr-FR"},{"@type":"Organization","@id":"https:\/\/www.vetorino.com\/boutique\/#organization","name":"V\u00e9torino","url":"https:\/\/www.vetorino.com\/boutique\/","logo":{"@type":"ImageObject","inLanguage":"fr-FR","@id":"https:\/\/www.vetorino.com\/boutique\/#\/schema\/logo\/image\/","url":"https:\/\/www.vetorino.com\/boutique\/wp-content\/uploads\/2024\/10\/logo.jpg","contentUrl":"https:\/\/www.vetorino.com\/boutique\/wp-content\/uploads\/2024\/10\/logo.jpg","width":1200,"height":610,"caption":"V\u00e9torino"},"image":{"@id":"https:\/\/www.vetorino.com\/boutique\/#\/schema\/logo\/image\/"},"sameAs":["https:\/\/www.facebook.com\/Vetorino\/","https:\/\/www.instagram.com\/vetorino_off\/","https:\/\/www.linkedin.com\/company\/vtorino\/"]}]},"product_brand":"Audevard","product_price_amount":"17.35","product_price_currency":"EUR","og_availability":"out of stock","product_availability":"out of stock","product_retailer_item_id":"A-1802160","product_condition":"new"},"_links":{"self":[{"href":"https:\/\/www.vetorino.com\/veterinaire\/prunelli-di-fiumorbo-20243\/boutique\/wp-json\/wp\/v2\/product\/177407","targetHints":{"allow":["GET"]}}],"collection":[{"href":"https:\/\/www.vetorino.com\/veterinaire\/prunelli-di-fiumorbo-20243\/boutique\/wp-json\/wp\/v2\/product"}],"about":[{"href":"https:\/\/www.vetorino.com\/veterinaire\/prunelli-di-fiumorbo-20243\/boutique\/wp-json\/wp\/v2\/types\/product"}],"wp:featuredmedia":[{"embeddable":true,"href":"https:\/\/www.vetorino.com\/veterinaire\/prunelli-di-fiumorbo-20243\/boutique\/wp-json\/wp\/v2\/media\/867203"}],"wp:attachment":[{"href":"https:\/\/www.vetorino.com\/veterinaire\/prunelli-di-fiumorbo-20243\/boutique\/wp-json\/wp\/v2\/media?parent=177407"}],"wp:term":[{"taxonomy":"product_cat","embeddable":true,"href":"https:\/\/www.vetorino.com\/veterinaire\/prunelli-di-fiumorbo-20243\/boutique\/wp-json\/wp\/v2\/product_cat?post=177407"},{"taxonomy":"product_tag","embeddable":true,"href":"https:\/\/www.vetorino.com\/veterinaire\/prunelli-di-fiumorbo-20243\/boutique\/wp-json\/wp\/v2\/product_tag?post=177407"}],"curies":[{"name":"wp","href":"https:\/\/api.w.org\/{rel}","templated":true}]}}