{"id":179386,"date":"2021-05-07T17:04:29","date_gmt":"2021-05-07T15:04:29","guid":{"rendered":"https:\/\/www.vetorino.com\/boutique\/product\/tondeuse-heiniger-a-batterie\/"},"modified":"2024-07-16T11:45:14","modified_gmt":"2024-07-16T09:45:14","slug":"tondeuse-heiniger-a-batterie","status":"publish","type":"product","link":"https:\/\/www.vetorino.com\/veterinaire\/prunelli-di-fiumorbo-20243\/boutique\/product\/tondeuse-heiniger-a-batterie\/","title":{"rendered":"Tondeuse Heiniger XPLORER a batterie"},"content":{"rendered":"<p>La nouvelle tondeuse <strong>XPLORER<\/strong> \u00e0 batterie est la derni\u00e8re innovation technologique. Tr\u00e8s puissante, elle s\u2019adaptera parfaitement pour la tonte des chevaux et bovins.<\/p>\n<p>Sans fil, elle offre jusqu\u2019\u00e0 2 heures d\u2019autonomie et accorde plus de flexibilit\u00e9 gr\u00e2ce \u00e0 son syst\u00e8me sans fil. Vous pourrez facilement l\u2019emmener partout pour tondre votre b\u00e9tail.<\/p>\n<p>Solide et durable gr\u00e2ce \u00e0 son renforcement en fibre de verre. Aucune sortie d\u2019air d\u00e9rangeante, aucune perte de puissance due au d\u00e9veloppement de l\u2019entra\u00eenement du double pignon. Batterie de 2600 mAh Li-Ion haute performance 3-cell. Le chargeur pratique gr\u00e2ce au t\u00e9moin de charge LED pourra recharger votre batterie en 1h environ.<\/p>\n<p>Certifications de s\u00e9curit\u00e9 : CE\/\u00e9lectrosuisse.<\/p>\n","protected":false},"excerpt":{"rendered":"<p>La nouvelle tondeuse <strong>XPLORER<\/strong> \u00e0 batterie est la derni\u00e8re innovation technologique. Tr\u00e8s puissante, elle s\u2019adaptera parfaitement pour la tonte des chevaux et bovins, Peigne et contre-peigne pour tondeuse Heiniger.<\/p>\n","protected":false},"featured_media":974770,"template":"","meta":[],"product_cat":[6864,6870,12760,12765],"product_tag":[],"class_list":{"0":"post-179386","1":"product","2":"type-product","3":"status-publish","4":"has-post-thumbnail","6":"product_cat-animaux-delevage","7":"product_cat-bovins","8":"product_cat-materiel-et-equipement-du-cheval","9":"product_cat-tonte-du-cheval","10":"pa_marque-heiniger","12":"first","13":"instock","14":"taxable","15":"shipping-taxable","16":"purchasable","17":"product-type-variable"},"yoast_head":"<!-- This site is optimized with the Yoast SEO plugin v27.3 - https:\/\/yoast.com\/product\/yoast-seo-wordpress\/ -->\n<title>Tondeuse Heiniger XPLORER a batterie Heiniger - V\u00e9torino<\/title>\n<meta name=\"description\" content=\"La nouvelle tondeuse XPLORER \u00e0 batterie est la derni\u00e8re innovation technologique. Tr\u00e8s puissante, elle s\u2019adaptera parfaitement pour la tonte des chevaux et bovins, Peigne et contre-peigne pour tondeuse Heiniger.\" \/>\n<meta name=\"robots\" content=\"noindex, nofollow\" \/>\n<meta property=\"og:locale\" content=\"fr_FR\" \/>\n<meta property=\"og:type\" content=\"article\" \/>\n<meta property=\"og:title\" content=\"Tondeuse Heiniger XPLORER a batterie Heiniger - V\u00e9torino\" \/>\n<meta property=\"og:description\" content=\"La nouvelle tondeuse XPLORER \u00e0 batterie est la derni\u00e8re innovation technologique. Tr\u00e8s puissante, elle s\u2019adaptera parfaitement pour la tonte des chevaux et bovins, Peigne et contre-peigne pour tondeuse Heiniger.\" \/>\n<meta property=\"og:url\" content=\"https:\/\/www.vetorino.com\/veterinaire\/prunelli-di-fiumorbo-20243\/boutique\/product\/tondeuse-heiniger-a-batterie\/\" \/>\n<meta property=\"og:site_name\" content=\"V\u00e9torino\" \/>\n<meta property=\"article:publisher\" content=\"https:\/\/www.facebook.com\/Vetorino\/\" \/>\n<meta property=\"article:modified_time\" content=\"2024-07-16T09:45:14+00:00\" \/>\n<meta property=\"og:image\" content=\"https:\/\/www.vetorino.com\/boutique\/wp-content\/uploads\/2021\/05\/100264-tondeuse-heiniger-XPLORER-5-480x480-1.png\" \/>\n\t<meta property=\"og:image:width\" content=\"480\" \/>\n\t<meta property=\"og:image:height\" content=\"480\" \/>\n\t<meta property=\"og:image:type\" content=\"image\/png\" \/>\n<meta name=\"twitter:card\" content=\"summary_large_image\" \/>\n<meta name=\"twitter:label1\" content=\"Disponibilit\u00e9\" \/>\n\t<meta name=\"twitter:data1\" content=\"En stock\" \/>\n<script type=\"application\/ld+json\" class=\"yoast-schema-graph\">{\"@context\":\"https:\\\/\\\/schema.org\",\"@graph\":[{\"@type\":\"WebPage\",\"@id\":\"https:\\\/\\\/www.vetorino.com\\\/boutique\\\/product\\\/tondeuse-heiniger-a-batterie\\\/\",\"url\":\"https:\\\/\\\/www.vetorino.com\\\/boutique\\\/product\\\/tondeuse-heiniger-a-batterie\\\/\",\"name\":\"Tondeuse Heiniger XPLORER a batterie Heiniger - V\u00e9torino\",\"isPartOf\":{\"@id\":\"https:\\\/\\\/www.vetorino.com\\\/boutique\\\/#website\"},\"primaryImageOfPage\":{\"@id\":\"https:\\\/\\\/www.vetorino.com\\\/boutique\\\/product\\\/tondeuse-heiniger-a-batterie\\\/#primaryimage\"},\"image\":{\"@id\":\"https:\\\/\\\/www.vetorino.com\\\/boutique\\\/product\\\/tondeuse-heiniger-a-batterie\\\/#primaryimage\"},\"thumbnailUrl\":\"https:\\\/\\\/www.vetorino.com\\\/boutique\\\/wp-content\\\/uploads\\\/2021\\\/05\\\/100264-tondeuse-heiniger-XPLORER-5-480x480-1.png\",\"datePublished\":\"2021-05-07T15:04:29+00:00\",\"dateModified\":\"2024-07-16T09:45:14+00:00\",\"description\":\"La nouvelle tondeuse XPLORER \u00e0 batterie est la derni\u00e8re innovation technologique. Tr\u00e8s puissante, elle s\u2019adaptera parfaitement pour la tonte des chevaux et bovins, Peigne et contre-peigne pour tondeuse Heiniger.\",\"breadcrumb\":{\"@id\":\"https:\\\/\\\/www.vetorino.com\\\/boutique\\\/product\\\/tondeuse-heiniger-a-batterie\\\/#breadcrumb\"},\"inLanguage\":\"fr-FR\",\"potentialAction\":[{\"@type\":\"ReadAction\",\"target\":[\"https:\\\/\\\/www.vetorino.com\\\/boutique\\\/product\\\/tondeuse-heiniger-a-batterie\\\/\"]}]},{\"@type\":\"ImageObject\",\"inLanguage\":\"fr-FR\",\"@id\":\"https:\\\/\\\/www.vetorino.com\\\/boutique\\\/product\\\/tondeuse-heiniger-a-batterie\\\/#primaryimage\",\"url\":\"https:\\\/\\\/www.vetorino.com\\\/boutique\\\/wp-content\\\/uploads\\\/2021\\\/05\\\/100264-tondeuse-heiniger-XPLORER-5-480x480-1.png\",\"contentUrl\":\"https:\\\/\\\/www.vetorino.com\\\/boutique\\\/wp-content\\\/uploads\\\/2021\\\/05\\\/100264-tondeuse-heiniger-XPLORER-5-480x480-1.png\",\"width\":480,\"height\":480},{\"@type\":\"BreadcrumbList\",\"@id\":\"https:\\\/\\\/www.vetorino.com\\\/boutique\\\/product\\\/tondeuse-heiniger-a-batterie\\\/#breadcrumb\",\"itemListElement\":[{\"@type\":\"ListItem\",\"position\":1,\"name\":\"Accueil\",\"item\":\"https:\\\/\\\/www.vetorino.com\\\/boutique\\\/\"},{\"@type\":\"ListItem\",\"position\":2,\"name\":\"Produits\",\"item\":\"https:\\\/\\\/www.vetorino.com\\\/boutique\\\/\"},{\"@type\":\"ListItem\",\"position\":3,\"name\":\"Tondeuse Heiniger XPLORER a batterie\"}]},{\"@type\":\"WebSite\",\"@id\":\"https:\\\/\\\/www.vetorino.com\\\/boutique\\\/#website\",\"url\":\"https:\\\/\\\/www.vetorino.com\\\/boutique\\\/\",\"name\":\"V\u00e9torino\",\"description\":\"\",\"publisher\":{\"@id\":\"https:\\\/\\\/www.vetorino.com\\\/boutique\\\/#organization\"},\"potentialAction\":[{\"@type\":\"SearchAction\",\"target\":{\"@type\":\"EntryPoint\",\"urlTemplate\":\"https:\\\/\\\/www.vetorino.com\\\/boutique\\\/?s={search_term_string}\"},\"query-input\":{\"@type\":\"PropertyValueSpecification\",\"valueRequired\":true,\"valueName\":\"search_term_string\"}}],\"inLanguage\":\"fr-FR\"},{\"@type\":\"Organization\",\"@id\":\"https:\\\/\\\/www.vetorino.com\\\/boutique\\\/#organization\",\"name\":\"V\u00e9torino\",\"url\":\"https:\\\/\\\/www.vetorino.com\\\/boutique\\\/\",\"logo\":{\"@type\":\"ImageObject\",\"inLanguage\":\"fr-FR\",\"@id\":\"https:\\\/\\\/www.vetorino.com\\\/boutique\\\/#\\\/schema\\\/logo\\\/image\\\/\",\"url\":\"https:\\\/\\\/www.vetorino.com\\\/boutique\\\/wp-content\\\/uploads\\\/2024\\\/10\\\/logo.jpg\",\"contentUrl\":\"https:\\\/\\\/www.vetorino.com\\\/boutique\\\/wp-content\\\/uploads\\\/2024\\\/10\\\/logo.jpg\",\"width\":1200,\"height\":610,\"caption\":\"V\u00e9torino\"},\"image\":{\"@id\":\"https:\\\/\\\/www.vetorino.com\\\/boutique\\\/#\\\/schema\\\/logo\\\/image\\\/\"},\"sameAs\":[\"https:\\\/\\\/www.facebook.com\\\/Vetorino\\\/\",\"https:\\\/\\\/www.instagram.com\\\/vetorino_off\\\/\",\"https:\\\/\\\/www.linkedin.com\\\/company\\\/vtorino\\\/\"]}]}<\/script>\n<meta property=\"product:brand\" content=\"Heiniger\" \/>\n<meta property=\"og:availability\" content=\"instock\" \/>\n<meta property=\"product:availability\" content=\"instock\" \/>\n<meta property=\"product:condition\" content=\"new\" \/>\n<!-- \/ Yoast SEO plugin. -->","yoast_head_json":{"title":"Tondeuse Heiniger XPLORER a batterie Heiniger - V\u00e9torino","description":"La nouvelle tondeuse XPLORER \u00e0 batterie est la derni\u00e8re innovation technologique. Tr\u00e8s puissante, elle s\u2019adaptera parfaitement pour la tonte des chevaux et bovins, Peigne et contre-peigne pour tondeuse Heiniger.","robots":{"index":"noindex","follow":"nofollow"},"og_locale":"fr_FR","og_type":"article","og_title":"Tondeuse Heiniger XPLORER a batterie Heiniger - V\u00e9torino","og_description":"La nouvelle tondeuse XPLORER \u00e0 batterie est la derni\u00e8re innovation technologique. Tr\u00e8s puissante, elle s\u2019adaptera parfaitement pour la tonte des chevaux et bovins, Peigne et contre-peigne pour tondeuse Heiniger.","og_url":"https:\/\/www.vetorino.com\/veterinaire\/prunelli-di-fiumorbo-20243\/boutique\/product\/tondeuse-heiniger-a-batterie\/","og_site_name":"V\u00e9torino","article_publisher":"https:\/\/www.facebook.com\/Vetorino\/","article_modified_time":"2024-07-16T09:45:14+00:00","og_image":[{"width":480,"height":480,"url":"https:\/\/www.vetorino.com\/boutique\/wp-content\/uploads\/2021\/05\/100264-tondeuse-heiniger-XPLORER-5-480x480-1.png","type":"image\/png"}],"twitter_card":"summary_large_image","twitter_misc":{"Disponibilit\u00e9":"En stock"},"schema":{"@context":"https:\/\/schema.org","@graph":[{"@type":"WebPage","@id":"https:\/\/www.vetorino.com\/boutique\/product\/tondeuse-heiniger-a-batterie\/","url":"https:\/\/www.vetorino.com\/boutique\/product\/tondeuse-heiniger-a-batterie\/","name":"Tondeuse Heiniger XPLORER a batterie Heiniger - V\u00e9torino","isPartOf":{"@id":"https:\/\/www.vetorino.com\/boutique\/#website"},"primaryImageOfPage":{"@id":"https:\/\/www.vetorino.com\/boutique\/product\/tondeuse-heiniger-a-batterie\/#primaryimage"},"image":{"@id":"https:\/\/www.vetorino.com\/boutique\/product\/tondeuse-heiniger-a-batterie\/#primaryimage"},"thumbnailUrl":"https:\/\/www.vetorino.com\/boutique\/wp-content\/uploads\/2021\/05\/100264-tondeuse-heiniger-XPLORER-5-480x480-1.png","datePublished":"2021-05-07T15:04:29+00:00","dateModified":"2024-07-16T09:45:14+00:00","description":"La nouvelle tondeuse XPLORER \u00e0 batterie est la derni\u00e8re innovation technologique. Tr\u00e8s puissante, elle s\u2019adaptera parfaitement pour la tonte des chevaux et bovins, Peigne et contre-peigne pour tondeuse Heiniger.","breadcrumb":{"@id":"https:\/\/www.vetorino.com\/boutique\/product\/tondeuse-heiniger-a-batterie\/#breadcrumb"},"inLanguage":"fr-FR","potentialAction":[{"@type":"ReadAction","target":["https:\/\/www.vetorino.com\/boutique\/product\/tondeuse-heiniger-a-batterie\/"]}]},{"@type":"ImageObject","inLanguage":"fr-FR","@id":"https:\/\/www.vetorino.com\/boutique\/product\/tondeuse-heiniger-a-batterie\/#primaryimage","url":"https:\/\/www.vetorino.com\/boutique\/wp-content\/uploads\/2021\/05\/100264-tondeuse-heiniger-XPLORER-5-480x480-1.png","contentUrl":"https:\/\/www.vetorino.com\/boutique\/wp-content\/uploads\/2021\/05\/100264-tondeuse-heiniger-XPLORER-5-480x480-1.png","width":480,"height":480},{"@type":"BreadcrumbList","@id":"https:\/\/www.vetorino.com\/boutique\/product\/tondeuse-heiniger-a-batterie\/#breadcrumb","itemListElement":[{"@type":"ListItem","position":1,"name":"Accueil","item":"https:\/\/www.vetorino.com\/boutique\/"},{"@type":"ListItem","position":2,"name":"Produits","item":"https:\/\/www.vetorino.com\/boutique\/"},{"@type":"ListItem","position":3,"name":"Tondeuse Heiniger XPLORER a batterie"}]},{"@type":"WebSite","@id":"https:\/\/www.vetorino.com\/boutique\/#website","url":"https:\/\/www.vetorino.com\/boutique\/","name":"V\u00e9torino","description":"","publisher":{"@id":"https:\/\/www.vetorino.com\/boutique\/#organization"},"potentialAction":[{"@type":"SearchAction","target":{"@type":"EntryPoint","urlTemplate":"https:\/\/www.vetorino.com\/boutique\/?s={search_term_string}"},"query-input":{"@type":"PropertyValueSpecification","valueRequired":true,"valueName":"search_term_string"}}],"inLanguage":"fr-FR"},{"@type":"Organization","@id":"https:\/\/www.vetorino.com\/boutique\/#organization","name":"V\u00e9torino","url":"https:\/\/www.vetorino.com\/boutique\/","logo":{"@type":"ImageObject","inLanguage":"fr-FR","@id":"https:\/\/www.vetorino.com\/boutique\/#\/schema\/logo\/image\/","url":"https:\/\/www.vetorino.com\/boutique\/wp-content\/uploads\/2024\/10\/logo.jpg","contentUrl":"https:\/\/www.vetorino.com\/boutique\/wp-content\/uploads\/2024\/10\/logo.jpg","width":1200,"height":610,"caption":"V\u00e9torino"},"image":{"@id":"https:\/\/www.vetorino.com\/boutique\/#\/schema\/logo\/image\/"},"sameAs":["https:\/\/www.facebook.com\/Vetorino\/","https:\/\/www.instagram.com\/vetorino_off\/","https:\/\/www.linkedin.com\/company\/vtorino\/"]}]},"product_brand":"Heiniger","og_availability":"instock","product_availability":"instock","product_condition":"new"},"_links":{"self":[{"href":"https:\/\/www.vetorino.com\/veterinaire\/prunelli-di-fiumorbo-20243\/boutique\/wp-json\/wp\/v2\/product\/179386","targetHints":{"allow":["GET"]}}],"collection":[{"href":"https:\/\/www.vetorino.com\/veterinaire\/prunelli-di-fiumorbo-20243\/boutique\/wp-json\/wp\/v2\/product"}],"about":[{"href":"https:\/\/www.vetorino.com\/veterinaire\/prunelli-di-fiumorbo-20243\/boutique\/wp-json\/wp\/v2\/types\/product"}],"wp:featuredmedia":[{"embeddable":true,"href":"https:\/\/www.vetorino.com\/veterinaire\/prunelli-di-fiumorbo-20243\/boutique\/wp-json\/wp\/v2\/media\/974770"}],"wp:attachment":[{"href":"https:\/\/www.vetorino.com\/veterinaire\/prunelli-di-fiumorbo-20243\/boutique\/wp-json\/wp\/v2\/media?parent=179386"}],"wp:term":[{"taxonomy":"product_cat","embeddable":true,"href":"https:\/\/www.vetorino.com\/veterinaire\/prunelli-di-fiumorbo-20243\/boutique\/wp-json\/wp\/v2\/product_cat?post=179386"},{"taxonomy":"product_tag","embeddable":true,"href":"https:\/\/www.vetorino.com\/veterinaire\/prunelli-di-fiumorbo-20243\/boutique\/wp-json\/wp\/v2\/product_tag?post=179386"}],"curies":[{"name":"wp","href":"https:\/\/api.w.org\/{rel}","templated":true}]}}