{"id":187179,"date":"2021-05-31T20:33:17","date_gmt":"2021-05-31T18:33:17","guid":{"rendered":"https:\/\/www.vetorino.com\/boutique\/product\/buccanima-gel-oral\/"},"modified":"2026-01-20T12:11:27","modified_gmt":"2026-01-20T11:11:27","slug":"buccanima-gel-oral","status":"publish","type":"product","link":"https:\/\/www.vetorino.com\/veterinaire\/prunelli-di-fiumorbo-20243\/boutique\/product\/buccanima-gel-oral\/","title":{"rendered":"Buccanima"},"content":{"rendered":"<p><strong>Buccanima<\/strong> favorise le retour de la cavit\u00e9 buccale \u00e0 son \u00e9tat physiologique.<\/p>\n<p>Il est conseill\u00e9<strong> pour les animaux dont l\u2019haleine est d\u00e9sagr\u00e9able<\/strong> et <strong>aide \u00e0 r\u00e9duire la formation de la plaque dentaire.<\/strong><\/p>\n<p><strong>Mode d&#8217;emploi :\u00a0<\/strong><\/p>\n<ul>\n<li><em>\u00a0\u00bd cran\/ jour jusqu&#8217;\u00e0 10kg pendant 10-30 jours.<\/em><\/li>\n<\/ul>\n","protected":false},"excerpt":{"rendered":"<p><strong>Buccanima<\/strong> favorise le retour de la cavit\u00e9 buccale \u00e0 son \u00e9tat physiologique.<\/p>\n<p>Il est conseill\u00e9<strong> pour les animaux dont l\u2019haleine est d\u00e9sagr\u00e9able<\/strong> et <strong>aide \u00e0 r\u00e9duire la formation de la plaque dentaire.<\/strong><\/p>\n","protected":false},"featured_media":1664671,"template":"","meta":[],"product_cat":[2697,2698,12609,12610,12560,12561,2727,15840,15842],"product_tag":[],"class_list":{"0":"post-187179","1":"product","2":"type-product","3":"status-publish","4":"has-post-thumbnail","6":"product_cat-chat","7":"product_cat-chien","8":"product_cat-hygiene-bucco-dentaire-du-chat","9":"product_cat-hygiene-bucco-dentaire-du-chien","10":"product_cat-hygiene-du-chat","11":"product_cat-hygiene-du-chien","12":"product_cat-nac","13":"product_cat-oiseaux","14":"product_cat-rongeurs","15":"pa_marque-labbea","17":"first","18":"instock","19":"taxable","20":"shipping-taxable","21":"purchasable","22":"product-type-simple"},"yoast_head":"<!-- This site is optimized with the Yoast SEO plugin v27.3 - https:\/\/yoast.com\/product\/yoast-seo-wordpress\/ -->\n<title>Buccanima Labbea - V\u00e9torino<\/title>\n<meta name=\"description\" content=\"Buccanima favorise le retour de la cavit\u00e9 buccale \u00e0 son \u00e9tat physiologique.  Il est conseill\u00e9 pour les animaux dont l\u2019haleine est d\u00e9sagr\u00e9able et aide \u00e0 r\u00e9duire la formation de la plaque dentaire.\" \/>\n<meta name=\"robots\" content=\"noindex, nofollow\" \/>\n<meta property=\"og:locale\" content=\"fr_FR\" \/>\n<meta property=\"og:type\" content=\"article\" \/>\n<meta property=\"og:title\" content=\"Buccanima Labbea - V\u00e9torino\" \/>\n<meta property=\"og:description\" content=\"Buccanima favorise le retour de la cavit\u00e9 buccale \u00e0 son \u00e9tat physiologique.  Il est conseill\u00e9 pour les animaux dont l\u2019haleine est d\u00e9sagr\u00e9able et aide \u00e0 r\u00e9duire la formation de la plaque dentaire.\" \/>\n<meta property=\"og:url\" content=\"https:\/\/www.vetorino.com\/veterinaire\/prunelli-di-fiumorbo-20243\/boutique\/product\/buccanima-gel-oral\/\" \/>\n<meta property=\"og:site_name\" content=\"V\u00e9torino\" \/>\n<meta property=\"article:publisher\" content=\"https:\/\/www.facebook.com\/Vetorino\/\" \/>\n<meta property=\"article:modified_time\" content=\"2026-01-20T11:11:27+00:00\" \/>\n<meta property=\"og:image\" content=\"https:\/\/www.vetorino.com\/boutique\/wp-content\/uploads\/2021\/05\/buccanima.png\" \/>\n\t<meta property=\"og:image:width\" content=\"800\" \/>\n\t<meta property=\"og:image:height\" content=\"831\" \/>\n\t<meta property=\"og:image:type\" content=\"image\/png\" \/>\n<meta name=\"twitter:card\" content=\"summary_large_image\" \/>\n<meta name=\"twitter:label1\" content=\"Prix\" \/>\n\t<meta name=\"twitter:data1\" content=\"14,59&euro;\" \/>\n\t<meta name=\"twitter:label2\" content=\"Disponibilit\u00e9\" \/>\n\t<meta name=\"twitter:data2\" content=\"En stock\" \/>\n<script type=\"application\/ld+json\" class=\"yoast-schema-graph\">{\"@context\":\"https:\\\/\\\/schema.org\",\"@graph\":[{\"@type\":\"WebPage\",\"@id\":\"https:\\\/\\\/www.vetorino.com\\\/boutique\\\/product\\\/buccanima-gel-oral\\\/\",\"url\":\"https:\\\/\\\/www.vetorino.com\\\/boutique\\\/product\\\/buccanima-gel-oral\\\/\",\"name\":\"Buccanima Labbea - V\u00e9torino\",\"isPartOf\":{\"@id\":\"https:\\\/\\\/www.vetorino.com\\\/boutique\\\/#website\"},\"primaryImageOfPage\":{\"@id\":\"https:\\\/\\\/www.vetorino.com\\\/boutique\\\/product\\\/buccanima-gel-oral\\\/#primaryimage\"},\"image\":{\"@id\":\"https:\\\/\\\/www.vetorino.com\\\/boutique\\\/product\\\/buccanima-gel-oral\\\/#primaryimage\"},\"thumbnailUrl\":\"https:\\\/\\\/www.vetorino.com\\\/boutique\\\/wp-content\\\/uploads\\\/2021\\\/05\\\/buccanima.png\",\"datePublished\":\"2021-05-31T18:33:17+00:00\",\"dateModified\":\"2026-01-20T11:11:27+00:00\",\"description\":\"Buccanima favorise le retour de la cavit\u00e9 buccale \u00e0 son \u00e9tat physiologique. Il est conseill\u00e9 pour les animaux dont l\u2019haleine est d\u00e9sagr\u00e9able et aide \u00e0 r\u00e9duire la formation de la plaque dentaire.\",\"breadcrumb\":{\"@id\":\"https:\\\/\\\/www.vetorino.com\\\/boutique\\\/product\\\/buccanima-gel-oral\\\/#breadcrumb\"},\"inLanguage\":\"fr-FR\",\"potentialAction\":[{\"@type\":\"ReadAction\",\"target\":[\"https:\\\/\\\/www.vetorino.com\\\/boutique\\\/product\\\/buccanima-gel-oral\\\/\"]}]},{\"@type\":\"ImageObject\",\"inLanguage\":\"fr-FR\",\"@id\":\"https:\\\/\\\/www.vetorino.com\\\/boutique\\\/product\\\/buccanima-gel-oral\\\/#primaryimage\",\"url\":\"https:\\\/\\\/www.vetorino.com\\\/boutique\\\/wp-content\\\/uploads\\\/2021\\\/05\\\/buccanima.png\",\"contentUrl\":\"https:\\\/\\\/www.vetorino.com\\\/boutique\\\/wp-content\\\/uploads\\\/2021\\\/05\\\/buccanima.png\",\"width\":800,\"height\":831},{\"@type\":\"BreadcrumbList\",\"@id\":\"https:\\\/\\\/www.vetorino.com\\\/boutique\\\/product\\\/buccanima-gel-oral\\\/#breadcrumb\",\"itemListElement\":[{\"@type\":\"ListItem\",\"position\":1,\"name\":\"Accueil\",\"item\":\"https:\\\/\\\/www.vetorino.com\\\/boutique\\\/\"},{\"@type\":\"ListItem\",\"position\":2,\"name\":\"Produits\",\"item\":\"https:\\\/\\\/www.vetorino.com\\\/boutique\\\/\"},{\"@type\":\"ListItem\",\"position\":3,\"name\":\"Buccanima\"}]},{\"@type\":\"WebSite\",\"@id\":\"https:\\\/\\\/www.vetorino.com\\\/boutique\\\/#website\",\"url\":\"https:\\\/\\\/www.vetorino.com\\\/boutique\\\/\",\"name\":\"V\u00e9torino\",\"description\":\"\",\"publisher\":{\"@id\":\"https:\\\/\\\/www.vetorino.com\\\/boutique\\\/#organization\"},\"potentialAction\":[{\"@type\":\"SearchAction\",\"target\":{\"@type\":\"EntryPoint\",\"urlTemplate\":\"https:\\\/\\\/www.vetorino.com\\\/boutique\\\/?s={search_term_string}\"},\"query-input\":{\"@type\":\"PropertyValueSpecification\",\"valueRequired\":true,\"valueName\":\"search_term_string\"}}],\"inLanguage\":\"fr-FR\"},{\"@type\":\"Organization\",\"@id\":\"https:\\\/\\\/www.vetorino.com\\\/boutique\\\/#organization\",\"name\":\"V\u00e9torino\",\"url\":\"https:\\\/\\\/www.vetorino.com\\\/boutique\\\/\",\"logo\":{\"@type\":\"ImageObject\",\"inLanguage\":\"fr-FR\",\"@id\":\"https:\\\/\\\/www.vetorino.com\\\/boutique\\\/#\\\/schema\\\/logo\\\/image\\\/\",\"url\":\"https:\\\/\\\/www.vetorino.com\\\/boutique\\\/wp-content\\\/uploads\\\/2024\\\/10\\\/logo.jpg\",\"contentUrl\":\"https:\\\/\\\/www.vetorino.com\\\/boutique\\\/wp-content\\\/uploads\\\/2024\\\/10\\\/logo.jpg\",\"width\":1200,\"height\":610,\"caption\":\"V\u00e9torino\"},\"image\":{\"@id\":\"https:\\\/\\\/www.vetorino.com\\\/boutique\\\/#\\\/schema\\\/logo\\\/image\\\/\"},\"sameAs\":[\"https:\\\/\\\/www.facebook.com\\\/Vetorino\\\/\",\"https:\\\/\\\/www.instagram.com\\\/vetorino_off\\\/\",\"https:\\\/\\\/www.linkedin.com\\\/company\\\/vtorino\\\/\"]}]}<\/script>\n<meta property=\"product:brand\" content=\"Labbea\" \/>\n<meta property=\"product:price:amount\" content=\"14.59\" \/>\n<meta property=\"product:price:currency\" content=\"EUR\" \/>\n<meta property=\"og:availability\" content=\"instock\" \/>\n<meta property=\"product:availability\" content=\"instock\" \/>\n<meta property=\"product:retailer_item_id\" content=\"A-1852110\" \/>\n<meta property=\"product:condition\" content=\"new\" \/>\n<!-- \/ Yoast SEO plugin. -->","yoast_head_json":{"title":"Buccanima Labbea - V\u00e9torino","description":"Buccanima favorise le retour de la cavit\u00e9 buccale \u00e0 son \u00e9tat physiologique.  Il est conseill\u00e9 pour les animaux dont l\u2019haleine est d\u00e9sagr\u00e9able et aide \u00e0 r\u00e9duire la formation de la plaque dentaire.","robots":{"index":"noindex","follow":"nofollow"},"og_locale":"fr_FR","og_type":"article","og_title":"Buccanima Labbea - V\u00e9torino","og_description":"Buccanima favorise le retour de la cavit\u00e9 buccale \u00e0 son \u00e9tat physiologique.  Il est conseill\u00e9 pour les animaux dont l\u2019haleine est d\u00e9sagr\u00e9able et aide \u00e0 r\u00e9duire la formation de la plaque dentaire.","og_url":"https:\/\/www.vetorino.com\/veterinaire\/prunelli-di-fiumorbo-20243\/boutique\/product\/buccanima-gel-oral\/","og_site_name":"V\u00e9torino","article_publisher":"https:\/\/www.facebook.com\/Vetorino\/","article_modified_time":"2026-01-20T11:11:27+00:00","og_image":[{"width":800,"height":831,"url":"https:\/\/www.vetorino.com\/boutique\/wp-content\/uploads\/2021\/05\/buccanima.png","type":"image\/png"}],"twitter_card":"summary_large_image","twitter_misc":{"Prix":"14,59&euro;","Disponibilit\u00e9":"En stock"},"schema":{"@context":"https:\/\/schema.org","@graph":[{"@type":"WebPage","@id":"https:\/\/www.vetorino.com\/boutique\/product\/buccanima-gel-oral\/","url":"https:\/\/www.vetorino.com\/boutique\/product\/buccanima-gel-oral\/","name":"Buccanima Labbea - V\u00e9torino","isPartOf":{"@id":"https:\/\/www.vetorino.com\/boutique\/#website"},"primaryImageOfPage":{"@id":"https:\/\/www.vetorino.com\/boutique\/product\/buccanima-gel-oral\/#primaryimage"},"image":{"@id":"https:\/\/www.vetorino.com\/boutique\/product\/buccanima-gel-oral\/#primaryimage"},"thumbnailUrl":"https:\/\/www.vetorino.com\/boutique\/wp-content\/uploads\/2021\/05\/buccanima.png","datePublished":"2021-05-31T18:33:17+00:00","dateModified":"2026-01-20T11:11:27+00:00","description":"Buccanima favorise le retour de la cavit\u00e9 buccale \u00e0 son \u00e9tat physiologique. Il est conseill\u00e9 pour les animaux dont l\u2019haleine est d\u00e9sagr\u00e9able et aide \u00e0 r\u00e9duire la formation de la plaque dentaire.","breadcrumb":{"@id":"https:\/\/www.vetorino.com\/boutique\/product\/buccanima-gel-oral\/#breadcrumb"},"inLanguage":"fr-FR","potentialAction":[{"@type":"ReadAction","target":["https:\/\/www.vetorino.com\/boutique\/product\/buccanima-gel-oral\/"]}]},{"@type":"ImageObject","inLanguage":"fr-FR","@id":"https:\/\/www.vetorino.com\/boutique\/product\/buccanima-gel-oral\/#primaryimage","url":"https:\/\/www.vetorino.com\/boutique\/wp-content\/uploads\/2021\/05\/buccanima.png","contentUrl":"https:\/\/www.vetorino.com\/boutique\/wp-content\/uploads\/2021\/05\/buccanima.png","width":800,"height":831},{"@type":"BreadcrumbList","@id":"https:\/\/www.vetorino.com\/boutique\/product\/buccanima-gel-oral\/#breadcrumb","itemListElement":[{"@type":"ListItem","position":1,"name":"Accueil","item":"https:\/\/www.vetorino.com\/boutique\/"},{"@type":"ListItem","position":2,"name":"Produits","item":"https:\/\/www.vetorino.com\/boutique\/"},{"@type":"ListItem","position":3,"name":"Buccanima"}]},{"@type":"WebSite","@id":"https:\/\/www.vetorino.com\/boutique\/#website","url":"https:\/\/www.vetorino.com\/boutique\/","name":"V\u00e9torino","description":"","publisher":{"@id":"https:\/\/www.vetorino.com\/boutique\/#organization"},"potentialAction":[{"@type":"SearchAction","target":{"@type":"EntryPoint","urlTemplate":"https:\/\/www.vetorino.com\/boutique\/?s={search_term_string}"},"query-input":{"@type":"PropertyValueSpecification","valueRequired":true,"valueName":"search_term_string"}}],"inLanguage":"fr-FR"},{"@type":"Organization","@id":"https:\/\/www.vetorino.com\/boutique\/#organization","name":"V\u00e9torino","url":"https:\/\/www.vetorino.com\/boutique\/","logo":{"@type":"ImageObject","inLanguage":"fr-FR","@id":"https:\/\/www.vetorino.com\/boutique\/#\/schema\/logo\/image\/","url":"https:\/\/www.vetorino.com\/boutique\/wp-content\/uploads\/2024\/10\/logo.jpg","contentUrl":"https:\/\/www.vetorino.com\/boutique\/wp-content\/uploads\/2024\/10\/logo.jpg","width":1200,"height":610,"caption":"V\u00e9torino"},"image":{"@id":"https:\/\/www.vetorino.com\/boutique\/#\/schema\/logo\/image\/"},"sameAs":["https:\/\/www.facebook.com\/Vetorino\/","https:\/\/www.instagram.com\/vetorino_off\/","https:\/\/www.linkedin.com\/company\/vtorino\/"]}]},"product_brand":"Labbea","product_price_amount":"14.59","product_price_currency":"EUR","og_availability":"instock","product_availability":"instock","product_retailer_item_id":"A-1852110","product_condition":"new"},"_links":{"self":[{"href":"https:\/\/www.vetorino.com\/veterinaire\/prunelli-di-fiumorbo-20243\/boutique\/wp-json\/wp\/v2\/product\/187179","targetHints":{"allow":["GET"]}}],"collection":[{"href":"https:\/\/www.vetorino.com\/veterinaire\/prunelli-di-fiumorbo-20243\/boutique\/wp-json\/wp\/v2\/product"}],"about":[{"href":"https:\/\/www.vetorino.com\/veterinaire\/prunelli-di-fiumorbo-20243\/boutique\/wp-json\/wp\/v2\/types\/product"}],"wp:featuredmedia":[{"embeddable":true,"href":"https:\/\/www.vetorino.com\/veterinaire\/prunelli-di-fiumorbo-20243\/boutique\/wp-json\/wp\/v2\/media\/1664671"}],"wp:attachment":[{"href":"https:\/\/www.vetorino.com\/veterinaire\/prunelli-di-fiumorbo-20243\/boutique\/wp-json\/wp\/v2\/media?parent=187179"}],"wp:term":[{"taxonomy":"product_cat","embeddable":true,"href":"https:\/\/www.vetorino.com\/veterinaire\/prunelli-di-fiumorbo-20243\/boutique\/wp-json\/wp\/v2\/product_cat?post=187179"},{"taxonomy":"product_tag","embeddable":true,"href":"https:\/\/www.vetorino.com\/veterinaire\/prunelli-di-fiumorbo-20243\/boutique\/wp-json\/wp\/v2\/product_tag?post=187179"}],"curies":[{"name":"wp","href":"https:\/\/api.w.org\/{rel}","templated":true}]}}