{"id":187283,"date":"2021-05-31T20:36:15","date_gmt":"2021-05-31T18:36:15","guid":{"rendered":"https:\/\/www.vetorino.com\/boutique\/product\/easypill-chien-confort-urinaire-3\/"},"modified":"2026-03-31T12:02:11","modified_gmt":"2026-03-31T10:02:11","slug":"easypill-chien-confort-urinaire-3","status":"publish","type":"product","link":"https:\/\/www.vetorino.com\/veterinaire\/prunelli-di-fiumorbo-20243\/boutique\/product\/easypill-chien-confort-urinaire-3\/","title":{"rendered":"Easypill Confort Urinaire &#8211; chien"},"content":{"rendered":"<p><strong>Le compl\u00e9ment alimentaire Easypill confort Urinaire aide \u00e0 lutter contre les infections urinaires gr\u00e2ce \u00e0 son apport en cranberry, source de proanthocyanidines qui pr\u00e9viennent l\u2019adh\u00e9sion de bact\u00e9ries sur la paroi de la vessie.<\/strong><\/p>\n<p><strong>Utilisation :<\/strong><\/p>\n<ul>\n<li>Chien ayant des troubles urinaires<\/li>\n<\/ul>\n<p><strong>Bienfaits essentiels :<\/strong><\/p>\n<ul>\n<li>Enti\u00e8rement d\u00e9velopp\u00e9 et fabriqu\u00e9 en France.<\/li>\n<li>Contribue \u00e0 restaurer l\u2019int\u00e9grit\u00e9 de la paroi v\u00e9sicale, souvent l\u00e9s\u00e9e en cas de cystite, gr\u00e2ce \u00e0 l\u2019addition de glucosamine, composant essentiel du collag\u00e8ne pr\u00e9sent dans la paroi de la vessie.<\/li>\n<\/ul>\n<p><strong>Demander conseil \u00e0 un v\u00e9t\u00e9rinaire avant utilisation.<\/strong><\/p>\n","protected":false},"excerpt":{"rendered":"<p><strong>Le compl\u00e9ment alimentaire Easypill confort Urinaire aide \u00e0 lutter contre les infections urinaires gr\u00e2ce \u00e0 son apport en cranberry, source de proanthocyanidines qui pr\u00e9viennent l\u2019adh\u00e9sion de bact\u00e9ries sur la paroi de la vessie.<\/strong><\/p>\n<p><strong>Utilisation :<\/strong><\/p>\n<ul>\n<li>Chien ayant des troubles urinaires<\/li>\n<\/ul>\n<p><strong>Demander conseil \u00e0 un v\u00e9t\u00e9rinaire avant utilisation.<\/strong><\/p>\n","protected":false},"featured_media":712144,"template":"","meta":[],"product_cat":[2738,2698],"product_tag":[],"class_list":{"0":"post-187283","1":"product","2":"type-product","3":"status-publish","4":"has-post-thumbnail","6":"product_cat-aliments-complementaires-pour-chien","7":"product_cat-chien","8":"pa_marque-osalia","10":"first","11":"instock","12":"taxable","13":"shipping-taxable","14":"purchasable","15":"product-type-simple"},"yoast_head":"<!-- This site is optimized with the Yoast SEO plugin v27.3 - https:\/\/yoast.com\/product\/yoast-seo-wordpress\/ -->\n<title>Easypill Easypill Confort Urinaire - chien Osalia - V\u00e9torino<\/title>\n<meta name=\"description\" content=\"Le compl\u00e9ment alimentaire Easypill confort Urinaire aide \u00e0 lutter contre les infections urinaires gr\u00e2ce \u00e0 son apport en cranberry, source de proanthocyanidines qui pr\u00e9viennent l\u2019adh\u00e9sion de bact\u00e9ries sur la paroi de la vessie.  Utilisation :   Chien ayant des troubles urinaires  Demander conseil \u00e0 un v\u00e9t\u00e9rinaire avant utilisation.\" \/>\n<meta name=\"robots\" content=\"noindex, nofollow\" \/>\n<meta property=\"og:locale\" content=\"fr_FR\" \/>\n<meta property=\"og:type\" content=\"article\" \/>\n<meta property=\"og:title\" content=\"Easypill Easypill Confort Urinaire - chien Osalia - V\u00e9torino\" \/>\n<meta property=\"og:description\" content=\"Le compl\u00e9ment alimentaire Easypill confort Urinaire aide \u00e0 lutter contre les infections urinaires gr\u00e2ce \u00e0 son apport en cranberry, source de proanthocyanidines qui pr\u00e9viennent l\u2019adh\u00e9sion de bact\u00e9ries sur la paroi de la vessie.  Utilisation :   Chien ayant des troubles urinaires  Demander conseil \u00e0 un v\u00e9t\u00e9rinaire avant utilisation.\" \/>\n<meta property=\"og:url\" content=\"https:\/\/www.vetorino.com\/veterinaire\/prunelli-di-fiumorbo-20243\/boutique\/product\/easypill-chien-confort-urinaire-3\/\" \/>\n<meta property=\"og:site_name\" content=\"V\u00e9torino\" \/>\n<meta property=\"article:publisher\" content=\"https:\/\/www.facebook.com\/Vetorino\/\" \/>\n<meta property=\"article:modified_time\" content=\"2026-03-31T10:02:11+00:00\" \/>\n<meta property=\"og:image\" content=\"https:\/\/www.vetorino.com\/boutique\/wp-content\/uploads\/2021\/05\/chien-confort-urinaire.jpg.png\" \/>\n\t<meta property=\"og:image:width\" content=\"540\" \/>\n\t<meta property=\"og:image:height\" content=\"540\" \/>\n\t<meta property=\"og:image:type\" content=\"image\/png\" \/>\n<meta name=\"twitter:card\" content=\"summary_large_image\" \/>\n<meta name=\"twitter:label1\" content=\"Prix\" \/>\n\t<meta name=\"twitter:data1\" content=\"24,81&euro;\" \/>\n\t<meta name=\"twitter:label2\" content=\"Disponibilit\u00e9\" \/>\n\t<meta name=\"twitter:data2\" content=\"En stock\" \/>\n<script type=\"application\/ld+json\" class=\"yoast-schema-graph\">{\"@context\":\"https:\\\/\\\/schema.org\",\"@graph\":[{\"@type\":\"WebPage\",\"@id\":\"https:\\\/\\\/www.vetorino.com\\\/boutique\\\/product\\\/easypill-chien-confort-urinaire-3\\\/\",\"url\":\"https:\\\/\\\/www.vetorino.com\\\/boutique\\\/product\\\/easypill-chien-confort-urinaire-3\\\/\",\"name\":\"Easypill Easypill Confort Urinaire - chien Osalia - V\u00e9torino\",\"isPartOf\":{\"@id\":\"https:\\\/\\\/www.vetorino.com\\\/boutique\\\/#website\"},\"primaryImageOfPage\":{\"@id\":\"https:\\\/\\\/www.vetorino.com\\\/boutique\\\/product\\\/easypill-chien-confort-urinaire-3\\\/#primaryimage\"},\"image\":{\"@id\":\"https:\\\/\\\/www.vetorino.com\\\/boutique\\\/product\\\/easypill-chien-confort-urinaire-3\\\/#primaryimage\"},\"thumbnailUrl\":\"https:\\\/\\\/www.vetorino.com\\\/boutique\\\/wp-content\\\/uploads\\\/2021\\\/05\\\/chien-confort-urinaire.jpg.png\",\"datePublished\":\"2021-05-31T18:36:15+00:00\",\"dateModified\":\"2026-03-31T10:02:11+00:00\",\"description\":\"Le compl\u00e9ment alimentaire Easypill confort Urinaire aide \u00e0 lutter contre les infections urinaires gr\u00e2ce \u00e0 son apport en cranberry, source de proanthocyanidines qui pr\u00e9viennent l\u2019adh\u00e9sion de bact\u00e9ries sur la paroi de la vessie. Utilisation : Chien ayant des troubles urinaires Demander conseil \u00e0 un v\u00e9t\u00e9rinaire avant utilisation.\",\"breadcrumb\":{\"@id\":\"https:\\\/\\\/www.vetorino.com\\\/boutique\\\/product\\\/easypill-chien-confort-urinaire-3\\\/#breadcrumb\"},\"inLanguage\":\"fr-FR\",\"potentialAction\":[{\"@type\":\"ReadAction\",\"target\":[\"https:\\\/\\\/www.vetorino.com\\\/boutique\\\/product\\\/easypill-chien-confort-urinaire-3\\\/\"]}]},{\"@type\":\"ImageObject\",\"inLanguage\":\"fr-FR\",\"@id\":\"https:\\\/\\\/www.vetorino.com\\\/boutique\\\/product\\\/easypill-chien-confort-urinaire-3\\\/#primaryimage\",\"url\":\"https:\\\/\\\/www.vetorino.com\\\/boutique\\\/wp-content\\\/uploads\\\/2021\\\/05\\\/chien-confort-urinaire.jpg.png\",\"contentUrl\":\"https:\\\/\\\/www.vetorino.com\\\/boutique\\\/wp-content\\\/uploads\\\/2021\\\/05\\\/chien-confort-urinaire.jpg.png\",\"width\":540,\"height\":540},{\"@type\":\"BreadcrumbList\",\"@id\":\"https:\\\/\\\/www.vetorino.com\\\/boutique\\\/product\\\/easypill-chien-confort-urinaire-3\\\/#breadcrumb\",\"itemListElement\":[{\"@type\":\"ListItem\",\"position\":1,\"name\":\"Accueil\",\"item\":\"https:\\\/\\\/www.vetorino.com\\\/boutique\\\/\"},{\"@type\":\"ListItem\",\"position\":2,\"name\":\"Produits\",\"item\":\"https:\\\/\\\/www.vetorino.com\\\/boutique\\\/\"},{\"@type\":\"ListItem\",\"position\":3,\"name\":\"Easypill Confort Urinaire &#8211; chien\"}]},{\"@type\":\"WebSite\",\"@id\":\"https:\\\/\\\/www.vetorino.com\\\/boutique\\\/#website\",\"url\":\"https:\\\/\\\/www.vetorino.com\\\/boutique\\\/\",\"name\":\"V\u00e9torino\",\"description\":\"\",\"publisher\":{\"@id\":\"https:\\\/\\\/www.vetorino.com\\\/boutique\\\/#organization\"},\"potentialAction\":[{\"@type\":\"SearchAction\",\"target\":{\"@type\":\"EntryPoint\",\"urlTemplate\":\"https:\\\/\\\/www.vetorino.com\\\/boutique\\\/?s={search_term_string}\"},\"query-input\":{\"@type\":\"PropertyValueSpecification\",\"valueRequired\":true,\"valueName\":\"search_term_string\"}}],\"inLanguage\":\"fr-FR\"},{\"@type\":\"Organization\",\"@id\":\"https:\\\/\\\/www.vetorino.com\\\/boutique\\\/#organization\",\"name\":\"V\u00e9torino\",\"url\":\"https:\\\/\\\/www.vetorino.com\\\/boutique\\\/\",\"logo\":{\"@type\":\"ImageObject\",\"inLanguage\":\"fr-FR\",\"@id\":\"https:\\\/\\\/www.vetorino.com\\\/boutique\\\/#\\\/schema\\\/logo\\\/image\\\/\",\"url\":\"https:\\\/\\\/www.vetorino.com\\\/boutique\\\/wp-content\\\/uploads\\\/2024\\\/10\\\/logo.jpg\",\"contentUrl\":\"https:\\\/\\\/www.vetorino.com\\\/boutique\\\/wp-content\\\/uploads\\\/2024\\\/10\\\/logo.jpg\",\"width\":1200,\"height\":610,\"caption\":\"V\u00e9torino\"},\"image\":{\"@id\":\"https:\\\/\\\/www.vetorino.com\\\/boutique\\\/#\\\/schema\\\/logo\\\/image\\\/\"},\"sameAs\":[\"https:\\\/\\\/www.facebook.com\\\/Vetorino\\\/\",\"https:\\\/\\\/www.instagram.com\\\/vetorino_off\\\/\",\"https:\\\/\\\/www.linkedin.com\\\/company\\\/vtorino\\\/\"]}]}<\/script>\n<meta property=\"product:brand\" content=\"Osalia\" \/>\n<meta property=\"product:price:amount\" content=\"24.81\" \/>\n<meta property=\"product:price:currency\" content=\"EUR\" \/>\n<meta property=\"og:availability\" content=\"instock\" \/>\n<meta property=\"product:availability\" content=\"instock\" \/>\n<meta property=\"product:retailer_item_id\" content=\"A-1841390\" \/>\n<meta property=\"product:condition\" content=\"new\" \/>\n<!-- \/ Yoast SEO plugin. -->","yoast_head_json":{"title":"Easypill Easypill Confort Urinaire - chien Osalia - V\u00e9torino","description":"Le compl\u00e9ment alimentaire Easypill confort Urinaire aide \u00e0 lutter contre les infections urinaires gr\u00e2ce \u00e0 son apport en cranberry, source de proanthocyanidines qui pr\u00e9viennent l\u2019adh\u00e9sion de bact\u00e9ries sur la paroi de la vessie.  Utilisation :   Chien ayant des troubles urinaires  Demander conseil \u00e0 un v\u00e9t\u00e9rinaire avant utilisation.","robots":{"index":"noindex","follow":"nofollow"},"og_locale":"fr_FR","og_type":"article","og_title":"Easypill Easypill Confort Urinaire - chien Osalia - V\u00e9torino","og_description":"Le compl\u00e9ment alimentaire Easypill confort Urinaire aide \u00e0 lutter contre les infections urinaires gr\u00e2ce \u00e0 son apport en cranberry, source de proanthocyanidines qui pr\u00e9viennent l\u2019adh\u00e9sion de bact\u00e9ries sur la paroi de la vessie.  Utilisation :   Chien ayant des troubles urinaires  Demander conseil \u00e0 un v\u00e9t\u00e9rinaire avant utilisation.","og_url":"https:\/\/www.vetorino.com\/veterinaire\/prunelli-di-fiumorbo-20243\/boutique\/product\/easypill-chien-confort-urinaire-3\/","og_site_name":"V\u00e9torino","article_publisher":"https:\/\/www.facebook.com\/Vetorino\/","article_modified_time":"2026-03-31T10:02:11+00:00","og_image":[{"width":540,"height":540,"url":"https:\/\/www.vetorino.com\/boutique\/wp-content\/uploads\/2021\/05\/chien-confort-urinaire.jpg.png","type":"image\/png"}],"twitter_card":"summary_large_image","twitter_misc":{"Prix":"24,81&euro;","Disponibilit\u00e9":"En stock"},"schema":{"@context":"https:\/\/schema.org","@graph":[{"@type":"WebPage","@id":"https:\/\/www.vetorino.com\/boutique\/product\/easypill-chien-confort-urinaire-3\/","url":"https:\/\/www.vetorino.com\/boutique\/product\/easypill-chien-confort-urinaire-3\/","name":"Easypill Easypill Confort Urinaire - chien Osalia - V\u00e9torino","isPartOf":{"@id":"https:\/\/www.vetorino.com\/boutique\/#website"},"primaryImageOfPage":{"@id":"https:\/\/www.vetorino.com\/boutique\/product\/easypill-chien-confort-urinaire-3\/#primaryimage"},"image":{"@id":"https:\/\/www.vetorino.com\/boutique\/product\/easypill-chien-confort-urinaire-3\/#primaryimage"},"thumbnailUrl":"https:\/\/www.vetorino.com\/boutique\/wp-content\/uploads\/2021\/05\/chien-confort-urinaire.jpg.png","datePublished":"2021-05-31T18:36:15+00:00","dateModified":"2026-03-31T10:02:11+00:00","description":"Le compl\u00e9ment alimentaire Easypill confort Urinaire aide \u00e0 lutter contre les infections urinaires gr\u00e2ce \u00e0 son apport en cranberry, source de proanthocyanidines qui pr\u00e9viennent l\u2019adh\u00e9sion de bact\u00e9ries sur la paroi de la vessie. Utilisation : Chien ayant des troubles urinaires Demander conseil \u00e0 un v\u00e9t\u00e9rinaire avant utilisation.","breadcrumb":{"@id":"https:\/\/www.vetorino.com\/boutique\/product\/easypill-chien-confort-urinaire-3\/#breadcrumb"},"inLanguage":"fr-FR","potentialAction":[{"@type":"ReadAction","target":["https:\/\/www.vetorino.com\/boutique\/product\/easypill-chien-confort-urinaire-3\/"]}]},{"@type":"ImageObject","inLanguage":"fr-FR","@id":"https:\/\/www.vetorino.com\/boutique\/product\/easypill-chien-confort-urinaire-3\/#primaryimage","url":"https:\/\/www.vetorino.com\/boutique\/wp-content\/uploads\/2021\/05\/chien-confort-urinaire.jpg.png","contentUrl":"https:\/\/www.vetorino.com\/boutique\/wp-content\/uploads\/2021\/05\/chien-confort-urinaire.jpg.png","width":540,"height":540},{"@type":"BreadcrumbList","@id":"https:\/\/www.vetorino.com\/boutique\/product\/easypill-chien-confort-urinaire-3\/#breadcrumb","itemListElement":[{"@type":"ListItem","position":1,"name":"Accueil","item":"https:\/\/www.vetorino.com\/boutique\/"},{"@type":"ListItem","position":2,"name":"Produits","item":"https:\/\/www.vetorino.com\/boutique\/"},{"@type":"ListItem","position":3,"name":"Easypill Confort Urinaire &#8211; chien"}]},{"@type":"WebSite","@id":"https:\/\/www.vetorino.com\/boutique\/#website","url":"https:\/\/www.vetorino.com\/boutique\/","name":"V\u00e9torino","description":"","publisher":{"@id":"https:\/\/www.vetorino.com\/boutique\/#organization"},"potentialAction":[{"@type":"SearchAction","target":{"@type":"EntryPoint","urlTemplate":"https:\/\/www.vetorino.com\/boutique\/?s={search_term_string}"},"query-input":{"@type":"PropertyValueSpecification","valueRequired":true,"valueName":"search_term_string"}}],"inLanguage":"fr-FR"},{"@type":"Organization","@id":"https:\/\/www.vetorino.com\/boutique\/#organization","name":"V\u00e9torino","url":"https:\/\/www.vetorino.com\/boutique\/","logo":{"@type":"ImageObject","inLanguage":"fr-FR","@id":"https:\/\/www.vetorino.com\/boutique\/#\/schema\/logo\/image\/","url":"https:\/\/www.vetorino.com\/boutique\/wp-content\/uploads\/2024\/10\/logo.jpg","contentUrl":"https:\/\/www.vetorino.com\/boutique\/wp-content\/uploads\/2024\/10\/logo.jpg","width":1200,"height":610,"caption":"V\u00e9torino"},"image":{"@id":"https:\/\/www.vetorino.com\/boutique\/#\/schema\/logo\/image\/"},"sameAs":["https:\/\/www.facebook.com\/Vetorino\/","https:\/\/www.instagram.com\/vetorino_off\/","https:\/\/www.linkedin.com\/company\/vtorino\/"]}]},"product_brand":"Osalia","product_price_amount":"24.81","product_price_currency":"EUR","og_availability":"instock","product_availability":"instock","product_retailer_item_id":"A-1841390","product_condition":"new"},"_links":{"self":[{"href":"https:\/\/www.vetorino.com\/veterinaire\/prunelli-di-fiumorbo-20243\/boutique\/wp-json\/wp\/v2\/product\/187283","targetHints":{"allow":["GET"]}}],"collection":[{"href":"https:\/\/www.vetorino.com\/veterinaire\/prunelli-di-fiumorbo-20243\/boutique\/wp-json\/wp\/v2\/product"}],"about":[{"href":"https:\/\/www.vetorino.com\/veterinaire\/prunelli-di-fiumorbo-20243\/boutique\/wp-json\/wp\/v2\/types\/product"}],"wp:featuredmedia":[{"embeddable":true,"href":"https:\/\/www.vetorino.com\/veterinaire\/prunelli-di-fiumorbo-20243\/boutique\/wp-json\/wp\/v2\/media\/712144"}],"wp:attachment":[{"href":"https:\/\/www.vetorino.com\/veterinaire\/prunelli-di-fiumorbo-20243\/boutique\/wp-json\/wp\/v2\/media?parent=187283"}],"wp:term":[{"taxonomy":"product_cat","embeddable":true,"href":"https:\/\/www.vetorino.com\/veterinaire\/prunelli-di-fiumorbo-20243\/boutique\/wp-json\/wp\/v2\/product_cat?post=187283"},{"taxonomy":"product_tag","embeddable":true,"href":"https:\/\/www.vetorino.com\/veterinaire\/prunelli-di-fiumorbo-20243\/boutique\/wp-json\/wp\/v2\/product_tag?post=187283"}],"curies":[{"name":"wp","href":"https:\/\/api.w.org\/{rel}","templated":true}]}}