{"id":207747,"date":"2021-07-27T18:06:57","date_gmt":"2021-07-27T16:06:57","guid":{"rendered":"https:\/\/www.vetorino.com\/boutique\/product\/masque-protege-oeil-equivet\/"},"modified":"2024-07-12T11:01:15","modified_gmt":"2024-07-12T09:01:15","slug":"masque-protege-oeil-equivet","status":"publish","type":"product","link":"https:\/\/www.vetorino.com\/veterinaire\/prunelli-di-fiumorbo-20243\/boutique\/product\/masque-protege-oeil-equivet\/","title":{"rendered":"Masque protege-oeil Equivet"},"content":{"rendered":"<p>Le masque de protection oculaire Equivet permet de prot\u00e9ger l&#8217;\u0153il du cheval et de soulager la douleur tout en conservant la possibilit\u00e9 de contr\u00f4ler r\u00e9guli\u00e8rement l&#8217;\u00e9volution de la blessure.<\/p>\n<p>Le kit comprend :<\/p>\n<ul>\n<li>Masque avec coque de protection droite ou gauche fix\u00e9e sur le masque.<\/li>\n<li>3 rondelles fourr\u00e9es, avec boutons pression.<\/li>\n<li>2 tampons de gaze pour absorber les secr\u00e9tions de l&#8217;\u0153il.<\/li>\n<li>15 tampons de gaze st\u00e9riles 10 x 10 cm.<\/li>\n<li>Coque de protection ventil\u00e9e.<\/li>\n<\/ul>\n","protected":false},"excerpt":{"rendered":"<p><strong>Le masque de protection oculaire Equivet<\/strong> permet de prot\u00e9ger l&#8217;\u0153il du cheval et de soulager la douleur tout en conservant la possibilit\u00e9 de contr\u00f4ler r\u00e9guli\u00e8rement l&#8217;\u00e9volution de la blessure.<\/p>\n","protected":false},"featured_media":207746,"template":"","meta":[],"product_cat":[12549,12756,12547,12760],"product_tag":[],"class_list":{"0":"post-207747","1":"product","2":"type-product","3":"status-publish","4":"has-post-thumbnail","6":"product_cat-accessoires-du-cheval","7":"product_cat-anti-mouche-pour-cheval","8":"product_cat-cheval","9":"product_cat-materiel-et-equipement-du-cheval","10":"pa_marque-kruuse","12":"first","13":"instock","14":"taxable","15":"shipping-taxable","16":"purchasable","17":"product-type-variable"},"yoast_head":"<!-- This site is optimized with the Yoast SEO plugin v27.3 - https:\/\/yoast.com\/product\/yoast-seo-wordpress\/ -->\n<title>Masque protege-oeil Equivet Kruuse - V\u00e9torino<\/title>\n<meta name=\"description\" content=\"Le masque de protection oculaire Equivet permet de prot\u00e9ger l&#039;\u0153il du cheval et de soulager la douleur tout en conservant la possibilit\u00e9 de contr\u00f4ler r\u00e9guli\u00e8rement l&#039;\u00e9volution de la blessure.\" \/>\n<meta name=\"robots\" content=\"noindex, nofollow\" \/>\n<meta property=\"og:locale\" content=\"fr_FR\" \/>\n<meta property=\"og:type\" content=\"article\" \/>\n<meta property=\"og:title\" content=\"Masque protege-oeil Equivet Kruuse - V\u00e9torino\" \/>\n<meta property=\"og:description\" content=\"Le masque de protection oculaire Equivet permet de prot\u00e9ger l&#039;\u0153il du cheval et de soulager la douleur tout en conservant la possibilit\u00e9 de contr\u00f4ler r\u00e9guli\u00e8rement l&#039;\u00e9volution de la blessure.\" \/>\n<meta property=\"og:url\" content=\"https:\/\/www.vetorino.com\/veterinaire\/prunelli-di-fiumorbo-20243\/boutique\/product\/masque-protege-oeil-equivet\/\" \/>\n<meta property=\"og:site_name\" content=\"V\u00e9torino\" \/>\n<meta property=\"article:publisher\" content=\"https:\/\/www.facebook.com\/Vetorino\/\" \/>\n<meta property=\"article:modified_time\" content=\"2024-07-12T09:01:15+00:00\" \/>\n<meta property=\"og:image\" content=\"https:\/\/www.vetorino.com\/boutique\/wp-content\/uploads\/2021\/07\/8363216.jpg\" \/>\n\t<meta property=\"og:image:width\" content=\"255\" \/>\n\t<meta property=\"og:image:height\" content=\"255\" \/>\n\t<meta property=\"og:image:type\" content=\"image\/jpeg\" \/>\n<meta name=\"twitter:card\" content=\"summary_large_image\" \/>\n<meta name=\"twitter:label1\" content=\"Disponibilit\u00e9\" \/>\n\t<meta name=\"twitter:data1\" content=\"En stock\" \/>\n<script type=\"application\/ld+json\" class=\"yoast-schema-graph\">{\"@context\":\"https:\\\/\\\/schema.org\",\"@graph\":[{\"@type\":\"WebPage\",\"@id\":\"https:\\\/\\\/www.vetorino.com\\\/boutique\\\/product\\\/masque-protege-oeil-equivet\\\/\",\"url\":\"https:\\\/\\\/www.vetorino.com\\\/boutique\\\/product\\\/masque-protege-oeil-equivet\\\/\",\"name\":\"Masque protege-oeil Equivet Kruuse - V\u00e9torino\",\"isPartOf\":{\"@id\":\"https:\\\/\\\/www.vetorino.com\\\/boutique\\\/#website\"},\"primaryImageOfPage\":{\"@id\":\"https:\\\/\\\/www.vetorino.com\\\/boutique\\\/product\\\/masque-protege-oeil-equivet\\\/#primaryimage\"},\"image\":{\"@id\":\"https:\\\/\\\/www.vetorino.com\\\/boutique\\\/product\\\/masque-protege-oeil-equivet\\\/#primaryimage\"},\"thumbnailUrl\":\"https:\\\/\\\/www.vetorino.com\\\/boutique\\\/wp-content\\\/uploads\\\/2021\\\/07\\\/8363216.jpg\",\"datePublished\":\"2021-07-27T16:06:57+00:00\",\"dateModified\":\"2024-07-12T09:01:15+00:00\",\"description\":\"Le masque de protection oculaire Equivet permet de prot\u00e9ger l'\u0153il du cheval et de soulager la douleur tout en conservant la possibilit\u00e9 de contr\u00f4ler r\u00e9guli\u00e8rement l'\u00e9volution de la blessure.\",\"breadcrumb\":{\"@id\":\"https:\\\/\\\/www.vetorino.com\\\/boutique\\\/product\\\/masque-protege-oeil-equivet\\\/#breadcrumb\"},\"inLanguage\":\"fr-FR\",\"potentialAction\":[{\"@type\":\"ReadAction\",\"target\":[\"https:\\\/\\\/www.vetorino.com\\\/boutique\\\/product\\\/masque-protege-oeil-equivet\\\/\"]}]},{\"@type\":\"ImageObject\",\"inLanguage\":\"fr-FR\",\"@id\":\"https:\\\/\\\/www.vetorino.com\\\/boutique\\\/product\\\/masque-protege-oeil-equivet\\\/#primaryimage\",\"url\":\"https:\\\/\\\/www.vetorino.com\\\/boutique\\\/wp-content\\\/uploads\\\/2021\\\/07\\\/8363216.jpg\",\"contentUrl\":\"https:\\\/\\\/www.vetorino.com\\\/boutique\\\/wp-content\\\/uploads\\\/2021\\\/07\\\/8363216.jpg\",\"width\":255,\"height\":255},{\"@type\":\"BreadcrumbList\",\"@id\":\"https:\\\/\\\/www.vetorino.com\\\/boutique\\\/product\\\/masque-protege-oeil-equivet\\\/#breadcrumb\",\"itemListElement\":[{\"@type\":\"ListItem\",\"position\":1,\"name\":\"Accueil\",\"item\":\"https:\\\/\\\/www.vetorino.com\\\/boutique\\\/\"},{\"@type\":\"ListItem\",\"position\":2,\"name\":\"Produits\",\"item\":\"https:\\\/\\\/www.vetorino.com\\\/boutique\\\/\"},{\"@type\":\"ListItem\",\"position\":3,\"name\":\"Masque protege-oeil Equivet\"}]},{\"@type\":\"WebSite\",\"@id\":\"https:\\\/\\\/www.vetorino.com\\\/boutique\\\/#website\",\"url\":\"https:\\\/\\\/www.vetorino.com\\\/boutique\\\/\",\"name\":\"V\u00e9torino\",\"description\":\"\",\"publisher\":{\"@id\":\"https:\\\/\\\/www.vetorino.com\\\/boutique\\\/#organization\"},\"potentialAction\":[{\"@type\":\"SearchAction\",\"target\":{\"@type\":\"EntryPoint\",\"urlTemplate\":\"https:\\\/\\\/www.vetorino.com\\\/boutique\\\/?s={search_term_string}\"},\"query-input\":{\"@type\":\"PropertyValueSpecification\",\"valueRequired\":true,\"valueName\":\"search_term_string\"}}],\"inLanguage\":\"fr-FR\"},{\"@type\":\"Organization\",\"@id\":\"https:\\\/\\\/www.vetorino.com\\\/boutique\\\/#organization\",\"name\":\"V\u00e9torino\",\"url\":\"https:\\\/\\\/www.vetorino.com\\\/boutique\\\/\",\"logo\":{\"@type\":\"ImageObject\",\"inLanguage\":\"fr-FR\",\"@id\":\"https:\\\/\\\/www.vetorino.com\\\/boutique\\\/#\\\/schema\\\/logo\\\/image\\\/\",\"url\":\"https:\\\/\\\/www.vetorino.com\\\/boutique\\\/wp-content\\\/uploads\\\/2024\\\/10\\\/logo.jpg\",\"contentUrl\":\"https:\\\/\\\/www.vetorino.com\\\/boutique\\\/wp-content\\\/uploads\\\/2024\\\/10\\\/logo.jpg\",\"width\":1200,\"height\":610,\"caption\":\"V\u00e9torino\"},\"image\":{\"@id\":\"https:\\\/\\\/www.vetorino.com\\\/boutique\\\/#\\\/schema\\\/logo\\\/image\\\/\"},\"sameAs\":[\"https:\\\/\\\/www.facebook.com\\\/Vetorino\\\/\",\"https:\\\/\\\/www.instagram.com\\\/vetorino_off\\\/\",\"https:\\\/\\\/www.linkedin.com\\\/company\\\/vtorino\\\/\"]}]}<\/script>\n<meta property=\"product:brand\" content=\"Kruuse\" \/>\n<meta property=\"og:availability\" content=\"instock\" \/>\n<meta property=\"product:availability\" content=\"instock\" \/>\n<meta property=\"product:condition\" content=\"new\" \/>\n<!-- \/ Yoast SEO plugin. -->","yoast_head_json":{"title":"Masque protege-oeil Equivet Kruuse - V\u00e9torino","description":"Le masque de protection oculaire Equivet permet de prot\u00e9ger l'\u0153il du cheval et de soulager la douleur tout en conservant la possibilit\u00e9 de contr\u00f4ler r\u00e9guli\u00e8rement l'\u00e9volution de la blessure.","robots":{"index":"noindex","follow":"nofollow"},"og_locale":"fr_FR","og_type":"article","og_title":"Masque protege-oeil Equivet Kruuse - V\u00e9torino","og_description":"Le masque de protection oculaire Equivet permet de prot\u00e9ger l'\u0153il du cheval et de soulager la douleur tout en conservant la possibilit\u00e9 de contr\u00f4ler r\u00e9guli\u00e8rement l'\u00e9volution de la blessure.","og_url":"https:\/\/www.vetorino.com\/veterinaire\/prunelli-di-fiumorbo-20243\/boutique\/product\/masque-protege-oeil-equivet\/","og_site_name":"V\u00e9torino","article_publisher":"https:\/\/www.facebook.com\/Vetorino\/","article_modified_time":"2024-07-12T09:01:15+00:00","og_image":[{"width":255,"height":255,"url":"https:\/\/www.vetorino.com\/boutique\/wp-content\/uploads\/2021\/07\/8363216.jpg","type":"image\/jpeg"}],"twitter_card":"summary_large_image","twitter_misc":{"Disponibilit\u00e9":"En stock"},"schema":{"@context":"https:\/\/schema.org","@graph":[{"@type":"WebPage","@id":"https:\/\/www.vetorino.com\/boutique\/product\/masque-protege-oeil-equivet\/","url":"https:\/\/www.vetorino.com\/boutique\/product\/masque-protege-oeil-equivet\/","name":"Masque protege-oeil Equivet Kruuse - V\u00e9torino","isPartOf":{"@id":"https:\/\/www.vetorino.com\/boutique\/#website"},"primaryImageOfPage":{"@id":"https:\/\/www.vetorino.com\/boutique\/product\/masque-protege-oeil-equivet\/#primaryimage"},"image":{"@id":"https:\/\/www.vetorino.com\/boutique\/product\/masque-protege-oeil-equivet\/#primaryimage"},"thumbnailUrl":"https:\/\/www.vetorino.com\/boutique\/wp-content\/uploads\/2021\/07\/8363216.jpg","datePublished":"2021-07-27T16:06:57+00:00","dateModified":"2024-07-12T09:01:15+00:00","description":"Le masque de protection oculaire Equivet permet de prot\u00e9ger l'\u0153il du cheval et de soulager la douleur tout en conservant la possibilit\u00e9 de contr\u00f4ler r\u00e9guli\u00e8rement l'\u00e9volution de la blessure.","breadcrumb":{"@id":"https:\/\/www.vetorino.com\/boutique\/product\/masque-protege-oeil-equivet\/#breadcrumb"},"inLanguage":"fr-FR","potentialAction":[{"@type":"ReadAction","target":["https:\/\/www.vetorino.com\/boutique\/product\/masque-protege-oeil-equivet\/"]}]},{"@type":"ImageObject","inLanguage":"fr-FR","@id":"https:\/\/www.vetorino.com\/boutique\/product\/masque-protege-oeil-equivet\/#primaryimage","url":"https:\/\/www.vetorino.com\/boutique\/wp-content\/uploads\/2021\/07\/8363216.jpg","contentUrl":"https:\/\/www.vetorino.com\/boutique\/wp-content\/uploads\/2021\/07\/8363216.jpg","width":255,"height":255},{"@type":"BreadcrumbList","@id":"https:\/\/www.vetorino.com\/boutique\/product\/masque-protege-oeil-equivet\/#breadcrumb","itemListElement":[{"@type":"ListItem","position":1,"name":"Accueil","item":"https:\/\/www.vetorino.com\/boutique\/"},{"@type":"ListItem","position":2,"name":"Produits","item":"https:\/\/www.vetorino.com\/boutique\/"},{"@type":"ListItem","position":3,"name":"Masque protege-oeil Equivet"}]},{"@type":"WebSite","@id":"https:\/\/www.vetorino.com\/boutique\/#website","url":"https:\/\/www.vetorino.com\/boutique\/","name":"V\u00e9torino","description":"","publisher":{"@id":"https:\/\/www.vetorino.com\/boutique\/#organization"},"potentialAction":[{"@type":"SearchAction","target":{"@type":"EntryPoint","urlTemplate":"https:\/\/www.vetorino.com\/boutique\/?s={search_term_string}"},"query-input":{"@type":"PropertyValueSpecification","valueRequired":true,"valueName":"search_term_string"}}],"inLanguage":"fr-FR"},{"@type":"Organization","@id":"https:\/\/www.vetorino.com\/boutique\/#organization","name":"V\u00e9torino","url":"https:\/\/www.vetorino.com\/boutique\/","logo":{"@type":"ImageObject","inLanguage":"fr-FR","@id":"https:\/\/www.vetorino.com\/boutique\/#\/schema\/logo\/image\/","url":"https:\/\/www.vetorino.com\/boutique\/wp-content\/uploads\/2024\/10\/logo.jpg","contentUrl":"https:\/\/www.vetorino.com\/boutique\/wp-content\/uploads\/2024\/10\/logo.jpg","width":1200,"height":610,"caption":"V\u00e9torino"},"image":{"@id":"https:\/\/www.vetorino.com\/boutique\/#\/schema\/logo\/image\/"},"sameAs":["https:\/\/www.facebook.com\/Vetorino\/","https:\/\/www.instagram.com\/vetorino_off\/","https:\/\/www.linkedin.com\/company\/vtorino\/"]}]},"product_brand":"Kruuse","og_availability":"instock","product_availability":"instock","product_condition":"new"},"_links":{"self":[{"href":"https:\/\/www.vetorino.com\/veterinaire\/prunelli-di-fiumorbo-20243\/boutique\/wp-json\/wp\/v2\/product\/207747","targetHints":{"allow":["GET"]}}],"collection":[{"href":"https:\/\/www.vetorino.com\/veterinaire\/prunelli-di-fiumorbo-20243\/boutique\/wp-json\/wp\/v2\/product"}],"about":[{"href":"https:\/\/www.vetorino.com\/veterinaire\/prunelli-di-fiumorbo-20243\/boutique\/wp-json\/wp\/v2\/types\/product"}],"wp:featuredmedia":[{"embeddable":true,"href":"https:\/\/www.vetorino.com\/veterinaire\/prunelli-di-fiumorbo-20243\/boutique\/wp-json\/wp\/v2\/media\/207746"}],"wp:attachment":[{"href":"https:\/\/www.vetorino.com\/veterinaire\/prunelli-di-fiumorbo-20243\/boutique\/wp-json\/wp\/v2\/media?parent=207747"}],"wp:term":[{"taxonomy":"product_cat","embeddable":true,"href":"https:\/\/www.vetorino.com\/veterinaire\/prunelli-di-fiumorbo-20243\/boutique\/wp-json\/wp\/v2\/product_cat?post=207747"},{"taxonomy":"product_tag","embeddable":true,"href":"https:\/\/www.vetorino.com\/veterinaire\/prunelli-di-fiumorbo-20243\/boutique\/wp-json\/wp\/v2\/product_tag?post=207747"}],"curies":[{"name":"wp","href":"https:\/\/api.w.org\/{rel}","templated":true}]}}