{"id":213531,"date":"2021-08-12T15:58:38","date_gmt":"2021-08-12T13:58:38","guid":{"rendered":"https:\/\/www.vetorino.com\/boutique\/product\/bois-de-cerf-chiot\/"},"modified":"2022-12-08T17:36:54","modified_gmt":"2022-12-08T16:36:54","slug":"bois-de-cerf-chiot","status":"publish","type":"product","link":"https:\/\/www.vetorino.com\/veterinaire\/prunelli-di-fiumorbo-20243\/boutique\/product\/bois-de-cerf-chiot\/","title":{"rendered":"Bois de cerf chiot"},"content":{"rendered":"<p><strong>Evident Bois de cerf en biseau pour chiot XS<\/strong> est sp\u00e9cialement con\u00e7u pour les petits chiots \u00e0 partir de 3 mois afin de r\u00e9pondre \u00e0 leurs besoins. Ce bois de cerf en biseau permet au chiot de faire ses dents sans efforts mastication. La moelle est totalement accessible sans aucun effort de mastication.<\/p>\n<p>C&#8217;est l&#8217;os \u00e0 m\u00e2cher 100% naturel, \u00e0 la fois gourmand mais pas trop r\u00e9sistant.<\/p>\n<p>Ce bois de cerf sp\u00e9cial chiot peut aussi \u00eatre recommand\u00e9 pour des chiens \u00e2g\u00e9s ou peu endurants \u00e0 la mastication.<\/p>\n<p><strong>Utilisation<\/strong>:<\/p>\n<ul>\n<li>Douleurs dentaires<\/li>\n<li>Apport en calcium et min\u00e9raux naturels indispensable au bon d\u00e9veloppement de votre chien !<\/li>\n<\/ul>\n<p><strong>Conseil:<\/strong>\u00a0Une fois que votre chiot aura perdu ses dents de lait vers 4-5 mois, passez sur du bois de cerf tranch\u00e9 plat puis sur du bois de daim pour finir sur le bois de cerf entier si votre chien s&#8217;av\u00e8re \u00eatre un f\u00e9roce m\u00e2chouilleur !<em><strong>Les bois sont ramass\u00e9s pendant la mue naturelle des cerfs. Aucun animal n&#8217;a \u00e9t\u00e9 bless\u00e9 ou tu\u00e9 pour obtenir ses bois.<\/strong><\/em><\/p>\n","protected":false},"excerpt":{"rendered":"<p><strong>Evident Bois de cerf en biseau pour chiot XS<\/strong> est sp\u00e9cialement con\u00e7u pour les petits chiots \u00e0 partir de 3 mois afin de r\u00e9pondre \u00e0 leurs besoins.<\/p>\n","protected":false},"featured_media":214820,"template":"","meta":[],"product_cat":[12573,12550,2698],"product_tag":[],"class_list":{"0":"post-213531","1":"product","2":"type-product","3":"status-publish","4":"has-post-thumbnail","6":"product_cat-accessoire-pour-lhygiene-du-chien","7":"product_cat-accessoires-du-chien","8":"product_cat-chien","10":"first","11":"instock","12":"taxable","13":"shipping-taxable","14":"purchasable","15":"product-type-variable"},"yoast_head":"<!-- This site is optimized with the Yoast SEO plugin v27.3 - https:\/\/yoast.com\/product\/yoast-seo-wordpress\/ -->\n<title>Bois de cerf chiot - V\u00e9torino<\/title>\n<meta name=\"description\" content=\"Evident Bois de cerf en biseau pour chiot XS est sp\u00e9cialement con\u00e7u pour les petits chiots \u00e0 partir de 3 mois afin de r\u00e9pondre \u00e0 leurs besoins.\" \/>\n<meta name=\"robots\" content=\"noindex, nofollow\" \/>\n<meta property=\"og:locale\" content=\"fr_FR\" \/>\n<meta property=\"og:type\" content=\"article\" \/>\n<meta property=\"og:title\" content=\"Bois de cerf chiot - V\u00e9torino\" \/>\n<meta property=\"og:description\" content=\"Evident Bois de cerf en biseau pour chiot XS est sp\u00e9cialement con\u00e7u pour les petits chiots \u00e0 partir de 3 mois afin de r\u00e9pondre \u00e0 leurs besoins.\" \/>\n<meta property=\"og:url\" content=\"https:\/\/www.vetorino.com\/veterinaire\/prunelli-di-fiumorbo-20243\/boutique\/product\/bois-de-cerf-chiot\/\" \/>\n<meta property=\"og:site_name\" content=\"V\u00e9torino\" \/>\n<meta property=\"article:publisher\" content=\"https:\/\/www.facebook.com\/Vetorino\/\" \/>\n<meta property=\"article:modified_time\" content=\"2022-12-08T16:36:54+00:00\" \/>\n<meta property=\"og:image\" content=\"https:\/\/www.vetorino.com\/boutique\/wp-content\/uploads\/2021\/08\/evident_bois_de_cerf_chiot_xs.jpeg\" \/>\n\t<meta property=\"og:image:width\" content=\"900\" \/>\n\t<meta property=\"og:image:height\" content=\"584\" \/>\n\t<meta property=\"og:image:type\" content=\"image\/jpeg\" \/>\n<meta name=\"twitter:card\" content=\"summary_large_image\" \/>\n<meta name=\"twitter:label1\" content=\"Disponibilit\u00e9\" \/>\n\t<meta name=\"twitter:data1\" content=\"En stock\" \/>\n<script type=\"application\/ld+json\" class=\"yoast-schema-graph\">{\"@context\":\"https:\\\/\\\/schema.org\",\"@graph\":[{\"@type\":\"WebPage\",\"@id\":\"https:\\\/\\\/www.vetorino.com\\\/boutique\\\/product\\\/bois-de-cerf-chiot\\\/\",\"url\":\"https:\\\/\\\/www.vetorino.com\\\/boutique\\\/product\\\/bois-de-cerf-chiot\\\/\",\"name\":\"Bois de cerf chiot - V\u00e9torino\",\"isPartOf\":{\"@id\":\"https:\\\/\\\/www.vetorino.com\\\/boutique\\\/#website\"},\"primaryImageOfPage\":{\"@id\":\"https:\\\/\\\/www.vetorino.com\\\/boutique\\\/product\\\/bois-de-cerf-chiot\\\/#primaryimage\"},\"image\":{\"@id\":\"https:\\\/\\\/www.vetorino.com\\\/boutique\\\/product\\\/bois-de-cerf-chiot\\\/#primaryimage\"},\"thumbnailUrl\":\"https:\\\/\\\/www.vetorino.com\\\/boutique\\\/wp-content\\\/uploads\\\/2021\\\/08\\\/evident_bois_de_cerf_chiot_xs.jpeg\",\"datePublished\":\"2021-08-12T13:58:38+00:00\",\"dateModified\":\"2022-12-08T16:36:54+00:00\",\"description\":\"Evident Bois de cerf en biseau pour chiot XS est sp\u00e9cialement con\u00e7u pour les petits chiots \u00e0 partir de 3 mois afin de r\u00e9pondre \u00e0 leurs besoins.\",\"breadcrumb\":{\"@id\":\"https:\\\/\\\/www.vetorino.com\\\/boutique\\\/product\\\/bois-de-cerf-chiot\\\/#breadcrumb\"},\"inLanguage\":\"fr-FR\",\"potentialAction\":[{\"@type\":\"ReadAction\",\"target\":[\"https:\\\/\\\/www.vetorino.com\\\/boutique\\\/product\\\/bois-de-cerf-chiot\\\/\"]}]},{\"@type\":\"ImageObject\",\"inLanguage\":\"fr-FR\",\"@id\":\"https:\\\/\\\/www.vetorino.com\\\/boutique\\\/product\\\/bois-de-cerf-chiot\\\/#primaryimage\",\"url\":\"https:\\\/\\\/www.vetorino.com\\\/boutique\\\/wp-content\\\/uploads\\\/2021\\\/08\\\/evident_bois_de_cerf_chiot_xs.jpeg\",\"contentUrl\":\"https:\\\/\\\/www.vetorino.com\\\/boutique\\\/wp-content\\\/uploads\\\/2021\\\/08\\\/evident_bois_de_cerf_chiot_xs.jpeg\",\"width\":900,\"height\":584},{\"@type\":\"BreadcrumbList\",\"@id\":\"https:\\\/\\\/www.vetorino.com\\\/boutique\\\/product\\\/bois-de-cerf-chiot\\\/#breadcrumb\",\"itemListElement\":[{\"@type\":\"ListItem\",\"position\":1,\"name\":\"Accueil\",\"item\":\"https:\\\/\\\/www.vetorino.com\\\/boutique\\\/\"},{\"@type\":\"ListItem\",\"position\":2,\"name\":\"Produits\",\"item\":\"https:\\\/\\\/www.vetorino.com\\\/boutique\\\/\"},{\"@type\":\"ListItem\",\"position\":3,\"name\":\"Bois de cerf chiot\"}]},{\"@type\":\"WebSite\",\"@id\":\"https:\\\/\\\/www.vetorino.com\\\/boutique\\\/#website\",\"url\":\"https:\\\/\\\/www.vetorino.com\\\/boutique\\\/\",\"name\":\"V\u00e9torino\",\"description\":\"\",\"publisher\":{\"@id\":\"https:\\\/\\\/www.vetorino.com\\\/boutique\\\/#organization\"},\"potentialAction\":[{\"@type\":\"SearchAction\",\"target\":{\"@type\":\"EntryPoint\",\"urlTemplate\":\"https:\\\/\\\/www.vetorino.com\\\/boutique\\\/?s={search_term_string}\"},\"query-input\":{\"@type\":\"PropertyValueSpecification\",\"valueRequired\":true,\"valueName\":\"search_term_string\"}}],\"inLanguage\":\"fr-FR\"},{\"@type\":\"Organization\",\"@id\":\"https:\\\/\\\/www.vetorino.com\\\/boutique\\\/#organization\",\"name\":\"V\u00e9torino\",\"url\":\"https:\\\/\\\/www.vetorino.com\\\/boutique\\\/\",\"logo\":{\"@type\":\"ImageObject\",\"inLanguage\":\"fr-FR\",\"@id\":\"https:\\\/\\\/www.vetorino.com\\\/boutique\\\/#\\\/schema\\\/logo\\\/image\\\/\",\"url\":\"https:\\\/\\\/www.vetorino.com\\\/boutique\\\/wp-content\\\/uploads\\\/2024\\\/10\\\/logo.jpg\",\"contentUrl\":\"https:\\\/\\\/www.vetorino.com\\\/boutique\\\/wp-content\\\/uploads\\\/2024\\\/10\\\/logo.jpg\",\"width\":1200,\"height\":610,\"caption\":\"V\u00e9torino\"},\"image\":{\"@id\":\"https:\\\/\\\/www.vetorino.com\\\/boutique\\\/#\\\/schema\\\/logo\\\/image\\\/\"},\"sameAs\":[\"https:\\\/\\\/www.facebook.com\\\/Vetorino\\\/\",\"https:\\\/\\\/www.instagram.com\\\/vetorino_off\\\/\",\"https:\\\/\\\/www.linkedin.com\\\/company\\\/vtorino\\\/\"]}]}<\/script>\n<meta property=\"og:availability\" content=\"instock\" \/>\n<meta property=\"product:availability\" content=\"instock\" \/>\n<meta property=\"product:condition\" content=\"new\" \/>\n<!-- \/ Yoast SEO plugin. -->","yoast_head_json":{"title":"Bois de cerf chiot - V\u00e9torino","description":"Evident Bois de cerf en biseau pour chiot XS est sp\u00e9cialement con\u00e7u pour les petits chiots \u00e0 partir de 3 mois afin de r\u00e9pondre \u00e0 leurs besoins.","robots":{"index":"noindex","follow":"nofollow"},"og_locale":"fr_FR","og_type":"article","og_title":"Bois de cerf chiot - V\u00e9torino","og_description":"Evident Bois de cerf en biseau pour chiot XS est sp\u00e9cialement con\u00e7u pour les petits chiots \u00e0 partir de 3 mois afin de r\u00e9pondre \u00e0 leurs besoins.","og_url":"https:\/\/www.vetorino.com\/veterinaire\/prunelli-di-fiumorbo-20243\/boutique\/product\/bois-de-cerf-chiot\/","og_site_name":"V\u00e9torino","article_publisher":"https:\/\/www.facebook.com\/Vetorino\/","article_modified_time":"2022-12-08T16:36:54+00:00","og_image":[{"width":900,"height":584,"url":"https:\/\/www.vetorino.com\/boutique\/wp-content\/uploads\/2021\/08\/evident_bois_de_cerf_chiot_xs.jpeg","type":"image\/jpeg"}],"twitter_card":"summary_large_image","twitter_misc":{"Disponibilit\u00e9":"En stock"},"schema":{"@context":"https:\/\/schema.org","@graph":[{"@type":"WebPage","@id":"https:\/\/www.vetorino.com\/boutique\/product\/bois-de-cerf-chiot\/","url":"https:\/\/www.vetorino.com\/boutique\/product\/bois-de-cerf-chiot\/","name":"Bois de cerf chiot - V\u00e9torino","isPartOf":{"@id":"https:\/\/www.vetorino.com\/boutique\/#website"},"primaryImageOfPage":{"@id":"https:\/\/www.vetorino.com\/boutique\/product\/bois-de-cerf-chiot\/#primaryimage"},"image":{"@id":"https:\/\/www.vetorino.com\/boutique\/product\/bois-de-cerf-chiot\/#primaryimage"},"thumbnailUrl":"https:\/\/www.vetorino.com\/boutique\/wp-content\/uploads\/2021\/08\/evident_bois_de_cerf_chiot_xs.jpeg","datePublished":"2021-08-12T13:58:38+00:00","dateModified":"2022-12-08T16:36:54+00:00","description":"Evident Bois de cerf en biseau pour chiot XS est sp\u00e9cialement con\u00e7u pour les petits chiots \u00e0 partir de 3 mois afin de r\u00e9pondre \u00e0 leurs besoins.","breadcrumb":{"@id":"https:\/\/www.vetorino.com\/boutique\/product\/bois-de-cerf-chiot\/#breadcrumb"},"inLanguage":"fr-FR","potentialAction":[{"@type":"ReadAction","target":["https:\/\/www.vetorino.com\/boutique\/product\/bois-de-cerf-chiot\/"]}]},{"@type":"ImageObject","inLanguage":"fr-FR","@id":"https:\/\/www.vetorino.com\/boutique\/product\/bois-de-cerf-chiot\/#primaryimage","url":"https:\/\/www.vetorino.com\/boutique\/wp-content\/uploads\/2021\/08\/evident_bois_de_cerf_chiot_xs.jpeg","contentUrl":"https:\/\/www.vetorino.com\/boutique\/wp-content\/uploads\/2021\/08\/evident_bois_de_cerf_chiot_xs.jpeg","width":900,"height":584},{"@type":"BreadcrumbList","@id":"https:\/\/www.vetorino.com\/boutique\/product\/bois-de-cerf-chiot\/#breadcrumb","itemListElement":[{"@type":"ListItem","position":1,"name":"Accueil","item":"https:\/\/www.vetorino.com\/boutique\/"},{"@type":"ListItem","position":2,"name":"Produits","item":"https:\/\/www.vetorino.com\/boutique\/"},{"@type":"ListItem","position":3,"name":"Bois de cerf chiot"}]},{"@type":"WebSite","@id":"https:\/\/www.vetorino.com\/boutique\/#website","url":"https:\/\/www.vetorino.com\/boutique\/","name":"V\u00e9torino","description":"","publisher":{"@id":"https:\/\/www.vetorino.com\/boutique\/#organization"},"potentialAction":[{"@type":"SearchAction","target":{"@type":"EntryPoint","urlTemplate":"https:\/\/www.vetorino.com\/boutique\/?s={search_term_string}"},"query-input":{"@type":"PropertyValueSpecification","valueRequired":true,"valueName":"search_term_string"}}],"inLanguage":"fr-FR"},{"@type":"Organization","@id":"https:\/\/www.vetorino.com\/boutique\/#organization","name":"V\u00e9torino","url":"https:\/\/www.vetorino.com\/boutique\/","logo":{"@type":"ImageObject","inLanguage":"fr-FR","@id":"https:\/\/www.vetorino.com\/boutique\/#\/schema\/logo\/image\/","url":"https:\/\/www.vetorino.com\/boutique\/wp-content\/uploads\/2024\/10\/logo.jpg","contentUrl":"https:\/\/www.vetorino.com\/boutique\/wp-content\/uploads\/2024\/10\/logo.jpg","width":1200,"height":610,"caption":"V\u00e9torino"},"image":{"@id":"https:\/\/www.vetorino.com\/boutique\/#\/schema\/logo\/image\/"},"sameAs":["https:\/\/www.facebook.com\/Vetorino\/","https:\/\/www.instagram.com\/vetorino_off\/","https:\/\/www.linkedin.com\/company\/vtorino\/"]}]},"og_availability":"instock","product_availability":"instock","product_condition":"new"},"_links":{"self":[{"href":"https:\/\/www.vetorino.com\/veterinaire\/prunelli-di-fiumorbo-20243\/boutique\/wp-json\/wp\/v2\/product\/213531","targetHints":{"allow":["GET"]}}],"collection":[{"href":"https:\/\/www.vetorino.com\/veterinaire\/prunelli-di-fiumorbo-20243\/boutique\/wp-json\/wp\/v2\/product"}],"about":[{"href":"https:\/\/www.vetorino.com\/veterinaire\/prunelli-di-fiumorbo-20243\/boutique\/wp-json\/wp\/v2\/types\/product"}],"wp:featuredmedia":[{"embeddable":true,"href":"https:\/\/www.vetorino.com\/veterinaire\/prunelli-di-fiumorbo-20243\/boutique\/wp-json\/wp\/v2\/media\/214820"}],"wp:attachment":[{"href":"https:\/\/www.vetorino.com\/veterinaire\/prunelli-di-fiumorbo-20243\/boutique\/wp-json\/wp\/v2\/media?parent=213531"}],"wp:term":[{"taxonomy":"product_cat","embeddable":true,"href":"https:\/\/www.vetorino.com\/veterinaire\/prunelli-di-fiumorbo-20243\/boutique\/wp-json\/wp\/v2\/product_cat?post=213531"},{"taxonomy":"product_tag","embeddable":true,"href":"https:\/\/www.vetorino.com\/veterinaire\/prunelli-di-fiumorbo-20243\/boutique\/wp-json\/wp\/v2\/product_tag?post=213531"}],"curies":[{"name":"wp","href":"https:\/\/api.w.org\/{rel}","templated":true}]}}