{"id":264503,"date":"2021-11-29T21:23:25","date_gmt":"2021-11-29T20:23:25","guid":{"rendered":"https:\/\/www.vetorino.com\/boutique\/product\/feliway-optimum-diffuseur\/"},"modified":"2025-06-18T15:54:21","modified_gmt":"2025-06-18T13:54:21","slug":"diffuseur-feliway-optimum-diffuseur","status":"publish","type":"product","link":"https:\/\/www.vetorino.com\/veterinaire\/prunelli-di-fiumorbo-20243\/boutique\/product\/diffuseur-feliway-optimum-diffuseur\/","title":{"rendered":"Feliway Optimum"},"content":{"rendered":"<p><strong>Feliway Optimum contient une association unique d\u2019analogues de ph\u00e9romones f\u00e9lines qui aide \u00e0 r\u00e9duire les principaux signes de stress chez le chat. Sa formule innovante et brevet\u00e9e est le fruit des derni\u00e8res avanc\u00e9es en mati\u00e8re de ph\u00e9romonoth\u00e9rapie et a \u00e9t\u00e9 test\u00e9e scientifiquement.<\/strong><\/p>\n<p><strong>Utilisation :<\/strong><\/p>\n<ul>\n<li>Pour r\u00e9soudre les\u00a0probl\u00e8mes\u00a0de comportements dus au stress.<\/li>\n<li>S\u00e9curise le chat\u00a0dans un environnement inconnu, (nouvelle maison, vacances, etc.) ou stressant (cage, panier, voiture&#8230;).<\/li>\n<li>Apaise\u00a0le chat sans effets secondaires.<\/li>\n<\/ul>\n<p><strong>Avantages :<\/strong><\/p>\n<ul>\n<li>Formule innovante et brevet\u00e9e, fruit des derni\u00e8res avanc\u00e9es en mati\u00e8re de ph\u00e9romonoth\u00e9rapie.<\/li>\n<li>Test\u00e9 scientifiquement.<\/li>\n<li>efficacit\u00e9 renforc\u00e9e, approuv\u00e9e par 93%\u00a0des propri\u00e9taires de chats.<\/li>\n<\/ul>\n","protected":false},"excerpt":{"rendered":"<p><strong>Diffuseur Feliway Optimum <\/strong>contient une association unique d\u2019analogues de ph\u00e9romones f\u00e9lines qui aide \u00e0 r\u00e9duire les principaux signes de stress chez le chat. Sa formule avanc\u00e9es en mati\u00e8re de ph\u00e9romonoth\u00e9rapie a \u00e9t\u00e9 test\u00e9e scientifiquement.<\/p>\n<p><strong>Utilisation :<\/strong><\/p>\n<ul>\n<li>Pour r\u00e9soudre les\u00a0probl\u00e8mes\u00a0de comportements dus au stress.<\/li>\n<li>S\u00e9curise le chat\u00a0dans un environnement inconnu, (nouvelle maison, vacances, etc.) ou stressant (cage, panier, voiture&#8230;).<\/li>\n<li>Apaise\u00a0le chat sans effets secondaires.<\/li>\n<\/ul>\n","protected":false},"featured_media":880055,"template":"","meta":[],"product_cat":[2759,2697],"product_tag":[],"class_list":{"0":"post-264503","1":"product","2":"type-product","3":"status-publish","4":"has-post-thumbnail","6":"product_cat-anti-stress-et-anxiete-pour-chat","7":"product_cat-chat","8":"pa_marque-ceva","10":"first","11":"instock","12":"taxable","13":"shipping-taxable","14":"purchasable","15":"product-type-variable"},"yoast_head":"<!-- This site is optimized with the Yoast SEO plugin v27.3 - https:\/\/yoast.com\/product\/yoast-seo-wordpress\/ -->\n<title>Feliway Optimum Ceva - V\u00e9torino<\/title>\n<meta name=\"description\" content=\"Le diffuseur Feliway Optimum r\u00e9duit les principaux signes de stress chez le chat par la diffusion de ph\u00e9romones f\u00e9lines\" \/>\n<meta name=\"robots\" content=\"noindex, nofollow\" \/>\n<meta property=\"og:locale\" content=\"fr_FR\" \/>\n<meta property=\"og:type\" content=\"article\" \/>\n<meta property=\"og:title\" content=\"Feliway Optimum Ceva - V\u00e9torino\" \/>\n<meta property=\"og:description\" content=\"Le diffuseur Feliway Optimum r\u00e9duit les principaux signes de stress chez le chat par la diffusion de ph\u00e9romones f\u00e9lines\" \/>\n<meta property=\"og:url\" content=\"https:\/\/www.vetorino.com\/veterinaire\/prunelli-di-fiumorbo-20243\/boutique\/product\/diffuseur-feliway-optimum-diffuseur\/\" \/>\n<meta property=\"og:site_name\" content=\"V\u00e9torino\" \/>\n<meta property=\"article:publisher\" content=\"https:\/\/www.facebook.com\/Vetorino\/\" \/>\n<meta property=\"article:modified_time\" content=\"2025-06-18T13:54:21+00:00\" \/>\n<meta property=\"og:image\" content=\"https:\/\/www.vetorino.com\/boutique\/wp-content\/uploads\/2021\/11\/pack-de-3-recharges-feliway-optimum.webp\" \/>\n\t<meta property=\"og:image:width\" content=\"540\" \/>\n\t<meta property=\"og:image:height\" content=\"540\" \/>\n\t<meta property=\"og:image:type\" content=\"image\/webp\" \/>\n<meta name=\"twitter:card\" content=\"summary_large_image\" \/>\n<meta name=\"twitter:label1\" content=\"Disponibilit\u00e9\" \/>\n\t<meta name=\"twitter:data1\" content=\"En stock\" \/>\n<script type=\"application\/ld+json\" class=\"yoast-schema-graph\">{\"@context\":\"https:\\\/\\\/schema.org\",\"@graph\":[{\"@type\":\"WebPage\",\"@id\":\"https:\\\/\\\/www.vetorino.com\\\/boutique\\\/product\\\/diffuseur-feliway-optimum-diffuseur\\\/\",\"url\":\"https:\\\/\\\/www.vetorino.com\\\/boutique\\\/product\\\/diffuseur-feliway-optimum-diffuseur\\\/\",\"name\":\"Feliway Optimum Ceva - V\u00e9torino\",\"isPartOf\":{\"@id\":\"https:\\\/\\\/www.vetorino.com\\\/boutique\\\/#website\"},\"primaryImageOfPage\":{\"@id\":\"https:\\\/\\\/www.vetorino.com\\\/boutique\\\/product\\\/diffuseur-feliway-optimum-diffuseur\\\/#primaryimage\"},\"image\":{\"@id\":\"https:\\\/\\\/www.vetorino.com\\\/boutique\\\/product\\\/diffuseur-feliway-optimum-diffuseur\\\/#primaryimage\"},\"thumbnailUrl\":\"https:\\\/\\\/www.vetorino.com\\\/boutique\\\/wp-content\\\/uploads\\\/2021\\\/11\\\/pack-de-3-recharges-feliway-optimum.webp\",\"datePublished\":\"2021-11-29T20:23:25+00:00\",\"dateModified\":\"2025-06-18T13:54:21+00:00\",\"description\":\"Le diffuseur Feliway Optimum r\u00e9duit les principaux signes de stress chez le chat par la diffusion de ph\u00e9romones f\u00e9lines\",\"breadcrumb\":{\"@id\":\"https:\\\/\\\/www.vetorino.com\\\/boutique\\\/product\\\/diffuseur-feliway-optimum-diffuseur\\\/#breadcrumb\"},\"inLanguage\":\"fr-FR\",\"potentialAction\":[{\"@type\":\"ReadAction\",\"target\":[\"https:\\\/\\\/www.vetorino.com\\\/boutique\\\/product\\\/diffuseur-feliway-optimum-diffuseur\\\/\"]}]},{\"@type\":\"ImageObject\",\"inLanguage\":\"fr-FR\",\"@id\":\"https:\\\/\\\/www.vetorino.com\\\/boutique\\\/product\\\/diffuseur-feliway-optimum-diffuseur\\\/#primaryimage\",\"url\":\"https:\\\/\\\/www.vetorino.com\\\/boutique\\\/wp-content\\\/uploads\\\/2021\\\/11\\\/pack-de-3-recharges-feliway-optimum.webp\",\"contentUrl\":\"https:\\\/\\\/www.vetorino.com\\\/boutique\\\/wp-content\\\/uploads\\\/2021\\\/11\\\/pack-de-3-recharges-feliway-optimum.webp\",\"width\":540,\"height\":540},{\"@type\":\"BreadcrumbList\",\"@id\":\"https:\\\/\\\/www.vetorino.com\\\/boutique\\\/product\\\/diffuseur-feliway-optimum-diffuseur\\\/#breadcrumb\",\"itemListElement\":[{\"@type\":\"ListItem\",\"position\":1,\"name\":\"Accueil\",\"item\":\"https:\\\/\\\/www.vetorino.com\\\/boutique\\\/\"},{\"@type\":\"ListItem\",\"position\":2,\"name\":\"Produits\",\"item\":\"https:\\\/\\\/www.vetorino.com\\\/boutique\\\/\"},{\"@type\":\"ListItem\",\"position\":3,\"name\":\"Feliway Optimum\"}]},{\"@type\":\"WebSite\",\"@id\":\"https:\\\/\\\/www.vetorino.com\\\/boutique\\\/#website\",\"url\":\"https:\\\/\\\/www.vetorino.com\\\/boutique\\\/\",\"name\":\"V\u00e9torino\",\"description\":\"\",\"publisher\":{\"@id\":\"https:\\\/\\\/www.vetorino.com\\\/boutique\\\/#organization\"},\"potentialAction\":[{\"@type\":\"SearchAction\",\"target\":{\"@type\":\"EntryPoint\",\"urlTemplate\":\"https:\\\/\\\/www.vetorino.com\\\/boutique\\\/?s={search_term_string}\"},\"query-input\":{\"@type\":\"PropertyValueSpecification\",\"valueRequired\":true,\"valueName\":\"search_term_string\"}}],\"inLanguage\":\"fr-FR\"},{\"@type\":\"Organization\",\"@id\":\"https:\\\/\\\/www.vetorino.com\\\/boutique\\\/#organization\",\"name\":\"V\u00e9torino\",\"url\":\"https:\\\/\\\/www.vetorino.com\\\/boutique\\\/\",\"logo\":{\"@type\":\"ImageObject\",\"inLanguage\":\"fr-FR\",\"@id\":\"https:\\\/\\\/www.vetorino.com\\\/boutique\\\/#\\\/schema\\\/logo\\\/image\\\/\",\"url\":\"https:\\\/\\\/www.vetorino.com\\\/boutique\\\/wp-content\\\/uploads\\\/2024\\\/10\\\/logo.jpg\",\"contentUrl\":\"https:\\\/\\\/www.vetorino.com\\\/boutique\\\/wp-content\\\/uploads\\\/2024\\\/10\\\/logo.jpg\",\"width\":1200,\"height\":610,\"caption\":\"V\u00e9torino\"},\"image\":{\"@id\":\"https:\\\/\\\/www.vetorino.com\\\/boutique\\\/#\\\/schema\\\/logo\\\/image\\\/\"},\"sameAs\":[\"https:\\\/\\\/www.facebook.com\\\/Vetorino\\\/\",\"https:\\\/\\\/www.instagram.com\\\/vetorino_off\\\/\",\"https:\\\/\\\/www.linkedin.com\\\/company\\\/vtorino\\\/\"]}]}<\/script>\n<meta property=\"product:brand\" content=\"Ceva\" \/>\n<meta property=\"og:availability\" content=\"instock\" \/>\n<meta property=\"product:availability\" content=\"instock\" \/>\n<meta property=\"product:condition\" content=\"new\" \/>\n<!-- \/ Yoast SEO plugin. -->","yoast_head_json":{"title":"Feliway Optimum Ceva - V\u00e9torino","description":"Le diffuseur Feliway Optimum r\u00e9duit les principaux signes de stress chez le chat par la diffusion de ph\u00e9romones f\u00e9lines","robots":{"index":"noindex","follow":"nofollow"},"og_locale":"fr_FR","og_type":"article","og_title":"Feliway Optimum Ceva - V\u00e9torino","og_description":"Le diffuseur Feliway Optimum r\u00e9duit les principaux signes de stress chez le chat par la diffusion de ph\u00e9romones f\u00e9lines","og_url":"https:\/\/www.vetorino.com\/veterinaire\/prunelli-di-fiumorbo-20243\/boutique\/product\/diffuseur-feliway-optimum-diffuseur\/","og_site_name":"V\u00e9torino","article_publisher":"https:\/\/www.facebook.com\/Vetorino\/","article_modified_time":"2025-06-18T13:54:21+00:00","og_image":[{"width":540,"height":540,"url":"https:\/\/www.vetorino.com\/boutique\/wp-content\/uploads\/2021\/11\/pack-de-3-recharges-feliway-optimum.webp","type":"image\/webp"}],"twitter_card":"summary_large_image","twitter_misc":{"Disponibilit\u00e9":"En stock"},"schema":{"@context":"https:\/\/schema.org","@graph":[{"@type":"WebPage","@id":"https:\/\/www.vetorino.com\/boutique\/product\/diffuseur-feliway-optimum-diffuseur\/","url":"https:\/\/www.vetorino.com\/boutique\/product\/diffuseur-feliway-optimum-diffuseur\/","name":"Feliway Optimum Ceva - V\u00e9torino","isPartOf":{"@id":"https:\/\/www.vetorino.com\/boutique\/#website"},"primaryImageOfPage":{"@id":"https:\/\/www.vetorino.com\/boutique\/product\/diffuseur-feliway-optimum-diffuseur\/#primaryimage"},"image":{"@id":"https:\/\/www.vetorino.com\/boutique\/product\/diffuseur-feliway-optimum-diffuseur\/#primaryimage"},"thumbnailUrl":"https:\/\/www.vetorino.com\/boutique\/wp-content\/uploads\/2021\/11\/pack-de-3-recharges-feliway-optimum.webp","datePublished":"2021-11-29T20:23:25+00:00","dateModified":"2025-06-18T13:54:21+00:00","description":"Le diffuseur Feliway Optimum r\u00e9duit les principaux signes de stress chez le chat par la diffusion de ph\u00e9romones f\u00e9lines","breadcrumb":{"@id":"https:\/\/www.vetorino.com\/boutique\/product\/diffuseur-feliway-optimum-diffuseur\/#breadcrumb"},"inLanguage":"fr-FR","potentialAction":[{"@type":"ReadAction","target":["https:\/\/www.vetorino.com\/boutique\/product\/diffuseur-feliway-optimum-diffuseur\/"]}]},{"@type":"ImageObject","inLanguage":"fr-FR","@id":"https:\/\/www.vetorino.com\/boutique\/product\/diffuseur-feliway-optimum-diffuseur\/#primaryimage","url":"https:\/\/www.vetorino.com\/boutique\/wp-content\/uploads\/2021\/11\/pack-de-3-recharges-feliway-optimum.webp","contentUrl":"https:\/\/www.vetorino.com\/boutique\/wp-content\/uploads\/2021\/11\/pack-de-3-recharges-feliway-optimum.webp","width":540,"height":540},{"@type":"BreadcrumbList","@id":"https:\/\/www.vetorino.com\/boutique\/product\/diffuseur-feliway-optimum-diffuseur\/#breadcrumb","itemListElement":[{"@type":"ListItem","position":1,"name":"Accueil","item":"https:\/\/www.vetorino.com\/boutique\/"},{"@type":"ListItem","position":2,"name":"Produits","item":"https:\/\/www.vetorino.com\/boutique\/"},{"@type":"ListItem","position":3,"name":"Feliway Optimum"}]},{"@type":"WebSite","@id":"https:\/\/www.vetorino.com\/boutique\/#website","url":"https:\/\/www.vetorino.com\/boutique\/","name":"V\u00e9torino","description":"","publisher":{"@id":"https:\/\/www.vetorino.com\/boutique\/#organization"},"potentialAction":[{"@type":"SearchAction","target":{"@type":"EntryPoint","urlTemplate":"https:\/\/www.vetorino.com\/boutique\/?s={search_term_string}"},"query-input":{"@type":"PropertyValueSpecification","valueRequired":true,"valueName":"search_term_string"}}],"inLanguage":"fr-FR"},{"@type":"Organization","@id":"https:\/\/www.vetorino.com\/boutique\/#organization","name":"V\u00e9torino","url":"https:\/\/www.vetorino.com\/boutique\/","logo":{"@type":"ImageObject","inLanguage":"fr-FR","@id":"https:\/\/www.vetorino.com\/boutique\/#\/schema\/logo\/image\/","url":"https:\/\/www.vetorino.com\/boutique\/wp-content\/uploads\/2024\/10\/logo.jpg","contentUrl":"https:\/\/www.vetorino.com\/boutique\/wp-content\/uploads\/2024\/10\/logo.jpg","width":1200,"height":610,"caption":"V\u00e9torino"},"image":{"@id":"https:\/\/www.vetorino.com\/boutique\/#\/schema\/logo\/image\/"},"sameAs":["https:\/\/www.facebook.com\/Vetorino\/","https:\/\/www.instagram.com\/vetorino_off\/","https:\/\/www.linkedin.com\/company\/vtorino\/"]}]},"product_brand":"Ceva","og_availability":"instock","product_availability":"instock","product_condition":"new"},"_links":{"self":[{"href":"https:\/\/www.vetorino.com\/veterinaire\/prunelli-di-fiumorbo-20243\/boutique\/wp-json\/wp\/v2\/product\/264503","targetHints":{"allow":["GET"]}}],"collection":[{"href":"https:\/\/www.vetorino.com\/veterinaire\/prunelli-di-fiumorbo-20243\/boutique\/wp-json\/wp\/v2\/product"}],"about":[{"href":"https:\/\/www.vetorino.com\/veterinaire\/prunelli-di-fiumorbo-20243\/boutique\/wp-json\/wp\/v2\/types\/product"}],"wp:featuredmedia":[{"embeddable":true,"href":"https:\/\/www.vetorino.com\/veterinaire\/prunelli-di-fiumorbo-20243\/boutique\/wp-json\/wp\/v2\/media\/880055"}],"wp:attachment":[{"href":"https:\/\/www.vetorino.com\/veterinaire\/prunelli-di-fiumorbo-20243\/boutique\/wp-json\/wp\/v2\/media?parent=264503"}],"wp:term":[{"taxonomy":"product_cat","embeddable":true,"href":"https:\/\/www.vetorino.com\/veterinaire\/prunelli-di-fiumorbo-20243\/boutique\/wp-json\/wp\/v2\/product_cat?post=264503"},{"taxonomy":"product_tag","embeddable":true,"href":"https:\/\/www.vetorino.com\/veterinaire\/prunelli-di-fiumorbo-20243\/boutique\/wp-json\/wp\/v2\/product_tag?post=264503"}],"curies":[{"name":"wp","href":"https:\/\/api.w.org\/{rel}","templated":true}]}}