{"id":289110,"date":"2022-01-21T17:06:34","date_gmt":"2022-01-21T16:06:34","guid":{"rendered":"https:\/\/www.vetorino.com\/boutique\/product\/tonivet-lab-articulaire-mini-sac-3-kg\/"},"modified":"2025-11-20T15:25:47","modified_gmt":"2025-11-20T14:25:47","slug":"tonivet-lab-articulaire-mini-sac-3-kg","status":"publish","type":"product","link":"https:\/\/www.vetorino.com\/veterinaire\/prunelli-di-fiumorbo-20243\/boutique\/product\/tonivet-lab-articulaire-mini-sac-3-kg\/","title":{"rendered":"Chien LAB Articulaire Mini"},"content":{"rendered":"<p><strong>TONIVET ARTICULAIRE MIN<\/strong>I est un aliment di\u00e9t\u00e9tique complet pour chien \u00e9labor\u00e9 pour soutenir le m\u00e9tabolisme des articulations en cas d\u2019arthrose.<\/p>\n<p><strong>Utilisation :<\/strong><\/p>\n<ul>\n<li>Chien de moins de 10 kg<\/li>\n<li>Troubles articulaires<\/li>\n<li>Taille de croquettes : 10 mm<\/li>\n<\/ul>\n<p><strong>Bienfaits essentiels :<\/strong><\/p>\n<p>Sp\u00e9cialement formul\u00e9 pour favoriser le soutien articulaire gr\u00e2ce \u00e0 une s\u00e9lection d\u2019ingr\u00e9dients : Glucosamine \/ Sulfate de Chondro\u00eftine (2200 mg\/kg), plantes \u00e0 action cibl\u00e9e (harpagophytum, reine des pr\u00e9s, pr\u00eale, feuille de cassis) et ingr\u00e9dients riches en om\u00e9ga 3 (Huile de poisson, graines de chia &amp; lin).<\/p>\n<p><strong>Sacs recyclables et compostables.<\/strong><\/p>\n","protected":false},"excerpt":{"rendered":"<div>\n<p><strong>Croquettes fran\u00e7aises compl\u00e8tes pour chien adulte et s\u00e9nior souffrant de douleurs articulaires ou de difficult\u00e9s locomotrices.<\/strong><\/p>\n<\/div>\n<p><strong>Utilisation :<\/strong><\/p>\n<ul>\n<li>Chien de moins de 10 kg<\/li>\n<li>Troubles articulaires<\/li>\n<\/ul>\n","protected":false},"featured_media":296852,"template":"","meta":[],"product_cat":[12552,12582,2698],"product_tag":[],"class_list":{"0":"post-289110","1":"product","2":"type-product","3":"status-publish","4":"has-post-thumbnail","6":"product_cat-alimentation-du-chien","7":"product_cat-alimentation-medicalisee-pour-chien","8":"product_cat-chien","9":"pa_marque-tonivet","11":"first","12":"instock","13":"taxable","14":"shipping-taxable","15":"purchasable","16":"product-type-simple"},"yoast_head":"<!-- This site is optimized with the Yoast SEO plugin v27.3 - https:\/\/yoast.com\/product\/yoast-seo-wordpress\/ -->\n<title>Chien LAB Articulaire Mini Tonivet - V\u00e9torino<\/title>\n<meta name=\"description\" content=\"Croquettes fran\u00e7aises compl\u00e8tes pour chien adulte et s\u00e9nior souffrant de douleurs articulaires ou de difficult\u00e9s locomotrices.   Utilisation :   Chien de moins de 10 kg  Troubles articulaires\" \/>\n<meta name=\"robots\" content=\"noindex, nofollow\" \/>\n<meta property=\"og:locale\" content=\"fr_FR\" \/>\n<meta property=\"og:type\" content=\"article\" \/>\n<meta property=\"og:title\" content=\"Chien LAB Articulaire Mini Tonivet - V\u00e9torino\" \/>\n<meta property=\"og:description\" content=\"Croquettes fran\u00e7aises compl\u00e8tes pour chien adulte et s\u00e9nior souffrant de douleurs articulaires ou de difficult\u00e9s locomotrices.   Utilisation :   Chien de moins de 10 kg  Troubles articulaires\" \/>\n<meta property=\"og:url\" content=\"https:\/\/www.vetorino.com\/veterinaire\/prunelli-di-fiumorbo-20243\/boutique\/product\/tonivet-lab-articulaire-mini-sac-3-kg\/\" \/>\n<meta property=\"og:site_name\" content=\"V\u00e9torino\" \/>\n<meta property=\"article:publisher\" content=\"https:\/\/www.facebook.com\/Vetorino\/\" \/>\n<meta property=\"article:modified_time\" content=\"2025-11-20T14:25:47+00:00\" \/>\n<meta property=\"og:image\" content=\"https:\/\/www.vetorino.com\/boutique\/wp-content\/uploads\/2022\/01\/tonivet-chien-adulte-articulaire-mini-vetorino.jpg\" \/>\n\t<meta property=\"og:image:width\" content=\"540\" \/>\n\t<meta property=\"og:image:height\" content=\"540\" \/>\n\t<meta property=\"og:image:type\" content=\"image\/jpeg\" \/>\n<meta name=\"twitter:card\" content=\"summary_large_image\" \/>\n<meta name=\"twitter:label1\" content=\"Prix\" \/>\n\t<meta name=\"twitter:data1\" content=\"30,13&euro;\" \/>\n\t<meta name=\"twitter:label2\" content=\"Disponibilit\u00e9\" \/>\n\t<meta name=\"twitter:data2\" content=\"En stock\" \/>\n<script type=\"application\/ld+json\" class=\"yoast-schema-graph\">{\"@context\":\"https:\\\/\\\/schema.org\",\"@graph\":[{\"@type\":\"WebPage\",\"@id\":\"https:\\\/\\\/www.vetorino.com\\\/boutique\\\/product\\\/tonivet-lab-articulaire-mini-sac-3-kg\\\/\",\"url\":\"https:\\\/\\\/www.vetorino.com\\\/boutique\\\/product\\\/tonivet-lab-articulaire-mini-sac-3-kg\\\/\",\"name\":\"Chien LAB Articulaire Mini Tonivet - V\u00e9torino\",\"isPartOf\":{\"@id\":\"https:\\\/\\\/www.vetorino.com\\\/boutique\\\/#website\"},\"primaryImageOfPage\":{\"@id\":\"https:\\\/\\\/www.vetorino.com\\\/boutique\\\/product\\\/tonivet-lab-articulaire-mini-sac-3-kg\\\/#primaryimage\"},\"image\":{\"@id\":\"https:\\\/\\\/www.vetorino.com\\\/boutique\\\/product\\\/tonivet-lab-articulaire-mini-sac-3-kg\\\/#primaryimage\"},\"thumbnailUrl\":\"https:\\\/\\\/www.vetorino.com\\\/boutique\\\/wp-content\\\/uploads\\\/2022\\\/01\\\/tonivet-chien-adulte-articulaire-mini-vetorino.jpg\",\"datePublished\":\"2022-01-21T16:06:34+00:00\",\"dateModified\":\"2025-11-20T14:25:47+00:00\",\"description\":\"Croquettes fran\u00e7aises compl\u00e8tes pour chien adulte et s\u00e9nior souffrant de douleurs articulaires ou de difficult\u00e9s locomotrices. Utilisation : Chien de moins de 10 kg Troubles articulaires\",\"breadcrumb\":{\"@id\":\"https:\\\/\\\/www.vetorino.com\\\/boutique\\\/product\\\/tonivet-lab-articulaire-mini-sac-3-kg\\\/#breadcrumb\"},\"inLanguage\":\"fr-FR\",\"potentialAction\":[{\"@type\":\"ReadAction\",\"target\":[\"https:\\\/\\\/www.vetorino.com\\\/boutique\\\/product\\\/tonivet-lab-articulaire-mini-sac-3-kg\\\/\"]}]},{\"@type\":\"ImageObject\",\"inLanguage\":\"fr-FR\",\"@id\":\"https:\\\/\\\/www.vetorino.com\\\/boutique\\\/product\\\/tonivet-lab-articulaire-mini-sac-3-kg\\\/#primaryimage\",\"url\":\"https:\\\/\\\/www.vetorino.com\\\/boutique\\\/wp-content\\\/uploads\\\/2022\\\/01\\\/tonivet-chien-adulte-articulaire-mini-vetorino.jpg\",\"contentUrl\":\"https:\\\/\\\/www.vetorino.com\\\/boutique\\\/wp-content\\\/uploads\\\/2022\\\/01\\\/tonivet-chien-adulte-articulaire-mini-vetorino.jpg\",\"width\":540,\"height\":540,\"caption\":\"croquettes chien tonivet lab articulaire mini vetorino\"},{\"@type\":\"BreadcrumbList\",\"@id\":\"https:\\\/\\\/www.vetorino.com\\\/boutique\\\/product\\\/tonivet-lab-articulaire-mini-sac-3-kg\\\/#breadcrumb\",\"itemListElement\":[{\"@type\":\"ListItem\",\"position\":1,\"name\":\"Accueil\",\"item\":\"https:\\\/\\\/www.vetorino.com\\\/boutique\\\/\"},{\"@type\":\"ListItem\",\"position\":2,\"name\":\"Produits\",\"item\":\"https:\\\/\\\/www.vetorino.com\\\/boutique\\\/\"},{\"@type\":\"ListItem\",\"position\":3,\"name\":\"Chien LAB Articulaire Mini\"}]},{\"@type\":\"WebSite\",\"@id\":\"https:\\\/\\\/www.vetorino.com\\\/boutique\\\/#website\",\"url\":\"https:\\\/\\\/www.vetorino.com\\\/boutique\\\/\",\"name\":\"V\u00e9torino\",\"description\":\"\",\"publisher\":{\"@id\":\"https:\\\/\\\/www.vetorino.com\\\/boutique\\\/#organization\"},\"potentialAction\":[{\"@type\":\"SearchAction\",\"target\":{\"@type\":\"EntryPoint\",\"urlTemplate\":\"https:\\\/\\\/www.vetorino.com\\\/boutique\\\/?s={search_term_string}\"},\"query-input\":{\"@type\":\"PropertyValueSpecification\",\"valueRequired\":true,\"valueName\":\"search_term_string\"}}],\"inLanguage\":\"fr-FR\"},{\"@type\":\"Organization\",\"@id\":\"https:\\\/\\\/www.vetorino.com\\\/boutique\\\/#organization\",\"name\":\"V\u00e9torino\",\"url\":\"https:\\\/\\\/www.vetorino.com\\\/boutique\\\/\",\"logo\":{\"@type\":\"ImageObject\",\"inLanguage\":\"fr-FR\",\"@id\":\"https:\\\/\\\/www.vetorino.com\\\/boutique\\\/#\\\/schema\\\/logo\\\/image\\\/\",\"url\":\"https:\\\/\\\/www.vetorino.com\\\/boutique\\\/wp-content\\\/uploads\\\/2024\\\/10\\\/logo.jpg\",\"contentUrl\":\"https:\\\/\\\/www.vetorino.com\\\/boutique\\\/wp-content\\\/uploads\\\/2024\\\/10\\\/logo.jpg\",\"width\":1200,\"height\":610,\"caption\":\"V\u00e9torino\"},\"image\":{\"@id\":\"https:\\\/\\\/www.vetorino.com\\\/boutique\\\/#\\\/schema\\\/logo\\\/image\\\/\"},\"sameAs\":[\"https:\\\/\\\/www.facebook.com\\\/Vetorino\\\/\",\"https:\\\/\\\/www.instagram.com\\\/vetorino_off\\\/\",\"https:\\\/\\\/www.linkedin.com\\\/company\\\/vtorino\\\/\"]}]}<\/script>\n<meta property=\"product:brand\" content=\"Tonivet\" \/>\n<meta property=\"product:price:amount\" content=\"30.13\" \/>\n<meta property=\"product:price:currency\" content=\"EUR\" \/>\n<meta property=\"og:availability\" content=\"instock\" \/>\n<meta property=\"product:availability\" content=\"instock\" \/>\n<meta property=\"product:retailer_item_id\" content=\"A-1862740\" \/>\n<meta property=\"product:condition\" content=\"new\" \/>\n<!-- \/ Yoast SEO plugin. -->","yoast_head_json":{"title":"Chien LAB Articulaire Mini Tonivet - V\u00e9torino","description":"Croquettes fran\u00e7aises compl\u00e8tes pour chien adulte et s\u00e9nior souffrant de douleurs articulaires ou de difficult\u00e9s locomotrices.   Utilisation :   Chien de moins de 10 kg  Troubles articulaires","robots":{"index":"noindex","follow":"nofollow"},"og_locale":"fr_FR","og_type":"article","og_title":"Chien LAB Articulaire Mini Tonivet - V\u00e9torino","og_description":"Croquettes fran\u00e7aises compl\u00e8tes pour chien adulte et s\u00e9nior souffrant de douleurs articulaires ou de difficult\u00e9s locomotrices.   Utilisation :   Chien de moins de 10 kg  Troubles articulaires","og_url":"https:\/\/www.vetorino.com\/veterinaire\/prunelli-di-fiumorbo-20243\/boutique\/product\/tonivet-lab-articulaire-mini-sac-3-kg\/","og_site_name":"V\u00e9torino","article_publisher":"https:\/\/www.facebook.com\/Vetorino\/","article_modified_time":"2025-11-20T14:25:47+00:00","og_image":[{"width":540,"height":540,"url":"https:\/\/www.vetorino.com\/boutique\/wp-content\/uploads\/2022\/01\/tonivet-chien-adulte-articulaire-mini-vetorino.jpg","type":"image\/jpeg"}],"twitter_card":"summary_large_image","twitter_misc":{"Prix":"30,13&euro;","Disponibilit\u00e9":"En stock"},"schema":{"@context":"https:\/\/schema.org","@graph":[{"@type":"WebPage","@id":"https:\/\/www.vetorino.com\/boutique\/product\/tonivet-lab-articulaire-mini-sac-3-kg\/","url":"https:\/\/www.vetorino.com\/boutique\/product\/tonivet-lab-articulaire-mini-sac-3-kg\/","name":"Chien LAB Articulaire Mini Tonivet - V\u00e9torino","isPartOf":{"@id":"https:\/\/www.vetorino.com\/boutique\/#website"},"primaryImageOfPage":{"@id":"https:\/\/www.vetorino.com\/boutique\/product\/tonivet-lab-articulaire-mini-sac-3-kg\/#primaryimage"},"image":{"@id":"https:\/\/www.vetorino.com\/boutique\/product\/tonivet-lab-articulaire-mini-sac-3-kg\/#primaryimage"},"thumbnailUrl":"https:\/\/www.vetorino.com\/boutique\/wp-content\/uploads\/2022\/01\/tonivet-chien-adulte-articulaire-mini-vetorino.jpg","datePublished":"2022-01-21T16:06:34+00:00","dateModified":"2025-11-20T14:25:47+00:00","description":"Croquettes fran\u00e7aises compl\u00e8tes pour chien adulte et s\u00e9nior souffrant de douleurs articulaires ou de difficult\u00e9s locomotrices. Utilisation : Chien de moins de 10 kg Troubles articulaires","breadcrumb":{"@id":"https:\/\/www.vetorino.com\/boutique\/product\/tonivet-lab-articulaire-mini-sac-3-kg\/#breadcrumb"},"inLanguage":"fr-FR","potentialAction":[{"@type":"ReadAction","target":["https:\/\/www.vetorino.com\/boutique\/product\/tonivet-lab-articulaire-mini-sac-3-kg\/"]}]},{"@type":"ImageObject","inLanguage":"fr-FR","@id":"https:\/\/www.vetorino.com\/boutique\/product\/tonivet-lab-articulaire-mini-sac-3-kg\/#primaryimage","url":"https:\/\/www.vetorino.com\/boutique\/wp-content\/uploads\/2022\/01\/tonivet-chien-adulte-articulaire-mini-vetorino.jpg","contentUrl":"https:\/\/www.vetorino.com\/boutique\/wp-content\/uploads\/2022\/01\/tonivet-chien-adulte-articulaire-mini-vetorino.jpg","width":540,"height":540,"caption":"croquettes chien tonivet lab articulaire mini vetorino"},{"@type":"BreadcrumbList","@id":"https:\/\/www.vetorino.com\/boutique\/product\/tonivet-lab-articulaire-mini-sac-3-kg\/#breadcrumb","itemListElement":[{"@type":"ListItem","position":1,"name":"Accueil","item":"https:\/\/www.vetorino.com\/boutique\/"},{"@type":"ListItem","position":2,"name":"Produits","item":"https:\/\/www.vetorino.com\/boutique\/"},{"@type":"ListItem","position":3,"name":"Chien LAB Articulaire Mini"}]},{"@type":"WebSite","@id":"https:\/\/www.vetorino.com\/boutique\/#website","url":"https:\/\/www.vetorino.com\/boutique\/","name":"V\u00e9torino","description":"","publisher":{"@id":"https:\/\/www.vetorino.com\/boutique\/#organization"},"potentialAction":[{"@type":"SearchAction","target":{"@type":"EntryPoint","urlTemplate":"https:\/\/www.vetorino.com\/boutique\/?s={search_term_string}"},"query-input":{"@type":"PropertyValueSpecification","valueRequired":true,"valueName":"search_term_string"}}],"inLanguage":"fr-FR"},{"@type":"Organization","@id":"https:\/\/www.vetorino.com\/boutique\/#organization","name":"V\u00e9torino","url":"https:\/\/www.vetorino.com\/boutique\/","logo":{"@type":"ImageObject","inLanguage":"fr-FR","@id":"https:\/\/www.vetorino.com\/boutique\/#\/schema\/logo\/image\/","url":"https:\/\/www.vetorino.com\/boutique\/wp-content\/uploads\/2024\/10\/logo.jpg","contentUrl":"https:\/\/www.vetorino.com\/boutique\/wp-content\/uploads\/2024\/10\/logo.jpg","width":1200,"height":610,"caption":"V\u00e9torino"},"image":{"@id":"https:\/\/www.vetorino.com\/boutique\/#\/schema\/logo\/image\/"},"sameAs":["https:\/\/www.facebook.com\/Vetorino\/","https:\/\/www.instagram.com\/vetorino_off\/","https:\/\/www.linkedin.com\/company\/vtorino\/"]}]},"product_brand":"Tonivet","product_price_amount":"30.13","product_price_currency":"EUR","og_availability":"instock","product_availability":"instock","product_retailer_item_id":"A-1862740","product_condition":"new"},"_links":{"self":[{"href":"https:\/\/www.vetorino.com\/veterinaire\/prunelli-di-fiumorbo-20243\/boutique\/wp-json\/wp\/v2\/product\/289110","targetHints":{"allow":["GET"]}}],"collection":[{"href":"https:\/\/www.vetorino.com\/veterinaire\/prunelli-di-fiumorbo-20243\/boutique\/wp-json\/wp\/v2\/product"}],"about":[{"href":"https:\/\/www.vetorino.com\/veterinaire\/prunelli-di-fiumorbo-20243\/boutique\/wp-json\/wp\/v2\/types\/product"}],"wp:featuredmedia":[{"embeddable":true,"href":"https:\/\/www.vetorino.com\/veterinaire\/prunelli-di-fiumorbo-20243\/boutique\/wp-json\/wp\/v2\/media\/296852"}],"wp:attachment":[{"href":"https:\/\/www.vetorino.com\/veterinaire\/prunelli-di-fiumorbo-20243\/boutique\/wp-json\/wp\/v2\/media?parent=289110"}],"wp:term":[{"taxonomy":"product_cat","embeddable":true,"href":"https:\/\/www.vetorino.com\/veterinaire\/prunelli-di-fiumorbo-20243\/boutique\/wp-json\/wp\/v2\/product_cat?post=289110"},{"taxonomy":"product_tag","embeddable":true,"href":"https:\/\/www.vetorino.com\/veterinaire\/prunelli-di-fiumorbo-20243\/boutique\/wp-json\/wp\/v2\/product_tag?post=289110"}],"curies":[{"name":"wp","href":"https:\/\/api.w.org\/{rel}","templated":true}]}}