{"id":289140,"date":"2022-01-21T17:42:38","date_gmt":"2022-01-21T16:42:38","guid":{"rendered":"https:\/\/www.vetorino.com\/boutique\/product\/tonivet-perte-poids-ph2-diab-sac-12-kg\/"},"modified":"2025-11-17T15:05:42","modified_gmt":"2025-11-17T14:05:42","slug":"tonivet-perte-de-poids-phase-2","status":"publish","type":"product","link":"https:\/\/www.vetorino.com\/veterinaire\/prunelli-di-fiumorbo-20243\/boutique\/product\/tonivet-perte-de-poids-phase-2\/","title":{"rendered":"Perte de Poids &#8211; Diab\u00e8te Phase 2 &#8211; chien"},"content":{"rendered":"<p><strong>TONIVET PERTE DE POIDS \u2013 DIABETE PHASE 2<\/strong> est un aliment di\u00e9t\u00e9tique complet pour chien adulte qui contribue \u00e0 r\u00e9duire progressivement le surpoids lorsqu\u2019il est inf\u00e9rieur \u00e0 30% et \u00e0 r\u00e9guler l\u2019apport de glucose du chien en surpoids ou de poids optimal. Prot\u00e9ine brute 35%<\/p>\n<p><strong>Taille de croquettes<\/strong> : 10 mm<\/p>\n<p><strong>Bienfaits essentiels :<\/strong><\/p>\n<p>&gt; Densit\u00e9 \u00e9nerg\u00e9tique faible (NRC85) : 329 kcal\/100g.<br \/>\n&gt; Ratio protido-calorique \u00e9lev\u00e9 : 107 g\/kcal.<br \/>\n&gt; L-Carnitine : combustion des graisses acc\u00e9l\u00e9r\u00e9e et maintien de la masse musculaire: 400 mg\/kg.<br \/>\n&gt; Sentiment de sati\u00e9t\u00e9 augment\u00e9 : Teneur en fibres \u00e9lev\u00e9e : 14,5 %.<br \/>\n&gt; R\u00e9gulation de l\u2019apport en glucose : Teneur r\u00e9duite en sucres, faible indice glyc\u00e9mique.<br \/>\n&gt; Soutien articulaire : Glucosamine, Sulfate de chondro\u00eftine 1100 mg\/kg.<br \/>\n&gt; Antioxydants secondaires cellulaires : aide \u00e0 prot\u00e9ger les cellules de l\u2019organisme contre les radicaux<br \/>\nlibres en situation de surpoids : S\u00e9l\u00e9nium organique.<\/p>\n<p>Sacs recyclables et compostables.<\/p>\n","protected":false},"excerpt":{"rendered":"<p><strong>TONIVET PERTE DE POIDS \u2013 DIABETE PHASE 2<\/strong> est un aliment di\u00e9t\u00e9tique complet pour chien adulte qui contribue \u00e0 r\u00e9duire progressivement le surpoids lorsqu\u2019il est inf\u00e9rieur \u00e0 30% et \u00e0 r\u00e9guler l\u2019apport de glucose du chien en surpoids ou de poids optimal.<\/p>\n","protected":false},"featured_media":296916,"template":"","meta":[],"product_cat":[12552,12582,2698],"product_tag":[],"class_list":{"0":"post-289140","1":"product","2":"type-product","3":"status-publish","4":"has-post-thumbnail","6":"product_cat-alimentation-du-chien","7":"product_cat-alimentation-medicalisee-pour-chien","8":"product_cat-chien","9":"pa_marque-tonivet","11":"first","12":"instock","13":"taxable","14":"shipping-taxable","15":"purchasable","16":"product-type-variable"},"yoast_head":"<!-- This site is optimized with the Yoast SEO plugin v27.3 - https:\/\/yoast.com\/product\/yoast-seo-wordpress\/ -->\n<title>Perte de Poids - Diab\u00e8te Phase 2 - chien Tonivet - V\u00e9torino<\/title>\n<meta name=\"description\" content=\"TONIVET PERTE DE POIDS \u2013 DIABETE PHASE 2 est un aliment di\u00e9t\u00e9tique complet pour chien adulte qui contribue \u00e0 r\u00e9duire progressivement le surpoids lorsqu\u2019il est inf\u00e9rieur \u00e0 30% et \u00e0 r\u00e9guler l\u2019apport de glucose du chien en surpoids ou de poids optimal.\" \/>\n<meta name=\"robots\" content=\"noindex, nofollow\" \/>\n<meta property=\"og:locale\" content=\"fr_FR\" \/>\n<meta property=\"og:type\" content=\"article\" \/>\n<meta property=\"og:title\" content=\"Perte de Poids - Diab\u00e8te Phase 2 - chien Tonivet - V\u00e9torino\" \/>\n<meta property=\"og:description\" content=\"TONIVET PERTE DE POIDS \u2013 DIABETE PHASE 2 est un aliment di\u00e9t\u00e9tique complet pour chien adulte qui contribue \u00e0 r\u00e9duire progressivement le surpoids lorsqu\u2019il est inf\u00e9rieur \u00e0 30% et \u00e0 r\u00e9guler l\u2019apport de glucose du chien en surpoids ou de poids optimal.\" \/>\n<meta property=\"og:url\" content=\"https:\/\/www.vetorino.com\/veterinaire\/prunelli-di-fiumorbo-20243\/boutique\/product\/tonivet-perte-de-poids-phase-2\/\" \/>\n<meta property=\"og:site_name\" content=\"V\u00e9torino\" \/>\n<meta property=\"article:publisher\" content=\"https:\/\/www.facebook.com\/Vetorino\/\" \/>\n<meta property=\"article:modified_time\" content=\"2025-11-17T14:05:42+00:00\" \/>\n<meta property=\"og:image\" content=\"https:\/\/www.vetorino.com\/boutique\/wp-content\/uploads\/2022\/01\/tonivet-chien-perte-de-poids-diabete-phase-2-vetorino.jpg\" \/>\n\t<meta property=\"og:image:width\" content=\"540\" \/>\n\t<meta property=\"og:image:height\" content=\"540\" \/>\n\t<meta property=\"og:image:type\" content=\"image\/jpeg\" \/>\n<meta name=\"twitter:card\" content=\"summary_large_image\" \/>\n<meta name=\"twitter:label1\" content=\"Disponibilit\u00e9\" \/>\n\t<meta name=\"twitter:data1\" content=\"En stock\" \/>\n<script type=\"application\/ld+json\" class=\"yoast-schema-graph\">{\"@context\":\"https:\\\/\\\/schema.org\",\"@graph\":[{\"@type\":\"WebPage\",\"@id\":\"https:\\\/\\\/www.vetorino.com\\\/boutique\\\/product\\\/tonivet-perte-de-poids-phase-2\\\/\",\"url\":\"https:\\\/\\\/www.vetorino.com\\\/boutique\\\/product\\\/tonivet-perte-de-poids-phase-2\\\/\",\"name\":\"Perte de Poids - Diab\u00e8te Phase 2 - chien Tonivet - V\u00e9torino\",\"isPartOf\":{\"@id\":\"https:\\\/\\\/www.vetorino.com\\\/boutique\\\/#website\"},\"primaryImageOfPage\":{\"@id\":\"https:\\\/\\\/www.vetorino.com\\\/boutique\\\/product\\\/tonivet-perte-de-poids-phase-2\\\/#primaryimage\"},\"image\":{\"@id\":\"https:\\\/\\\/www.vetorino.com\\\/boutique\\\/product\\\/tonivet-perte-de-poids-phase-2\\\/#primaryimage\"},\"thumbnailUrl\":\"https:\\\/\\\/www.vetorino.com\\\/boutique\\\/wp-content\\\/uploads\\\/2022\\\/01\\\/tonivet-chien-perte-de-poids-diabete-phase-2-vetorino.jpg\",\"datePublished\":\"2022-01-21T16:42:38+00:00\",\"dateModified\":\"2025-11-17T14:05:42+00:00\",\"description\":\"TONIVET PERTE DE POIDS \u2013 DIABETE PHASE 2 est un aliment di\u00e9t\u00e9tique complet pour chien adulte qui contribue \u00e0 r\u00e9duire progressivement le surpoids lorsqu\u2019il est inf\u00e9rieur \u00e0 30% et \u00e0 r\u00e9guler l\u2019apport de glucose du chien en surpoids ou de poids optimal.\",\"breadcrumb\":{\"@id\":\"https:\\\/\\\/www.vetorino.com\\\/boutique\\\/product\\\/tonivet-perte-de-poids-phase-2\\\/#breadcrumb\"},\"inLanguage\":\"fr-FR\",\"potentialAction\":[{\"@type\":\"ReadAction\",\"target\":[\"https:\\\/\\\/www.vetorino.com\\\/boutique\\\/product\\\/tonivet-perte-de-poids-phase-2\\\/\"]}]},{\"@type\":\"ImageObject\",\"inLanguage\":\"fr-FR\",\"@id\":\"https:\\\/\\\/www.vetorino.com\\\/boutique\\\/product\\\/tonivet-perte-de-poids-phase-2\\\/#primaryimage\",\"url\":\"https:\\\/\\\/www.vetorino.com\\\/boutique\\\/wp-content\\\/uploads\\\/2022\\\/01\\\/tonivet-chien-perte-de-poids-diabete-phase-2-vetorino.jpg\",\"contentUrl\":\"https:\\\/\\\/www.vetorino.com\\\/boutique\\\/wp-content\\\/uploads\\\/2022\\\/01\\\/tonivet-chien-perte-de-poids-diabete-phase-2-vetorino.jpg\",\"width\":540,\"height\":540,\"caption\":\"tonivet chien perte de poids diabete phase 2 croquettes vetorino\"},{\"@type\":\"BreadcrumbList\",\"@id\":\"https:\\\/\\\/www.vetorino.com\\\/boutique\\\/product\\\/tonivet-perte-de-poids-phase-2\\\/#breadcrumb\",\"itemListElement\":[{\"@type\":\"ListItem\",\"position\":1,\"name\":\"Accueil\",\"item\":\"https:\\\/\\\/www.vetorino.com\\\/boutique\\\/\"},{\"@type\":\"ListItem\",\"position\":2,\"name\":\"Produits\",\"item\":\"https:\\\/\\\/www.vetorino.com\\\/boutique\\\/\"},{\"@type\":\"ListItem\",\"position\":3,\"name\":\"Perte de Poids &#8211; Diab\u00e8te Phase 2 &#8211; chien\"}]},{\"@type\":\"WebSite\",\"@id\":\"https:\\\/\\\/www.vetorino.com\\\/boutique\\\/#website\",\"url\":\"https:\\\/\\\/www.vetorino.com\\\/boutique\\\/\",\"name\":\"V\u00e9torino\",\"description\":\"\",\"publisher\":{\"@id\":\"https:\\\/\\\/www.vetorino.com\\\/boutique\\\/#organization\"},\"potentialAction\":[{\"@type\":\"SearchAction\",\"target\":{\"@type\":\"EntryPoint\",\"urlTemplate\":\"https:\\\/\\\/www.vetorino.com\\\/boutique\\\/?s={search_term_string}\"},\"query-input\":{\"@type\":\"PropertyValueSpecification\",\"valueRequired\":true,\"valueName\":\"search_term_string\"}}],\"inLanguage\":\"fr-FR\"},{\"@type\":\"Organization\",\"@id\":\"https:\\\/\\\/www.vetorino.com\\\/boutique\\\/#organization\",\"name\":\"V\u00e9torino\",\"url\":\"https:\\\/\\\/www.vetorino.com\\\/boutique\\\/\",\"logo\":{\"@type\":\"ImageObject\",\"inLanguage\":\"fr-FR\",\"@id\":\"https:\\\/\\\/www.vetorino.com\\\/boutique\\\/#\\\/schema\\\/logo\\\/image\\\/\",\"url\":\"https:\\\/\\\/www.vetorino.com\\\/boutique\\\/wp-content\\\/uploads\\\/2024\\\/10\\\/logo.jpg\",\"contentUrl\":\"https:\\\/\\\/www.vetorino.com\\\/boutique\\\/wp-content\\\/uploads\\\/2024\\\/10\\\/logo.jpg\",\"width\":1200,\"height\":610,\"caption\":\"V\u00e9torino\"},\"image\":{\"@id\":\"https:\\\/\\\/www.vetorino.com\\\/boutique\\\/#\\\/schema\\\/logo\\\/image\\\/\"},\"sameAs\":[\"https:\\\/\\\/www.facebook.com\\\/Vetorino\\\/\",\"https:\\\/\\\/www.instagram.com\\\/vetorino_off\\\/\",\"https:\\\/\\\/www.linkedin.com\\\/company\\\/vtorino\\\/\"]}]}<\/script>\n<meta property=\"product:brand\" content=\"Tonivet\" \/>\n<meta property=\"og:availability\" content=\"instock\" \/>\n<meta property=\"product:availability\" content=\"instock\" \/>\n<meta property=\"product:condition\" content=\"new\" \/>\n<!-- \/ Yoast SEO plugin. -->","yoast_head_json":{"title":"Perte de Poids - Diab\u00e8te Phase 2 - chien Tonivet - V\u00e9torino","description":"TONIVET PERTE DE POIDS \u2013 DIABETE PHASE 2 est un aliment di\u00e9t\u00e9tique complet pour chien adulte qui contribue \u00e0 r\u00e9duire progressivement le surpoids lorsqu\u2019il est inf\u00e9rieur \u00e0 30% et \u00e0 r\u00e9guler l\u2019apport de glucose du chien en surpoids ou de poids optimal.","robots":{"index":"noindex","follow":"nofollow"},"og_locale":"fr_FR","og_type":"article","og_title":"Perte de Poids - Diab\u00e8te Phase 2 - chien Tonivet - V\u00e9torino","og_description":"TONIVET PERTE DE POIDS \u2013 DIABETE PHASE 2 est un aliment di\u00e9t\u00e9tique complet pour chien adulte qui contribue \u00e0 r\u00e9duire progressivement le surpoids lorsqu\u2019il est inf\u00e9rieur \u00e0 30% et \u00e0 r\u00e9guler l\u2019apport de glucose du chien en surpoids ou de poids optimal.","og_url":"https:\/\/www.vetorino.com\/veterinaire\/prunelli-di-fiumorbo-20243\/boutique\/product\/tonivet-perte-de-poids-phase-2\/","og_site_name":"V\u00e9torino","article_publisher":"https:\/\/www.facebook.com\/Vetorino\/","article_modified_time":"2025-11-17T14:05:42+00:00","og_image":[{"width":540,"height":540,"url":"https:\/\/www.vetorino.com\/boutique\/wp-content\/uploads\/2022\/01\/tonivet-chien-perte-de-poids-diabete-phase-2-vetorino.jpg","type":"image\/jpeg"}],"twitter_card":"summary_large_image","twitter_misc":{"Disponibilit\u00e9":"En stock"},"schema":{"@context":"https:\/\/schema.org","@graph":[{"@type":"WebPage","@id":"https:\/\/www.vetorino.com\/boutique\/product\/tonivet-perte-de-poids-phase-2\/","url":"https:\/\/www.vetorino.com\/boutique\/product\/tonivet-perte-de-poids-phase-2\/","name":"Perte de Poids - Diab\u00e8te Phase 2 - chien Tonivet - V\u00e9torino","isPartOf":{"@id":"https:\/\/www.vetorino.com\/boutique\/#website"},"primaryImageOfPage":{"@id":"https:\/\/www.vetorino.com\/boutique\/product\/tonivet-perte-de-poids-phase-2\/#primaryimage"},"image":{"@id":"https:\/\/www.vetorino.com\/boutique\/product\/tonivet-perte-de-poids-phase-2\/#primaryimage"},"thumbnailUrl":"https:\/\/www.vetorino.com\/boutique\/wp-content\/uploads\/2022\/01\/tonivet-chien-perte-de-poids-diabete-phase-2-vetorino.jpg","datePublished":"2022-01-21T16:42:38+00:00","dateModified":"2025-11-17T14:05:42+00:00","description":"TONIVET PERTE DE POIDS \u2013 DIABETE PHASE 2 est un aliment di\u00e9t\u00e9tique complet pour chien adulte qui contribue \u00e0 r\u00e9duire progressivement le surpoids lorsqu\u2019il est inf\u00e9rieur \u00e0 30% et \u00e0 r\u00e9guler l\u2019apport de glucose du chien en surpoids ou de poids optimal.","breadcrumb":{"@id":"https:\/\/www.vetorino.com\/boutique\/product\/tonivet-perte-de-poids-phase-2\/#breadcrumb"},"inLanguage":"fr-FR","potentialAction":[{"@type":"ReadAction","target":["https:\/\/www.vetorino.com\/boutique\/product\/tonivet-perte-de-poids-phase-2\/"]}]},{"@type":"ImageObject","inLanguage":"fr-FR","@id":"https:\/\/www.vetorino.com\/boutique\/product\/tonivet-perte-de-poids-phase-2\/#primaryimage","url":"https:\/\/www.vetorino.com\/boutique\/wp-content\/uploads\/2022\/01\/tonivet-chien-perte-de-poids-diabete-phase-2-vetorino.jpg","contentUrl":"https:\/\/www.vetorino.com\/boutique\/wp-content\/uploads\/2022\/01\/tonivet-chien-perte-de-poids-diabete-phase-2-vetorino.jpg","width":540,"height":540,"caption":"tonivet chien perte de poids diabete phase 2 croquettes vetorino"},{"@type":"BreadcrumbList","@id":"https:\/\/www.vetorino.com\/boutique\/product\/tonivet-perte-de-poids-phase-2\/#breadcrumb","itemListElement":[{"@type":"ListItem","position":1,"name":"Accueil","item":"https:\/\/www.vetorino.com\/boutique\/"},{"@type":"ListItem","position":2,"name":"Produits","item":"https:\/\/www.vetorino.com\/boutique\/"},{"@type":"ListItem","position":3,"name":"Perte de Poids &#8211; Diab\u00e8te Phase 2 &#8211; chien"}]},{"@type":"WebSite","@id":"https:\/\/www.vetorino.com\/boutique\/#website","url":"https:\/\/www.vetorino.com\/boutique\/","name":"V\u00e9torino","description":"","publisher":{"@id":"https:\/\/www.vetorino.com\/boutique\/#organization"},"potentialAction":[{"@type":"SearchAction","target":{"@type":"EntryPoint","urlTemplate":"https:\/\/www.vetorino.com\/boutique\/?s={search_term_string}"},"query-input":{"@type":"PropertyValueSpecification","valueRequired":true,"valueName":"search_term_string"}}],"inLanguage":"fr-FR"},{"@type":"Organization","@id":"https:\/\/www.vetorino.com\/boutique\/#organization","name":"V\u00e9torino","url":"https:\/\/www.vetorino.com\/boutique\/","logo":{"@type":"ImageObject","inLanguage":"fr-FR","@id":"https:\/\/www.vetorino.com\/boutique\/#\/schema\/logo\/image\/","url":"https:\/\/www.vetorino.com\/boutique\/wp-content\/uploads\/2024\/10\/logo.jpg","contentUrl":"https:\/\/www.vetorino.com\/boutique\/wp-content\/uploads\/2024\/10\/logo.jpg","width":1200,"height":610,"caption":"V\u00e9torino"},"image":{"@id":"https:\/\/www.vetorino.com\/boutique\/#\/schema\/logo\/image\/"},"sameAs":["https:\/\/www.facebook.com\/Vetorino\/","https:\/\/www.instagram.com\/vetorino_off\/","https:\/\/www.linkedin.com\/company\/vtorino\/"]}]},"product_brand":"Tonivet","og_availability":"instock","product_availability":"instock","product_condition":"new"},"_links":{"self":[{"href":"https:\/\/www.vetorino.com\/veterinaire\/prunelli-di-fiumorbo-20243\/boutique\/wp-json\/wp\/v2\/product\/289140","targetHints":{"allow":["GET"]}}],"collection":[{"href":"https:\/\/www.vetorino.com\/veterinaire\/prunelli-di-fiumorbo-20243\/boutique\/wp-json\/wp\/v2\/product"}],"about":[{"href":"https:\/\/www.vetorino.com\/veterinaire\/prunelli-di-fiumorbo-20243\/boutique\/wp-json\/wp\/v2\/types\/product"}],"wp:featuredmedia":[{"embeddable":true,"href":"https:\/\/www.vetorino.com\/veterinaire\/prunelli-di-fiumorbo-20243\/boutique\/wp-json\/wp\/v2\/media\/296916"}],"wp:attachment":[{"href":"https:\/\/www.vetorino.com\/veterinaire\/prunelli-di-fiumorbo-20243\/boutique\/wp-json\/wp\/v2\/media?parent=289140"}],"wp:term":[{"taxonomy":"product_cat","embeddable":true,"href":"https:\/\/www.vetorino.com\/veterinaire\/prunelli-di-fiumorbo-20243\/boutique\/wp-json\/wp\/v2\/product_cat?post=289140"},{"taxonomy":"product_tag","embeddable":true,"href":"https:\/\/www.vetorino.com\/veterinaire\/prunelli-di-fiumorbo-20243\/boutique\/wp-json\/wp\/v2\/product_tag?post=289140"}],"curies":[{"name":"wp","href":"https:\/\/api.w.org\/{rel}","templated":true}]}}