{"id":300261,"date":"2022-02-27T21:23:07","date_gmt":"2022-02-27T20:23:07","guid":{"rendered":"https:\/\/www.vetorino.com\/boutique\/product\/dog-medium-starter-sac-15-kg\/"},"modified":"2025-11-05T11:57:53","modified_gmt":"2025-11-05T10:57:53","slug":"dog-medium-starter-sac-15-kg","status":"publish","type":"product","link":"https:\/\/www.vetorino.com\/veterinaire\/prunelli-di-fiumorbo-20243\/boutique\/product\/dog-medium-starter-sac-15-kg\/","title":{"rendered":"Medium Starter Mother &amp; Babydog"},"content":{"rendered":"<p><b>Les croquettes ROYAL CANIN\u00ae Medium Starter Mother &amp; Babydog sont sp\u00e9cialement formul\u00e9es pour r\u00e9pondre aux besoins nutritionnels des chiennes et de leurs chiots. Cette formule convient aux chiennes adultes de races moyennes pesant entre 11 et 25 kg et aux chiots au sevrage jusqu&#8217;\u00e0 l&#8217;\u00e2ge de 2 mois.<\/b><\/p>\n<p><strong>Utilisation :<\/strong><\/p>\n<ul>\n<li>Chiot de moins de 2 mois<\/li>\n<li>Chienne de moyenne race (entre 10 et 25 kg une fois adulte) en gestation ou en lactation<\/li>\n<\/ul>\n<p><strong>Bienfaits essentiels :<\/strong><\/p>\n<ul>\n<li>Aide \u00e0 soutenir le\u00a0<strong>d\u00e9veloppement du syst\u00e8me immunitaire<\/strong>\u00a0du chiot gr\u00e2ce \u00e0 la pr\u00e9sence d\u2019un complexe scientifiquement prouv\u00e9, comprenant les\u00a0<strong>vitamines E et C.<\/strong><\/li>\n<li>Une\u00a0<strong>combinaison de pr\u00e9biotiques (MOS) et de prot\u00e9ines hautement digestibles<\/strong>\u00a0pour favoriser l\u2019\u00e9quilibre du\u00a0<strong>microbiote intestinal<\/strong>\u00a0pour une sant\u00e9 digestive optimale.<\/li>\n<li>Des\u00a0<strong>acides gras om\u00e9ga-3<\/strong>\u00a0pour favoriser le d\u00e9veloppement c\u00e9r\u00e9bral et l&#8217;apprentissage des chiots.<\/li>\n<\/ul>\n<div class=\"product-actions\"><\/div>\n","protected":false},"excerpt":{"rendered":"<p><strong>Royal Canin Medium Starter Mother &amp; Babydog<\/strong> sont des croquettes sp\u00e9cialement formul\u00e9es pour r\u00e9pondre aux besoins nutritionnels des chiennes en gestation ou lactation et de leurs chiots.<\/p>\n<p><strong>Utilisation<\/strong> :<\/p>\n<ul>\n<li>Chiot de moins de 2 mois<\/li>\n<li>Chienne de moyenne race (entre 10 et 25 kg une fois adulte) en gestation ou en lactation<\/li>\n<\/ul>\n","protected":false},"featured_media":1123412,"template":"","meta":[],"product_cat":[12552,12584,2698],"product_tag":[],"class_list":{"0":"post-300261","1":"product","2":"type-product","3":"status-publish","4":"has-post-thumbnail","6":"product_cat-alimentation-du-chien","7":"product_cat-alimentation-premium-pour-chien","8":"product_cat-chien","9":"pa_marque-royal-canin","11":"first","12":"instock","13":"taxable","14":"shipping-taxable","15":"purchasable","16":"product-type-variable"},"yoast_head":"<!-- This site is optimized with the Yoast SEO plugin v27.3 - https:\/\/yoast.com\/product\/yoast-seo-wordpress\/ -->\n<title>Vet Care Nutrition (Royal Canin) Medium Starter Mother &amp; Babydog Royal Canin - V\u00e9torino<\/title>\n<meta name=\"description\" content=\"Royal Canin Medium Starter Mother &amp; Babydog sont des croquettes sp\u00e9cialement formul\u00e9es pour r\u00e9pondre aux besoins nutritionnels des chiennes en gestation ou lactation et de leurs chiots.  Utilisation :   Chiot de moins de 2 mois  Chienne de moyenne race (entre 10 et 25 kg une fois adulte) en gestation ou en lactation\" \/>\n<meta name=\"robots\" content=\"noindex, nofollow\" \/>\n<meta property=\"og:locale\" content=\"fr_FR\" \/>\n<meta property=\"og:type\" content=\"article\" \/>\n<meta property=\"og:title\" content=\"Vet Care Nutrition (Royal Canin) Medium Starter Mother &amp; Babydog Royal Canin - V\u00e9torino\" \/>\n<meta property=\"og:description\" content=\"Royal Canin Medium Starter Mother &amp; Babydog sont des croquettes sp\u00e9cialement formul\u00e9es pour r\u00e9pondre aux besoins nutritionnels des chiennes en gestation ou lactation et de leurs chiots.  Utilisation :   Chiot de moins de 2 mois  Chienne de moyenne race (entre 10 et 25 kg une fois adulte) en gestation ou en lactation\" \/>\n<meta property=\"og:url\" content=\"https:\/\/www.vetorino.com\/veterinaire\/prunelli-di-fiumorbo-20243\/boutique\/product\/dog-medium-starter-sac-15-kg\/\" \/>\n<meta property=\"og:site_name\" content=\"V\u00e9torino\" \/>\n<meta property=\"article:publisher\" content=\"https:\/\/www.facebook.com\/Vetorino\/\" \/>\n<meta property=\"article:modified_time\" content=\"2025-11-05T10:57:53+00:00\" \/>\n<meta property=\"og:image\" content=\"https:\/\/www.vetorino.com\/boutique\/wp-content\/uploads\/2022\/02\/medium-starter-mother-babydog.webp\" \/>\n\t<meta property=\"og:image:width\" content=\"800\" \/>\n\t<meta property=\"og:image:height\" content=\"800\" \/>\n\t<meta property=\"og:image:type\" content=\"image\/webp\" \/>\n<meta name=\"twitter:card\" content=\"summary_large_image\" \/>\n<meta name=\"twitter:label1\" content=\"Disponibilit\u00e9\" \/>\n\t<meta name=\"twitter:data1\" content=\"En stock\" \/>\n<script type=\"application\/ld+json\" class=\"yoast-schema-graph\">{\"@context\":\"https:\\\/\\\/schema.org\",\"@graph\":[{\"@type\":\"WebPage\",\"@id\":\"https:\\\/\\\/www.vetorino.com\\\/veterinaire\\\/briancon-05100\\\/boutique\\\/product\\\/dog-medium-starter-sac-15-kg\\\/\",\"url\":\"https:\\\/\\\/www.vetorino.com\\\/veterinaire\\\/briancon-05100\\\/boutique\\\/product\\\/dog-medium-starter-sac-15-kg\\\/\",\"name\":\"Vet Care Nutrition (Royal Canin) Medium Starter Mother &amp; Babydog Royal Canin - V\u00e9torino\",\"isPartOf\":{\"@id\":\"https:\\\/\\\/www.vetorino.com\\\/boutique\\\/#website\"},\"primaryImageOfPage\":{\"@id\":\"https:\\\/\\\/www.vetorino.com\\\/veterinaire\\\/briancon-05100\\\/boutique\\\/product\\\/dog-medium-starter-sac-15-kg\\\/#primaryimage\"},\"image\":{\"@id\":\"https:\\\/\\\/www.vetorino.com\\\/veterinaire\\\/briancon-05100\\\/boutique\\\/product\\\/dog-medium-starter-sac-15-kg\\\/#primaryimage\"},\"thumbnailUrl\":\"https:\\\/\\\/www.vetorino.com\\\/boutique\\\/wp-content\\\/uploads\\\/2022\\\/02\\\/medium-starter-mother-babydog.webp\",\"datePublished\":\"2022-02-27T20:23:07+00:00\",\"dateModified\":\"2025-11-05T10:57:53+00:00\",\"description\":\"Royal Canin Medium Starter Mother &amp; Babydog sont des croquettes sp\u00e9cialement formul\u00e9es pour r\u00e9pondre aux besoins nutritionnels des chiennes en gestation ou lactation et de leurs chiots. Utilisation : Chiot de moins de 2 mois Chienne de moyenne race (entre 10 et 25 kg une fois adulte) en gestation ou en lactation\",\"breadcrumb\":{\"@id\":\"https:\\\/\\\/www.vetorino.com\\\/veterinaire\\\/briancon-05100\\\/boutique\\\/product\\\/dog-medium-starter-sac-15-kg\\\/#breadcrumb\"},\"inLanguage\":\"fr-FR\",\"potentialAction\":[{\"@type\":\"ReadAction\",\"target\":[\"https:\\\/\\\/www.vetorino.com\\\/veterinaire\\\/briancon-05100\\\/boutique\\\/product\\\/dog-medium-starter-sac-15-kg\\\/\"]}]},{\"@type\":\"ImageObject\",\"inLanguage\":\"fr-FR\",\"@id\":\"https:\\\/\\\/www.vetorino.com\\\/veterinaire\\\/briancon-05100\\\/boutique\\\/product\\\/dog-medium-starter-sac-15-kg\\\/#primaryimage\",\"url\":\"https:\\\/\\\/www.vetorino.com\\\/boutique\\\/wp-content\\\/uploads\\\/2022\\\/02\\\/medium-starter-mother-babydog.webp\",\"contentUrl\":\"https:\\\/\\\/www.vetorino.com\\\/boutique\\\/wp-content\\\/uploads\\\/2022\\\/02\\\/medium-starter-mother-babydog.webp\",\"width\":800,\"height\":800},{\"@type\":\"BreadcrumbList\",\"@id\":\"https:\\\/\\\/www.vetorino.com\\\/veterinaire\\\/briancon-05100\\\/boutique\\\/product\\\/dog-medium-starter-sac-15-kg\\\/#breadcrumb\",\"itemListElement\":[{\"@type\":\"ListItem\",\"position\":1,\"name\":\"Accueil\",\"item\":\"https:\\\/\\\/www.vetorino.com\\\/boutique\\\/\"},{\"@type\":\"ListItem\",\"position\":2,\"name\":\"Produits\",\"item\":\"https:\\\/\\\/www.vetorino.com\\\/boutique\\\/\"},{\"@type\":\"ListItem\",\"position\":3,\"name\":\"Medium Starter Mother &amp; Babydog\"}]},{\"@type\":\"WebSite\",\"@id\":\"https:\\\/\\\/www.vetorino.com\\\/boutique\\\/#website\",\"url\":\"https:\\\/\\\/www.vetorino.com\\\/boutique\\\/\",\"name\":\"V\u00e9torino\",\"description\":\"\",\"publisher\":{\"@id\":\"https:\\\/\\\/www.vetorino.com\\\/boutique\\\/#organization\"},\"potentialAction\":[{\"@type\":\"SearchAction\",\"target\":{\"@type\":\"EntryPoint\",\"urlTemplate\":\"https:\\\/\\\/www.vetorino.com\\\/boutique\\\/?s={search_term_string}\"},\"query-input\":{\"@type\":\"PropertyValueSpecification\",\"valueRequired\":true,\"valueName\":\"search_term_string\"}}],\"inLanguage\":\"fr-FR\"},{\"@type\":\"Organization\",\"@id\":\"https:\\\/\\\/www.vetorino.com\\\/boutique\\\/#organization\",\"name\":\"V\u00e9torino\",\"url\":\"https:\\\/\\\/www.vetorino.com\\\/boutique\\\/\",\"logo\":{\"@type\":\"ImageObject\",\"inLanguage\":\"fr-FR\",\"@id\":\"https:\\\/\\\/www.vetorino.com\\\/boutique\\\/#\\\/schema\\\/logo\\\/image\\\/\",\"url\":\"https:\\\/\\\/www.vetorino.com\\\/boutique\\\/wp-content\\\/uploads\\\/2024\\\/10\\\/logo.jpg\",\"contentUrl\":\"https:\\\/\\\/www.vetorino.com\\\/boutique\\\/wp-content\\\/uploads\\\/2024\\\/10\\\/logo.jpg\",\"width\":1200,\"height\":610,\"caption\":\"V\u00e9torino\"},\"image\":{\"@id\":\"https:\\\/\\\/www.vetorino.com\\\/boutique\\\/#\\\/schema\\\/logo\\\/image\\\/\"},\"sameAs\":[\"https:\\\/\\\/www.facebook.com\\\/Vetorino\\\/\",\"https:\\\/\\\/www.instagram.com\\\/vetorino_off\\\/\",\"https:\\\/\\\/www.linkedin.com\\\/company\\\/vtorino\\\/\"]}]}<\/script>\n<meta property=\"product:brand\" content=\"Royal Canin\" \/>\n<meta property=\"og:availability\" content=\"instock\" \/>\n<meta property=\"product:availability\" content=\"instock\" \/>\n<meta property=\"product:condition\" content=\"new\" \/>\n<!-- \/ Yoast SEO plugin. -->","yoast_head_json":{"title":"Vet Care Nutrition (Royal Canin) Medium Starter Mother &amp; Babydog Royal Canin - V\u00e9torino","description":"Royal Canin Medium Starter Mother &amp; Babydog sont des croquettes sp\u00e9cialement formul\u00e9es pour r\u00e9pondre aux besoins nutritionnels des chiennes en gestation ou lactation et de leurs chiots.  Utilisation :   Chiot de moins de 2 mois  Chienne de moyenne race (entre 10 et 25 kg une fois adulte) en gestation ou en lactation","robots":{"index":"noindex","follow":"nofollow"},"og_locale":"fr_FR","og_type":"article","og_title":"Vet Care Nutrition (Royal Canin) Medium Starter Mother &amp; Babydog Royal Canin - V\u00e9torino","og_description":"Royal Canin Medium Starter Mother &amp; Babydog sont des croquettes sp\u00e9cialement formul\u00e9es pour r\u00e9pondre aux besoins nutritionnels des chiennes en gestation ou lactation et de leurs chiots.  Utilisation :   Chiot de moins de 2 mois  Chienne de moyenne race (entre 10 et 25 kg une fois adulte) en gestation ou en lactation","og_url":"https:\/\/www.vetorino.com\/veterinaire\/prunelli-di-fiumorbo-20243\/boutique\/product\/dog-medium-starter-sac-15-kg\/","og_site_name":"V\u00e9torino","article_publisher":"https:\/\/www.facebook.com\/Vetorino\/","article_modified_time":"2025-11-05T10:57:53+00:00","og_image":[{"width":800,"height":800,"url":"https:\/\/www.vetorino.com\/boutique\/wp-content\/uploads\/2022\/02\/medium-starter-mother-babydog.webp","type":"image\/webp"}],"twitter_card":"summary_large_image","twitter_misc":{"Disponibilit\u00e9":"En stock"},"schema":{"@context":"https:\/\/schema.org","@graph":[{"@type":"WebPage","@id":"https:\/\/www.vetorino.com\/veterinaire\/briancon-05100\/boutique\/product\/dog-medium-starter-sac-15-kg\/","url":"https:\/\/www.vetorino.com\/veterinaire\/briancon-05100\/boutique\/product\/dog-medium-starter-sac-15-kg\/","name":"Vet Care Nutrition (Royal Canin) Medium Starter Mother &amp; Babydog Royal Canin - V\u00e9torino","isPartOf":{"@id":"https:\/\/www.vetorino.com\/boutique\/#website"},"primaryImageOfPage":{"@id":"https:\/\/www.vetorino.com\/veterinaire\/briancon-05100\/boutique\/product\/dog-medium-starter-sac-15-kg\/#primaryimage"},"image":{"@id":"https:\/\/www.vetorino.com\/veterinaire\/briancon-05100\/boutique\/product\/dog-medium-starter-sac-15-kg\/#primaryimage"},"thumbnailUrl":"https:\/\/www.vetorino.com\/boutique\/wp-content\/uploads\/2022\/02\/medium-starter-mother-babydog.webp","datePublished":"2022-02-27T20:23:07+00:00","dateModified":"2025-11-05T10:57:53+00:00","description":"Royal Canin Medium Starter Mother &amp; Babydog sont des croquettes sp\u00e9cialement formul\u00e9es pour r\u00e9pondre aux besoins nutritionnels des chiennes en gestation ou lactation et de leurs chiots. Utilisation : Chiot de moins de 2 mois Chienne de moyenne race (entre 10 et 25 kg une fois adulte) en gestation ou en lactation","breadcrumb":{"@id":"https:\/\/www.vetorino.com\/veterinaire\/briancon-05100\/boutique\/product\/dog-medium-starter-sac-15-kg\/#breadcrumb"},"inLanguage":"fr-FR","potentialAction":[{"@type":"ReadAction","target":["https:\/\/www.vetorino.com\/veterinaire\/briancon-05100\/boutique\/product\/dog-medium-starter-sac-15-kg\/"]}]},{"@type":"ImageObject","inLanguage":"fr-FR","@id":"https:\/\/www.vetorino.com\/veterinaire\/briancon-05100\/boutique\/product\/dog-medium-starter-sac-15-kg\/#primaryimage","url":"https:\/\/www.vetorino.com\/boutique\/wp-content\/uploads\/2022\/02\/medium-starter-mother-babydog.webp","contentUrl":"https:\/\/www.vetorino.com\/boutique\/wp-content\/uploads\/2022\/02\/medium-starter-mother-babydog.webp","width":800,"height":800},{"@type":"BreadcrumbList","@id":"https:\/\/www.vetorino.com\/veterinaire\/briancon-05100\/boutique\/product\/dog-medium-starter-sac-15-kg\/#breadcrumb","itemListElement":[{"@type":"ListItem","position":1,"name":"Accueil","item":"https:\/\/www.vetorino.com\/boutique\/"},{"@type":"ListItem","position":2,"name":"Produits","item":"https:\/\/www.vetorino.com\/boutique\/"},{"@type":"ListItem","position":3,"name":"Medium Starter Mother &amp; Babydog"}]},{"@type":"WebSite","@id":"https:\/\/www.vetorino.com\/boutique\/#website","url":"https:\/\/www.vetorino.com\/boutique\/","name":"V\u00e9torino","description":"","publisher":{"@id":"https:\/\/www.vetorino.com\/boutique\/#organization"},"potentialAction":[{"@type":"SearchAction","target":{"@type":"EntryPoint","urlTemplate":"https:\/\/www.vetorino.com\/boutique\/?s={search_term_string}"},"query-input":{"@type":"PropertyValueSpecification","valueRequired":true,"valueName":"search_term_string"}}],"inLanguage":"fr-FR"},{"@type":"Organization","@id":"https:\/\/www.vetorino.com\/boutique\/#organization","name":"V\u00e9torino","url":"https:\/\/www.vetorino.com\/boutique\/","logo":{"@type":"ImageObject","inLanguage":"fr-FR","@id":"https:\/\/www.vetorino.com\/boutique\/#\/schema\/logo\/image\/","url":"https:\/\/www.vetorino.com\/boutique\/wp-content\/uploads\/2024\/10\/logo.jpg","contentUrl":"https:\/\/www.vetorino.com\/boutique\/wp-content\/uploads\/2024\/10\/logo.jpg","width":1200,"height":610,"caption":"V\u00e9torino"},"image":{"@id":"https:\/\/www.vetorino.com\/boutique\/#\/schema\/logo\/image\/"},"sameAs":["https:\/\/www.facebook.com\/Vetorino\/","https:\/\/www.instagram.com\/vetorino_off\/","https:\/\/www.linkedin.com\/company\/vtorino\/"]}]},"product_brand":"Royal Canin","og_availability":"instock","product_availability":"instock","product_condition":"new"},"_links":{"self":[{"href":"https:\/\/www.vetorino.com\/veterinaire\/prunelli-di-fiumorbo-20243\/boutique\/wp-json\/wp\/v2\/product\/300261","targetHints":{"allow":["GET"]}}],"collection":[{"href":"https:\/\/www.vetorino.com\/veterinaire\/prunelli-di-fiumorbo-20243\/boutique\/wp-json\/wp\/v2\/product"}],"about":[{"href":"https:\/\/www.vetorino.com\/veterinaire\/prunelli-di-fiumorbo-20243\/boutique\/wp-json\/wp\/v2\/types\/product"}],"wp:featuredmedia":[{"embeddable":true,"href":"https:\/\/www.vetorino.com\/veterinaire\/prunelli-di-fiumorbo-20243\/boutique\/wp-json\/wp\/v2\/media\/1123412"}],"wp:attachment":[{"href":"https:\/\/www.vetorino.com\/veterinaire\/prunelli-di-fiumorbo-20243\/boutique\/wp-json\/wp\/v2\/media?parent=300261"}],"wp:term":[{"taxonomy":"product_cat","embeddable":true,"href":"https:\/\/www.vetorino.com\/veterinaire\/prunelli-di-fiumorbo-20243\/boutique\/wp-json\/wp\/v2\/product_cat?post=300261"},{"taxonomy":"product_tag","embeddable":true,"href":"https:\/\/www.vetorino.com\/veterinaire\/prunelli-di-fiumorbo-20243\/boutique\/wp-json\/wp\/v2\/product_tag?post=300261"}],"curies":[{"name":"wp","href":"https:\/\/api.w.org\/{rel}","templated":true}]}}