{"id":303210,"date":"2022-03-09T17:19:55","date_gmt":"2022-03-09T16:19:55","guid":{"rendered":"https:\/\/www.vetorino.com\/boutique\/product\/feline-c-d-ur-stress-poisson-sac-15\/"},"modified":"2025-11-05T23:13:17","modified_gmt":"2025-11-05T22:13:17","slug":"feline-c-d-ur-stress-poisson-sac-15","status":"publish","type":"product","link":"https:\/\/www.vetorino.com\/veterinaire\/prunelli-di-fiumorbo-20243\/boutique\/product\/feline-c-d-ur-stress-poisson-sac-15\/","title":{"rendered":"Chat c\/d Urinary Stress Multicare au Poisson"},"content":{"rendered":"<p><b>Hill&#8217;s Prescription Diet c\/d Feline Urinary Stress au Poisson est cliniquement prouv\u00e9 pour r\u00e9duire les r\u00e9cidives de signes les plus courants des Affections du Bas Urinaire F\u00e9lin et contient des ingr\u00e9dients pour contr\u00f4ler le stress, facteur de risque.<\/b><\/p>\n<p><strong>Utilisation :<\/strong><\/p>\n<ul>\n<li>Chat sujet aux\u00a0signes les plus courants des Affections du Bas Urinaire F\u00e9lin<\/li>\n<li>Cristaux et calculs de struvite, d\u2019oxalate de calcium et de phosphate de calcium<\/li>\n<\/ul>\n<p><strong>Bienfaits essentiels :<\/strong><\/p>\n<ul>\n<li>Cliniquement prouv\u00e9 pour r<strong>\u00e9duire de 89 %\u00a0les r\u00e9cidives\u00a0de\u00a0<\/strong><b>signes les plus courants des Affections du Bas Urinaire F\u00e9lin<\/b>.<\/li>\n<li>Contient du\u00a0L-tryptophane et de l&#8217;hydrolysat de prot\u00e9ine de lait pour<strong>\u00a0contr\u00f4ler le stress<\/strong>, facteur de risque connu des Affections du Bas Urinaire F\u00e9lin.<\/li>\n<li>Cliniquement prouv\u00e9 pour\u00a0<strong>dissoudre les calculs de struvite<\/strong>\u00a0en seulement 14 jours.<\/li>\n<li><strong>Tr\u00e8s app\u00e9tent<\/strong>\u00a0pour le plus grand plaisir de votre animal.<\/li>\n<li>Essayez \u00e9galement nos d\u00e9licieuses vari\u00e9t\u00e9s de sachets repas au Poulet et au Saumon.<\/li>\n<\/ul>\n<p><strong>Cet aliment est destin\u00e9 \u00e0 la prise en charge nutritionnelle d\u2019une maladie. Il doit \u00eatre prescrit en accord avec l&#8217;\u00e9tat de sant\u00e9 de votre animal. Demandez conseil \u00e0 votre v\u00e9t\u00e9rinaire avant toute utilisation ou avant prolongation de la dur\u00e9e d\u2019utilisation.<\/strong><\/p>\n","protected":false},"excerpt":{"rendered":"<p><strong>Aliment complet et \u00e9quilibr\u00e9 con\u00e7u pour r\u00e9duire les r\u00e9cidives des signes les plus courants des Affections du Bas Urinaire F\u00e9lin. Contient des ingr\u00e9dients pour contr\u00f4ler le stress, facteur de risque.<\/strong><\/p>\n<p><strong>Utilisation :<\/strong><\/p>\n<ul>\n<li>Chat sujet aux signes les plus courants des Affections du Bas Urinaire F\u00e9lin<\/li>\n<li>Cristaux et calculs de struvite, d\u2019oxalate de calcium et de phosphate de calcium<\/li>\n<\/ul>\n<p><strong>Ce produit est destin\u00e9 \u00e0 l&#8217;usage v\u00e9t\u00e9rinaire. Avant tout achat, nous vous conseillons de demander conseil \u00e0 votre v\u00e9t\u00e9rinaire.<\/strong><\/p>\n","protected":false},"featured_media":490181,"template":"","meta":[],"product_cat":[12551,12581,2697,12645],"product_tag":[],"class_list":{"0":"post-303210","1":"product","2":"type-product","3":"status-publish","4":"has-post-thumbnail","6":"product_cat-alimentation-du-chat","7":"product_cat-alimentation-medicalisee-pour-chat","8":"product_cat-chat","9":"product_cat-systeme-urinaire-du-chat","10":"pa_marque-hills-pet-nutrition","12":"first","13":"instock","14":"taxable","15":"shipping-taxable","16":"purchasable","17":"product-type-variable"},"yoast_head":"<!-- This site is optimized with the Yoast SEO plugin v27.3 - https:\/\/yoast.com\/product\/yoast-seo-wordpress\/ -->\n<title>Prescription Diet (Hill&#039;s) Chat c\/d Urinary Stress Multicare au Poisson Hill&#039;s - V\u00e9torino<\/title>\n<meta name=\"description\" content=\"C\/D Urinary Stress Multicare\u00a0sont des croquettes \u00e0 teneur r\u00e9duite en phosphore et magn\u00e9sium pour les chats souffrant de probl\u00e8mes urinaires.\" \/>\n<meta name=\"robots\" content=\"noindex, nofollow\" \/>\n<meta property=\"og:locale\" content=\"fr_FR\" \/>\n<meta property=\"og:type\" content=\"article\" \/>\n<meta property=\"og:title\" content=\"Prescription Diet (Hill&#039;s) Chat c\/d Urinary Stress Multicare au Poisson Hill&#039;s - V\u00e9torino\" \/>\n<meta property=\"og:description\" content=\"C\/D Urinary Stress Multicare\u00a0sont des croquettes \u00e0 teneur r\u00e9duite en phosphore et magn\u00e9sium pour les chats souffrant de probl\u00e8mes urinaires.\" \/>\n<meta property=\"og:url\" content=\"https:\/\/www.vetorino.com\/veterinaire\/prunelli-di-fiumorbo-20243\/boutique\/product\/feline-c-d-ur-stress-poisson-sac-15\/\" \/>\n<meta property=\"og:site_name\" content=\"V\u00e9torino\" \/>\n<meta property=\"article:publisher\" content=\"https:\/\/www.facebook.com\/Vetorino\/\" \/>\n<meta property=\"article:modified_time\" content=\"2025-11-05T22:13:17+00:00\" \/>\n<meta property=\"og:image\" content=\"https:\/\/www.vetorino.com\/boutique\/wp-content\/uploads\/2022\/03\/prescription-diet-cd-urinary-stress-multicare-croquettes-pour-chat-au-poisson-10-1.jpg\" \/>\n\t<meta property=\"og:image:width\" content=\"800\" \/>\n\t<meta property=\"og:image:height\" content=\"800\" \/>\n\t<meta property=\"og:image:type\" content=\"image\/jpeg\" \/>\n<meta name=\"twitter:card\" content=\"summary_large_image\" \/>\n<meta name=\"twitter:label1\" content=\"Disponibilit\u00e9\" \/>\n\t<meta name=\"twitter:data1\" content=\"En stock\" \/>\n<script type=\"application\/ld+json\" class=\"yoast-schema-graph\">{\"@context\":\"https:\\\/\\\/schema.org\",\"@graph\":[{\"@type\":\"WebPage\",\"@id\":\"https:\\\/\\\/www.vetorino.com\\\/veterinaire\\\/briancon-05100\\\/boutique\\\/product\\\/feline-c-d-ur-stress-poisson-sac-15\\\/\",\"url\":\"https:\\\/\\\/www.vetorino.com\\\/veterinaire\\\/briancon-05100\\\/boutique\\\/product\\\/feline-c-d-ur-stress-poisson-sac-15\\\/\",\"name\":\"Prescription Diet (Hill's) Chat c\\\/d Urinary Stress Multicare au Poisson Hill's - V\u00e9torino\",\"isPartOf\":{\"@id\":\"https:\\\/\\\/www.vetorino.com\\\/boutique\\\/#website\"},\"primaryImageOfPage\":{\"@id\":\"https:\\\/\\\/www.vetorino.com\\\/veterinaire\\\/briancon-05100\\\/boutique\\\/product\\\/feline-c-d-ur-stress-poisson-sac-15\\\/#primaryimage\"},\"image\":{\"@id\":\"https:\\\/\\\/www.vetorino.com\\\/veterinaire\\\/briancon-05100\\\/boutique\\\/product\\\/feline-c-d-ur-stress-poisson-sac-15\\\/#primaryimage\"},\"thumbnailUrl\":\"https:\\\/\\\/www.vetorino.com\\\/boutique\\\/wp-content\\\/uploads\\\/2022\\\/03\\\/prescription-diet-cd-urinary-stress-multicare-croquettes-pour-chat-au-poisson-10-1.jpg\",\"datePublished\":\"2022-03-09T16:19:55+00:00\",\"dateModified\":\"2025-11-05T22:13:17+00:00\",\"description\":\"C\\\/D Urinary Stress Multicare\u00a0sont des croquettes \u00e0 teneur r\u00e9duite en phosphore et magn\u00e9sium pour les chats souffrant de probl\u00e8mes urinaires.\",\"breadcrumb\":{\"@id\":\"https:\\\/\\\/www.vetorino.com\\\/veterinaire\\\/briancon-05100\\\/boutique\\\/product\\\/feline-c-d-ur-stress-poisson-sac-15\\\/#breadcrumb\"},\"inLanguage\":\"fr-FR\",\"potentialAction\":[{\"@type\":\"ReadAction\",\"target\":[\"https:\\\/\\\/www.vetorino.com\\\/veterinaire\\\/briancon-05100\\\/boutique\\\/product\\\/feline-c-d-ur-stress-poisson-sac-15\\\/\"]}]},{\"@type\":\"ImageObject\",\"inLanguage\":\"fr-FR\",\"@id\":\"https:\\\/\\\/www.vetorino.com\\\/veterinaire\\\/briancon-05100\\\/boutique\\\/product\\\/feline-c-d-ur-stress-poisson-sac-15\\\/#primaryimage\",\"url\":\"https:\\\/\\\/www.vetorino.com\\\/boutique\\\/wp-content\\\/uploads\\\/2022\\\/03\\\/prescription-diet-cd-urinary-stress-multicare-croquettes-pour-chat-au-poisson-10-1.jpg\",\"contentUrl\":\"https:\\\/\\\/www.vetorino.com\\\/boutique\\\/wp-content\\\/uploads\\\/2022\\\/03\\\/prescription-diet-cd-urinary-stress-multicare-croquettes-pour-chat-au-poisson-10-1.jpg\",\"width\":800,\"height\":800},{\"@type\":\"BreadcrumbList\",\"@id\":\"https:\\\/\\\/www.vetorino.com\\\/veterinaire\\\/briancon-05100\\\/boutique\\\/product\\\/feline-c-d-ur-stress-poisson-sac-15\\\/#breadcrumb\",\"itemListElement\":[{\"@type\":\"ListItem\",\"position\":1,\"name\":\"Accueil\",\"item\":\"https:\\\/\\\/www.vetorino.com\\\/boutique\\\/\"},{\"@type\":\"ListItem\",\"position\":2,\"name\":\"Produits\",\"item\":\"https:\\\/\\\/www.vetorino.com\\\/boutique\\\/\"},{\"@type\":\"ListItem\",\"position\":3,\"name\":\"Chat c\\\/d Urinary Stress Multicare au Poisson\"}]},{\"@type\":\"WebSite\",\"@id\":\"https:\\\/\\\/www.vetorino.com\\\/boutique\\\/#website\",\"url\":\"https:\\\/\\\/www.vetorino.com\\\/boutique\\\/\",\"name\":\"V\u00e9torino\",\"description\":\"\",\"publisher\":{\"@id\":\"https:\\\/\\\/www.vetorino.com\\\/boutique\\\/#organization\"},\"potentialAction\":[{\"@type\":\"SearchAction\",\"target\":{\"@type\":\"EntryPoint\",\"urlTemplate\":\"https:\\\/\\\/www.vetorino.com\\\/boutique\\\/?s={search_term_string}\"},\"query-input\":{\"@type\":\"PropertyValueSpecification\",\"valueRequired\":true,\"valueName\":\"search_term_string\"}}],\"inLanguage\":\"fr-FR\"},{\"@type\":\"Organization\",\"@id\":\"https:\\\/\\\/www.vetorino.com\\\/boutique\\\/#organization\",\"name\":\"V\u00e9torino\",\"url\":\"https:\\\/\\\/www.vetorino.com\\\/boutique\\\/\",\"logo\":{\"@type\":\"ImageObject\",\"inLanguage\":\"fr-FR\",\"@id\":\"https:\\\/\\\/www.vetorino.com\\\/boutique\\\/#\\\/schema\\\/logo\\\/image\\\/\",\"url\":\"https:\\\/\\\/www.vetorino.com\\\/boutique\\\/wp-content\\\/uploads\\\/2024\\\/10\\\/logo.jpg\",\"contentUrl\":\"https:\\\/\\\/www.vetorino.com\\\/boutique\\\/wp-content\\\/uploads\\\/2024\\\/10\\\/logo.jpg\",\"width\":1200,\"height\":610,\"caption\":\"V\u00e9torino\"},\"image\":{\"@id\":\"https:\\\/\\\/www.vetorino.com\\\/boutique\\\/#\\\/schema\\\/logo\\\/image\\\/\"},\"sameAs\":[\"https:\\\/\\\/www.facebook.com\\\/Vetorino\\\/\",\"https:\\\/\\\/www.instagram.com\\\/vetorino_off\\\/\",\"https:\\\/\\\/www.linkedin.com\\\/company\\\/vtorino\\\/\"]}]}<\/script>\n<meta property=\"product:brand\" content=\"Hill&#039;s\" \/>\n<meta property=\"og:availability\" content=\"instock\" \/>\n<meta property=\"product:availability\" content=\"instock\" \/>\n<meta property=\"product:condition\" content=\"new\" \/>\n<!-- \/ Yoast SEO plugin. -->","yoast_head_json":{"title":"Prescription Diet (Hill's) Chat c\/d Urinary Stress Multicare au Poisson Hill's - V\u00e9torino","description":"C\/D Urinary Stress Multicare\u00a0sont des croquettes \u00e0 teneur r\u00e9duite en phosphore et magn\u00e9sium pour les chats souffrant de probl\u00e8mes urinaires.","robots":{"index":"noindex","follow":"nofollow"},"og_locale":"fr_FR","og_type":"article","og_title":"Prescription Diet (Hill's) Chat c\/d Urinary Stress Multicare au Poisson Hill's - V\u00e9torino","og_description":"C\/D Urinary Stress Multicare\u00a0sont des croquettes \u00e0 teneur r\u00e9duite en phosphore et magn\u00e9sium pour les chats souffrant de probl\u00e8mes urinaires.","og_url":"https:\/\/www.vetorino.com\/veterinaire\/prunelli-di-fiumorbo-20243\/boutique\/product\/feline-c-d-ur-stress-poisson-sac-15\/","og_site_name":"V\u00e9torino","article_publisher":"https:\/\/www.facebook.com\/Vetorino\/","article_modified_time":"2025-11-05T22:13:17+00:00","og_image":[{"width":800,"height":800,"url":"https:\/\/www.vetorino.com\/boutique\/wp-content\/uploads\/2022\/03\/prescription-diet-cd-urinary-stress-multicare-croquettes-pour-chat-au-poisson-10-1.jpg","type":"image\/jpeg"}],"twitter_card":"summary_large_image","twitter_misc":{"Disponibilit\u00e9":"En stock"},"schema":{"@context":"https:\/\/schema.org","@graph":[{"@type":"WebPage","@id":"https:\/\/www.vetorino.com\/veterinaire\/briancon-05100\/boutique\/product\/feline-c-d-ur-stress-poisson-sac-15\/","url":"https:\/\/www.vetorino.com\/veterinaire\/briancon-05100\/boutique\/product\/feline-c-d-ur-stress-poisson-sac-15\/","name":"Prescription Diet (Hill's) Chat c\/d Urinary Stress Multicare au Poisson Hill's - V\u00e9torino","isPartOf":{"@id":"https:\/\/www.vetorino.com\/boutique\/#website"},"primaryImageOfPage":{"@id":"https:\/\/www.vetorino.com\/veterinaire\/briancon-05100\/boutique\/product\/feline-c-d-ur-stress-poisson-sac-15\/#primaryimage"},"image":{"@id":"https:\/\/www.vetorino.com\/veterinaire\/briancon-05100\/boutique\/product\/feline-c-d-ur-stress-poisson-sac-15\/#primaryimage"},"thumbnailUrl":"https:\/\/www.vetorino.com\/boutique\/wp-content\/uploads\/2022\/03\/prescription-diet-cd-urinary-stress-multicare-croquettes-pour-chat-au-poisson-10-1.jpg","datePublished":"2022-03-09T16:19:55+00:00","dateModified":"2025-11-05T22:13:17+00:00","description":"C\/D Urinary Stress Multicare\u00a0sont des croquettes \u00e0 teneur r\u00e9duite en phosphore et magn\u00e9sium pour les chats souffrant de probl\u00e8mes urinaires.","breadcrumb":{"@id":"https:\/\/www.vetorino.com\/veterinaire\/briancon-05100\/boutique\/product\/feline-c-d-ur-stress-poisson-sac-15\/#breadcrumb"},"inLanguage":"fr-FR","potentialAction":[{"@type":"ReadAction","target":["https:\/\/www.vetorino.com\/veterinaire\/briancon-05100\/boutique\/product\/feline-c-d-ur-stress-poisson-sac-15\/"]}]},{"@type":"ImageObject","inLanguage":"fr-FR","@id":"https:\/\/www.vetorino.com\/veterinaire\/briancon-05100\/boutique\/product\/feline-c-d-ur-stress-poisson-sac-15\/#primaryimage","url":"https:\/\/www.vetorino.com\/boutique\/wp-content\/uploads\/2022\/03\/prescription-diet-cd-urinary-stress-multicare-croquettes-pour-chat-au-poisson-10-1.jpg","contentUrl":"https:\/\/www.vetorino.com\/boutique\/wp-content\/uploads\/2022\/03\/prescription-diet-cd-urinary-stress-multicare-croquettes-pour-chat-au-poisson-10-1.jpg","width":800,"height":800},{"@type":"BreadcrumbList","@id":"https:\/\/www.vetorino.com\/veterinaire\/briancon-05100\/boutique\/product\/feline-c-d-ur-stress-poisson-sac-15\/#breadcrumb","itemListElement":[{"@type":"ListItem","position":1,"name":"Accueil","item":"https:\/\/www.vetorino.com\/boutique\/"},{"@type":"ListItem","position":2,"name":"Produits","item":"https:\/\/www.vetorino.com\/boutique\/"},{"@type":"ListItem","position":3,"name":"Chat c\/d Urinary Stress Multicare au Poisson"}]},{"@type":"WebSite","@id":"https:\/\/www.vetorino.com\/boutique\/#website","url":"https:\/\/www.vetorino.com\/boutique\/","name":"V\u00e9torino","description":"","publisher":{"@id":"https:\/\/www.vetorino.com\/boutique\/#organization"},"potentialAction":[{"@type":"SearchAction","target":{"@type":"EntryPoint","urlTemplate":"https:\/\/www.vetorino.com\/boutique\/?s={search_term_string}"},"query-input":{"@type":"PropertyValueSpecification","valueRequired":true,"valueName":"search_term_string"}}],"inLanguage":"fr-FR"},{"@type":"Organization","@id":"https:\/\/www.vetorino.com\/boutique\/#organization","name":"V\u00e9torino","url":"https:\/\/www.vetorino.com\/boutique\/","logo":{"@type":"ImageObject","inLanguage":"fr-FR","@id":"https:\/\/www.vetorino.com\/boutique\/#\/schema\/logo\/image\/","url":"https:\/\/www.vetorino.com\/boutique\/wp-content\/uploads\/2024\/10\/logo.jpg","contentUrl":"https:\/\/www.vetorino.com\/boutique\/wp-content\/uploads\/2024\/10\/logo.jpg","width":1200,"height":610,"caption":"V\u00e9torino"},"image":{"@id":"https:\/\/www.vetorino.com\/boutique\/#\/schema\/logo\/image\/"},"sameAs":["https:\/\/www.facebook.com\/Vetorino\/","https:\/\/www.instagram.com\/vetorino_off\/","https:\/\/www.linkedin.com\/company\/vtorino\/"]}]},"product_brand":"Hill's","og_availability":"instock","product_availability":"instock","product_condition":"new"},"_links":{"self":[{"href":"https:\/\/www.vetorino.com\/veterinaire\/prunelli-di-fiumorbo-20243\/boutique\/wp-json\/wp\/v2\/product\/303210","targetHints":{"allow":["GET"]}}],"collection":[{"href":"https:\/\/www.vetorino.com\/veterinaire\/prunelli-di-fiumorbo-20243\/boutique\/wp-json\/wp\/v2\/product"}],"about":[{"href":"https:\/\/www.vetorino.com\/veterinaire\/prunelli-di-fiumorbo-20243\/boutique\/wp-json\/wp\/v2\/types\/product"}],"wp:featuredmedia":[{"embeddable":true,"href":"https:\/\/www.vetorino.com\/veterinaire\/prunelli-di-fiumorbo-20243\/boutique\/wp-json\/wp\/v2\/media\/490181"}],"wp:attachment":[{"href":"https:\/\/www.vetorino.com\/veterinaire\/prunelli-di-fiumorbo-20243\/boutique\/wp-json\/wp\/v2\/media?parent=303210"}],"wp:term":[{"taxonomy":"product_cat","embeddable":true,"href":"https:\/\/www.vetorino.com\/veterinaire\/prunelli-di-fiumorbo-20243\/boutique\/wp-json\/wp\/v2\/product_cat?post=303210"},{"taxonomy":"product_tag","embeddable":true,"href":"https:\/\/www.vetorino.com\/veterinaire\/prunelli-di-fiumorbo-20243\/boutique\/wp-json\/wp\/v2\/product_tag?post=303210"}],"curies":[{"name":"wp","href":"https:\/\/api.w.org\/{rel}","templated":true}]}}