{"id":303223,"date":"2022-03-09T17:25:27","date_gmt":"2022-03-09T16:25:27","guid":{"rendered":"https:\/\/www.vetorino.com\/boutique\/product\/canine-gastroint-biome-mini-sac-1-kg\/"},"modified":"2025-01-14T15:12:49","modified_gmt":"2025-01-14T14:12:49","slug":"canine-gastroint-biome-mini-sac-1-kg","status":"publish","type":"product","link":"https:\/\/www.vetorino.com\/veterinaire\/prunelli-di-fiumorbo-20243\/boutique\/product\/canine-gastroint-biome-mini-sac-1-kg\/","title":{"rendered":"Chien Gastrointestinal Biome Mini au Poulet"},"content":{"rendered":"<p><strong>L\u2019aliment pour chien HILL\u2019S PRESCRIPTION DIET Gastrointestinal Biome Mini au poulet a \u00e9t\u00e9 sp\u00e9cialement formul\u00e9 pour r\u00e9pondre aux besoins des chiens de petite taille ayant des troubles digestifs.<\/strong><\/p>\n<p><strong>Utilisation :<\/strong><\/p>\n<p>Chien de petite race (moins de 10 kg)\u00a0souffrant de troubles digestifs<\/p>\n<p><strong><a href=\"https:\/\/www.youtube.com\/watch?v=V-dIxHl4ghE\">Voir la vid\u00e9o de pr\u00e9sentation en cliquant ICI<\/a><\/strong><\/p>\n<p><strong>Bienfaits essentiels :<\/strong><\/p>\n<ul>\n<li>Stoppe la diarrh\u00e9e en seulement 24h.<\/li>\n<li>Nourrit et active le microbiome intestinal pour lib\u00e9rer des composants anti inflammatoires et antioxydants b\u00e9n\u00e9fiques.<\/li>\n<li>Favorise une bonne sant\u00e9 digestive sur le long terme.<\/li>\n<li>Aide \u00e0 g\u00e9rer les affections digestives r\u00e9pondant aux fibres.<\/li>\n<li>Aide \u00e0 rompre le cycle de l\u2019inflammation.<\/li>\n<li>Facilite la bonne assimilation des aliments.<\/li>\n<li>Elabor\u00e9 \u00e0 partir d\u2019ingr\u00e9dients de haute qualit\u00e9.<\/li>\n<li>Favorise des selles saines et r\u00e9guli\u00e8res et limite les r\u00e9cidives.<\/li>\n<\/ul>\n<p><strong>Contre indications :<\/strong><\/p>\n<ul>\n<li>Chiots avant le pic de croissance.<\/li>\n<li>Femelles en gestation et en lactation.<\/li>\n<li>Chiens souffrant de maladies r\u00e9nales chroniques.<\/li>\n<li>Chiens souffrant d&#8217;affections cardiaques.<\/li>\n<\/ul>\n<p><strong>Ce produit est destin\u00e9 \u00e0 l&#8217;usage v\u00e9t\u00e9rinaire. Avant tout achat, nous vous conseillons de demander conseil \u00e0 votre v\u00e9t\u00e9rinaire.<\/strong><\/p>\n","protected":false},"excerpt":{"rendered":"<p><strong>L\u2019aliment pour chien HILL\u2019S PRESCRIPTION DIET Gastrointestinal Biome Mini au poulet a \u00e9t\u00e9 sp\u00e9cialement formul\u00e9 pour r\u00e9pondre aux besoins des chiens de petite taille ayant des troubles digestifs.<\/strong><\/p>\n<p><strong>Utilisation :<\/strong><\/p>\n<ul>\n<li>Chien de petite race (moins de 10 kg)\u00a0souffrant de troubles digestifs<\/li>\n<\/ul>\n<p><strong>Ce produit est destin\u00e9 \u00e0 l&#8217;usage v\u00e9t\u00e9rinaire. Avant tout achat, nous vous conseillons de demander conseil \u00e0 votre v\u00e9t\u00e9rinaire.<\/strong><\/p>\n<p>&nbsp;<\/p>\n","protected":false},"featured_media":303678,"template":"","meta":[],"product_cat":[12552,12582,2698,12636],"product_tag":[],"class_list":{"0":"post-303223","1":"product","2":"type-product","3":"status-publish","4":"has-post-thumbnail","6":"product_cat-alimentation-du-chien","7":"product_cat-alimentation-medicalisee-pour-chien","8":"product_cat-chien","9":"product_cat-systeme-digestif-du-chien","10":"pa_marque-hills-pet-nutrition","12":"first","13":"instock","14":"taxable","15":"shipping-taxable","16":"purchasable","17":"product-type-variable"},"yoast_head":"<!-- This site is optimized with the Yoast SEO plugin v27.3 - https:\/\/yoast.com\/product\/yoast-seo-wordpress\/ -->\n<title>Prescription Diet (Hill&#039;s) Chien Gastrointestinal Biome Mini au Poulet Hill&#039;s - V\u00e9torino<\/title>\n<meta name=\"description\" content=\"Les croquettes Gastrointestinal Biome Mini\u00a0sont sp\u00e9cialement con\u00e7ues pour les chiens de petites races souffrant de troubles digestifs.\u00a0\" \/>\n<meta name=\"robots\" content=\"noindex, nofollow\" \/>\n<meta property=\"og:locale\" content=\"fr_FR\" \/>\n<meta property=\"og:type\" content=\"article\" \/>\n<meta property=\"og:title\" content=\"Prescription Diet (Hill&#039;s) Chien Gastrointestinal Biome Mini au Poulet Hill&#039;s - V\u00e9torino\" \/>\n<meta property=\"og:description\" content=\"Les croquettes Gastrointestinal Biome Mini\u00a0sont sp\u00e9cialement con\u00e7ues pour les chiens de petites races souffrant de troubles digestifs.\u00a0\" \/>\n<meta property=\"og:url\" content=\"https:\/\/www.vetorino.com\/veterinaire\/prunelli-di-fiumorbo-20243\/boutique\/product\/canine-gastroint-biome-mini-sac-1-kg\/\" \/>\n<meta property=\"og:site_name\" content=\"V\u00e9torino\" \/>\n<meta property=\"article:publisher\" content=\"https:\/\/www.facebook.com\/Vetorino\/\" \/>\n<meta property=\"article:modified_time\" content=\"2025-01-14T14:12:49+00:00\" \/>\n<meta property=\"og:image\" content=\"https:\/\/www.vetorino.com\/boutique\/wp-content\/uploads\/2022\/03\/ps_606269_3d_full_front_2.jpg\" \/>\n\t<meta property=\"og:image:width\" content=\"400\" \/>\n\t<meta property=\"og:image:height\" content=\"400\" \/>\n\t<meta property=\"og:image:type\" content=\"image\/jpeg\" \/>\n<meta name=\"twitter:card\" content=\"summary_large_image\" \/>\n<meta name=\"twitter:label1\" content=\"Disponibilit\u00e9\" \/>\n\t<meta name=\"twitter:data1\" content=\"En stock\" \/>\n<script type=\"application\/ld+json\" class=\"yoast-schema-graph\">{\"@context\":\"https:\\\/\\\/schema.org\",\"@graph\":[{\"@type\":\"WebPage\",\"@id\":\"https:\\\/\\\/www.vetorino.com\\\/veterinaire\\\/briancon-05100\\\/boutique\\\/product\\\/canine-gastroint-biome-mini-sac-1-kg\\\/\",\"url\":\"https:\\\/\\\/www.vetorino.com\\\/veterinaire\\\/briancon-05100\\\/boutique\\\/product\\\/canine-gastroint-biome-mini-sac-1-kg\\\/\",\"name\":\"Prescription Diet (Hill's) Chien Gastrointestinal Biome Mini au Poulet Hill's - V\u00e9torino\",\"isPartOf\":{\"@id\":\"https:\\\/\\\/www.vetorino.com\\\/boutique\\\/#website\"},\"primaryImageOfPage\":{\"@id\":\"https:\\\/\\\/www.vetorino.com\\\/veterinaire\\\/briancon-05100\\\/boutique\\\/product\\\/canine-gastroint-biome-mini-sac-1-kg\\\/#primaryimage\"},\"image\":{\"@id\":\"https:\\\/\\\/www.vetorino.com\\\/veterinaire\\\/briancon-05100\\\/boutique\\\/product\\\/canine-gastroint-biome-mini-sac-1-kg\\\/#primaryimage\"},\"thumbnailUrl\":\"https:\\\/\\\/www.vetorino.com\\\/boutique\\\/wp-content\\\/uploads\\\/2022\\\/03\\\/ps_606269_3d_full_front_2.jpg\",\"datePublished\":\"2022-03-09T16:25:27+00:00\",\"dateModified\":\"2025-01-14T14:12:49+00:00\",\"description\":\"Les croquettes Gastrointestinal Biome Mini\u00a0sont sp\u00e9cialement con\u00e7ues pour les chiens de petites races souffrant de troubles digestifs.\u00a0\",\"breadcrumb\":{\"@id\":\"https:\\\/\\\/www.vetorino.com\\\/veterinaire\\\/briancon-05100\\\/boutique\\\/product\\\/canine-gastroint-biome-mini-sac-1-kg\\\/#breadcrumb\"},\"inLanguage\":\"fr-FR\",\"potentialAction\":[{\"@type\":\"ReadAction\",\"target\":[\"https:\\\/\\\/www.vetorino.com\\\/veterinaire\\\/briancon-05100\\\/boutique\\\/product\\\/canine-gastroint-biome-mini-sac-1-kg\\\/\"]}]},{\"@type\":\"ImageObject\",\"inLanguage\":\"fr-FR\",\"@id\":\"https:\\\/\\\/www.vetorino.com\\\/veterinaire\\\/briancon-05100\\\/boutique\\\/product\\\/canine-gastroint-biome-mini-sac-1-kg\\\/#primaryimage\",\"url\":\"https:\\\/\\\/www.vetorino.com\\\/boutique\\\/wp-content\\\/uploads\\\/2022\\\/03\\\/ps_606269_3d_full_front_2.jpg\",\"contentUrl\":\"https:\\\/\\\/www.vetorino.com\\\/boutique\\\/wp-content\\\/uploads\\\/2022\\\/03\\\/ps_606269_3d_full_front_2.jpg\",\"width\":400,\"height\":400,\"caption\":\"Gastrointestinal Biome Mini Croquettes pour petit Chien au Poulet\"},{\"@type\":\"BreadcrumbList\",\"@id\":\"https:\\\/\\\/www.vetorino.com\\\/veterinaire\\\/briancon-05100\\\/boutique\\\/product\\\/canine-gastroint-biome-mini-sac-1-kg\\\/#breadcrumb\",\"itemListElement\":[{\"@type\":\"ListItem\",\"position\":1,\"name\":\"Accueil\",\"item\":\"https:\\\/\\\/www.vetorino.com\\\/boutique\\\/\"},{\"@type\":\"ListItem\",\"position\":2,\"name\":\"Produits\",\"item\":\"https:\\\/\\\/www.vetorino.com\\\/boutique\\\/\"},{\"@type\":\"ListItem\",\"position\":3,\"name\":\"Chien Gastrointestinal Biome Mini au Poulet\"}]},{\"@type\":\"WebSite\",\"@id\":\"https:\\\/\\\/www.vetorino.com\\\/boutique\\\/#website\",\"url\":\"https:\\\/\\\/www.vetorino.com\\\/boutique\\\/\",\"name\":\"V\u00e9torino\",\"description\":\"\",\"publisher\":{\"@id\":\"https:\\\/\\\/www.vetorino.com\\\/boutique\\\/#organization\"},\"potentialAction\":[{\"@type\":\"SearchAction\",\"target\":{\"@type\":\"EntryPoint\",\"urlTemplate\":\"https:\\\/\\\/www.vetorino.com\\\/boutique\\\/?s={search_term_string}\"},\"query-input\":{\"@type\":\"PropertyValueSpecification\",\"valueRequired\":true,\"valueName\":\"search_term_string\"}}],\"inLanguage\":\"fr-FR\"},{\"@type\":\"Organization\",\"@id\":\"https:\\\/\\\/www.vetorino.com\\\/boutique\\\/#organization\",\"name\":\"V\u00e9torino\",\"url\":\"https:\\\/\\\/www.vetorino.com\\\/boutique\\\/\",\"logo\":{\"@type\":\"ImageObject\",\"inLanguage\":\"fr-FR\",\"@id\":\"https:\\\/\\\/www.vetorino.com\\\/boutique\\\/#\\\/schema\\\/logo\\\/image\\\/\",\"url\":\"https:\\\/\\\/www.vetorino.com\\\/boutique\\\/wp-content\\\/uploads\\\/2024\\\/10\\\/logo.jpg\",\"contentUrl\":\"https:\\\/\\\/www.vetorino.com\\\/boutique\\\/wp-content\\\/uploads\\\/2024\\\/10\\\/logo.jpg\",\"width\":1200,\"height\":610,\"caption\":\"V\u00e9torino\"},\"image\":{\"@id\":\"https:\\\/\\\/www.vetorino.com\\\/boutique\\\/#\\\/schema\\\/logo\\\/image\\\/\"},\"sameAs\":[\"https:\\\/\\\/www.facebook.com\\\/Vetorino\\\/\",\"https:\\\/\\\/www.instagram.com\\\/vetorino_off\\\/\",\"https:\\\/\\\/www.linkedin.com\\\/company\\\/vtorino\\\/\"]}]}<\/script>\n<meta property=\"product:brand\" content=\"Hill&#039;s\" \/>\n<meta property=\"og:availability\" content=\"instock\" \/>\n<meta property=\"product:availability\" content=\"instock\" \/>\n<meta property=\"product:condition\" content=\"new\" \/>\n<!-- \/ Yoast SEO plugin. -->","yoast_head_json":{"title":"Prescription Diet (Hill's) Chien Gastrointestinal Biome Mini au Poulet Hill's - V\u00e9torino","description":"Les croquettes Gastrointestinal Biome Mini\u00a0sont sp\u00e9cialement con\u00e7ues pour les chiens de petites races souffrant de troubles digestifs.\u00a0","robots":{"index":"noindex","follow":"nofollow"},"og_locale":"fr_FR","og_type":"article","og_title":"Prescription Diet (Hill's) Chien Gastrointestinal Biome Mini au Poulet Hill's - V\u00e9torino","og_description":"Les croquettes Gastrointestinal Biome Mini\u00a0sont sp\u00e9cialement con\u00e7ues pour les chiens de petites races souffrant de troubles digestifs.\u00a0","og_url":"https:\/\/www.vetorino.com\/veterinaire\/prunelli-di-fiumorbo-20243\/boutique\/product\/canine-gastroint-biome-mini-sac-1-kg\/","og_site_name":"V\u00e9torino","article_publisher":"https:\/\/www.facebook.com\/Vetorino\/","article_modified_time":"2025-01-14T14:12:49+00:00","og_image":[{"width":400,"height":400,"url":"https:\/\/www.vetorino.com\/boutique\/wp-content\/uploads\/2022\/03\/ps_606269_3d_full_front_2.jpg","type":"image\/jpeg"}],"twitter_card":"summary_large_image","twitter_misc":{"Disponibilit\u00e9":"En stock"},"schema":{"@context":"https:\/\/schema.org","@graph":[{"@type":"WebPage","@id":"https:\/\/www.vetorino.com\/veterinaire\/briancon-05100\/boutique\/product\/canine-gastroint-biome-mini-sac-1-kg\/","url":"https:\/\/www.vetorino.com\/veterinaire\/briancon-05100\/boutique\/product\/canine-gastroint-biome-mini-sac-1-kg\/","name":"Prescription Diet (Hill's) Chien Gastrointestinal Biome Mini au Poulet Hill's - V\u00e9torino","isPartOf":{"@id":"https:\/\/www.vetorino.com\/boutique\/#website"},"primaryImageOfPage":{"@id":"https:\/\/www.vetorino.com\/veterinaire\/briancon-05100\/boutique\/product\/canine-gastroint-biome-mini-sac-1-kg\/#primaryimage"},"image":{"@id":"https:\/\/www.vetorino.com\/veterinaire\/briancon-05100\/boutique\/product\/canine-gastroint-biome-mini-sac-1-kg\/#primaryimage"},"thumbnailUrl":"https:\/\/www.vetorino.com\/boutique\/wp-content\/uploads\/2022\/03\/ps_606269_3d_full_front_2.jpg","datePublished":"2022-03-09T16:25:27+00:00","dateModified":"2025-01-14T14:12:49+00:00","description":"Les croquettes Gastrointestinal Biome Mini\u00a0sont sp\u00e9cialement con\u00e7ues pour les chiens de petites races souffrant de troubles digestifs.\u00a0","breadcrumb":{"@id":"https:\/\/www.vetorino.com\/veterinaire\/briancon-05100\/boutique\/product\/canine-gastroint-biome-mini-sac-1-kg\/#breadcrumb"},"inLanguage":"fr-FR","potentialAction":[{"@type":"ReadAction","target":["https:\/\/www.vetorino.com\/veterinaire\/briancon-05100\/boutique\/product\/canine-gastroint-biome-mini-sac-1-kg\/"]}]},{"@type":"ImageObject","inLanguage":"fr-FR","@id":"https:\/\/www.vetorino.com\/veterinaire\/briancon-05100\/boutique\/product\/canine-gastroint-biome-mini-sac-1-kg\/#primaryimage","url":"https:\/\/www.vetorino.com\/boutique\/wp-content\/uploads\/2022\/03\/ps_606269_3d_full_front_2.jpg","contentUrl":"https:\/\/www.vetorino.com\/boutique\/wp-content\/uploads\/2022\/03\/ps_606269_3d_full_front_2.jpg","width":400,"height":400,"caption":"Gastrointestinal Biome Mini Croquettes pour petit Chien au Poulet"},{"@type":"BreadcrumbList","@id":"https:\/\/www.vetorino.com\/veterinaire\/briancon-05100\/boutique\/product\/canine-gastroint-biome-mini-sac-1-kg\/#breadcrumb","itemListElement":[{"@type":"ListItem","position":1,"name":"Accueil","item":"https:\/\/www.vetorino.com\/boutique\/"},{"@type":"ListItem","position":2,"name":"Produits","item":"https:\/\/www.vetorino.com\/boutique\/"},{"@type":"ListItem","position":3,"name":"Chien Gastrointestinal Biome Mini au Poulet"}]},{"@type":"WebSite","@id":"https:\/\/www.vetorino.com\/boutique\/#website","url":"https:\/\/www.vetorino.com\/boutique\/","name":"V\u00e9torino","description":"","publisher":{"@id":"https:\/\/www.vetorino.com\/boutique\/#organization"},"potentialAction":[{"@type":"SearchAction","target":{"@type":"EntryPoint","urlTemplate":"https:\/\/www.vetorino.com\/boutique\/?s={search_term_string}"},"query-input":{"@type":"PropertyValueSpecification","valueRequired":true,"valueName":"search_term_string"}}],"inLanguage":"fr-FR"},{"@type":"Organization","@id":"https:\/\/www.vetorino.com\/boutique\/#organization","name":"V\u00e9torino","url":"https:\/\/www.vetorino.com\/boutique\/","logo":{"@type":"ImageObject","inLanguage":"fr-FR","@id":"https:\/\/www.vetorino.com\/boutique\/#\/schema\/logo\/image\/","url":"https:\/\/www.vetorino.com\/boutique\/wp-content\/uploads\/2024\/10\/logo.jpg","contentUrl":"https:\/\/www.vetorino.com\/boutique\/wp-content\/uploads\/2024\/10\/logo.jpg","width":1200,"height":610,"caption":"V\u00e9torino"},"image":{"@id":"https:\/\/www.vetorino.com\/boutique\/#\/schema\/logo\/image\/"},"sameAs":["https:\/\/www.facebook.com\/Vetorino\/","https:\/\/www.instagram.com\/vetorino_off\/","https:\/\/www.linkedin.com\/company\/vtorino\/"]}]},"product_brand":"Hill's","og_availability":"instock","product_availability":"instock","product_condition":"new"},"_links":{"self":[{"href":"https:\/\/www.vetorino.com\/veterinaire\/prunelli-di-fiumorbo-20243\/boutique\/wp-json\/wp\/v2\/product\/303223","targetHints":{"allow":["GET"]}}],"collection":[{"href":"https:\/\/www.vetorino.com\/veterinaire\/prunelli-di-fiumorbo-20243\/boutique\/wp-json\/wp\/v2\/product"}],"about":[{"href":"https:\/\/www.vetorino.com\/veterinaire\/prunelli-di-fiumorbo-20243\/boutique\/wp-json\/wp\/v2\/types\/product"}],"wp:featuredmedia":[{"embeddable":true,"href":"https:\/\/www.vetorino.com\/veterinaire\/prunelli-di-fiumorbo-20243\/boutique\/wp-json\/wp\/v2\/media\/303678"}],"wp:attachment":[{"href":"https:\/\/www.vetorino.com\/veterinaire\/prunelli-di-fiumorbo-20243\/boutique\/wp-json\/wp\/v2\/media?parent=303223"}],"wp:term":[{"taxonomy":"product_cat","embeddable":true,"href":"https:\/\/www.vetorino.com\/veterinaire\/prunelli-di-fiumorbo-20243\/boutique\/wp-json\/wp\/v2\/product_cat?post=303223"},{"taxonomy":"product_tag","embeddable":true,"href":"https:\/\/www.vetorino.com\/veterinaire\/prunelli-di-fiumorbo-20243\/boutique\/wp-json\/wp\/v2\/product_tag?post=303223"}],"curies":[{"name":"wp","href":"https:\/\/api.w.org\/{rel}","templated":true}]}}