{"id":314087,"date":"2022-04-14T14:29:52","date_gmt":"2022-04-14T12:29:52","guid":{"rendered":"https:\/\/www.vetorino.com\/boutique\/product\/canine-z-d-mini-activbiome-2\/"},"modified":"2025-11-25T11:52:30","modified_gmt":"2025-11-25T10:52:30","slug":"canine-z-d-mini-activbiome-2","status":"publish","type":"product","link":"https:\/\/www.vetorino.com\/veterinaire\/prunelli-di-fiumorbo-20243\/boutique\/product\/canine-z-d-mini-activbiome-2\/","title":{"rendered":"Chien z\/d Food Sensitivities Mini"},"content":{"rendered":"<p><strong>Prescription Diet z \/d Canine Mini est cliniquement prouv\u00e9 pour aider \u00e0 r\u00e9duire les sympt\u00f4mes cutan\u00e9s et gastro-intestinaux caus\u00e9s par des allergies alimentaires.<\/strong><\/p>\n<p><strong>Utilisation :<br \/>\n<\/strong><\/p>\n<ul>\n<li>Chien de petite race (moins de 10 kg)<\/li>\n<li>Allergie ou intol\u00e9rance alimentaires<\/li>\n<\/ul>\n<p><strong>Bienfaits essentiels :<\/strong><\/p>\n<ul>\n<li><strong>Aliment hypoallerg\u00e9nique<\/strong>\u00a0formul\u00e9 avec\u00a0du poulet hautement hydrolys\u00e9 comme source de prot\u00e9ines animales unique.<\/li>\n<li>Renforc\u00e9e par la technologie des ingr\u00e9dients Hill&#8217;s\u00a0<strong>ActivBiome+<\/strong>, un m\u00e9lange exclusif de\u00a0<strong>pr\u00e9biotiques<\/strong>, cliniquement prouv\u00e9 pour nourrir rapidement le microbiome intestinal afin de soutenir la bonne sant\u00e9 digestive et le bien-\u00eatre en g\u00e9n\u00e9ral.<\/li>\n<li>Nutrition cliniquement prouv\u00e9e pour\u00a0<strong>aider \u00e0 minimiser les signes cliniques digestifs et cutan\u00e9s<\/strong>\u00a0li\u00e9s aux allergies\u00a0ou intol\u00e9rances alimentaires.<\/li>\n<li>Aide \u00e0\u00a0<strong>nourrir la peau et le pelage<\/strong>.<\/li>\n<li>Un\u00a0<strong>go\u00fbt excellent<\/strong>\u00a0que votre chien va adorer.<\/li>\n<\/ul>\n<p><strong>Ce produit est destin\u00e9 \u00e0 la prise en charge d&#8217;une maladie. Il est conseill\u00e9 de demander conseil \u00e0 votre v\u00e9t\u00e9rinaire avant utilisation.<\/strong><\/p>\n","protected":false},"excerpt":{"rendered":"<p><strong>Prouv\u00e9 pour aider \u00e0 r\u00e9duire les sympt\u00f4mes cutan\u00e9s et gastro-intestinaux caus\u00e9s par des allergies alimentaires.<\/strong><\/p>\n<p><strong>Utilisation :<br \/>\n<\/strong><\/p>\n<ul>\n<li>Chien de petite race (moins de 10 kg)<\/li>\n<li>Allergie ou intol\u00e9rance alimentaires<\/li>\n<\/ul>\n<p><strong>Ce produit est destin\u00e9 \u00e0 la prise en charge d&#8217;une maladie. Il est conseill\u00e9 de demander conseil \u00e0 votre v\u00e9t\u00e9rinaire avant utilisation.<\/strong><\/p>\n","protected":false},"featured_media":490188,"template":"","meta":[],"product_cat":[12552,12582,2698],"product_tag":[],"class_list":{"0":"post-314087","1":"product","2":"type-product","3":"status-publish","4":"has-post-thumbnail","6":"product_cat-alimentation-du-chien","7":"product_cat-alimentation-medicalisee-pour-chien","8":"product_cat-chien","9":"pa_marque-hills-pet-nutrition","11":"first","12":"instock","13":"taxable","14":"shipping-taxable","15":"purchasable","16":"product-type-simple"},"yoast_head":"<!-- This site is optimized with the Yoast SEO plugin v27.3 - https:\/\/yoast.com\/product\/yoast-seo-wordpress\/ -->\n<title>Prescription Diet (Hill&#039;s) Chien z\/d Food Sensitivities Mini Hill&#039;s - V\u00e9torino<\/title>\n<meta name=\"description\" content=\"Prouv\u00e9 pour aider \u00e0 r\u00e9duire les sympt\u00f4mes cutan\u00e9s et gastro-intestinaux caus\u00e9s par des allergies alimentaires.  Utilisation :    Chien de petite race (moins de 10 kg)  Allergie ou intol\u00e9rance alimentaires  Ce produit est destin\u00e9 \u00e0 la prise en charge d&#039;une maladie. Il est conseill\u00e9 de demander conseil \u00e0 votre v\u00e9t\u00e9rinaire avant utilisation.\" \/>\n<meta name=\"robots\" content=\"noindex, nofollow\" \/>\n<meta property=\"og:locale\" content=\"fr_FR\" \/>\n<meta property=\"og:type\" content=\"article\" \/>\n<meta property=\"og:title\" content=\"Prescription Diet (Hill&#039;s) Chien z\/d Food Sensitivities Mini Hill&#039;s - V\u00e9torino\" \/>\n<meta property=\"og:description\" content=\"Prouv\u00e9 pour aider \u00e0 r\u00e9duire les sympt\u00f4mes cutan\u00e9s et gastro-intestinaux caus\u00e9s par des allergies alimentaires.  Utilisation :    Chien de petite race (moins de 10 kg)  Allergie ou intol\u00e9rance alimentaires  Ce produit est destin\u00e9 \u00e0 la prise en charge d&#039;une maladie. Il est conseill\u00e9 de demander conseil \u00e0 votre v\u00e9t\u00e9rinaire avant utilisation.\" \/>\n<meta property=\"og:url\" content=\"https:\/\/www.vetorino.com\/veterinaire\/prunelli-di-fiumorbo-20243\/boutique\/product\/canine-z-d-mini-activbiome-2\/\" \/>\n<meta property=\"og:site_name\" content=\"V\u00e9torino\" \/>\n<meta property=\"article:publisher\" content=\"https:\/\/www.facebook.com\/Vetorino\/\" \/>\n<meta property=\"article:modified_time\" content=\"2025-11-25T10:52:30+00:00\" \/>\n<meta property=\"og:image\" content=\"https:\/\/www.vetorino.com\/boutique\/wp-content\/uploads\/2022\/04\/chien-zd-food-sensitivities-mini.jpg\" \/>\n\t<meta property=\"og:image:width\" content=\"540\" \/>\n\t<meta property=\"og:image:height\" content=\"540\" \/>\n\t<meta property=\"og:image:type\" content=\"image\/jpeg\" \/>\n<meta name=\"twitter:card\" content=\"summary_large_image\" \/>\n<meta name=\"twitter:label1\" content=\"Prix\" \/>\n\t<meta name=\"twitter:data1\" content=\"15,96&euro;\" \/>\n\t<meta name=\"twitter:label2\" content=\"Disponibilit\u00e9\" \/>\n\t<meta name=\"twitter:data2\" content=\"En stock\" \/>\n<script type=\"application\/ld+json\" class=\"yoast-schema-graph\">{\"@context\":\"https:\\\/\\\/schema.org\",\"@graph\":[{\"@type\":\"WebPage\",\"@id\":\"https:\\\/\\\/www.vetorino.com\\\/veterinaire\\\/briancon-05100\\\/boutique\\\/product\\\/canine-z-d-mini-activbiome-2\\\/\",\"url\":\"https:\\\/\\\/www.vetorino.com\\\/veterinaire\\\/briancon-05100\\\/boutique\\\/product\\\/canine-z-d-mini-activbiome-2\\\/\",\"name\":\"Prescription Diet (Hill's) Chien z\\\/d Food Sensitivities Mini Hill's - V\u00e9torino\",\"isPartOf\":{\"@id\":\"https:\\\/\\\/www.vetorino.com\\\/boutique\\\/#website\"},\"primaryImageOfPage\":{\"@id\":\"https:\\\/\\\/www.vetorino.com\\\/veterinaire\\\/briancon-05100\\\/boutique\\\/product\\\/canine-z-d-mini-activbiome-2\\\/#primaryimage\"},\"image\":{\"@id\":\"https:\\\/\\\/www.vetorino.com\\\/veterinaire\\\/briancon-05100\\\/boutique\\\/product\\\/canine-z-d-mini-activbiome-2\\\/#primaryimage\"},\"thumbnailUrl\":\"https:\\\/\\\/www.vetorino.com\\\/boutique\\\/wp-content\\\/uploads\\\/2022\\\/04\\\/chien-zd-food-sensitivities-mini.jpg\",\"datePublished\":\"2022-04-14T12:29:52+00:00\",\"dateModified\":\"2025-11-25T10:52:30+00:00\",\"description\":\"Prouv\u00e9 pour aider \u00e0 r\u00e9duire les sympt\u00f4mes cutan\u00e9s et gastro-intestinaux caus\u00e9s par des allergies alimentaires. Utilisation : Chien de petite race (moins de 10 kg) Allergie ou intol\u00e9rance alimentaires Ce produit est destin\u00e9 \u00e0 la prise en charge d'une maladie. Il est conseill\u00e9 de demander conseil \u00e0 votre v\u00e9t\u00e9rinaire avant utilisation.\",\"breadcrumb\":{\"@id\":\"https:\\\/\\\/www.vetorino.com\\\/veterinaire\\\/briancon-05100\\\/boutique\\\/product\\\/canine-z-d-mini-activbiome-2\\\/#breadcrumb\"},\"inLanguage\":\"fr-FR\",\"potentialAction\":[{\"@type\":\"ReadAction\",\"target\":[\"https:\\\/\\\/www.vetorino.com\\\/veterinaire\\\/briancon-05100\\\/boutique\\\/product\\\/canine-z-d-mini-activbiome-2\\\/\"]}]},{\"@type\":\"ImageObject\",\"inLanguage\":\"fr-FR\",\"@id\":\"https:\\\/\\\/www.vetorino.com\\\/veterinaire\\\/briancon-05100\\\/boutique\\\/product\\\/canine-z-d-mini-activbiome-2\\\/#primaryimage\",\"url\":\"https:\\\/\\\/www.vetorino.com\\\/boutique\\\/wp-content\\\/uploads\\\/2022\\\/04\\\/chien-zd-food-sensitivities-mini.jpg\",\"contentUrl\":\"https:\\\/\\\/www.vetorino.com\\\/boutique\\\/wp-content\\\/uploads\\\/2022\\\/04\\\/chien-zd-food-sensitivities-mini.jpg\",\"width\":540,\"height\":540},{\"@type\":\"BreadcrumbList\",\"@id\":\"https:\\\/\\\/www.vetorino.com\\\/veterinaire\\\/briancon-05100\\\/boutique\\\/product\\\/canine-z-d-mini-activbiome-2\\\/#breadcrumb\",\"itemListElement\":[{\"@type\":\"ListItem\",\"position\":1,\"name\":\"Accueil\",\"item\":\"https:\\\/\\\/www.vetorino.com\\\/boutique\\\/\"},{\"@type\":\"ListItem\",\"position\":2,\"name\":\"Produits\",\"item\":\"https:\\\/\\\/www.vetorino.com\\\/boutique\\\/\"},{\"@type\":\"ListItem\",\"position\":3,\"name\":\"Chien z\\\/d Food Sensitivities Mini\"}]},{\"@type\":\"WebSite\",\"@id\":\"https:\\\/\\\/www.vetorino.com\\\/boutique\\\/#website\",\"url\":\"https:\\\/\\\/www.vetorino.com\\\/boutique\\\/\",\"name\":\"V\u00e9torino\",\"description\":\"\",\"publisher\":{\"@id\":\"https:\\\/\\\/www.vetorino.com\\\/boutique\\\/#organization\"},\"potentialAction\":[{\"@type\":\"SearchAction\",\"target\":{\"@type\":\"EntryPoint\",\"urlTemplate\":\"https:\\\/\\\/www.vetorino.com\\\/boutique\\\/?s={search_term_string}\"},\"query-input\":{\"@type\":\"PropertyValueSpecification\",\"valueRequired\":true,\"valueName\":\"search_term_string\"}}],\"inLanguage\":\"fr-FR\"},{\"@type\":\"Organization\",\"@id\":\"https:\\\/\\\/www.vetorino.com\\\/boutique\\\/#organization\",\"name\":\"V\u00e9torino\",\"url\":\"https:\\\/\\\/www.vetorino.com\\\/boutique\\\/\",\"logo\":{\"@type\":\"ImageObject\",\"inLanguage\":\"fr-FR\",\"@id\":\"https:\\\/\\\/www.vetorino.com\\\/boutique\\\/#\\\/schema\\\/logo\\\/image\\\/\",\"url\":\"https:\\\/\\\/www.vetorino.com\\\/boutique\\\/wp-content\\\/uploads\\\/2024\\\/10\\\/logo.jpg\",\"contentUrl\":\"https:\\\/\\\/www.vetorino.com\\\/boutique\\\/wp-content\\\/uploads\\\/2024\\\/10\\\/logo.jpg\",\"width\":1200,\"height\":610,\"caption\":\"V\u00e9torino\"},\"image\":{\"@id\":\"https:\\\/\\\/www.vetorino.com\\\/boutique\\\/#\\\/schema\\\/logo\\\/image\\\/\"},\"sameAs\":[\"https:\\\/\\\/www.facebook.com\\\/Vetorino\\\/\",\"https:\\\/\\\/www.instagram.com\\\/vetorino_off\\\/\",\"https:\\\/\\\/www.linkedin.com\\\/company\\\/vtorino\\\/\"]}]}<\/script>\n<meta property=\"product:brand\" content=\"Hill&#039;s\" \/>\n<meta property=\"product:price:amount\" content=\"15.96\" \/>\n<meta property=\"product:price:currency\" content=\"EUR\" \/>\n<meta property=\"og:availability\" content=\"instock\" \/>\n<meta property=\"product:availability\" content=\"instock\" \/>\n<meta property=\"product:retailer_item_id\" content=\"A-1864050\" \/>\n<meta property=\"product:condition\" content=\"new\" \/>\n<!-- \/ Yoast SEO plugin. -->","yoast_head_json":{"title":"Prescription Diet (Hill's) Chien z\/d Food Sensitivities Mini Hill's - V\u00e9torino","description":"Prouv\u00e9 pour aider \u00e0 r\u00e9duire les sympt\u00f4mes cutan\u00e9s et gastro-intestinaux caus\u00e9s par des allergies alimentaires.  Utilisation :    Chien de petite race (moins de 10 kg)  Allergie ou intol\u00e9rance alimentaires  Ce produit est destin\u00e9 \u00e0 la prise en charge d'une maladie. Il est conseill\u00e9 de demander conseil \u00e0 votre v\u00e9t\u00e9rinaire avant utilisation.","robots":{"index":"noindex","follow":"nofollow"},"og_locale":"fr_FR","og_type":"article","og_title":"Prescription Diet (Hill's) Chien z\/d Food Sensitivities Mini Hill's - V\u00e9torino","og_description":"Prouv\u00e9 pour aider \u00e0 r\u00e9duire les sympt\u00f4mes cutan\u00e9s et gastro-intestinaux caus\u00e9s par des allergies alimentaires.  Utilisation :    Chien de petite race (moins de 10 kg)  Allergie ou intol\u00e9rance alimentaires  Ce produit est destin\u00e9 \u00e0 la prise en charge d'une maladie. Il est conseill\u00e9 de demander conseil \u00e0 votre v\u00e9t\u00e9rinaire avant utilisation.","og_url":"https:\/\/www.vetorino.com\/veterinaire\/prunelli-di-fiumorbo-20243\/boutique\/product\/canine-z-d-mini-activbiome-2\/","og_site_name":"V\u00e9torino","article_publisher":"https:\/\/www.facebook.com\/Vetorino\/","article_modified_time":"2025-11-25T10:52:30+00:00","og_image":[{"width":540,"height":540,"url":"https:\/\/www.vetorino.com\/boutique\/wp-content\/uploads\/2022\/04\/chien-zd-food-sensitivities-mini.jpg","type":"image\/jpeg"}],"twitter_card":"summary_large_image","twitter_misc":{"Prix":"15,96&euro;","Disponibilit\u00e9":"En stock"},"schema":{"@context":"https:\/\/schema.org","@graph":[{"@type":"WebPage","@id":"https:\/\/www.vetorino.com\/veterinaire\/briancon-05100\/boutique\/product\/canine-z-d-mini-activbiome-2\/","url":"https:\/\/www.vetorino.com\/veterinaire\/briancon-05100\/boutique\/product\/canine-z-d-mini-activbiome-2\/","name":"Prescription Diet (Hill's) Chien z\/d Food Sensitivities Mini Hill's - V\u00e9torino","isPartOf":{"@id":"https:\/\/www.vetorino.com\/boutique\/#website"},"primaryImageOfPage":{"@id":"https:\/\/www.vetorino.com\/veterinaire\/briancon-05100\/boutique\/product\/canine-z-d-mini-activbiome-2\/#primaryimage"},"image":{"@id":"https:\/\/www.vetorino.com\/veterinaire\/briancon-05100\/boutique\/product\/canine-z-d-mini-activbiome-2\/#primaryimage"},"thumbnailUrl":"https:\/\/www.vetorino.com\/boutique\/wp-content\/uploads\/2022\/04\/chien-zd-food-sensitivities-mini.jpg","datePublished":"2022-04-14T12:29:52+00:00","dateModified":"2025-11-25T10:52:30+00:00","description":"Prouv\u00e9 pour aider \u00e0 r\u00e9duire les sympt\u00f4mes cutan\u00e9s et gastro-intestinaux caus\u00e9s par des allergies alimentaires. Utilisation : Chien de petite race (moins de 10 kg) Allergie ou intol\u00e9rance alimentaires Ce produit est destin\u00e9 \u00e0 la prise en charge d'une maladie. Il est conseill\u00e9 de demander conseil \u00e0 votre v\u00e9t\u00e9rinaire avant utilisation.","breadcrumb":{"@id":"https:\/\/www.vetorino.com\/veterinaire\/briancon-05100\/boutique\/product\/canine-z-d-mini-activbiome-2\/#breadcrumb"},"inLanguage":"fr-FR","potentialAction":[{"@type":"ReadAction","target":["https:\/\/www.vetorino.com\/veterinaire\/briancon-05100\/boutique\/product\/canine-z-d-mini-activbiome-2\/"]}]},{"@type":"ImageObject","inLanguage":"fr-FR","@id":"https:\/\/www.vetorino.com\/veterinaire\/briancon-05100\/boutique\/product\/canine-z-d-mini-activbiome-2\/#primaryimage","url":"https:\/\/www.vetorino.com\/boutique\/wp-content\/uploads\/2022\/04\/chien-zd-food-sensitivities-mini.jpg","contentUrl":"https:\/\/www.vetorino.com\/boutique\/wp-content\/uploads\/2022\/04\/chien-zd-food-sensitivities-mini.jpg","width":540,"height":540},{"@type":"BreadcrumbList","@id":"https:\/\/www.vetorino.com\/veterinaire\/briancon-05100\/boutique\/product\/canine-z-d-mini-activbiome-2\/#breadcrumb","itemListElement":[{"@type":"ListItem","position":1,"name":"Accueil","item":"https:\/\/www.vetorino.com\/boutique\/"},{"@type":"ListItem","position":2,"name":"Produits","item":"https:\/\/www.vetorino.com\/boutique\/"},{"@type":"ListItem","position":3,"name":"Chien z\/d Food Sensitivities Mini"}]},{"@type":"WebSite","@id":"https:\/\/www.vetorino.com\/boutique\/#website","url":"https:\/\/www.vetorino.com\/boutique\/","name":"V\u00e9torino","description":"","publisher":{"@id":"https:\/\/www.vetorino.com\/boutique\/#organization"},"potentialAction":[{"@type":"SearchAction","target":{"@type":"EntryPoint","urlTemplate":"https:\/\/www.vetorino.com\/boutique\/?s={search_term_string}"},"query-input":{"@type":"PropertyValueSpecification","valueRequired":true,"valueName":"search_term_string"}}],"inLanguage":"fr-FR"},{"@type":"Organization","@id":"https:\/\/www.vetorino.com\/boutique\/#organization","name":"V\u00e9torino","url":"https:\/\/www.vetorino.com\/boutique\/","logo":{"@type":"ImageObject","inLanguage":"fr-FR","@id":"https:\/\/www.vetorino.com\/boutique\/#\/schema\/logo\/image\/","url":"https:\/\/www.vetorino.com\/boutique\/wp-content\/uploads\/2024\/10\/logo.jpg","contentUrl":"https:\/\/www.vetorino.com\/boutique\/wp-content\/uploads\/2024\/10\/logo.jpg","width":1200,"height":610,"caption":"V\u00e9torino"},"image":{"@id":"https:\/\/www.vetorino.com\/boutique\/#\/schema\/logo\/image\/"},"sameAs":["https:\/\/www.facebook.com\/Vetorino\/","https:\/\/www.instagram.com\/vetorino_off\/","https:\/\/www.linkedin.com\/company\/vtorino\/"]}]},"product_brand":"Hill's","product_price_amount":"15.96","product_price_currency":"EUR","og_availability":"instock","product_availability":"instock","product_retailer_item_id":"A-1864050","product_condition":"new"},"_links":{"self":[{"href":"https:\/\/www.vetorino.com\/veterinaire\/prunelli-di-fiumorbo-20243\/boutique\/wp-json\/wp\/v2\/product\/314087","targetHints":{"allow":["GET"]}}],"collection":[{"href":"https:\/\/www.vetorino.com\/veterinaire\/prunelli-di-fiumorbo-20243\/boutique\/wp-json\/wp\/v2\/product"}],"about":[{"href":"https:\/\/www.vetorino.com\/veterinaire\/prunelli-di-fiumorbo-20243\/boutique\/wp-json\/wp\/v2\/types\/product"}],"wp:featuredmedia":[{"embeddable":true,"href":"https:\/\/www.vetorino.com\/veterinaire\/prunelli-di-fiumorbo-20243\/boutique\/wp-json\/wp\/v2\/media\/490188"}],"wp:attachment":[{"href":"https:\/\/www.vetorino.com\/veterinaire\/prunelli-di-fiumorbo-20243\/boutique\/wp-json\/wp\/v2\/media?parent=314087"}],"wp:term":[{"taxonomy":"product_cat","embeddable":true,"href":"https:\/\/www.vetorino.com\/veterinaire\/prunelli-di-fiumorbo-20243\/boutique\/wp-json\/wp\/v2\/product_cat?post=314087"},{"taxonomy":"product_tag","embeddable":true,"href":"https:\/\/www.vetorino.com\/veterinaire\/prunelli-di-fiumorbo-20243\/boutique\/wp-json\/wp\/v2\/product_tag?post=314087"}],"curies":[{"name":"wp","href":"https:\/\/api.w.org\/{rel}","templated":true}]}}