{"id":318602,"date":"2022-04-29T17:38:35","date_gmt":"2022-04-29T15:38:35","guid":{"rendered":"https:\/\/www.vetorino.com\/boutique\/product\/dog-maxi-starter\/"},"modified":"2025-11-05T12:17:43","modified_gmt":"2025-11-05T11:17:43","slug":"dog-maxi-starter","status":"publish","type":"product","link":"https:\/\/www.vetorino.com\/veterinaire\/prunelli-di-fiumorbo-20243\/boutique\/product\/dog-maxi-starter\/","title":{"rendered":"Maxi Starter Mother &amp; Babydog"},"content":{"rendered":"<p><strong>Les croquettes ROYAL CANIN\u00ae Maxi Starter Mother &amp; Babydog sont formul\u00e9es pour r\u00e9pondre aux besoins nutritionnels des chiennes et de leurs chiots. Cette formule convient aux chiennes adultes de grandes races pesant entre 26 et 44 kg et aux chiots au sevrage jusqu&#8217;\u00e0 l&#8217;\u00e2ge de 2 mois.\u00a0<\/strong><\/p>\n<p><strong>Utilisation :<\/strong><\/p>\n<ul>\n<li>Chiot de moins de 2 mois<\/li>\n<li>Chienne de plus de 25 kg en gestation ou en lactation<\/li>\n<\/ul>\n<p><strong>Bienfaits essentiels :<\/strong><\/p>\n<ul>\n<li>Aide \u00e0 soutenir le\u00a0<strong>d\u00e9veloppement du syst\u00e8me immunitaire du chiot<\/strong>\u00a0gr\u00e2ce \u00e0 la pr\u00e9sence d\u2019un complexe scientifiquement prouv\u00e9, comprenant les\u00a0<strong>vitamines E et C.<\/strong><\/li>\n<li>Une\u00a0<strong>combinaison de pr\u00e9biotiques (MOS) et de prot\u00e9ines hautement digestibles<\/strong>\u00a0pour favoriser l\u2019\u00e9quilibre du\u00a0<strong>microbiote intestinal<\/strong>\u00a0pour une sant\u00e9 digestive optimale.<\/li>\n<li>Des\u00a0<strong>acides gras om\u00e9ga-3<\/strong>\u00a0pour favoriser le d\u00e9veloppement c\u00e9r\u00e9bral et l&#8217;apprentissage des chiots.<\/li>\n<\/ul>\n","protected":false},"excerpt":{"rendered":"<div>\n<div>\n<div>\n<div>\n<div id=\"tab-content\">\n<div id=\"description\" role=\"tabpanel\">\n<div>\n<p><strong>Royal Canin Maxi Starter Mother &amp; Babydog sont formul\u00e9es pour r\u00e9pondre aux besoins nutritionnels des chiennes et de leurs chiots. Cette formule convient aux chiennes adultes de grandes races pesant entre 26 et 44 kg et aux chiots au sevrage jusqu&#8217;\u00e0 l&#8217;\u00e2ge de 2 mois.<\/strong><\/p>\n<p><strong>Utilisation :<\/strong><\/p>\n<ul>\n<li>Chiot de moins de 2 mois<\/li>\n<li>Chienne de plus de 25 kg en gestation ou en lactation<\/li>\n<\/ul>\n<\/div>\n<\/div>\n<\/div>\n<\/div>\n<\/div>\n<\/div>\n<\/div>\n<section class=\"product-accessories mdc_accessories_block mt-3\"><\/section>\n","protected":false},"featured_media":318606,"template":"","meta":[],"product_cat":[12552,12584,2698],"product_tag":[],"class_list":{"0":"post-318602","1":"product","2":"type-product","3":"status-publish","4":"has-post-thumbnail","6":"product_cat-alimentation-du-chien","7":"product_cat-alimentation-premium-pour-chien","8":"product_cat-chien","9":"pa_marque-royal-canin","11":"first","12":"instock","13":"taxable","14":"shipping-taxable","15":"purchasable","16":"product-type-variable"},"yoast_head":"<!-- This site is optimized with the Yoast SEO plugin v27.3 - https:\/\/yoast.com\/product\/yoast-seo-wordpress\/ -->\n<title>Veterinary Health Nutrition (Royal Canin) Maxi Starter Mother &amp; Babydog Royal Canin - V\u00e9torino<\/title>\n<meta name=\"description\" content=\"Royal Canin Maxi Starter Mother &amp; Babydog sont formul\u00e9es pour r\u00e9pondre aux besoins nutritionnels des chiennes et de leurs chiots. Cette formule convient aux chiennes adultes de grandes races pesant entre 26 et 44 kg et aux chiots au sevrage jusqu&#039;\u00e0 l&#039;\u00e2ge de 2 mois.  Utilisation :   Chiot de moins de 2 mois  Chienne de plus de 25 kg en gestation ou en lactation\" \/>\n<meta name=\"robots\" content=\"noindex, nofollow\" \/>\n<meta property=\"og:locale\" content=\"fr_FR\" \/>\n<meta property=\"og:type\" content=\"article\" \/>\n<meta property=\"og:title\" content=\"Veterinary Health Nutrition (Royal Canin) Maxi Starter Mother &amp; Babydog Royal Canin - V\u00e9torino\" \/>\n<meta property=\"og:description\" content=\"Royal Canin Maxi Starter Mother &amp; Babydog sont formul\u00e9es pour r\u00e9pondre aux besoins nutritionnels des chiennes et de leurs chiots. Cette formule convient aux chiennes adultes de grandes races pesant entre 26 et 44 kg et aux chiots au sevrage jusqu&#039;\u00e0 l&#039;\u00e2ge de 2 mois.  Utilisation :   Chiot de moins de 2 mois  Chienne de plus de 25 kg en gestation ou en lactation\" \/>\n<meta property=\"og:url\" content=\"https:\/\/www.vetorino.com\/veterinaire\/prunelli-di-fiumorbo-20243\/boutique\/product\/dog-maxi-starter\/\" \/>\n<meta property=\"og:site_name\" content=\"V\u00e9torino\" \/>\n<meta property=\"article:publisher\" content=\"https:\/\/www.facebook.com\/Vetorino\/\" \/>\n<meta property=\"article:modified_time\" content=\"2025-11-05T11:17:43+00:00\" \/>\n<meta property=\"og:image\" content=\"https:\/\/www.vetorino.com\/boutique\/wp-content\/uploads\/2022\/04\/royal-canin-maxi-starter-mother-babydog-vetorino.jpeg\" \/>\n\t<meta property=\"og:image:width\" content=\"540\" \/>\n\t<meta property=\"og:image:height\" content=\"540\" \/>\n\t<meta property=\"og:image:type\" content=\"image\/jpeg\" \/>\n<meta name=\"twitter:card\" content=\"summary_large_image\" \/>\n<meta name=\"twitter:label1\" content=\"Disponibilit\u00e9\" \/>\n\t<meta name=\"twitter:data1\" content=\"En stock\" \/>\n<script type=\"application\/ld+json\" class=\"yoast-schema-graph\">{\"@context\":\"https:\\\/\\\/schema.org\",\"@graph\":[{\"@type\":\"WebPage\",\"@id\":\"https:\\\/\\\/www.vetorino.com\\\/veterinaire\\\/briancon-05100\\\/boutique\\\/product\\\/dog-maxi-starter\\\/\",\"url\":\"https:\\\/\\\/www.vetorino.com\\\/veterinaire\\\/briancon-05100\\\/boutique\\\/product\\\/dog-maxi-starter\\\/\",\"name\":\"Veterinary Health Nutrition (Royal Canin) Maxi Starter Mother &amp; Babydog Royal Canin - V\u00e9torino\",\"isPartOf\":{\"@id\":\"https:\\\/\\\/www.vetorino.com\\\/boutique\\\/#website\"},\"primaryImageOfPage\":{\"@id\":\"https:\\\/\\\/www.vetorino.com\\\/veterinaire\\\/briancon-05100\\\/boutique\\\/product\\\/dog-maxi-starter\\\/#primaryimage\"},\"image\":{\"@id\":\"https:\\\/\\\/www.vetorino.com\\\/veterinaire\\\/briancon-05100\\\/boutique\\\/product\\\/dog-maxi-starter\\\/#primaryimage\"},\"thumbnailUrl\":\"https:\\\/\\\/www.vetorino.com\\\/boutique\\\/wp-content\\\/uploads\\\/2022\\\/04\\\/royal-canin-maxi-starter-mother-babydog-vetorino.jpeg\",\"datePublished\":\"2022-04-29T15:38:35+00:00\",\"dateModified\":\"2025-11-05T11:17:43+00:00\",\"description\":\"Royal Canin Maxi Starter Mother &amp; Babydog sont formul\u00e9es pour r\u00e9pondre aux besoins nutritionnels des chiennes et de leurs chiots. Cette formule convient aux chiennes adultes de grandes races pesant entre 26 et 44 kg et aux chiots au sevrage jusqu'\u00e0 l'\u00e2ge de 2 mois. Utilisation : Chiot de moins de 2 mois Chienne de plus de 25 kg en gestation ou en lactation\",\"breadcrumb\":{\"@id\":\"https:\\\/\\\/www.vetorino.com\\\/veterinaire\\\/briancon-05100\\\/boutique\\\/product\\\/dog-maxi-starter\\\/#breadcrumb\"},\"inLanguage\":\"fr-FR\",\"potentialAction\":[{\"@type\":\"ReadAction\",\"target\":[\"https:\\\/\\\/www.vetorino.com\\\/veterinaire\\\/briancon-05100\\\/boutique\\\/product\\\/dog-maxi-starter\\\/\"]}]},{\"@type\":\"ImageObject\",\"inLanguage\":\"fr-FR\",\"@id\":\"https:\\\/\\\/www.vetorino.com\\\/veterinaire\\\/briancon-05100\\\/boutique\\\/product\\\/dog-maxi-starter\\\/#primaryimage\",\"url\":\"https:\\\/\\\/www.vetorino.com\\\/boutique\\\/wp-content\\\/uploads\\\/2022\\\/04\\\/royal-canin-maxi-starter-mother-babydog-vetorino.jpeg\",\"contentUrl\":\"https:\\\/\\\/www.vetorino.com\\\/boutique\\\/wp-content\\\/uploads\\\/2022\\\/04\\\/royal-canin-maxi-starter-mother-babydog-vetorino.jpeg\",\"width\":540,\"height\":540,\"caption\":\"royal-canin-maxi-starter-mother-babydog-vetorino.jpeg\"},{\"@type\":\"BreadcrumbList\",\"@id\":\"https:\\\/\\\/www.vetorino.com\\\/veterinaire\\\/briancon-05100\\\/boutique\\\/product\\\/dog-maxi-starter\\\/#breadcrumb\",\"itemListElement\":[{\"@type\":\"ListItem\",\"position\":1,\"name\":\"Accueil\",\"item\":\"https:\\\/\\\/www.vetorino.com\\\/boutique\\\/\"},{\"@type\":\"ListItem\",\"position\":2,\"name\":\"Produits\",\"item\":\"https:\\\/\\\/www.vetorino.com\\\/boutique\\\/\"},{\"@type\":\"ListItem\",\"position\":3,\"name\":\"Maxi Starter Mother &amp; Babydog\"}]},{\"@type\":\"WebSite\",\"@id\":\"https:\\\/\\\/www.vetorino.com\\\/boutique\\\/#website\",\"url\":\"https:\\\/\\\/www.vetorino.com\\\/boutique\\\/\",\"name\":\"V\u00e9torino\",\"description\":\"\",\"publisher\":{\"@id\":\"https:\\\/\\\/www.vetorino.com\\\/boutique\\\/#organization\"},\"potentialAction\":[{\"@type\":\"SearchAction\",\"target\":{\"@type\":\"EntryPoint\",\"urlTemplate\":\"https:\\\/\\\/www.vetorino.com\\\/boutique\\\/?s={search_term_string}\"},\"query-input\":{\"@type\":\"PropertyValueSpecification\",\"valueRequired\":true,\"valueName\":\"search_term_string\"}}],\"inLanguage\":\"fr-FR\"},{\"@type\":\"Organization\",\"@id\":\"https:\\\/\\\/www.vetorino.com\\\/boutique\\\/#organization\",\"name\":\"V\u00e9torino\",\"url\":\"https:\\\/\\\/www.vetorino.com\\\/boutique\\\/\",\"logo\":{\"@type\":\"ImageObject\",\"inLanguage\":\"fr-FR\",\"@id\":\"https:\\\/\\\/www.vetorino.com\\\/boutique\\\/#\\\/schema\\\/logo\\\/image\\\/\",\"url\":\"https:\\\/\\\/www.vetorino.com\\\/boutique\\\/wp-content\\\/uploads\\\/2024\\\/10\\\/logo.jpg\",\"contentUrl\":\"https:\\\/\\\/www.vetorino.com\\\/boutique\\\/wp-content\\\/uploads\\\/2024\\\/10\\\/logo.jpg\",\"width\":1200,\"height\":610,\"caption\":\"V\u00e9torino\"},\"image\":{\"@id\":\"https:\\\/\\\/www.vetorino.com\\\/boutique\\\/#\\\/schema\\\/logo\\\/image\\\/\"},\"sameAs\":[\"https:\\\/\\\/www.facebook.com\\\/Vetorino\\\/\",\"https:\\\/\\\/www.instagram.com\\\/vetorino_off\\\/\",\"https:\\\/\\\/www.linkedin.com\\\/company\\\/vtorino\\\/\"]}]}<\/script>\n<meta property=\"product:brand\" content=\"Royal Canin\" \/>\n<meta property=\"og:availability\" content=\"instock\" \/>\n<meta property=\"product:availability\" content=\"instock\" \/>\n<meta property=\"product:condition\" content=\"new\" \/>\n<!-- \/ Yoast SEO plugin. -->","yoast_head_json":{"title":"Veterinary Health Nutrition (Royal Canin) Maxi Starter Mother &amp; Babydog Royal Canin - V\u00e9torino","description":"Royal Canin Maxi Starter Mother &amp; Babydog sont formul\u00e9es pour r\u00e9pondre aux besoins nutritionnels des chiennes et de leurs chiots. Cette formule convient aux chiennes adultes de grandes races pesant entre 26 et 44 kg et aux chiots au sevrage jusqu'\u00e0 l'\u00e2ge de 2 mois.  Utilisation :   Chiot de moins de 2 mois  Chienne de plus de 25 kg en gestation ou en lactation","robots":{"index":"noindex","follow":"nofollow"},"og_locale":"fr_FR","og_type":"article","og_title":"Veterinary Health Nutrition (Royal Canin) Maxi Starter Mother &amp; Babydog Royal Canin - V\u00e9torino","og_description":"Royal Canin Maxi Starter Mother &amp; Babydog sont formul\u00e9es pour r\u00e9pondre aux besoins nutritionnels des chiennes et de leurs chiots. Cette formule convient aux chiennes adultes de grandes races pesant entre 26 et 44 kg et aux chiots au sevrage jusqu'\u00e0 l'\u00e2ge de 2 mois.  Utilisation :   Chiot de moins de 2 mois  Chienne de plus de 25 kg en gestation ou en lactation","og_url":"https:\/\/www.vetorino.com\/veterinaire\/prunelli-di-fiumorbo-20243\/boutique\/product\/dog-maxi-starter\/","og_site_name":"V\u00e9torino","article_publisher":"https:\/\/www.facebook.com\/Vetorino\/","article_modified_time":"2025-11-05T11:17:43+00:00","og_image":[{"width":540,"height":540,"url":"https:\/\/www.vetorino.com\/boutique\/wp-content\/uploads\/2022\/04\/royal-canin-maxi-starter-mother-babydog-vetorino.jpeg","type":"image\/jpeg"}],"twitter_card":"summary_large_image","twitter_misc":{"Disponibilit\u00e9":"En stock"},"schema":{"@context":"https:\/\/schema.org","@graph":[{"@type":"WebPage","@id":"https:\/\/www.vetorino.com\/veterinaire\/briancon-05100\/boutique\/product\/dog-maxi-starter\/","url":"https:\/\/www.vetorino.com\/veterinaire\/briancon-05100\/boutique\/product\/dog-maxi-starter\/","name":"Veterinary Health Nutrition (Royal Canin) Maxi Starter Mother &amp; Babydog Royal Canin - V\u00e9torino","isPartOf":{"@id":"https:\/\/www.vetorino.com\/boutique\/#website"},"primaryImageOfPage":{"@id":"https:\/\/www.vetorino.com\/veterinaire\/briancon-05100\/boutique\/product\/dog-maxi-starter\/#primaryimage"},"image":{"@id":"https:\/\/www.vetorino.com\/veterinaire\/briancon-05100\/boutique\/product\/dog-maxi-starter\/#primaryimage"},"thumbnailUrl":"https:\/\/www.vetorino.com\/boutique\/wp-content\/uploads\/2022\/04\/royal-canin-maxi-starter-mother-babydog-vetorino.jpeg","datePublished":"2022-04-29T15:38:35+00:00","dateModified":"2025-11-05T11:17:43+00:00","description":"Royal Canin Maxi Starter Mother &amp; Babydog sont formul\u00e9es pour r\u00e9pondre aux besoins nutritionnels des chiennes et de leurs chiots. Cette formule convient aux chiennes adultes de grandes races pesant entre 26 et 44 kg et aux chiots au sevrage jusqu'\u00e0 l'\u00e2ge de 2 mois. Utilisation : Chiot de moins de 2 mois Chienne de plus de 25 kg en gestation ou en lactation","breadcrumb":{"@id":"https:\/\/www.vetorino.com\/veterinaire\/briancon-05100\/boutique\/product\/dog-maxi-starter\/#breadcrumb"},"inLanguage":"fr-FR","potentialAction":[{"@type":"ReadAction","target":["https:\/\/www.vetorino.com\/veterinaire\/briancon-05100\/boutique\/product\/dog-maxi-starter\/"]}]},{"@type":"ImageObject","inLanguage":"fr-FR","@id":"https:\/\/www.vetorino.com\/veterinaire\/briancon-05100\/boutique\/product\/dog-maxi-starter\/#primaryimage","url":"https:\/\/www.vetorino.com\/boutique\/wp-content\/uploads\/2022\/04\/royal-canin-maxi-starter-mother-babydog-vetorino.jpeg","contentUrl":"https:\/\/www.vetorino.com\/boutique\/wp-content\/uploads\/2022\/04\/royal-canin-maxi-starter-mother-babydog-vetorino.jpeg","width":540,"height":540,"caption":"royal-canin-maxi-starter-mother-babydog-vetorino.jpeg"},{"@type":"BreadcrumbList","@id":"https:\/\/www.vetorino.com\/veterinaire\/briancon-05100\/boutique\/product\/dog-maxi-starter\/#breadcrumb","itemListElement":[{"@type":"ListItem","position":1,"name":"Accueil","item":"https:\/\/www.vetorino.com\/boutique\/"},{"@type":"ListItem","position":2,"name":"Produits","item":"https:\/\/www.vetorino.com\/boutique\/"},{"@type":"ListItem","position":3,"name":"Maxi Starter Mother &amp; Babydog"}]},{"@type":"WebSite","@id":"https:\/\/www.vetorino.com\/boutique\/#website","url":"https:\/\/www.vetorino.com\/boutique\/","name":"V\u00e9torino","description":"","publisher":{"@id":"https:\/\/www.vetorino.com\/boutique\/#organization"},"potentialAction":[{"@type":"SearchAction","target":{"@type":"EntryPoint","urlTemplate":"https:\/\/www.vetorino.com\/boutique\/?s={search_term_string}"},"query-input":{"@type":"PropertyValueSpecification","valueRequired":true,"valueName":"search_term_string"}}],"inLanguage":"fr-FR"},{"@type":"Organization","@id":"https:\/\/www.vetorino.com\/boutique\/#organization","name":"V\u00e9torino","url":"https:\/\/www.vetorino.com\/boutique\/","logo":{"@type":"ImageObject","inLanguage":"fr-FR","@id":"https:\/\/www.vetorino.com\/boutique\/#\/schema\/logo\/image\/","url":"https:\/\/www.vetorino.com\/boutique\/wp-content\/uploads\/2024\/10\/logo.jpg","contentUrl":"https:\/\/www.vetorino.com\/boutique\/wp-content\/uploads\/2024\/10\/logo.jpg","width":1200,"height":610,"caption":"V\u00e9torino"},"image":{"@id":"https:\/\/www.vetorino.com\/boutique\/#\/schema\/logo\/image\/"},"sameAs":["https:\/\/www.facebook.com\/Vetorino\/","https:\/\/www.instagram.com\/vetorino_off\/","https:\/\/www.linkedin.com\/company\/vtorino\/"]}]},"product_brand":"Royal Canin","og_availability":"instock","product_availability":"instock","product_condition":"new"},"_links":{"self":[{"href":"https:\/\/www.vetorino.com\/veterinaire\/prunelli-di-fiumorbo-20243\/boutique\/wp-json\/wp\/v2\/product\/318602","targetHints":{"allow":["GET"]}}],"collection":[{"href":"https:\/\/www.vetorino.com\/veterinaire\/prunelli-di-fiumorbo-20243\/boutique\/wp-json\/wp\/v2\/product"}],"about":[{"href":"https:\/\/www.vetorino.com\/veterinaire\/prunelli-di-fiumorbo-20243\/boutique\/wp-json\/wp\/v2\/types\/product"}],"wp:featuredmedia":[{"embeddable":true,"href":"https:\/\/www.vetorino.com\/veterinaire\/prunelli-di-fiumorbo-20243\/boutique\/wp-json\/wp\/v2\/media\/318606"}],"wp:attachment":[{"href":"https:\/\/www.vetorino.com\/veterinaire\/prunelli-di-fiumorbo-20243\/boutique\/wp-json\/wp\/v2\/media?parent=318602"}],"wp:term":[{"taxonomy":"product_cat","embeddable":true,"href":"https:\/\/www.vetorino.com\/veterinaire\/prunelli-di-fiumorbo-20243\/boutique\/wp-json\/wp\/v2\/product_cat?post=318602"},{"taxonomy":"product_tag","embeddable":true,"href":"https:\/\/www.vetorino.com\/veterinaire\/prunelli-di-fiumorbo-20243\/boutique\/wp-json\/wp\/v2\/product_tag?post=318602"}],"curies":[{"name":"wp","href":"https:\/\/api.w.org\/{rel}","templated":true}]}}