{"id":32801,"date":"2020-03-04T21:50:43","date_gmt":"2020-03-04T20:50:43","guid":{"rendered":"https:\/\/www.vetorino.com\/boutique\/product\/selective-degus-octodon\/"},"modified":"2024-06-20T15:06:25","modified_gmt":"2024-06-20T13:06:25","slug":"selective-degus-octodon","status":"publish","type":"product","link":"https:\/\/www.vetorino.com\/veterinaire\/prunelli-di-fiumorbo-20243\/boutique\/product\/selective-degus-octodon\/","title":{"rendered":"Selective Degus &#8220;Octodon&#8221;"},"content":{"rendered":"<p><strong>Selective Octodon est un aliment compl\u00e9mentaire unique cuit au four, formul\u00e9 pour r\u00e9pondre aux besoins nutritionnels particuliers de l\u2019octodon.<\/strong><\/p>\n<p><strong>Utilisation :<\/strong><\/p>\n<ul>\n<li>Alimentation quotidienne en granul\u00e9s pour octodon<\/li>\n<\/ul>\n<p><strong>Bienfaits essentiels :<\/strong><\/p>\n<ul>\n<li>Ce m\u00e9lange d\u2019ingr\u00e9dients de <strong>haute qualit\u00e9<\/strong> soigneusement et scientifiquement s\u00e9lectionn\u00e9s est con\u00e7u pour reproduire l\u2019alimentation naturelle de l\u2019octodon.<\/li>\n<li>Tr\u00e8s pauvre en graisses et tr\u00e8s riche en vitamine C, qui comporte \u00e9galement des fibres de haute qualit\u00e9 \u00e0 base de luzerne afin de<strong> faciliter la digestion et de favoriser l\u2019usure des dents<\/strong>.<\/li>\n<li>Le brocoli et le basilic constituent des sources d\u2019autres antioxydants ayant des <strong>b\u00e9n\u00e9fices nutritionnels av\u00e9r\u00e9s<\/strong>.<\/li>\n<li>Permet de <strong>pr\u00e9venir l\u2019alimentation s\u00e9lective<\/strong><\/li>\n<li>Aliment de qualit\u00e9 sup\u00e9rieure,<strong> \u00e9quilibr\u00e9 sur le plan nutritionnel<\/strong><\/li>\n<li><strong>Enrichi en vitamine C<\/strong> \u2013 500mg\/kg<\/li>\n<li>Sans sucres ajout\u00e9s<\/li>\n<li>Extr\u00eamement <strong>app\u00e9tant<\/strong>, contient du brocoli et du basilic<\/li>\n<li>Contient des antioxydants naturels pour favoriser la sant\u00e9 et la vitalit\u00e9<\/li>\n<li>Recette <strong>monocomposant<\/strong> sp\u00e9ciale cuite au four<\/li>\n<\/ul>\n","protected":false},"excerpt":{"rendered":"<div id=\"divArticleTextHolder\"><strong>Selective Octodon est un aliment compl\u00e9mentaire unique cuit au four, formul\u00e9 pour r\u00e9pondre aux besoins nutritionnels particuliers de l\u2019octodon.<\/strong><\/div>\n<div><strong>Utilisation :<\/strong><\/div>\n<ul>\n<li>Alimentation quotidienne en granul\u00e9s pour octodon<\/li>\n<\/ul>\n","protected":false},"featured_media":952595,"template":"","meta":[],"product_cat":[12580,12672,2727,12570],"product_tag":[],"class_list":{"0":"post-32801","1":"product","2":"type-product","3":"status-publish","4":"has-post-thumbnail","6":"product_cat-alimentation-du-rongeur","7":"product_cat-granule-et-melange-pour-rongeur","8":"product_cat-nac","9":"product_cat-rongeur","10":"pa_marque-supreme-petfoods","12":"first","13":"instock","14":"taxable","15":"shipping-taxable","16":"purchasable","17":"product-type-variable"},"yoast_head":"<!-- This site is optimized with the Yoast SEO plugin v27.3 - https:\/\/yoast.com\/product\/yoast-seo-wordpress\/ -->\n<title>Selective Degus &quot;Octodon&quot; Supreme Petfoods - V\u00e9torino<\/title>\n<meta name=\"description\" content=\"Selective Octodon est un aliment compl\u00e9mentaire unique cuit au four, formul\u00e9 pour r\u00e9pondre aux besoins nutritionnels particuliers de l\u2019octodon. Utilisation :   Alimentation quotidienne en granul\u00e9s pour octodon\" \/>\n<meta name=\"robots\" content=\"noindex, nofollow\" \/>\n<meta property=\"og:locale\" content=\"fr_FR\" \/>\n<meta property=\"og:type\" content=\"article\" \/>\n<meta property=\"og:title\" content=\"Selective Degus &quot;Octodon&quot; Supreme Petfoods - V\u00e9torino\" \/>\n<meta property=\"og:description\" content=\"Selective Octodon est un aliment compl\u00e9mentaire unique cuit au four, formul\u00e9 pour r\u00e9pondre aux besoins nutritionnels particuliers de l\u2019octodon. Utilisation :   Alimentation quotidienne en granul\u00e9s pour octodon\" \/>\n<meta property=\"og:url\" content=\"https:\/\/www.vetorino.com\/veterinaire\/prunelli-di-fiumorbo-20243\/boutique\/product\/selective-degus-octodon\/\" \/>\n<meta property=\"og:site_name\" content=\"V\u00e9torino\" \/>\n<meta property=\"article:publisher\" content=\"https:\/\/www.facebook.com\/Vetorino\/\" \/>\n<meta property=\"article:modified_time\" content=\"2024-06-20T13:06:25+00:00\" \/>\n<meta property=\"og:image\" content=\"https:\/\/www.vetorino.com\/boutique\/wp-content\/uploads\/2020\/06\/selective-octodon.webp\" \/>\n\t<meta property=\"og:image:width\" content=\"540\" \/>\n\t<meta property=\"og:image:height\" content=\"540\" \/>\n\t<meta property=\"og:image:type\" content=\"image\/webp\" \/>\n<meta name=\"twitter:card\" content=\"summary_large_image\" \/>\n<meta name=\"twitter:label1\" content=\"Disponibilit\u00e9\" \/>\n\t<meta name=\"twitter:data1\" content=\"En stock\" \/>\n<script type=\"application\/ld+json\" class=\"yoast-schema-graph\">{\"@context\":\"https:\\\/\\\/schema.org\",\"@graph\":[{\"@type\":\"WebPage\",\"@id\":\"https:\\\/\\\/www.vetorino.com\\\/boutique\\\/product\\\/selective-degus-octodon\\\/\",\"url\":\"https:\\\/\\\/www.vetorino.com\\\/boutique\\\/product\\\/selective-degus-octodon\\\/\",\"name\":\"Selective Degus \\\"Octodon\\\" Supreme Petfoods - V\u00e9torino\",\"isPartOf\":{\"@id\":\"https:\\\/\\\/www.vetorino.com\\\/boutique\\\/#website\"},\"primaryImageOfPage\":{\"@id\":\"https:\\\/\\\/www.vetorino.com\\\/boutique\\\/product\\\/selective-degus-octodon\\\/#primaryimage\"},\"image\":{\"@id\":\"https:\\\/\\\/www.vetorino.com\\\/boutique\\\/product\\\/selective-degus-octodon\\\/#primaryimage\"},\"thumbnailUrl\":\"https:\\\/\\\/www.vetorino.com\\\/boutique\\\/wp-content\\\/uploads\\\/2020\\\/06\\\/selective-octodon.webp\",\"datePublished\":\"2020-03-04T20:50:43+00:00\",\"dateModified\":\"2024-06-20T13:06:25+00:00\",\"description\":\"Selective Octodon est un aliment compl\u00e9mentaire unique cuit au four, formul\u00e9 pour r\u00e9pondre aux besoins nutritionnels particuliers de l\u2019octodon. Utilisation : Alimentation quotidienne en granul\u00e9s pour octodon\",\"breadcrumb\":{\"@id\":\"https:\\\/\\\/www.vetorino.com\\\/boutique\\\/product\\\/selective-degus-octodon\\\/#breadcrumb\"},\"inLanguage\":\"fr-FR\",\"potentialAction\":[{\"@type\":\"ReadAction\",\"target\":[\"https:\\\/\\\/www.vetorino.com\\\/boutique\\\/product\\\/selective-degus-octodon\\\/\"]}]},{\"@type\":\"ImageObject\",\"inLanguage\":\"fr-FR\",\"@id\":\"https:\\\/\\\/www.vetorino.com\\\/boutique\\\/product\\\/selective-degus-octodon\\\/#primaryimage\",\"url\":\"https:\\\/\\\/www.vetorino.com\\\/boutique\\\/wp-content\\\/uploads\\\/2020\\\/06\\\/selective-octodon.webp\",\"contentUrl\":\"https:\\\/\\\/www.vetorino.com\\\/boutique\\\/wp-content\\\/uploads\\\/2020\\\/06\\\/selective-octodon.webp\",\"width\":540,\"height\":540},{\"@type\":\"BreadcrumbList\",\"@id\":\"https:\\\/\\\/www.vetorino.com\\\/boutique\\\/product\\\/selective-degus-octodon\\\/#breadcrumb\",\"itemListElement\":[{\"@type\":\"ListItem\",\"position\":1,\"name\":\"Accueil\",\"item\":\"https:\\\/\\\/www.vetorino.com\\\/boutique\\\/\"},{\"@type\":\"ListItem\",\"position\":2,\"name\":\"Produits\",\"item\":\"https:\\\/\\\/www.vetorino.com\\\/boutique\\\/\"},{\"@type\":\"ListItem\",\"position\":3,\"name\":\"Selective Degus &#8220;Octodon&#8221;\"}]},{\"@type\":\"WebSite\",\"@id\":\"https:\\\/\\\/www.vetorino.com\\\/boutique\\\/#website\",\"url\":\"https:\\\/\\\/www.vetorino.com\\\/boutique\\\/\",\"name\":\"V\u00e9torino\",\"description\":\"\",\"publisher\":{\"@id\":\"https:\\\/\\\/www.vetorino.com\\\/boutique\\\/#organization\"},\"potentialAction\":[{\"@type\":\"SearchAction\",\"target\":{\"@type\":\"EntryPoint\",\"urlTemplate\":\"https:\\\/\\\/www.vetorino.com\\\/boutique\\\/?s={search_term_string}\"},\"query-input\":{\"@type\":\"PropertyValueSpecification\",\"valueRequired\":true,\"valueName\":\"search_term_string\"}}],\"inLanguage\":\"fr-FR\"},{\"@type\":\"Organization\",\"@id\":\"https:\\\/\\\/www.vetorino.com\\\/boutique\\\/#organization\",\"name\":\"V\u00e9torino\",\"url\":\"https:\\\/\\\/www.vetorino.com\\\/boutique\\\/\",\"logo\":{\"@type\":\"ImageObject\",\"inLanguage\":\"fr-FR\",\"@id\":\"https:\\\/\\\/www.vetorino.com\\\/boutique\\\/#\\\/schema\\\/logo\\\/image\\\/\",\"url\":\"https:\\\/\\\/www.vetorino.com\\\/boutique\\\/wp-content\\\/uploads\\\/2024\\\/10\\\/logo.jpg\",\"contentUrl\":\"https:\\\/\\\/www.vetorino.com\\\/boutique\\\/wp-content\\\/uploads\\\/2024\\\/10\\\/logo.jpg\",\"width\":1200,\"height\":610,\"caption\":\"V\u00e9torino\"},\"image\":{\"@id\":\"https:\\\/\\\/www.vetorino.com\\\/boutique\\\/#\\\/schema\\\/logo\\\/image\\\/\"},\"sameAs\":[\"https:\\\/\\\/www.facebook.com\\\/Vetorino\\\/\",\"https:\\\/\\\/www.instagram.com\\\/vetorino_off\\\/\",\"https:\\\/\\\/www.linkedin.com\\\/company\\\/vtorino\\\/\"]}]}<\/script>\n<meta property=\"product:brand\" content=\"Supreme Petfoods\" \/>\n<meta property=\"og:availability\" content=\"instock\" \/>\n<meta property=\"product:availability\" content=\"instock\" \/>\n<meta property=\"product:condition\" content=\"new\" \/>\n<!-- \/ Yoast SEO plugin. -->","yoast_head_json":{"title":"Selective Degus \"Octodon\" Supreme Petfoods - V\u00e9torino","description":"Selective Octodon est un aliment compl\u00e9mentaire unique cuit au four, formul\u00e9 pour r\u00e9pondre aux besoins nutritionnels particuliers de l\u2019octodon. Utilisation :   Alimentation quotidienne en granul\u00e9s pour octodon","robots":{"index":"noindex","follow":"nofollow"},"og_locale":"fr_FR","og_type":"article","og_title":"Selective Degus \"Octodon\" Supreme Petfoods - V\u00e9torino","og_description":"Selective Octodon est un aliment compl\u00e9mentaire unique cuit au four, formul\u00e9 pour r\u00e9pondre aux besoins nutritionnels particuliers de l\u2019octodon. Utilisation :   Alimentation quotidienne en granul\u00e9s pour octodon","og_url":"https:\/\/www.vetorino.com\/veterinaire\/prunelli-di-fiumorbo-20243\/boutique\/product\/selective-degus-octodon\/","og_site_name":"V\u00e9torino","article_publisher":"https:\/\/www.facebook.com\/Vetorino\/","article_modified_time":"2024-06-20T13:06:25+00:00","og_image":[{"width":540,"height":540,"url":"https:\/\/www.vetorino.com\/boutique\/wp-content\/uploads\/2020\/06\/selective-octodon.webp","type":"image\/webp"}],"twitter_card":"summary_large_image","twitter_misc":{"Disponibilit\u00e9":"En stock"},"schema":{"@context":"https:\/\/schema.org","@graph":[{"@type":"WebPage","@id":"https:\/\/www.vetorino.com\/boutique\/product\/selective-degus-octodon\/","url":"https:\/\/www.vetorino.com\/boutique\/product\/selective-degus-octodon\/","name":"Selective Degus \"Octodon\" Supreme Petfoods - V\u00e9torino","isPartOf":{"@id":"https:\/\/www.vetorino.com\/boutique\/#website"},"primaryImageOfPage":{"@id":"https:\/\/www.vetorino.com\/boutique\/product\/selective-degus-octodon\/#primaryimage"},"image":{"@id":"https:\/\/www.vetorino.com\/boutique\/product\/selective-degus-octodon\/#primaryimage"},"thumbnailUrl":"https:\/\/www.vetorino.com\/boutique\/wp-content\/uploads\/2020\/06\/selective-octodon.webp","datePublished":"2020-03-04T20:50:43+00:00","dateModified":"2024-06-20T13:06:25+00:00","description":"Selective Octodon est un aliment compl\u00e9mentaire unique cuit au four, formul\u00e9 pour r\u00e9pondre aux besoins nutritionnels particuliers de l\u2019octodon. Utilisation : Alimentation quotidienne en granul\u00e9s pour octodon","breadcrumb":{"@id":"https:\/\/www.vetorino.com\/boutique\/product\/selective-degus-octodon\/#breadcrumb"},"inLanguage":"fr-FR","potentialAction":[{"@type":"ReadAction","target":["https:\/\/www.vetorino.com\/boutique\/product\/selective-degus-octodon\/"]}]},{"@type":"ImageObject","inLanguage":"fr-FR","@id":"https:\/\/www.vetorino.com\/boutique\/product\/selective-degus-octodon\/#primaryimage","url":"https:\/\/www.vetorino.com\/boutique\/wp-content\/uploads\/2020\/06\/selective-octodon.webp","contentUrl":"https:\/\/www.vetorino.com\/boutique\/wp-content\/uploads\/2020\/06\/selective-octodon.webp","width":540,"height":540},{"@type":"BreadcrumbList","@id":"https:\/\/www.vetorino.com\/boutique\/product\/selective-degus-octodon\/#breadcrumb","itemListElement":[{"@type":"ListItem","position":1,"name":"Accueil","item":"https:\/\/www.vetorino.com\/boutique\/"},{"@type":"ListItem","position":2,"name":"Produits","item":"https:\/\/www.vetorino.com\/boutique\/"},{"@type":"ListItem","position":3,"name":"Selective Degus &#8220;Octodon&#8221;"}]},{"@type":"WebSite","@id":"https:\/\/www.vetorino.com\/boutique\/#website","url":"https:\/\/www.vetorino.com\/boutique\/","name":"V\u00e9torino","description":"","publisher":{"@id":"https:\/\/www.vetorino.com\/boutique\/#organization"},"potentialAction":[{"@type":"SearchAction","target":{"@type":"EntryPoint","urlTemplate":"https:\/\/www.vetorino.com\/boutique\/?s={search_term_string}"},"query-input":{"@type":"PropertyValueSpecification","valueRequired":true,"valueName":"search_term_string"}}],"inLanguage":"fr-FR"},{"@type":"Organization","@id":"https:\/\/www.vetorino.com\/boutique\/#organization","name":"V\u00e9torino","url":"https:\/\/www.vetorino.com\/boutique\/","logo":{"@type":"ImageObject","inLanguage":"fr-FR","@id":"https:\/\/www.vetorino.com\/boutique\/#\/schema\/logo\/image\/","url":"https:\/\/www.vetorino.com\/boutique\/wp-content\/uploads\/2024\/10\/logo.jpg","contentUrl":"https:\/\/www.vetorino.com\/boutique\/wp-content\/uploads\/2024\/10\/logo.jpg","width":1200,"height":610,"caption":"V\u00e9torino"},"image":{"@id":"https:\/\/www.vetorino.com\/boutique\/#\/schema\/logo\/image\/"},"sameAs":["https:\/\/www.facebook.com\/Vetorino\/","https:\/\/www.instagram.com\/vetorino_off\/","https:\/\/www.linkedin.com\/company\/vtorino\/"]}]},"product_brand":"Supreme Petfoods","og_availability":"instock","product_availability":"instock","product_condition":"new"},"_links":{"self":[{"href":"https:\/\/www.vetorino.com\/veterinaire\/prunelli-di-fiumorbo-20243\/boutique\/wp-json\/wp\/v2\/product\/32801","targetHints":{"allow":["GET"]}}],"collection":[{"href":"https:\/\/www.vetorino.com\/veterinaire\/prunelli-di-fiumorbo-20243\/boutique\/wp-json\/wp\/v2\/product"}],"about":[{"href":"https:\/\/www.vetorino.com\/veterinaire\/prunelli-di-fiumorbo-20243\/boutique\/wp-json\/wp\/v2\/types\/product"}],"wp:featuredmedia":[{"embeddable":true,"href":"https:\/\/www.vetorino.com\/veterinaire\/prunelli-di-fiumorbo-20243\/boutique\/wp-json\/wp\/v2\/media\/952595"}],"wp:attachment":[{"href":"https:\/\/www.vetorino.com\/veterinaire\/prunelli-di-fiumorbo-20243\/boutique\/wp-json\/wp\/v2\/media?parent=32801"}],"wp:term":[{"taxonomy":"product_cat","embeddable":true,"href":"https:\/\/www.vetorino.com\/veterinaire\/prunelli-di-fiumorbo-20243\/boutique\/wp-json\/wp\/v2\/product_cat?post=32801"},{"taxonomy":"product_tag","embeddable":true,"href":"https:\/\/www.vetorino.com\/veterinaire\/prunelli-di-fiumorbo-20243\/boutique\/wp-json\/wp\/v2\/product_tag?post=32801"}],"curies":[{"name":"wp","href":"https:\/\/api.w.org\/{rel}","templated":true}]}}