{"id":32834,"date":"2020-03-04T21:50:54","date_gmt":"2020-03-04T20:50:54","guid":{"rendered":"https:\/\/www.vetorino.com\/boutique\/product\/specific-chien-cod-skin-fonction\/"},"modified":"2025-09-02T10:17:17","modified_gmt":"2025-09-02T08:17:17","slug":"specific-chien-cod-skin-fonction","status":"publish","type":"product","link":"https:\/\/www.vetorino.com\/veterinaire\/prunelli-di-fiumorbo-20243\/boutique\/product\/specific-chien-cod-skin-fonction\/","title":{"rendered":"COD Skin Function Support \u2013 chien"},"content":{"rendered":"<p><strong>Aliment di\u00e9t\u00e9tique complet pour chien adulte et senior permettant de soutenir la fonction dermique en cas de dermatoses et de d\u00e9pilation. Il contient une teneur \u00e9lev\u00e9e en acides gras essentiels (dont les Om\u00e9ga-3 issus du poisson) et en \u03b2-1,3\/1,6-glucanes.<\/strong><\/p>\n<p><strong>Utilisation :<\/strong><\/p>\n<ul>\n<li>Convalescence, p\u00e9riode post-op\u00e9ratoire, cachexie (li\u00e9e \u00e0 un cancer, une insuffisance cardiaque, &#8230;) et anorexie.<\/li>\n<li>Insuffisance cardiaque (sans insuffisance r\u00e9nale concomitante).<\/li>\n<li>Troubles dermatologiques r\u00e9pondant \u00e0 un apport accru en nutriments tels qu\u2019acides gras Om\u00e9ga-3 et Om\u00e9ga-6, vitamines et min\u00e9raux.<\/li>\n<li>Troubles immunitaires et\/ou inflammatoires r\u00e9pondant \u00e0 un apport \u00e9lev\u00e9 en acides gras Om\u00e9ga-3, comme l\u2019asthme, la colite, la dermatite allergique (atopie, DAPP), \u2026<\/li>\n<li>Cancer.<\/li>\n<li>Alimentation quotidienne du chien adulte en bonne sant\u00e9.<\/li>\n<\/ul>\n<p><strong>Contre indications :<\/strong><\/p>\n<ul>\n<li>Troubles de la coagulation.<\/li>\n<li>Hyperlipid\u00e9mie.<\/li>\n<li>Chiot et chienne gestante et allaitante.<\/li>\n<\/ul>\n<p><strong>Bienfaits essentiels :<\/strong><\/p>\n<ul>\n<li>Teneurs exceptionnellement \u00e9lev\u00e9es en acides gras Om\u00e9ga-3 EPA et DHA (issus d\u2019huile de poisson) et en acide gras Om\u00e9ga-6 GLA (issus d\u2019huile de bourrache). Ces acides gras peuvent moduler la r\u00e9ponse immunitaire et divers processus m\u00e9taboliques en modifiant la production d\u2019\u00e9icosano\u00efdes. Une \u00e9tude contr\u00f4l\u00e9e en double aveugle a montr\u00e9 que ces hautes teneurs en EPA, DHA et GLA\u00a0<strong>am\u00e9liorent l\u2019\u00e9tat de la peau et du pelage chez les chiens atopiques<\/strong>.<\/li>\n<li>Contient des \u00df-1,3\/1,6-glucanes et des teneurs \u00e9lev\u00e9es en zinc, s\u00e9l\u00e9nium et arginine pour le soutien du syst\u00e8me immunitaire. Les \u00df-1,3\/1,6-glucanes peuvent se lier aux macrophages et<strong>\u00a0stimuler le syst\u00e8me immunitaire, ce qui favorise la r\u00e9ponse immunitaire et module la production des cytokines<\/strong>.<\/li>\n<li>La densit\u00e9 \u00e9nerg\u00e9tique \u00e9lev\u00e9e, la teneur accrue en nutriments essentiels, la haute digestibilit\u00e9 et l\u2019app\u00e9tence de cet aliment<strong>\u00a0favorisent la convalescence apr\u00e8s une maladie, une op\u00e9ration, une blessure ou une p\u00e9riode de faiblesse<\/strong>. La teneur exceptionnellement \u00e9lev\u00e9e en acides gras Om\u00e9ga-3 apporte un soutien en cas de cachexie d\u2019origine canc\u00e9reuse ou cardiaque. La teneur accrue en nutriments\u00a0<strong>favorise la r\u00e9ponse immunitaire contre les infections<\/strong>.<\/li>\n<li>L\u2019aliment est enrichi en L-carnitine et en taurine pour le soutien de la fonction myocardique. La teneur mod\u00e9r\u00e9e en sodium contribue \u00e0 r\u00e9duire la r\u00e9tention hydrique et favorise une tension art\u00e9rielle normale. Gr\u00e2ce \u00e0 l\u2019association avec les teneurs \u00e9lev\u00e9es en acides gras Om\u00e9ga-3, qui\u00a0<strong>contribuent \u00e0 maintenir la masse musculaire, l\u2019app\u00e9tit et un rythme cardiaque normal<\/strong>, l\u2019aliment<strong><strong>\u00a0constitue un excellent soutien nutritionnel pour les chiens dont la fonction cardiaque est diminu\u00e9e.<\/strong><\/strong><\/li>\n<li>La peau a un m\u00e9tabolisme \u00e9lev\u00e9 et des besoins importants en diff\u00e9rents nutriments sp\u00e9cifiques. Les teneurs \u00e9lev\u00e9es en acides gras polyinsatur\u00e9s, lipides, vitamines A, E et B, prot\u00e9ines, zinc et s\u00e9l\u00e9nium ont un<strong>\u00a0effet b\u00e9n\u00e9fique sur la sant\u00e9 de la peau et du pelage<\/strong>.<\/li>\n<\/ul>\n<p><strong>Cet aliment est destin\u00e9 \u00e0 la prise en charge nutritionnelle d\u2019une maladie. Pour la sant\u00e9 de votre chien, il est recommand\u00e9 de consulter votre v\u00e9t\u00e9rinaire et de respecter scrupuleusement ses recommandations nutritionnelles.<\/strong><\/p>\n","protected":false},"excerpt":{"rendered":"<p><strong>Aliment di\u00e9t\u00e9tique complet pour chien adulte et senior permettant de soutenir la fonction dermique en cas de dermatoses et de d\u00e9pilation.<br \/>\n<\/strong><\/p>\n<p><strong>Utilisation :<\/strong><\/p>\n<ul>\n<li>Convalescence.<\/li>\n<li>Insuffisance cardiaque (sans insuffisance r\u00e9nale concomitante).<\/li>\n<li>Troubles dermatologiques.<\/li>\n<li>Troubles immunitaires et\/ou inflammatoires.<\/li>\n<li>Cancer.<\/li>\n<li>Alimentation quotidienne du chien adulte en bonne sant\u00e9.<\/li>\n<\/ul>\n<p><strong>Cet aliment est destin\u00e9 \u00e0 la prise en charge nutritionnelle d\u2019une maladie. Il est recommand\u00e9 de consulter votre v\u00e9t\u00e9rinaire.<\/strong><\/p>\n<p><span style=\"color: #ff9900\"><strong>Le conditionnement 12kg est compos\u00e9 de 3 sacs de 4kg, pour tout retour le lot devra imp\u00e9rativement \u00eatre ramen\u00e9 en int\u00e9gralit\u00e9, soit les 3 sacs de 4kg.<\/strong><\/span><\/p>\n","protected":false},"featured_media":1249531,"template":"","meta":[],"product_cat":[12552,12582,2698],"product_tag":[],"class_list":{"0":"post-32834","1":"product","2":"type-product","3":"status-publish","4":"has-post-thumbnail","6":"product_cat-alimentation-du-chien","7":"product_cat-alimentation-medicalisee-pour-chien","8":"product_cat-chien","9":"pa_marque-specific","11":"first","12":"instock","13":"taxable","14":"shipping-taxable","15":"purchasable","16":"product-type-variable"},"yoast_head":"<!-- This site is optimized with the Yoast SEO plugin v27.3 - https:\/\/yoast.com\/product\/yoast-seo-wordpress\/ -->\n<title>COD Skin Function Support \u2013 chien Specific - V\u00e9torino<\/title>\n<meta name=\"description\" content=\"Aliment di\u00e9t\u00e9tique complet pour chien adulte et senior permettant de soutenir la fonction dermique en cas de dermatoses et de d\u00e9pilation.   Utilisation :   Convalescence.  Insuffisance cardiaque (sans insuffisance r\u00e9nale concomitante).  Troubles dermatologiques.  Troubles immunitaires et\/ou inflammatoires.  Cancer.  Alimentation quotidienne du chien adulte en bonne sant\u00e9.  Cet aliment est destin\u00e9 \u00e0 la prise en charge nutritionnelle d\u2019une maladie. Il est recommand\u00e9 de consulter votre v\u00e9t\u00e9rinaire.  Le conditionnement 12kg est compos\u00e9 de 3 sacs de 4kg, pour tout retour le lot devra imp\u00e9rativement \u00eatre ramen\u00e9 en int\u00e9gralit\u00e9, soit les 3 sacs de 4kg.\" \/>\n<meta name=\"robots\" content=\"noindex, nofollow\" \/>\n<meta property=\"og:locale\" content=\"fr_FR\" \/>\n<meta property=\"og:type\" content=\"article\" \/>\n<meta property=\"og:title\" content=\"COD Skin Function Support \u2013 chien Specific - V\u00e9torino\" \/>\n<meta property=\"og:description\" content=\"Aliment di\u00e9t\u00e9tique complet pour chien adulte et senior permettant de soutenir la fonction dermique en cas de dermatoses et de d\u00e9pilation.   Utilisation :   Convalescence.  Insuffisance cardiaque (sans insuffisance r\u00e9nale concomitante).  Troubles dermatologiques.  Troubles immunitaires et\/ou inflammatoires.  Cancer.  Alimentation quotidienne du chien adulte en bonne sant\u00e9.  Cet aliment est destin\u00e9 \u00e0 la prise en charge nutritionnelle d\u2019une maladie. Il est recommand\u00e9 de consulter votre v\u00e9t\u00e9rinaire.  Le conditionnement 12kg est compos\u00e9 de 3 sacs de 4kg, pour tout retour le lot devra imp\u00e9rativement \u00eatre ramen\u00e9 en int\u00e9gralit\u00e9, soit les 3 sacs de 4kg.\" \/>\n<meta property=\"og:url\" content=\"https:\/\/www.vetorino.com\/veterinaire\/prunelli-di-fiumorbo-20243\/boutique\/product\/specific-chien-cod-skin-fonction\/\" \/>\n<meta property=\"og:site_name\" content=\"V\u00e9torino\" \/>\n<meta property=\"article:publisher\" content=\"https:\/\/www.facebook.com\/Vetorino\/\" \/>\n<meta property=\"article:modified_time\" content=\"2025-09-02T08:17:17+00:00\" \/>\n<meta property=\"og:image\" content=\"https:\/\/www.vetorino.com\/boutique\/wp-content\/uploads\/2020\/03\/specific-cod-skin-function-support.png\" \/>\n\t<meta property=\"og:image:width\" content=\"555\" \/>\n\t<meta property=\"og:image:height\" content=\"555\" \/>\n\t<meta property=\"og:image:type\" content=\"image\/png\" \/>\n<meta name=\"twitter:card\" content=\"summary_large_image\" \/>\n<meta name=\"twitter:label1\" content=\"Disponibilit\u00e9\" \/>\n\t<meta name=\"twitter:data1\" content=\"En stock\" \/>\n<script type=\"application\/ld+json\" class=\"yoast-schema-graph\">{\"@context\":\"https:\\\/\\\/schema.org\",\"@graph\":[{\"@type\":\"WebPage\",\"@id\":\"https:\\\/\\\/www.vetorino.com\\\/boutique\\\/product\\\/specific-chien-cod-skin-fonction\\\/\",\"url\":\"https:\\\/\\\/www.vetorino.com\\\/boutique\\\/product\\\/specific-chien-cod-skin-fonction\\\/\",\"name\":\"COD Skin Function Support \u2013 chien Specific - V\u00e9torino\",\"isPartOf\":{\"@id\":\"https:\\\/\\\/www.vetorino.com\\\/boutique\\\/#website\"},\"primaryImageOfPage\":{\"@id\":\"https:\\\/\\\/www.vetorino.com\\\/boutique\\\/product\\\/specific-chien-cod-skin-fonction\\\/#primaryimage\"},\"image\":{\"@id\":\"https:\\\/\\\/www.vetorino.com\\\/boutique\\\/product\\\/specific-chien-cod-skin-fonction\\\/#primaryimage\"},\"thumbnailUrl\":\"https:\\\/\\\/www.vetorino.com\\\/boutique\\\/wp-content\\\/uploads\\\/2020\\\/03\\\/specific-cod-skin-function-support.png\",\"datePublished\":\"2020-03-04T20:50:54+00:00\",\"dateModified\":\"2025-09-02T08:17:17+00:00\",\"description\":\"Aliment di\u00e9t\u00e9tique complet pour chien adulte et senior permettant de soutenir la fonction dermique en cas de dermatoses et de d\u00e9pilation. Utilisation : Convalescence. Insuffisance cardiaque (sans insuffisance r\u00e9nale concomitante). Troubles dermatologiques. Troubles immunitaires et\\\/ou inflammatoires. Cancer. Alimentation quotidienne du chien adulte en bonne sant\u00e9. Cet aliment est destin\u00e9 \u00e0 la prise en charge nutritionnelle d\u2019une maladie. Il est recommand\u00e9 de consulter votre v\u00e9t\u00e9rinaire. Le conditionnement 12kg est compos\u00e9 de 3 sacs de 4kg, pour tout retour le lot devra imp\u00e9rativement \u00eatre ramen\u00e9 en int\u00e9gralit\u00e9, soit les 3 sacs de 4kg.\",\"breadcrumb\":{\"@id\":\"https:\\\/\\\/www.vetorino.com\\\/boutique\\\/product\\\/specific-chien-cod-skin-fonction\\\/#breadcrumb\"},\"inLanguage\":\"fr-FR\",\"potentialAction\":[{\"@type\":\"ReadAction\",\"target\":[\"https:\\\/\\\/www.vetorino.com\\\/boutique\\\/product\\\/specific-chien-cod-skin-fonction\\\/\"]}]},{\"@type\":\"ImageObject\",\"inLanguage\":\"fr-FR\",\"@id\":\"https:\\\/\\\/www.vetorino.com\\\/boutique\\\/product\\\/specific-chien-cod-skin-fonction\\\/#primaryimage\",\"url\":\"https:\\\/\\\/www.vetorino.com\\\/boutique\\\/wp-content\\\/uploads\\\/2020\\\/03\\\/specific-cod-skin-function-support.png\",\"contentUrl\":\"https:\\\/\\\/www.vetorino.com\\\/boutique\\\/wp-content\\\/uploads\\\/2020\\\/03\\\/specific-cod-skin-function-support.png\",\"width\":555,\"height\":555},{\"@type\":\"BreadcrumbList\",\"@id\":\"https:\\\/\\\/www.vetorino.com\\\/boutique\\\/product\\\/specific-chien-cod-skin-fonction\\\/#breadcrumb\",\"itemListElement\":[{\"@type\":\"ListItem\",\"position\":1,\"name\":\"Accueil\",\"item\":\"https:\\\/\\\/www.vetorino.com\\\/boutique\\\/\"},{\"@type\":\"ListItem\",\"position\":2,\"name\":\"Produits\",\"item\":\"https:\\\/\\\/www.vetorino.com\\\/boutique\\\/\"},{\"@type\":\"ListItem\",\"position\":3,\"name\":\"COD Skin Function Support \u2013 chien\"}]},{\"@type\":\"WebSite\",\"@id\":\"https:\\\/\\\/www.vetorino.com\\\/boutique\\\/#website\",\"url\":\"https:\\\/\\\/www.vetorino.com\\\/boutique\\\/\",\"name\":\"V\u00e9torino\",\"description\":\"\",\"publisher\":{\"@id\":\"https:\\\/\\\/www.vetorino.com\\\/boutique\\\/#organization\"},\"potentialAction\":[{\"@type\":\"SearchAction\",\"target\":{\"@type\":\"EntryPoint\",\"urlTemplate\":\"https:\\\/\\\/www.vetorino.com\\\/boutique\\\/?s={search_term_string}\"},\"query-input\":{\"@type\":\"PropertyValueSpecification\",\"valueRequired\":true,\"valueName\":\"search_term_string\"}}],\"inLanguage\":\"fr-FR\"},{\"@type\":\"Organization\",\"@id\":\"https:\\\/\\\/www.vetorino.com\\\/boutique\\\/#organization\",\"name\":\"V\u00e9torino\",\"url\":\"https:\\\/\\\/www.vetorino.com\\\/boutique\\\/\",\"logo\":{\"@type\":\"ImageObject\",\"inLanguage\":\"fr-FR\",\"@id\":\"https:\\\/\\\/www.vetorino.com\\\/boutique\\\/#\\\/schema\\\/logo\\\/image\\\/\",\"url\":\"https:\\\/\\\/www.vetorino.com\\\/boutique\\\/wp-content\\\/uploads\\\/2024\\\/10\\\/logo.jpg\",\"contentUrl\":\"https:\\\/\\\/www.vetorino.com\\\/boutique\\\/wp-content\\\/uploads\\\/2024\\\/10\\\/logo.jpg\",\"width\":1200,\"height\":610,\"caption\":\"V\u00e9torino\"},\"image\":{\"@id\":\"https:\\\/\\\/www.vetorino.com\\\/boutique\\\/#\\\/schema\\\/logo\\\/image\\\/\"},\"sameAs\":[\"https:\\\/\\\/www.facebook.com\\\/Vetorino\\\/\",\"https:\\\/\\\/www.instagram.com\\\/vetorino_off\\\/\",\"https:\\\/\\\/www.linkedin.com\\\/company\\\/vtorino\\\/\"]}]}<\/script>\n<meta property=\"product:brand\" content=\"Specific\" \/>\n<meta property=\"og:availability\" content=\"instock\" \/>\n<meta property=\"product:availability\" content=\"instock\" \/>\n<meta property=\"product:condition\" content=\"new\" \/>\n<!-- \/ Yoast SEO plugin. -->","yoast_head_json":{"title":"COD Skin Function Support \u2013 chien Specific - V\u00e9torino","description":"Aliment di\u00e9t\u00e9tique complet pour chien adulte et senior permettant de soutenir la fonction dermique en cas de dermatoses et de d\u00e9pilation.   Utilisation :   Convalescence.  Insuffisance cardiaque (sans insuffisance r\u00e9nale concomitante).  Troubles dermatologiques.  Troubles immunitaires et\/ou inflammatoires.  Cancer.  Alimentation quotidienne du chien adulte en bonne sant\u00e9.  Cet aliment est destin\u00e9 \u00e0 la prise en charge nutritionnelle d\u2019une maladie. Il est recommand\u00e9 de consulter votre v\u00e9t\u00e9rinaire.  Le conditionnement 12kg est compos\u00e9 de 3 sacs de 4kg, pour tout retour le lot devra imp\u00e9rativement \u00eatre ramen\u00e9 en int\u00e9gralit\u00e9, soit les 3 sacs de 4kg.","robots":{"index":"noindex","follow":"nofollow"},"og_locale":"fr_FR","og_type":"article","og_title":"COD Skin Function Support \u2013 chien Specific - V\u00e9torino","og_description":"Aliment di\u00e9t\u00e9tique complet pour chien adulte et senior permettant de soutenir la fonction dermique en cas de dermatoses et de d\u00e9pilation.   Utilisation :   Convalescence.  Insuffisance cardiaque (sans insuffisance r\u00e9nale concomitante).  Troubles dermatologiques.  Troubles immunitaires et\/ou inflammatoires.  Cancer.  Alimentation quotidienne du chien adulte en bonne sant\u00e9.  Cet aliment est destin\u00e9 \u00e0 la prise en charge nutritionnelle d\u2019une maladie. Il est recommand\u00e9 de consulter votre v\u00e9t\u00e9rinaire.  Le conditionnement 12kg est compos\u00e9 de 3 sacs de 4kg, pour tout retour le lot devra imp\u00e9rativement \u00eatre ramen\u00e9 en int\u00e9gralit\u00e9, soit les 3 sacs de 4kg.","og_url":"https:\/\/www.vetorino.com\/veterinaire\/prunelli-di-fiumorbo-20243\/boutique\/product\/specific-chien-cod-skin-fonction\/","og_site_name":"V\u00e9torino","article_publisher":"https:\/\/www.facebook.com\/Vetorino\/","article_modified_time":"2025-09-02T08:17:17+00:00","og_image":[{"width":555,"height":555,"url":"https:\/\/www.vetorino.com\/boutique\/wp-content\/uploads\/2020\/03\/specific-cod-skin-function-support.png","type":"image\/png"}],"twitter_card":"summary_large_image","twitter_misc":{"Disponibilit\u00e9":"En stock"},"schema":{"@context":"https:\/\/schema.org","@graph":[{"@type":"WebPage","@id":"https:\/\/www.vetorino.com\/boutique\/product\/specific-chien-cod-skin-fonction\/","url":"https:\/\/www.vetorino.com\/boutique\/product\/specific-chien-cod-skin-fonction\/","name":"COD Skin Function Support \u2013 chien Specific - V\u00e9torino","isPartOf":{"@id":"https:\/\/www.vetorino.com\/boutique\/#website"},"primaryImageOfPage":{"@id":"https:\/\/www.vetorino.com\/boutique\/product\/specific-chien-cod-skin-fonction\/#primaryimage"},"image":{"@id":"https:\/\/www.vetorino.com\/boutique\/product\/specific-chien-cod-skin-fonction\/#primaryimage"},"thumbnailUrl":"https:\/\/www.vetorino.com\/boutique\/wp-content\/uploads\/2020\/03\/specific-cod-skin-function-support.png","datePublished":"2020-03-04T20:50:54+00:00","dateModified":"2025-09-02T08:17:17+00:00","description":"Aliment di\u00e9t\u00e9tique complet pour chien adulte et senior permettant de soutenir la fonction dermique en cas de dermatoses et de d\u00e9pilation. Utilisation : Convalescence. Insuffisance cardiaque (sans insuffisance r\u00e9nale concomitante). Troubles dermatologiques. Troubles immunitaires et\/ou inflammatoires. Cancer. Alimentation quotidienne du chien adulte en bonne sant\u00e9. Cet aliment est destin\u00e9 \u00e0 la prise en charge nutritionnelle d\u2019une maladie. Il est recommand\u00e9 de consulter votre v\u00e9t\u00e9rinaire. Le conditionnement 12kg est compos\u00e9 de 3 sacs de 4kg, pour tout retour le lot devra imp\u00e9rativement \u00eatre ramen\u00e9 en int\u00e9gralit\u00e9, soit les 3 sacs de 4kg.","breadcrumb":{"@id":"https:\/\/www.vetorino.com\/boutique\/product\/specific-chien-cod-skin-fonction\/#breadcrumb"},"inLanguage":"fr-FR","potentialAction":[{"@type":"ReadAction","target":["https:\/\/www.vetorino.com\/boutique\/product\/specific-chien-cod-skin-fonction\/"]}]},{"@type":"ImageObject","inLanguage":"fr-FR","@id":"https:\/\/www.vetorino.com\/boutique\/product\/specific-chien-cod-skin-fonction\/#primaryimage","url":"https:\/\/www.vetorino.com\/boutique\/wp-content\/uploads\/2020\/03\/specific-cod-skin-function-support.png","contentUrl":"https:\/\/www.vetorino.com\/boutique\/wp-content\/uploads\/2020\/03\/specific-cod-skin-function-support.png","width":555,"height":555},{"@type":"BreadcrumbList","@id":"https:\/\/www.vetorino.com\/boutique\/product\/specific-chien-cod-skin-fonction\/#breadcrumb","itemListElement":[{"@type":"ListItem","position":1,"name":"Accueil","item":"https:\/\/www.vetorino.com\/boutique\/"},{"@type":"ListItem","position":2,"name":"Produits","item":"https:\/\/www.vetorino.com\/boutique\/"},{"@type":"ListItem","position":3,"name":"COD Skin Function Support \u2013 chien"}]},{"@type":"WebSite","@id":"https:\/\/www.vetorino.com\/boutique\/#website","url":"https:\/\/www.vetorino.com\/boutique\/","name":"V\u00e9torino","description":"","publisher":{"@id":"https:\/\/www.vetorino.com\/boutique\/#organization"},"potentialAction":[{"@type":"SearchAction","target":{"@type":"EntryPoint","urlTemplate":"https:\/\/www.vetorino.com\/boutique\/?s={search_term_string}"},"query-input":{"@type":"PropertyValueSpecification","valueRequired":true,"valueName":"search_term_string"}}],"inLanguage":"fr-FR"},{"@type":"Organization","@id":"https:\/\/www.vetorino.com\/boutique\/#organization","name":"V\u00e9torino","url":"https:\/\/www.vetorino.com\/boutique\/","logo":{"@type":"ImageObject","inLanguage":"fr-FR","@id":"https:\/\/www.vetorino.com\/boutique\/#\/schema\/logo\/image\/","url":"https:\/\/www.vetorino.com\/boutique\/wp-content\/uploads\/2024\/10\/logo.jpg","contentUrl":"https:\/\/www.vetorino.com\/boutique\/wp-content\/uploads\/2024\/10\/logo.jpg","width":1200,"height":610,"caption":"V\u00e9torino"},"image":{"@id":"https:\/\/www.vetorino.com\/boutique\/#\/schema\/logo\/image\/"},"sameAs":["https:\/\/www.facebook.com\/Vetorino\/","https:\/\/www.instagram.com\/vetorino_off\/","https:\/\/www.linkedin.com\/company\/vtorino\/"]}]},"product_brand":"Specific","og_availability":"instock","product_availability":"instock","product_condition":"new"},"_links":{"self":[{"href":"https:\/\/www.vetorino.com\/veterinaire\/prunelli-di-fiumorbo-20243\/boutique\/wp-json\/wp\/v2\/product\/32834","targetHints":{"allow":["GET"]}}],"collection":[{"href":"https:\/\/www.vetorino.com\/veterinaire\/prunelli-di-fiumorbo-20243\/boutique\/wp-json\/wp\/v2\/product"}],"about":[{"href":"https:\/\/www.vetorino.com\/veterinaire\/prunelli-di-fiumorbo-20243\/boutique\/wp-json\/wp\/v2\/types\/product"}],"wp:featuredmedia":[{"embeddable":true,"href":"https:\/\/www.vetorino.com\/veterinaire\/prunelli-di-fiumorbo-20243\/boutique\/wp-json\/wp\/v2\/media\/1249531"}],"wp:attachment":[{"href":"https:\/\/www.vetorino.com\/veterinaire\/prunelli-di-fiumorbo-20243\/boutique\/wp-json\/wp\/v2\/media?parent=32834"}],"wp:term":[{"taxonomy":"product_cat","embeddable":true,"href":"https:\/\/www.vetorino.com\/veterinaire\/prunelli-di-fiumorbo-20243\/boutique\/wp-json\/wp\/v2\/product_cat?post=32834"},{"taxonomy":"product_tag","embeddable":true,"href":"https:\/\/www.vetorino.com\/veterinaire\/prunelli-di-fiumorbo-20243\/boutique\/wp-json\/wp\/v2\/product_tag?post=32834"}],"curies":[{"name":"wp","href":"https:\/\/api.w.org\/{rel}","templated":true}]}}