{"id":33800,"date":"2020-03-04T21:58:46","date_gmt":"2020-03-04T20:58:46","guid":{"rendered":"https:\/\/www.vetorino.com\/boutique\/product\/litiere-chat-oko-plus\/"},"modified":"2025-06-05T14:29:37","modified_gmt":"2025-06-05T12:29:37","slug":"litiere-chat-oko-plus","status":"publish","type":"product","link":"https:\/\/www.vetorino.com\/veterinaire\/prunelli-di-fiumorbo-20243\/boutique\/product\/litiere-chat-oko-plus\/","title":{"rendered":"Cat\u2019s Best \u2013 Liti\u00e8re Compostable"},"content":{"rendered":"<p><strong>Liti\u00e8re agglom\u00e9rante pour chat 100 % pures fibres v\u00e9g\u00e9tales.<\/strong><\/p>\n<p>Cat\u2019s Best Original est une<strong> liti\u00e8re agglom\u00e9rante<\/strong> qui utilise la force des fibres de bois actives trait\u00e9es <strong>pour absorber efficacement les liquides et les odeurs<\/strong> et les encapsuler en profondeur \u00e0 l\u2019int\u00e9rieur.<\/p>\n<p>Capacit\u00e9 d\u2019absorption allant jusqu&#8217;\u00e0<strong> 7 fois leur poids.<\/strong><\/p>\n<p><strong>Bienfaits :<\/strong><\/p>\n<ul>\n<li>Fait exclusivement \u00e0 partir de bois de scieries certifi\u00e9es PEFC.<\/li>\n<li>100 % naturel et sans additifs chimiques.<\/li>\n<li>Enti\u00e8rement biod\u00e9gradable, les boules agglom\u00e9r\u00e9es peuvent se jeter aux toilettes par petites quantit\u00e9s.<\/li>\n<li>Souple et l\u00e9g\u00e8re pour les pattes du chat, d&#8217;une odeur naturellement agr\u00e9able et d\u00e9sodorisante.<\/li>\n<\/ul>\n","protected":false},"excerpt":{"rendered":"<p><strong>Liti\u00e8re agglom\u00e9rante pour chat 100 % pures fibres v\u00e9g\u00e9tales.<br \/>\n<\/strong><br \/>\nCat\u2019s Best Original est une<strong> liti\u00e8re agglom\u00e9rante<\/strong> qui utilise la force des fibres de bois actives trait\u00e9es <strong>pour absorber efficacement les liquides et les odeurs<\/strong> et les encapsuler en profondeur \u00e0 l\u2019int\u00e9rieur.<\/p>\n<p>Capacit\u00e9 d\u2019absorption allant jusqu&#8217;\u00e0<strong> 7 fois leur poids.<\/strong><\/p>\n","protected":false},"featured_media":1360153,"template":"","meta":[],"product_cat":[2697,12628],"product_tag":[],"class_list":{"0":"post-33800","1":"product","2":"type-product","3":"status-publish","4":"has-post-thumbnail","6":"product_cat-chat","7":"product_cat-litieres-du-chat","8":"pa_marque-materiel","10":"first","11":"instock","12":"taxable","13":"shipping-taxable","14":"purchasable","15":"product-type-variable"},"yoast_head":"<!-- This site is optimized with the Yoast SEO plugin v27.3 - https:\/\/yoast.com\/product\/yoast-seo-wordpress\/ -->\n<title>Cat\u2019s Best \u2013 Liti\u00e8re Compostable Mat\u00e9riel - V\u00e9torino<\/title>\n<meta name=\"description\" content=\"Liti\u00e8re agglom\u00e9rante pour chat 100 % pures fibres v\u00e9g\u00e9tales.  Cat\u2019s Best Original est une liti\u00e8re agglom\u00e9rante qui utilise la force des fibres de bois actives trait\u00e9es pour absorber efficacement les liquides et les odeurs et les encapsuler en profondeur \u00e0 l\u2019int\u00e9rieur.  Capacit\u00e9 d\u2019absorption allant jusqu&#039;\u00e0 7 fois leur poids.\" \/>\n<meta name=\"robots\" content=\"noindex, nofollow\" \/>\n<meta property=\"og:locale\" content=\"fr_FR\" \/>\n<meta property=\"og:type\" content=\"article\" \/>\n<meta property=\"og:title\" content=\"Cat\u2019s Best \u2013 Liti\u00e8re Compostable Mat\u00e9riel - V\u00e9torino\" \/>\n<meta property=\"og:description\" content=\"Liti\u00e8re agglom\u00e9rante pour chat 100 % pures fibres v\u00e9g\u00e9tales.  Cat\u2019s Best Original est une liti\u00e8re agglom\u00e9rante qui utilise la force des fibres de bois actives trait\u00e9es pour absorber efficacement les liquides et les odeurs et les encapsuler en profondeur \u00e0 l\u2019int\u00e9rieur.  Capacit\u00e9 d\u2019absorption allant jusqu&#039;\u00e0 7 fois leur poids.\" \/>\n<meta property=\"og:url\" content=\"https:\/\/www.vetorino.com\/veterinaire\/prunelli-di-fiumorbo-20243\/boutique\/product\/litiere-chat-oko-plus\/\" \/>\n<meta property=\"og:site_name\" content=\"V\u00e9torino\" \/>\n<meta property=\"article:publisher\" content=\"https:\/\/www.facebook.com\/Vetorino\/\" \/>\n<meta property=\"article:modified_time\" content=\"2025-06-05T12:29:37+00:00\" \/>\n<meta property=\"og:image\" content=\"https:\/\/www.vetorino.com\/boutique\/wp-content\/uploads\/2020\/03\/litiere-compostable-cat-s-best-original.webp\" \/>\n\t<meta property=\"og:image:width\" content=\"800\" \/>\n\t<meta property=\"og:image:height\" content=\"800\" \/>\n\t<meta property=\"og:image:type\" content=\"image\/webp\" \/>\n<meta name=\"twitter:card\" content=\"summary_large_image\" \/>\n<meta name=\"twitter:label1\" content=\"Disponibilit\u00e9\" \/>\n\t<meta name=\"twitter:data1\" content=\"En stock\" \/>\n<script type=\"application\/ld+json\" class=\"yoast-schema-graph\">{\"@context\":\"https:\\\/\\\/schema.org\",\"@graph\":[{\"@type\":\"WebPage\",\"@id\":\"https:\\\/\\\/www.vetorino.com\\\/boutique\\\/product\\\/litiere-chat-oko-plus\\\/\",\"url\":\"https:\\\/\\\/www.vetorino.com\\\/boutique\\\/product\\\/litiere-chat-oko-plus\\\/\",\"name\":\"Cat\u2019s Best \u2013 Liti\u00e8re Compostable Mat\u00e9riel - V\u00e9torino\",\"isPartOf\":{\"@id\":\"https:\\\/\\\/www.vetorino.com\\\/boutique\\\/#website\"},\"primaryImageOfPage\":{\"@id\":\"https:\\\/\\\/www.vetorino.com\\\/boutique\\\/product\\\/litiere-chat-oko-plus\\\/#primaryimage\"},\"image\":{\"@id\":\"https:\\\/\\\/www.vetorino.com\\\/boutique\\\/product\\\/litiere-chat-oko-plus\\\/#primaryimage\"},\"thumbnailUrl\":\"https:\\\/\\\/www.vetorino.com\\\/boutique\\\/wp-content\\\/uploads\\\/2020\\\/03\\\/litiere-compostable-cat-s-best-original.webp\",\"datePublished\":\"2020-03-04T20:58:46+00:00\",\"dateModified\":\"2025-06-05T12:29:37+00:00\",\"description\":\"Liti\u00e8re agglom\u00e9rante pour chat 100 % pures fibres v\u00e9g\u00e9tales. Cat\u2019s Best Original est une liti\u00e8re agglom\u00e9rante qui utilise la force des fibres de bois actives trait\u00e9es pour absorber efficacement les liquides et les odeurs et les encapsuler en profondeur \u00e0 l\u2019int\u00e9rieur. Capacit\u00e9 d\u2019absorption allant jusqu'\u00e0 7 fois leur poids.\",\"breadcrumb\":{\"@id\":\"https:\\\/\\\/www.vetorino.com\\\/boutique\\\/product\\\/litiere-chat-oko-plus\\\/#breadcrumb\"},\"inLanguage\":\"fr-FR\",\"potentialAction\":[{\"@type\":\"ReadAction\",\"target\":[\"https:\\\/\\\/www.vetorino.com\\\/boutique\\\/product\\\/litiere-chat-oko-plus\\\/\"]}]},{\"@type\":\"ImageObject\",\"inLanguage\":\"fr-FR\",\"@id\":\"https:\\\/\\\/www.vetorino.com\\\/boutique\\\/product\\\/litiere-chat-oko-plus\\\/#primaryimage\",\"url\":\"https:\\\/\\\/www.vetorino.com\\\/boutique\\\/wp-content\\\/uploads\\\/2020\\\/03\\\/litiere-compostable-cat-s-best-original.webp\",\"contentUrl\":\"https:\\\/\\\/www.vetorino.com\\\/boutique\\\/wp-content\\\/uploads\\\/2020\\\/03\\\/litiere-compostable-cat-s-best-original.webp\",\"width\":800,\"height\":800},{\"@type\":\"BreadcrumbList\",\"@id\":\"https:\\\/\\\/www.vetorino.com\\\/boutique\\\/product\\\/litiere-chat-oko-plus\\\/#breadcrumb\",\"itemListElement\":[{\"@type\":\"ListItem\",\"position\":1,\"name\":\"Accueil\",\"item\":\"https:\\\/\\\/www.vetorino.com\\\/boutique\\\/\"},{\"@type\":\"ListItem\",\"position\":2,\"name\":\"Produits\",\"item\":\"https:\\\/\\\/www.vetorino.com\\\/boutique\\\/\"},{\"@type\":\"ListItem\",\"position\":3,\"name\":\"Cat\u2019s Best \u2013 Liti\u00e8re Compostable\"}]},{\"@type\":\"WebSite\",\"@id\":\"https:\\\/\\\/www.vetorino.com\\\/boutique\\\/#website\",\"url\":\"https:\\\/\\\/www.vetorino.com\\\/boutique\\\/\",\"name\":\"V\u00e9torino\",\"description\":\"\",\"publisher\":{\"@id\":\"https:\\\/\\\/www.vetorino.com\\\/boutique\\\/#organization\"},\"potentialAction\":[{\"@type\":\"SearchAction\",\"target\":{\"@type\":\"EntryPoint\",\"urlTemplate\":\"https:\\\/\\\/www.vetorino.com\\\/boutique\\\/?s={search_term_string}\"},\"query-input\":{\"@type\":\"PropertyValueSpecification\",\"valueRequired\":true,\"valueName\":\"search_term_string\"}}],\"inLanguage\":\"fr-FR\"},{\"@type\":\"Organization\",\"@id\":\"https:\\\/\\\/www.vetorino.com\\\/boutique\\\/#organization\",\"name\":\"V\u00e9torino\",\"url\":\"https:\\\/\\\/www.vetorino.com\\\/boutique\\\/\",\"logo\":{\"@type\":\"ImageObject\",\"inLanguage\":\"fr-FR\",\"@id\":\"https:\\\/\\\/www.vetorino.com\\\/boutique\\\/#\\\/schema\\\/logo\\\/image\\\/\",\"url\":\"https:\\\/\\\/www.vetorino.com\\\/boutique\\\/wp-content\\\/uploads\\\/2024\\\/10\\\/logo.jpg\",\"contentUrl\":\"https:\\\/\\\/www.vetorino.com\\\/boutique\\\/wp-content\\\/uploads\\\/2024\\\/10\\\/logo.jpg\",\"width\":1200,\"height\":610,\"caption\":\"V\u00e9torino\"},\"image\":{\"@id\":\"https:\\\/\\\/www.vetorino.com\\\/boutique\\\/#\\\/schema\\\/logo\\\/image\\\/\"},\"sameAs\":[\"https:\\\/\\\/www.facebook.com\\\/Vetorino\\\/\",\"https:\\\/\\\/www.instagram.com\\\/vetorino_off\\\/\",\"https:\\\/\\\/www.linkedin.com\\\/company\\\/vtorino\\\/\"]}]}<\/script>\n<meta property=\"product:brand\" content=\"Mat\u00e9riel\" \/>\n<meta property=\"og:availability\" content=\"instock\" \/>\n<meta property=\"product:availability\" content=\"instock\" \/>\n<meta property=\"product:condition\" content=\"new\" \/>\n<!-- \/ Yoast SEO plugin. -->","yoast_head_json":{"title":"Cat\u2019s Best \u2013 Liti\u00e8re Compostable Mat\u00e9riel - V\u00e9torino","description":"Liti\u00e8re agglom\u00e9rante pour chat 100 % pures fibres v\u00e9g\u00e9tales.  Cat\u2019s Best Original est une liti\u00e8re agglom\u00e9rante qui utilise la force des fibres de bois actives trait\u00e9es pour absorber efficacement les liquides et les odeurs et les encapsuler en profondeur \u00e0 l\u2019int\u00e9rieur.  Capacit\u00e9 d\u2019absorption allant jusqu'\u00e0 7 fois leur poids.","robots":{"index":"noindex","follow":"nofollow"},"og_locale":"fr_FR","og_type":"article","og_title":"Cat\u2019s Best \u2013 Liti\u00e8re Compostable Mat\u00e9riel - V\u00e9torino","og_description":"Liti\u00e8re agglom\u00e9rante pour chat 100 % pures fibres v\u00e9g\u00e9tales.  Cat\u2019s Best Original est une liti\u00e8re agglom\u00e9rante qui utilise la force des fibres de bois actives trait\u00e9es pour absorber efficacement les liquides et les odeurs et les encapsuler en profondeur \u00e0 l\u2019int\u00e9rieur.  Capacit\u00e9 d\u2019absorption allant jusqu'\u00e0 7 fois leur poids.","og_url":"https:\/\/www.vetorino.com\/veterinaire\/prunelli-di-fiumorbo-20243\/boutique\/product\/litiere-chat-oko-plus\/","og_site_name":"V\u00e9torino","article_publisher":"https:\/\/www.facebook.com\/Vetorino\/","article_modified_time":"2025-06-05T12:29:37+00:00","og_image":[{"width":800,"height":800,"url":"https:\/\/www.vetorino.com\/boutique\/wp-content\/uploads\/2020\/03\/litiere-compostable-cat-s-best-original.webp","type":"image\/webp"}],"twitter_card":"summary_large_image","twitter_misc":{"Disponibilit\u00e9":"En stock"},"schema":{"@context":"https:\/\/schema.org","@graph":[{"@type":"WebPage","@id":"https:\/\/www.vetorino.com\/boutique\/product\/litiere-chat-oko-plus\/","url":"https:\/\/www.vetorino.com\/boutique\/product\/litiere-chat-oko-plus\/","name":"Cat\u2019s Best \u2013 Liti\u00e8re Compostable Mat\u00e9riel - V\u00e9torino","isPartOf":{"@id":"https:\/\/www.vetorino.com\/boutique\/#website"},"primaryImageOfPage":{"@id":"https:\/\/www.vetorino.com\/boutique\/product\/litiere-chat-oko-plus\/#primaryimage"},"image":{"@id":"https:\/\/www.vetorino.com\/boutique\/product\/litiere-chat-oko-plus\/#primaryimage"},"thumbnailUrl":"https:\/\/www.vetorino.com\/boutique\/wp-content\/uploads\/2020\/03\/litiere-compostable-cat-s-best-original.webp","datePublished":"2020-03-04T20:58:46+00:00","dateModified":"2025-06-05T12:29:37+00:00","description":"Liti\u00e8re agglom\u00e9rante pour chat 100 % pures fibres v\u00e9g\u00e9tales. Cat\u2019s Best Original est une liti\u00e8re agglom\u00e9rante qui utilise la force des fibres de bois actives trait\u00e9es pour absorber efficacement les liquides et les odeurs et les encapsuler en profondeur \u00e0 l\u2019int\u00e9rieur. Capacit\u00e9 d\u2019absorption allant jusqu'\u00e0 7 fois leur poids.","breadcrumb":{"@id":"https:\/\/www.vetorino.com\/boutique\/product\/litiere-chat-oko-plus\/#breadcrumb"},"inLanguage":"fr-FR","potentialAction":[{"@type":"ReadAction","target":["https:\/\/www.vetorino.com\/boutique\/product\/litiere-chat-oko-plus\/"]}]},{"@type":"ImageObject","inLanguage":"fr-FR","@id":"https:\/\/www.vetorino.com\/boutique\/product\/litiere-chat-oko-plus\/#primaryimage","url":"https:\/\/www.vetorino.com\/boutique\/wp-content\/uploads\/2020\/03\/litiere-compostable-cat-s-best-original.webp","contentUrl":"https:\/\/www.vetorino.com\/boutique\/wp-content\/uploads\/2020\/03\/litiere-compostable-cat-s-best-original.webp","width":800,"height":800},{"@type":"BreadcrumbList","@id":"https:\/\/www.vetorino.com\/boutique\/product\/litiere-chat-oko-plus\/#breadcrumb","itemListElement":[{"@type":"ListItem","position":1,"name":"Accueil","item":"https:\/\/www.vetorino.com\/boutique\/"},{"@type":"ListItem","position":2,"name":"Produits","item":"https:\/\/www.vetorino.com\/boutique\/"},{"@type":"ListItem","position":3,"name":"Cat\u2019s Best \u2013 Liti\u00e8re Compostable"}]},{"@type":"WebSite","@id":"https:\/\/www.vetorino.com\/boutique\/#website","url":"https:\/\/www.vetorino.com\/boutique\/","name":"V\u00e9torino","description":"","publisher":{"@id":"https:\/\/www.vetorino.com\/boutique\/#organization"},"potentialAction":[{"@type":"SearchAction","target":{"@type":"EntryPoint","urlTemplate":"https:\/\/www.vetorino.com\/boutique\/?s={search_term_string}"},"query-input":{"@type":"PropertyValueSpecification","valueRequired":true,"valueName":"search_term_string"}}],"inLanguage":"fr-FR"},{"@type":"Organization","@id":"https:\/\/www.vetorino.com\/boutique\/#organization","name":"V\u00e9torino","url":"https:\/\/www.vetorino.com\/boutique\/","logo":{"@type":"ImageObject","inLanguage":"fr-FR","@id":"https:\/\/www.vetorino.com\/boutique\/#\/schema\/logo\/image\/","url":"https:\/\/www.vetorino.com\/boutique\/wp-content\/uploads\/2024\/10\/logo.jpg","contentUrl":"https:\/\/www.vetorino.com\/boutique\/wp-content\/uploads\/2024\/10\/logo.jpg","width":1200,"height":610,"caption":"V\u00e9torino"},"image":{"@id":"https:\/\/www.vetorino.com\/boutique\/#\/schema\/logo\/image\/"},"sameAs":["https:\/\/www.facebook.com\/Vetorino\/","https:\/\/www.instagram.com\/vetorino_off\/","https:\/\/www.linkedin.com\/company\/vtorino\/"]}]},"product_brand":"Mat\u00e9riel","og_availability":"instock","product_availability":"instock","product_condition":"new"},"_links":{"self":[{"href":"https:\/\/www.vetorino.com\/veterinaire\/prunelli-di-fiumorbo-20243\/boutique\/wp-json\/wp\/v2\/product\/33800","targetHints":{"allow":["GET"]}}],"collection":[{"href":"https:\/\/www.vetorino.com\/veterinaire\/prunelli-di-fiumorbo-20243\/boutique\/wp-json\/wp\/v2\/product"}],"about":[{"href":"https:\/\/www.vetorino.com\/veterinaire\/prunelli-di-fiumorbo-20243\/boutique\/wp-json\/wp\/v2\/types\/product"}],"wp:featuredmedia":[{"embeddable":true,"href":"https:\/\/www.vetorino.com\/veterinaire\/prunelli-di-fiumorbo-20243\/boutique\/wp-json\/wp\/v2\/media\/1360153"}],"wp:attachment":[{"href":"https:\/\/www.vetorino.com\/veterinaire\/prunelli-di-fiumorbo-20243\/boutique\/wp-json\/wp\/v2\/media?parent=33800"}],"wp:term":[{"taxonomy":"product_cat","embeddable":true,"href":"https:\/\/www.vetorino.com\/veterinaire\/prunelli-di-fiumorbo-20243\/boutique\/wp-json\/wp\/v2\/product_cat?post=33800"},{"taxonomy":"product_tag","embeddable":true,"href":"https:\/\/www.vetorino.com\/veterinaire\/prunelli-di-fiumorbo-20243\/boutique\/wp-json\/wp\/v2\/product_tag?post=33800"}],"curies":[{"name":"wp","href":"https:\/\/api.w.org\/{rel}","templated":true}]}}