{"id":341822,"date":"2022-07-06T11:53:31","date_gmt":"2022-07-06T09:53:31","guid":{"rendered":"https:\/\/www.vetorino.com\/boutique\/product\/ppvd-canine-dm\/"},"modified":"2025-10-29T12:01:46","modified_gmt":"2025-10-29T11:01:46","slug":"ppvd-canine-dm","status":"publish","type":"product","link":"https:\/\/www.vetorino.com\/veterinaire\/prunelli-di-fiumorbo-20243\/boutique\/product\/ppvd-canine-dm\/","title":{"rendered":"Canine DM Diabete&#8217;s Management"},"content":{"rendered":"<p><strong>Canine DM DIABETES MANAGEMENT est un aliment\u00a0v\u00e9t\u00e9rinaire complet pour aider \u00e0\u00a0g\u00e9rer le\u00a0diab\u00e8te sucr\u00e9\u00a0chez le chien. Il est sp\u00e9cialement formul\u00e9 pour la gestion nutritionnelle du diab\u00e8te canin, en aidant \u00e0 r\u00e9guler le taux de glucose (sucre)\u00a0dans le sang.<\/strong><\/p>\n<p><strong>Utilisation :<\/strong><\/p>\n<ul>\n<li>Chien diab\u00e8tique de tout \u00e2ge<\/li>\n<\/ul>\n<p><strong>Bienfaits essentiels :<\/strong><\/p>\n<ul>\n<li><strong>Contr\u00f4le du glucose :\u00a0<\/strong>Formul\u00e9 pour aider \u00e0 contr\u00f4ler le taux de glucose dans le sang pour une gestion nutritionnelle du diab\u00e8te sucr\u00e9.<\/li>\n<li><strong>Faible taux de glucides :\u00a0<\/strong>Teneur r\u00e9duite en glucides pour aider \u00e0 limiter l&#8217;hyperglyc\u00e9mie post-prandiale.<\/li>\n<li><strong>Inhibiteur de l\u2019amylase :\u00a0<\/strong>Il contient de l\u2019extrait de haricot blanc qui contribue \u00e0 r\u00e9duire les concentrations de sucre dans le sang.<\/li>\n<\/ul>\n","protected":false},"excerpt":{"rendered":"<p><strong>Aliment\u00a0v\u00e9t\u00e9rinaire complet pour aider \u00e0\u00a0g\u00e9rer le\u00a0diab\u00e8te sucr\u00e9\u00a0chez le chien. Sp\u00e9cialement formul\u00e9 pour la gestion nutritionnelle du diab\u00e8te canin. Aide \u00e0 r\u00e9guler le taux de glucose (sucre)\u00a0dans le sang.<\/strong><\/p>\n<p><strong>Utilisation :<\/strong><\/p>\n<ul>\n<li>Chien diab\u00e8tique de tout \u00e2ge<\/li>\n<\/ul>\n","protected":false},"featured_media":653030,"template":"","meta":[],"product_cat":[12552,12582,2698],"product_tag":[],"class_list":{"0":"post-341822","1":"product","2":"type-product","3":"status-publish","4":"has-post-thumbnail","6":"product_cat-alimentation-du-chien","7":"product_cat-alimentation-medicalisee-pour-chien","8":"product_cat-chien","9":"pa_marque-purina","11":"first","12":"instock","13":"taxable","14":"shipping-taxable","15":"purchasable","16":"product-type-variable"},"yoast_head":"<!-- This site is optimized with the Yoast SEO plugin v27.3 - https:\/\/yoast.com\/product\/yoast-seo-wordpress\/ -->\n<title>Veterinary Diets (Purina Proplan) Canine DM Diabete&#039;s Management Purina Pro Plan - V\u00e9torino<\/title>\n<meta name=\"description\" content=\"Aliment\u00a0v\u00e9t\u00e9rinaire complet pour aider \u00e0\u00a0g\u00e9rer le\u00a0diab\u00e8te sucr\u00e9\u00a0chez le chien. Sp\u00e9cialement formul\u00e9 pour la gestion nutritionnelle du diab\u00e8te canin. Aide \u00e0 r\u00e9guler le taux de glucose (sucre)\u00a0dans le sang.  Utilisation :   Chien diab\u00e8tique de tout \u00e2ge\" \/>\n<meta name=\"robots\" content=\"noindex, nofollow\" \/>\n<meta property=\"og:locale\" content=\"fr_FR\" \/>\n<meta property=\"og:type\" content=\"article\" \/>\n<meta property=\"og:title\" content=\"Veterinary Diets (Purina Proplan) Canine DM Diabete&#039;s Management Purina Pro Plan - V\u00e9torino\" \/>\n<meta property=\"og:description\" content=\"Aliment\u00a0v\u00e9t\u00e9rinaire complet pour aider \u00e0\u00a0g\u00e9rer le\u00a0diab\u00e8te sucr\u00e9\u00a0chez le chien. Sp\u00e9cialement formul\u00e9 pour la gestion nutritionnelle du diab\u00e8te canin. Aide \u00e0 r\u00e9guler le taux de glucose (sucre)\u00a0dans le sang.  Utilisation :   Chien diab\u00e8tique de tout \u00e2ge\" \/>\n<meta property=\"og:url\" content=\"https:\/\/www.vetorino.com\/veterinaire\/prunelli-di-fiumorbo-20243\/boutique\/product\/ppvd-canine-dm\/\" \/>\n<meta property=\"og:site_name\" content=\"V\u00e9torino\" \/>\n<meta property=\"article:publisher\" content=\"https:\/\/www.facebook.com\/Vetorino\/\" \/>\n<meta property=\"article:modified_time\" content=\"2025-10-29T11:01:46+00:00\" \/>\n<meta property=\"og:image\" content=\"https:\/\/www.vetorino.com\/boutique\/wp-content\/uploads\/2022\/07\/07613034995193_C1N1_44105416.jpg\" \/>\n\t<meta property=\"og:image:width\" content=\"2500\" \/>\n\t<meta property=\"og:image:height\" content=\"2500\" \/>\n\t<meta property=\"og:image:type\" content=\"image\/jpeg\" \/>\n<meta name=\"twitter:card\" content=\"summary_large_image\" \/>\n<meta name=\"twitter:label1\" content=\"Disponibilit\u00e9\" \/>\n\t<meta name=\"twitter:data1\" content=\"En stock\" \/>\n<script type=\"application\/ld+json\" class=\"yoast-schema-graph\">{\"@context\":\"https:\\\/\\\/schema.org\",\"@graph\":[{\"@type\":\"WebPage\",\"@id\":\"https:\\\/\\\/www.vetorino.com\\\/veterinaire\\\/briancon-05100\\\/boutique\\\/product\\\/ppvd-canine-dm\\\/\",\"url\":\"https:\\\/\\\/www.vetorino.com\\\/veterinaire\\\/briancon-05100\\\/boutique\\\/product\\\/ppvd-canine-dm\\\/\",\"name\":\"Veterinary Diets (Purina Proplan) Canine DM Diabete's Management Purina Pro Plan - V\u00e9torino\",\"isPartOf\":{\"@id\":\"https:\\\/\\\/www.vetorino.com\\\/boutique\\\/#website\"},\"primaryImageOfPage\":{\"@id\":\"https:\\\/\\\/www.vetorino.com\\\/veterinaire\\\/briancon-05100\\\/boutique\\\/product\\\/ppvd-canine-dm\\\/#primaryimage\"},\"image\":{\"@id\":\"https:\\\/\\\/www.vetorino.com\\\/veterinaire\\\/briancon-05100\\\/boutique\\\/product\\\/ppvd-canine-dm\\\/#primaryimage\"},\"thumbnailUrl\":\"https:\\\/\\\/www.vetorino.com\\\/boutique\\\/wp-content\\\/uploads\\\/2022\\\/07\\\/07613034995193_C1N1_44105416.jpg\",\"datePublished\":\"2022-07-06T09:53:31+00:00\",\"dateModified\":\"2025-10-29T11:01:46+00:00\",\"description\":\"Aliment\u00a0v\u00e9t\u00e9rinaire complet pour aider \u00e0\u00a0g\u00e9rer le\u00a0diab\u00e8te sucr\u00e9\u00a0chez le chien. Sp\u00e9cialement formul\u00e9 pour la gestion nutritionnelle du diab\u00e8te canin. Aide \u00e0 r\u00e9guler le taux de glucose (sucre)\u00a0dans le sang. Utilisation : Chien diab\u00e8tique de tout \u00e2ge\",\"breadcrumb\":{\"@id\":\"https:\\\/\\\/www.vetorino.com\\\/veterinaire\\\/briancon-05100\\\/boutique\\\/product\\\/ppvd-canine-dm\\\/#breadcrumb\"},\"inLanguage\":\"fr-FR\",\"potentialAction\":[{\"@type\":\"ReadAction\",\"target\":[\"https:\\\/\\\/www.vetorino.com\\\/veterinaire\\\/briancon-05100\\\/boutique\\\/product\\\/ppvd-canine-dm\\\/\"]}]},{\"@type\":\"ImageObject\",\"inLanguage\":\"fr-FR\",\"@id\":\"https:\\\/\\\/www.vetorino.com\\\/veterinaire\\\/briancon-05100\\\/boutique\\\/product\\\/ppvd-canine-dm\\\/#primaryimage\",\"url\":\"https:\\\/\\\/www.vetorino.com\\\/boutique\\\/wp-content\\\/uploads\\\/2022\\\/07\\\/07613034995193_C1N1_44105416.jpg\",\"contentUrl\":\"https:\\\/\\\/www.vetorino.com\\\/boutique\\\/wp-content\\\/uploads\\\/2022\\\/07\\\/07613034995193_C1N1_44105416.jpg\",\"width\":2500,\"height\":2500},{\"@type\":\"BreadcrumbList\",\"@id\":\"https:\\\/\\\/www.vetorino.com\\\/veterinaire\\\/briancon-05100\\\/boutique\\\/product\\\/ppvd-canine-dm\\\/#breadcrumb\",\"itemListElement\":[{\"@type\":\"ListItem\",\"position\":1,\"name\":\"Accueil\",\"item\":\"https:\\\/\\\/www.vetorino.com\\\/boutique\\\/\"},{\"@type\":\"ListItem\",\"position\":2,\"name\":\"Produits\",\"item\":\"https:\\\/\\\/www.vetorino.com\\\/boutique\\\/\"},{\"@type\":\"ListItem\",\"position\":3,\"name\":\"Canine DM Diabete&#8217;s Management\"}]},{\"@type\":\"WebSite\",\"@id\":\"https:\\\/\\\/www.vetorino.com\\\/boutique\\\/#website\",\"url\":\"https:\\\/\\\/www.vetorino.com\\\/boutique\\\/\",\"name\":\"V\u00e9torino\",\"description\":\"\",\"publisher\":{\"@id\":\"https:\\\/\\\/www.vetorino.com\\\/boutique\\\/#organization\"},\"potentialAction\":[{\"@type\":\"SearchAction\",\"target\":{\"@type\":\"EntryPoint\",\"urlTemplate\":\"https:\\\/\\\/www.vetorino.com\\\/boutique\\\/?s={search_term_string}\"},\"query-input\":{\"@type\":\"PropertyValueSpecification\",\"valueRequired\":true,\"valueName\":\"search_term_string\"}}],\"inLanguage\":\"fr-FR\"},{\"@type\":\"Organization\",\"@id\":\"https:\\\/\\\/www.vetorino.com\\\/boutique\\\/#organization\",\"name\":\"V\u00e9torino\",\"url\":\"https:\\\/\\\/www.vetorino.com\\\/boutique\\\/\",\"logo\":{\"@type\":\"ImageObject\",\"inLanguage\":\"fr-FR\",\"@id\":\"https:\\\/\\\/www.vetorino.com\\\/boutique\\\/#\\\/schema\\\/logo\\\/image\\\/\",\"url\":\"https:\\\/\\\/www.vetorino.com\\\/boutique\\\/wp-content\\\/uploads\\\/2024\\\/10\\\/logo.jpg\",\"contentUrl\":\"https:\\\/\\\/www.vetorino.com\\\/boutique\\\/wp-content\\\/uploads\\\/2024\\\/10\\\/logo.jpg\",\"width\":1200,\"height\":610,\"caption\":\"V\u00e9torino\"},\"image\":{\"@id\":\"https:\\\/\\\/www.vetorino.com\\\/boutique\\\/#\\\/schema\\\/logo\\\/image\\\/\"},\"sameAs\":[\"https:\\\/\\\/www.facebook.com\\\/Vetorino\\\/\",\"https:\\\/\\\/www.instagram.com\\\/vetorino_off\\\/\",\"https:\\\/\\\/www.linkedin.com\\\/company\\\/vtorino\\\/\"]}]}<\/script>\n<meta property=\"product:brand\" content=\"Purina Pro Plan\" \/>\n<meta property=\"og:availability\" content=\"instock\" \/>\n<meta property=\"product:availability\" content=\"instock\" \/>\n<meta property=\"product:condition\" content=\"new\" \/>\n<!-- \/ Yoast SEO plugin. -->","yoast_head_json":{"title":"Veterinary Diets (Purina Proplan) Canine DM Diabete's Management Purina Pro Plan - V\u00e9torino","description":"Aliment\u00a0v\u00e9t\u00e9rinaire complet pour aider \u00e0\u00a0g\u00e9rer le\u00a0diab\u00e8te sucr\u00e9\u00a0chez le chien. Sp\u00e9cialement formul\u00e9 pour la gestion nutritionnelle du diab\u00e8te canin. Aide \u00e0 r\u00e9guler le taux de glucose (sucre)\u00a0dans le sang.  Utilisation :   Chien diab\u00e8tique de tout \u00e2ge","robots":{"index":"noindex","follow":"nofollow"},"og_locale":"fr_FR","og_type":"article","og_title":"Veterinary Diets (Purina Proplan) Canine DM Diabete's Management Purina Pro Plan - V\u00e9torino","og_description":"Aliment\u00a0v\u00e9t\u00e9rinaire complet pour aider \u00e0\u00a0g\u00e9rer le\u00a0diab\u00e8te sucr\u00e9\u00a0chez le chien. Sp\u00e9cialement formul\u00e9 pour la gestion nutritionnelle du diab\u00e8te canin. Aide \u00e0 r\u00e9guler le taux de glucose (sucre)\u00a0dans le sang.  Utilisation :   Chien diab\u00e8tique de tout \u00e2ge","og_url":"https:\/\/www.vetorino.com\/veterinaire\/prunelli-di-fiumorbo-20243\/boutique\/product\/ppvd-canine-dm\/","og_site_name":"V\u00e9torino","article_publisher":"https:\/\/www.facebook.com\/Vetorino\/","article_modified_time":"2025-10-29T11:01:46+00:00","og_image":[{"width":2500,"height":2500,"url":"https:\/\/www.vetorino.com\/boutique\/wp-content\/uploads\/2022\/07\/07613034995193_C1N1_44105416.jpg","type":"image\/jpeg"}],"twitter_card":"summary_large_image","twitter_misc":{"Disponibilit\u00e9":"En stock"},"schema":{"@context":"https:\/\/schema.org","@graph":[{"@type":"WebPage","@id":"https:\/\/www.vetorino.com\/veterinaire\/briancon-05100\/boutique\/product\/ppvd-canine-dm\/","url":"https:\/\/www.vetorino.com\/veterinaire\/briancon-05100\/boutique\/product\/ppvd-canine-dm\/","name":"Veterinary Diets (Purina Proplan) Canine DM Diabete's Management Purina Pro Plan - V\u00e9torino","isPartOf":{"@id":"https:\/\/www.vetorino.com\/boutique\/#website"},"primaryImageOfPage":{"@id":"https:\/\/www.vetorino.com\/veterinaire\/briancon-05100\/boutique\/product\/ppvd-canine-dm\/#primaryimage"},"image":{"@id":"https:\/\/www.vetorino.com\/veterinaire\/briancon-05100\/boutique\/product\/ppvd-canine-dm\/#primaryimage"},"thumbnailUrl":"https:\/\/www.vetorino.com\/boutique\/wp-content\/uploads\/2022\/07\/07613034995193_C1N1_44105416.jpg","datePublished":"2022-07-06T09:53:31+00:00","dateModified":"2025-10-29T11:01:46+00:00","description":"Aliment\u00a0v\u00e9t\u00e9rinaire complet pour aider \u00e0\u00a0g\u00e9rer le\u00a0diab\u00e8te sucr\u00e9\u00a0chez le chien. Sp\u00e9cialement formul\u00e9 pour la gestion nutritionnelle du diab\u00e8te canin. Aide \u00e0 r\u00e9guler le taux de glucose (sucre)\u00a0dans le sang. Utilisation : Chien diab\u00e8tique de tout \u00e2ge","breadcrumb":{"@id":"https:\/\/www.vetorino.com\/veterinaire\/briancon-05100\/boutique\/product\/ppvd-canine-dm\/#breadcrumb"},"inLanguage":"fr-FR","potentialAction":[{"@type":"ReadAction","target":["https:\/\/www.vetorino.com\/veterinaire\/briancon-05100\/boutique\/product\/ppvd-canine-dm\/"]}]},{"@type":"ImageObject","inLanguage":"fr-FR","@id":"https:\/\/www.vetorino.com\/veterinaire\/briancon-05100\/boutique\/product\/ppvd-canine-dm\/#primaryimage","url":"https:\/\/www.vetorino.com\/boutique\/wp-content\/uploads\/2022\/07\/07613034995193_C1N1_44105416.jpg","contentUrl":"https:\/\/www.vetorino.com\/boutique\/wp-content\/uploads\/2022\/07\/07613034995193_C1N1_44105416.jpg","width":2500,"height":2500},{"@type":"BreadcrumbList","@id":"https:\/\/www.vetorino.com\/veterinaire\/briancon-05100\/boutique\/product\/ppvd-canine-dm\/#breadcrumb","itemListElement":[{"@type":"ListItem","position":1,"name":"Accueil","item":"https:\/\/www.vetorino.com\/boutique\/"},{"@type":"ListItem","position":2,"name":"Produits","item":"https:\/\/www.vetorino.com\/boutique\/"},{"@type":"ListItem","position":3,"name":"Canine DM Diabete&#8217;s Management"}]},{"@type":"WebSite","@id":"https:\/\/www.vetorino.com\/boutique\/#website","url":"https:\/\/www.vetorino.com\/boutique\/","name":"V\u00e9torino","description":"","publisher":{"@id":"https:\/\/www.vetorino.com\/boutique\/#organization"},"potentialAction":[{"@type":"SearchAction","target":{"@type":"EntryPoint","urlTemplate":"https:\/\/www.vetorino.com\/boutique\/?s={search_term_string}"},"query-input":{"@type":"PropertyValueSpecification","valueRequired":true,"valueName":"search_term_string"}}],"inLanguage":"fr-FR"},{"@type":"Organization","@id":"https:\/\/www.vetorino.com\/boutique\/#organization","name":"V\u00e9torino","url":"https:\/\/www.vetorino.com\/boutique\/","logo":{"@type":"ImageObject","inLanguage":"fr-FR","@id":"https:\/\/www.vetorino.com\/boutique\/#\/schema\/logo\/image\/","url":"https:\/\/www.vetorino.com\/boutique\/wp-content\/uploads\/2024\/10\/logo.jpg","contentUrl":"https:\/\/www.vetorino.com\/boutique\/wp-content\/uploads\/2024\/10\/logo.jpg","width":1200,"height":610,"caption":"V\u00e9torino"},"image":{"@id":"https:\/\/www.vetorino.com\/boutique\/#\/schema\/logo\/image\/"},"sameAs":["https:\/\/www.facebook.com\/Vetorino\/","https:\/\/www.instagram.com\/vetorino_off\/","https:\/\/www.linkedin.com\/company\/vtorino\/"]}]},"product_brand":"Purina Pro Plan","og_availability":"instock","product_availability":"instock","product_condition":"new"},"_links":{"self":[{"href":"https:\/\/www.vetorino.com\/veterinaire\/prunelli-di-fiumorbo-20243\/boutique\/wp-json\/wp\/v2\/product\/341822","targetHints":{"allow":["GET"]}}],"collection":[{"href":"https:\/\/www.vetorino.com\/veterinaire\/prunelli-di-fiumorbo-20243\/boutique\/wp-json\/wp\/v2\/product"}],"about":[{"href":"https:\/\/www.vetorino.com\/veterinaire\/prunelli-di-fiumorbo-20243\/boutique\/wp-json\/wp\/v2\/types\/product"}],"wp:featuredmedia":[{"embeddable":true,"href":"https:\/\/www.vetorino.com\/veterinaire\/prunelli-di-fiumorbo-20243\/boutique\/wp-json\/wp\/v2\/media\/653030"}],"wp:attachment":[{"href":"https:\/\/www.vetorino.com\/veterinaire\/prunelli-di-fiumorbo-20243\/boutique\/wp-json\/wp\/v2\/media?parent=341822"}],"wp:term":[{"taxonomy":"product_cat","embeddable":true,"href":"https:\/\/www.vetorino.com\/veterinaire\/prunelli-di-fiumorbo-20243\/boutique\/wp-json\/wp\/v2\/product_cat?post=341822"},{"taxonomy":"product_tag","embeddable":true,"href":"https:\/\/www.vetorino.com\/veterinaire\/prunelli-di-fiumorbo-20243\/boutique\/wp-json\/wp\/v2\/product_tag?post=341822"}],"curies":[{"name":"wp","href":"https:\/\/api.w.org\/{rel}","templated":true}]}}