{"id":34345,"date":"2020-03-04T22:02:01","date_gmt":"2020-03-04T21:02:01","guid":{"rendered":"https:\/\/www.vetorino.com\/boutique\/product\/transit-plus-ser-15ml\/"},"modified":"2024-06-05T17:01:56","modified_gmt":"2024-06-05T15:01:56","slug":"transit-plus-ser-15ml","status":"publish","type":"product","link":"https:\/\/www.vetorino.com\/veterinaire\/prunelli-di-fiumorbo-20243\/boutique\/product\/transit-plus-ser-15ml\/","title":{"rendered":"Transit Plus"},"content":{"rendered":"<p><strong>Aliment compl\u00e9mentaire di\u00e9t\u00e9tique qui a pour objectif la stabilisation de la digestion physiologique. Il est destin\u00e9 aux chiens et aux chats :<\/strong><\/p>\n<p>&#8211; en cas de diarrh\u00e9e simple<\/p>\n<p>&#8211; pour r\u00e9\u00e9quilibrer la flore intestinale apr\u00e8s une diarrh\u00e9e<\/p>\n<p>&#8211; pour r\u00e9\u00e9quilibrer la flore intestinale avant ou apr\u00e8s un traitement antibiotique<\/p>\n<p>&#8211; en cas de troubles digestifs li\u00e9s au stress (d\u00e9m\u00e9nagement, transport&#8230; )<\/p>\n<p>&#8211; en pr\u00e9vention d&#8217;un changement d&#8217;alimentation<\/p>\n<p><b>Caract\u00e9risiques :<br \/>\n<\/b><\/p>\n<p>Cet aliment lutte contre les radicaux libres lib\u00e9r\u00e9s lors de troubles digestifs et prot\u00e8ge des dommages caus\u00e9s gr\u00e2ce \u00e0 l&#8217;huile de tournesol, riche en acides gras polyinsatur\u00e9s, et la vitamine E et C \u00e0 l&#8217;action antioxydante. Il procure des pr\u00e9biotiques et des probiotiques pour am\u00e9liorer la digestion. Il am\u00e9liore ainsi la consistance des selles et limite les odeurs des flatulences et des selles dues aux d\u00e9riv\u00e9s sulfur\u00e9s. Cet aliment forme un film protecteur pour le tube digestif et prot\u00e8ge les muqueuses. App\u00e9tent pour faciliter la prise par l&#8217;animal. Conditionnement : Seringue de 15 ml.<\/p>\n","protected":false},"excerpt":{"rendered":"<p>L&#8217;aliment compl\u00e9mentaire TRANSIT PLUS, pour chien et chat, est recommand\u00e9 pour la stabiliser de la digestion de votre animal.<\/p>\n","protected":false},"featured_media":905095,"template":"","meta":[],"product_cat":[2738,2759,2786,2697,2698,12567,12635,12636],"product_tag":[],"class_list":{"0":"post-34345","1":"product","2":"type-product","3":"status-publish","4":"has-post-thumbnail","6":"product_cat-aliments-complementaires-pour-chien","7":"product_cat-anti-stress-et-anxiete-pour-chat","8":"product_cat-anti-stress-et-anxiete-du-chien","9":"product_cat-chat","10":"product_cat-chien","11":"product_cat-produit-veterinaire-du-chat","12":"product_cat-systeme-digestif-du-chat","13":"product_cat-systeme-digestif-du-chien","14":"pa_marque-sv","16":"first","17":"instock","18":"taxable","19":"shipping-taxable","20":"purchasable","21":"product-type-simple"},"yoast_head":"<!-- This site is optimized with the Yoast SEO plugin v27.3 - https:\/\/yoast.com\/product\/yoast-seo-wordpress\/ -->\n<title>Transit Plus SV - V\u00e9torino<\/title>\n<meta name=\"description\" content=\"L&#039;aliment compl\u00e9mentaire TRANSIT PLUS, pour chien et chat, est recommand\u00e9 pour la stabiliser de la digestion de votre animal.\" \/>\n<meta name=\"robots\" content=\"noindex, nofollow\" \/>\n<meta property=\"og:locale\" content=\"fr_FR\" \/>\n<meta property=\"og:type\" content=\"article\" \/>\n<meta property=\"og:title\" content=\"Transit Plus SV - V\u00e9torino\" \/>\n<meta property=\"og:description\" content=\"L&#039;aliment compl\u00e9mentaire TRANSIT PLUS, pour chien et chat, est recommand\u00e9 pour la stabiliser de la digestion de votre animal.\" \/>\n<meta property=\"og:url\" content=\"https:\/\/www.vetorino.com\/veterinaire\/prunelli-di-fiumorbo-20243\/boutique\/product\/transit-plus-ser-15ml\/\" \/>\n<meta property=\"og:site_name\" content=\"V\u00e9torino\" \/>\n<meta property=\"article:publisher\" content=\"https:\/\/www.facebook.com\/Vetorino\/\" \/>\n<meta property=\"article:modified_time\" content=\"2024-06-05T15:01:56+00:00\" \/>\n<meta property=\"og:image\" content=\"https:\/\/www.vetorino.com\/boutique\/wp-content\/uploads\/2020\/03\/complement-transit-plus-chien-chat-15ml-15-500x500-1.jpg\" \/>\n\t<meta property=\"og:image:width\" content=\"500\" \/>\n\t<meta property=\"og:image:height\" content=\"500\" \/>\n\t<meta property=\"og:image:type\" content=\"image\/jpeg\" \/>\n<meta name=\"twitter:card\" content=\"summary_large_image\" \/>\n<meta name=\"twitter:label1\" content=\"Prix\" \/>\n\t<meta name=\"twitter:data1\" content=\"9,69&euro;\" \/>\n\t<meta name=\"twitter:label2\" content=\"Disponibilit\u00e9\" \/>\n\t<meta name=\"twitter:data2\" content=\"En stock\" \/>\n<script type=\"application\/ld+json\" class=\"yoast-schema-graph\">{\"@context\":\"https:\\\/\\\/schema.org\",\"@graph\":[{\"@type\":\"WebPage\",\"@id\":\"https:\\\/\\\/www.vetorino.com\\\/boutique\\\/product\\\/transit-plus-ser-15ml\\\/\",\"url\":\"https:\\\/\\\/www.vetorino.com\\\/boutique\\\/product\\\/transit-plus-ser-15ml\\\/\",\"name\":\"Transit Plus SV - V\u00e9torino\",\"isPartOf\":{\"@id\":\"https:\\\/\\\/www.vetorino.com\\\/boutique\\\/#website\"},\"primaryImageOfPage\":{\"@id\":\"https:\\\/\\\/www.vetorino.com\\\/boutique\\\/product\\\/transit-plus-ser-15ml\\\/#primaryimage\"},\"image\":{\"@id\":\"https:\\\/\\\/www.vetorino.com\\\/boutique\\\/product\\\/transit-plus-ser-15ml\\\/#primaryimage\"},\"thumbnailUrl\":\"https:\\\/\\\/www.vetorino.com\\\/boutique\\\/wp-content\\\/uploads\\\/2020\\\/03\\\/complement-transit-plus-chien-chat-15ml-15-500x500-1.jpg\",\"datePublished\":\"2020-03-04T21:02:01+00:00\",\"dateModified\":\"2024-06-05T15:01:56+00:00\",\"description\":\"L'aliment compl\u00e9mentaire TRANSIT PLUS, pour chien et chat, est recommand\u00e9 pour la stabiliser de la digestion de votre animal.\",\"breadcrumb\":{\"@id\":\"https:\\\/\\\/www.vetorino.com\\\/boutique\\\/product\\\/transit-plus-ser-15ml\\\/#breadcrumb\"},\"inLanguage\":\"fr-FR\",\"potentialAction\":[{\"@type\":\"ReadAction\",\"target\":[\"https:\\\/\\\/www.vetorino.com\\\/boutique\\\/product\\\/transit-plus-ser-15ml\\\/\"]}]},{\"@type\":\"ImageObject\",\"inLanguage\":\"fr-FR\",\"@id\":\"https:\\\/\\\/www.vetorino.com\\\/boutique\\\/product\\\/transit-plus-ser-15ml\\\/#primaryimage\",\"url\":\"https:\\\/\\\/www.vetorino.com\\\/boutique\\\/wp-content\\\/uploads\\\/2020\\\/03\\\/complement-transit-plus-chien-chat-15ml-15-500x500-1.jpg\",\"contentUrl\":\"https:\\\/\\\/www.vetorino.com\\\/boutique\\\/wp-content\\\/uploads\\\/2020\\\/03\\\/complement-transit-plus-chien-chat-15ml-15-500x500-1.jpg\",\"width\":500,\"height\":500},{\"@type\":\"BreadcrumbList\",\"@id\":\"https:\\\/\\\/www.vetorino.com\\\/boutique\\\/product\\\/transit-plus-ser-15ml\\\/#breadcrumb\",\"itemListElement\":[{\"@type\":\"ListItem\",\"position\":1,\"name\":\"Accueil\",\"item\":\"https:\\\/\\\/www.vetorino.com\\\/boutique\\\/\"},{\"@type\":\"ListItem\",\"position\":2,\"name\":\"Produits\",\"item\":\"https:\\\/\\\/www.vetorino.com\\\/boutique\\\/\"},{\"@type\":\"ListItem\",\"position\":3,\"name\":\"Transit Plus\"}]},{\"@type\":\"WebSite\",\"@id\":\"https:\\\/\\\/www.vetorino.com\\\/boutique\\\/#website\",\"url\":\"https:\\\/\\\/www.vetorino.com\\\/boutique\\\/\",\"name\":\"V\u00e9torino\",\"description\":\"\",\"publisher\":{\"@id\":\"https:\\\/\\\/www.vetorino.com\\\/boutique\\\/#organization\"},\"potentialAction\":[{\"@type\":\"SearchAction\",\"target\":{\"@type\":\"EntryPoint\",\"urlTemplate\":\"https:\\\/\\\/www.vetorino.com\\\/boutique\\\/?s={search_term_string}\"},\"query-input\":{\"@type\":\"PropertyValueSpecification\",\"valueRequired\":true,\"valueName\":\"search_term_string\"}}],\"inLanguage\":\"fr-FR\"},{\"@type\":\"Organization\",\"@id\":\"https:\\\/\\\/www.vetorino.com\\\/boutique\\\/#organization\",\"name\":\"V\u00e9torino\",\"url\":\"https:\\\/\\\/www.vetorino.com\\\/boutique\\\/\",\"logo\":{\"@type\":\"ImageObject\",\"inLanguage\":\"fr-FR\",\"@id\":\"https:\\\/\\\/www.vetorino.com\\\/boutique\\\/#\\\/schema\\\/logo\\\/image\\\/\",\"url\":\"https:\\\/\\\/www.vetorino.com\\\/boutique\\\/wp-content\\\/uploads\\\/2024\\\/10\\\/logo.jpg\",\"contentUrl\":\"https:\\\/\\\/www.vetorino.com\\\/boutique\\\/wp-content\\\/uploads\\\/2024\\\/10\\\/logo.jpg\",\"width\":1200,\"height\":610,\"caption\":\"V\u00e9torino\"},\"image\":{\"@id\":\"https:\\\/\\\/www.vetorino.com\\\/boutique\\\/#\\\/schema\\\/logo\\\/image\\\/\"},\"sameAs\":[\"https:\\\/\\\/www.facebook.com\\\/Vetorino\\\/\",\"https:\\\/\\\/www.instagram.com\\\/vetorino_off\\\/\",\"https:\\\/\\\/www.linkedin.com\\\/company\\\/vtorino\\\/\"]}]}<\/script>\n<meta property=\"product:brand\" content=\"SV\" \/>\n<meta property=\"product:price:amount\" content=\"9.69\" \/>\n<meta property=\"product:price:currency\" content=\"EUR\" \/>\n<meta property=\"og:availability\" content=\"instock\" \/>\n<meta property=\"product:availability\" content=\"instock\" \/>\n<meta property=\"product:retailer_item_id\" content=\"A-1830340\" \/>\n<meta property=\"product:condition\" content=\"new\" \/>\n<!-- \/ Yoast SEO plugin. -->","yoast_head_json":{"title":"Transit Plus SV - V\u00e9torino","description":"L'aliment compl\u00e9mentaire TRANSIT PLUS, pour chien et chat, est recommand\u00e9 pour la stabiliser de la digestion de votre animal.","robots":{"index":"noindex","follow":"nofollow"},"og_locale":"fr_FR","og_type":"article","og_title":"Transit Plus SV - V\u00e9torino","og_description":"L'aliment compl\u00e9mentaire TRANSIT PLUS, pour chien et chat, est recommand\u00e9 pour la stabiliser de la digestion de votre animal.","og_url":"https:\/\/www.vetorino.com\/veterinaire\/prunelli-di-fiumorbo-20243\/boutique\/product\/transit-plus-ser-15ml\/","og_site_name":"V\u00e9torino","article_publisher":"https:\/\/www.facebook.com\/Vetorino\/","article_modified_time":"2024-06-05T15:01:56+00:00","og_image":[{"width":500,"height":500,"url":"https:\/\/www.vetorino.com\/boutique\/wp-content\/uploads\/2020\/03\/complement-transit-plus-chien-chat-15ml-15-500x500-1.jpg","type":"image\/jpeg"}],"twitter_card":"summary_large_image","twitter_misc":{"Prix":"9,69&euro;","Disponibilit\u00e9":"En stock"},"schema":{"@context":"https:\/\/schema.org","@graph":[{"@type":"WebPage","@id":"https:\/\/www.vetorino.com\/boutique\/product\/transit-plus-ser-15ml\/","url":"https:\/\/www.vetorino.com\/boutique\/product\/transit-plus-ser-15ml\/","name":"Transit Plus SV - V\u00e9torino","isPartOf":{"@id":"https:\/\/www.vetorino.com\/boutique\/#website"},"primaryImageOfPage":{"@id":"https:\/\/www.vetorino.com\/boutique\/product\/transit-plus-ser-15ml\/#primaryimage"},"image":{"@id":"https:\/\/www.vetorino.com\/boutique\/product\/transit-plus-ser-15ml\/#primaryimage"},"thumbnailUrl":"https:\/\/www.vetorino.com\/boutique\/wp-content\/uploads\/2020\/03\/complement-transit-plus-chien-chat-15ml-15-500x500-1.jpg","datePublished":"2020-03-04T21:02:01+00:00","dateModified":"2024-06-05T15:01:56+00:00","description":"L'aliment compl\u00e9mentaire TRANSIT PLUS, pour chien et chat, est recommand\u00e9 pour la stabiliser de la digestion de votre animal.","breadcrumb":{"@id":"https:\/\/www.vetorino.com\/boutique\/product\/transit-plus-ser-15ml\/#breadcrumb"},"inLanguage":"fr-FR","potentialAction":[{"@type":"ReadAction","target":["https:\/\/www.vetorino.com\/boutique\/product\/transit-plus-ser-15ml\/"]}]},{"@type":"ImageObject","inLanguage":"fr-FR","@id":"https:\/\/www.vetorino.com\/boutique\/product\/transit-plus-ser-15ml\/#primaryimage","url":"https:\/\/www.vetorino.com\/boutique\/wp-content\/uploads\/2020\/03\/complement-transit-plus-chien-chat-15ml-15-500x500-1.jpg","contentUrl":"https:\/\/www.vetorino.com\/boutique\/wp-content\/uploads\/2020\/03\/complement-transit-plus-chien-chat-15ml-15-500x500-1.jpg","width":500,"height":500},{"@type":"BreadcrumbList","@id":"https:\/\/www.vetorino.com\/boutique\/product\/transit-plus-ser-15ml\/#breadcrumb","itemListElement":[{"@type":"ListItem","position":1,"name":"Accueil","item":"https:\/\/www.vetorino.com\/boutique\/"},{"@type":"ListItem","position":2,"name":"Produits","item":"https:\/\/www.vetorino.com\/boutique\/"},{"@type":"ListItem","position":3,"name":"Transit Plus"}]},{"@type":"WebSite","@id":"https:\/\/www.vetorino.com\/boutique\/#website","url":"https:\/\/www.vetorino.com\/boutique\/","name":"V\u00e9torino","description":"","publisher":{"@id":"https:\/\/www.vetorino.com\/boutique\/#organization"},"potentialAction":[{"@type":"SearchAction","target":{"@type":"EntryPoint","urlTemplate":"https:\/\/www.vetorino.com\/boutique\/?s={search_term_string}"},"query-input":{"@type":"PropertyValueSpecification","valueRequired":true,"valueName":"search_term_string"}}],"inLanguage":"fr-FR"},{"@type":"Organization","@id":"https:\/\/www.vetorino.com\/boutique\/#organization","name":"V\u00e9torino","url":"https:\/\/www.vetorino.com\/boutique\/","logo":{"@type":"ImageObject","inLanguage":"fr-FR","@id":"https:\/\/www.vetorino.com\/boutique\/#\/schema\/logo\/image\/","url":"https:\/\/www.vetorino.com\/boutique\/wp-content\/uploads\/2024\/10\/logo.jpg","contentUrl":"https:\/\/www.vetorino.com\/boutique\/wp-content\/uploads\/2024\/10\/logo.jpg","width":1200,"height":610,"caption":"V\u00e9torino"},"image":{"@id":"https:\/\/www.vetorino.com\/boutique\/#\/schema\/logo\/image\/"},"sameAs":["https:\/\/www.facebook.com\/Vetorino\/","https:\/\/www.instagram.com\/vetorino_off\/","https:\/\/www.linkedin.com\/company\/vtorino\/"]}]},"product_brand":"SV","product_price_amount":"9.69","product_price_currency":"EUR","og_availability":"instock","product_availability":"instock","product_retailer_item_id":"A-1830340","product_condition":"new"},"_links":{"self":[{"href":"https:\/\/www.vetorino.com\/veterinaire\/prunelli-di-fiumorbo-20243\/boutique\/wp-json\/wp\/v2\/product\/34345","targetHints":{"allow":["GET"]}}],"collection":[{"href":"https:\/\/www.vetorino.com\/veterinaire\/prunelli-di-fiumorbo-20243\/boutique\/wp-json\/wp\/v2\/product"}],"about":[{"href":"https:\/\/www.vetorino.com\/veterinaire\/prunelli-di-fiumorbo-20243\/boutique\/wp-json\/wp\/v2\/types\/product"}],"wp:featuredmedia":[{"embeddable":true,"href":"https:\/\/www.vetorino.com\/veterinaire\/prunelli-di-fiumorbo-20243\/boutique\/wp-json\/wp\/v2\/media\/905095"}],"wp:attachment":[{"href":"https:\/\/www.vetorino.com\/veterinaire\/prunelli-di-fiumorbo-20243\/boutique\/wp-json\/wp\/v2\/media?parent=34345"}],"wp:term":[{"taxonomy":"product_cat","embeddable":true,"href":"https:\/\/www.vetorino.com\/veterinaire\/prunelli-di-fiumorbo-20243\/boutique\/wp-json\/wp\/v2\/product_cat?post=34345"},{"taxonomy":"product_tag","embeddable":true,"href":"https:\/\/www.vetorino.com\/veterinaire\/prunelli-di-fiumorbo-20243\/boutique\/wp-json\/wp\/v2\/product_tag?post=34345"}],"curies":[{"name":"wp","href":"https:\/\/api.w.org\/{rel}","templated":true}]}}