{"id":34452,"date":"2020-03-04T22:02:16","date_gmt":"2020-03-04T21:02:16","guid":{"rendered":"https:\/\/www.vetorino.com\/boutique\/product\/catmosphere-opaque-magenta\/"},"modified":"2025-11-17T09:41:58","modified_gmt":"2025-11-17T08:41:58","slug":"catmosphere-opaque-magenta","status":"publish","type":"product","link":"https:\/\/www.vetorino.com\/veterinaire\/prunelli-di-fiumorbo-20243\/boutique\/product\/catmosphere-opaque-magenta\/","title":{"rendered":"Catmosph\u00e8re Balle Distributeur \u2013 chat"},"content":{"rendered":"<p>La Balle distributrice de croquettes Catmosph\u00e8re est un\u00a0<strong>jouet interactif qui stimule l\u2019agilit\u00e9, l\u2019intelligence et le plaisir de votre chat<\/strong>\u00a0tout en offrant une fa\u00e7on amusante de manger.<\/p>\n<p>Cette balle ing\u00e9nieuse<strong>\u00a0distribue lentement les croquettes, encourageant votre chat \u00e0 jouer tout en se nourrissant.<\/strong><\/p>\n<p><strong>Les caract\u00e9ristiques principales de la Balle distributrice Catmosph\u00e8re :<\/strong><\/p>\n<ul>\n<li>Dispose d\u2019une ouverture r\u00e9glable afin de lib\u00e9rer progressivement les croquettes tout en les faisant rouler. Cela permet une alimentation plus saine et encourage la mastication<\/li>\n<li>Le mouvement al\u00e9atoire de la balle encourage les chats \u00e0 r\u00e9fl\u00e9chir et r\u00e9soudre les \u00e9nigmes pour obtenir de la nourriture, stimulant l\u2019intelligence du chat<\/li>\n<li>Fabriqu\u00e9e avec du plastique non toxique de haute qualit\u00e9 pour r\u00e9sister aux chocs et aux morsures, ce qui la rend adapt\u00e9e aux chats actifs<\/li>\n<li>Facile \u00e0 ouvrir, simplifiant le processus de pr\u00e9paration<\/li>\n<li>Facile \u00e0 d\u00e9monter et \u00e0 nettoyer de mani\u00e8re rapide et hygi\u00e9nique<\/li>\n<\/ul>\n<p><strong>Le mode d\u2019emploi pr\u00e9conis\u00e9 pour la balle distributrice de croquettes :<\/strong><\/p>\n<ul>\n<li>Ouvrez la balle \u00e0 moiti\u00e9 et ajoutez l\u2019\u00e9quivalent d\u2019une journ\u00e9e de nourriture s\u00e8che de votre chat.<\/li>\n<li>Ajustez l\u2019ouverture en fonction du niveau de difficult\u00e9 souhait\u00e9.<\/li>\n<li>Encouragez votre chat \u00e0 jouer avec une balle pour obtenir de la nourriture s\u00e8che.<\/li>\n<\/ul>\n","protected":false},"excerpt":{"rendered":"<p>La Balle distributrice de croquettes Catmosph\u00e8re est un\u00a0<strong>jouet interactif qui stimule l\u2019agilit\u00e9, l\u2019intelligence et le plaisir de votre chat<\/strong>\u00a0tout en offrant une fa\u00e7on amusante de manger.<\/p>\n<p>Cette balle ing\u00e9nieuse<strong>\u00a0distribue lentement les croquettes, encourageant votre chat \u00e0 jouer tout en se nourrissant.<\/strong><\/p>\n","protected":false},"featured_media":1572484,"template":"","meta":[],"product_cat":[12548,2697,12620],"product_tag":[],"class_list":{"0":"post-34452","1":"product","2":"type-product","3":"status-publish","4":"has-post-thumbnail","6":"product_cat-accessoire-du-chat","7":"product_cat-chat","8":"product_cat-jeux-educatifs-pour-chat","9":"pa_marque-materiel","11":"first","12":"instock","13":"taxable","14":"shipping-taxable","15":"purchasable","16":"product-type-simple"},"yoast_head":"<!-- This site is optimized with the Yoast SEO plugin v27.3 - https:\/\/yoast.com\/product\/yoast-seo-wordpress\/ -->\n<title>Catmosph\u00e8re Balle Distributeur \u2013 chat Mat\u00e9riel - V\u00e9torino<\/title>\n<meta name=\"description\" content=\"La Balle distributrice de croquettes Catmosph\u00e8re est un\u00a0jouet interactif qui stimule l\u2019agilit\u00e9, l\u2019intelligence et le plaisir de votre chat\u00a0tout en offrant une fa\u00e7on amusante de manger.  Cette balle ing\u00e9nieuse\u00a0distribue lentement les croquettes, encourageant votre chat \u00e0 jouer tout en se nourrissant.\" \/>\n<meta name=\"robots\" content=\"noindex, nofollow\" \/>\n<meta property=\"og:locale\" content=\"fr_FR\" \/>\n<meta property=\"og:type\" content=\"article\" \/>\n<meta property=\"og:title\" content=\"Catmosph\u00e8re Balle Distributeur \u2013 chat Mat\u00e9riel - V\u00e9torino\" \/>\n<meta property=\"og:description\" content=\"La Balle distributrice de croquettes Catmosph\u00e8re est un\u00a0jouet interactif qui stimule l\u2019agilit\u00e9, l\u2019intelligence et le plaisir de votre chat\u00a0tout en offrant une fa\u00e7on amusante de manger.  Cette balle ing\u00e9nieuse\u00a0distribue lentement les croquettes, encourageant votre chat \u00e0 jouer tout en se nourrissant.\" \/>\n<meta property=\"og:url\" content=\"https:\/\/www.vetorino.com\/veterinaire\/prunelli-di-fiumorbo-20243\/boutique\/product\/catmosphere-opaque-magenta\/\" \/>\n<meta property=\"og:site_name\" content=\"V\u00e9torino\" \/>\n<meta property=\"article:publisher\" content=\"https:\/\/www.facebook.com\/Vetorino\/\" \/>\n<meta property=\"article:modified_time\" content=\"2025-11-17T08:41:58+00:00\" \/>\n<meta property=\"og:image\" content=\"https:\/\/www.vetorino.com\/boutique\/wp-content\/uploads\/2020\/03\/balle-distributrice-de-croquettes-catmosphere.webp\" \/>\n\t<meta property=\"og:image:width\" content=\"800\" \/>\n\t<meta property=\"og:image:height\" content=\"800\" \/>\n\t<meta property=\"og:image:type\" content=\"image\/webp\" \/>\n<meta name=\"twitter:card\" content=\"summary_large_image\" \/>\n<meta name=\"twitter:label1\" content=\"Prix\" \/>\n\t<meta name=\"twitter:data1\" content=\"14,41&euro;\" \/>\n\t<meta name=\"twitter:label2\" content=\"Disponibilit\u00e9\" \/>\n\t<meta name=\"twitter:data2\" content=\"En stock\" \/>\n<script type=\"application\/ld+json\" class=\"yoast-schema-graph\">{\"@context\":\"https:\\\/\\\/schema.org\",\"@graph\":[{\"@type\":\"WebPage\",\"@id\":\"https:\\\/\\\/www.vetorino.com\\\/boutique\\\/product\\\/catmosphere-opaque-magenta\\\/\",\"url\":\"https:\\\/\\\/www.vetorino.com\\\/boutique\\\/product\\\/catmosphere-opaque-magenta\\\/\",\"name\":\"Catmosph\u00e8re Balle Distributeur \u2013 chat Mat\u00e9riel - V\u00e9torino\",\"isPartOf\":{\"@id\":\"https:\\\/\\\/www.vetorino.com\\\/boutique\\\/#website\"},\"primaryImageOfPage\":{\"@id\":\"https:\\\/\\\/www.vetorino.com\\\/boutique\\\/product\\\/catmosphere-opaque-magenta\\\/#primaryimage\"},\"image\":{\"@id\":\"https:\\\/\\\/www.vetorino.com\\\/boutique\\\/product\\\/catmosphere-opaque-magenta\\\/#primaryimage\"},\"thumbnailUrl\":\"https:\\\/\\\/www.vetorino.com\\\/boutique\\\/wp-content\\\/uploads\\\/2020\\\/03\\\/balle-distributrice-de-croquettes-catmosphere.webp\",\"datePublished\":\"2020-03-04T21:02:16+00:00\",\"dateModified\":\"2025-11-17T08:41:58+00:00\",\"description\":\"La Balle distributrice de croquettes Catmosph\u00e8re est un\u00a0jouet interactif qui stimule l\u2019agilit\u00e9, l\u2019intelligence et le plaisir de votre chat\u00a0tout en offrant une fa\u00e7on amusante de manger. Cette balle ing\u00e9nieuse\u00a0distribue lentement les croquettes, encourageant votre chat \u00e0 jouer tout en se nourrissant.\",\"breadcrumb\":{\"@id\":\"https:\\\/\\\/www.vetorino.com\\\/boutique\\\/product\\\/catmosphere-opaque-magenta\\\/#breadcrumb\"},\"inLanguage\":\"fr-FR\",\"potentialAction\":[{\"@type\":\"ReadAction\",\"target\":[\"https:\\\/\\\/www.vetorino.com\\\/boutique\\\/product\\\/catmosphere-opaque-magenta\\\/\"]}]},{\"@type\":\"ImageObject\",\"inLanguage\":\"fr-FR\",\"@id\":\"https:\\\/\\\/www.vetorino.com\\\/boutique\\\/product\\\/catmosphere-opaque-magenta\\\/#primaryimage\",\"url\":\"https:\\\/\\\/www.vetorino.com\\\/boutique\\\/wp-content\\\/uploads\\\/2020\\\/03\\\/balle-distributrice-de-croquettes-catmosphere.webp\",\"contentUrl\":\"https:\\\/\\\/www.vetorino.com\\\/boutique\\\/wp-content\\\/uploads\\\/2020\\\/03\\\/balle-distributrice-de-croquettes-catmosphere.webp\",\"width\":800,\"height\":800},{\"@type\":\"BreadcrumbList\",\"@id\":\"https:\\\/\\\/www.vetorino.com\\\/boutique\\\/product\\\/catmosphere-opaque-magenta\\\/#breadcrumb\",\"itemListElement\":[{\"@type\":\"ListItem\",\"position\":1,\"name\":\"Accueil\",\"item\":\"https:\\\/\\\/www.vetorino.com\\\/boutique\\\/\"},{\"@type\":\"ListItem\",\"position\":2,\"name\":\"Produits\",\"item\":\"https:\\\/\\\/www.vetorino.com\\\/boutique\\\/\"},{\"@type\":\"ListItem\",\"position\":3,\"name\":\"Catmosph\u00e8re Balle Distributeur \u2013 chat\"}]},{\"@type\":\"WebSite\",\"@id\":\"https:\\\/\\\/www.vetorino.com\\\/boutique\\\/#website\",\"url\":\"https:\\\/\\\/www.vetorino.com\\\/boutique\\\/\",\"name\":\"V\u00e9torino\",\"description\":\"\",\"publisher\":{\"@id\":\"https:\\\/\\\/www.vetorino.com\\\/boutique\\\/#organization\"},\"potentialAction\":[{\"@type\":\"SearchAction\",\"target\":{\"@type\":\"EntryPoint\",\"urlTemplate\":\"https:\\\/\\\/www.vetorino.com\\\/boutique\\\/?s={search_term_string}\"},\"query-input\":{\"@type\":\"PropertyValueSpecification\",\"valueRequired\":true,\"valueName\":\"search_term_string\"}}],\"inLanguage\":\"fr-FR\"},{\"@type\":\"Organization\",\"@id\":\"https:\\\/\\\/www.vetorino.com\\\/boutique\\\/#organization\",\"name\":\"V\u00e9torino\",\"url\":\"https:\\\/\\\/www.vetorino.com\\\/boutique\\\/\",\"logo\":{\"@type\":\"ImageObject\",\"inLanguage\":\"fr-FR\",\"@id\":\"https:\\\/\\\/www.vetorino.com\\\/boutique\\\/#\\\/schema\\\/logo\\\/image\\\/\",\"url\":\"https:\\\/\\\/www.vetorino.com\\\/boutique\\\/wp-content\\\/uploads\\\/2024\\\/10\\\/logo.jpg\",\"contentUrl\":\"https:\\\/\\\/www.vetorino.com\\\/boutique\\\/wp-content\\\/uploads\\\/2024\\\/10\\\/logo.jpg\",\"width\":1200,\"height\":610,\"caption\":\"V\u00e9torino\"},\"image\":{\"@id\":\"https:\\\/\\\/www.vetorino.com\\\/boutique\\\/#\\\/schema\\\/logo\\\/image\\\/\"},\"sameAs\":[\"https:\\\/\\\/www.facebook.com\\\/Vetorino\\\/\",\"https:\\\/\\\/www.instagram.com\\\/vetorino_off\\\/\",\"https:\\\/\\\/www.linkedin.com\\\/company\\\/vtorino\\\/\"]}]}<\/script>\n<meta property=\"product:brand\" content=\"Mat\u00e9riel\" \/>\n<meta property=\"product:price:amount\" content=\"14.41\" \/>\n<meta property=\"product:price:currency\" content=\"EUR\" \/>\n<meta property=\"og:availability\" content=\"instock\" \/>\n<meta property=\"product:availability\" content=\"instock\" \/>\n<meta property=\"product:retailer_item_id\" content=\"A-8226637\" \/>\n<meta property=\"product:condition\" content=\"new\" \/>\n<!-- \/ Yoast SEO plugin. -->","yoast_head_json":{"title":"Catmosph\u00e8re Balle Distributeur \u2013 chat Mat\u00e9riel - V\u00e9torino","description":"La Balle distributrice de croquettes Catmosph\u00e8re est un\u00a0jouet interactif qui stimule l\u2019agilit\u00e9, l\u2019intelligence et le plaisir de votre chat\u00a0tout en offrant une fa\u00e7on amusante de manger.  Cette balle ing\u00e9nieuse\u00a0distribue lentement les croquettes, encourageant votre chat \u00e0 jouer tout en se nourrissant.","robots":{"index":"noindex","follow":"nofollow"},"og_locale":"fr_FR","og_type":"article","og_title":"Catmosph\u00e8re Balle Distributeur \u2013 chat Mat\u00e9riel - V\u00e9torino","og_description":"La Balle distributrice de croquettes Catmosph\u00e8re est un\u00a0jouet interactif qui stimule l\u2019agilit\u00e9, l\u2019intelligence et le plaisir de votre chat\u00a0tout en offrant une fa\u00e7on amusante de manger.  Cette balle ing\u00e9nieuse\u00a0distribue lentement les croquettes, encourageant votre chat \u00e0 jouer tout en se nourrissant.","og_url":"https:\/\/www.vetorino.com\/veterinaire\/prunelli-di-fiumorbo-20243\/boutique\/product\/catmosphere-opaque-magenta\/","og_site_name":"V\u00e9torino","article_publisher":"https:\/\/www.facebook.com\/Vetorino\/","article_modified_time":"2025-11-17T08:41:58+00:00","og_image":[{"width":800,"height":800,"url":"https:\/\/www.vetorino.com\/boutique\/wp-content\/uploads\/2020\/03\/balle-distributrice-de-croquettes-catmosphere.webp","type":"image\/webp"}],"twitter_card":"summary_large_image","twitter_misc":{"Prix":"14,41&euro;","Disponibilit\u00e9":"En stock"},"schema":{"@context":"https:\/\/schema.org","@graph":[{"@type":"WebPage","@id":"https:\/\/www.vetorino.com\/boutique\/product\/catmosphere-opaque-magenta\/","url":"https:\/\/www.vetorino.com\/boutique\/product\/catmosphere-opaque-magenta\/","name":"Catmosph\u00e8re Balle Distributeur \u2013 chat Mat\u00e9riel - V\u00e9torino","isPartOf":{"@id":"https:\/\/www.vetorino.com\/boutique\/#website"},"primaryImageOfPage":{"@id":"https:\/\/www.vetorino.com\/boutique\/product\/catmosphere-opaque-magenta\/#primaryimage"},"image":{"@id":"https:\/\/www.vetorino.com\/boutique\/product\/catmosphere-opaque-magenta\/#primaryimage"},"thumbnailUrl":"https:\/\/www.vetorino.com\/boutique\/wp-content\/uploads\/2020\/03\/balle-distributrice-de-croquettes-catmosphere.webp","datePublished":"2020-03-04T21:02:16+00:00","dateModified":"2025-11-17T08:41:58+00:00","description":"La Balle distributrice de croquettes Catmosph\u00e8re est un\u00a0jouet interactif qui stimule l\u2019agilit\u00e9, l\u2019intelligence et le plaisir de votre chat\u00a0tout en offrant une fa\u00e7on amusante de manger. Cette balle ing\u00e9nieuse\u00a0distribue lentement les croquettes, encourageant votre chat \u00e0 jouer tout en se nourrissant.","breadcrumb":{"@id":"https:\/\/www.vetorino.com\/boutique\/product\/catmosphere-opaque-magenta\/#breadcrumb"},"inLanguage":"fr-FR","potentialAction":[{"@type":"ReadAction","target":["https:\/\/www.vetorino.com\/boutique\/product\/catmosphere-opaque-magenta\/"]}]},{"@type":"ImageObject","inLanguage":"fr-FR","@id":"https:\/\/www.vetorino.com\/boutique\/product\/catmosphere-opaque-magenta\/#primaryimage","url":"https:\/\/www.vetorino.com\/boutique\/wp-content\/uploads\/2020\/03\/balle-distributrice-de-croquettes-catmosphere.webp","contentUrl":"https:\/\/www.vetorino.com\/boutique\/wp-content\/uploads\/2020\/03\/balle-distributrice-de-croquettes-catmosphere.webp","width":800,"height":800},{"@type":"BreadcrumbList","@id":"https:\/\/www.vetorino.com\/boutique\/product\/catmosphere-opaque-magenta\/#breadcrumb","itemListElement":[{"@type":"ListItem","position":1,"name":"Accueil","item":"https:\/\/www.vetorino.com\/boutique\/"},{"@type":"ListItem","position":2,"name":"Produits","item":"https:\/\/www.vetorino.com\/boutique\/"},{"@type":"ListItem","position":3,"name":"Catmosph\u00e8re Balle Distributeur \u2013 chat"}]},{"@type":"WebSite","@id":"https:\/\/www.vetorino.com\/boutique\/#website","url":"https:\/\/www.vetorino.com\/boutique\/","name":"V\u00e9torino","description":"","publisher":{"@id":"https:\/\/www.vetorino.com\/boutique\/#organization"},"potentialAction":[{"@type":"SearchAction","target":{"@type":"EntryPoint","urlTemplate":"https:\/\/www.vetorino.com\/boutique\/?s={search_term_string}"},"query-input":{"@type":"PropertyValueSpecification","valueRequired":true,"valueName":"search_term_string"}}],"inLanguage":"fr-FR"},{"@type":"Organization","@id":"https:\/\/www.vetorino.com\/boutique\/#organization","name":"V\u00e9torino","url":"https:\/\/www.vetorino.com\/boutique\/","logo":{"@type":"ImageObject","inLanguage":"fr-FR","@id":"https:\/\/www.vetorino.com\/boutique\/#\/schema\/logo\/image\/","url":"https:\/\/www.vetorino.com\/boutique\/wp-content\/uploads\/2024\/10\/logo.jpg","contentUrl":"https:\/\/www.vetorino.com\/boutique\/wp-content\/uploads\/2024\/10\/logo.jpg","width":1200,"height":610,"caption":"V\u00e9torino"},"image":{"@id":"https:\/\/www.vetorino.com\/boutique\/#\/schema\/logo\/image\/"},"sameAs":["https:\/\/www.facebook.com\/Vetorino\/","https:\/\/www.instagram.com\/vetorino_off\/","https:\/\/www.linkedin.com\/company\/vtorino\/"]}]},"product_brand":"Mat\u00e9riel","product_price_amount":"14.41","product_price_currency":"EUR","og_availability":"instock","product_availability":"instock","product_retailer_item_id":"A-8226637","product_condition":"new"},"_links":{"self":[{"href":"https:\/\/www.vetorino.com\/veterinaire\/prunelli-di-fiumorbo-20243\/boutique\/wp-json\/wp\/v2\/product\/34452","targetHints":{"allow":["GET"]}}],"collection":[{"href":"https:\/\/www.vetorino.com\/veterinaire\/prunelli-di-fiumorbo-20243\/boutique\/wp-json\/wp\/v2\/product"}],"about":[{"href":"https:\/\/www.vetorino.com\/veterinaire\/prunelli-di-fiumorbo-20243\/boutique\/wp-json\/wp\/v2\/types\/product"}],"wp:featuredmedia":[{"embeddable":true,"href":"https:\/\/www.vetorino.com\/veterinaire\/prunelli-di-fiumorbo-20243\/boutique\/wp-json\/wp\/v2\/media\/1572484"}],"wp:attachment":[{"href":"https:\/\/www.vetorino.com\/veterinaire\/prunelli-di-fiumorbo-20243\/boutique\/wp-json\/wp\/v2\/media?parent=34452"}],"wp:term":[{"taxonomy":"product_cat","embeddable":true,"href":"https:\/\/www.vetorino.com\/veterinaire\/prunelli-di-fiumorbo-20243\/boutique\/wp-json\/wp\/v2\/product_cat?post=34452"},{"taxonomy":"product_tag","embeddable":true,"href":"https:\/\/www.vetorino.com\/veterinaire\/prunelli-di-fiumorbo-20243\/boutique\/wp-json\/wp\/v2\/product_tag?post=34452"}],"curies":[{"name":"wp","href":"https:\/\/api.w.org\/{rel}","templated":true}]}}