{"id":34537,"date":"2020-03-04T22:02:28","date_gmt":"2020-03-04T21:02:28","guid":{"rendered":"https:\/\/www.vetorino.com\/boutique\/product\/furminator-deshedding-chat\/"},"modified":"2024-04-22T12:21:32","modified_gmt":"2024-04-22T10:21:32","slug":"furminator-deshedding-chat","status":"publish","type":"product","link":"https:\/\/www.vetorino.com\/veterinaire\/prunelli-di-fiumorbo-20243\/boutique\/product\/furminator-deshedding-chat\/","title":{"rendered":"Brosse Furminator chat"},"content":{"rendered":"<p><strong>Avantages :<\/strong><\/p>\n<ul class=\"special-list\">\n<li>Le bord deShedding en acier inoxydable <strong>atteint facilement le sous-poil<\/strong> pour retirer en toute s\u00e9curit\u00e9 les poils morts <strong>sans endommager le pelage sup\u00e9rieur<\/strong> ni risquer de couper la peau.<\/li>\n<li><strong>Glisse<\/strong> sur la peau et \u00e9vite que la lame ne la touche.<\/li>\n<li>Bord incurv\u00e9 <strong>\u00e9pousant la silhouette de l\u2019animal<\/strong> pour plus de confort<\/li>\n<li>Bouton-poussoir pour <strong>retirer facilement les poils morts accumul\u00e9s lors du brossage<\/strong> pour un toilettage encore plus simple.<\/li>\n<li><strong>L\u2019\u00e9tui de protection de la lame<\/strong> pr\u00e9serve les dents des dommages lorsque l\u2019outil est rang\u00e9<\/li>\n<\/ul>\n<p><strong>Mode d&#8217;emploi :\u00a0<\/strong><\/p>\n<ul>\n<li>L&#8217;outil anti-mue du sous-poil peut \u00eatre utilis\u00e9 \u00e0 tout moment sur un animal dont le pelage est parfaitement sec, mais pour des r\u00e9sultats optimaux, il est conseill\u00e9 de l&#8217;appliquer imm\u00e9diatement apr\u00e8s le bain ou le s\u00e9chage.<\/li>\n<li>Avant d&#8217;utiliser l&#8217;outil anti-mue, inspectez int\u00e9gralement le corps de votre animal.V\u00e9rifiez que ses poils ne cachent pas d&#8217;irritations, d&#8217;ecchymoses ou de blessures.<\/li>\n<li>\u00c9liminez aussi pr\u00e9alablement les n\u0153uds et les bourres.<\/li>\n<li>Maniez l&#8217;outil anti-mue comme une brosse et passez-le d\u00e9licatement sur votre animal dans le sens du poil, en inclinant les dents en inox de la lame vers le pelage.<\/li>\n<li>\u00c9vitez les passages courts et r\u00e9p\u00e9t\u00e9s sur une m\u00eame zone. Travaillez d\u00e9licatement par de longs gestes en \u00e9loignant l&#8217;outil de la peau de votre animal. Bien que la conception protectrice de l&#8217;outil anti-mue du sous-poil favorise son glissement sur la peau et \u00e9vite que la lame ne la touche, un brossage vigoureux ou appuy\u00e9 peut l&#8217;irriter.<\/li>\n<li>\u00c0 mesure que l\u2019outil capture les poils morts, ceux-ci s\u2019accumulent entre ses dents. Pour les en retirer, appuyez sur le bouton FURejector.<\/li>\n<\/ul>\n","protected":false},"excerpt":{"rendered":"<p><strong>L&#8217;outil\u00a0Undercoat \u00e9limine efficacement le sous-poil et les poils morts de votre\u00a0chat\u00a0et r\u00e9duit de pr\u00e8s de 90 % la perte de poils.<\/strong><\/p>\n","protected":false},"featured_media":77063,"template":"","meta":[],"product_cat":[12548,2761,12590,2697,12611,12560],"product_tag":[],"class_list":{"0":"post-34537","1":"product","2":"type-product","3":"status-publish","4":"has-post-thumbnail","6":"product_cat-accessoire-du-chat","7":"product_cat-accessoires-de-toilettage-pour-chat","8":"product_cat-brosses-pour-chat","9":"product_cat-chat","10":"product_cat-hygiene-de-la-peau-et-du-pelage-du-chat","11":"product_cat-hygiene-du-chat","12":"pa_marque-furminator","14":"first","15":"instock","16":"taxable","17":"shipping-taxable","18":"purchasable","19":"product-type-variable"},"yoast_head":"<!-- This site is optimized with the Yoast SEO plugin v27.3 - https:\/\/yoast.com\/product\/yoast-seo-wordpress\/ -->\n<title>Brosse Furminator chat Furminator - V\u00e9torino<\/title>\n<meta name=\"description\" content=\"L&#039;outil\u00a0Undercoat \u00e9limine efficacement le sous-poil et les poils morts de votre\u00a0chat\u00a0et r\u00e9duit de pr\u00e8s de 90 % la perte de poils.\" \/>\n<meta name=\"robots\" content=\"noindex, nofollow\" \/>\n<meta property=\"og:locale\" content=\"fr_FR\" \/>\n<meta property=\"og:type\" content=\"article\" \/>\n<meta property=\"og:title\" content=\"Brosse Furminator chat Furminator - V\u00e9torino\" \/>\n<meta property=\"og:description\" content=\"L&#039;outil\u00a0Undercoat \u00e9limine efficacement le sous-poil et les poils morts de votre\u00a0chat\u00a0et r\u00e9duit de pr\u00e8s de 90 % la perte de poils.\" \/>\n<meta property=\"og:url\" content=\"https:\/\/www.vetorino.com\/veterinaire\/prunelli-di-fiumorbo-20243\/boutique\/product\/furminator-deshedding-chat\/\" \/>\n<meta property=\"og:site_name\" content=\"V\u00e9torino\" \/>\n<meta property=\"article:publisher\" content=\"https:\/\/www.facebook.com\/Vetorino\/\" \/>\n<meta property=\"article:modified_time\" content=\"2024-04-22T10:21:32+00:00\" \/>\n<meta property=\"og:image\" content=\"https:\/\/www.vetorino.com\/boutique\/wp-content\/uploads\/2020\/03\/outil-deshedding-small-poils-courts-chat-65.jpg\" \/>\n\t<meta property=\"og:image:width\" content=\"700\" \/>\n\t<meta property=\"og:image:height\" content=\"800\" \/>\n\t<meta property=\"og:image:type\" content=\"image\/jpeg\" \/>\n<meta name=\"twitter:card\" content=\"summary_large_image\" \/>\n<meta name=\"twitter:label1\" content=\"Disponibilit\u00e9\" \/>\n\t<meta name=\"twitter:data1\" content=\"En stock\" \/>\n<script type=\"application\/ld+json\" class=\"yoast-schema-graph\">{\"@context\":\"https:\\\/\\\/schema.org\",\"@graph\":[{\"@type\":\"WebPage\",\"@id\":\"https:\\\/\\\/www.vetorino.com\\\/boutique\\\/product\\\/furminator-deshedding-chat\\\/\",\"url\":\"https:\\\/\\\/www.vetorino.com\\\/boutique\\\/product\\\/furminator-deshedding-chat\\\/\",\"name\":\"Brosse Furminator chat Furminator - V\u00e9torino\",\"isPartOf\":{\"@id\":\"https:\\\/\\\/www.vetorino.com\\\/boutique\\\/#website\"},\"primaryImageOfPage\":{\"@id\":\"https:\\\/\\\/www.vetorino.com\\\/boutique\\\/product\\\/furminator-deshedding-chat\\\/#primaryimage\"},\"image\":{\"@id\":\"https:\\\/\\\/www.vetorino.com\\\/boutique\\\/product\\\/furminator-deshedding-chat\\\/#primaryimage\"},\"thumbnailUrl\":\"https:\\\/\\\/www.vetorino.com\\\/boutique\\\/wp-content\\\/uploads\\\/2020\\\/03\\\/outil-deshedding-small-poils-courts-chat-65.jpg\",\"datePublished\":\"2020-03-04T21:02:28+00:00\",\"dateModified\":\"2024-04-22T10:21:32+00:00\",\"description\":\"L'outil\u00a0Undercoat \u00e9limine efficacement le sous-poil et les poils morts de votre\u00a0chat\u00a0et r\u00e9duit de pr\u00e8s de 90 % la perte de poils.\",\"breadcrumb\":{\"@id\":\"https:\\\/\\\/www.vetorino.com\\\/boutique\\\/product\\\/furminator-deshedding-chat\\\/#breadcrumb\"},\"inLanguage\":\"fr-FR\",\"potentialAction\":[{\"@type\":\"ReadAction\",\"target\":[\"https:\\\/\\\/www.vetorino.com\\\/boutique\\\/product\\\/furminator-deshedding-chat\\\/\"]}]},{\"@type\":\"ImageObject\",\"inLanguage\":\"fr-FR\",\"@id\":\"https:\\\/\\\/www.vetorino.com\\\/boutique\\\/product\\\/furminator-deshedding-chat\\\/#primaryimage\",\"url\":\"https:\\\/\\\/www.vetorino.com\\\/boutique\\\/wp-content\\\/uploads\\\/2020\\\/03\\\/outil-deshedding-small-poils-courts-chat-65.jpg\",\"contentUrl\":\"https:\\\/\\\/www.vetorino.com\\\/boutique\\\/wp-content\\\/uploads\\\/2020\\\/03\\\/outil-deshedding-small-poils-courts-chat-65.jpg\",\"width\":700,\"height\":800},{\"@type\":\"BreadcrumbList\",\"@id\":\"https:\\\/\\\/www.vetorino.com\\\/boutique\\\/product\\\/furminator-deshedding-chat\\\/#breadcrumb\",\"itemListElement\":[{\"@type\":\"ListItem\",\"position\":1,\"name\":\"Accueil\",\"item\":\"https:\\\/\\\/www.vetorino.com\\\/boutique\\\/\"},{\"@type\":\"ListItem\",\"position\":2,\"name\":\"Produits\",\"item\":\"https:\\\/\\\/www.vetorino.com\\\/boutique\\\/\"},{\"@type\":\"ListItem\",\"position\":3,\"name\":\"Brosse Furminator chat\"}]},{\"@type\":\"WebSite\",\"@id\":\"https:\\\/\\\/www.vetorino.com\\\/boutique\\\/#website\",\"url\":\"https:\\\/\\\/www.vetorino.com\\\/boutique\\\/\",\"name\":\"V\u00e9torino\",\"description\":\"\",\"publisher\":{\"@id\":\"https:\\\/\\\/www.vetorino.com\\\/boutique\\\/#organization\"},\"potentialAction\":[{\"@type\":\"SearchAction\",\"target\":{\"@type\":\"EntryPoint\",\"urlTemplate\":\"https:\\\/\\\/www.vetorino.com\\\/boutique\\\/?s={search_term_string}\"},\"query-input\":{\"@type\":\"PropertyValueSpecification\",\"valueRequired\":true,\"valueName\":\"search_term_string\"}}],\"inLanguage\":\"fr-FR\"},{\"@type\":\"Organization\",\"@id\":\"https:\\\/\\\/www.vetorino.com\\\/boutique\\\/#organization\",\"name\":\"V\u00e9torino\",\"url\":\"https:\\\/\\\/www.vetorino.com\\\/boutique\\\/\",\"logo\":{\"@type\":\"ImageObject\",\"inLanguage\":\"fr-FR\",\"@id\":\"https:\\\/\\\/www.vetorino.com\\\/boutique\\\/#\\\/schema\\\/logo\\\/image\\\/\",\"url\":\"https:\\\/\\\/www.vetorino.com\\\/boutique\\\/wp-content\\\/uploads\\\/2024\\\/10\\\/logo.jpg\",\"contentUrl\":\"https:\\\/\\\/www.vetorino.com\\\/boutique\\\/wp-content\\\/uploads\\\/2024\\\/10\\\/logo.jpg\",\"width\":1200,\"height\":610,\"caption\":\"V\u00e9torino\"},\"image\":{\"@id\":\"https:\\\/\\\/www.vetorino.com\\\/boutique\\\/#\\\/schema\\\/logo\\\/image\\\/\"},\"sameAs\":[\"https:\\\/\\\/www.facebook.com\\\/Vetorino\\\/\",\"https:\\\/\\\/www.instagram.com\\\/vetorino_off\\\/\",\"https:\\\/\\\/www.linkedin.com\\\/company\\\/vtorino\\\/\"]}]}<\/script>\n<meta property=\"product:brand\" content=\"Furminator\" \/>\n<meta property=\"og:availability\" content=\"instock\" \/>\n<meta property=\"product:availability\" content=\"instock\" \/>\n<meta property=\"product:condition\" content=\"new\" \/>\n<!-- \/ Yoast SEO plugin. -->","yoast_head_json":{"title":"Brosse Furminator chat Furminator - V\u00e9torino","description":"L'outil\u00a0Undercoat \u00e9limine efficacement le sous-poil et les poils morts de votre\u00a0chat\u00a0et r\u00e9duit de pr\u00e8s de 90 % la perte de poils.","robots":{"index":"noindex","follow":"nofollow"},"og_locale":"fr_FR","og_type":"article","og_title":"Brosse Furminator chat Furminator - V\u00e9torino","og_description":"L'outil\u00a0Undercoat \u00e9limine efficacement le sous-poil et les poils morts de votre\u00a0chat\u00a0et r\u00e9duit de pr\u00e8s de 90 % la perte de poils.","og_url":"https:\/\/www.vetorino.com\/veterinaire\/prunelli-di-fiumorbo-20243\/boutique\/product\/furminator-deshedding-chat\/","og_site_name":"V\u00e9torino","article_publisher":"https:\/\/www.facebook.com\/Vetorino\/","article_modified_time":"2024-04-22T10:21:32+00:00","og_image":[{"width":700,"height":800,"url":"https:\/\/www.vetorino.com\/boutique\/wp-content\/uploads\/2020\/03\/outil-deshedding-small-poils-courts-chat-65.jpg","type":"image\/jpeg"}],"twitter_card":"summary_large_image","twitter_misc":{"Disponibilit\u00e9":"En stock"},"schema":{"@context":"https:\/\/schema.org","@graph":[{"@type":"WebPage","@id":"https:\/\/www.vetorino.com\/boutique\/product\/furminator-deshedding-chat\/","url":"https:\/\/www.vetorino.com\/boutique\/product\/furminator-deshedding-chat\/","name":"Brosse Furminator chat Furminator - V\u00e9torino","isPartOf":{"@id":"https:\/\/www.vetorino.com\/boutique\/#website"},"primaryImageOfPage":{"@id":"https:\/\/www.vetorino.com\/boutique\/product\/furminator-deshedding-chat\/#primaryimage"},"image":{"@id":"https:\/\/www.vetorino.com\/boutique\/product\/furminator-deshedding-chat\/#primaryimage"},"thumbnailUrl":"https:\/\/www.vetorino.com\/boutique\/wp-content\/uploads\/2020\/03\/outil-deshedding-small-poils-courts-chat-65.jpg","datePublished":"2020-03-04T21:02:28+00:00","dateModified":"2024-04-22T10:21:32+00:00","description":"L'outil\u00a0Undercoat \u00e9limine efficacement le sous-poil et les poils morts de votre\u00a0chat\u00a0et r\u00e9duit de pr\u00e8s de 90 % la perte de poils.","breadcrumb":{"@id":"https:\/\/www.vetorino.com\/boutique\/product\/furminator-deshedding-chat\/#breadcrumb"},"inLanguage":"fr-FR","potentialAction":[{"@type":"ReadAction","target":["https:\/\/www.vetorino.com\/boutique\/product\/furminator-deshedding-chat\/"]}]},{"@type":"ImageObject","inLanguage":"fr-FR","@id":"https:\/\/www.vetorino.com\/boutique\/product\/furminator-deshedding-chat\/#primaryimage","url":"https:\/\/www.vetorino.com\/boutique\/wp-content\/uploads\/2020\/03\/outil-deshedding-small-poils-courts-chat-65.jpg","contentUrl":"https:\/\/www.vetorino.com\/boutique\/wp-content\/uploads\/2020\/03\/outil-deshedding-small-poils-courts-chat-65.jpg","width":700,"height":800},{"@type":"BreadcrumbList","@id":"https:\/\/www.vetorino.com\/boutique\/product\/furminator-deshedding-chat\/#breadcrumb","itemListElement":[{"@type":"ListItem","position":1,"name":"Accueil","item":"https:\/\/www.vetorino.com\/boutique\/"},{"@type":"ListItem","position":2,"name":"Produits","item":"https:\/\/www.vetorino.com\/boutique\/"},{"@type":"ListItem","position":3,"name":"Brosse Furminator chat"}]},{"@type":"WebSite","@id":"https:\/\/www.vetorino.com\/boutique\/#website","url":"https:\/\/www.vetorino.com\/boutique\/","name":"V\u00e9torino","description":"","publisher":{"@id":"https:\/\/www.vetorino.com\/boutique\/#organization"},"potentialAction":[{"@type":"SearchAction","target":{"@type":"EntryPoint","urlTemplate":"https:\/\/www.vetorino.com\/boutique\/?s={search_term_string}"},"query-input":{"@type":"PropertyValueSpecification","valueRequired":true,"valueName":"search_term_string"}}],"inLanguage":"fr-FR"},{"@type":"Organization","@id":"https:\/\/www.vetorino.com\/boutique\/#organization","name":"V\u00e9torino","url":"https:\/\/www.vetorino.com\/boutique\/","logo":{"@type":"ImageObject","inLanguage":"fr-FR","@id":"https:\/\/www.vetorino.com\/boutique\/#\/schema\/logo\/image\/","url":"https:\/\/www.vetorino.com\/boutique\/wp-content\/uploads\/2024\/10\/logo.jpg","contentUrl":"https:\/\/www.vetorino.com\/boutique\/wp-content\/uploads\/2024\/10\/logo.jpg","width":1200,"height":610,"caption":"V\u00e9torino"},"image":{"@id":"https:\/\/www.vetorino.com\/boutique\/#\/schema\/logo\/image\/"},"sameAs":["https:\/\/www.facebook.com\/Vetorino\/","https:\/\/www.instagram.com\/vetorino_off\/","https:\/\/www.linkedin.com\/company\/vtorino\/"]}]},"product_brand":"Furminator","og_availability":"instock","product_availability":"instock","product_condition":"new"},"_links":{"self":[{"href":"https:\/\/www.vetorino.com\/veterinaire\/prunelli-di-fiumorbo-20243\/boutique\/wp-json\/wp\/v2\/product\/34537","targetHints":{"allow":["GET"]}}],"collection":[{"href":"https:\/\/www.vetorino.com\/veterinaire\/prunelli-di-fiumorbo-20243\/boutique\/wp-json\/wp\/v2\/product"}],"about":[{"href":"https:\/\/www.vetorino.com\/veterinaire\/prunelli-di-fiumorbo-20243\/boutique\/wp-json\/wp\/v2\/types\/product"}],"wp:featuredmedia":[{"embeddable":true,"href":"https:\/\/www.vetorino.com\/veterinaire\/prunelli-di-fiumorbo-20243\/boutique\/wp-json\/wp\/v2\/media\/77063"}],"wp:attachment":[{"href":"https:\/\/www.vetorino.com\/veterinaire\/prunelli-di-fiumorbo-20243\/boutique\/wp-json\/wp\/v2\/media?parent=34537"}],"wp:term":[{"taxonomy":"product_cat","embeddable":true,"href":"https:\/\/www.vetorino.com\/veterinaire\/prunelli-di-fiumorbo-20243\/boutique\/wp-json\/wp\/v2\/product_cat?post=34537"},{"taxonomy":"product_tag","embeddable":true,"href":"https:\/\/www.vetorino.com\/veterinaire\/prunelli-di-fiumorbo-20243\/boutique\/wp-json\/wp\/v2\/product_tag?post=34537"}],"curies":[{"name":"wp","href":"https:\/\/api.w.org\/{rel}","templated":true}]}}