{"id":34925,"date":"2020-03-04T22:04:42","date_gmt":"2020-03-04T21:04:42","guid":{"rendered":"https:\/\/www.vetorino.com\/boutique\/product\/tunnel-pour-rongeurs\/"},"modified":"2022-01-04T15:47:00","modified_gmt":"2022-01-04T14:47:00","slug":"tunnel-pour-rongeurs","status":"publish","type":"product","link":"https:\/\/www.vetorino.com\/veterinaire\/prunelli-di-fiumorbo-20243\/boutique\/product\/tunnel-pour-rongeurs\/","title":{"rendered":"Tunnel de jeu Rongeurs"},"content":{"rendered":"<div class=\"hidden\"><\/div>\n","protected":false},"excerpt":{"rendered":"<p>Le tunnel de jeu pour rongeurs permet de recr\u00e9er un espace semblable aux galeries d&#8217;un terrier, qui convient parfaitement \u00e0 votre lapin pour faire de l&#8217;exercice, pour son \u00e9quilibre et pour se divertir.<\/p>\n<p>Ce tunnel convient \u00e9galement aux gros rongeurs comme le chinchilla, le cochon d&#8217;Inde&#8230; ainsi qu&#8217;aux chatons.<\/p>\n","protected":false},"featured_media":77312,"template":"","meta":[],"product_cat":[12574,12575,2818,12563,15841,2727,12570,15842],"product_tag":[],"class_list":{"0":"post-34925","1":"product","2":"type-product","3":"status-publish","4":"has-post-thumbnail","6":"product_cat-accessoire-pour-lapin","7":"product_cat-accessoire-pour-rongeur","8":"product_cat-jouets-pour-lapin-et-rongeur","9":"product_cat-lapin","10":"product_cat-lapins","11":"product_cat-nac","12":"product_cat-rongeur","13":"product_cat-rongeurs","14":"pa_marque-kerbl","16":"first","17":"instock","18":"taxable","19":"shipping-taxable","20":"purchasable","21":"product-type-simple"},"yoast_head":"<!-- This site is optimized with the Yoast SEO plugin v27.3 - https:\/\/yoast.com\/product\/yoast-seo-wordpress\/ -->\n<title>Tunnel de jeu Rongeurs Kerbl - V\u00e9torino<\/title>\n<meta name=\"description\" content=\"Le tunnel de jeu pour rongeurs permet de recr\u00e9er un espace semblable aux galeries d&#039;un terrier, qui convient parfaitement \u00e0 votre lapin pour faire de l&#039;exercice, pour son \u00e9quilibre et pour se divertir.  Ce tunnel convient \u00e9galement aux gros rongeurs comme le chinchilla, le cochon d&#039;Inde... ainsi qu&#039;aux chatons.\" \/>\n<meta name=\"robots\" content=\"noindex, nofollow\" \/>\n<meta property=\"og:locale\" content=\"fr_FR\" \/>\n<meta property=\"og:type\" content=\"article\" \/>\n<meta property=\"og:title\" content=\"Tunnel de jeu Rongeurs Kerbl - V\u00e9torino\" \/>\n<meta property=\"og:description\" content=\"Le tunnel de jeu pour rongeurs permet de recr\u00e9er un espace semblable aux galeries d&#039;un terrier, qui convient parfaitement \u00e0 votre lapin pour faire de l&#039;exercice, pour son \u00e9quilibre et pour se divertir.  Ce tunnel convient \u00e9galement aux gros rongeurs comme le chinchilla, le cochon d&#039;Inde... ainsi qu&#039;aux chatons.\" \/>\n<meta property=\"og:url\" content=\"https:\/\/www.vetorino.com\/veterinaire\/prunelli-di-fiumorbo-20243\/boutique\/product\/tunnel-pour-rongeurs\/\" \/>\n<meta property=\"og:site_name\" content=\"V\u00e9torino\" \/>\n<meta property=\"article:publisher\" content=\"https:\/\/www.facebook.com\/Vetorino\/\" \/>\n<meta property=\"article:modified_time\" content=\"2022-01-04T14:47:00+00:00\" \/>\n<meta property=\"og:image\" content=\"https:\/\/www.vetorino.com\/boutique\/wp-content\/uploads\/2020\/03\/tunnel-rongeurs-60x25cm-14.jpg\" \/>\n\t<meta property=\"og:image:width\" content=\"800\" \/>\n\t<meta property=\"og:image:height\" content=\"800\" \/>\n\t<meta property=\"og:image:type\" content=\"image\/jpeg\" \/>\n<meta name=\"twitter:card\" content=\"summary_large_image\" \/>\n<meta name=\"twitter:label1\" content=\"Prix\" \/>\n\t<meta name=\"twitter:data1\" content=\"10,41&euro;\" \/>\n\t<meta name=\"twitter:label2\" content=\"Disponibilit\u00e9\" \/>\n\t<meta name=\"twitter:data2\" content=\"En stock\" \/>\n<script type=\"application\/ld+json\" class=\"yoast-schema-graph\">{\"@context\":\"https:\\\/\\\/schema.org\",\"@graph\":[{\"@type\":\"WebPage\",\"@id\":\"https:\\\/\\\/www.vetorino.com\\\/boutique\\\/product\\\/tunnel-pour-rongeurs\\\/\",\"url\":\"https:\\\/\\\/www.vetorino.com\\\/boutique\\\/product\\\/tunnel-pour-rongeurs\\\/\",\"name\":\"Tunnel de jeu Rongeurs Kerbl - V\u00e9torino\",\"isPartOf\":{\"@id\":\"https:\\\/\\\/www.vetorino.com\\\/boutique\\\/#website\"},\"primaryImageOfPage\":{\"@id\":\"https:\\\/\\\/www.vetorino.com\\\/boutique\\\/product\\\/tunnel-pour-rongeurs\\\/#primaryimage\"},\"image\":{\"@id\":\"https:\\\/\\\/www.vetorino.com\\\/boutique\\\/product\\\/tunnel-pour-rongeurs\\\/#primaryimage\"},\"thumbnailUrl\":\"https:\\\/\\\/www.vetorino.com\\\/boutique\\\/wp-content\\\/uploads\\\/2020\\\/03\\\/tunnel-rongeurs-60x25cm-14.jpg\",\"datePublished\":\"2020-03-04T21:04:42+00:00\",\"dateModified\":\"2022-01-04T14:47:00+00:00\",\"description\":\"Le tunnel de jeu pour rongeurs permet de recr\u00e9er un espace semblable aux galeries d'un terrier, qui convient parfaitement \u00e0 votre lapin pour faire de l'exercice, pour son \u00e9quilibre et pour se divertir. Ce tunnel convient \u00e9galement aux gros rongeurs comme le chinchilla, le cochon d'Inde... ainsi qu'aux chatons.\",\"breadcrumb\":{\"@id\":\"https:\\\/\\\/www.vetorino.com\\\/boutique\\\/product\\\/tunnel-pour-rongeurs\\\/#breadcrumb\"},\"inLanguage\":\"fr-FR\",\"potentialAction\":[{\"@type\":\"ReadAction\",\"target\":[\"https:\\\/\\\/www.vetorino.com\\\/boutique\\\/product\\\/tunnel-pour-rongeurs\\\/\"]}]},{\"@type\":\"ImageObject\",\"inLanguage\":\"fr-FR\",\"@id\":\"https:\\\/\\\/www.vetorino.com\\\/boutique\\\/product\\\/tunnel-pour-rongeurs\\\/#primaryimage\",\"url\":\"https:\\\/\\\/www.vetorino.com\\\/boutique\\\/wp-content\\\/uploads\\\/2020\\\/03\\\/tunnel-rongeurs-60x25cm-14.jpg\",\"contentUrl\":\"https:\\\/\\\/www.vetorino.com\\\/boutique\\\/wp-content\\\/uploads\\\/2020\\\/03\\\/tunnel-rongeurs-60x25cm-14.jpg\",\"width\":800,\"height\":800},{\"@type\":\"BreadcrumbList\",\"@id\":\"https:\\\/\\\/www.vetorino.com\\\/boutique\\\/product\\\/tunnel-pour-rongeurs\\\/#breadcrumb\",\"itemListElement\":[{\"@type\":\"ListItem\",\"position\":1,\"name\":\"Accueil\",\"item\":\"https:\\\/\\\/www.vetorino.com\\\/boutique\\\/\"},{\"@type\":\"ListItem\",\"position\":2,\"name\":\"Produits\",\"item\":\"https:\\\/\\\/www.vetorino.com\\\/boutique\\\/\"},{\"@type\":\"ListItem\",\"position\":3,\"name\":\"Tunnel de jeu Rongeurs\"}]},{\"@type\":\"WebSite\",\"@id\":\"https:\\\/\\\/www.vetorino.com\\\/boutique\\\/#website\",\"url\":\"https:\\\/\\\/www.vetorino.com\\\/boutique\\\/\",\"name\":\"V\u00e9torino\",\"description\":\"\",\"publisher\":{\"@id\":\"https:\\\/\\\/www.vetorino.com\\\/boutique\\\/#organization\"},\"potentialAction\":[{\"@type\":\"SearchAction\",\"target\":{\"@type\":\"EntryPoint\",\"urlTemplate\":\"https:\\\/\\\/www.vetorino.com\\\/boutique\\\/?s={search_term_string}\"},\"query-input\":{\"@type\":\"PropertyValueSpecification\",\"valueRequired\":true,\"valueName\":\"search_term_string\"}}],\"inLanguage\":\"fr-FR\"},{\"@type\":\"Organization\",\"@id\":\"https:\\\/\\\/www.vetorino.com\\\/boutique\\\/#organization\",\"name\":\"V\u00e9torino\",\"url\":\"https:\\\/\\\/www.vetorino.com\\\/boutique\\\/\",\"logo\":{\"@type\":\"ImageObject\",\"inLanguage\":\"fr-FR\",\"@id\":\"https:\\\/\\\/www.vetorino.com\\\/boutique\\\/#\\\/schema\\\/logo\\\/image\\\/\",\"url\":\"https:\\\/\\\/www.vetorino.com\\\/boutique\\\/wp-content\\\/uploads\\\/2024\\\/10\\\/logo.jpg\",\"contentUrl\":\"https:\\\/\\\/www.vetorino.com\\\/boutique\\\/wp-content\\\/uploads\\\/2024\\\/10\\\/logo.jpg\",\"width\":1200,\"height\":610,\"caption\":\"V\u00e9torino\"},\"image\":{\"@id\":\"https:\\\/\\\/www.vetorino.com\\\/boutique\\\/#\\\/schema\\\/logo\\\/image\\\/\"},\"sameAs\":[\"https:\\\/\\\/www.facebook.com\\\/Vetorino\\\/\",\"https:\\\/\\\/www.instagram.com\\\/vetorino_off\\\/\",\"https:\\\/\\\/www.linkedin.com\\\/company\\\/vtorino\\\/\"]}]}<\/script>\n<meta property=\"product:brand\" content=\"Kerbl\" \/>\n<meta property=\"product:price:amount\" content=\"10.41\" \/>\n<meta property=\"product:price:currency\" content=\"EUR\" \/>\n<meta property=\"og:availability\" content=\"instock\" \/>\n<meta property=\"product:availability\" content=\"instock\" \/>\n<meta property=\"product:retailer_item_id\" content=\"A-8222823\" \/>\n<meta property=\"product:condition\" content=\"new\" \/>\n<!-- \/ Yoast SEO plugin. -->","yoast_head_json":{"title":"Tunnel de jeu Rongeurs Kerbl - V\u00e9torino","description":"Le tunnel de jeu pour rongeurs permet de recr\u00e9er un espace semblable aux galeries d'un terrier, qui convient parfaitement \u00e0 votre lapin pour faire de l'exercice, pour son \u00e9quilibre et pour se divertir.  Ce tunnel convient \u00e9galement aux gros rongeurs comme le chinchilla, le cochon d'Inde... ainsi qu'aux chatons.","robots":{"index":"noindex","follow":"nofollow"},"og_locale":"fr_FR","og_type":"article","og_title":"Tunnel de jeu Rongeurs Kerbl - V\u00e9torino","og_description":"Le tunnel de jeu pour rongeurs permet de recr\u00e9er un espace semblable aux galeries d'un terrier, qui convient parfaitement \u00e0 votre lapin pour faire de l'exercice, pour son \u00e9quilibre et pour se divertir.  Ce tunnel convient \u00e9galement aux gros rongeurs comme le chinchilla, le cochon d'Inde... ainsi qu'aux chatons.","og_url":"https:\/\/www.vetorino.com\/veterinaire\/prunelli-di-fiumorbo-20243\/boutique\/product\/tunnel-pour-rongeurs\/","og_site_name":"V\u00e9torino","article_publisher":"https:\/\/www.facebook.com\/Vetorino\/","article_modified_time":"2022-01-04T14:47:00+00:00","og_image":[{"width":800,"height":800,"url":"https:\/\/www.vetorino.com\/boutique\/wp-content\/uploads\/2020\/03\/tunnel-rongeurs-60x25cm-14.jpg","type":"image\/jpeg"}],"twitter_card":"summary_large_image","twitter_misc":{"Prix":"10,41&euro;","Disponibilit\u00e9":"En stock"},"schema":{"@context":"https:\/\/schema.org","@graph":[{"@type":"WebPage","@id":"https:\/\/www.vetorino.com\/boutique\/product\/tunnel-pour-rongeurs\/","url":"https:\/\/www.vetorino.com\/boutique\/product\/tunnel-pour-rongeurs\/","name":"Tunnel de jeu Rongeurs Kerbl - V\u00e9torino","isPartOf":{"@id":"https:\/\/www.vetorino.com\/boutique\/#website"},"primaryImageOfPage":{"@id":"https:\/\/www.vetorino.com\/boutique\/product\/tunnel-pour-rongeurs\/#primaryimage"},"image":{"@id":"https:\/\/www.vetorino.com\/boutique\/product\/tunnel-pour-rongeurs\/#primaryimage"},"thumbnailUrl":"https:\/\/www.vetorino.com\/boutique\/wp-content\/uploads\/2020\/03\/tunnel-rongeurs-60x25cm-14.jpg","datePublished":"2020-03-04T21:04:42+00:00","dateModified":"2022-01-04T14:47:00+00:00","description":"Le tunnel de jeu pour rongeurs permet de recr\u00e9er un espace semblable aux galeries d'un terrier, qui convient parfaitement \u00e0 votre lapin pour faire de l'exercice, pour son \u00e9quilibre et pour se divertir. Ce tunnel convient \u00e9galement aux gros rongeurs comme le chinchilla, le cochon d'Inde... ainsi qu'aux chatons.","breadcrumb":{"@id":"https:\/\/www.vetorino.com\/boutique\/product\/tunnel-pour-rongeurs\/#breadcrumb"},"inLanguage":"fr-FR","potentialAction":[{"@type":"ReadAction","target":["https:\/\/www.vetorino.com\/boutique\/product\/tunnel-pour-rongeurs\/"]}]},{"@type":"ImageObject","inLanguage":"fr-FR","@id":"https:\/\/www.vetorino.com\/boutique\/product\/tunnel-pour-rongeurs\/#primaryimage","url":"https:\/\/www.vetorino.com\/boutique\/wp-content\/uploads\/2020\/03\/tunnel-rongeurs-60x25cm-14.jpg","contentUrl":"https:\/\/www.vetorino.com\/boutique\/wp-content\/uploads\/2020\/03\/tunnel-rongeurs-60x25cm-14.jpg","width":800,"height":800},{"@type":"BreadcrumbList","@id":"https:\/\/www.vetorino.com\/boutique\/product\/tunnel-pour-rongeurs\/#breadcrumb","itemListElement":[{"@type":"ListItem","position":1,"name":"Accueil","item":"https:\/\/www.vetorino.com\/boutique\/"},{"@type":"ListItem","position":2,"name":"Produits","item":"https:\/\/www.vetorino.com\/boutique\/"},{"@type":"ListItem","position":3,"name":"Tunnel de jeu Rongeurs"}]},{"@type":"WebSite","@id":"https:\/\/www.vetorino.com\/boutique\/#website","url":"https:\/\/www.vetorino.com\/boutique\/","name":"V\u00e9torino","description":"","publisher":{"@id":"https:\/\/www.vetorino.com\/boutique\/#organization"},"potentialAction":[{"@type":"SearchAction","target":{"@type":"EntryPoint","urlTemplate":"https:\/\/www.vetorino.com\/boutique\/?s={search_term_string}"},"query-input":{"@type":"PropertyValueSpecification","valueRequired":true,"valueName":"search_term_string"}}],"inLanguage":"fr-FR"},{"@type":"Organization","@id":"https:\/\/www.vetorino.com\/boutique\/#organization","name":"V\u00e9torino","url":"https:\/\/www.vetorino.com\/boutique\/","logo":{"@type":"ImageObject","inLanguage":"fr-FR","@id":"https:\/\/www.vetorino.com\/boutique\/#\/schema\/logo\/image\/","url":"https:\/\/www.vetorino.com\/boutique\/wp-content\/uploads\/2024\/10\/logo.jpg","contentUrl":"https:\/\/www.vetorino.com\/boutique\/wp-content\/uploads\/2024\/10\/logo.jpg","width":1200,"height":610,"caption":"V\u00e9torino"},"image":{"@id":"https:\/\/www.vetorino.com\/boutique\/#\/schema\/logo\/image\/"},"sameAs":["https:\/\/www.facebook.com\/Vetorino\/","https:\/\/www.instagram.com\/vetorino_off\/","https:\/\/www.linkedin.com\/company\/vtorino\/"]}]},"product_brand":"Kerbl","product_price_amount":"10.41","product_price_currency":"EUR","og_availability":"instock","product_availability":"instock","product_retailer_item_id":"A-8222823","product_condition":"new"},"_links":{"self":[{"href":"https:\/\/www.vetorino.com\/veterinaire\/prunelli-di-fiumorbo-20243\/boutique\/wp-json\/wp\/v2\/product\/34925","targetHints":{"allow":["GET"]}}],"collection":[{"href":"https:\/\/www.vetorino.com\/veterinaire\/prunelli-di-fiumorbo-20243\/boutique\/wp-json\/wp\/v2\/product"}],"about":[{"href":"https:\/\/www.vetorino.com\/veterinaire\/prunelli-di-fiumorbo-20243\/boutique\/wp-json\/wp\/v2\/types\/product"}],"wp:featuredmedia":[{"embeddable":true,"href":"https:\/\/www.vetorino.com\/veterinaire\/prunelli-di-fiumorbo-20243\/boutique\/wp-json\/wp\/v2\/media\/77312"}],"wp:attachment":[{"href":"https:\/\/www.vetorino.com\/veterinaire\/prunelli-di-fiumorbo-20243\/boutique\/wp-json\/wp\/v2\/media?parent=34925"}],"wp:term":[{"taxonomy":"product_cat","embeddable":true,"href":"https:\/\/www.vetorino.com\/veterinaire\/prunelli-di-fiumorbo-20243\/boutique\/wp-json\/wp\/v2\/product_cat?post=34925"},{"taxonomy":"product_tag","embeddable":true,"href":"https:\/\/www.vetorino.com\/veterinaire\/prunelli-di-fiumorbo-20243\/boutique\/wp-json\/wp\/v2\/product_tag?post=34925"}],"curies":[{"name":"wp","href":"https:\/\/api.w.org\/{rel}","templated":true}]}}