{"id":35089,"date":"2020-03-04T22:05:42","date_gmt":"2020-03-04T21:05:42","guid":{"rendered":"https:\/\/www.vetorino.com\/boutique\/product\/dog-urinary-s-o-small-dog\/"},"modified":"2025-11-17T17:56:54","modified_gmt":"2025-11-17T16:56:54","slug":"dog-urinary-s-o-small-dog","status":"publish","type":"product","link":"https:\/\/www.vetorino.com\/veterinaire\/prunelli-di-fiumorbo-20243\/boutique\/product\/dog-urinary-s-o-small-dog\/","title":{"rendered":"Urinary S\/O Small Dog"},"content":{"rendered":"<p class=\"page-title\"><strong>Dog Urinary S\/O Small Dog est un aliment di\u00e9t\u00e9tique complet pour petit chien adulte ayant une affection du bas appareil urinaire.<\/strong><\/p>\n<p><strong>Utilisation :<\/strong><\/p>\n<ul>\n<li>Gestion, pr\u00e9vention et dissolution des calculs\u00a0urinaires<\/li>\n<li>Cystite bact\u00e9rienne<\/li>\n<li>Chiens de petite taille (moins de 10 kg)<\/li>\n<\/ul>\n<p><strong>Contre indications :<\/strong><\/p>\n<ul>\n<li>Insuffisance cardiaque<\/li>\n<li>Chienne en gestation ou en lactation<\/li>\n<li>Chiot<\/li>\n<\/ul>\n<p><strong>Bienfaits essentiels :<\/strong><\/p>\n<ul>\n<li>\n<div class=\"text\">Urinary S\/O Canine permet de\u00a0<strong>dissoudre efficacement les calculs de struvite<\/strong>.<\/div>\n<\/li>\n<li>\n<div class=\"text\">Rend\u00a0le milieu urinaire\u00a0<strong>d\u00e9favorable au d\u00e9veloppement des cristaux de struvite et d&#8217;oxalate de calcium<\/strong>.<\/div>\n<\/li>\n<li>\n<div class=\"text\">Diluer l&#8217;urine permet de r\u00e9duire simultan\u00e9ment les concentrations urinaires de struvite et d&#8217;oxalate de calcium. De plus accro\u00eetre le volume urinaire permet un<strong>\u00a0rin\u00e7age r\u00e9gulier de la vessie<\/strong>.<\/div>\n<\/li>\n<\/ul>\n<p><strong>Cet aliment est destin\u00e9 \u00e0 la prise en charge nutritionnelle d\u2019une maladie. Pour la sant\u00e9 de votre chien, il est recommand\u00e9 de consulter votre v\u00e9t\u00e9rinaire et de respecter scrupuleusement ses recommandations nutritionnelles.<\/strong><\/p>\n","protected":false},"excerpt":{"rendered":"<p><b><strong>Dog Urinary S\/O Small Dog est un aliment di\u00e9t\u00e9tique complet pour petit chien adulte ayant une affection du bas appareil urinaire.<\/strong><\/b><\/p>\n<p><b><strong>Utilisation :<\/strong><\/b><\/p>\n<ul>\n<li>Gestion, pr\u00e9vention et dissolution des calculs\u00a0urinaires<\/li>\n<li>Cystite bact\u00e9rienne<\/li>\n<li>Chiens de petite taille (moins de 10 kg)<\/li>\n<\/ul>\n","protected":false},"featured_media":896149,"template":"","meta":[],"product_cat":[12552,12582,2698],"product_tag":[],"class_list":{"0":"post-35089","1":"product","2":"type-product","3":"status-publish","4":"has-post-thumbnail","6":"product_cat-alimentation-du-chien","7":"product_cat-alimentation-medicalisee-pour-chien","8":"product_cat-chien","9":"pa_marque-royal-canin","11":"first","12":"instock","13":"taxable","14":"shipping-taxable","15":"purchasable","16":"product-type-variable"},"yoast_head":"<!-- This site is optimized with the Yoast SEO plugin v27.3 - https:\/\/yoast.com\/product\/yoast-seo-wordpress\/ -->\n<title>Veterinary Diet (Royal Canin) Urinary S\/O Small Dog Royal Canin - V\u00e9torino<\/title>\n<meta name=\"description\" content=\"Urinary S\/O Small Dog est un aliment di\u00e9t\u00e9tique complet pour petit chien adulte ayant une affection du bas appareil urinaire.\" \/>\n<meta name=\"robots\" content=\"noindex, nofollow\" \/>\n<meta property=\"og:locale\" content=\"fr_FR\" \/>\n<meta property=\"og:type\" content=\"article\" \/>\n<meta property=\"og:title\" content=\"Veterinary Diet (Royal Canin) Urinary S\/O Small Dog Royal Canin - V\u00e9torino\" \/>\n<meta property=\"og:description\" content=\"Urinary S\/O Small Dog est un aliment di\u00e9t\u00e9tique complet pour petit chien adulte ayant une affection du bas appareil urinaire.\" \/>\n<meta property=\"og:url\" content=\"https:\/\/www.vetorino.com\/veterinaire\/prunelli-di-fiumorbo-20243\/boutique\/product\/dog-urinary-s-o-small-dog\/\" \/>\n<meta property=\"og:site_name\" content=\"V\u00e9torino\" \/>\n<meta property=\"article:publisher\" content=\"https:\/\/www.facebook.com\/Vetorino\/\" \/>\n<meta property=\"article:modified_time\" content=\"2025-11-17T16:56:54+00:00\" \/>\n<meta property=\"og:image\" content=\"https:\/\/www.vetorino.com\/boutique\/wp-content\/uploads\/2020\/06\/urinary-so-small-dog.jpg\" \/>\n\t<meta property=\"og:image:width\" content=\"800\" \/>\n\t<meta property=\"og:image:height\" content=\"800\" \/>\n\t<meta property=\"og:image:type\" content=\"image\/jpeg\" \/>\n<meta name=\"twitter:card\" content=\"summary_large_image\" \/>\n<meta name=\"twitter:label1\" content=\"Disponibilit\u00e9\" \/>\n\t<meta name=\"twitter:data1\" content=\"En stock\" \/>\n<script type=\"application\/ld+json\" class=\"yoast-schema-graph\">{\"@context\":\"https:\\\/\\\/schema.org\",\"@graph\":[{\"@type\":\"WebPage\",\"@id\":\"https:\\\/\\\/www.vetorino.com\\\/veterinaire\\\/briancon-05100\\\/boutique\\\/product\\\/dog-urinary-s-o-small-dog\\\/\",\"url\":\"https:\\\/\\\/www.vetorino.com\\\/veterinaire\\\/briancon-05100\\\/boutique\\\/product\\\/dog-urinary-s-o-small-dog\\\/\",\"name\":\"Veterinary Diet (Royal Canin) Urinary S\\\/O Small Dog Royal Canin - V\u00e9torino\",\"isPartOf\":{\"@id\":\"https:\\\/\\\/www.vetorino.com\\\/boutique\\\/#website\"},\"primaryImageOfPage\":{\"@id\":\"https:\\\/\\\/www.vetorino.com\\\/veterinaire\\\/briancon-05100\\\/boutique\\\/product\\\/dog-urinary-s-o-small-dog\\\/#primaryimage\"},\"image\":{\"@id\":\"https:\\\/\\\/www.vetorino.com\\\/veterinaire\\\/briancon-05100\\\/boutique\\\/product\\\/dog-urinary-s-o-small-dog\\\/#primaryimage\"},\"thumbnailUrl\":\"https:\\\/\\\/www.vetorino.com\\\/boutique\\\/wp-content\\\/uploads\\\/2020\\\/06\\\/urinary-so-small-dog.jpg\",\"datePublished\":\"2020-03-04T21:05:42+00:00\",\"dateModified\":\"2025-11-17T16:56:54+00:00\",\"description\":\"Urinary S\\\/O Small Dog est un aliment di\u00e9t\u00e9tique complet pour petit chien adulte ayant une affection du bas appareil urinaire.\",\"breadcrumb\":{\"@id\":\"https:\\\/\\\/www.vetorino.com\\\/veterinaire\\\/briancon-05100\\\/boutique\\\/product\\\/dog-urinary-s-o-small-dog\\\/#breadcrumb\"},\"inLanguage\":\"fr-FR\",\"potentialAction\":[{\"@type\":\"ReadAction\",\"target\":[\"https:\\\/\\\/www.vetorino.com\\\/veterinaire\\\/briancon-05100\\\/boutique\\\/product\\\/dog-urinary-s-o-small-dog\\\/\"]}]},{\"@type\":\"ImageObject\",\"inLanguage\":\"fr-FR\",\"@id\":\"https:\\\/\\\/www.vetorino.com\\\/veterinaire\\\/briancon-05100\\\/boutique\\\/product\\\/dog-urinary-s-o-small-dog\\\/#primaryimage\",\"url\":\"https:\\\/\\\/www.vetorino.com\\\/boutique\\\/wp-content\\\/uploads\\\/2020\\\/06\\\/urinary-so-small-dog.jpg\",\"contentUrl\":\"https:\\\/\\\/www.vetorino.com\\\/boutique\\\/wp-content\\\/uploads\\\/2020\\\/06\\\/urinary-so-small-dog.jpg\",\"width\":800,\"height\":800},{\"@type\":\"BreadcrumbList\",\"@id\":\"https:\\\/\\\/www.vetorino.com\\\/veterinaire\\\/briancon-05100\\\/boutique\\\/product\\\/dog-urinary-s-o-small-dog\\\/#breadcrumb\",\"itemListElement\":[{\"@type\":\"ListItem\",\"position\":1,\"name\":\"Accueil\",\"item\":\"https:\\\/\\\/www.vetorino.com\\\/boutique\\\/\"},{\"@type\":\"ListItem\",\"position\":2,\"name\":\"Produits\",\"item\":\"https:\\\/\\\/www.vetorino.com\\\/boutique\\\/\"},{\"@type\":\"ListItem\",\"position\":3,\"name\":\"Urinary S\\\/O Small Dog\"}]},{\"@type\":\"WebSite\",\"@id\":\"https:\\\/\\\/www.vetorino.com\\\/boutique\\\/#website\",\"url\":\"https:\\\/\\\/www.vetorino.com\\\/boutique\\\/\",\"name\":\"V\u00e9torino\",\"description\":\"\",\"publisher\":{\"@id\":\"https:\\\/\\\/www.vetorino.com\\\/boutique\\\/#organization\"},\"potentialAction\":[{\"@type\":\"SearchAction\",\"target\":{\"@type\":\"EntryPoint\",\"urlTemplate\":\"https:\\\/\\\/www.vetorino.com\\\/boutique\\\/?s={search_term_string}\"},\"query-input\":{\"@type\":\"PropertyValueSpecification\",\"valueRequired\":true,\"valueName\":\"search_term_string\"}}],\"inLanguage\":\"fr-FR\"},{\"@type\":\"Organization\",\"@id\":\"https:\\\/\\\/www.vetorino.com\\\/boutique\\\/#organization\",\"name\":\"V\u00e9torino\",\"url\":\"https:\\\/\\\/www.vetorino.com\\\/boutique\\\/\",\"logo\":{\"@type\":\"ImageObject\",\"inLanguage\":\"fr-FR\",\"@id\":\"https:\\\/\\\/www.vetorino.com\\\/boutique\\\/#\\\/schema\\\/logo\\\/image\\\/\",\"url\":\"https:\\\/\\\/www.vetorino.com\\\/boutique\\\/wp-content\\\/uploads\\\/2024\\\/10\\\/logo.jpg\",\"contentUrl\":\"https:\\\/\\\/www.vetorino.com\\\/boutique\\\/wp-content\\\/uploads\\\/2024\\\/10\\\/logo.jpg\",\"width\":1200,\"height\":610,\"caption\":\"V\u00e9torino\"},\"image\":{\"@id\":\"https:\\\/\\\/www.vetorino.com\\\/boutique\\\/#\\\/schema\\\/logo\\\/image\\\/\"},\"sameAs\":[\"https:\\\/\\\/www.facebook.com\\\/Vetorino\\\/\",\"https:\\\/\\\/www.instagram.com\\\/vetorino_off\\\/\",\"https:\\\/\\\/www.linkedin.com\\\/company\\\/vtorino\\\/\"]}]}<\/script>\n<meta property=\"product:brand\" content=\"Royal Canin\" \/>\n<meta property=\"og:availability\" content=\"instock\" \/>\n<meta property=\"product:availability\" content=\"instock\" \/>\n<meta property=\"product:condition\" content=\"new\" \/>\n<!-- \/ Yoast SEO plugin. -->","yoast_head_json":{"title":"Veterinary Diet (Royal Canin) Urinary S\/O Small Dog Royal Canin - V\u00e9torino","description":"Urinary S\/O Small Dog est un aliment di\u00e9t\u00e9tique complet pour petit chien adulte ayant une affection du bas appareil urinaire.","robots":{"index":"noindex","follow":"nofollow"},"og_locale":"fr_FR","og_type":"article","og_title":"Veterinary Diet (Royal Canin) Urinary S\/O Small Dog Royal Canin - V\u00e9torino","og_description":"Urinary S\/O Small Dog est un aliment di\u00e9t\u00e9tique complet pour petit chien adulte ayant une affection du bas appareil urinaire.","og_url":"https:\/\/www.vetorino.com\/veterinaire\/prunelli-di-fiumorbo-20243\/boutique\/product\/dog-urinary-s-o-small-dog\/","og_site_name":"V\u00e9torino","article_publisher":"https:\/\/www.facebook.com\/Vetorino\/","article_modified_time":"2025-11-17T16:56:54+00:00","og_image":[{"width":800,"height":800,"url":"https:\/\/www.vetorino.com\/boutique\/wp-content\/uploads\/2020\/06\/urinary-so-small-dog.jpg","type":"image\/jpeg"}],"twitter_card":"summary_large_image","twitter_misc":{"Disponibilit\u00e9":"En stock"},"schema":{"@context":"https:\/\/schema.org","@graph":[{"@type":"WebPage","@id":"https:\/\/www.vetorino.com\/veterinaire\/briancon-05100\/boutique\/product\/dog-urinary-s-o-small-dog\/","url":"https:\/\/www.vetorino.com\/veterinaire\/briancon-05100\/boutique\/product\/dog-urinary-s-o-small-dog\/","name":"Veterinary Diet (Royal Canin) Urinary S\/O Small Dog Royal Canin - V\u00e9torino","isPartOf":{"@id":"https:\/\/www.vetorino.com\/boutique\/#website"},"primaryImageOfPage":{"@id":"https:\/\/www.vetorino.com\/veterinaire\/briancon-05100\/boutique\/product\/dog-urinary-s-o-small-dog\/#primaryimage"},"image":{"@id":"https:\/\/www.vetorino.com\/veterinaire\/briancon-05100\/boutique\/product\/dog-urinary-s-o-small-dog\/#primaryimage"},"thumbnailUrl":"https:\/\/www.vetorino.com\/boutique\/wp-content\/uploads\/2020\/06\/urinary-so-small-dog.jpg","datePublished":"2020-03-04T21:05:42+00:00","dateModified":"2025-11-17T16:56:54+00:00","description":"Urinary S\/O Small Dog est un aliment di\u00e9t\u00e9tique complet pour petit chien adulte ayant une affection du bas appareil urinaire.","breadcrumb":{"@id":"https:\/\/www.vetorino.com\/veterinaire\/briancon-05100\/boutique\/product\/dog-urinary-s-o-small-dog\/#breadcrumb"},"inLanguage":"fr-FR","potentialAction":[{"@type":"ReadAction","target":["https:\/\/www.vetorino.com\/veterinaire\/briancon-05100\/boutique\/product\/dog-urinary-s-o-small-dog\/"]}]},{"@type":"ImageObject","inLanguage":"fr-FR","@id":"https:\/\/www.vetorino.com\/veterinaire\/briancon-05100\/boutique\/product\/dog-urinary-s-o-small-dog\/#primaryimage","url":"https:\/\/www.vetorino.com\/boutique\/wp-content\/uploads\/2020\/06\/urinary-so-small-dog.jpg","contentUrl":"https:\/\/www.vetorino.com\/boutique\/wp-content\/uploads\/2020\/06\/urinary-so-small-dog.jpg","width":800,"height":800},{"@type":"BreadcrumbList","@id":"https:\/\/www.vetorino.com\/veterinaire\/briancon-05100\/boutique\/product\/dog-urinary-s-o-small-dog\/#breadcrumb","itemListElement":[{"@type":"ListItem","position":1,"name":"Accueil","item":"https:\/\/www.vetorino.com\/boutique\/"},{"@type":"ListItem","position":2,"name":"Produits","item":"https:\/\/www.vetorino.com\/boutique\/"},{"@type":"ListItem","position":3,"name":"Urinary S\/O Small Dog"}]},{"@type":"WebSite","@id":"https:\/\/www.vetorino.com\/boutique\/#website","url":"https:\/\/www.vetorino.com\/boutique\/","name":"V\u00e9torino","description":"","publisher":{"@id":"https:\/\/www.vetorino.com\/boutique\/#organization"},"potentialAction":[{"@type":"SearchAction","target":{"@type":"EntryPoint","urlTemplate":"https:\/\/www.vetorino.com\/boutique\/?s={search_term_string}"},"query-input":{"@type":"PropertyValueSpecification","valueRequired":true,"valueName":"search_term_string"}}],"inLanguage":"fr-FR"},{"@type":"Organization","@id":"https:\/\/www.vetorino.com\/boutique\/#organization","name":"V\u00e9torino","url":"https:\/\/www.vetorino.com\/boutique\/","logo":{"@type":"ImageObject","inLanguage":"fr-FR","@id":"https:\/\/www.vetorino.com\/boutique\/#\/schema\/logo\/image\/","url":"https:\/\/www.vetorino.com\/boutique\/wp-content\/uploads\/2024\/10\/logo.jpg","contentUrl":"https:\/\/www.vetorino.com\/boutique\/wp-content\/uploads\/2024\/10\/logo.jpg","width":1200,"height":610,"caption":"V\u00e9torino"},"image":{"@id":"https:\/\/www.vetorino.com\/boutique\/#\/schema\/logo\/image\/"},"sameAs":["https:\/\/www.facebook.com\/Vetorino\/","https:\/\/www.instagram.com\/vetorino_off\/","https:\/\/www.linkedin.com\/company\/vtorino\/"]}]},"product_brand":"Royal Canin","og_availability":"instock","product_availability":"instock","product_condition":"new"},"_links":{"self":[{"href":"https:\/\/www.vetorino.com\/veterinaire\/prunelli-di-fiumorbo-20243\/boutique\/wp-json\/wp\/v2\/product\/35089","targetHints":{"allow":["GET"]}}],"collection":[{"href":"https:\/\/www.vetorino.com\/veterinaire\/prunelli-di-fiumorbo-20243\/boutique\/wp-json\/wp\/v2\/product"}],"about":[{"href":"https:\/\/www.vetorino.com\/veterinaire\/prunelli-di-fiumorbo-20243\/boutique\/wp-json\/wp\/v2\/types\/product"}],"wp:featuredmedia":[{"embeddable":true,"href":"https:\/\/www.vetorino.com\/veterinaire\/prunelli-di-fiumorbo-20243\/boutique\/wp-json\/wp\/v2\/media\/896149"}],"wp:attachment":[{"href":"https:\/\/www.vetorino.com\/veterinaire\/prunelli-di-fiumorbo-20243\/boutique\/wp-json\/wp\/v2\/media?parent=35089"}],"wp:term":[{"taxonomy":"product_cat","embeddable":true,"href":"https:\/\/www.vetorino.com\/veterinaire\/prunelli-di-fiumorbo-20243\/boutique\/wp-json\/wp\/v2\/product_cat?post=35089"},{"taxonomy":"product_tag","embeddable":true,"href":"https:\/\/www.vetorino.com\/veterinaire\/prunelli-di-fiumorbo-20243\/boutique\/wp-json\/wp\/v2\/product_tag?post=35089"}],"curies":[{"name":"wp","href":"https:\/\/api.w.org\/{rel}","templated":true}]}}