{"id":35211,"date":"2020-03-04T22:54:29","date_gmt":"2020-03-04T21:54:29","guid":{"rendered":"https:\/\/www.vetorino.com\/boutique\/product\/megaderm-monodose-chien-et-grand-chien\/"},"modified":"2025-02-06T12:08:22","modified_gmt":"2025-02-06T11:08:22","slug":"megaderm-monodose-chien-et-grand-chien","status":"publish","type":"product","link":"https:\/\/www.vetorino.com\/veterinaire\/prunelli-di-fiumorbo-20243\/boutique\/product\/megaderm-monodose-chien-et-grand-chien\/","title":{"rendered":"Compl\u00e9ment MEGADERM MONODOSE Chien"},"content":{"rendered":"<div class=\"hidden\">\n<p>&nbsp;<\/p>\n<ul>\n<li>En cas de dermatose ou de d\u00e9pilation<\/li>\n<li>Pour\u00a0chien de\u00a0plus\u00a0de 10 kg<\/li>\n<\/ul>\n<p><strong><br \/>\nMode d\u2019emploi :<\/strong><\/p>\n<ul>\n<li>Pour ouvrir le sachet, d\u00e9chirer ou d\u00e9couper le long des pointill\u00e9s.<\/li>\n<li>D\u00e9verser le contenu du sachet sur la nourriture habituelle de votre animal puis m\u00e9langer. 1 sachet par jour jusqu\u2019\u00e0 deux mois.<\/li>\n<li>Il est recommand\u00e9 de demander conseil \u00e0 un v\u00e9t\u00e9rinaire avant l\u2019administration ou la prolongation de la dur\u00e9e d\u2019administration.<\/li>\n<\/ul>\n<p><strong>Avantages :<\/strong><\/p>\n<ul>\n<li>L&#8217;aliment compl\u00e9mentaire MEGADERM\u00ae\u00a0contient\u00a0des\u00a0acides gras essentiels (AGE) de la famille des omega-3 (\u03c93) et omega-6 (\u03c96), <strong>en quantit\u00e9s et proportions optimales<\/strong>.<\/li>\n<li>Aide \u00e0 la <strong>restauration de l\u2019int\u00e9grit\u00e9<\/strong> de la peau.<\/li>\n<li>Contribue \u00e0 <strong>r\u00e9duire les rougeurs<\/strong> et les d\u00e9mangeaisons.<\/li>\n<li>MEGADERM\u00ae\u00a0est <strong>app\u00e9tent<\/strong> pour les chats et les chiens.<\/li>\n<\/ul>\n<\/div>\n","protected":false},"excerpt":{"rendered":"<p>MEGADERM est \u00e0 utiliser\u00a0en soutien de la fonction dermique en cas de dermatose et de d\u00e9pilation.<br \/>\nL&#8217;aliment compl\u00e9mentaire di\u00e9t\u00e9tique peut aussi vous aider \u00e0\u00a0prendre soin de la peau et du pelage de votre chien<\/p>\n","protected":false},"featured_media":304120,"template":"","meta":[],"product_cat":[2698,12612,12561,12568],"product_tag":[],"class_list":{"0":"post-35211","1":"product","2":"type-product","3":"status-publish","4":"has-post-thumbnail","6":"product_cat-chien","7":"product_cat-hygiene-de-la-peau-et-du-pelage-du-chien","8":"product_cat-hygiene-du-chien","9":"product_cat-produit-veterinaire-du-chien","10":"pa_marque-virbac","12":"first","13":"instock","14":"taxable","15":"shipping-taxable","16":"purchasable","17":"product-type-simple"},"yoast_head":"<!-- This site is optimized with the Yoast SEO plugin v27.3 - https:\/\/yoast.com\/product\/yoast-seo-wordpress\/ -->\n<title>Compl\u00e9ment MEGADERM MONODOSE Chien Virbac - V\u00e9torino<\/title>\n<meta name=\"description\" content=\"MEGADERM est \u00e0 utiliser\u00a0en soutien de la fonction dermique en cas de dermatose et de d\u00e9pilation. L&#039;aliment compl\u00e9mentaire di\u00e9t\u00e9tique peut aussi vous aider \u00e0\u00a0prendre soin de la peau et du pelage de votre chien\" \/>\n<meta name=\"robots\" content=\"noindex, nofollow\" \/>\n<meta property=\"og:locale\" content=\"fr_FR\" \/>\n<meta property=\"og:type\" content=\"article\" \/>\n<meta property=\"og:title\" content=\"Compl\u00e9ment MEGADERM MONODOSE Chien Virbac - V\u00e9torino\" \/>\n<meta property=\"og:description\" content=\"MEGADERM est \u00e0 utiliser\u00a0en soutien de la fonction dermique en cas de dermatose et de d\u00e9pilation. L&#039;aliment compl\u00e9mentaire di\u00e9t\u00e9tique peut aussi vous aider \u00e0\u00a0prendre soin de la peau et du pelage de votre chien\" \/>\n<meta property=\"og:url\" content=\"https:\/\/www.vetorino.com\/veterinaire\/prunelli-di-fiumorbo-20243\/boutique\/product\/megaderm-monodose-chien-et-grand-chien\/\" \/>\n<meta property=\"og:site_name\" content=\"V\u00e9torino\" \/>\n<meta property=\"article:publisher\" content=\"https:\/\/www.facebook.com\/Vetorino\/\" \/>\n<meta property=\"article:modified_time\" content=\"2025-02-06T11:08:22+00:00\" \/>\n<meta property=\"og:image\" content=\"https:\/\/www.vetorino.com\/boutique\/wp-content\/uploads\/2020\/06\/megaderm-mono-moyen-et-grand-chien-1.jpeg\" \/>\n\t<meta property=\"og:image:width\" content=\"458\" \/>\n\t<meta property=\"og:image:height\" content=\"458\" \/>\n\t<meta property=\"og:image:type\" content=\"image\/jpeg\" \/>\n<meta name=\"twitter:card\" content=\"summary_large_image\" \/>\n<meta name=\"twitter:label1\" content=\"Prix\" \/>\n\t<meta name=\"twitter:data1\" content=\"26,63&euro;\" \/>\n\t<meta name=\"twitter:label2\" content=\"Disponibilit\u00e9\" \/>\n\t<meta name=\"twitter:data2\" content=\"En stock\" \/>\n<script type=\"application\/ld+json\" class=\"yoast-schema-graph\">{\"@context\":\"https:\\\/\\\/schema.org\",\"@graph\":[{\"@type\":\"WebPage\",\"@id\":\"https:\\\/\\\/www.vetorino.com\\\/veterinaire\\\/pontarlier-25300\\\/boutique\\\/product\\\/megaderm-monodose-chien-et-grand-chien\\\/\",\"url\":\"https:\\\/\\\/www.vetorino.com\\\/veterinaire\\\/pontarlier-25300\\\/boutique\\\/product\\\/megaderm-monodose-chien-et-grand-chien\\\/\",\"name\":\"Compl\u00e9ment MEGADERM MONODOSE Chien Virbac - V\u00e9torino\",\"isPartOf\":{\"@id\":\"https:\\\/\\\/www.vetorino.com\\\/boutique\\\/#website\"},\"primaryImageOfPage\":{\"@id\":\"https:\\\/\\\/www.vetorino.com\\\/veterinaire\\\/pontarlier-25300\\\/boutique\\\/product\\\/megaderm-monodose-chien-et-grand-chien\\\/#primaryimage\"},\"image\":{\"@id\":\"https:\\\/\\\/www.vetorino.com\\\/veterinaire\\\/pontarlier-25300\\\/boutique\\\/product\\\/megaderm-monodose-chien-et-grand-chien\\\/#primaryimage\"},\"thumbnailUrl\":\"https:\\\/\\\/www.vetorino.com\\\/boutique\\\/wp-content\\\/uploads\\\/2020\\\/06\\\/megaderm-mono-moyen-et-grand-chien-1.jpeg\",\"datePublished\":\"2020-03-04T21:54:29+00:00\",\"dateModified\":\"2025-02-06T11:08:22+00:00\",\"description\":\"MEGADERM est \u00e0 utiliser\u00a0en soutien de la fonction dermique en cas de dermatose et de d\u00e9pilation. L'aliment compl\u00e9mentaire di\u00e9t\u00e9tique peut aussi vous aider \u00e0\u00a0prendre soin de la peau et du pelage de votre chien\",\"breadcrumb\":{\"@id\":\"https:\\\/\\\/www.vetorino.com\\\/veterinaire\\\/pontarlier-25300\\\/boutique\\\/product\\\/megaderm-monodose-chien-et-grand-chien\\\/#breadcrumb\"},\"inLanguage\":\"fr-FR\",\"potentialAction\":[{\"@type\":\"ReadAction\",\"target\":[\"https:\\\/\\\/www.vetorino.com\\\/veterinaire\\\/pontarlier-25300\\\/boutique\\\/product\\\/megaderm-monodose-chien-et-grand-chien\\\/\"]}]},{\"@type\":\"ImageObject\",\"inLanguage\":\"fr-FR\",\"@id\":\"https:\\\/\\\/www.vetorino.com\\\/veterinaire\\\/pontarlier-25300\\\/boutique\\\/product\\\/megaderm-monodose-chien-et-grand-chien\\\/#primaryimage\",\"url\":\"https:\\\/\\\/www.vetorino.com\\\/boutique\\\/wp-content\\\/uploads\\\/2020\\\/06\\\/megaderm-mono-moyen-et-grand-chien-1.jpeg\",\"contentUrl\":\"https:\\\/\\\/www.vetorino.com\\\/boutique\\\/wp-content\\\/uploads\\\/2020\\\/06\\\/megaderm-mono-moyen-et-grand-chien-1.jpeg\",\"width\":458,\"height\":458},{\"@type\":\"BreadcrumbList\",\"@id\":\"https:\\\/\\\/www.vetorino.com\\\/veterinaire\\\/pontarlier-25300\\\/boutique\\\/product\\\/megaderm-monodose-chien-et-grand-chien\\\/#breadcrumb\",\"itemListElement\":[{\"@type\":\"ListItem\",\"position\":1,\"name\":\"Accueil\",\"item\":\"https:\\\/\\\/www.vetorino.com\\\/boutique\\\/\"},{\"@type\":\"ListItem\",\"position\":2,\"name\":\"Produits\",\"item\":\"https:\\\/\\\/www.vetorino.com\\\/boutique\\\/\"},{\"@type\":\"ListItem\",\"position\":3,\"name\":\"Compl\u00e9ment MEGADERM MONODOSE Chien\"}]},{\"@type\":\"WebSite\",\"@id\":\"https:\\\/\\\/www.vetorino.com\\\/boutique\\\/#website\",\"url\":\"https:\\\/\\\/www.vetorino.com\\\/boutique\\\/\",\"name\":\"V\u00e9torino\",\"description\":\"\",\"publisher\":{\"@id\":\"https:\\\/\\\/www.vetorino.com\\\/boutique\\\/#organization\"},\"potentialAction\":[{\"@type\":\"SearchAction\",\"target\":{\"@type\":\"EntryPoint\",\"urlTemplate\":\"https:\\\/\\\/www.vetorino.com\\\/boutique\\\/?s={search_term_string}\"},\"query-input\":{\"@type\":\"PropertyValueSpecification\",\"valueRequired\":true,\"valueName\":\"search_term_string\"}}],\"inLanguage\":\"fr-FR\"},{\"@type\":\"Organization\",\"@id\":\"https:\\\/\\\/www.vetorino.com\\\/boutique\\\/#organization\",\"name\":\"V\u00e9torino\",\"url\":\"https:\\\/\\\/www.vetorino.com\\\/boutique\\\/\",\"logo\":{\"@type\":\"ImageObject\",\"inLanguage\":\"fr-FR\",\"@id\":\"https:\\\/\\\/www.vetorino.com\\\/boutique\\\/#\\\/schema\\\/logo\\\/image\\\/\",\"url\":\"https:\\\/\\\/www.vetorino.com\\\/boutique\\\/wp-content\\\/uploads\\\/2024\\\/10\\\/logo.jpg\",\"contentUrl\":\"https:\\\/\\\/www.vetorino.com\\\/boutique\\\/wp-content\\\/uploads\\\/2024\\\/10\\\/logo.jpg\",\"width\":1200,\"height\":610,\"caption\":\"V\u00e9torino\"},\"image\":{\"@id\":\"https:\\\/\\\/www.vetorino.com\\\/boutique\\\/#\\\/schema\\\/logo\\\/image\\\/\"},\"sameAs\":[\"https:\\\/\\\/www.facebook.com\\\/Vetorino\\\/\",\"https:\\\/\\\/www.instagram.com\\\/vetorino_off\\\/\",\"https:\\\/\\\/www.linkedin.com\\\/company\\\/vtorino\\\/\"]}]}<\/script>\n<meta property=\"product:brand\" content=\"Virbac\" \/>\n<meta property=\"product:price:amount\" content=\"26.63\" \/>\n<meta property=\"product:price:currency\" content=\"EUR\" \/>\n<meta property=\"og:availability\" content=\"instock\" \/>\n<meta property=\"product:availability\" content=\"instock\" \/>\n<meta property=\"product:retailer_item_id\" content=\"A-1827420\" \/>\n<meta property=\"product:condition\" content=\"new\" \/>\n<!-- \/ Yoast SEO plugin. -->","yoast_head_json":{"title":"Compl\u00e9ment MEGADERM MONODOSE Chien Virbac - V\u00e9torino","description":"MEGADERM est \u00e0 utiliser\u00a0en soutien de la fonction dermique en cas de dermatose et de d\u00e9pilation. L'aliment compl\u00e9mentaire di\u00e9t\u00e9tique peut aussi vous aider \u00e0\u00a0prendre soin de la peau et du pelage de votre chien","robots":{"index":"noindex","follow":"nofollow"},"og_locale":"fr_FR","og_type":"article","og_title":"Compl\u00e9ment MEGADERM MONODOSE Chien Virbac - V\u00e9torino","og_description":"MEGADERM est \u00e0 utiliser\u00a0en soutien de la fonction dermique en cas de dermatose et de d\u00e9pilation. L'aliment compl\u00e9mentaire di\u00e9t\u00e9tique peut aussi vous aider \u00e0\u00a0prendre soin de la peau et du pelage de votre chien","og_url":"https:\/\/www.vetorino.com\/veterinaire\/prunelli-di-fiumorbo-20243\/boutique\/product\/megaderm-monodose-chien-et-grand-chien\/","og_site_name":"V\u00e9torino","article_publisher":"https:\/\/www.facebook.com\/Vetorino\/","article_modified_time":"2025-02-06T11:08:22+00:00","og_image":[{"width":458,"height":458,"url":"https:\/\/www.vetorino.com\/boutique\/wp-content\/uploads\/2020\/06\/megaderm-mono-moyen-et-grand-chien-1.jpeg","type":"image\/jpeg"}],"twitter_card":"summary_large_image","twitter_misc":{"Prix":"26,63&euro;","Disponibilit\u00e9":"En stock"},"schema":{"@context":"https:\/\/schema.org","@graph":[{"@type":"WebPage","@id":"https:\/\/www.vetorino.com\/veterinaire\/pontarlier-25300\/boutique\/product\/megaderm-monodose-chien-et-grand-chien\/","url":"https:\/\/www.vetorino.com\/veterinaire\/pontarlier-25300\/boutique\/product\/megaderm-monodose-chien-et-grand-chien\/","name":"Compl\u00e9ment MEGADERM MONODOSE Chien Virbac - V\u00e9torino","isPartOf":{"@id":"https:\/\/www.vetorino.com\/boutique\/#website"},"primaryImageOfPage":{"@id":"https:\/\/www.vetorino.com\/veterinaire\/pontarlier-25300\/boutique\/product\/megaderm-monodose-chien-et-grand-chien\/#primaryimage"},"image":{"@id":"https:\/\/www.vetorino.com\/veterinaire\/pontarlier-25300\/boutique\/product\/megaderm-monodose-chien-et-grand-chien\/#primaryimage"},"thumbnailUrl":"https:\/\/www.vetorino.com\/boutique\/wp-content\/uploads\/2020\/06\/megaderm-mono-moyen-et-grand-chien-1.jpeg","datePublished":"2020-03-04T21:54:29+00:00","dateModified":"2025-02-06T11:08:22+00:00","description":"MEGADERM est \u00e0 utiliser\u00a0en soutien de la fonction dermique en cas de dermatose et de d\u00e9pilation. L'aliment compl\u00e9mentaire di\u00e9t\u00e9tique peut aussi vous aider \u00e0\u00a0prendre soin de la peau et du pelage de votre chien","breadcrumb":{"@id":"https:\/\/www.vetorino.com\/veterinaire\/pontarlier-25300\/boutique\/product\/megaderm-monodose-chien-et-grand-chien\/#breadcrumb"},"inLanguage":"fr-FR","potentialAction":[{"@type":"ReadAction","target":["https:\/\/www.vetorino.com\/veterinaire\/pontarlier-25300\/boutique\/product\/megaderm-monodose-chien-et-grand-chien\/"]}]},{"@type":"ImageObject","inLanguage":"fr-FR","@id":"https:\/\/www.vetorino.com\/veterinaire\/pontarlier-25300\/boutique\/product\/megaderm-monodose-chien-et-grand-chien\/#primaryimage","url":"https:\/\/www.vetorino.com\/boutique\/wp-content\/uploads\/2020\/06\/megaderm-mono-moyen-et-grand-chien-1.jpeg","contentUrl":"https:\/\/www.vetorino.com\/boutique\/wp-content\/uploads\/2020\/06\/megaderm-mono-moyen-et-grand-chien-1.jpeg","width":458,"height":458},{"@type":"BreadcrumbList","@id":"https:\/\/www.vetorino.com\/veterinaire\/pontarlier-25300\/boutique\/product\/megaderm-monodose-chien-et-grand-chien\/#breadcrumb","itemListElement":[{"@type":"ListItem","position":1,"name":"Accueil","item":"https:\/\/www.vetorino.com\/boutique\/"},{"@type":"ListItem","position":2,"name":"Produits","item":"https:\/\/www.vetorino.com\/boutique\/"},{"@type":"ListItem","position":3,"name":"Compl\u00e9ment MEGADERM MONODOSE Chien"}]},{"@type":"WebSite","@id":"https:\/\/www.vetorino.com\/boutique\/#website","url":"https:\/\/www.vetorino.com\/boutique\/","name":"V\u00e9torino","description":"","publisher":{"@id":"https:\/\/www.vetorino.com\/boutique\/#organization"},"potentialAction":[{"@type":"SearchAction","target":{"@type":"EntryPoint","urlTemplate":"https:\/\/www.vetorino.com\/boutique\/?s={search_term_string}"},"query-input":{"@type":"PropertyValueSpecification","valueRequired":true,"valueName":"search_term_string"}}],"inLanguage":"fr-FR"},{"@type":"Organization","@id":"https:\/\/www.vetorino.com\/boutique\/#organization","name":"V\u00e9torino","url":"https:\/\/www.vetorino.com\/boutique\/","logo":{"@type":"ImageObject","inLanguage":"fr-FR","@id":"https:\/\/www.vetorino.com\/boutique\/#\/schema\/logo\/image\/","url":"https:\/\/www.vetorino.com\/boutique\/wp-content\/uploads\/2024\/10\/logo.jpg","contentUrl":"https:\/\/www.vetorino.com\/boutique\/wp-content\/uploads\/2024\/10\/logo.jpg","width":1200,"height":610,"caption":"V\u00e9torino"},"image":{"@id":"https:\/\/www.vetorino.com\/boutique\/#\/schema\/logo\/image\/"},"sameAs":["https:\/\/www.facebook.com\/Vetorino\/","https:\/\/www.instagram.com\/vetorino_off\/","https:\/\/www.linkedin.com\/company\/vtorino\/"]}]},"product_brand":"Virbac","product_price_amount":"26.63","product_price_currency":"EUR","og_availability":"instock","product_availability":"instock","product_retailer_item_id":"A-1827420","product_condition":"new"},"_links":{"self":[{"href":"https:\/\/www.vetorino.com\/veterinaire\/prunelli-di-fiumorbo-20243\/boutique\/wp-json\/wp\/v2\/product\/35211","targetHints":{"allow":["GET"]}}],"collection":[{"href":"https:\/\/www.vetorino.com\/veterinaire\/prunelli-di-fiumorbo-20243\/boutique\/wp-json\/wp\/v2\/product"}],"about":[{"href":"https:\/\/www.vetorino.com\/veterinaire\/prunelli-di-fiumorbo-20243\/boutique\/wp-json\/wp\/v2\/types\/product"}],"wp:featuredmedia":[{"embeddable":true,"href":"https:\/\/www.vetorino.com\/veterinaire\/prunelli-di-fiumorbo-20243\/boutique\/wp-json\/wp\/v2\/media\/304120"}],"wp:attachment":[{"href":"https:\/\/www.vetorino.com\/veterinaire\/prunelli-di-fiumorbo-20243\/boutique\/wp-json\/wp\/v2\/media?parent=35211"}],"wp:term":[{"taxonomy":"product_cat","embeddable":true,"href":"https:\/\/www.vetorino.com\/veterinaire\/prunelli-di-fiumorbo-20243\/boutique\/wp-json\/wp\/v2\/product_cat?post=35211"},{"taxonomy":"product_tag","embeddable":true,"href":"https:\/\/www.vetorino.com\/veterinaire\/prunelli-di-fiumorbo-20243\/boutique\/wp-json\/wp\/v2\/product_tag?post=35211"}],"curies":[{"name":"wp","href":"https:\/\/api.w.org\/{rel}","templated":true}]}}